{"id":4032,"date":"2022-07-08T09:26:25","date_gmt":"2022-07-08T07:26:25","guid":{"rendered":"https:\/\/www.credimex.ch.mialias.net\/product\/roulements-lineaires-pbc-simplicity\/"},"modified":"2022-07-08T09:26:25","modified_gmt":"2022-07-08T07:26:25","slug":"pbc-simplicity-linear-plain-bearings-2","status":"publish","type":"product","link":"https:\/\/www.credimex.ch\/fr\/produit\/pbc-simplicity-linear-plain-bearings-2\/","title":{"rendered":"Roulements lin\u00e9aires PBC Simplicity"},"content":{"rendered":"<h2>Description<\/h2>\n<p>PBC Simplicity Linear Plain Bearings a combin\u00e9 le mat\u00e9riau Frelon avec la technologie des roulements de pr\u00e9cision pour cr\u00e9er les roulements lin\u00e9aires SIMPLICITY\u00ae. Les paliers lisses autolubrifiants SIMPLICITY\u00ae peuvent effectuer des mouvements lin\u00e9aires, oscillants, rotatifs ou toute combinaison de mouvements \u00e0 des vitesses sup\u00e9rieures \u00e0 4 m\/s (165 in\/s). Con\u00e7us pour supporter des charges 20 fois sup\u00e9rieures \u00e0 celles des roulements \u00e0 billes lin\u00e9aires, ils ne subiront pas de d\u00e9faillance catastrophique.<\/p>\n<p>La coque en aluminium anodis\u00e9 rouge identifie la s\u00e9rie en pouces, le bleu &#8211; la s\u00e9rie m\u00e9trique ISO et le vert &#8211; la s\u00e9rie m\u00e9trique JIS, qui est disponible dans les tailles standard de l&rsquo;industrie et interchangeable avec les roulements \u00e0 billes lin\u00e9aires et certaines bagues en bronze.<\/p>\n<h2>Avantages du produit<\/h2>\n<p>Les avantages des paliers lisses lin\u00e9aires PBC Simplicity :<\/p>\n<ul>\n<li>Le processus de rodage et de transfert Frelon\u00ae fonctionne \u00e0 une efficacit\u00e9 maximale avec l&rsquo;arbre Simplicity 60 Plus, ce qui permet une v\u00e9ritable autolubrification et la plus longue dur\u00e9e de vie possible.<\/li>\n<li>Autolubrifiant &#8211; sans entretien, lubrification suppl\u00e9mentaire en option.<\/li>\n<li>Grandes plages de temp\u00e9ratures &#8211; (-400\u00b0F\/+400\u00b0F), (-240\u00b0C\/+204\u00b0C)<\/li>\n<li>Amortissement des vibrations &#8211; \u00e9limination de la corrosion de contact.<\/li>\n<\/ul>\n<h2>Application<\/h2>\n<p>Les produits sont cr\u00e9\u00e9s pour une grande vari\u00e9t\u00e9 d&rsquo;applications industrielles.<\/p>\n<p>Le type ferm\u00e9 de palier lisse lin\u00e9aire est id\u00e9al pour manipuler des charges dans toutes les directions, et offre un certain nombre d&rsquo;options de montage. Version ouverte du roulement ferm\u00e9, l&rsquo;ouverture est con\u00e7ue pour permettre l&rsquo;utilisation sur des arbres enti\u00e8rement support\u00e9s pour une plus grande rigidit\u00e9 du syst\u00e8me.<\/p>\n","protected":false},"excerpt":{"rendered":"<p>Les <strong>paliers lin\u00e9aires Simplicity de PBC<\/strong> ont combin\u00e9 le mat\u00e9riau Frelon avec la technologie des roulements de pr\u00e9cision pour cr\u00e9er les paliers lin\u00e9aires SIMPLICITY\u00ae.<\/p>\n","protected":false},"featured_media":3472,"comment_status":"open","ping_status":"closed","template":"","meta":{"_acf_changed":false},"product_brand":[],"product_cat":[341,340,413,376,411,384,475,375,579,361,360,414,582,562,412],"product_tag":[],"class_list":{"0":"post-4032","1":"product","2":"type-product","3":"status-publish","4":"has-post-thumbnail","6":"product_cat-aerospatiale","7":"product_cat-automobile","8":"product_cat-batteries","9":"product_cat-e-mobilite","10":"product_cat-electronique","11":"product_cat-energie","12":"product_cat-fabrication-de-montres","13":"product_cat-ferroviaire","14":"product_cat-guides-lineaires","15":"product_cat-industrie-alimentaire","16":"product_cat-industrie-generale","17":"product_cat-medical","18":"product_cat-pbc","19":"product_cat-technique-de-guidage-lineaire","20":"product_cat-telepheriques","21":"pa_brands-pbc-fr","23":"first","24":"instock","25":"shipping-taxable","26":"product-type-simple"},"acf":[],"_yoast_wpseo_focuskw":"Roulements lin\u00e9aires PBC Simplicity","_yoast_wpseo_metadesc":"Les paliers lin\u00e9aires Simplicity de PBC ont combin\u00e9 le mat\u00e9riau Frelon avec la technologie des roulements de pr\u00e9cision pour cr\u00e9er les paliers lin\u00e9aires SIMPLICITY\u00ae.","yoast_head":"<!-- This site is optimized with the Yoast SEO Premium plugin v21.6 (Yoast SEO v27.4) - https:\/\/yoast.com\/product\/yoast-seo-premium-wordpress\/ -->\n<title>Roulements lin\u00e9aires PBC Simplicity - CREDIMEX<\/title>\n<meta name=\"description\" content=\"Les paliers lin\u00e9aires Simplicity de PBC ont combin\u00e9 le mat\u00e9riau Frelon avec la technologie des roulements de pr\u00e9cision pour cr\u00e9er les paliers lin\u00e9aires SIMPLICITY\u00ae.\" \/>\n<meta name=\"robots\" content=\"index, follow, max-snippet:-1, max-image-preview:large, max-video-preview:-1\" \/>\n<link rel=\"canonical\" href=\"https:\/\/www.credimex.ch\/fr\/produit\/pbc-simplicity-linear-plain-bearings-2\/\" \/>\n<meta property=\"og:locale\" content=\"fr_FR\" \/>\n<meta property=\"og:type\" content=\"article\" \/>\n<meta property=\"og:title\" content=\"Roulements lin\u00e9aires PBC Simplicity\" \/>\n<meta property=\"og:description\" content=\"Les paliers lin\u00e9aires Simplicity de PBC ont combin\u00e9 le mat\u00e9riau Frelon avec la technologie des roulements de pr\u00e9cision pour cr\u00e9er les paliers lin\u00e9aires SIMPLICITY\u00ae.\" \/>\n<meta property=\"og:url\" content=\"https:\/\/www.credimex.ch\/fr\/produit\/pbc-simplicity-linear-plain-bearings-2\/\" \/>\n<meta property=\"og:site_name\" content=\"CREDIMEX\" \/>\n<meta property=\"article:publisher\" content=\"https:\/\/www.facebook.com\/credimex.alpnach\/\" \/>\n<meta property=\"og:image\" content=\"https:\/\/www.credimex.ch\/wp-content\/uploads\/2022\/07\/pbc.png\" \/>\n\t<meta property=\"og:image:width\" content=\"800\" \/>\n\t<meta property=\"og:image:height\" content=\"800\" \/>\n\t<meta property=\"og:image:type\" content=\"image\/png\" \/>\n<meta name=\"twitter:card\" content=\"summary_large_image\" \/>\n<meta name=\"twitter:label1\" content=\"Dur\u00e9e de lecture estim\u00e9e\" \/>\n\t<meta name=\"twitter:data1\" content=\"1 minute\" \/>\n<script type=\"application\/ld+json\" class=\"yoast-schema-graph\">{\"@context\":\"https:\\\/\\\/schema.org\",\"@graph\":[{\"@type\":\"WebPage\",\"@id\":\"https:\\\/\\\/www.credimex.ch\\\/fr\\\/produit\\\/pbc-simplicity-linear-plain-bearings-2\\\/\",\"url\":\"https:\\\/\\\/www.credimex.ch\\\/fr\\\/produit\\\/pbc-simplicity-linear-plain-bearings-2\\\/\",\"name\":\"Roulements lin\u00e9aires PBC Simplicity - CREDIMEX\",\"isPartOf\":{\"@id\":\"https:\\\/\\\/www.credimex.ch\\\/fr\\\/#website\"},\"primaryImageOfPage\":{\"@id\":\"https:\\\/\\\/www.credimex.ch\\\/fr\\\/produit\\\/pbc-simplicity-linear-plain-bearings-2\\\/#primaryimage\"},\"image\":{\"@id\":\"https:\\\/\\\/www.credimex.ch\\\/fr\\\/produit\\\/pbc-simplicity-linear-plain-bearings-2\\\/#primaryimage\"},\"thumbnailUrl\":\"https:\\\/\\\/www.credimex.ch\\\/wp-content\\\/uploads\\\/2022\\\/07\\\/pbc.png\",\"datePublished\":\"2022-07-08T07:26:25+00:00\",\"description\":\"Les paliers lin\u00e9aires Simplicity de PBC ont combin\u00e9 le mat\u00e9riau Frelon avec la technologie des roulements de pr\u00e9cision pour cr\u00e9er les paliers lin\u00e9aires SIMPLICITY\u00ae.\",\"breadcrumb\":{\"@id\":\"https:\\\/\\\/www.credimex.ch\\\/fr\\\/produit\\\/pbc-simplicity-linear-plain-bearings-2\\\/#breadcrumb\"},\"inLanguage\":\"fr-FR\",\"potentialAction\":[{\"@type\":\"ReadAction\",\"target\":[\"https:\\\/\\\/www.credimex.ch\\\/fr\\\/produit\\\/pbc-simplicity-linear-plain-bearings-2\\\/\"]}]},{\"@type\":\"ImageObject\",\"inLanguage\":\"fr-FR\",\"@id\":\"https:\\\/\\\/www.credimex.ch\\\/fr\\\/produit\\\/pbc-simplicity-linear-plain-bearings-2\\\/#primaryimage\",\"url\":\"https:\\\/\\\/www.credimex.ch\\\/wp-content\\\/uploads\\\/2022\\\/07\\\/pbc.png\",\"contentUrl\":\"https:\\\/\\\/www.credimex.ch\\\/wp-content\\\/uploads\\\/2022\\\/07\\\/pbc.png\",\"width\":800,\"height\":800},{\"@type\":\"BreadcrumbList\",\"@id\":\"https:\\\/\\\/www.credimex.ch\\\/fr\\\/produit\\\/pbc-simplicity-linear-plain-bearings-2\\\/#breadcrumb\",\"itemListElement\":[{\"@type\":\"ListItem\",\"position\":1,\"name\":\"Home\",\"item\":\"https:\\\/\\\/www.credimex.ch\\\/fr\\\/\"},{\"@type\":\"ListItem\",\"position\":2,\"name\":\"Produits\",\"item\":\"https:\\\/\\\/www.credimex.ch\\\/fr\\\/produits\\\/\"},{\"@type\":\"ListItem\",\"position\":3,\"name\":\"Roulements lin\u00e9aires PBC Simplicity\"}]},{\"@type\":\"WebSite\",\"@id\":\"https:\\\/\\\/www.credimex.ch\\\/fr\\\/#website\",\"url\":\"https:\\\/\\\/www.credimex.ch\\\/fr\\\/\",\"name\":\"CREDIMEX\",\"description\":\"Partner of Swiss Industrial Market\",\"publisher\":{\"@id\":\"https:\\\/\\\/www.credimex.ch\\\/fr\\\/#organization\"},\"potentialAction\":[{\"@type\":\"SearchAction\",\"target\":{\"@type\":\"EntryPoint\",\"urlTemplate\":\"https:\\\/\\\/www.credimex.ch\\\/fr\\\/?s={search_term_string}\"},\"query-input\":{\"@type\":\"PropertyValueSpecification\",\"valueRequired\":true,\"valueName\":\"search_term_string\"}}],\"inLanguage\":\"fr-FR\"},{\"@type\":\"Organization\",\"@id\":\"https:\\\/\\\/www.credimex.ch\\\/fr\\\/#organization\",\"name\":\"credimex\",\"url\":\"https:\\\/\\\/www.credimex.ch\\\/fr\\\/\",\"logo\":{\"@type\":\"ImageObject\",\"inLanguage\":\"fr-FR\",\"@id\":\"https:\\\/\\\/www.credimex.ch\\\/fr\\\/#\\\/schema\\\/logo\\\/image\\\/\",\"url\":\"https:\\\/\\\/www.credimex.ch\\\/wp-content\\\/uploads\\\/2022\\\/03\\\/cropped-logo-credimex.png\",\"contentUrl\":\"https:\\\/\\\/www.credimex.ch\\\/wp-content\\\/uploads\\\/2022\\\/03\\\/cropped-logo-credimex.png\",\"width\":512,\"height\":512,\"caption\":\"credimex\"},\"image\":{\"@id\":\"https:\\\/\\\/www.credimex.ch\\\/fr\\\/#\\\/schema\\\/logo\\\/image\\\/\"},\"sameAs\":[\"https:\\\/\\\/www.facebook.com\\\/credimex.alpnach\\\/\",\"https:\\\/\\\/www.linkedin.com\\\/company\\\/credimex\\\/\",\"https:\\\/\\\/www.youtube.com\\\/@CREDIMEX?sub_confirmation=1\"]}]}<\/script>\n<!-- \/ Yoast SEO Premium plugin. -->","yoast_head_json":{"title":"Roulements lin\u00e9aires PBC Simplicity - CREDIMEX","description":"Les paliers lin\u00e9aires Simplicity de PBC ont combin\u00e9 le mat\u00e9riau Frelon avec la technologie des roulements de pr\u00e9cision pour cr\u00e9er les paliers lin\u00e9aires SIMPLICITY\u00ae.","robots":{"index":"index","follow":"follow","max-snippet":"max-snippet:-1","max-image-preview":"max-image-preview:large","max-video-preview":"max-video-preview:-1"},"canonical":"https:\/\/www.credimex.ch\/fr\/produit\/pbc-simplicity-linear-plain-bearings-2\/","og_locale":"fr_FR","og_type":"article","og_title":"Roulements lin\u00e9aires PBC Simplicity","og_description":"Les paliers lin\u00e9aires Simplicity de PBC ont combin\u00e9 le mat\u00e9riau Frelon avec la technologie des roulements de pr\u00e9cision pour cr\u00e9er les paliers lin\u00e9aires SIMPLICITY\u00ae.","og_url":"https:\/\/www.credimex.ch\/fr\/produit\/pbc-simplicity-linear-plain-bearings-2\/","og_site_name":"CREDIMEX","article_publisher":"https:\/\/www.facebook.com\/credimex.alpnach\/","og_image":[{"width":800,"height":800,"url":"https:\/\/www.credimex.ch\/wp-content\/uploads\/2022\/07\/pbc.png","type":"image\/png"}],"twitter_card":"summary_large_image","twitter_misc":{"Dur\u00e9e de lecture estim\u00e9e":"1 minute"},"schema":{"@context":"https:\/\/schema.org","@graph":[{"@type":"WebPage","@id":"https:\/\/www.credimex.ch\/fr\/produit\/pbc-simplicity-linear-plain-bearings-2\/","url":"https:\/\/www.credimex.ch\/fr\/produit\/pbc-simplicity-linear-plain-bearings-2\/","name":"Roulements lin\u00e9aires PBC Simplicity - CREDIMEX","isPartOf":{"@id":"https:\/\/www.credimex.ch\/fr\/#website"},"primaryImageOfPage":{"@id":"https:\/\/www.credimex.ch\/fr\/produit\/pbc-simplicity-linear-plain-bearings-2\/#primaryimage"},"image":{"@id":"https:\/\/www.credimex.ch\/fr\/produit\/pbc-simplicity-linear-plain-bearings-2\/#primaryimage"},"thumbnailUrl":"https:\/\/www.credimex.ch\/wp-content\/uploads\/2022\/07\/pbc.png","datePublished":"2022-07-08T07:26:25+00:00","description":"Les paliers lin\u00e9aires Simplicity de PBC ont combin\u00e9 le mat\u00e9riau Frelon avec la technologie des roulements de pr\u00e9cision pour cr\u00e9er les paliers lin\u00e9aires SIMPLICITY\u00ae.","breadcrumb":{"@id":"https:\/\/www.credimex.ch\/fr\/produit\/pbc-simplicity-linear-plain-bearings-2\/#breadcrumb"},"inLanguage":"fr-FR","potentialAction":[{"@type":"ReadAction","target":["https:\/\/www.credimex.ch\/fr\/produit\/pbc-simplicity-linear-plain-bearings-2\/"]}]},{"@type":"ImageObject","inLanguage":"fr-FR","@id":"https:\/\/www.credimex.ch\/fr\/produit\/pbc-simplicity-linear-plain-bearings-2\/#primaryimage","url":"https:\/\/www.credimex.ch\/wp-content\/uploads\/2022\/07\/pbc.png","contentUrl":"https:\/\/www.credimex.ch\/wp-content\/uploads\/2022\/07\/pbc.png","width":800,"height":800},{"@type":"BreadcrumbList","@id":"https:\/\/www.credimex.ch\/fr\/produit\/pbc-simplicity-linear-plain-bearings-2\/#breadcrumb","itemListElement":[{"@type":"ListItem","position":1,"name":"Home","item":"https:\/\/www.credimex.ch\/fr\/"},{"@type":"ListItem","position":2,"name":"Produits","item":"https:\/\/www.credimex.ch\/fr\/produits\/"},{"@type":"ListItem","position":3,"name":"Roulements lin\u00e9aires PBC Simplicity"}]},{"@type":"WebSite","@id":"https:\/\/www.credimex.ch\/fr\/#website","url":"https:\/\/www.credimex.ch\/fr\/","name":"CREDIMEX","description":"Partner of Swiss Industrial Market","publisher":{"@id":"https:\/\/www.credimex.ch\/fr\/#organization"},"potentialAction":[{"@type":"SearchAction","target":{"@type":"EntryPoint","urlTemplate":"https:\/\/www.credimex.ch\/fr\/?s={search_term_string}"},"query-input":{"@type":"PropertyValueSpecification","valueRequired":true,"valueName":"search_term_string"}}],"inLanguage":"fr-FR"},{"@type":"Organization","@id":"https:\/\/www.credimex.ch\/fr\/#organization","name":"credimex","url":"https:\/\/www.credimex.ch\/fr\/","logo":{"@type":"ImageObject","inLanguage":"fr-FR","@id":"https:\/\/www.credimex.ch\/fr\/#\/schema\/logo\/image\/","url":"https:\/\/www.credimex.ch\/wp-content\/uploads\/2022\/03\/cropped-logo-credimex.png","contentUrl":"https:\/\/www.credimex.ch\/wp-content\/uploads\/2022\/03\/cropped-logo-credimex.png","width":512,"height":512,"caption":"credimex"},"image":{"@id":"https:\/\/www.credimex.ch\/fr\/#\/schema\/logo\/image\/"},"sameAs":["https:\/\/www.facebook.com\/credimex.alpnach\/","https:\/\/www.linkedin.com\/company\/credimex\/","https:\/\/www.youtube.com\/@CREDIMEX?sub_confirmation=1"]}]}},"_links":{"self":[{"href":"https:\/\/www.credimex.ch\/fr\/wp-json\/wp\/v2\/product\/4032","targetHints":{"allow":["GET"]}}],"collection":[{"href":"https:\/\/www.credimex.ch\/fr\/wp-json\/wp\/v2\/product"}],"about":[{"href":"https:\/\/www.credimex.ch\/fr\/wp-json\/wp\/v2\/types\/product"}],"replies":[{"embeddable":true,"href":"https:\/\/www.credimex.ch\/fr\/wp-json\/wp\/v2\/comments?post=4032"}],"wp:featuredmedia":[{"embeddable":true,"href":"https:\/\/www.credimex.ch\/fr\/wp-json\/wp\/v2\/media\/3472"}],"wp:attachment":[{"href":"https:\/\/www.credimex.ch\/fr\/wp-json\/wp\/v2\/media?parent=4032"}],"wp:term":[{"taxonomy":"product_brand","embeddable":true,"href":"https:\/\/www.credimex.ch\/fr\/wp-json\/wp\/v2\/product_brand?post=4032"},{"taxonomy":"product_cat","embeddable":true,"href":"https:\/\/www.credimex.ch\/fr\/wp-json\/wp\/v2\/product_cat?post=4032"},{"taxonomy":"product_tag","embeddable":true,"href":"https:\/\/www.credimex.ch\/fr\/wp-json\/wp\/v2\/product_tag?post=4032"}],"curies":[{"name":"wp","href":"https:\/\/api.w.org\/{rel}","templated":true}]}}