{"id":4034,"date":"2022-07-08T09:08:53","date_gmt":"2022-07-08T07:08:53","guid":{"rendered":"https:\/\/www.credimex.ch.mialias.net\/product\/transmissions-de-puissance-tolomatic\/"},"modified":"2022-07-08T09:08:53","modified_gmt":"2022-07-08T07:08:53","slug":"transmissions-de-puissance","status":"publish","type":"product","link":"https:\/\/www.credimex.ch\/fr\/produit\/transmissions-de-puissance\/","title":{"rendered":"Transmissions de puissance Tolomatic"},"content":{"rendered":"<h2>Description<\/h2>\n<p>Les transmissions de puissance Tolomatic comprennent les s\u00e9ries de produits suivantes :<\/p>\n<ul>\n<li>R\u00e9ducteurs \u00e0 angle droit Slide-Rite\u00ae Compact \u00e0 rapport 1 \u00e0 1<\/li>\n<li>Bo\u00eetes de vitesses \u00e0 angle droit Slide-Rite\u00ae Standard 1 To 1 Ratio<\/li>\n<li>Bo\u00eetes de vitesses \u00e0 angle droit Slide-Rite\u00ae Standard 2 To 1 Ratio<\/li>\n<li>Bo\u00eetes d&rsquo;engrenages \u00e0 angle droit Slide-Rite\u00ae Standard 3 To 2 Ratio<\/li>\n<li>Slide-Rite\u00ae CR R\u00e9ducteur \u00e0 angle droit compact, r\u00e9sistant \u00e0 la corrosion, \u00e0 rapport 1:1<\/li>\n<li>R\u00e9ducteurs \u00e0 angle droit Slide-Rite\u00ae CR r\u00e9sistants \u00e0 la corrosion Rapport standard 1 \u00e0 1<\/li>\n<li>Float-A-Shaft\u00ae R\u00e9ducteurs \u00e0 angle droit compacts \u00e0 rapport 1:1 avec roulement \u00e0 rouleaux \u00e0 couple \u00e9lev\u00e9<\/li>\n<li>Float-A-Shaft\u00ae R\u00e9ducteurs \u00e0 angle droit compacts \u00e0 rapport 1:1 avec palier lisse \u00e0 faible couple<\/li>\n<li>Bo\u00eetes de vitesses \u00e0 angle droit Float-A-Shaft\u00ae \u00e0 rapport de 1 \u00e0 1 avec roulement \u00e0 rouleaux \u00e0 couple \u00e9lev\u00e9<\/li>\n<li>Bo\u00eetes de vitesses \u00e0 angle droit Float-A-Shaft\u00ae \u00e0 rapport de 1 \u00e0 1 avec palier lisse \u00e0 faible couple<\/li>\n<li>Bo\u00eetes de vitesses \u00e0 angle droit Float-A-Shaft\u00ae \u00e0 rapport de 2 \u00e0 1 avec palier lisse \u00e0 faible couple<\/li>\n<li>Bo\u00eetes de vitesses \u00e0 angle droit Float-A-Shaft\u00ae \u00e0 rapport de 2 \u00e0 1 avec roulement \u00e0 rouleaux \u00e0 couple \u00e9lev\u00e9<\/li>\n<li>Vis \u00e0 rouleaux<\/li>\n<li>Bo\u00eetes de vitesses \u00e0 angle droit Float-A-Shaft\u00ae \u00e0 rapport de 2,5 \u00e0 1 avec palier lisse \u00e0 faible couple<\/li>\n<li>Bo\u00eetes de vitesses \u00e0 angle droit Float-A-Shaft\u00ae \u00e0 rapport 3 \u00e0 2 avec palier lisse \u00e0 faible couple<\/li>\n<li>Bo\u00eetes de vitesses \u00e0 renvoi d&rsquo;angle Float-A-Shaft\u00ae \u00e0 rapport de 3 \u00e0 2 avec roulement \u00e0 rouleaux \u00e0 couple \u00e9lev\u00e9<\/li>\n<li>Frein \u00e0 \u00e9trier pneumatique de la s\u00e9rie P10<\/li>\n<li>Frein \u00e0 \u00e9trier pneumatique de la s\u00e9rie P20<\/li>\n<li>Frein \u00e0 \u00e9trier pneumatique de la s\u00e9rie P220<\/li>\n<li>Frein \u00e0 disque hydraulique s\u00e9rie H10<\/li>\n<li>Frein \u00e0 disque hydraulique s\u00e9rie H20<\/li>\n<li>Frein \u00e0 disque hydraulique de la s\u00e9rie H220<\/li>\n<li>Frein \u00e0 disque hydraulique en fonte de la s\u00e9rie H220I<\/li>\n<li>Frein \u00e0 disque hydraulique en fonte ductile s\u00e9rie H441<\/li>\n<li>Frein \u00e0 disque hydraulique en fonte ductile s\u00e9rie H960<\/li>\n<li>S\u00e9rie H\/ME20 Frein hydraulique\/m\u00e9canique<\/li>\n<li>S\u00e9rie H\/ME220 Frein hydraulique\/m\u00e9canique<\/li>\n<li>Frein \u00e0 disque m\u00e9canique de la s\u00e9rie ME10<\/li>\n<li>Frein \u00e0 disque m\u00e9canique de la s\u00e9rie ME20<\/li>\n<li>Frein \u00e0 disque m\u00e9canique de la s\u00e9rie ME220<\/li>\n<li>Frein \u00e0 disque m\u00e9canique de la s\u00e9rie MB3<\/li>\n<li>Frein \u00e0 disque \u00e0 ressort de la s\u00e9rie FS20<\/li>\n<li>S\u00e9rie FS220B Frein \u00e0 disque \u00e0 application par ressort<\/li>\n<li>FS220C Frein \u00e0 ressort en aluminium<\/li>\n<li>S\u00e9rie FS220BI Frein \u00e0 disque \u00e0 ressort en fonte ductile<\/li>\n<li>S\u00e9rie FS220CI Frein \u00e0 disque \u00e0 ressort en fonte ductile<\/li>\n<li>S\u00e9rie FS595 Frein \u00e0 disque \u00e0 ressort en fonte ductile<\/li>\n<li>FS595 Dual Series Ductile Iron Spring Applied Disc Brake (frein \u00e0 disque \u00e0 ressort)<\/li>\n<li>Assemblages fixes de moyeu et de disque<\/li>\n<li>Assemblages de disques et de moyeux fixes avec douilles QD<\/li>\n<li>Bagues et moyeux de connexion rapide<\/li>\n<li>Moyeu et disque monobloc<\/li>\n<li>Disques de frein vierges et disques avec cercles de boulons et trous pilotes<\/li>\n<li>Kit d&rsquo;intensification pour freins \u00e0 disque \u00e0 \u00e9trier<\/li>\n<li>Combinaisons de disques et de freins ventil\u00e9s pour le contr\u00f4le de la tension<\/li>\n<li>Embrayages pneumatiques \u00e0 c\u00f4ne de la s\u00e9rie 1207<\/li>\n<li>Embrayages pneumatiques \u00e0 c\u00f4ne de la s\u00e9rie 1307D<\/li>\n<li>Embrayages pneumatiques \u00e0 c\u00f4ne de la s\u00e9rie 1208<\/li>\n<li>Embrayages pneumatiques \u00e0 c\u00f4ne de la s\u00e9rie 1308D<\/li>\n<li>Embrayages pneumatiques \u00e0 c\u00f4ne de la s\u00e9rie 1209<\/li>\n<li>Embrayages pneumatiques \u00e0 c\u00f4ne de la s\u00e9rie 1309C<\/li>\n<\/ul>\n<h2>Avantages du produit<\/h2>\n<p>La gamme de produits Tolomatic Power Transmissions, qui comprend des vis \u00e0 rouleaux, des r\u00e9ducteurs, des freins et des embrayages, a fait ses preuves depuis plus de 60 ans dans une grande vari\u00e9t\u00e9 d&rsquo;applications industrielles.<\/p>\n<ul>\n<li>Vis \u00e0 rouleaux<\/li>\n<li>Freins industriels \u00e0 \u00e9trier<\/li>\n<li>Pneumatique<\/li>\n<li>Hydraulique<\/li>\n<li>M\u00e9canique<\/li>\n<li>Printemps appliqu\u00e9<\/li>\n<li>R\u00e9ducteurs industriels<\/li>\n<li>Embrayages coniques industriels<\/li>\n<\/ul>\n<h2>Application<\/h2>\n<p>Les produits sont cr\u00e9\u00e9s pour une grande vari\u00e9t\u00e9 d&rsquo;applications industrielles. Les actionneurs ou propulseurs lin\u00e9aires pneumatiques Power-Block\u2122 de type tige sont parfaits pour les applications \u00e0 faible course.<\/p>\n","protected":false},"excerpt":{"rendered":"<p>La gamme de produits <strong>Tolomatic Power Transmissions<\/strong>, qui comprend des vis \u00e0 rouleaux, des r\u00e9ducteurs, des freins et des embrayages, a fait ses preuves depuis plus de 60 ans dans une grande vari\u00e9t\u00e9 d&rsquo;applications industrielles.<\/p>\n","protected":false},"featured_media":3470,"comment_status":"open","ping_status":"closed","template":"","meta":{"_acf_changed":false},"product_brand":[],"product_cat":[341,340,413,376,411,384,475,375,361,360,414,588,412,587],"product_tag":[],"class_list":{"0":"post-4034","1":"product","2":"type-product","3":"status-publish","4":"has-post-thumbnail","6":"product_cat-aerospatiale","7":"product_cat-automobile","8":"product_cat-batteries","9":"product_cat-e-mobilite","10":"product_cat-electronique","11":"product_cat-energie","12":"product_cat-fabrication-de-montres","13":"product_cat-ferroviaire","14":"product_cat-industrie-alimentaire","15":"product_cat-industrie-generale","16":"product_cat-medical","17":"product_cat-pneumatique","18":"product_cat-telepheriques","19":"product_cat-tolomatic","20":"pa_brands-tolomatic-fr","22":"first","23":"instock","24":"shipping-taxable","25":"product-type-simple"},"acf":[],"_yoast_wpseo_focuskw":"Transmissions de puissance Tolomatic","_yoast_wpseo_metadesc":"La gamme de produits de Tolomatic Power Transmissions comprend des vis \u00e0 rouleaux, des bo\u00eetes de vitesses, des freins et des embrayages.","yoast_head":"<!-- This site is optimized with the Yoast SEO Premium plugin v21.6 (Yoast SEO v27.4) - https:\/\/yoast.com\/product\/yoast-seo-premium-wordpress\/ -->\n<title>Transmissions de puissance Tolomatic - CREDIMEX<\/title>\n<meta name=\"description\" content=\"La gamme de produits de Tolomatic Power Transmissions comprend des vis \u00e0 rouleaux, des bo\u00eetes de vitesses, des freins et des embrayages.\" \/>\n<meta name=\"robots\" content=\"index, follow, max-snippet:-1, max-image-preview:large, max-video-preview:-1\" \/>\n<link rel=\"canonical\" href=\"https:\/\/www.credimex.ch\/fr\/produit\/transmissions-de-puissance\/\" \/>\n<meta property=\"og:locale\" content=\"fr_FR\" \/>\n<meta property=\"og:type\" content=\"article\" \/>\n<meta property=\"og:title\" content=\"Transmissions de puissance Tolomatic\" \/>\n<meta property=\"og:description\" content=\"La gamme de produits de Tolomatic Power Transmissions comprend des vis \u00e0 rouleaux, des bo\u00eetes de vitesses, des freins et des embrayages.\" \/>\n<meta property=\"og:url\" content=\"https:\/\/www.credimex.ch\/fr\/produit\/transmissions-de-puissance\/\" \/>\n<meta property=\"og:site_name\" content=\"CREDIMEX\" \/>\n<meta property=\"article:publisher\" content=\"https:\/\/www.facebook.com\/credimex.alpnach\/\" \/>\n<meta property=\"og:image\" content=\"https:\/\/www.credimex.ch\/wp-content\/uploads\/2022\/07\/6eee28e19b4a4dc2a479cae6fc80373c-400x200-1.jpeg\" \/>\n\t<meta property=\"og:image:width\" content=\"400\" \/>\n\t<meta property=\"og:image:height\" content=\"381\" \/>\n\t<meta property=\"og:image:type\" content=\"image\/jpeg\" \/>\n<meta name=\"twitter:card\" content=\"summary_large_image\" \/>\n<meta name=\"twitter:label1\" content=\"Dur\u00e9e de lecture estim\u00e9e\" \/>\n\t<meta name=\"twitter:data1\" content=\"3 minutes\" \/>\n<script type=\"application\/ld+json\" class=\"yoast-schema-graph\">{\"@context\":\"https:\\\/\\\/schema.org\",\"@graph\":[{\"@type\":\"WebPage\",\"@id\":\"https:\\\/\\\/www.credimex.ch\\\/fr\\\/produit\\\/transmissions-de-puissance\\\/\",\"url\":\"https:\\\/\\\/www.credimex.ch\\\/fr\\\/produit\\\/transmissions-de-puissance\\\/\",\"name\":\"Transmissions de puissance Tolomatic - CREDIMEX\",\"isPartOf\":{\"@id\":\"https:\\\/\\\/www.credimex.ch\\\/fr\\\/#website\"},\"primaryImageOfPage\":{\"@id\":\"https:\\\/\\\/www.credimex.ch\\\/fr\\\/produit\\\/transmissions-de-puissance\\\/#primaryimage\"},\"image\":{\"@id\":\"https:\\\/\\\/www.credimex.ch\\\/fr\\\/produit\\\/transmissions-de-puissance\\\/#primaryimage\"},\"thumbnailUrl\":\"https:\\\/\\\/www.credimex.ch\\\/wp-content\\\/uploads\\\/2022\\\/07\\\/6eee28e19b4a4dc2a479cae6fc80373c-400x200-1.jpeg\",\"datePublished\":\"2022-07-08T07:08:53+00:00\",\"description\":\"La gamme de produits de Tolomatic Power Transmissions comprend des vis \u00e0 rouleaux, des bo\u00eetes de vitesses, des freins et des embrayages.\",\"breadcrumb\":{\"@id\":\"https:\\\/\\\/www.credimex.ch\\\/fr\\\/produit\\\/transmissions-de-puissance\\\/#breadcrumb\"},\"inLanguage\":\"fr-FR\",\"potentialAction\":[{\"@type\":\"ReadAction\",\"target\":[\"https:\\\/\\\/www.credimex.ch\\\/fr\\\/produit\\\/transmissions-de-puissance\\\/\"]}]},{\"@type\":\"ImageObject\",\"inLanguage\":\"fr-FR\",\"@id\":\"https:\\\/\\\/www.credimex.ch\\\/fr\\\/produit\\\/transmissions-de-puissance\\\/#primaryimage\",\"url\":\"https:\\\/\\\/www.credimex.ch\\\/wp-content\\\/uploads\\\/2022\\\/07\\\/6eee28e19b4a4dc2a479cae6fc80373c-400x200-1.jpeg\",\"contentUrl\":\"https:\\\/\\\/www.credimex.ch\\\/wp-content\\\/uploads\\\/2022\\\/07\\\/6eee28e19b4a4dc2a479cae6fc80373c-400x200-1.jpeg\",\"width\":400,\"height\":381},{\"@type\":\"BreadcrumbList\",\"@id\":\"https:\\\/\\\/www.credimex.ch\\\/fr\\\/produit\\\/transmissions-de-puissance\\\/#breadcrumb\",\"itemListElement\":[{\"@type\":\"ListItem\",\"position\":1,\"name\":\"Home\",\"item\":\"https:\\\/\\\/www.credimex.ch\\\/fr\\\/\"},{\"@type\":\"ListItem\",\"position\":2,\"name\":\"Produits\",\"item\":\"https:\\\/\\\/www.credimex.ch\\\/fr\\\/produits\\\/\"},{\"@type\":\"ListItem\",\"position\":3,\"name\":\"Transmissions de puissance Tolomatic\"}]},{\"@type\":\"WebSite\",\"@id\":\"https:\\\/\\\/www.credimex.ch\\\/fr\\\/#website\",\"url\":\"https:\\\/\\\/www.credimex.ch\\\/fr\\\/\",\"name\":\"CREDIMEX\",\"description\":\"Partner of Swiss Industrial Market\",\"publisher\":{\"@id\":\"https:\\\/\\\/www.credimex.ch\\\/fr\\\/#organization\"},\"potentialAction\":[{\"@type\":\"SearchAction\",\"target\":{\"@type\":\"EntryPoint\",\"urlTemplate\":\"https:\\\/\\\/www.credimex.ch\\\/fr\\\/?s={search_term_string}\"},\"query-input\":{\"@type\":\"PropertyValueSpecification\",\"valueRequired\":true,\"valueName\":\"search_term_string\"}}],\"inLanguage\":\"fr-FR\"},{\"@type\":\"Organization\",\"@id\":\"https:\\\/\\\/www.credimex.ch\\\/fr\\\/#organization\",\"name\":\"credimex\",\"url\":\"https:\\\/\\\/www.credimex.ch\\\/fr\\\/\",\"logo\":{\"@type\":\"ImageObject\",\"inLanguage\":\"fr-FR\",\"@id\":\"https:\\\/\\\/www.credimex.ch\\\/fr\\\/#\\\/schema\\\/logo\\\/image\\\/\",\"url\":\"https:\\\/\\\/www.credimex.ch\\\/wp-content\\\/uploads\\\/2022\\\/03\\\/cropped-logo-credimex.png\",\"contentUrl\":\"https:\\\/\\\/www.credimex.ch\\\/wp-content\\\/uploads\\\/2022\\\/03\\\/cropped-logo-credimex.png\",\"width\":512,\"height\":512,\"caption\":\"credimex\"},\"image\":{\"@id\":\"https:\\\/\\\/www.credimex.ch\\\/fr\\\/#\\\/schema\\\/logo\\\/image\\\/\"},\"sameAs\":[\"https:\\\/\\\/www.facebook.com\\\/credimex.alpnach\\\/\",\"https:\\\/\\\/www.linkedin.com\\\/company\\\/credimex\\\/\",\"https:\\\/\\\/www.youtube.com\\\/@CREDIMEX?sub_confirmation=1\"]}]}<\/script>\n<!-- \/ Yoast SEO Premium plugin. -->","yoast_head_json":{"title":"Transmissions de puissance Tolomatic - CREDIMEX","description":"La gamme de produits de Tolomatic Power Transmissions comprend des vis \u00e0 rouleaux, des bo\u00eetes de vitesses, des freins et des embrayages.","robots":{"index":"index","follow":"follow","max-snippet":"max-snippet:-1","max-image-preview":"max-image-preview:large","max-video-preview":"max-video-preview:-1"},"canonical":"https:\/\/www.credimex.ch\/fr\/produit\/transmissions-de-puissance\/","og_locale":"fr_FR","og_type":"article","og_title":"Transmissions de puissance Tolomatic","og_description":"La gamme de produits de Tolomatic Power Transmissions comprend des vis \u00e0 rouleaux, des bo\u00eetes de vitesses, des freins et des embrayages.","og_url":"https:\/\/www.credimex.ch\/fr\/produit\/transmissions-de-puissance\/","og_site_name":"CREDIMEX","article_publisher":"https:\/\/www.facebook.com\/credimex.alpnach\/","og_image":[{"width":400,"height":381,"url":"https:\/\/www.credimex.ch\/wp-content\/uploads\/2022\/07\/6eee28e19b4a4dc2a479cae6fc80373c-400x200-1.jpeg","type":"image\/jpeg"}],"twitter_card":"summary_large_image","twitter_misc":{"Dur\u00e9e de lecture estim\u00e9e":"3 minutes"},"schema":{"@context":"https:\/\/schema.org","@graph":[{"@type":"WebPage","@id":"https:\/\/www.credimex.ch\/fr\/produit\/transmissions-de-puissance\/","url":"https:\/\/www.credimex.ch\/fr\/produit\/transmissions-de-puissance\/","name":"Transmissions de puissance Tolomatic - CREDIMEX","isPartOf":{"@id":"https:\/\/www.credimex.ch\/fr\/#website"},"primaryImageOfPage":{"@id":"https:\/\/www.credimex.ch\/fr\/produit\/transmissions-de-puissance\/#primaryimage"},"image":{"@id":"https:\/\/www.credimex.ch\/fr\/produit\/transmissions-de-puissance\/#primaryimage"},"thumbnailUrl":"https:\/\/www.credimex.ch\/wp-content\/uploads\/2022\/07\/6eee28e19b4a4dc2a479cae6fc80373c-400x200-1.jpeg","datePublished":"2022-07-08T07:08:53+00:00","description":"La gamme de produits de Tolomatic Power Transmissions comprend des vis \u00e0 rouleaux, des bo\u00eetes de vitesses, des freins et des embrayages.","breadcrumb":{"@id":"https:\/\/www.credimex.ch\/fr\/produit\/transmissions-de-puissance\/#breadcrumb"},"inLanguage":"fr-FR","potentialAction":[{"@type":"ReadAction","target":["https:\/\/www.credimex.ch\/fr\/produit\/transmissions-de-puissance\/"]}]},{"@type":"ImageObject","inLanguage":"fr-FR","@id":"https:\/\/www.credimex.ch\/fr\/produit\/transmissions-de-puissance\/#primaryimage","url":"https:\/\/www.credimex.ch\/wp-content\/uploads\/2022\/07\/6eee28e19b4a4dc2a479cae6fc80373c-400x200-1.jpeg","contentUrl":"https:\/\/www.credimex.ch\/wp-content\/uploads\/2022\/07\/6eee28e19b4a4dc2a479cae6fc80373c-400x200-1.jpeg","width":400,"height":381},{"@type":"BreadcrumbList","@id":"https:\/\/www.credimex.ch\/fr\/produit\/transmissions-de-puissance\/#breadcrumb","itemListElement":[{"@type":"ListItem","position":1,"name":"Home","item":"https:\/\/www.credimex.ch\/fr\/"},{"@type":"ListItem","position":2,"name":"Produits","item":"https:\/\/www.credimex.ch\/fr\/produits\/"},{"@type":"ListItem","position":3,"name":"Transmissions de puissance Tolomatic"}]},{"@type":"WebSite","@id":"https:\/\/www.credimex.ch\/fr\/#website","url":"https:\/\/www.credimex.ch\/fr\/","name":"CREDIMEX","description":"Partner of Swiss Industrial Market","publisher":{"@id":"https:\/\/www.credimex.ch\/fr\/#organization"},"potentialAction":[{"@type":"SearchAction","target":{"@type":"EntryPoint","urlTemplate":"https:\/\/www.credimex.ch\/fr\/?s={search_term_string}"},"query-input":{"@type":"PropertyValueSpecification","valueRequired":true,"valueName":"search_term_string"}}],"inLanguage":"fr-FR"},{"@type":"Organization","@id":"https:\/\/www.credimex.ch\/fr\/#organization","name":"credimex","url":"https:\/\/www.credimex.ch\/fr\/","logo":{"@type":"ImageObject","inLanguage":"fr-FR","@id":"https:\/\/www.credimex.ch\/fr\/#\/schema\/logo\/image\/","url":"https:\/\/www.credimex.ch\/wp-content\/uploads\/2022\/03\/cropped-logo-credimex.png","contentUrl":"https:\/\/www.credimex.ch\/wp-content\/uploads\/2022\/03\/cropped-logo-credimex.png","width":512,"height":512,"caption":"credimex"},"image":{"@id":"https:\/\/www.credimex.ch\/fr\/#\/schema\/logo\/image\/"},"sameAs":["https:\/\/www.facebook.com\/credimex.alpnach\/","https:\/\/www.linkedin.com\/company\/credimex\/","https:\/\/www.youtube.com\/@CREDIMEX?sub_confirmation=1"]}]}},"_links":{"self":[{"href":"https:\/\/www.credimex.ch\/fr\/wp-json\/wp\/v2\/product\/4034","targetHints":{"allow":["GET"]}}],"collection":[{"href":"https:\/\/www.credimex.ch\/fr\/wp-json\/wp\/v2\/product"}],"about":[{"href":"https:\/\/www.credimex.ch\/fr\/wp-json\/wp\/v2\/types\/product"}],"replies":[{"embeddable":true,"href":"https:\/\/www.credimex.ch\/fr\/wp-json\/wp\/v2\/comments?post=4034"}],"wp:featuredmedia":[{"embeddable":true,"href":"https:\/\/www.credimex.ch\/fr\/wp-json\/wp\/v2\/media\/3470"}],"wp:attachment":[{"href":"https:\/\/www.credimex.ch\/fr\/wp-json\/wp\/v2\/media?parent=4034"}],"wp:term":[{"taxonomy":"product_brand","embeddable":true,"href":"https:\/\/www.credimex.ch\/fr\/wp-json\/wp\/v2\/product_brand?post=4034"},{"taxonomy":"product_cat","embeddable":true,"href":"https:\/\/www.credimex.ch\/fr\/wp-json\/wp\/v2\/product_cat?post=4034"},{"taxonomy":"product_tag","embeddable":true,"href":"https:\/\/www.credimex.ch\/fr\/wp-json\/wp\/v2\/product_tag?post=4034"}],"curies":[{"name":"wp","href":"https:\/\/api.w.org\/{rel}","templated":true}]}}