{"id":4040,"date":"2022-07-07T12:54:11","date_gmt":"2022-07-07T10:54:11","guid":{"rendered":"https:\/\/www.credimex.ch.mialias.net\/product\/glissieres-compactes-dautomatisation\/"},"modified":"2022-07-07T12:54:11","modified_gmt":"2022-07-07T10:54:11","slug":"compact-automation-slides-2","status":"publish","type":"product","link":"https:\/\/www.credimex.ch\/fr\/produit\/compact-automation-slides-2\/","title":{"rendered":"Glissi\u00e8res compactes d&rsquo;automatisation"},"content":{"rendered":"<h2>Description<\/h2>\n<p>Les glissi\u00e8res Compact Automation comprennent les s\u00e9ries de produits suivantes :<\/p>\n<ul>\n<li>Glissi\u00e8res \u00e0 billes<\/li>\n<li>V\u00e9rins \u00e0 tige guid\u00e9e GRC<\/li>\n<li>Diapositives guid\u00e9es<\/li>\n<li>Produits pour v\u00e9rins pneumatiques guid\u00e9s<\/li>\n<\/ul>\n<h2>Avantages du produit<\/h2>\n<p>Les glissi\u00e8res Compact\u00ae sont con\u00e7ues pour surpasser les performances des v\u00e9rins non rotatifs classiques. Nos glissi\u00e8res sont con\u00e7ues pour les courses courtes et longues. Ils sont parfaits pour les applications \u00e0 espace limit\u00e9 o\u00f9 il faut un v\u00e9rin qui guide et supporte sa propre charge.<\/p>\n<h2>Application<\/h2>\n<p>La conception Compact\u00ae de ces glissi\u00e8res les rend compatibles avec les applications de semi-conducteurs, de conditionnement et d&rsquo;assemblage.<\/p>\n","protected":false},"excerpt":{"rendered":"<p>Les <strong>glissi\u00e8res d&rsquo;automatisation compactes<\/strong> sont parfaites pour les applications \u00e0 espace limit\u00e9 o\u00f9 l&rsquo;on a besoin d&rsquo;un v\u00e9rin qui guide et supporte sa propre charge.<\/p>\n","protected":false},"featured_media":3464,"comment_status":"open","ping_status":"closed","template":"","meta":{"_acf_changed":false},"product_brand":[],"product_cat":[341,340,413,594,376,411,384,475,375,361,360,414,588,412],"product_tag":[],"class_list":{"0":"post-4040","1":"product","2":"type-product","3":"status-publish","4":"has-post-thumbnail","6":"product_cat-aerospatiale","7":"product_cat-automobile","8":"product_cat-batteries","9":"product_cat-compact","10":"product_cat-e-mobilite","11":"product_cat-electronique","12":"product_cat-energie","13":"product_cat-fabrication-de-montres","14":"product_cat-ferroviaire","15":"product_cat-industrie-alimentaire","16":"product_cat-industrie-generale","17":"product_cat-medical","18":"product_cat-pneumatique","19":"product_cat-telepheriques","20":"pa_brands-compact-fr","22":"first","23":"instock","24":"shipping-taxable","25":"product-type-simple"},"acf":[],"_yoast_wpseo_focuskw":"Glissi\u00e8res compactes d'automatisation","_yoast_wpseo_metadesc":"Les glissi\u00e8res d'automatisation compactes sont parfaites pour les applications \u00e0 espace limit\u00e9 o\u00f9 l'on a besoin d'un v\u00e9rin qui guide et supporte sa propre charge.","yoast_head":"<!-- This site is optimized with the Yoast SEO Premium plugin v21.6 (Yoast SEO v27.4) - https:\/\/yoast.com\/product\/yoast-seo-premium-wordpress\/ -->\n<title>Glissi\u00e8res compactes d&#039;automatisation - CREDIMEX<\/title>\n<meta name=\"description\" content=\"Les glissi\u00e8res d&#039;automatisation compactes sont parfaites pour les applications \u00e0 espace limit\u00e9 o\u00f9 l&#039;on a besoin d&#039;un v\u00e9rin qui guide et supporte sa propre charge.\" \/>\n<meta name=\"robots\" content=\"index, follow, max-snippet:-1, max-image-preview:large, max-video-preview:-1\" \/>\n<link rel=\"canonical\" href=\"https:\/\/www.credimex.ch\/fr\/produit\/compact-automation-slides-2\/\" \/>\n<meta property=\"og:locale\" content=\"fr_FR\" \/>\n<meta property=\"og:type\" content=\"article\" \/>\n<meta property=\"og:title\" content=\"Glissi\u00e8res compactes d&#039;automatisation\" \/>\n<meta property=\"og:description\" content=\"Les glissi\u00e8res d&#039;automatisation compactes sont parfaites pour les applications \u00e0 espace limit\u00e9 o\u00f9 l&#039;on a besoin d&#039;un v\u00e9rin qui guide et supporte sa propre charge.\" \/>\n<meta property=\"og:url\" content=\"https:\/\/www.credimex.ch\/fr\/produit\/compact-automation-slides-2\/\" \/>\n<meta property=\"og:site_name\" content=\"CREDIMEX\" \/>\n<meta property=\"article:publisher\" content=\"https:\/\/www.facebook.com\/credimex.alpnach\/\" \/>\n<meta property=\"og:image\" content=\"https:\/\/www.credimex.ch\/wp-content\/uploads\/2022\/07\/Compact_GRC_2021.png\" \/>\n\t<meta property=\"og:image:width\" content=\"300\" \/>\n\t<meta property=\"og:image:height\" content=\"452\" \/>\n\t<meta property=\"og:image:type\" content=\"image\/png\" \/>\n<meta name=\"twitter:card\" content=\"summary_large_image\" \/>\n<meta name=\"twitter:label1\" content=\"Dur\u00e9e de lecture estim\u00e9e\" \/>\n\t<meta name=\"twitter:data1\" content=\"1 minute\" \/>\n<script type=\"application\/ld+json\" class=\"yoast-schema-graph\">{\"@context\":\"https:\\\/\\\/schema.org\",\"@graph\":[{\"@type\":\"WebPage\",\"@id\":\"https:\\\/\\\/www.credimex.ch\\\/fr\\\/produit\\\/compact-automation-slides-2\\\/\",\"url\":\"https:\\\/\\\/www.credimex.ch\\\/fr\\\/produit\\\/compact-automation-slides-2\\\/\",\"name\":\"Glissi\u00e8res compactes d'automatisation - CREDIMEX\",\"isPartOf\":{\"@id\":\"https:\\\/\\\/www.credimex.ch\\\/fr\\\/#website\"},\"primaryImageOfPage\":{\"@id\":\"https:\\\/\\\/www.credimex.ch\\\/fr\\\/produit\\\/compact-automation-slides-2\\\/#primaryimage\"},\"image\":{\"@id\":\"https:\\\/\\\/www.credimex.ch\\\/fr\\\/produit\\\/compact-automation-slides-2\\\/#primaryimage\"},\"thumbnailUrl\":\"https:\\\/\\\/www.credimex.ch\\\/wp-content\\\/uploads\\\/2022\\\/07\\\/Compact_GRC_2021.png\",\"datePublished\":\"2022-07-07T10:54:11+00:00\",\"description\":\"Les glissi\u00e8res d'automatisation compactes sont parfaites pour les applications \u00e0 espace limit\u00e9 o\u00f9 l'on a besoin d'un v\u00e9rin qui guide et supporte sa propre charge.\",\"breadcrumb\":{\"@id\":\"https:\\\/\\\/www.credimex.ch\\\/fr\\\/produit\\\/compact-automation-slides-2\\\/#breadcrumb\"},\"inLanguage\":\"fr-FR\",\"potentialAction\":[{\"@type\":\"ReadAction\",\"target\":[\"https:\\\/\\\/www.credimex.ch\\\/fr\\\/produit\\\/compact-automation-slides-2\\\/\"]}]},{\"@type\":\"ImageObject\",\"inLanguage\":\"fr-FR\",\"@id\":\"https:\\\/\\\/www.credimex.ch\\\/fr\\\/produit\\\/compact-automation-slides-2\\\/#primaryimage\",\"url\":\"https:\\\/\\\/www.credimex.ch\\\/wp-content\\\/uploads\\\/2022\\\/07\\\/Compact_GRC_2021.png\",\"contentUrl\":\"https:\\\/\\\/www.credimex.ch\\\/wp-content\\\/uploads\\\/2022\\\/07\\\/Compact_GRC_2021.png\",\"width\":300,\"height\":452},{\"@type\":\"BreadcrumbList\",\"@id\":\"https:\\\/\\\/www.credimex.ch\\\/fr\\\/produit\\\/compact-automation-slides-2\\\/#breadcrumb\",\"itemListElement\":[{\"@type\":\"ListItem\",\"position\":1,\"name\":\"Home\",\"item\":\"https:\\\/\\\/www.credimex.ch\\\/fr\\\/\"},{\"@type\":\"ListItem\",\"position\":2,\"name\":\"Produits\",\"item\":\"https:\\\/\\\/www.credimex.ch\\\/fr\\\/produits\\\/\"},{\"@type\":\"ListItem\",\"position\":3,\"name\":\"Glissi\u00e8res compactes d&rsquo;automatisation\"}]},{\"@type\":\"WebSite\",\"@id\":\"https:\\\/\\\/www.credimex.ch\\\/fr\\\/#website\",\"url\":\"https:\\\/\\\/www.credimex.ch\\\/fr\\\/\",\"name\":\"CREDIMEX\",\"description\":\"Partner of Swiss Industrial Market\",\"publisher\":{\"@id\":\"https:\\\/\\\/www.credimex.ch\\\/fr\\\/#organization\"},\"potentialAction\":[{\"@type\":\"SearchAction\",\"target\":{\"@type\":\"EntryPoint\",\"urlTemplate\":\"https:\\\/\\\/www.credimex.ch\\\/fr\\\/?s={search_term_string}\"},\"query-input\":{\"@type\":\"PropertyValueSpecification\",\"valueRequired\":true,\"valueName\":\"search_term_string\"}}],\"inLanguage\":\"fr-FR\"},{\"@type\":\"Organization\",\"@id\":\"https:\\\/\\\/www.credimex.ch\\\/fr\\\/#organization\",\"name\":\"credimex\",\"url\":\"https:\\\/\\\/www.credimex.ch\\\/fr\\\/\",\"logo\":{\"@type\":\"ImageObject\",\"inLanguage\":\"fr-FR\",\"@id\":\"https:\\\/\\\/www.credimex.ch\\\/fr\\\/#\\\/schema\\\/logo\\\/image\\\/\",\"url\":\"https:\\\/\\\/www.credimex.ch\\\/wp-content\\\/uploads\\\/2022\\\/03\\\/cropped-logo-credimex.png\",\"contentUrl\":\"https:\\\/\\\/www.credimex.ch\\\/wp-content\\\/uploads\\\/2022\\\/03\\\/cropped-logo-credimex.png\",\"width\":512,\"height\":512,\"caption\":\"credimex\"},\"image\":{\"@id\":\"https:\\\/\\\/www.credimex.ch\\\/fr\\\/#\\\/schema\\\/logo\\\/image\\\/\"},\"sameAs\":[\"https:\\\/\\\/www.facebook.com\\\/credimex.alpnach\\\/\",\"https:\\\/\\\/www.linkedin.com\\\/company\\\/credimex\\\/\",\"https:\\\/\\\/www.youtube.com\\\/@CREDIMEX?sub_confirmation=1\"]}]}<\/script>\n<!-- \/ Yoast SEO Premium plugin. -->","yoast_head_json":{"title":"Glissi\u00e8res compactes d'automatisation - CREDIMEX","description":"Les glissi\u00e8res d'automatisation compactes sont parfaites pour les applications \u00e0 espace limit\u00e9 o\u00f9 l'on a besoin d'un v\u00e9rin qui guide et supporte sa propre charge.","robots":{"index":"index","follow":"follow","max-snippet":"max-snippet:-1","max-image-preview":"max-image-preview:large","max-video-preview":"max-video-preview:-1"},"canonical":"https:\/\/www.credimex.ch\/fr\/produit\/compact-automation-slides-2\/","og_locale":"fr_FR","og_type":"article","og_title":"Glissi\u00e8res compactes d'automatisation","og_description":"Les glissi\u00e8res d'automatisation compactes sont parfaites pour les applications \u00e0 espace limit\u00e9 o\u00f9 l'on a besoin d'un v\u00e9rin qui guide et supporte sa propre charge.","og_url":"https:\/\/www.credimex.ch\/fr\/produit\/compact-automation-slides-2\/","og_site_name":"CREDIMEX","article_publisher":"https:\/\/www.facebook.com\/credimex.alpnach\/","og_image":[{"width":300,"height":452,"url":"https:\/\/www.credimex.ch\/wp-content\/uploads\/2022\/07\/Compact_GRC_2021.png","type":"image\/png"}],"twitter_card":"summary_large_image","twitter_misc":{"Dur\u00e9e de lecture estim\u00e9e":"1 minute"},"schema":{"@context":"https:\/\/schema.org","@graph":[{"@type":"WebPage","@id":"https:\/\/www.credimex.ch\/fr\/produit\/compact-automation-slides-2\/","url":"https:\/\/www.credimex.ch\/fr\/produit\/compact-automation-slides-2\/","name":"Glissi\u00e8res compactes d'automatisation - CREDIMEX","isPartOf":{"@id":"https:\/\/www.credimex.ch\/fr\/#website"},"primaryImageOfPage":{"@id":"https:\/\/www.credimex.ch\/fr\/produit\/compact-automation-slides-2\/#primaryimage"},"image":{"@id":"https:\/\/www.credimex.ch\/fr\/produit\/compact-automation-slides-2\/#primaryimage"},"thumbnailUrl":"https:\/\/www.credimex.ch\/wp-content\/uploads\/2022\/07\/Compact_GRC_2021.png","datePublished":"2022-07-07T10:54:11+00:00","description":"Les glissi\u00e8res d'automatisation compactes sont parfaites pour les applications \u00e0 espace limit\u00e9 o\u00f9 l'on a besoin d'un v\u00e9rin qui guide et supporte sa propre charge.","breadcrumb":{"@id":"https:\/\/www.credimex.ch\/fr\/produit\/compact-automation-slides-2\/#breadcrumb"},"inLanguage":"fr-FR","potentialAction":[{"@type":"ReadAction","target":["https:\/\/www.credimex.ch\/fr\/produit\/compact-automation-slides-2\/"]}]},{"@type":"ImageObject","inLanguage":"fr-FR","@id":"https:\/\/www.credimex.ch\/fr\/produit\/compact-automation-slides-2\/#primaryimage","url":"https:\/\/www.credimex.ch\/wp-content\/uploads\/2022\/07\/Compact_GRC_2021.png","contentUrl":"https:\/\/www.credimex.ch\/wp-content\/uploads\/2022\/07\/Compact_GRC_2021.png","width":300,"height":452},{"@type":"BreadcrumbList","@id":"https:\/\/www.credimex.ch\/fr\/produit\/compact-automation-slides-2\/#breadcrumb","itemListElement":[{"@type":"ListItem","position":1,"name":"Home","item":"https:\/\/www.credimex.ch\/fr\/"},{"@type":"ListItem","position":2,"name":"Produits","item":"https:\/\/www.credimex.ch\/fr\/produits\/"},{"@type":"ListItem","position":3,"name":"Glissi\u00e8res compactes d&rsquo;automatisation"}]},{"@type":"WebSite","@id":"https:\/\/www.credimex.ch\/fr\/#website","url":"https:\/\/www.credimex.ch\/fr\/","name":"CREDIMEX","description":"Partner of Swiss Industrial Market","publisher":{"@id":"https:\/\/www.credimex.ch\/fr\/#organization"},"potentialAction":[{"@type":"SearchAction","target":{"@type":"EntryPoint","urlTemplate":"https:\/\/www.credimex.ch\/fr\/?s={search_term_string}"},"query-input":{"@type":"PropertyValueSpecification","valueRequired":true,"valueName":"search_term_string"}}],"inLanguage":"fr-FR"},{"@type":"Organization","@id":"https:\/\/www.credimex.ch\/fr\/#organization","name":"credimex","url":"https:\/\/www.credimex.ch\/fr\/","logo":{"@type":"ImageObject","inLanguage":"fr-FR","@id":"https:\/\/www.credimex.ch\/fr\/#\/schema\/logo\/image\/","url":"https:\/\/www.credimex.ch\/wp-content\/uploads\/2022\/03\/cropped-logo-credimex.png","contentUrl":"https:\/\/www.credimex.ch\/wp-content\/uploads\/2022\/03\/cropped-logo-credimex.png","width":512,"height":512,"caption":"credimex"},"image":{"@id":"https:\/\/www.credimex.ch\/fr\/#\/schema\/logo\/image\/"},"sameAs":["https:\/\/www.facebook.com\/credimex.alpnach\/","https:\/\/www.linkedin.com\/company\/credimex\/","https:\/\/www.youtube.com\/@CREDIMEX?sub_confirmation=1"]}]}},"_links":{"self":[{"href":"https:\/\/www.credimex.ch\/fr\/wp-json\/wp\/v2\/product\/4040","targetHints":{"allow":["GET"]}}],"collection":[{"href":"https:\/\/www.credimex.ch\/fr\/wp-json\/wp\/v2\/product"}],"about":[{"href":"https:\/\/www.credimex.ch\/fr\/wp-json\/wp\/v2\/types\/product"}],"replies":[{"embeddable":true,"href":"https:\/\/www.credimex.ch\/fr\/wp-json\/wp\/v2\/comments?post=4040"}],"wp:featuredmedia":[{"embeddable":true,"href":"https:\/\/www.credimex.ch\/fr\/wp-json\/wp\/v2\/media\/3464"}],"wp:attachment":[{"href":"https:\/\/www.credimex.ch\/fr\/wp-json\/wp\/v2\/media?parent=4040"}],"wp:term":[{"taxonomy":"product_brand","embeddable":true,"href":"https:\/\/www.credimex.ch\/fr\/wp-json\/wp\/v2\/product_brand?post=4040"},{"taxonomy":"product_cat","embeddable":true,"href":"https:\/\/www.credimex.ch\/fr\/wp-json\/wp\/v2\/product_cat?post=4040"},{"taxonomy":"product_tag","embeddable":true,"href":"https:\/\/www.credimex.ch\/fr\/wp-json\/wp\/v2\/product_tag?post=4040"}],"curies":[{"name":"wp","href":"https:\/\/api.w.org\/{rel}","templated":true}]}}