{"id":4042,"date":"2022-07-07T12:49:08","date_gmt":"2022-07-07T10:49:08","guid":{"rendered":"https:\/\/www.credimex.ch.mialias.net\/product\/produits-de-serrage-compacts-pour-lautomatisation\/"},"modified":"2022-07-07T12:49:08","modified_gmt":"2022-07-07T10:49:08","slug":"produits-compacts-dautomatisation-du-travail","status":"publish","type":"product","link":"https:\/\/www.credimex.ch\/fr\/produit\/produits-compacts-dautomatisation-du-travail\/","title":{"rendered":"Produits de serrage compacts pour l&rsquo;automatisation"},"content":{"rendered":"<h2>Description<\/h2>\n<p>Les produits de serrage de Compact Automation comprennent les s\u00e9ries de produits suivantes :<\/p>\n<ul>\n<li>Pinces magn\u00e9tiques<\/li>\n<li>Pinces angulaires<\/li>\n<li>Pinces parall\u00e8les<\/li>\n<li>Intensificateurs de la s\u00e9rie CI &#8211; Cutting Fluid Products<\/li>\n<li>Cylindre \u00e0 torsion<\/li>\n<li>Fermeurs de pinces<\/li>\n<\/ul>\n<h2>Avantages du produit<\/h2>\n<p>Les produits de maintien au travail Compact\u00ae sont \u00e9quip\u00e9s d&rsquo;actionneurs Compact\u00ae autonomes \u00e0 double effet. Tous les mod\u00e8les se caract\u00e9risent par un faible poids unitaire, un rendement \u00e9lev\u00e9 et une taille compacte.<\/p>\n<h2>Application<\/h2>\n<p>Tous les produits sont con\u00e7us pour \u00eatre utilis\u00e9s dans des applications industrielles telles que la robotique, l&rsquo;assemblage automatis\u00e9 et les manipulateurs\/outillages.<\/p>\n","protected":false},"excerpt":{"rendered":"<p>Les <strong>produits de serrage automatique compacts<\/strong> se caract\u00e9risent par un faible poids unitaire, un rendement \u00e9lev\u00e9 et une taille compacte pour une efficacit\u00e9 maximale.<\/p>\n","protected":false},"featured_media":3462,"comment_status":"open","ping_status":"closed","template":"","meta":{"_acf_changed":false},"product_brand":[],"product_cat":[341,340,413,594,376,411,384,475,375,361,360,414,588,412],"product_tag":[],"class_list":{"0":"post-4042","1":"product","2":"type-product","3":"status-publish","4":"has-post-thumbnail","6":"product_cat-aerospatiale","7":"product_cat-automobile","8":"product_cat-batteries","9":"product_cat-compact","10":"product_cat-e-mobilite","11":"product_cat-electronique","12":"product_cat-energie","13":"product_cat-fabrication-de-montres","14":"product_cat-ferroviaire","15":"product_cat-industrie-alimentaire","16":"product_cat-industrie-generale","17":"product_cat-medical","18":"product_cat-pneumatique","19":"product_cat-telepheriques","20":"pa_brands-compact-fr","22":"first","23":"instock","24":"shipping-taxable","25":"product-type-simple"},"acf":[],"_yoast_wpseo_focuskw":"Produits de serrage compacts pour l'automatisation","_yoast_wpseo_metadesc":"Les produits de serrage automatique compacts se caract\u00e9risent par un faible poids unitaire, un rendement \u00e9lev\u00e9 et une taille compacte pour une efficacit\u00e9 maximale.","yoast_head":"<!-- This site is optimized with the Yoast SEO Premium plugin v21.6 (Yoast SEO v27.4) - https:\/\/yoast.com\/product\/yoast-seo-premium-wordpress\/ -->\n<title>Produits de serrage compacts pour l&#039;automatisation - CREDIMEX<\/title>\n<meta name=\"description\" content=\"Les produits de serrage automatique compacts se caract\u00e9risent par un faible poids unitaire, un rendement \u00e9lev\u00e9 et une taille compacte pour une efficacit\u00e9 maximale.\" \/>\n<meta name=\"robots\" content=\"index, follow, max-snippet:-1, max-image-preview:large, max-video-preview:-1\" \/>\n<link rel=\"canonical\" href=\"https:\/\/www.credimex.ch\/fr\/produit\/produits-compacts-dautomatisation-du-travail\/\" \/>\n<meta property=\"og:locale\" content=\"fr_FR\" \/>\n<meta property=\"og:type\" content=\"article\" \/>\n<meta property=\"og:title\" content=\"Produits de serrage compacts pour l&#039;automatisation\" \/>\n<meta property=\"og:description\" content=\"Les produits de serrage automatique compacts se caract\u00e9risent par un faible poids unitaire, un rendement \u00e9lev\u00e9 et une taille compacte pour une efficacit\u00e9 maximale.\" \/>\n<meta property=\"og:url\" content=\"https:\/\/www.credimex.ch\/fr\/produit\/produits-compacts-dautomatisation-du-travail\/\" \/>\n<meta property=\"og:site_name\" content=\"CREDIMEX\" \/>\n<meta property=\"article:publisher\" content=\"https:\/\/www.facebook.com\/credimex.alpnach\/\" \/>\n<meta property=\"og:image\" content=\"https:\/\/www.credimex.ch\/wp-content\/uploads\/2022\/07\/MAG_Grip_Single.jpeg\" \/>\n\t<meta property=\"og:image:width\" content=\"350\" \/>\n\t<meta property=\"og:image:height\" content=\"440\" \/>\n\t<meta property=\"og:image:type\" content=\"image\/jpeg\" \/>\n<meta name=\"twitter:card\" content=\"summary_large_image\" \/>\n<meta name=\"twitter:label1\" content=\"Dur\u00e9e de lecture estim\u00e9e\" \/>\n\t<meta name=\"twitter:data1\" content=\"1 minute\" \/>\n<script type=\"application\/ld+json\" class=\"yoast-schema-graph\">{\"@context\":\"https:\\\/\\\/schema.org\",\"@graph\":[{\"@type\":\"WebPage\",\"@id\":\"https:\\\/\\\/www.credimex.ch\\\/fr\\\/produit\\\/produits-compacts-dautomatisation-du-travail\\\/\",\"url\":\"https:\\\/\\\/www.credimex.ch\\\/fr\\\/produit\\\/produits-compacts-dautomatisation-du-travail\\\/\",\"name\":\"Produits de serrage compacts pour l'automatisation - CREDIMEX\",\"isPartOf\":{\"@id\":\"https:\\\/\\\/www.credimex.ch\\\/fr\\\/#website\"},\"primaryImageOfPage\":{\"@id\":\"https:\\\/\\\/www.credimex.ch\\\/fr\\\/produit\\\/produits-compacts-dautomatisation-du-travail\\\/#primaryimage\"},\"image\":{\"@id\":\"https:\\\/\\\/www.credimex.ch\\\/fr\\\/produit\\\/produits-compacts-dautomatisation-du-travail\\\/#primaryimage\"},\"thumbnailUrl\":\"https:\\\/\\\/www.credimex.ch\\\/wp-content\\\/uploads\\\/2022\\\/07\\\/MAG_Grip_Single.jpeg\",\"datePublished\":\"2022-07-07T10:49:08+00:00\",\"description\":\"Les produits de serrage automatique compacts se caract\u00e9risent par un faible poids unitaire, un rendement \u00e9lev\u00e9 et une taille compacte pour une efficacit\u00e9 maximale.\",\"breadcrumb\":{\"@id\":\"https:\\\/\\\/www.credimex.ch\\\/fr\\\/produit\\\/produits-compacts-dautomatisation-du-travail\\\/#breadcrumb\"},\"inLanguage\":\"fr-FR\",\"potentialAction\":[{\"@type\":\"ReadAction\",\"target\":[\"https:\\\/\\\/www.credimex.ch\\\/fr\\\/produit\\\/produits-compacts-dautomatisation-du-travail\\\/\"]}]},{\"@type\":\"ImageObject\",\"inLanguage\":\"fr-FR\",\"@id\":\"https:\\\/\\\/www.credimex.ch\\\/fr\\\/produit\\\/produits-compacts-dautomatisation-du-travail\\\/#primaryimage\",\"url\":\"https:\\\/\\\/www.credimex.ch\\\/wp-content\\\/uploads\\\/2022\\\/07\\\/MAG_Grip_Single.jpeg\",\"contentUrl\":\"https:\\\/\\\/www.credimex.ch\\\/wp-content\\\/uploads\\\/2022\\\/07\\\/MAG_Grip_Single.jpeg\",\"width\":350,\"height\":440},{\"@type\":\"BreadcrumbList\",\"@id\":\"https:\\\/\\\/www.credimex.ch\\\/fr\\\/produit\\\/produits-compacts-dautomatisation-du-travail\\\/#breadcrumb\",\"itemListElement\":[{\"@type\":\"ListItem\",\"position\":1,\"name\":\"Home\",\"item\":\"https:\\\/\\\/www.credimex.ch\\\/fr\\\/\"},{\"@type\":\"ListItem\",\"position\":2,\"name\":\"Produits\",\"item\":\"https:\\\/\\\/www.credimex.ch\\\/fr\\\/produits\\\/\"},{\"@type\":\"ListItem\",\"position\":3,\"name\":\"Produits de serrage compacts pour l&rsquo;automatisation\"}]},{\"@type\":\"WebSite\",\"@id\":\"https:\\\/\\\/www.credimex.ch\\\/fr\\\/#website\",\"url\":\"https:\\\/\\\/www.credimex.ch\\\/fr\\\/\",\"name\":\"CREDIMEX\",\"description\":\"Partner of Swiss Industrial Market\",\"publisher\":{\"@id\":\"https:\\\/\\\/www.credimex.ch\\\/fr\\\/#organization\"},\"potentialAction\":[{\"@type\":\"SearchAction\",\"target\":{\"@type\":\"EntryPoint\",\"urlTemplate\":\"https:\\\/\\\/www.credimex.ch\\\/fr\\\/?s={search_term_string}\"},\"query-input\":{\"@type\":\"PropertyValueSpecification\",\"valueRequired\":true,\"valueName\":\"search_term_string\"}}],\"inLanguage\":\"fr-FR\"},{\"@type\":\"Organization\",\"@id\":\"https:\\\/\\\/www.credimex.ch\\\/fr\\\/#organization\",\"name\":\"credimex\",\"url\":\"https:\\\/\\\/www.credimex.ch\\\/fr\\\/\",\"logo\":{\"@type\":\"ImageObject\",\"inLanguage\":\"fr-FR\",\"@id\":\"https:\\\/\\\/www.credimex.ch\\\/fr\\\/#\\\/schema\\\/logo\\\/image\\\/\",\"url\":\"https:\\\/\\\/www.credimex.ch\\\/wp-content\\\/uploads\\\/2022\\\/03\\\/cropped-logo-credimex.png\",\"contentUrl\":\"https:\\\/\\\/www.credimex.ch\\\/wp-content\\\/uploads\\\/2022\\\/03\\\/cropped-logo-credimex.png\",\"width\":512,\"height\":512,\"caption\":\"credimex\"},\"image\":{\"@id\":\"https:\\\/\\\/www.credimex.ch\\\/fr\\\/#\\\/schema\\\/logo\\\/image\\\/\"},\"sameAs\":[\"https:\\\/\\\/www.facebook.com\\\/credimex.alpnach\\\/\",\"https:\\\/\\\/www.linkedin.com\\\/company\\\/credimex\\\/\",\"https:\\\/\\\/www.youtube.com\\\/@CREDIMEX?sub_confirmation=1\"]}]}<\/script>\n<!-- \/ Yoast SEO Premium plugin. -->","yoast_head_json":{"title":"Produits de serrage compacts pour l'automatisation - CREDIMEX","description":"Les produits de serrage automatique compacts se caract\u00e9risent par un faible poids unitaire, un rendement \u00e9lev\u00e9 et une taille compacte pour une efficacit\u00e9 maximale.","robots":{"index":"index","follow":"follow","max-snippet":"max-snippet:-1","max-image-preview":"max-image-preview:large","max-video-preview":"max-video-preview:-1"},"canonical":"https:\/\/www.credimex.ch\/fr\/produit\/produits-compacts-dautomatisation-du-travail\/","og_locale":"fr_FR","og_type":"article","og_title":"Produits de serrage compacts pour l'automatisation","og_description":"Les produits de serrage automatique compacts se caract\u00e9risent par un faible poids unitaire, un rendement \u00e9lev\u00e9 et une taille compacte pour une efficacit\u00e9 maximale.","og_url":"https:\/\/www.credimex.ch\/fr\/produit\/produits-compacts-dautomatisation-du-travail\/","og_site_name":"CREDIMEX","article_publisher":"https:\/\/www.facebook.com\/credimex.alpnach\/","og_image":[{"width":350,"height":440,"url":"https:\/\/www.credimex.ch\/wp-content\/uploads\/2022\/07\/MAG_Grip_Single.jpeg","type":"image\/jpeg"}],"twitter_card":"summary_large_image","twitter_misc":{"Dur\u00e9e de lecture estim\u00e9e":"1 minute"},"schema":{"@context":"https:\/\/schema.org","@graph":[{"@type":"WebPage","@id":"https:\/\/www.credimex.ch\/fr\/produit\/produits-compacts-dautomatisation-du-travail\/","url":"https:\/\/www.credimex.ch\/fr\/produit\/produits-compacts-dautomatisation-du-travail\/","name":"Produits de serrage compacts pour l'automatisation - CREDIMEX","isPartOf":{"@id":"https:\/\/www.credimex.ch\/fr\/#website"},"primaryImageOfPage":{"@id":"https:\/\/www.credimex.ch\/fr\/produit\/produits-compacts-dautomatisation-du-travail\/#primaryimage"},"image":{"@id":"https:\/\/www.credimex.ch\/fr\/produit\/produits-compacts-dautomatisation-du-travail\/#primaryimage"},"thumbnailUrl":"https:\/\/www.credimex.ch\/wp-content\/uploads\/2022\/07\/MAG_Grip_Single.jpeg","datePublished":"2022-07-07T10:49:08+00:00","description":"Les produits de serrage automatique compacts se caract\u00e9risent par un faible poids unitaire, un rendement \u00e9lev\u00e9 et une taille compacte pour une efficacit\u00e9 maximale.","breadcrumb":{"@id":"https:\/\/www.credimex.ch\/fr\/produit\/produits-compacts-dautomatisation-du-travail\/#breadcrumb"},"inLanguage":"fr-FR","potentialAction":[{"@type":"ReadAction","target":["https:\/\/www.credimex.ch\/fr\/produit\/produits-compacts-dautomatisation-du-travail\/"]}]},{"@type":"ImageObject","inLanguage":"fr-FR","@id":"https:\/\/www.credimex.ch\/fr\/produit\/produits-compacts-dautomatisation-du-travail\/#primaryimage","url":"https:\/\/www.credimex.ch\/wp-content\/uploads\/2022\/07\/MAG_Grip_Single.jpeg","contentUrl":"https:\/\/www.credimex.ch\/wp-content\/uploads\/2022\/07\/MAG_Grip_Single.jpeg","width":350,"height":440},{"@type":"BreadcrumbList","@id":"https:\/\/www.credimex.ch\/fr\/produit\/produits-compacts-dautomatisation-du-travail\/#breadcrumb","itemListElement":[{"@type":"ListItem","position":1,"name":"Home","item":"https:\/\/www.credimex.ch\/fr\/"},{"@type":"ListItem","position":2,"name":"Produits","item":"https:\/\/www.credimex.ch\/fr\/produits\/"},{"@type":"ListItem","position":3,"name":"Produits de serrage compacts pour l&rsquo;automatisation"}]},{"@type":"WebSite","@id":"https:\/\/www.credimex.ch\/fr\/#website","url":"https:\/\/www.credimex.ch\/fr\/","name":"CREDIMEX","description":"Partner of Swiss Industrial Market","publisher":{"@id":"https:\/\/www.credimex.ch\/fr\/#organization"},"potentialAction":[{"@type":"SearchAction","target":{"@type":"EntryPoint","urlTemplate":"https:\/\/www.credimex.ch\/fr\/?s={search_term_string}"},"query-input":{"@type":"PropertyValueSpecification","valueRequired":true,"valueName":"search_term_string"}}],"inLanguage":"fr-FR"},{"@type":"Organization","@id":"https:\/\/www.credimex.ch\/fr\/#organization","name":"credimex","url":"https:\/\/www.credimex.ch\/fr\/","logo":{"@type":"ImageObject","inLanguage":"fr-FR","@id":"https:\/\/www.credimex.ch\/fr\/#\/schema\/logo\/image\/","url":"https:\/\/www.credimex.ch\/wp-content\/uploads\/2022\/03\/cropped-logo-credimex.png","contentUrl":"https:\/\/www.credimex.ch\/wp-content\/uploads\/2022\/03\/cropped-logo-credimex.png","width":512,"height":512,"caption":"credimex"},"image":{"@id":"https:\/\/www.credimex.ch\/fr\/#\/schema\/logo\/image\/"},"sameAs":["https:\/\/www.facebook.com\/credimex.alpnach\/","https:\/\/www.linkedin.com\/company\/credimex\/","https:\/\/www.youtube.com\/@CREDIMEX?sub_confirmation=1"]}]}},"_links":{"self":[{"href":"https:\/\/www.credimex.ch\/fr\/wp-json\/wp\/v2\/product\/4042","targetHints":{"allow":["GET"]}}],"collection":[{"href":"https:\/\/www.credimex.ch\/fr\/wp-json\/wp\/v2\/product"}],"about":[{"href":"https:\/\/www.credimex.ch\/fr\/wp-json\/wp\/v2\/types\/product"}],"replies":[{"embeddable":true,"href":"https:\/\/www.credimex.ch\/fr\/wp-json\/wp\/v2\/comments?post=4042"}],"wp:featuredmedia":[{"embeddable":true,"href":"https:\/\/www.credimex.ch\/fr\/wp-json\/wp\/v2\/media\/3462"}],"wp:attachment":[{"href":"https:\/\/www.credimex.ch\/fr\/wp-json\/wp\/v2\/media?parent=4042"}],"wp:term":[{"taxonomy":"product_brand","embeddable":true,"href":"https:\/\/www.credimex.ch\/fr\/wp-json\/wp\/v2\/product_brand?post=4042"},{"taxonomy":"product_cat","embeddable":true,"href":"https:\/\/www.credimex.ch\/fr\/wp-json\/wp\/v2\/product_cat?post=4042"},{"taxonomy":"product_tag","embeddable":true,"href":"https:\/\/www.credimex.ch\/fr\/wp-json\/wp\/v2\/product_tag?post=4042"}],"curies":[{"name":"wp","href":"https:\/\/api.w.org\/{rel}","templated":true}]}}