{"id":4048,"date":"2022-07-07T12:19:12","date_gmt":"2022-07-07T10:19:12","guid":{"rendered":"https:\/\/www.credimex.ch.mialias.net\/product\/verins-a-air-airpel-ab-frottement-le-plus-faible\/"},"modified":"2023-04-05T13:13:40","modified_gmt":"2023-04-05T11:13:40","slug":"airpel-ab-air-cylinders-lowest-friction-2","status":"publish","type":"product","link":"https:\/\/www.credimex.ch\/fr\/produit\/airpel-ab-air-cylinders-lowest-friction-2\/","title":{"rendered":"V\u00e9rins \u00e0 air Airpel AB"},"content":{"rendered":"<h2>Description<\/h2>\n<p>La gamme de cylindres \u00e0 air AB d&rsquo;Airpel se compose d&rsquo;un piston en acier inoxydable de forme sp\u00e9ciale qui est ajust\u00e9 avec pr\u00e9cision \u00e0 un cylindre en verre borosilicat\u00e9. L&rsquo;introduction d&rsquo;air sous pression dans le cylindre du coussin d&rsquo;air cr\u00e9e un v\u00e9ritable effet de flux d&rsquo;air autour du piston. Avec seulement 5 PSI d&rsquo;air appliqu\u00e9 au cylindre, le m\u00eame air qui entra\u00eene le piston produit \u00e9galement un coussin d&rsquo;air circonf\u00e9rentiel rigide pour soutenir le piston et l&#8217;emp\u00eacher de toucher la paroi du cylindre. Le r\u00e9sultat est un v\u00e9rin pneumatique sans friction qui offre une dur\u00e9e de vie du piston pratiquement illimit\u00e9e, sans lubrification et un fonctionnement super propre. Comme la force de sortie de ce v\u00e9rin pneumatique sans frottement n&rsquo;est r\u00e9duite qu&rsquo;\u00e0 l&rsquo;infini par le mouvement des joints \u00e0 rotule \u00e0 tr\u00e8s faible frottement utilis\u00e9s pour connecter la tige, la force peut \u00eatre contr\u00f4l\u00e9e \u00e0 des niveaux tr\u00e8s \u00e9lev\u00e9s de pr\u00e9cision et de r\u00e9solution.<\/p>\n<h2>Avantages du produit<\/h2>\n<p>Ces v\u00e9rins pneumatiques sans friction uniques offrent le nec plus ultra en mati\u00e8re de contr\u00f4le pneumatique pr\u00e9cis de la force pour des applications telles que la tension, le contrepoids de charges entra\u00een\u00e9es par un moteur d&rsquo;actionneur lin\u00e9aire et l&rsquo;application de forces de compression ou de maintien avec une r\u00e9solution de 0,5 gm. Les actionneurs \u00e0 coussin d&rsquo;air Airpel-AB sont disponibles en mod\u00e8les m\u00e9triques avec quatre diam\u00e8tres d&rsquo;al\u00e9sage et dix courses standard pour fournir des forces d&rsquo;entra\u00eenement ou de support pr\u00e9cis\u00e9ment r\u00e9p\u00e9tables de 2 grammes \u00e0 58 kg. Les temp\u00e9ratures de fonctionnement vont de -20 C \u00e0 +90 C.<\/p>\n<h2>Application<\/h2>\n<p>Les v\u00e9rins pneumatiques Airpel PLUS sont utilis\u00e9s pour toutes les applications industrielles.<\/p>\n","protected":false},"excerpt":{"rendered":"<p>Les <strong>v\u00e9rins pneumatiques Airpel AB <\/strong>offrent le nec plus ultra en mati\u00e8re de contr\u00f4le pneumatique de force pr\u00e9cise pour une grande vari\u00e9t\u00e9 d&rsquo;applications.<\/p>\n","protected":false},"featured_media":3456,"comment_status":"open","ping_status":"closed","template":"","meta":{"_acf_changed":false},"product_brand":[],"product_cat":[341,598,340,413,599,376,411,384,475,375,361,360,414,588,412],"product_tag":[],"class_list":{"0":"post-4048","1":"product","2":"type-product","3":"status-publish","4":"has-post-thumbnail","6":"product_cat-aerospatiale","7":"product_cat-airpel","8":"product_cat-automobile","9":"product_cat-batteries","10":"product_cat-cylindres-airpel","11":"product_cat-e-mobilite","12":"product_cat-electronique","13":"product_cat-energie","14":"product_cat-fabrication-de-montres","15":"product_cat-ferroviaire","16":"product_cat-industrie-alimentaire","17":"product_cat-industrie-generale","18":"product_cat-medical","19":"product_cat-pneumatique","20":"product_cat-telepheriques","21":"pa_brands-airpel-fr","23":"first","24":"instock","25":"shipping-taxable","26":"product-type-simple"},"acf":[],"_yoast_wpseo_focuskw":"Cylindres \u00e0 air Airpel AB","_yoast_wpseo_metadesc":"Les v\u00e9rins pneumatiques AB d'Airpel fournissent le nec plus ultra en mati\u00e8re de contr\u00f4le pneumatique de la force pr\u00e9cise pour une grande vari\u00e9t\u00e9 d'applications.","yoast_head":"<!-- This site is optimized with the Yoast SEO Premium plugin v21.6 (Yoast SEO v27.4) - https:\/\/yoast.com\/product\/yoast-seo-premium-wordpress\/ -->\n<title>V\u00e9rins \u00e0 air Airpel AB - CREDIMEX<\/title>\n<meta name=\"description\" content=\"Les v\u00e9rins pneumatiques AB d&#039;Airpel fournissent le nec plus ultra en mati\u00e8re de contr\u00f4le pneumatique de la force pr\u00e9cise pour une grande vari\u00e9t\u00e9 d&#039;applications.\" \/>\n<meta name=\"robots\" content=\"index, follow, max-snippet:-1, max-image-preview:large, max-video-preview:-1\" \/>\n<link rel=\"canonical\" href=\"https:\/\/www.credimex.ch\/fr\/produit\/airpel-ab-air-cylinders-lowest-friction-2\/\" \/>\n<meta property=\"og:locale\" content=\"fr_FR\" \/>\n<meta property=\"og:type\" content=\"article\" \/>\n<meta property=\"og:title\" content=\"V\u00e9rins \u00e0 air Airpel AB\" \/>\n<meta property=\"og:description\" content=\"Les v\u00e9rins pneumatiques AB d&#039;Airpel fournissent le nec plus ultra en mati\u00e8re de contr\u00f4le pneumatique de la force pr\u00e9cise pour une grande vari\u00e9t\u00e9 d&#039;applications.\" \/>\n<meta property=\"og:url\" content=\"https:\/\/www.credimex.ch\/fr\/produit\/airpel-ab-air-cylinders-lowest-friction-2\/\" \/>\n<meta property=\"og:site_name\" content=\"CREDIMEX\" \/>\n<meta property=\"article:publisher\" content=\"https:\/\/www.facebook.com\/credimex.alpnach\/\" \/>\n<meta property=\"article:modified_time\" content=\"2023-04-05T11:13:40+00:00\" \/>\n<meta property=\"og:image\" content=\"https:\/\/www.credimex.ch\/wp-content\/uploads\/2022\/07\/30.png\" \/>\n\t<meta property=\"og:image:width\" content=\"800\" \/>\n\t<meta property=\"og:image:height\" content=\"800\" \/>\n\t<meta property=\"og:image:type\" content=\"image\/png\" \/>\n<meta name=\"twitter:card\" content=\"summary_large_image\" \/>\n<meta name=\"twitter:label1\" content=\"Dur\u00e9e de lecture estim\u00e9e\" \/>\n\t<meta name=\"twitter:data1\" content=\"1 minute\" \/>\n<script type=\"application\/ld+json\" class=\"yoast-schema-graph\">{\"@context\":\"https:\\\/\\\/schema.org\",\"@graph\":[{\"@type\":\"WebPage\",\"@id\":\"https:\\\/\\\/www.credimex.ch\\\/fr\\\/produit\\\/airpel-ab-air-cylinders-lowest-friction-2\\\/\",\"url\":\"https:\\\/\\\/www.credimex.ch\\\/fr\\\/produit\\\/airpel-ab-air-cylinders-lowest-friction-2\\\/\",\"name\":\"V\u00e9rins \u00e0 air Airpel AB - CREDIMEX\",\"isPartOf\":{\"@id\":\"https:\\\/\\\/www.credimex.ch\\\/fr\\\/#website\"},\"primaryImageOfPage\":{\"@id\":\"https:\\\/\\\/www.credimex.ch\\\/fr\\\/produit\\\/airpel-ab-air-cylinders-lowest-friction-2\\\/#primaryimage\"},\"image\":{\"@id\":\"https:\\\/\\\/www.credimex.ch\\\/fr\\\/produit\\\/airpel-ab-air-cylinders-lowest-friction-2\\\/#primaryimage\"},\"thumbnailUrl\":\"https:\\\/\\\/www.credimex.ch\\\/wp-content\\\/uploads\\\/2022\\\/07\\\/30.png\",\"datePublished\":\"2022-07-07T10:19:12+00:00\",\"dateModified\":\"2023-04-05T11:13:40+00:00\",\"description\":\"Les v\u00e9rins pneumatiques AB d'Airpel fournissent le nec plus ultra en mati\u00e8re de contr\u00f4le pneumatique de la force pr\u00e9cise pour une grande vari\u00e9t\u00e9 d'applications.\",\"breadcrumb\":{\"@id\":\"https:\\\/\\\/www.credimex.ch\\\/fr\\\/produit\\\/airpel-ab-air-cylinders-lowest-friction-2\\\/#breadcrumb\"},\"inLanguage\":\"fr-FR\",\"potentialAction\":[{\"@type\":\"ReadAction\",\"target\":[\"https:\\\/\\\/www.credimex.ch\\\/fr\\\/produit\\\/airpel-ab-air-cylinders-lowest-friction-2\\\/\"]}]},{\"@type\":\"ImageObject\",\"inLanguage\":\"fr-FR\",\"@id\":\"https:\\\/\\\/www.credimex.ch\\\/fr\\\/produit\\\/airpel-ab-air-cylinders-lowest-friction-2\\\/#primaryimage\",\"url\":\"https:\\\/\\\/www.credimex.ch\\\/wp-content\\\/uploads\\\/2022\\\/07\\\/30.png\",\"contentUrl\":\"https:\\\/\\\/www.credimex.ch\\\/wp-content\\\/uploads\\\/2022\\\/07\\\/30.png\",\"width\":800,\"height\":800},{\"@type\":\"BreadcrumbList\",\"@id\":\"https:\\\/\\\/www.credimex.ch\\\/fr\\\/produit\\\/airpel-ab-air-cylinders-lowest-friction-2\\\/#breadcrumb\",\"itemListElement\":[{\"@type\":\"ListItem\",\"position\":1,\"name\":\"Home\",\"item\":\"https:\\\/\\\/www.credimex.ch\\\/fr\\\/\"},{\"@type\":\"ListItem\",\"position\":2,\"name\":\"Produits\",\"item\":\"https:\\\/\\\/www.credimex.ch\\\/fr\\\/produits\\\/\"},{\"@type\":\"ListItem\",\"position\":3,\"name\":\"V\u00e9rins \u00e0 air Airpel AB\"}]},{\"@type\":\"WebSite\",\"@id\":\"https:\\\/\\\/www.credimex.ch\\\/fr\\\/#website\",\"url\":\"https:\\\/\\\/www.credimex.ch\\\/fr\\\/\",\"name\":\"CREDIMEX\",\"description\":\"Partner of Swiss Industrial Market\",\"publisher\":{\"@id\":\"https:\\\/\\\/www.credimex.ch\\\/fr\\\/#organization\"},\"potentialAction\":[{\"@type\":\"SearchAction\",\"target\":{\"@type\":\"EntryPoint\",\"urlTemplate\":\"https:\\\/\\\/www.credimex.ch\\\/fr\\\/?s={search_term_string}\"},\"query-input\":{\"@type\":\"PropertyValueSpecification\",\"valueRequired\":true,\"valueName\":\"search_term_string\"}}],\"inLanguage\":\"fr-FR\"},{\"@type\":\"Organization\",\"@id\":\"https:\\\/\\\/www.credimex.ch\\\/fr\\\/#organization\",\"name\":\"credimex\",\"url\":\"https:\\\/\\\/www.credimex.ch\\\/fr\\\/\",\"logo\":{\"@type\":\"ImageObject\",\"inLanguage\":\"fr-FR\",\"@id\":\"https:\\\/\\\/www.credimex.ch\\\/fr\\\/#\\\/schema\\\/logo\\\/image\\\/\",\"url\":\"https:\\\/\\\/www.credimex.ch\\\/wp-content\\\/uploads\\\/2022\\\/03\\\/cropped-logo-credimex.png\",\"contentUrl\":\"https:\\\/\\\/www.credimex.ch\\\/wp-content\\\/uploads\\\/2022\\\/03\\\/cropped-logo-credimex.png\",\"width\":512,\"height\":512,\"caption\":\"credimex\"},\"image\":{\"@id\":\"https:\\\/\\\/www.credimex.ch\\\/fr\\\/#\\\/schema\\\/logo\\\/image\\\/\"},\"sameAs\":[\"https:\\\/\\\/www.facebook.com\\\/credimex.alpnach\\\/\",\"https:\\\/\\\/www.linkedin.com\\\/company\\\/credimex\\\/\",\"https:\\\/\\\/www.youtube.com\\\/@CREDIMEX?sub_confirmation=1\"]}]}<\/script>\n<!-- \/ Yoast SEO Premium plugin. -->","yoast_head_json":{"title":"V\u00e9rins \u00e0 air Airpel AB - CREDIMEX","description":"Les v\u00e9rins pneumatiques AB d'Airpel fournissent le nec plus ultra en mati\u00e8re de contr\u00f4le pneumatique de la force pr\u00e9cise pour une grande vari\u00e9t\u00e9 d'applications.","robots":{"index":"index","follow":"follow","max-snippet":"max-snippet:-1","max-image-preview":"max-image-preview:large","max-video-preview":"max-video-preview:-1"},"canonical":"https:\/\/www.credimex.ch\/fr\/produit\/airpel-ab-air-cylinders-lowest-friction-2\/","og_locale":"fr_FR","og_type":"article","og_title":"V\u00e9rins \u00e0 air Airpel AB","og_description":"Les v\u00e9rins pneumatiques AB d'Airpel fournissent le nec plus ultra en mati\u00e8re de contr\u00f4le pneumatique de la force pr\u00e9cise pour une grande vari\u00e9t\u00e9 d'applications.","og_url":"https:\/\/www.credimex.ch\/fr\/produit\/airpel-ab-air-cylinders-lowest-friction-2\/","og_site_name":"CREDIMEX","article_publisher":"https:\/\/www.facebook.com\/credimex.alpnach\/","article_modified_time":"2023-04-05T11:13:40+00:00","og_image":[{"width":800,"height":800,"url":"https:\/\/www.credimex.ch\/wp-content\/uploads\/2022\/07\/30.png","type":"image\/png"}],"twitter_card":"summary_large_image","twitter_misc":{"Dur\u00e9e de lecture estim\u00e9e":"1 minute"},"schema":{"@context":"https:\/\/schema.org","@graph":[{"@type":"WebPage","@id":"https:\/\/www.credimex.ch\/fr\/produit\/airpel-ab-air-cylinders-lowest-friction-2\/","url":"https:\/\/www.credimex.ch\/fr\/produit\/airpel-ab-air-cylinders-lowest-friction-2\/","name":"V\u00e9rins \u00e0 air Airpel AB - CREDIMEX","isPartOf":{"@id":"https:\/\/www.credimex.ch\/fr\/#website"},"primaryImageOfPage":{"@id":"https:\/\/www.credimex.ch\/fr\/produit\/airpel-ab-air-cylinders-lowest-friction-2\/#primaryimage"},"image":{"@id":"https:\/\/www.credimex.ch\/fr\/produit\/airpel-ab-air-cylinders-lowest-friction-2\/#primaryimage"},"thumbnailUrl":"https:\/\/www.credimex.ch\/wp-content\/uploads\/2022\/07\/30.png","datePublished":"2022-07-07T10:19:12+00:00","dateModified":"2023-04-05T11:13:40+00:00","description":"Les v\u00e9rins pneumatiques AB d'Airpel fournissent le nec plus ultra en mati\u00e8re de contr\u00f4le pneumatique de la force pr\u00e9cise pour une grande vari\u00e9t\u00e9 d'applications.","breadcrumb":{"@id":"https:\/\/www.credimex.ch\/fr\/produit\/airpel-ab-air-cylinders-lowest-friction-2\/#breadcrumb"},"inLanguage":"fr-FR","potentialAction":[{"@type":"ReadAction","target":["https:\/\/www.credimex.ch\/fr\/produit\/airpel-ab-air-cylinders-lowest-friction-2\/"]}]},{"@type":"ImageObject","inLanguage":"fr-FR","@id":"https:\/\/www.credimex.ch\/fr\/produit\/airpel-ab-air-cylinders-lowest-friction-2\/#primaryimage","url":"https:\/\/www.credimex.ch\/wp-content\/uploads\/2022\/07\/30.png","contentUrl":"https:\/\/www.credimex.ch\/wp-content\/uploads\/2022\/07\/30.png","width":800,"height":800},{"@type":"BreadcrumbList","@id":"https:\/\/www.credimex.ch\/fr\/produit\/airpel-ab-air-cylinders-lowest-friction-2\/#breadcrumb","itemListElement":[{"@type":"ListItem","position":1,"name":"Home","item":"https:\/\/www.credimex.ch\/fr\/"},{"@type":"ListItem","position":2,"name":"Produits","item":"https:\/\/www.credimex.ch\/fr\/produits\/"},{"@type":"ListItem","position":3,"name":"V\u00e9rins \u00e0 air Airpel AB"}]},{"@type":"WebSite","@id":"https:\/\/www.credimex.ch\/fr\/#website","url":"https:\/\/www.credimex.ch\/fr\/","name":"CREDIMEX","description":"Partner of Swiss Industrial Market","publisher":{"@id":"https:\/\/www.credimex.ch\/fr\/#organization"},"potentialAction":[{"@type":"SearchAction","target":{"@type":"EntryPoint","urlTemplate":"https:\/\/www.credimex.ch\/fr\/?s={search_term_string}"},"query-input":{"@type":"PropertyValueSpecification","valueRequired":true,"valueName":"search_term_string"}}],"inLanguage":"fr-FR"},{"@type":"Organization","@id":"https:\/\/www.credimex.ch\/fr\/#organization","name":"credimex","url":"https:\/\/www.credimex.ch\/fr\/","logo":{"@type":"ImageObject","inLanguage":"fr-FR","@id":"https:\/\/www.credimex.ch\/fr\/#\/schema\/logo\/image\/","url":"https:\/\/www.credimex.ch\/wp-content\/uploads\/2022\/03\/cropped-logo-credimex.png","contentUrl":"https:\/\/www.credimex.ch\/wp-content\/uploads\/2022\/03\/cropped-logo-credimex.png","width":512,"height":512,"caption":"credimex"},"image":{"@id":"https:\/\/www.credimex.ch\/fr\/#\/schema\/logo\/image\/"},"sameAs":["https:\/\/www.facebook.com\/credimex.alpnach\/","https:\/\/www.linkedin.com\/company\/credimex\/","https:\/\/www.youtube.com\/@CREDIMEX?sub_confirmation=1"]}]}},"_links":{"self":[{"href":"https:\/\/www.credimex.ch\/fr\/wp-json\/wp\/v2\/product\/4048","targetHints":{"allow":["GET"]}}],"collection":[{"href":"https:\/\/www.credimex.ch\/fr\/wp-json\/wp\/v2\/product"}],"about":[{"href":"https:\/\/www.credimex.ch\/fr\/wp-json\/wp\/v2\/types\/product"}],"replies":[{"embeddable":true,"href":"https:\/\/www.credimex.ch\/fr\/wp-json\/wp\/v2\/comments?post=4048"}],"wp:featuredmedia":[{"embeddable":true,"href":"https:\/\/www.credimex.ch\/fr\/wp-json\/wp\/v2\/media\/3456"}],"wp:attachment":[{"href":"https:\/\/www.credimex.ch\/fr\/wp-json\/wp\/v2\/media?parent=4048"}],"wp:term":[{"taxonomy":"product_brand","embeddable":true,"href":"https:\/\/www.credimex.ch\/fr\/wp-json\/wp\/v2\/product_brand?post=4048"},{"taxonomy":"product_cat","embeddable":true,"href":"https:\/\/www.credimex.ch\/fr\/wp-json\/wp\/v2\/product_cat?post=4048"},{"taxonomy":"product_tag","embeddable":true,"href":"https:\/\/www.credimex.ch\/fr\/wp-json\/wp\/v2\/product_tag?post=4048"}],"curies":[{"name":"wp","href":"https:\/\/api.w.org\/{rel}","templated":true}]}}