{"id":4050,"date":"2022-07-07T12:00:00","date_gmt":"2022-07-07T10:00:00","guid":{"rendered":"https:\/\/www.credimex.ch.mialias.net\/product\/cylindres-a-air-airpel-plus-frottement-reduit\/"},"modified":"2023-04-05T13:17:40","modified_gmt":"2023-04-05T11:17:40","slug":"airpel-plus-cylindres-aeriens-lower-friction","status":"publish","type":"product","link":"https:\/\/www.credimex.ch\/fr\/produit\/airpel-plus-cylindres-aeriens-lower-friction\/","title":{"rendered":"Cylindres \u00e0 air Airpel PLUS"},"content":{"rendered":"<h2>Description<\/h2>\n<p>L&rsquo;Airpel Plus utilise la m\u00eame combinaison de piston en graphite et de cylindre en verre borosilicate que notre Airpel standard, mais la construction du piston tire parti de notre technologie Airpel-AB. Le r\u00e9sultat est un v\u00e9rin pneumatique dont les niveaux de friction ne repr\u00e9sentent qu&rsquo;environ 25 % de ceux du mod\u00e8le Airpel standard. Cela permet une pr\u00e9cision encore plus grande de la force et une r\u00e9solution plus pr\u00e9cise tout en offrant une \u00e9conomie significative par rapport \u00e0 l&rsquo;Airpel-AB. En outre, l&rsquo;Airpel Plus offre la m\u00eame large gamme de temp\u00e9ratures de fonctionnement et la m\u00eame longue dur\u00e9e de vie que notre Airpel original.<\/p>\n<h2>Avantages du produit<\/h2>\n<p>Afin d&rsquo;\u00e9tendre et d&rsquo;am\u00e9liorer la famille Airpel de v\u00e9rins pneumatiques \u00e0 force pr\u00e9cise et \u00e0 frottement ultra faible, nous avons d\u00e9velopp\u00e9 la gamme Airpel Plus. Ces mod\u00e8les d&rsquo;Airpel se situent au milieu de la gamme de prix\/performances entre notre Airpel Anti-Stiction\u00ae standard et l&rsquo;Airpel-AB\u00ae Force Without Friction\u00ae. En combinant les caract\u00e9ristiques et les composants de ces deux conceptions originales, nous sommes en mesure d&rsquo;offrir un v\u00e9rin pneumatique de haute performance pour les applications n\u00e9cessitant un frottement encore plus faible que celui de l&rsquo;Airpel standard, mais \u00e0 un prix bien inf\u00e9rieur \u00e0 celui de notre Airpel -AB haut de gamme.<\/p>\n<h2>Application<\/h2>\n<p>Les v\u00e9rins pneumatiques Airpel PLUS sont utilis\u00e9s pour toutes les applications industrielles.<\/p>\n","protected":false},"excerpt":{"rendered":"<p>Les v\u00e9rins \u00e0 air Airpel PLUS offrent un v\u00e9rin \u00e0 air haute performance pour les applications n\u00e9cessitant une friction encore plus faible que les v\u00e9rins \u00e0 air Airpel standard.<\/p>\n","protected":false},"featured_media":3452,"comment_status":"open","ping_status":"closed","template":"","meta":{"_acf_changed":false},"product_brand":[],"product_cat":[341,598,340,413,599,376,411,384,475,375,361,360,414,588,412],"product_tag":[],"class_list":{"0":"post-4050","1":"product","2":"type-product","3":"status-publish","4":"has-post-thumbnail","6":"product_cat-aerospatiale","7":"product_cat-airpel","8":"product_cat-automobile","9":"product_cat-batteries","10":"product_cat-cylindres-airpel","11":"product_cat-e-mobilite","12":"product_cat-electronique","13":"product_cat-energie","14":"product_cat-fabrication-de-montres","15":"product_cat-ferroviaire","16":"product_cat-industrie-alimentaire","17":"product_cat-industrie-generale","18":"product_cat-medical","19":"product_cat-pneumatique","20":"product_cat-telepheriques","21":"pa_brands-airpel-fr","23":"first","24":"instock","25":"shipping-taxable","26":"product-type-simple"},"acf":[],"_yoast_wpseo_focuskw":"Cylindres \u00e0 air Airpel PLUS (friction r\u00e9duite)","_yoast_wpseo_metadesc":"Les v\u00e9rins \u00e0 air Airpel PLUS offrent un v\u00e9rin \u00e0 air de haute performance pour les applications n\u00e9cessitant une friction plus faible que les v\u00e9rins Airpel standard.","yoast_head":"<!-- This site is optimized with the Yoast SEO Premium plugin v21.6 (Yoast SEO v27.4) - https:\/\/yoast.com\/product\/yoast-seo-premium-wordpress\/ -->\n<title>Cylindres \u00e0 air Airpel PLUS - CREDIMEX<\/title>\n<meta name=\"description\" content=\"Les v\u00e9rins \u00e0 air Airpel PLUS offrent un v\u00e9rin \u00e0 air de haute performance pour les applications n\u00e9cessitant une friction plus faible que les v\u00e9rins Airpel standard.\" \/>\n<meta name=\"robots\" content=\"index, follow, max-snippet:-1, max-image-preview:large, max-video-preview:-1\" \/>\n<link rel=\"canonical\" href=\"https:\/\/www.credimex.ch\/fr\/produit\/airpel-plus-cylindres-aeriens-lower-friction\/\" \/>\n<meta property=\"og:locale\" content=\"fr_FR\" \/>\n<meta property=\"og:type\" content=\"article\" \/>\n<meta property=\"og:title\" content=\"Cylindres \u00e0 air Airpel PLUS\" \/>\n<meta property=\"og:description\" content=\"Les v\u00e9rins \u00e0 air Airpel PLUS offrent un v\u00e9rin \u00e0 air de haute performance pour les applications n\u00e9cessitant une friction plus faible que les v\u00e9rins Airpel standard.\" \/>\n<meta property=\"og:url\" content=\"https:\/\/www.credimex.ch\/fr\/produit\/airpel-plus-cylindres-aeriens-lower-friction\/\" \/>\n<meta property=\"og:site_name\" content=\"CREDIMEX\" \/>\n<meta property=\"article:publisher\" content=\"https:\/\/www.facebook.com\/credimex.alpnach\/\" \/>\n<meta property=\"article:modified_time\" content=\"2023-04-05T11:17:40+00:00\" \/>\n<meta property=\"og:image\" content=\"https:\/\/www.credimex.ch\/wp-content\/uploads\/2022\/07\/2019-airpot-airpel-plus-family-shot-small.jpeg\" \/>\n\t<meta property=\"og:image:width\" content=\"300\" \/>\n\t<meta property=\"og:image:height\" content=\"213\" \/>\n\t<meta property=\"og:image:type\" content=\"image\/jpeg\" \/>\n<meta name=\"twitter:card\" content=\"summary_large_image\" \/>\n<meta name=\"twitter:label1\" content=\"Dur\u00e9e de lecture estim\u00e9e\" \/>\n\t<meta name=\"twitter:data1\" content=\"1 minute\" \/>\n<script type=\"application\/ld+json\" class=\"yoast-schema-graph\">{\"@context\":\"https:\\\/\\\/schema.org\",\"@graph\":[{\"@type\":\"WebPage\",\"@id\":\"https:\\\/\\\/www.credimex.ch\\\/fr\\\/produit\\\/airpel-plus-cylindres-aeriens-lower-friction\\\/\",\"url\":\"https:\\\/\\\/www.credimex.ch\\\/fr\\\/produit\\\/airpel-plus-cylindres-aeriens-lower-friction\\\/\",\"name\":\"Cylindres \u00e0 air Airpel PLUS - CREDIMEX\",\"isPartOf\":{\"@id\":\"https:\\\/\\\/www.credimex.ch\\\/fr\\\/#website\"},\"primaryImageOfPage\":{\"@id\":\"https:\\\/\\\/www.credimex.ch\\\/fr\\\/produit\\\/airpel-plus-cylindres-aeriens-lower-friction\\\/#primaryimage\"},\"image\":{\"@id\":\"https:\\\/\\\/www.credimex.ch\\\/fr\\\/produit\\\/airpel-plus-cylindres-aeriens-lower-friction\\\/#primaryimage\"},\"thumbnailUrl\":\"https:\\\/\\\/www.credimex.ch\\\/wp-content\\\/uploads\\\/2022\\\/07\\\/2019-airpot-airpel-plus-family-shot-small.jpeg\",\"datePublished\":\"2022-07-07T10:00:00+00:00\",\"dateModified\":\"2023-04-05T11:17:40+00:00\",\"description\":\"Les v\u00e9rins \u00e0 air Airpel PLUS offrent un v\u00e9rin \u00e0 air de haute performance pour les applications n\u00e9cessitant une friction plus faible que les v\u00e9rins Airpel standard.\",\"breadcrumb\":{\"@id\":\"https:\\\/\\\/www.credimex.ch\\\/fr\\\/produit\\\/airpel-plus-cylindres-aeriens-lower-friction\\\/#breadcrumb\"},\"inLanguage\":\"fr-FR\",\"potentialAction\":[{\"@type\":\"ReadAction\",\"target\":[\"https:\\\/\\\/www.credimex.ch\\\/fr\\\/produit\\\/airpel-plus-cylindres-aeriens-lower-friction\\\/\"]}]},{\"@type\":\"ImageObject\",\"inLanguage\":\"fr-FR\",\"@id\":\"https:\\\/\\\/www.credimex.ch\\\/fr\\\/produit\\\/airpel-plus-cylindres-aeriens-lower-friction\\\/#primaryimage\",\"url\":\"https:\\\/\\\/www.credimex.ch\\\/wp-content\\\/uploads\\\/2022\\\/07\\\/2019-airpot-airpel-plus-family-shot-small.jpeg\",\"contentUrl\":\"https:\\\/\\\/www.credimex.ch\\\/wp-content\\\/uploads\\\/2022\\\/07\\\/2019-airpot-airpel-plus-family-shot-small.jpeg\",\"width\":300,\"height\":213},{\"@type\":\"BreadcrumbList\",\"@id\":\"https:\\\/\\\/www.credimex.ch\\\/fr\\\/produit\\\/airpel-plus-cylindres-aeriens-lower-friction\\\/#breadcrumb\",\"itemListElement\":[{\"@type\":\"ListItem\",\"position\":1,\"name\":\"Home\",\"item\":\"https:\\\/\\\/www.credimex.ch\\\/fr\\\/\"},{\"@type\":\"ListItem\",\"position\":2,\"name\":\"Produits\",\"item\":\"https:\\\/\\\/www.credimex.ch\\\/fr\\\/produits\\\/\"},{\"@type\":\"ListItem\",\"position\":3,\"name\":\"Cylindres \u00e0 air Airpel PLUS\"}]},{\"@type\":\"WebSite\",\"@id\":\"https:\\\/\\\/www.credimex.ch\\\/fr\\\/#website\",\"url\":\"https:\\\/\\\/www.credimex.ch\\\/fr\\\/\",\"name\":\"CREDIMEX\",\"description\":\"Partner of Swiss Industrial Market\",\"publisher\":{\"@id\":\"https:\\\/\\\/www.credimex.ch\\\/fr\\\/#organization\"},\"potentialAction\":[{\"@type\":\"SearchAction\",\"target\":{\"@type\":\"EntryPoint\",\"urlTemplate\":\"https:\\\/\\\/www.credimex.ch\\\/fr\\\/?s={search_term_string}\"},\"query-input\":{\"@type\":\"PropertyValueSpecification\",\"valueRequired\":true,\"valueName\":\"search_term_string\"}}],\"inLanguage\":\"fr-FR\"},{\"@type\":\"Organization\",\"@id\":\"https:\\\/\\\/www.credimex.ch\\\/fr\\\/#organization\",\"name\":\"credimex\",\"url\":\"https:\\\/\\\/www.credimex.ch\\\/fr\\\/\",\"logo\":{\"@type\":\"ImageObject\",\"inLanguage\":\"fr-FR\",\"@id\":\"https:\\\/\\\/www.credimex.ch\\\/fr\\\/#\\\/schema\\\/logo\\\/image\\\/\",\"url\":\"https:\\\/\\\/www.credimex.ch\\\/wp-content\\\/uploads\\\/2022\\\/03\\\/cropped-logo-credimex.png\",\"contentUrl\":\"https:\\\/\\\/www.credimex.ch\\\/wp-content\\\/uploads\\\/2022\\\/03\\\/cropped-logo-credimex.png\",\"width\":512,\"height\":512,\"caption\":\"credimex\"},\"image\":{\"@id\":\"https:\\\/\\\/www.credimex.ch\\\/fr\\\/#\\\/schema\\\/logo\\\/image\\\/\"},\"sameAs\":[\"https:\\\/\\\/www.facebook.com\\\/credimex.alpnach\\\/\",\"https:\\\/\\\/www.linkedin.com\\\/company\\\/credimex\\\/\",\"https:\\\/\\\/www.youtube.com\\\/@CREDIMEX?sub_confirmation=1\"]}]}<\/script>\n<!-- \/ Yoast SEO Premium plugin. -->","yoast_head_json":{"title":"Cylindres \u00e0 air Airpel PLUS - CREDIMEX","description":"Les v\u00e9rins \u00e0 air Airpel PLUS offrent un v\u00e9rin \u00e0 air de haute performance pour les applications n\u00e9cessitant une friction plus faible que les v\u00e9rins Airpel standard.","robots":{"index":"index","follow":"follow","max-snippet":"max-snippet:-1","max-image-preview":"max-image-preview:large","max-video-preview":"max-video-preview:-1"},"canonical":"https:\/\/www.credimex.ch\/fr\/produit\/airpel-plus-cylindres-aeriens-lower-friction\/","og_locale":"fr_FR","og_type":"article","og_title":"Cylindres \u00e0 air Airpel PLUS","og_description":"Les v\u00e9rins \u00e0 air Airpel PLUS offrent un v\u00e9rin \u00e0 air de haute performance pour les applications n\u00e9cessitant une friction plus faible que les v\u00e9rins Airpel standard.","og_url":"https:\/\/www.credimex.ch\/fr\/produit\/airpel-plus-cylindres-aeriens-lower-friction\/","og_site_name":"CREDIMEX","article_publisher":"https:\/\/www.facebook.com\/credimex.alpnach\/","article_modified_time":"2023-04-05T11:17:40+00:00","og_image":[{"width":300,"height":213,"url":"https:\/\/www.credimex.ch\/wp-content\/uploads\/2022\/07\/2019-airpot-airpel-plus-family-shot-small.jpeg","type":"image\/jpeg"}],"twitter_card":"summary_large_image","twitter_misc":{"Dur\u00e9e de lecture estim\u00e9e":"1 minute"},"schema":{"@context":"https:\/\/schema.org","@graph":[{"@type":"WebPage","@id":"https:\/\/www.credimex.ch\/fr\/produit\/airpel-plus-cylindres-aeriens-lower-friction\/","url":"https:\/\/www.credimex.ch\/fr\/produit\/airpel-plus-cylindres-aeriens-lower-friction\/","name":"Cylindres \u00e0 air Airpel PLUS - CREDIMEX","isPartOf":{"@id":"https:\/\/www.credimex.ch\/fr\/#website"},"primaryImageOfPage":{"@id":"https:\/\/www.credimex.ch\/fr\/produit\/airpel-plus-cylindres-aeriens-lower-friction\/#primaryimage"},"image":{"@id":"https:\/\/www.credimex.ch\/fr\/produit\/airpel-plus-cylindres-aeriens-lower-friction\/#primaryimage"},"thumbnailUrl":"https:\/\/www.credimex.ch\/wp-content\/uploads\/2022\/07\/2019-airpot-airpel-plus-family-shot-small.jpeg","datePublished":"2022-07-07T10:00:00+00:00","dateModified":"2023-04-05T11:17:40+00:00","description":"Les v\u00e9rins \u00e0 air Airpel PLUS offrent un v\u00e9rin \u00e0 air de haute performance pour les applications n\u00e9cessitant une friction plus faible que les v\u00e9rins Airpel standard.","breadcrumb":{"@id":"https:\/\/www.credimex.ch\/fr\/produit\/airpel-plus-cylindres-aeriens-lower-friction\/#breadcrumb"},"inLanguage":"fr-FR","potentialAction":[{"@type":"ReadAction","target":["https:\/\/www.credimex.ch\/fr\/produit\/airpel-plus-cylindres-aeriens-lower-friction\/"]}]},{"@type":"ImageObject","inLanguage":"fr-FR","@id":"https:\/\/www.credimex.ch\/fr\/produit\/airpel-plus-cylindres-aeriens-lower-friction\/#primaryimage","url":"https:\/\/www.credimex.ch\/wp-content\/uploads\/2022\/07\/2019-airpot-airpel-plus-family-shot-small.jpeg","contentUrl":"https:\/\/www.credimex.ch\/wp-content\/uploads\/2022\/07\/2019-airpot-airpel-plus-family-shot-small.jpeg","width":300,"height":213},{"@type":"BreadcrumbList","@id":"https:\/\/www.credimex.ch\/fr\/produit\/airpel-plus-cylindres-aeriens-lower-friction\/#breadcrumb","itemListElement":[{"@type":"ListItem","position":1,"name":"Home","item":"https:\/\/www.credimex.ch\/fr\/"},{"@type":"ListItem","position":2,"name":"Produits","item":"https:\/\/www.credimex.ch\/fr\/produits\/"},{"@type":"ListItem","position":3,"name":"Cylindres \u00e0 air Airpel PLUS"}]},{"@type":"WebSite","@id":"https:\/\/www.credimex.ch\/fr\/#website","url":"https:\/\/www.credimex.ch\/fr\/","name":"CREDIMEX","description":"Partner of Swiss Industrial Market","publisher":{"@id":"https:\/\/www.credimex.ch\/fr\/#organization"},"potentialAction":[{"@type":"SearchAction","target":{"@type":"EntryPoint","urlTemplate":"https:\/\/www.credimex.ch\/fr\/?s={search_term_string}"},"query-input":{"@type":"PropertyValueSpecification","valueRequired":true,"valueName":"search_term_string"}}],"inLanguage":"fr-FR"},{"@type":"Organization","@id":"https:\/\/www.credimex.ch\/fr\/#organization","name":"credimex","url":"https:\/\/www.credimex.ch\/fr\/","logo":{"@type":"ImageObject","inLanguage":"fr-FR","@id":"https:\/\/www.credimex.ch\/fr\/#\/schema\/logo\/image\/","url":"https:\/\/www.credimex.ch\/wp-content\/uploads\/2022\/03\/cropped-logo-credimex.png","contentUrl":"https:\/\/www.credimex.ch\/wp-content\/uploads\/2022\/03\/cropped-logo-credimex.png","width":512,"height":512,"caption":"credimex"},"image":{"@id":"https:\/\/www.credimex.ch\/fr\/#\/schema\/logo\/image\/"},"sameAs":["https:\/\/www.facebook.com\/credimex.alpnach\/","https:\/\/www.linkedin.com\/company\/credimex\/","https:\/\/www.youtube.com\/@CREDIMEX?sub_confirmation=1"]}]}},"_links":{"self":[{"href":"https:\/\/www.credimex.ch\/fr\/wp-json\/wp\/v2\/product\/4050","targetHints":{"allow":["GET"]}}],"collection":[{"href":"https:\/\/www.credimex.ch\/fr\/wp-json\/wp\/v2\/product"}],"about":[{"href":"https:\/\/www.credimex.ch\/fr\/wp-json\/wp\/v2\/types\/product"}],"replies":[{"embeddable":true,"href":"https:\/\/www.credimex.ch\/fr\/wp-json\/wp\/v2\/comments?post=4050"}],"wp:featuredmedia":[{"embeddable":true,"href":"https:\/\/www.credimex.ch\/fr\/wp-json\/wp\/v2\/media\/3452"}],"wp:attachment":[{"href":"https:\/\/www.credimex.ch\/fr\/wp-json\/wp\/v2\/media?parent=4050"}],"wp:term":[{"taxonomy":"product_brand","embeddable":true,"href":"https:\/\/www.credimex.ch\/fr\/wp-json\/wp\/v2\/product_brand?post=4050"},{"taxonomy":"product_cat","embeddable":true,"href":"https:\/\/www.credimex.ch\/fr\/wp-json\/wp\/v2\/product_cat?post=4050"},{"taxonomy":"product_tag","embeddable":true,"href":"https:\/\/www.credimex.ch\/fr\/wp-json\/wp\/v2\/product_tag?post=4050"}],"curies":[{"name":"wp","href":"https:\/\/api.w.org\/{rel}","templated":true}]}}