{"id":4052,"date":"2022-07-07T11:47:24","date_gmt":"2022-07-07T09:47:24","guid":{"rendered":"https:\/\/www.credimex.ch.mialias.net\/product\/verins-a-air-a-faible-friction-airpel\/"},"modified":"2022-07-07T11:47:24","modified_gmt":"2022-07-07T09:47:24","slug":"cylindres-pneumatiques-a-faible-friction-airpel","status":"publish","type":"product","link":"https:\/\/www.credimex.ch\/fr\/produit\/cylindres-pneumatiques-a-faible-friction-airpel\/","title":{"rendered":"V\u00e9rins \u00e0 air \u00e0 faible friction Airpel"},"content":{"rendered":"<h2>Description<\/h2>\n<p>Les v\u00e9rins pneumatiques \u00e0 faible friction Airpel se distinguent des v\u00e9rins \u00e0 alignement automatique Airpot par le fait que les v\u00e9rins Airpel sont disponibles dans des configurations \u00e0 double action, qui peuvent \u00eatre actionn\u00e9es \u00e0 partir des deux extr\u00e9mit\u00e9s, ont un bo\u00eetier ext\u00e9rieur en acier inoxydable, sont disponibles dans des mod\u00e8les \u00e0 double tige, et le v\u00e9rin peut pivoter.<\/p>\n<p>La gamme Airpel comprend des dispositifs et des caract\u00e9ristiques qui vont bien au-del\u00e0 de leur simple description de v\u00e9rins pneumatiques \u00e0 faible friction. Vous devez vraiment sentir leur douceur pour appr\u00e9cier leur capacit\u00e9 de contr\u00f4le de la force.<\/p>\n<h2>Avantages du produit<\/h2>\n<p>Les v\u00e9rins pneumatiques \u00e0 faible friction d&rsquo;Airpel ont cr\u00e9\u00e9 une nouvelle classe \u00e9tonnante d&rsquo;actionneurs pneumatiques sp\u00e9cialement con\u00e7us pour un contr\u00f4le de la force tr\u00e8s pr\u00e9cis. Ils sont construits \u00e0 l&rsquo;aide d&rsquo;une combinaison piston en graphite\/cylindre en verre borosilicat\u00e9 dans laquelle chaque piston est adapt\u00e9 de mani\u00e8re s\u00e9lective au cylindre avec des jeux extr\u00eamement serr\u00e9s. Ils pr\u00e9sentent une faible friction in\u00e9gal\u00e9e, r\u00e9agissant \u00e0 des forces aussi faibles que quelques grammes et \u00e0 des pressions inf\u00e9rieures \u00e0 0,2 psi. Les frottements au d\u00e9marrage et en fonctionnement sont presque identiques, ce qui \u00e9vite les d\u00e9marrages saccad\u00e9s et incontr\u00f4l\u00e9s et assure une douceur uniforme sur toute la course de l&rsquo;appareil. Les v\u00e9rins pneumatiques \u00e0 faible friction d&rsquo;Airpel ne sont pas affect\u00e9s par les variations extr\u00eames de temp\u00e9rature, fonctionnent proprement et ne contaminent pas les composants environnants. Aucun joint d&rsquo;interf\u00e9rence n&rsquo;est n\u00e9cessaire, et il n&rsquo;y a aucun lubrifiant ou autre liquide susceptible de fuir. Les mat\u00e9riaux utilis\u00e9s sont propres, autolubrifiants et capables d&rsquo;atteindre des taux de cycle extr\u00eamement \u00e9lev\u00e9s. Ils ne s&rsquo;\u00e9chauffent pas et ne se modifient pas mat\u00e9riellement dans des conditions de cycles rapides et\/ou continus et ont une dur\u00e9e de vie de plusieurs millions de cycles.<\/p>\n<h2>Application<\/h2>\n<p>Les v\u00e9rins pneumatiques \u00e0 faible friction d&rsquo;Airpel sont utilis\u00e9s pour toutes les applications industrielles.<\/p>\n","protected":false},"excerpt":{"rendered":"<p>Les <strong>v\u00e9rins pneumatiques \u00e0 faible friction d&rsquo;Airpel<\/strong> ont cr\u00e9\u00e9 une nouvelle classe \u00e9tonnante d&rsquo;actionneurs pneumatiques sp\u00e9cialement con\u00e7us pour un contr\u00f4le de la force tr\u00e8s pr\u00e9cis.<\/p>\n","protected":false},"featured_media":3454,"comment_status":"open","ping_status":"closed","template":"","meta":{"_acf_changed":false},"product_brand":[],"product_cat":[341,598,340,413,599,376,411,384,475,375,361,360,414,588,412],"product_tag":[],"class_list":{"0":"post-4052","1":"product","2":"type-product","3":"status-publish","4":"has-post-thumbnail","6":"product_cat-aerospatiale","7":"product_cat-airpel","8":"product_cat-automobile","9":"product_cat-batteries","10":"product_cat-cylindres-airpel","11":"product_cat-e-mobilite","12":"product_cat-electronique","13":"product_cat-energie","14":"product_cat-fabrication-de-montres","15":"product_cat-ferroviaire","16":"product_cat-industrie-alimentaire","17":"product_cat-industrie-generale","18":"product_cat-medical","19":"product_cat-pneumatique","20":"product_cat-telepheriques","21":"pa_brands-airpel-fr","23":"first","24":"instock","25":"shipping-taxable","26":"product-type-simple"},"acf":[],"_yoast_wpseo_focuskw":"V\u00e9rins \u00e0 air \u00e0 faible friction Airpel","_yoast_wpseo_metadesc":"Les v\u00e9rins pneumatiques \u00e0 faible friction d'Airpel ont cr\u00e9\u00e9 une nouvelle classe \u00e9tonnante d'actionneurs pneumatiques sp\u00e9cialement con\u00e7us pour un contr\u00f4le de la force tr\u00e8s pr\u00e9cis.","yoast_head":"<!-- This site is optimized with the Yoast SEO Premium plugin v21.6 (Yoast SEO v27.4) - https:\/\/yoast.com\/product\/yoast-seo-premium-wordpress\/ -->\n<title>V\u00e9rins \u00e0 air \u00e0 faible friction Airpel - CREDIMEX<\/title>\n<meta name=\"description\" content=\"Les v\u00e9rins pneumatiques \u00e0 faible friction d&#039;Airpel ont cr\u00e9\u00e9 une nouvelle classe \u00e9tonnante d&#039;actionneurs pneumatiques sp\u00e9cialement con\u00e7us pour un contr\u00f4le de la force tr\u00e8s pr\u00e9cis.\" \/>\n<meta name=\"robots\" content=\"index, follow, max-snippet:-1, max-image-preview:large, max-video-preview:-1\" \/>\n<link rel=\"canonical\" href=\"https:\/\/www.credimex.ch\/fr\/produit\/cylindres-pneumatiques-a-faible-friction-airpel\/\" \/>\n<meta property=\"og:locale\" content=\"fr_FR\" \/>\n<meta property=\"og:type\" content=\"article\" \/>\n<meta property=\"og:title\" content=\"V\u00e9rins \u00e0 air \u00e0 faible friction Airpel\" \/>\n<meta property=\"og:description\" content=\"Les v\u00e9rins pneumatiques \u00e0 faible friction d&#039;Airpel ont cr\u00e9\u00e9 une nouvelle classe \u00e9tonnante d&#039;actionneurs pneumatiques sp\u00e9cialement con\u00e7us pour un contr\u00f4le de la force tr\u00e8s pr\u00e9cis.\" \/>\n<meta property=\"og:url\" content=\"https:\/\/www.credimex.ch\/fr\/produit\/cylindres-pneumatiques-a-faible-friction-airpel\/\" \/>\n<meta property=\"og:site_name\" content=\"CREDIMEX\" \/>\n<meta property=\"article:publisher\" content=\"https:\/\/www.facebook.com\/credimex.alpnach\/\" \/>\n<meta property=\"og:image\" content=\"https:\/\/www.credimex.ch\/wp-content\/uploads\/2022\/07\/29.png\" \/>\n\t<meta property=\"og:image:width\" content=\"800\" \/>\n\t<meta property=\"og:image:height\" content=\"800\" \/>\n\t<meta property=\"og:image:type\" content=\"image\/png\" \/>\n<meta name=\"twitter:card\" content=\"summary_large_image\" \/>\n<meta name=\"twitter:label1\" content=\"Dur\u00e9e de lecture estim\u00e9e\" \/>\n\t<meta name=\"twitter:data1\" content=\"2 minutes\" \/>\n<script type=\"application\/ld+json\" class=\"yoast-schema-graph\">{\"@context\":\"https:\\\/\\\/schema.org\",\"@graph\":[{\"@type\":\"WebPage\",\"@id\":\"https:\\\/\\\/www.credimex.ch\\\/fr\\\/produit\\\/cylindres-pneumatiques-a-faible-friction-airpel\\\/\",\"url\":\"https:\\\/\\\/www.credimex.ch\\\/fr\\\/produit\\\/cylindres-pneumatiques-a-faible-friction-airpel\\\/\",\"name\":\"V\u00e9rins \u00e0 air \u00e0 faible friction Airpel - CREDIMEX\",\"isPartOf\":{\"@id\":\"https:\\\/\\\/www.credimex.ch\\\/fr\\\/#website\"},\"primaryImageOfPage\":{\"@id\":\"https:\\\/\\\/www.credimex.ch\\\/fr\\\/produit\\\/cylindres-pneumatiques-a-faible-friction-airpel\\\/#primaryimage\"},\"image\":{\"@id\":\"https:\\\/\\\/www.credimex.ch\\\/fr\\\/produit\\\/cylindres-pneumatiques-a-faible-friction-airpel\\\/#primaryimage\"},\"thumbnailUrl\":\"https:\\\/\\\/www.credimex.ch\\\/wp-content\\\/uploads\\\/2022\\\/07\\\/29.png\",\"datePublished\":\"2022-07-07T09:47:24+00:00\",\"description\":\"Les v\u00e9rins pneumatiques \u00e0 faible friction d'Airpel ont cr\u00e9\u00e9 une nouvelle classe \u00e9tonnante d'actionneurs pneumatiques sp\u00e9cialement con\u00e7us pour un contr\u00f4le de la force tr\u00e8s pr\u00e9cis.\",\"breadcrumb\":{\"@id\":\"https:\\\/\\\/www.credimex.ch\\\/fr\\\/produit\\\/cylindres-pneumatiques-a-faible-friction-airpel\\\/#breadcrumb\"},\"inLanguage\":\"fr-FR\",\"potentialAction\":[{\"@type\":\"ReadAction\",\"target\":[\"https:\\\/\\\/www.credimex.ch\\\/fr\\\/produit\\\/cylindres-pneumatiques-a-faible-friction-airpel\\\/\"]}]},{\"@type\":\"ImageObject\",\"inLanguage\":\"fr-FR\",\"@id\":\"https:\\\/\\\/www.credimex.ch\\\/fr\\\/produit\\\/cylindres-pneumatiques-a-faible-friction-airpel\\\/#primaryimage\",\"url\":\"https:\\\/\\\/www.credimex.ch\\\/wp-content\\\/uploads\\\/2022\\\/07\\\/29.png\",\"contentUrl\":\"https:\\\/\\\/www.credimex.ch\\\/wp-content\\\/uploads\\\/2022\\\/07\\\/29.png\",\"width\":800,\"height\":800},{\"@type\":\"BreadcrumbList\",\"@id\":\"https:\\\/\\\/www.credimex.ch\\\/fr\\\/produit\\\/cylindres-pneumatiques-a-faible-friction-airpel\\\/#breadcrumb\",\"itemListElement\":[{\"@type\":\"ListItem\",\"position\":1,\"name\":\"Home\",\"item\":\"https:\\\/\\\/www.credimex.ch\\\/fr\\\/\"},{\"@type\":\"ListItem\",\"position\":2,\"name\":\"Produits\",\"item\":\"https:\\\/\\\/www.credimex.ch\\\/fr\\\/produits\\\/\"},{\"@type\":\"ListItem\",\"position\":3,\"name\":\"V\u00e9rins \u00e0 air \u00e0 faible friction Airpel\"}]},{\"@type\":\"WebSite\",\"@id\":\"https:\\\/\\\/www.credimex.ch\\\/fr\\\/#website\",\"url\":\"https:\\\/\\\/www.credimex.ch\\\/fr\\\/\",\"name\":\"CREDIMEX\",\"description\":\"Partner of Swiss Industrial Market\",\"publisher\":{\"@id\":\"https:\\\/\\\/www.credimex.ch\\\/fr\\\/#organization\"},\"potentialAction\":[{\"@type\":\"SearchAction\",\"target\":{\"@type\":\"EntryPoint\",\"urlTemplate\":\"https:\\\/\\\/www.credimex.ch\\\/fr\\\/?s={search_term_string}\"},\"query-input\":{\"@type\":\"PropertyValueSpecification\",\"valueRequired\":true,\"valueName\":\"search_term_string\"}}],\"inLanguage\":\"fr-FR\"},{\"@type\":\"Organization\",\"@id\":\"https:\\\/\\\/www.credimex.ch\\\/fr\\\/#organization\",\"name\":\"credimex\",\"url\":\"https:\\\/\\\/www.credimex.ch\\\/fr\\\/\",\"logo\":{\"@type\":\"ImageObject\",\"inLanguage\":\"fr-FR\",\"@id\":\"https:\\\/\\\/www.credimex.ch\\\/fr\\\/#\\\/schema\\\/logo\\\/image\\\/\",\"url\":\"https:\\\/\\\/www.credimex.ch\\\/wp-content\\\/uploads\\\/2022\\\/03\\\/cropped-logo-credimex.png\",\"contentUrl\":\"https:\\\/\\\/www.credimex.ch\\\/wp-content\\\/uploads\\\/2022\\\/03\\\/cropped-logo-credimex.png\",\"width\":512,\"height\":512,\"caption\":\"credimex\"},\"image\":{\"@id\":\"https:\\\/\\\/www.credimex.ch\\\/fr\\\/#\\\/schema\\\/logo\\\/image\\\/\"},\"sameAs\":[\"https:\\\/\\\/www.facebook.com\\\/credimex.alpnach\\\/\",\"https:\\\/\\\/www.linkedin.com\\\/company\\\/credimex\\\/\",\"https:\\\/\\\/www.youtube.com\\\/@CREDIMEX?sub_confirmation=1\"]}]}<\/script>\n<!-- \/ Yoast SEO Premium plugin. -->","yoast_head_json":{"title":"V\u00e9rins \u00e0 air \u00e0 faible friction Airpel - CREDIMEX","description":"Les v\u00e9rins pneumatiques \u00e0 faible friction d'Airpel ont cr\u00e9\u00e9 une nouvelle classe \u00e9tonnante d'actionneurs pneumatiques sp\u00e9cialement con\u00e7us pour un contr\u00f4le de la force tr\u00e8s pr\u00e9cis.","robots":{"index":"index","follow":"follow","max-snippet":"max-snippet:-1","max-image-preview":"max-image-preview:large","max-video-preview":"max-video-preview:-1"},"canonical":"https:\/\/www.credimex.ch\/fr\/produit\/cylindres-pneumatiques-a-faible-friction-airpel\/","og_locale":"fr_FR","og_type":"article","og_title":"V\u00e9rins \u00e0 air \u00e0 faible friction Airpel","og_description":"Les v\u00e9rins pneumatiques \u00e0 faible friction d'Airpel ont cr\u00e9\u00e9 une nouvelle classe \u00e9tonnante d'actionneurs pneumatiques sp\u00e9cialement con\u00e7us pour un contr\u00f4le de la force tr\u00e8s pr\u00e9cis.","og_url":"https:\/\/www.credimex.ch\/fr\/produit\/cylindres-pneumatiques-a-faible-friction-airpel\/","og_site_name":"CREDIMEX","article_publisher":"https:\/\/www.facebook.com\/credimex.alpnach\/","og_image":[{"width":800,"height":800,"url":"https:\/\/www.credimex.ch\/wp-content\/uploads\/2022\/07\/29.png","type":"image\/png"}],"twitter_card":"summary_large_image","twitter_misc":{"Dur\u00e9e de lecture estim\u00e9e":"2 minutes"},"schema":{"@context":"https:\/\/schema.org","@graph":[{"@type":"WebPage","@id":"https:\/\/www.credimex.ch\/fr\/produit\/cylindres-pneumatiques-a-faible-friction-airpel\/","url":"https:\/\/www.credimex.ch\/fr\/produit\/cylindres-pneumatiques-a-faible-friction-airpel\/","name":"V\u00e9rins \u00e0 air \u00e0 faible friction Airpel - CREDIMEX","isPartOf":{"@id":"https:\/\/www.credimex.ch\/fr\/#website"},"primaryImageOfPage":{"@id":"https:\/\/www.credimex.ch\/fr\/produit\/cylindres-pneumatiques-a-faible-friction-airpel\/#primaryimage"},"image":{"@id":"https:\/\/www.credimex.ch\/fr\/produit\/cylindres-pneumatiques-a-faible-friction-airpel\/#primaryimage"},"thumbnailUrl":"https:\/\/www.credimex.ch\/wp-content\/uploads\/2022\/07\/29.png","datePublished":"2022-07-07T09:47:24+00:00","description":"Les v\u00e9rins pneumatiques \u00e0 faible friction d'Airpel ont cr\u00e9\u00e9 une nouvelle classe \u00e9tonnante d'actionneurs pneumatiques sp\u00e9cialement con\u00e7us pour un contr\u00f4le de la force tr\u00e8s pr\u00e9cis.","breadcrumb":{"@id":"https:\/\/www.credimex.ch\/fr\/produit\/cylindres-pneumatiques-a-faible-friction-airpel\/#breadcrumb"},"inLanguage":"fr-FR","potentialAction":[{"@type":"ReadAction","target":["https:\/\/www.credimex.ch\/fr\/produit\/cylindres-pneumatiques-a-faible-friction-airpel\/"]}]},{"@type":"ImageObject","inLanguage":"fr-FR","@id":"https:\/\/www.credimex.ch\/fr\/produit\/cylindres-pneumatiques-a-faible-friction-airpel\/#primaryimage","url":"https:\/\/www.credimex.ch\/wp-content\/uploads\/2022\/07\/29.png","contentUrl":"https:\/\/www.credimex.ch\/wp-content\/uploads\/2022\/07\/29.png","width":800,"height":800},{"@type":"BreadcrumbList","@id":"https:\/\/www.credimex.ch\/fr\/produit\/cylindres-pneumatiques-a-faible-friction-airpel\/#breadcrumb","itemListElement":[{"@type":"ListItem","position":1,"name":"Home","item":"https:\/\/www.credimex.ch\/fr\/"},{"@type":"ListItem","position":2,"name":"Produits","item":"https:\/\/www.credimex.ch\/fr\/produits\/"},{"@type":"ListItem","position":3,"name":"V\u00e9rins \u00e0 air \u00e0 faible friction Airpel"}]},{"@type":"WebSite","@id":"https:\/\/www.credimex.ch\/fr\/#website","url":"https:\/\/www.credimex.ch\/fr\/","name":"CREDIMEX","description":"Partner of Swiss Industrial Market","publisher":{"@id":"https:\/\/www.credimex.ch\/fr\/#organization"},"potentialAction":[{"@type":"SearchAction","target":{"@type":"EntryPoint","urlTemplate":"https:\/\/www.credimex.ch\/fr\/?s={search_term_string}"},"query-input":{"@type":"PropertyValueSpecification","valueRequired":true,"valueName":"search_term_string"}}],"inLanguage":"fr-FR"},{"@type":"Organization","@id":"https:\/\/www.credimex.ch\/fr\/#organization","name":"credimex","url":"https:\/\/www.credimex.ch\/fr\/","logo":{"@type":"ImageObject","inLanguage":"fr-FR","@id":"https:\/\/www.credimex.ch\/fr\/#\/schema\/logo\/image\/","url":"https:\/\/www.credimex.ch\/wp-content\/uploads\/2022\/03\/cropped-logo-credimex.png","contentUrl":"https:\/\/www.credimex.ch\/wp-content\/uploads\/2022\/03\/cropped-logo-credimex.png","width":512,"height":512,"caption":"credimex"},"image":{"@id":"https:\/\/www.credimex.ch\/fr\/#\/schema\/logo\/image\/"},"sameAs":["https:\/\/www.facebook.com\/credimex.alpnach\/","https:\/\/www.linkedin.com\/company\/credimex\/","https:\/\/www.youtube.com\/@CREDIMEX?sub_confirmation=1"]}]}},"_links":{"self":[{"href":"https:\/\/www.credimex.ch\/fr\/wp-json\/wp\/v2\/product\/4052","targetHints":{"allow":["GET"]}}],"collection":[{"href":"https:\/\/www.credimex.ch\/fr\/wp-json\/wp\/v2\/product"}],"about":[{"href":"https:\/\/www.credimex.ch\/fr\/wp-json\/wp\/v2\/types\/product"}],"replies":[{"embeddable":true,"href":"https:\/\/www.credimex.ch\/fr\/wp-json\/wp\/v2\/comments?post=4052"}],"wp:featuredmedia":[{"embeddable":true,"href":"https:\/\/www.credimex.ch\/fr\/wp-json\/wp\/v2\/media\/3454"}],"wp:attachment":[{"href":"https:\/\/www.credimex.ch\/fr\/wp-json\/wp\/v2\/media?parent=4052"}],"wp:term":[{"taxonomy":"product_brand","embeddable":true,"href":"https:\/\/www.credimex.ch\/fr\/wp-json\/wp\/v2\/product_brand?post=4052"},{"taxonomy":"product_cat","embeddable":true,"href":"https:\/\/www.credimex.ch\/fr\/wp-json\/wp\/v2\/product_cat?post=4052"},{"taxonomy":"product_tag","embeddable":true,"href":"https:\/\/www.credimex.ch\/fr\/wp-json\/wp\/v2\/product_tag?post=4052"}],"curies":[{"name":"wp","href":"https:\/\/api.w.org\/{rel}","templated":true}]}}