{"id":4054,"date":"2022-07-07T11:31:50","date_gmt":"2022-07-07T09:31:50","guid":{"rendered":"https:\/\/www.credimex.ch.mialias.net\/product\/moteurs-a-air-mannesmann-demag\/"},"modified":"2022-07-07T11:31:50","modified_gmt":"2022-07-07T09:31:50","slug":"mannesmann-demag-air-motors-2","status":"publish","type":"product","link":"https:\/\/www.credimex.ch\/fr\/produit\/mannesmann-demag-air-motors-2\/","title":{"rendered":"Moteurs \u00e0 air Mannesmann Demag"},"content":{"rendered":"<h2>Description<\/h2>\n<p>Les moteurs pneumatiques Mannesmann Demag offrent plus de 2500 versions diff\u00e9rentes de moteurs pour un grand nombre d&rsquo;applications.<\/p>\n<p>Mannesmann propose les lignes suivantes de moteurs pneumatiques :<\/p>\n<ul>\n<li>Jusqu&rsquo;\u00e0 1,2 kW<\/li>\n<li>Jusqu&rsquo;\u00e0 4,4 kW<\/li>\n<\/ul>\n<h2>Avantages du produit<\/h2>\n<p>Il s&rsquo;agit d&rsquo;une solution \u00e9prouv\u00e9e pour de nombreuses exigences en mati\u00e8re d&rsquo;ing\u00e9nierie d&rsquo;entra\u00eenement. Le moteur pneumatique est enti\u00e8rement variable sur une grande \u00e9chelle de r\u00e9volution et offre un couple \u00e9lev\u00e9 au d\u00e9marrage.<\/p>\n<h2>Application<\/h2>\n<p>Le moteur pneumatique est adapt\u00e9 \u00e0 un entra\u00eenement robuste et sans probl\u00e8me pour toutes les applications industrielles. Les moteurs en acier inoxydable sont pr\u00e9f\u00e9r\u00e9s dans l&rsquo;industrie alimentaire, chimique et pharmaceutique. Ils sont r\u00e9sistants aux nettoyants agressifs ou \u00e0 l&rsquo;air corrosif. Toutes les pi\u00e8ces ext\u00e9rieures sont fabriqu\u00e9es en acier inoxydable de haute qualit\u00e9. Un joint sp\u00e9cial int\u00e9gr\u00e9 emp\u00eache la p\u00e9n\u00e9tration d&rsquo;eau ou de particules de salet\u00e9 dans le moteur.<\/p>\n","protected":false},"excerpt":{"rendered":"<p>Les <strong>moteurs pneumatiques Mannesmann Demag<\/strong> sont enti\u00e8rement variables sur une grande \u00e9chelle de r\u00e9volution et offrent un couple \u00e9lev\u00e9 au d\u00e9marrage.<\/p>\n","protected":false},"featured_media":3450,"comment_status":"open","ping_status":"closed","template":"","meta":{"_acf_changed":false},"product_brand":[],"product_cat":[341,340,413,376,411,384,475,375,361,360,604,414,605,588,412],"product_tag":[],"class_list":{"0":"post-4054","1":"product","2":"type-product","3":"status-publish","4":"has-post-thumbnail","6":"product_cat-aerospatiale","7":"product_cat-automobile","8":"product_cat-batteries","9":"product_cat-e-mobilite","10":"product_cat-electronique","11":"product_cat-energie","12":"product_cat-fabrication-de-montres","13":"product_cat-ferroviaire","14":"product_cat-industrie-alimentaire","15":"product_cat-industrie-generale","16":"product_cat-mannesmann-demag","17":"product_cat-medical","18":"product_cat-moteurs-pneumatiques-mannesmann-demag","19":"product_cat-pneumatique","20":"product_cat-telepheriques","21":"pa_brands-mannesmann-fr","23":"first","24":"instock","25":"shipping-taxable","26":"product-type-simple"},"acf":[],"_yoast_wpseo_focuskw":"Moteurs \u00e0 air Mannesmann Demag","_yoast_wpseo_metadesc":"Les moteurs pneumatiques Mannesmann Demag sont enti\u00e8rement variables sur une grande \u00e9chelle de r\u00e9volution et offrent un couple \u00e9lev\u00e9 au d\u00e9marrage.","yoast_head":"<!-- This site is optimized with the Yoast SEO Premium plugin v21.6 (Yoast SEO v27.4) - https:\/\/yoast.com\/product\/yoast-seo-premium-wordpress\/ -->\n<title>Moteurs \u00e0 air Mannesmann Demag - CREDIMEX<\/title>\n<meta name=\"description\" content=\"Les moteurs pneumatiques Mannesmann Demag sont enti\u00e8rement variables sur une grande \u00e9chelle de r\u00e9volution et offrent un couple \u00e9lev\u00e9 au d\u00e9marrage.\" \/>\n<meta name=\"robots\" content=\"index, follow, max-snippet:-1, max-image-preview:large, max-video-preview:-1\" \/>\n<link rel=\"canonical\" href=\"https:\/\/www.credimex.ch\/fr\/produit\/mannesmann-demag-air-motors-2\/\" \/>\n<meta property=\"og:locale\" content=\"fr_FR\" \/>\n<meta property=\"og:type\" content=\"article\" \/>\n<meta property=\"og:title\" content=\"Moteurs \u00e0 air Mannesmann Demag\" \/>\n<meta property=\"og:description\" content=\"Les moteurs pneumatiques Mannesmann Demag sont enti\u00e8rement variables sur une grande \u00e9chelle de r\u00e9volution et offrent un couple \u00e9lev\u00e9 au d\u00e9marrage.\" \/>\n<meta property=\"og:url\" content=\"https:\/\/www.credimex.ch\/fr\/produit\/mannesmann-demag-air-motors-2\/\" \/>\n<meta property=\"og:site_name\" content=\"CREDIMEX\" \/>\n<meta property=\"article:publisher\" content=\"https:\/\/www.facebook.com\/credimex.alpnach\/\" \/>\n<meta property=\"og:image\" content=\"https:\/\/www.credimex.ch\/wp-content\/uploads\/2022\/07\/air-motor.png\" \/>\n\t<meta property=\"og:image:width\" content=\"800\" \/>\n\t<meta property=\"og:image:height\" content=\"800\" \/>\n\t<meta property=\"og:image:type\" content=\"image\/png\" \/>\n<meta name=\"twitter:card\" content=\"summary_large_image\" \/>\n<meta name=\"twitter:label1\" content=\"Dur\u00e9e de lecture estim\u00e9e\" \/>\n\t<meta name=\"twitter:data1\" content=\"1 minute\" \/>\n<script type=\"application\/ld+json\" class=\"yoast-schema-graph\">{\"@context\":\"https:\\\/\\\/schema.org\",\"@graph\":[{\"@type\":\"WebPage\",\"@id\":\"https:\\\/\\\/www.credimex.ch\\\/fr\\\/produit\\\/mannesmann-demag-air-motors-2\\\/\",\"url\":\"https:\\\/\\\/www.credimex.ch\\\/fr\\\/produit\\\/mannesmann-demag-air-motors-2\\\/\",\"name\":\"Moteurs \u00e0 air Mannesmann Demag - CREDIMEX\",\"isPartOf\":{\"@id\":\"https:\\\/\\\/www.credimex.ch\\\/fr\\\/#website\"},\"primaryImageOfPage\":{\"@id\":\"https:\\\/\\\/www.credimex.ch\\\/fr\\\/produit\\\/mannesmann-demag-air-motors-2\\\/#primaryimage\"},\"image\":{\"@id\":\"https:\\\/\\\/www.credimex.ch\\\/fr\\\/produit\\\/mannesmann-demag-air-motors-2\\\/#primaryimage\"},\"thumbnailUrl\":\"https:\\\/\\\/www.credimex.ch\\\/wp-content\\\/uploads\\\/2022\\\/07\\\/air-motor.png\",\"datePublished\":\"2022-07-07T09:31:50+00:00\",\"description\":\"Les moteurs pneumatiques Mannesmann Demag sont enti\u00e8rement variables sur une grande \u00e9chelle de r\u00e9volution et offrent un couple \u00e9lev\u00e9 au d\u00e9marrage.\",\"breadcrumb\":{\"@id\":\"https:\\\/\\\/www.credimex.ch\\\/fr\\\/produit\\\/mannesmann-demag-air-motors-2\\\/#breadcrumb\"},\"inLanguage\":\"fr-FR\",\"potentialAction\":[{\"@type\":\"ReadAction\",\"target\":[\"https:\\\/\\\/www.credimex.ch\\\/fr\\\/produit\\\/mannesmann-demag-air-motors-2\\\/\"]}]},{\"@type\":\"ImageObject\",\"inLanguage\":\"fr-FR\",\"@id\":\"https:\\\/\\\/www.credimex.ch\\\/fr\\\/produit\\\/mannesmann-demag-air-motors-2\\\/#primaryimage\",\"url\":\"https:\\\/\\\/www.credimex.ch\\\/wp-content\\\/uploads\\\/2022\\\/07\\\/air-motor.png\",\"contentUrl\":\"https:\\\/\\\/www.credimex.ch\\\/wp-content\\\/uploads\\\/2022\\\/07\\\/air-motor.png\",\"width\":800,\"height\":800},{\"@type\":\"BreadcrumbList\",\"@id\":\"https:\\\/\\\/www.credimex.ch\\\/fr\\\/produit\\\/mannesmann-demag-air-motors-2\\\/#breadcrumb\",\"itemListElement\":[{\"@type\":\"ListItem\",\"position\":1,\"name\":\"Home\",\"item\":\"https:\\\/\\\/www.credimex.ch\\\/fr\\\/\"},{\"@type\":\"ListItem\",\"position\":2,\"name\":\"Produits\",\"item\":\"https:\\\/\\\/www.credimex.ch\\\/fr\\\/produits\\\/\"},{\"@type\":\"ListItem\",\"position\":3,\"name\":\"Moteurs \u00e0 air Mannesmann Demag\"}]},{\"@type\":\"WebSite\",\"@id\":\"https:\\\/\\\/www.credimex.ch\\\/fr\\\/#website\",\"url\":\"https:\\\/\\\/www.credimex.ch\\\/fr\\\/\",\"name\":\"CREDIMEX\",\"description\":\"Partner of Swiss Industrial Market\",\"publisher\":{\"@id\":\"https:\\\/\\\/www.credimex.ch\\\/fr\\\/#organization\"},\"potentialAction\":[{\"@type\":\"SearchAction\",\"target\":{\"@type\":\"EntryPoint\",\"urlTemplate\":\"https:\\\/\\\/www.credimex.ch\\\/fr\\\/?s={search_term_string}\"},\"query-input\":{\"@type\":\"PropertyValueSpecification\",\"valueRequired\":true,\"valueName\":\"search_term_string\"}}],\"inLanguage\":\"fr-FR\"},{\"@type\":\"Organization\",\"@id\":\"https:\\\/\\\/www.credimex.ch\\\/fr\\\/#organization\",\"name\":\"credimex\",\"url\":\"https:\\\/\\\/www.credimex.ch\\\/fr\\\/\",\"logo\":{\"@type\":\"ImageObject\",\"inLanguage\":\"fr-FR\",\"@id\":\"https:\\\/\\\/www.credimex.ch\\\/fr\\\/#\\\/schema\\\/logo\\\/image\\\/\",\"url\":\"https:\\\/\\\/www.credimex.ch\\\/wp-content\\\/uploads\\\/2022\\\/03\\\/cropped-logo-credimex.png\",\"contentUrl\":\"https:\\\/\\\/www.credimex.ch\\\/wp-content\\\/uploads\\\/2022\\\/03\\\/cropped-logo-credimex.png\",\"width\":512,\"height\":512,\"caption\":\"credimex\"},\"image\":{\"@id\":\"https:\\\/\\\/www.credimex.ch\\\/fr\\\/#\\\/schema\\\/logo\\\/image\\\/\"},\"sameAs\":[\"https:\\\/\\\/www.facebook.com\\\/credimex.alpnach\\\/\",\"https:\\\/\\\/www.linkedin.com\\\/company\\\/credimex\\\/\",\"https:\\\/\\\/www.youtube.com\\\/@CREDIMEX?sub_confirmation=1\"]}]}<\/script>\n<!-- \/ Yoast SEO Premium plugin. -->","yoast_head_json":{"title":"Moteurs \u00e0 air Mannesmann Demag - CREDIMEX","description":"Les moteurs pneumatiques Mannesmann Demag sont enti\u00e8rement variables sur une grande \u00e9chelle de r\u00e9volution et offrent un couple \u00e9lev\u00e9 au d\u00e9marrage.","robots":{"index":"index","follow":"follow","max-snippet":"max-snippet:-1","max-image-preview":"max-image-preview:large","max-video-preview":"max-video-preview:-1"},"canonical":"https:\/\/www.credimex.ch\/fr\/produit\/mannesmann-demag-air-motors-2\/","og_locale":"fr_FR","og_type":"article","og_title":"Moteurs \u00e0 air Mannesmann Demag","og_description":"Les moteurs pneumatiques Mannesmann Demag sont enti\u00e8rement variables sur une grande \u00e9chelle de r\u00e9volution et offrent un couple \u00e9lev\u00e9 au d\u00e9marrage.","og_url":"https:\/\/www.credimex.ch\/fr\/produit\/mannesmann-demag-air-motors-2\/","og_site_name":"CREDIMEX","article_publisher":"https:\/\/www.facebook.com\/credimex.alpnach\/","og_image":[{"width":800,"height":800,"url":"https:\/\/www.credimex.ch\/wp-content\/uploads\/2022\/07\/air-motor.png","type":"image\/png"}],"twitter_card":"summary_large_image","twitter_misc":{"Dur\u00e9e de lecture estim\u00e9e":"1 minute"},"schema":{"@context":"https:\/\/schema.org","@graph":[{"@type":"WebPage","@id":"https:\/\/www.credimex.ch\/fr\/produit\/mannesmann-demag-air-motors-2\/","url":"https:\/\/www.credimex.ch\/fr\/produit\/mannesmann-demag-air-motors-2\/","name":"Moteurs \u00e0 air Mannesmann Demag - CREDIMEX","isPartOf":{"@id":"https:\/\/www.credimex.ch\/fr\/#website"},"primaryImageOfPage":{"@id":"https:\/\/www.credimex.ch\/fr\/produit\/mannesmann-demag-air-motors-2\/#primaryimage"},"image":{"@id":"https:\/\/www.credimex.ch\/fr\/produit\/mannesmann-demag-air-motors-2\/#primaryimage"},"thumbnailUrl":"https:\/\/www.credimex.ch\/wp-content\/uploads\/2022\/07\/air-motor.png","datePublished":"2022-07-07T09:31:50+00:00","description":"Les moteurs pneumatiques Mannesmann Demag sont enti\u00e8rement variables sur une grande \u00e9chelle de r\u00e9volution et offrent un couple \u00e9lev\u00e9 au d\u00e9marrage.","breadcrumb":{"@id":"https:\/\/www.credimex.ch\/fr\/produit\/mannesmann-demag-air-motors-2\/#breadcrumb"},"inLanguage":"fr-FR","potentialAction":[{"@type":"ReadAction","target":["https:\/\/www.credimex.ch\/fr\/produit\/mannesmann-demag-air-motors-2\/"]}]},{"@type":"ImageObject","inLanguage":"fr-FR","@id":"https:\/\/www.credimex.ch\/fr\/produit\/mannesmann-demag-air-motors-2\/#primaryimage","url":"https:\/\/www.credimex.ch\/wp-content\/uploads\/2022\/07\/air-motor.png","contentUrl":"https:\/\/www.credimex.ch\/wp-content\/uploads\/2022\/07\/air-motor.png","width":800,"height":800},{"@type":"BreadcrumbList","@id":"https:\/\/www.credimex.ch\/fr\/produit\/mannesmann-demag-air-motors-2\/#breadcrumb","itemListElement":[{"@type":"ListItem","position":1,"name":"Home","item":"https:\/\/www.credimex.ch\/fr\/"},{"@type":"ListItem","position":2,"name":"Produits","item":"https:\/\/www.credimex.ch\/fr\/produits\/"},{"@type":"ListItem","position":3,"name":"Moteurs \u00e0 air Mannesmann Demag"}]},{"@type":"WebSite","@id":"https:\/\/www.credimex.ch\/fr\/#website","url":"https:\/\/www.credimex.ch\/fr\/","name":"CREDIMEX","description":"Partner of Swiss Industrial Market","publisher":{"@id":"https:\/\/www.credimex.ch\/fr\/#organization"},"potentialAction":[{"@type":"SearchAction","target":{"@type":"EntryPoint","urlTemplate":"https:\/\/www.credimex.ch\/fr\/?s={search_term_string}"},"query-input":{"@type":"PropertyValueSpecification","valueRequired":true,"valueName":"search_term_string"}}],"inLanguage":"fr-FR"},{"@type":"Organization","@id":"https:\/\/www.credimex.ch\/fr\/#organization","name":"credimex","url":"https:\/\/www.credimex.ch\/fr\/","logo":{"@type":"ImageObject","inLanguage":"fr-FR","@id":"https:\/\/www.credimex.ch\/fr\/#\/schema\/logo\/image\/","url":"https:\/\/www.credimex.ch\/wp-content\/uploads\/2022\/03\/cropped-logo-credimex.png","contentUrl":"https:\/\/www.credimex.ch\/wp-content\/uploads\/2022\/03\/cropped-logo-credimex.png","width":512,"height":512,"caption":"credimex"},"image":{"@id":"https:\/\/www.credimex.ch\/fr\/#\/schema\/logo\/image\/"},"sameAs":["https:\/\/www.facebook.com\/credimex.alpnach\/","https:\/\/www.linkedin.com\/company\/credimex\/","https:\/\/www.youtube.com\/@CREDIMEX?sub_confirmation=1"]}]}},"_links":{"self":[{"href":"https:\/\/www.credimex.ch\/fr\/wp-json\/wp\/v2\/product\/4054","targetHints":{"allow":["GET"]}}],"collection":[{"href":"https:\/\/www.credimex.ch\/fr\/wp-json\/wp\/v2\/product"}],"about":[{"href":"https:\/\/www.credimex.ch\/fr\/wp-json\/wp\/v2\/types\/product"}],"replies":[{"embeddable":true,"href":"https:\/\/www.credimex.ch\/fr\/wp-json\/wp\/v2\/comments?post=4054"}],"wp:featuredmedia":[{"embeddable":true,"href":"https:\/\/www.credimex.ch\/fr\/wp-json\/wp\/v2\/media\/3450"}],"wp:attachment":[{"href":"https:\/\/www.credimex.ch\/fr\/wp-json\/wp\/v2\/media?parent=4054"}],"wp:term":[{"taxonomy":"product_brand","embeddable":true,"href":"https:\/\/www.credimex.ch\/fr\/wp-json\/wp\/v2\/product_brand?post=4054"},{"taxonomy":"product_cat","embeddable":true,"href":"https:\/\/www.credimex.ch\/fr\/wp-json\/wp\/v2\/product_cat?post=4054"},{"taxonomy":"product_tag","embeddable":true,"href":"https:\/\/www.credimex.ch\/fr\/wp-json\/wp\/v2\/product_tag?post=4054"}],"curies":[{"name":"wp","href":"https:\/\/api.w.org\/{rel}","templated":true}]}}