{"id":4056,"date":"2022-07-07T11:22:02","date_gmt":"2022-07-07T09:22:02","guid":{"rendered":"https:\/\/www.credimex.ch.mialias.net\/product\/actionneurs-electriques-de-phd-automation\/"},"modified":"2022-07-07T11:22:02","modified_gmt":"2022-07-07T09:22:02","slug":"phd-automation-electric-actuators-2","status":"publish","type":"product","link":"https:\/\/www.credimex.ch\/fr\/produit\/phd-automation-electric-actuators-2\/","title":{"rendered":"Actionneurs \u00e9lectriques de PHD Automation"},"content":{"rendered":"<h2>Description<\/h2>\n<p>Les actionneurs \u00e9lectriques de PHD Automation comprennent les s\u00e9ries suivantes :<\/p>\n<ul>\n<li>Les <b>actionneurs lin\u00e9aires \u00e9lectriques \u00e0 courroie de la s\u00e9rie ESU<\/b> se caract\u00e9risent par une conception robuste et ferm\u00e9e avec un syst\u00e8me de roulement sur rail de haute capacit\u00e9 offrant un moment et une capacit\u00e9 de charge exceptionnels.<\/li>\n<li>Les <b>actionneurs lin\u00e9aires \u00e9lectriques \u00e0 vis \u00e0 billes de la s\u00e9rie ESU-RB<\/b> se caract\u00e9risent par une conception robuste et ferm\u00e9e avec un syst\u00e8me de roulement sur rail de haute capacit\u00e9 offrant un moment et une capacit\u00e9 de charge exceptionnels.<\/li>\n<li>Les <b>pinces \u00e9lectriques parall\u00e8les de grande capacit\u00e9 de la s\u00e9rie EGRR<\/b> sont construites sur le ch\u00e2ssis \u00e9prouv\u00e9 de la s\u00e9rie GRR. La version \u00e9lectrique offre les m\u00eames avantages que la version pneumatique, mais avec la conception et la flexibilit\u00e9 de votre moteur, \u00e0 votre fa\u00e7on.<\/li>\n<li>Les <b>v\u00e9rins \u00e9lectriques \u00e0 vis \u00e0 billes et \u00e0 vis-m\u00e8re de la s\u00e9rie ECV<\/b> sont des v\u00e9rins \u00e9lectriques \u00e0 tige avec des interfaces de montage ISO et VDMA dans les mod\u00e8les \u00e0 vis \u00e0 billes ou \u00e0 vis-m\u00e8re.<\/li>\n<li>Les <b>v\u00e9rins \u00e9lectriques IP69K de la s\u00e9rie PHD Plus\u00ae ECP<\/b> sont disponibles en version vis \u00e0 billes ou vis-m\u00e8re (\u00e9crou en polym\u00e8re), offrant une large gamme de capacit\u00e9s de pouss\u00e9e \u00e9lev\u00e9e ou de vitesse \u00e9lev\u00e9e.<\/li>\n<li>Les <b>glissi\u00e8res de pouss\u00e9e \u00e9lectriques des s\u00e9ries ESK\/ESL<\/b> offrent l&rsquo;option d&rsquo;un corps court ou long et sont aliment\u00e9es par les v\u00e9rins \u00e9lectriques \u00e0 vis \u00e0 billes ou \u00e0 vis-m\u00e8re ECVA de PHD.<\/li>\n<li>Les <b>glissi\u00e8res \u00e9lectriques \u00e0 propulseur vertical de la s\u00e9rie ESCV<\/b> sont \u00e9quip\u00e9es de v\u00e9rins PHD ECV et de la glissi\u00e8re \u00e0 propulseur \u00e9prouv\u00e9e de la s\u00e9rie SCV, offrant une capacit\u00e9 de pouss\u00e9e et de vitesse \u00e9lev\u00e9es.<\/li>\n<\/ul>\n<p><img fetchpriority=\"high\" decoding=\"async\" class=\"alignnone size-full wp-image-1512\" src=\"https:\/\/www.credimex.ch\/wp-content\/uploads\/2022\/07\/ESCV-main.png\" alt=\"\" width=\"670\" height=\"352\" srcset=\"https:\/\/www.credimex.ch\/wp-content\/uploads\/2022\/07\/ESCV-main.png 670w, https:\/\/www.credimex.ch\/wp-content\/uploads\/2022\/07\/ESCV-main-300x158.png 300w, https:\/\/www.credimex.ch\/wp-content\/uploads\/2022\/07\/ESCV-main-600x315.png 600w\" sizes=\"(max-width: 670px) 100vw, 670px\" \/><\/p>\n<h2>Avantages du produit<\/h2>\n<p>La gamme d&rsquo;actionneurs \u00e9lectriques de PHD est construite sur la base de la technologie \u00e9prouv\u00e9e de nos produits pneumatiques, mais elle est d\u00e9sormais aliment\u00e9e par l&rsquo;\u00e9nergie \u00e9lectrique. Le proc\u00e9d\u00e9 \u00ab\u00a0Your Motor, Your Way\u00a0\u00bb permet aux utilisateurs d&#8217;employer cette technologie actionn\u00e9e par le moteur et les commandes de leur choix. Si vous pr\u00e9f\u00e9rez un ensemble complet, votre distributeur PHD local peut vous fournir des moteurs et des commandes pour r\u00e9pondre aux besoins de votre application. PHD fournit la meilleure offre d&rsquo;actionneurs \u00e9lectriques avec la flexibilit\u00e9 de configurer votre moteur, \u00e0 votre fa\u00e7on !<\/p>\n<p><img decoding=\"async\" class=\"alignnone size-full wp-image-1515\" src=\"https:\/\/www.credimex.ch\/wp-content\/uploads\/2022\/07\/ESU-RB-Main-image.png\" alt=\"\" width=\"670\" height=\"352\" srcset=\"https:\/\/www.credimex.ch\/wp-content\/uploads\/2022\/07\/ESU-RB-Main-image.png 670w, https:\/\/www.credimex.ch\/wp-content\/uploads\/2022\/07\/ESU-RB-Main-image-300x158.png 300w, https:\/\/www.credimex.ch\/wp-content\/uploads\/2022\/07\/ESU-RB-Main-image-600x315.png 600w\" sizes=\"(max-width: 670px) 100vw, 670px\" \/><\/p>\n<h2>Application<\/h2>\n<p>Les actionneurs \u00e9lectriques de PHD automation peuvent \u00eatre utilis\u00e9s dans de nombreux secteurs, du m\u00e9dical \u00e0 l&rsquo;automobile en passant par l&rsquo;alimentaire et l&#8217;emballage.<\/p>\n","protected":false},"excerpt":{"rendered":"<p>La ligne d&rsquo;<strong>actionneurs \u00e9lectriques de PHD automation <\/strong>est construite sur la base d&rsquo;une technologie de produits pneumatiques \u00e9prouv\u00e9e, mais aliment\u00e9e en \u00e9nergie \u00e9lectrique.<\/p>\n","protected":false},"featured_media":3446,"comment_status":"open","ping_status":"closed","template":"","meta":{"_acf_changed":false},"product_brand":[],"product_cat":[611,341,340,413,376,411,384,475,375,361,360,414,610,588,412],"product_tag":[],"class_list":{"0":"post-4056","1":"product","2":"type-product","3":"status-publish","4":"has-post-thumbnail","6":"product_cat-actionneurs-pneumatiques-phd","7":"product_cat-aerospatiale","8":"product_cat-automobile","9":"product_cat-batteries","10":"product_cat-e-mobilite","11":"product_cat-electronique","12":"product_cat-energie","13":"product_cat-fabrication-de-montres","14":"product_cat-ferroviaire","15":"product_cat-industrie-alimentaire","16":"product_cat-industrie-generale","17":"product_cat-medical","18":"product_cat-phd","19":"product_cat-pneumatique","20":"product_cat-telepheriques","21":"pa_brands-phd-fr","23":"first","24":"instock","25":"shipping-taxable","26":"product-type-simple"},"acf":[],"_yoast_wpseo_focuskw":"Actionneurs \u00e9lectriques de PHD Automation","_yoast_wpseo_metadesc":"La ligne d'actionneurs \u00e9lectriques de PHD automation est construite sur la base d'une technologie de produits pneumatiques \u00e9prouv\u00e9e, mais aliment\u00e9e en \u00e9nergie \u00e9lectrique.","yoast_head":"<!-- This site is optimized with the Yoast SEO Premium plugin v21.6 (Yoast SEO v27.4) - https:\/\/yoast.com\/product\/yoast-seo-premium-wordpress\/ -->\n<title>Actionneurs \u00e9lectriques de PHD Automation - CREDIMEX<\/title>\n<meta name=\"description\" content=\"La ligne d&#039;actionneurs \u00e9lectriques de PHD automation est construite sur la base d&#039;une technologie de produits pneumatiques \u00e9prouv\u00e9e, mais aliment\u00e9e en \u00e9nergie \u00e9lectrique.\" \/>\n<meta name=\"robots\" content=\"index, follow, max-snippet:-1, max-image-preview:large, max-video-preview:-1\" \/>\n<link rel=\"canonical\" href=\"https:\/\/www.credimex.ch\/fr\/produit\/phd-automation-electric-actuators-2\/\" \/>\n<meta property=\"og:locale\" content=\"fr_FR\" \/>\n<meta property=\"og:type\" content=\"article\" \/>\n<meta property=\"og:title\" content=\"Actionneurs \u00e9lectriques de PHD Automation\" \/>\n<meta property=\"og:description\" content=\"La ligne d&#039;actionneurs \u00e9lectriques de PHD automation est construite sur la base d&#039;une technologie de produits pneumatiques \u00e9prouv\u00e9e, mais aliment\u00e9e en \u00e9nergie \u00e9lectrique.\" \/>\n<meta property=\"og:url\" content=\"https:\/\/www.credimex.ch\/fr\/produit\/phd-automation-electric-actuators-2\/\" \/>\n<meta property=\"og:site_name\" content=\"CREDIMEX\" \/>\n<meta property=\"article:publisher\" content=\"https:\/\/www.facebook.com\/credimex.alpnach\/\" \/>\n<meta property=\"og:image\" content=\"https:\/\/www.credimex.ch\/wp-content\/uploads\/2022\/07\/EGRR_main_graphic.png\" \/>\n\t<meta property=\"og:image:width\" content=\"670\" \/>\n\t<meta property=\"og:image:height\" content=\"352\" \/>\n\t<meta property=\"og:image:type\" content=\"image\/png\" \/>\n<meta name=\"twitter:card\" content=\"summary_large_image\" \/>\n<meta name=\"twitter:label1\" content=\"Dur\u00e9e de lecture estim\u00e9e\" \/>\n\t<meta name=\"twitter:data1\" content=\"2 minutes\" \/>\n<script type=\"application\/ld+json\" class=\"yoast-schema-graph\">{\"@context\":\"https:\\\/\\\/schema.org\",\"@graph\":[{\"@type\":\"WebPage\",\"@id\":\"https:\\\/\\\/www.credimex.ch\\\/fr\\\/produit\\\/phd-automation-electric-actuators-2\\\/\",\"url\":\"https:\\\/\\\/www.credimex.ch\\\/fr\\\/produit\\\/phd-automation-electric-actuators-2\\\/\",\"name\":\"Actionneurs \u00e9lectriques de PHD Automation - CREDIMEX\",\"isPartOf\":{\"@id\":\"https:\\\/\\\/www.credimex.ch\\\/fr\\\/#website\"},\"primaryImageOfPage\":{\"@id\":\"https:\\\/\\\/www.credimex.ch\\\/fr\\\/produit\\\/phd-automation-electric-actuators-2\\\/#primaryimage\"},\"image\":{\"@id\":\"https:\\\/\\\/www.credimex.ch\\\/fr\\\/produit\\\/phd-automation-electric-actuators-2\\\/#primaryimage\"},\"thumbnailUrl\":\"https:\\\/\\\/www.credimex.ch\\\/wp-content\\\/uploads\\\/2022\\\/07\\\/EGRR_main_graphic.png\",\"datePublished\":\"2022-07-07T09:22:02+00:00\",\"description\":\"La ligne d'actionneurs \u00e9lectriques de PHD automation est construite sur la base d'une technologie de produits pneumatiques \u00e9prouv\u00e9e, mais aliment\u00e9e en \u00e9nergie \u00e9lectrique.\",\"breadcrumb\":{\"@id\":\"https:\\\/\\\/www.credimex.ch\\\/fr\\\/produit\\\/phd-automation-electric-actuators-2\\\/#breadcrumb\"},\"inLanguage\":\"fr-FR\",\"potentialAction\":[{\"@type\":\"ReadAction\",\"target\":[\"https:\\\/\\\/www.credimex.ch\\\/fr\\\/produit\\\/phd-automation-electric-actuators-2\\\/\"]}]},{\"@type\":\"ImageObject\",\"inLanguage\":\"fr-FR\",\"@id\":\"https:\\\/\\\/www.credimex.ch\\\/fr\\\/produit\\\/phd-automation-electric-actuators-2\\\/#primaryimage\",\"url\":\"https:\\\/\\\/www.credimex.ch\\\/wp-content\\\/uploads\\\/2022\\\/07\\\/EGRR_main_graphic.png\",\"contentUrl\":\"https:\\\/\\\/www.credimex.ch\\\/wp-content\\\/uploads\\\/2022\\\/07\\\/EGRR_main_graphic.png\",\"width\":670,\"height\":352},{\"@type\":\"BreadcrumbList\",\"@id\":\"https:\\\/\\\/www.credimex.ch\\\/fr\\\/produit\\\/phd-automation-electric-actuators-2\\\/#breadcrumb\",\"itemListElement\":[{\"@type\":\"ListItem\",\"position\":1,\"name\":\"Home\",\"item\":\"https:\\\/\\\/www.credimex.ch\\\/fr\\\/\"},{\"@type\":\"ListItem\",\"position\":2,\"name\":\"Produits\",\"item\":\"https:\\\/\\\/www.credimex.ch\\\/fr\\\/produits\\\/\"},{\"@type\":\"ListItem\",\"position\":3,\"name\":\"Actionneurs \u00e9lectriques de PHD Automation\"}]},{\"@type\":\"WebSite\",\"@id\":\"https:\\\/\\\/www.credimex.ch\\\/fr\\\/#website\",\"url\":\"https:\\\/\\\/www.credimex.ch\\\/fr\\\/\",\"name\":\"CREDIMEX\",\"description\":\"Partner of Swiss Industrial Market\",\"publisher\":{\"@id\":\"https:\\\/\\\/www.credimex.ch\\\/fr\\\/#organization\"},\"potentialAction\":[{\"@type\":\"SearchAction\",\"target\":{\"@type\":\"EntryPoint\",\"urlTemplate\":\"https:\\\/\\\/www.credimex.ch\\\/fr\\\/?s={search_term_string}\"},\"query-input\":{\"@type\":\"PropertyValueSpecification\",\"valueRequired\":true,\"valueName\":\"search_term_string\"}}],\"inLanguage\":\"fr-FR\"},{\"@type\":\"Organization\",\"@id\":\"https:\\\/\\\/www.credimex.ch\\\/fr\\\/#organization\",\"name\":\"credimex\",\"url\":\"https:\\\/\\\/www.credimex.ch\\\/fr\\\/\",\"logo\":{\"@type\":\"ImageObject\",\"inLanguage\":\"fr-FR\",\"@id\":\"https:\\\/\\\/www.credimex.ch\\\/fr\\\/#\\\/schema\\\/logo\\\/image\\\/\",\"url\":\"https:\\\/\\\/www.credimex.ch\\\/wp-content\\\/uploads\\\/2022\\\/03\\\/cropped-logo-credimex.png\",\"contentUrl\":\"https:\\\/\\\/www.credimex.ch\\\/wp-content\\\/uploads\\\/2022\\\/03\\\/cropped-logo-credimex.png\",\"width\":512,\"height\":512,\"caption\":\"credimex\"},\"image\":{\"@id\":\"https:\\\/\\\/www.credimex.ch\\\/fr\\\/#\\\/schema\\\/logo\\\/image\\\/\"},\"sameAs\":[\"https:\\\/\\\/www.facebook.com\\\/credimex.alpnach\\\/\",\"https:\\\/\\\/www.linkedin.com\\\/company\\\/credimex\\\/\",\"https:\\\/\\\/www.youtube.com\\\/@CREDIMEX?sub_confirmation=1\"]}]}<\/script>\n<!-- \/ Yoast SEO Premium plugin. -->","yoast_head_json":{"title":"Actionneurs \u00e9lectriques de PHD Automation - CREDIMEX","description":"La ligne d'actionneurs \u00e9lectriques de PHD automation est construite sur la base d'une technologie de produits pneumatiques \u00e9prouv\u00e9e, mais aliment\u00e9e en \u00e9nergie \u00e9lectrique.","robots":{"index":"index","follow":"follow","max-snippet":"max-snippet:-1","max-image-preview":"max-image-preview:large","max-video-preview":"max-video-preview:-1"},"canonical":"https:\/\/www.credimex.ch\/fr\/produit\/phd-automation-electric-actuators-2\/","og_locale":"fr_FR","og_type":"article","og_title":"Actionneurs \u00e9lectriques de PHD Automation","og_description":"La ligne d'actionneurs \u00e9lectriques de PHD automation est construite sur la base d'une technologie de produits pneumatiques \u00e9prouv\u00e9e, mais aliment\u00e9e en \u00e9nergie \u00e9lectrique.","og_url":"https:\/\/www.credimex.ch\/fr\/produit\/phd-automation-electric-actuators-2\/","og_site_name":"CREDIMEX","article_publisher":"https:\/\/www.facebook.com\/credimex.alpnach\/","og_image":[{"width":670,"height":352,"url":"https:\/\/www.credimex.ch\/wp-content\/uploads\/2022\/07\/EGRR_main_graphic.png","type":"image\/png"}],"twitter_card":"summary_large_image","twitter_misc":{"Dur\u00e9e de lecture estim\u00e9e":"2 minutes"},"schema":{"@context":"https:\/\/schema.org","@graph":[{"@type":"WebPage","@id":"https:\/\/www.credimex.ch\/fr\/produit\/phd-automation-electric-actuators-2\/","url":"https:\/\/www.credimex.ch\/fr\/produit\/phd-automation-electric-actuators-2\/","name":"Actionneurs \u00e9lectriques de PHD Automation - CREDIMEX","isPartOf":{"@id":"https:\/\/www.credimex.ch\/fr\/#website"},"primaryImageOfPage":{"@id":"https:\/\/www.credimex.ch\/fr\/produit\/phd-automation-electric-actuators-2\/#primaryimage"},"image":{"@id":"https:\/\/www.credimex.ch\/fr\/produit\/phd-automation-electric-actuators-2\/#primaryimage"},"thumbnailUrl":"https:\/\/www.credimex.ch\/wp-content\/uploads\/2022\/07\/EGRR_main_graphic.png","datePublished":"2022-07-07T09:22:02+00:00","description":"La ligne d'actionneurs \u00e9lectriques de PHD automation est construite sur la base d'une technologie de produits pneumatiques \u00e9prouv\u00e9e, mais aliment\u00e9e en \u00e9nergie \u00e9lectrique.","breadcrumb":{"@id":"https:\/\/www.credimex.ch\/fr\/produit\/phd-automation-electric-actuators-2\/#breadcrumb"},"inLanguage":"fr-FR","potentialAction":[{"@type":"ReadAction","target":["https:\/\/www.credimex.ch\/fr\/produit\/phd-automation-electric-actuators-2\/"]}]},{"@type":"ImageObject","inLanguage":"fr-FR","@id":"https:\/\/www.credimex.ch\/fr\/produit\/phd-automation-electric-actuators-2\/#primaryimage","url":"https:\/\/www.credimex.ch\/wp-content\/uploads\/2022\/07\/EGRR_main_graphic.png","contentUrl":"https:\/\/www.credimex.ch\/wp-content\/uploads\/2022\/07\/EGRR_main_graphic.png","width":670,"height":352},{"@type":"BreadcrumbList","@id":"https:\/\/www.credimex.ch\/fr\/produit\/phd-automation-electric-actuators-2\/#breadcrumb","itemListElement":[{"@type":"ListItem","position":1,"name":"Home","item":"https:\/\/www.credimex.ch\/fr\/"},{"@type":"ListItem","position":2,"name":"Produits","item":"https:\/\/www.credimex.ch\/fr\/produits\/"},{"@type":"ListItem","position":3,"name":"Actionneurs \u00e9lectriques de PHD Automation"}]},{"@type":"WebSite","@id":"https:\/\/www.credimex.ch\/fr\/#website","url":"https:\/\/www.credimex.ch\/fr\/","name":"CREDIMEX","description":"Partner of Swiss Industrial Market","publisher":{"@id":"https:\/\/www.credimex.ch\/fr\/#organization"},"potentialAction":[{"@type":"SearchAction","target":{"@type":"EntryPoint","urlTemplate":"https:\/\/www.credimex.ch\/fr\/?s={search_term_string}"},"query-input":{"@type":"PropertyValueSpecification","valueRequired":true,"valueName":"search_term_string"}}],"inLanguage":"fr-FR"},{"@type":"Organization","@id":"https:\/\/www.credimex.ch\/fr\/#organization","name":"credimex","url":"https:\/\/www.credimex.ch\/fr\/","logo":{"@type":"ImageObject","inLanguage":"fr-FR","@id":"https:\/\/www.credimex.ch\/fr\/#\/schema\/logo\/image\/","url":"https:\/\/www.credimex.ch\/wp-content\/uploads\/2022\/03\/cropped-logo-credimex.png","contentUrl":"https:\/\/www.credimex.ch\/wp-content\/uploads\/2022\/03\/cropped-logo-credimex.png","width":512,"height":512,"caption":"credimex"},"image":{"@id":"https:\/\/www.credimex.ch\/fr\/#\/schema\/logo\/image\/"},"sameAs":["https:\/\/www.facebook.com\/credimex.alpnach\/","https:\/\/www.linkedin.com\/company\/credimex\/","https:\/\/www.youtube.com\/@CREDIMEX?sub_confirmation=1"]}]}},"_links":{"self":[{"href":"https:\/\/www.credimex.ch\/fr\/wp-json\/wp\/v2\/product\/4056","targetHints":{"allow":["GET"]}}],"collection":[{"href":"https:\/\/www.credimex.ch\/fr\/wp-json\/wp\/v2\/product"}],"about":[{"href":"https:\/\/www.credimex.ch\/fr\/wp-json\/wp\/v2\/types\/product"}],"replies":[{"embeddable":true,"href":"https:\/\/www.credimex.ch\/fr\/wp-json\/wp\/v2\/comments?post=4056"}],"wp:featuredmedia":[{"embeddable":true,"href":"https:\/\/www.credimex.ch\/fr\/wp-json\/wp\/v2\/media\/3446"}],"wp:attachment":[{"href":"https:\/\/www.credimex.ch\/fr\/wp-json\/wp\/v2\/media?parent=4056"}],"wp:term":[{"taxonomy":"product_brand","embeddable":true,"href":"https:\/\/www.credimex.ch\/fr\/wp-json\/wp\/v2\/product_brand?post=4056"},{"taxonomy":"product_cat","embeddable":true,"href":"https:\/\/www.credimex.ch\/fr\/wp-json\/wp\/v2\/product_cat?post=4056"},{"taxonomy":"product_tag","embeddable":true,"href":"https:\/\/www.credimex.ch\/fr\/wp-json\/wp\/v2\/product_tag?post=4056"}],"curies":[{"name":"wp","href":"https:\/\/api.w.org\/{rel}","templated":true}]}}