{"id":4058,"date":"2022-07-07T11:11:55","date_gmt":"2022-07-07T09:11:55","guid":{"rendered":"https:\/\/www.credimex.ch.mialias.net\/product\/accessoires-dautomatisation-phd\/"},"modified":"2022-07-07T11:11:55","modified_gmt":"2022-07-07T09:11:55","slug":"phd-automation-accessoires","status":"publish","type":"product","link":"https:\/\/www.credimex.ch\/fr\/produit\/phd-automation-accessoires\/","title":{"rendered":"Accessoires d&rsquo;automatisation PHD"},"content":{"rendered":"<h2>Description<\/h2>\n<p>Les accessoires de PHD Automation comprennent des d\u00e9tecteurs de proximit\u00e9 et des capteurs des s\u00e9ries suivantes :<\/p>\n<ul>\n<li>Les <b>commutateurs \u00e0 effet Hall de la s\u00e9rie 5360<\/b> sont con\u00e7us sp\u00e9cifiquement pour fournir un signal d&rsquo;entr\u00e9e \u00e0 divers types de contr\u00f4leurs programmables ou de syst\u00e8mes logiques.<\/li>\n<li>Les <b>d\u00e9tecteurs de proximit\u00e9 Reed de la s\u00e9rie 5580<\/b> peuvent \u00eatre utilis\u00e9s sur certains produits PHD, ce qui facilite l&rsquo;interface de ces actionneurs avec diverses commandes \u00e9lectroniques.<\/li>\n<li>Les <b>d\u00e9tecteurs de proximit\u00e9 \u00e0 effet Hall de la s\u00e9rie 5580<\/b> sont con\u00e7us sp\u00e9cifiquement pour fournir un signal d&rsquo;entr\u00e9e \u00e0 divers types de contr\u00f4leurs programmables ou de syst\u00e8mes logiques.<\/li>\n<li>Les <b>d\u00e9tecteurs de proximit\u00e9 \u00e0 semi-conducteurs de la s\u00e9rie 6250<\/b> sont disponibles pour une utilisation avec les v\u00e9rins ISO de PHD et sur d&rsquo;autres actionneurs PHD s\u00e9lectionn\u00e9s qui utilisent l&rsquo;option d&rsquo;aimant \u00ab\u00a0M\u00a0\u00bb.<\/li>\n<li>Les <b>d\u00e9tecteurs de proximit\u00e9 Reed de la s\u00e9rie 1750<\/b> peuvent \u00eatre utilis\u00e9s sur la plupart des produits PHD. Ils offrent une grande polyvalence de montage et permettent de gagner de l&rsquo;espace gr\u00e2ce \u00e0 leur conception compacte \u00e0 profil bas.<\/li>\n<li>Les <b>d\u00e9tecteurs de proximit\u00e9 Reed de la s\u00e9rie 5360<\/b> sont id\u00e9aux pour \u00eatre utilis\u00e9s comme entr\u00e9es pour de nombreux types de s\u00e9quenceurs et de contr\u00f4leurs programmables.<\/li>\n<li>Les <b>d\u00e9tecteurs de proximit\u00e9 \u00e0 semi-conducteurs de la s\u00e9rie 5360<\/b> sont con\u00e7us sp\u00e9cifiquement pour fournir un signal d&rsquo;entr\u00e9e \u00e0 divers types de contr\u00f4leurs programmables ou de syst\u00e8mes logiques.<\/li>\n<li>Les <strong>supports NFPA<\/strong> permettent de monter les interrupteurs Reed et \u00e0 effet Hall de la s\u00e9rie 1750 sur des cylindres NFPA de 1-1\/2&Prime; [38 .1 mm] \u00e0 8&Prime; [203 .2 mm].<\/li>\n<li>Les <b>interrupteurs \u00e0 semi-conducteurs de la s\u00e9rie 1750<\/b> peuvent \u00eatre utilis\u00e9s sur la plupart des produits PHD pour une interface simple avec de nombreux types de contr\u00f4leurs \u00e9lectriques.<\/li>\n<li>Les <b>d\u00e9tecteurs de proximit\u00e9 Reed de la s\u00e9rie 6250<\/b> sont con\u00e7us sp\u00e9cifiquement pour fournir un signal d&rsquo;entr\u00e9e \u00e0 divers types de contr\u00f4leurs programmables ou de syst\u00e8mes logiques.<\/li>\n<li>Les <b>d\u00e9tecteurs de proximit\u00e9 inductifs DC<\/b> offrent une grande fiabilit\u00e9 gr\u00e2ce \u00e0 la technologie de d\u00e9tection inductive \u00e0 l&rsquo;\u00e9tat solide. Ils conviennent aux environnements industriels o\u00f9 la salet\u00e9 et la contamination posent des probl\u00e8mes aux d\u00e9tecteurs \u00e9lectrom\u00e9caniques et autres.<\/li>\n<li>Les <b>interrupteurs de la s\u00e9rie JC1<\/b> sont disponibles en mod\u00e8les \u00e0 semi-conducteurs, Reed et Teachable \u00e0 deux positions.<\/li>\n<\/ul>\n<p><img fetchpriority=\"high\" decoding=\"async\" class=\"alignnone size-full wp-image-1509\" src=\"https:\/\/www.credimex.ch\/wp-content\/uploads\/2022\/07\/5580-Hall-Switches.png\" alt=\"\" width=\"670\" height=\"352\" srcset=\"https:\/\/www.credimex.ch\/wp-content\/uploads\/2022\/07\/5580-Hall-Switches.png 670w, https:\/\/www.credimex.ch\/wp-content\/uploads\/2022\/07\/5580-Hall-Switches-300x158.png 300w, https:\/\/www.credimex.ch\/wp-content\/uploads\/2022\/07\/5580-Hall-Switches-600x315.png 600w\" sizes=\"(max-width: 670px) 100vw, 670px\" \/><\/p>\n<h2>Avantages du produit<\/h2>\n<div class=\"row\">\n<div id=\"descrip_container\" class=\"col-md-12\">\n<div id=\"prod_description\">\n<p>PHD propose une grande vari\u00e9t\u00e9 de d\u00e9tecteurs de proximit\u00e9 et de capteurs pour cr\u00e9er une interface facile entre les diff\u00e9rents contr\u00f4leurs, syst\u00e8mes logiques et actionneurs PHD utilis\u00e9s dans l&rsquo;automatisation et la fabrication industrielle. Il existe de nombreux choix d&rsquo;interrupteurs \u00e0 lames, \u00e0 effet Hall et autres interrupteurs \u00e0 semi-conducteurs qui fournissent une r\u00e9troaction pour les nombreux styles de v\u00e9rins pneumatiques et \u00e9lectriques, de pinces, d&rsquo;actionneurs rotatifs et de glissi\u00e8res.<\/p>\n<\/div>\n<\/div>\n<\/div>\n<div class=\"row\">\n<div class=\"col-xs-8 col-xs-offset-2\">\n<div class=\"row\">\n<div id=\"assistanceInfo\" class=\"col-sm-4\"><img decoding=\"async\" class=\"alignnone size-full wp-image-1506\" src=\"https:\/\/www.credimex.ch\/wp-content\/uploads\/2022\/07\/DC-Inductive-Switches.png\" alt=\"\" width=\"670\" height=\"352\" srcset=\"https:\/\/www.credimex.ch\/wp-content\/uploads\/2022\/07\/DC-Inductive-Switches.png 670w, https:\/\/www.credimex.ch\/wp-content\/uploads\/2022\/07\/DC-Inductive-Switches-300x158.png 300w, https:\/\/www.credimex.ch\/wp-content\/uploads\/2022\/07\/DC-Inductive-Switches-600x315.png 600w\" sizes=\"(max-width: 670px) 100vw, 670px\" \/><\/div>\n<\/div>\n<\/div>\n<\/div>\n<h2>Application<\/h2>\n<p>Les accessoires d&rsquo;automatisation de PHD peuvent \u00eatre utilis\u00e9s dans de nombreux secteurs, du m\u00e9dical \u00e0 l&rsquo;automobile en passant par l&rsquo;alimentaire et l&#8217;emballage.<\/p>\n","protected":false},"excerpt":{"rendered":"<p>Les <strong>accessoires d&rsquo;automatisation PHD<\/strong> comprennent des d\u00e9tecteurs de proximit\u00e9 et des capteurs pour cr\u00e9er une interface facile entre les diff\u00e9rents contr\u00f4leurs, syst\u00e8mes logiques et actionneurs PHD utilis\u00e9s dans l&rsquo;automatisation et la fabrication industrielle.<\/p>\n","protected":false},"featured_media":3438,"comment_status":"open","ping_status":"closed","template":"","meta":{"_acf_changed":false},"product_brand":[],"product_cat":[611,341,340,413,376,411,384,475,375,361,360,414,610,588,412],"product_tag":[],"class_list":{"0":"post-4058","1":"product","2":"type-product","3":"status-publish","4":"has-post-thumbnail","6":"product_cat-actionneurs-pneumatiques-phd","7":"product_cat-aerospatiale","8":"product_cat-automobile","9":"product_cat-batteries","10":"product_cat-e-mobilite","11":"product_cat-electronique","12":"product_cat-energie","13":"product_cat-fabrication-de-montres","14":"product_cat-ferroviaire","15":"product_cat-industrie-alimentaire","16":"product_cat-industrie-generale","17":"product_cat-medical","18":"product_cat-phd","19":"product_cat-pneumatique","20":"product_cat-telepheriques","21":"pa_brands-phd-fr","23":"first","24":"instock","25":"shipping-taxable","26":"product-type-simple"},"acf":[],"_yoast_wpseo_focuskw":"Accessoires PHD Automation","_yoast_wpseo_metadesc":"Les accessoires d'automatisation PHD comprennent des interrupteurs de proximit\u00e9 et des capteurs pour cr\u00e9er une interface facile entre les diff\u00e9rents \u00e9l\u00e9ments.","yoast_head":"<!-- This site is optimized with the Yoast SEO Premium plugin v21.6 (Yoast SEO v27.4) - https:\/\/yoast.com\/product\/yoast-seo-premium-wordpress\/ -->\n<title>Accessoires d&#039;automatisation PHD - CREDIMEX<\/title>\n<meta name=\"description\" content=\"Les accessoires d&#039;automatisation PHD comprennent des interrupteurs de proximit\u00e9 et des capteurs pour cr\u00e9er une interface facile entre les diff\u00e9rents \u00e9l\u00e9ments.\" \/>\n<meta name=\"robots\" content=\"index, follow, max-snippet:-1, max-image-preview:large, max-video-preview:-1\" \/>\n<link rel=\"canonical\" href=\"https:\/\/www.credimex.ch\/fr\/produit\/phd-automation-accessoires\/\" \/>\n<meta property=\"og:locale\" content=\"fr_FR\" \/>\n<meta property=\"og:type\" content=\"article\" \/>\n<meta property=\"og:title\" content=\"Accessoires d&#039;automatisation PHD\" \/>\n<meta property=\"og:description\" content=\"Les accessoires d&#039;automatisation PHD comprennent des interrupteurs de proximit\u00e9 et des capteurs pour cr\u00e9er une interface facile entre les diff\u00e9rents \u00e9l\u00e9ments.\" \/>\n<meta property=\"og:url\" content=\"https:\/\/www.credimex.ch\/fr\/produit\/phd-automation-accessoires\/\" \/>\n<meta property=\"og:site_name\" content=\"CREDIMEX\" \/>\n<meta property=\"article:publisher\" content=\"https:\/\/www.facebook.com\/credimex.alpnach\/\" \/>\n<meta property=\"og:image\" content=\"https:\/\/www.credimex.ch\/wp-content\/uploads\/2022\/07\/5360-Hall-Effect-Switches.png\" \/>\n\t<meta property=\"og:image:width\" content=\"670\" \/>\n\t<meta property=\"og:image:height\" content=\"352\" \/>\n\t<meta property=\"og:image:type\" content=\"image\/png\" \/>\n<meta name=\"twitter:card\" content=\"summary_large_image\" \/>\n<meta name=\"twitter:label1\" content=\"Dur\u00e9e de lecture estim\u00e9e\" \/>\n\t<meta name=\"twitter:data1\" content=\"3 minutes\" \/>\n<script type=\"application\/ld+json\" class=\"yoast-schema-graph\">{\"@context\":\"https:\\\/\\\/schema.org\",\"@graph\":[{\"@type\":\"WebPage\",\"@id\":\"https:\\\/\\\/www.credimex.ch\\\/fr\\\/produit\\\/phd-automation-accessoires\\\/\",\"url\":\"https:\\\/\\\/www.credimex.ch\\\/fr\\\/produit\\\/phd-automation-accessoires\\\/\",\"name\":\"Accessoires d'automatisation PHD - CREDIMEX\",\"isPartOf\":{\"@id\":\"https:\\\/\\\/www.credimex.ch\\\/fr\\\/#website\"},\"primaryImageOfPage\":{\"@id\":\"https:\\\/\\\/www.credimex.ch\\\/fr\\\/produit\\\/phd-automation-accessoires\\\/#primaryimage\"},\"image\":{\"@id\":\"https:\\\/\\\/www.credimex.ch\\\/fr\\\/produit\\\/phd-automation-accessoires\\\/#primaryimage\"},\"thumbnailUrl\":\"https:\\\/\\\/www.credimex.ch\\\/wp-content\\\/uploads\\\/2022\\\/07\\\/5360-Hall-Effect-Switches.png\",\"datePublished\":\"2022-07-07T09:11:55+00:00\",\"description\":\"Les accessoires d'automatisation PHD comprennent des interrupteurs de proximit\u00e9 et des capteurs pour cr\u00e9er une interface facile entre les diff\u00e9rents \u00e9l\u00e9ments.\",\"breadcrumb\":{\"@id\":\"https:\\\/\\\/www.credimex.ch\\\/fr\\\/produit\\\/phd-automation-accessoires\\\/#breadcrumb\"},\"inLanguage\":\"fr-FR\",\"potentialAction\":[{\"@type\":\"ReadAction\",\"target\":[\"https:\\\/\\\/www.credimex.ch\\\/fr\\\/produit\\\/phd-automation-accessoires\\\/\"]}]},{\"@type\":\"ImageObject\",\"inLanguage\":\"fr-FR\",\"@id\":\"https:\\\/\\\/www.credimex.ch\\\/fr\\\/produit\\\/phd-automation-accessoires\\\/#primaryimage\",\"url\":\"https:\\\/\\\/www.credimex.ch\\\/wp-content\\\/uploads\\\/2022\\\/07\\\/5360-Hall-Effect-Switches.png\",\"contentUrl\":\"https:\\\/\\\/www.credimex.ch\\\/wp-content\\\/uploads\\\/2022\\\/07\\\/5360-Hall-Effect-Switches.png\",\"width\":670,\"height\":352,\"caption\":\"Pneumatic Actuators\"},{\"@type\":\"BreadcrumbList\",\"@id\":\"https:\\\/\\\/www.credimex.ch\\\/fr\\\/produit\\\/phd-automation-accessoires\\\/#breadcrumb\",\"itemListElement\":[{\"@type\":\"ListItem\",\"position\":1,\"name\":\"Home\",\"item\":\"https:\\\/\\\/www.credimex.ch\\\/fr\\\/\"},{\"@type\":\"ListItem\",\"position\":2,\"name\":\"Produits\",\"item\":\"https:\\\/\\\/www.credimex.ch\\\/fr\\\/produits\\\/\"},{\"@type\":\"ListItem\",\"position\":3,\"name\":\"Accessoires d&rsquo;automatisation PHD\"}]},{\"@type\":\"WebSite\",\"@id\":\"https:\\\/\\\/www.credimex.ch\\\/fr\\\/#website\",\"url\":\"https:\\\/\\\/www.credimex.ch\\\/fr\\\/\",\"name\":\"CREDIMEX\",\"description\":\"Partner of Swiss Industrial Market\",\"publisher\":{\"@id\":\"https:\\\/\\\/www.credimex.ch\\\/fr\\\/#organization\"},\"potentialAction\":[{\"@type\":\"SearchAction\",\"target\":{\"@type\":\"EntryPoint\",\"urlTemplate\":\"https:\\\/\\\/www.credimex.ch\\\/fr\\\/?s={search_term_string}\"},\"query-input\":{\"@type\":\"PropertyValueSpecification\",\"valueRequired\":true,\"valueName\":\"search_term_string\"}}],\"inLanguage\":\"fr-FR\"},{\"@type\":\"Organization\",\"@id\":\"https:\\\/\\\/www.credimex.ch\\\/fr\\\/#organization\",\"name\":\"credimex\",\"url\":\"https:\\\/\\\/www.credimex.ch\\\/fr\\\/\",\"logo\":{\"@type\":\"ImageObject\",\"inLanguage\":\"fr-FR\",\"@id\":\"https:\\\/\\\/www.credimex.ch\\\/fr\\\/#\\\/schema\\\/logo\\\/image\\\/\",\"url\":\"https:\\\/\\\/www.credimex.ch\\\/wp-content\\\/uploads\\\/2022\\\/03\\\/cropped-logo-credimex.png\",\"contentUrl\":\"https:\\\/\\\/www.credimex.ch\\\/wp-content\\\/uploads\\\/2022\\\/03\\\/cropped-logo-credimex.png\",\"width\":512,\"height\":512,\"caption\":\"credimex\"},\"image\":{\"@id\":\"https:\\\/\\\/www.credimex.ch\\\/fr\\\/#\\\/schema\\\/logo\\\/image\\\/\"},\"sameAs\":[\"https:\\\/\\\/www.facebook.com\\\/credimex.alpnach\\\/\",\"https:\\\/\\\/www.linkedin.com\\\/company\\\/credimex\\\/\",\"https:\\\/\\\/www.youtube.com\\\/@CREDIMEX?sub_confirmation=1\"]}]}<\/script>\n<!-- \/ Yoast SEO Premium plugin. -->","yoast_head_json":{"title":"Accessoires d'automatisation PHD - CREDIMEX","description":"Les accessoires d'automatisation PHD comprennent des interrupteurs de proximit\u00e9 et des capteurs pour cr\u00e9er une interface facile entre les diff\u00e9rents \u00e9l\u00e9ments.","robots":{"index":"index","follow":"follow","max-snippet":"max-snippet:-1","max-image-preview":"max-image-preview:large","max-video-preview":"max-video-preview:-1"},"canonical":"https:\/\/www.credimex.ch\/fr\/produit\/phd-automation-accessoires\/","og_locale":"fr_FR","og_type":"article","og_title":"Accessoires d'automatisation PHD","og_description":"Les accessoires d'automatisation PHD comprennent des interrupteurs de proximit\u00e9 et des capteurs pour cr\u00e9er une interface facile entre les diff\u00e9rents \u00e9l\u00e9ments.","og_url":"https:\/\/www.credimex.ch\/fr\/produit\/phd-automation-accessoires\/","og_site_name":"CREDIMEX","article_publisher":"https:\/\/www.facebook.com\/credimex.alpnach\/","og_image":[{"width":670,"height":352,"url":"https:\/\/www.credimex.ch\/wp-content\/uploads\/2022\/07\/5360-Hall-Effect-Switches.png","type":"image\/png"}],"twitter_card":"summary_large_image","twitter_misc":{"Dur\u00e9e de lecture estim\u00e9e":"3 minutes"},"schema":{"@context":"https:\/\/schema.org","@graph":[{"@type":"WebPage","@id":"https:\/\/www.credimex.ch\/fr\/produit\/phd-automation-accessoires\/","url":"https:\/\/www.credimex.ch\/fr\/produit\/phd-automation-accessoires\/","name":"Accessoires d'automatisation PHD - CREDIMEX","isPartOf":{"@id":"https:\/\/www.credimex.ch\/fr\/#website"},"primaryImageOfPage":{"@id":"https:\/\/www.credimex.ch\/fr\/produit\/phd-automation-accessoires\/#primaryimage"},"image":{"@id":"https:\/\/www.credimex.ch\/fr\/produit\/phd-automation-accessoires\/#primaryimage"},"thumbnailUrl":"https:\/\/www.credimex.ch\/wp-content\/uploads\/2022\/07\/5360-Hall-Effect-Switches.png","datePublished":"2022-07-07T09:11:55+00:00","description":"Les accessoires d'automatisation PHD comprennent des interrupteurs de proximit\u00e9 et des capteurs pour cr\u00e9er une interface facile entre les diff\u00e9rents \u00e9l\u00e9ments.","breadcrumb":{"@id":"https:\/\/www.credimex.ch\/fr\/produit\/phd-automation-accessoires\/#breadcrumb"},"inLanguage":"fr-FR","potentialAction":[{"@type":"ReadAction","target":["https:\/\/www.credimex.ch\/fr\/produit\/phd-automation-accessoires\/"]}]},{"@type":"ImageObject","inLanguage":"fr-FR","@id":"https:\/\/www.credimex.ch\/fr\/produit\/phd-automation-accessoires\/#primaryimage","url":"https:\/\/www.credimex.ch\/wp-content\/uploads\/2022\/07\/5360-Hall-Effect-Switches.png","contentUrl":"https:\/\/www.credimex.ch\/wp-content\/uploads\/2022\/07\/5360-Hall-Effect-Switches.png","width":670,"height":352,"caption":"Pneumatic Actuators"},{"@type":"BreadcrumbList","@id":"https:\/\/www.credimex.ch\/fr\/produit\/phd-automation-accessoires\/#breadcrumb","itemListElement":[{"@type":"ListItem","position":1,"name":"Home","item":"https:\/\/www.credimex.ch\/fr\/"},{"@type":"ListItem","position":2,"name":"Produits","item":"https:\/\/www.credimex.ch\/fr\/produits\/"},{"@type":"ListItem","position":3,"name":"Accessoires d&rsquo;automatisation PHD"}]},{"@type":"WebSite","@id":"https:\/\/www.credimex.ch\/fr\/#website","url":"https:\/\/www.credimex.ch\/fr\/","name":"CREDIMEX","description":"Partner of Swiss Industrial Market","publisher":{"@id":"https:\/\/www.credimex.ch\/fr\/#organization"},"potentialAction":[{"@type":"SearchAction","target":{"@type":"EntryPoint","urlTemplate":"https:\/\/www.credimex.ch\/fr\/?s={search_term_string}"},"query-input":{"@type":"PropertyValueSpecification","valueRequired":true,"valueName":"search_term_string"}}],"inLanguage":"fr-FR"},{"@type":"Organization","@id":"https:\/\/www.credimex.ch\/fr\/#organization","name":"credimex","url":"https:\/\/www.credimex.ch\/fr\/","logo":{"@type":"ImageObject","inLanguage":"fr-FR","@id":"https:\/\/www.credimex.ch\/fr\/#\/schema\/logo\/image\/","url":"https:\/\/www.credimex.ch\/wp-content\/uploads\/2022\/03\/cropped-logo-credimex.png","contentUrl":"https:\/\/www.credimex.ch\/wp-content\/uploads\/2022\/03\/cropped-logo-credimex.png","width":512,"height":512,"caption":"credimex"},"image":{"@id":"https:\/\/www.credimex.ch\/fr\/#\/schema\/logo\/image\/"},"sameAs":["https:\/\/www.facebook.com\/credimex.alpnach\/","https:\/\/www.linkedin.com\/company\/credimex\/","https:\/\/www.youtube.com\/@CREDIMEX?sub_confirmation=1"]}]}},"_links":{"self":[{"href":"https:\/\/www.credimex.ch\/fr\/wp-json\/wp\/v2\/product\/4058","targetHints":{"allow":["GET"]}}],"collection":[{"href":"https:\/\/www.credimex.ch\/fr\/wp-json\/wp\/v2\/product"}],"about":[{"href":"https:\/\/www.credimex.ch\/fr\/wp-json\/wp\/v2\/types\/product"}],"replies":[{"embeddable":true,"href":"https:\/\/www.credimex.ch\/fr\/wp-json\/wp\/v2\/comments?post=4058"}],"wp:featuredmedia":[{"embeddable":true,"href":"https:\/\/www.credimex.ch\/fr\/wp-json\/wp\/v2\/media\/3438"}],"wp:attachment":[{"href":"https:\/\/www.credimex.ch\/fr\/wp-json\/wp\/v2\/media?parent=4058"}],"wp:term":[{"taxonomy":"product_brand","embeddable":true,"href":"https:\/\/www.credimex.ch\/fr\/wp-json\/wp\/v2\/product_brand?post=4058"},{"taxonomy":"product_cat","embeddable":true,"href":"https:\/\/www.credimex.ch\/fr\/wp-json\/wp\/v2\/product_cat?post=4058"},{"taxonomy":"product_tag","embeddable":true,"href":"https:\/\/www.credimex.ch\/fr\/wp-json\/wp\/v2\/product_tag?post=4058"}],"curies":[{"name":"wp","href":"https:\/\/api.w.org\/{rel}","templated":true}]}}