{"id":4060,"date":"2022-07-07T11:01:41","date_gmt":"2022-07-07T09:01:41","guid":{"rendered":"https:\/\/www.credimex.ch.mialias.net\/product\/phd-automation-blow-molding\/"},"modified":"2022-07-07T11:01:41","modified_gmt":"2022-07-07T09:01:41","slug":"phd-automation-moulage-par-soufflage","status":"publish","type":"product","link":"https:\/\/www.credimex.ch\/fr\/produit\/phd-automation-moulage-par-soufflage\/","title":{"rendered":"PHD Automation Blow Molding"},"content":{"rendered":"<h2>Description<\/h2>\n<p>Les \u00e9quipements de moulage par soufflage de PHD Automation comprennent les s\u00e9ries suivantes :<\/p>\n<ul>\n<li>Les <b>cylindres \u00e0 aiguilles de la s\u00e9rie BCT <\/b>sont des solutions directes de cylindres \u00e0 aiguilles OEM utilis\u00e9es dans les roues d&rsquo;extrusion continue.<\/li>\n<li>Les <b>v\u00e9rins de buse universels de la s\u00e9rie BCZU<\/b> sont des composants de rechange pour les machines universelles de type \u00ab\u00a0S\u00a0\u00bb.<\/li>\n<li>Les <b>v\u00e9rins d&rsquo;\u00e9tirement de la s\u00e9rie BCS2<\/b> sont des composants de rechange pour les machines de la s\u00e9rie 2 du mod\u00e8le SBO de style &lsquo;S&rsquo;.<\/li>\n<li>Les <b>v\u00e9rins d&rsquo;\u00e9tirement de la s\u00e9rie BCS1 pour le soufflage de bouteilles<\/b> sont des pi\u00e8ces de rechange pour les machines de la s\u00e9rie 1 du mod\u00e8le SBO.<\/li>\n<li>Les <b>cylindres d&rsquo;\u00e9tirage de la s\u00e9rie BCK<\/b> sont des remplacements directs pour les machines d&rsquo;\u00e9tirage-soufflage de style &lsquo;K&rsquo;.<\/li>\n<li>Les <b>cylindres de buse de la s\u00e9rie BCZ<\/b> sont destin\u00e9s aux machines CSD et Heat Set de la s\u00e9rie 2 du mod\u00e8le SBO de style &lsquo;S&rsquo;.<\/li>\n<li>Les <b>bras de transfert de la s\u00e9rie BST2 pour le moulage par soufflage<\/b> sont con\u00e7us pour s&rsquo;adapter \u00e0 la plupart des machines de la s\u00e9rie 2 de style &lsquo;S&rsquo; n\u00e9cessitant une t\u00eate fixe.<\/li>\n<li>Les <b>v\u00e9rins d&rsquo;\u00e9tirage universels de la s\u00e9rie BCSU<\/b> sont destin\u00e9s aux machines universelles de type \u00ab\u00a0S\u00a0\u00bb.<\/li>\n<\/ul>\n<p><img fetchpriority=\"high\" decoding=\"async\" class=\"alignnone size-full wp-image-1497\" src=\"https:\/\/www.credimex.ch\/wp-content\/uploads\/2022\/07\/BCT_Main_image.png\" alt=\"\" width=\"670\" height=\"352\" srcset=\"https:\/\/www.credimex.ch\/wp-content\/uploads\/2022\/07\/BCT_Main_image.png 670w, https:\/\/www.credimex.ch\/wp-content\/uploads\/2022\/07\/BCT_Main_image-300x158.png 300w, https:\/\/www.credimex.ch\/wp-content\/uploads\/2022\/07\/BCT_Main_image-600x315.png 600w\" sizes=\"(max-width: 670px) 100vw, 670px\" \/><\/p>\n<h2>Avantages du produit<\/h2>\n<p>PHD propose une gamme d&rsquo;\u00e9quipements de moulage par soufflage pour la fabrication de bouteilles et autres r\u00e9cipients en plastique. Ces produits sont des pi\u00e8ces de rechange pour les machines de moulage par \u00e9tirage-soufflage de type \u00ab\u00a0S\u00a0\u00bb et \u00ab\u00a0K\u00a0\u00bb et autres. Les v\u00e9rins d&rsquo;\u00e9tirage BCS de la s\u00e9rie standard sont con\u00e7us comme des composants de rechange sur les machines de moulage par soufflage SBO ISMB s\u00e9rie 1 et s\u00e9rie 2 pour offrir une longue dur\u00e9e de vie et r\u00e9duire la maintenance et les temps d&rsquo;arr\u00eat. D&rsquo;autres \u00e9quipements sp\u00e9cialis\u00e9s pour le moulage par soufflage comprennent des cylindres de buse, des cylindres \u00e0 aiguille, des glissi\u00e8res d&rsquo;\u00e9jection, des bras de transfert, et bien plus encore.<\/p>\n<p><img decoding=\"async\" class=\"alignnone size-full wp-image-1495\" src=\"https:\/\/www.credimex.ch\/wp-content\/uploads\/2022\/07\/BCZUx_Nozzle_cylinder.png\" alt=\"\" width=\"670\" height=\"352\" srcset=\"https:\/\/www.credimex.ch\/wp-content\/uploads\/2022\/07\/BCZUx_Nozzle_cylinder.png 670w, https:\/\/www.credimex.ch\/wp-content\/uploads\/2022\/07\/BCZUx_Nozzle_cylinder-300x158.png 300w, https:\/\/www.credimex.ch\/wp-content\/uploads\/2022\/07\/BCZUx_Nozzle_cylinder-600x315.png 600w\" sizes=\"(max-width: 670px) 100vw, 670px\" \/><\/p>\n<h2>Application<\/h2>\n<p>Les \u00e9quipements de moulage par soufflage de PHD automation peuvent \u00eatre utilis\u00e9s dans une vari\u00e9t\u00e9 d&rsquo;industries, du m\u00e9dical \u00e0 l&rsquo;automobile en passant par l&rsquo;alimentaire et l&#8217;emballage.<\/p>\n","protected":false},"excerpt":{"rendered":"<p>Les \u00e9quipements de <strong>moulage par soufflage de PHD automation<\/strong> sont sp\u00e9cialement cr\u00e9\u00e9s pour la fabrication de bouteilles et autres r\u00e9cipients en plastique.<\/p>\n","protected":false},"featured_media":3434,"comment_status":"open","ping_status":"closed","template":"","meta":{"_acf_changed":false},"product_brand":[],"product_cat":[611,341,340,413,376,411,384,475,375,361,360,414,610,588,412],"product_tag":[],"class_list":{"0":"post-4060","1":"product","2":"type-product","3":"status-publish","4":"has-post-thumbnail","6":"product_cat-actionneurs-pneumatiques-phd","7":"product_cat-aerospatiale","8":"product_cat-automobile","9":"product_cat-batteries","10":"product_cat-e-mobilite","11":"product_cat-electronique","12":"product_cat-energie","13":"product_cat-fabrication-de-montres","14":"product_cat-ferroviaire","15":"product_cat-industrie-alimentaire","16":"product_cat-industrie-generale","17":"product_cat-medical","18":"product_cat-phd","19":"product_cat-pneumatique","20":"product_cat-telepheriques","21":"pa_brands-phd-fr","23":"first","24":"instock","25":"shipping-taxable","26":"product-type-simple"},"acf":[],"_yoast_wpseo_focuskw":"PHD Automation moulage par soufflage","_yoast_wpseo_metadesc":"Les \u00e9quipements de moulage par soufflage de PHD automation sont sp\u00e9cialement cr\u00e9\u00e9s pour la fabrication de bouteilles et autres r\u00e9cipients en plastique.","yoast_head":"<!-- This site is optimized with the Yoast SEO Premium plugin v21.6 (Yoast SEO v27.4) - https:\/\/yoast.com\/product\/yoast-seo-premium-wordpress\/ -->\n<title>PHD Automation Blow Molding - CREDIMEX<\/title>\n<meta name=\"description\" content=\"Les \u00e9quipements de moulage par soufflage de PHD automation sont sp\u00e9cialement cr\u00e9\u00e9s pour la fabrication de bouteilles et autres r\u00e9cipients en plastique.\" \/>\n<meta name=\"robots\" content=\"index, follow, max-snippet:-1, max-image-preview:large, max-video-preview:-1\" \/>\n<link rel=\"canonical\" href=\"https:\/\/www.credimex.ch\/fr\/produit\/phd-automation-moulage-par-soufflage\/\" \/>\n<meta property=\"og:locale\" content=\"fr_FR\" \/>\n<meta property=\"og:type\" content=\"article\" \/>\n<meta property=\"og:title\" content=\"PHD Automation Blow Molding\" \/>\n<meta property=\"og:description\" content=\"Les \u00e9quipements de moulage par soufflage de PHD automation sont sp\u00e9cialement cr\u00e9\u00e9s pour la fabrication de bouteilles et autres r\u00e9cipients en plastique.\" \/>\n<meta property=\"og:url\" content=\"https:\/\/www.credimex.ch\/fr\/produit\/phd-automation-moulage-par-soufflage\/\" \/>\n<meta property=\"og:site_name\" content=\"CREDIMEX\" \/>\n<meta property=\"article:publisher\" content=\"https:\/\/www.facebook.com\/credimex.alpnach\/\" \/>\n<meta property=\"og:image\" content=\"https:\/\/www.credimex.ch\/wp-content\/uploads\/2022\/07\/bcsu.png\" \/>\n\t<meta property=\"og:image:width\" content=\"670\" \/>\n\t<meta property=\"og:image:height\" content=\"352\" \/>\n\t<meta property=\"og:image:type\" content=\"image\/png\" \/>\n<meta name=\"twitter:card\" content=\"summary_large_image\" \/>\n<meta name=\"twitter:label1\" content=\"Dur\u00e9e de lecture estim\u00e9e\" \/>\n\t<meta name=\"twitter:data1\" content=\"2 minutes\" \/>\n<script type=\"application\/ld+json\" class=\"yoast-schema-graph\">{\"@context\":\"https:\\\/\\\/schema.org\",\"@graph\":[{\"@type\":\"WebPage\",\"@id\":\"https:\\\/\\\/www.credimex.ch\\\/fr\\\/produit\\\/phd-automation-moulage-par-soufflage\\\/\",\"url\":\"https:\\\/\\\/www.credimex.ch\\\/fr\\\/produit\\\/phd-automation-moulage-par-soufflage\\\/\",\"name\":\"PHD Automation Blow Molding - CREDIMEX\",\"isPartOf\":{\"@id\":\"https:\\\/\\\/www.credimex.ch\\\/fr\\\/#website\"},\"primaryImageOfPage\":{\"@id\":\"https:\\\/\\\/www.credimex.ch\\\/fr\\\/produit\\\/phd-automation-moulage-par-soufflage\\\/#primaryimage\"},\"image\":{\"@id\":\"https:\\\/\\\/www.credimex.ch\\\/fr\\\/produit\\\/phd-automation-moulage-par-soufflage\\\/#primaryimage\"},\"thumbnailUrl\":\"https:\\\/\\\/www.credimex.ch\\\/wp-content\\\/uploads\\\/2022\\\/07\\\/bcsu.png\",\"datePublished\":\"2022-07-07T09:01:41+00:00\",\"description\":\"Les \u00e9quipements de moulage par soufflage de PHD automation sont sp\u00e9cialement cr\u00e9\u00e9s pour la fabrication de bouteilles et autres r\u00e9cipients en plastique.\",\"breadcrumb\":{\"@id\":\"https:\\\/\\\/www.credimex.ch\\\/fr\\\/produit\\\/phd-automation-moulage-par-soufflage\\\/#breadcrumb\"},\"inLanguage\":\"fr-FR\",\"potentialAction\":[{\"@type\":\"ReadAction\",\"target\":[\"https:\\\/\\\/www.credimex.ch\\\/fr\\\/produit\\\/phd-automation-moulage-par-soufflage\\\/\"]}]},{\"@type\":\"ImageObject\",\"inLanguage\":\"fr-FR\",\"@id\":\"https:\\\/\\\/www.credimex.ch\\\/fr\\\/produit\\\/phd-automation-moulage-par-soufflage\\\/#primaryimage\",\"url\":\"https:\\\/\\\/www.credimex.ch\\\/wp-content\\\/uploads\\\/2022\\\/07\\\/bcsu.png\",\"contentUrl\":\"https:\\\/\\\/www.credimex.ch\\\/wp-content\\\/uploads\\\/2022\\\/07\\\/bcsu.png\",\"width\":670,\"height\":352},{\"@type\":\"BreadcrumbList\",\"@id\":\"https:\\\/\\\/www.credimex.ch\\\/fr\\\/produit\\\/phd-automation-moulage-par-soufflage\\\/#breadcrumb\",\"itemListElement\":[{\"@type\":\"ListItem\",\"position\":1,\"name\":\"Home\",\"item\":\"https:\\\/\\\/www.credimex.ch\\\/fr\\\/\"},{\"@type\":\"ListItem\",\"position\":2,\"name\":\"Produits\",\"item\":\"https:\\\/\\\/www.credimex.ch\\\/fr\\\/produits\\\/\"},{\"@type\":\"ListItem\",\"position\":3,\"name\":\"PHD Automation Blow Molding\"}]},{\"@type\":\"WebSite\",\"@id\":\"https:\\\/\\\/www.credimex.ch\\\/fr\\\/#website\",\"url\":\"https:\\\/\\\/www.credimex.ch\\\/fr\\\/\",\"name\":\"CREDIMEX\",\"description\":\"Partner of Swiss Industrial Market\",\"publisher\":{\"@id\":\"https:\\\/\\\/www.credimex.ch\\\/fr\\\/#organization\"},\"potentialAction\":[{\"@type\":\"SearchAction\",\"target\":{\"@type\":\"EntryPoint\",\"urlTemplate\":\"https:\\\/\\\/www.credimex.ch\\\/fr\\\/?s={search_term_string}\"},\"query-input\":{\"@type\":\"PropertyValueSpecification\",\"valueRequired\":true,\"valueName\":\"search_term_string\"}}],\"inLanguage\":\"fr-FR\"},{\"@type\":\"Organization\",\"@id\":\"https:\\\/\\\/www.credimex.ch\\\/fr\\\/#organization\",\"name\":\"credimex\",\"url\":\"https:\\\/\\\/www.credimex.ch\\\/fr\\\/\",\"logo\":{\"@type\":\"ImageObject\",\"inLanguage\":\"fr-FR\",\"@id\":\"https:\\\/\\\/www.credimex.ch\\\/fr\\\/#\\\/schema\\\/logo\\\/image\\\/\",\"url\":\"https:\\\/\\\/www.credimex.ch\\\/wp-content\\\/uploads\\\/2022\\\/03\\\/cropped-logo-credimex.png\",\"contentUrl\":\"https:\\\/\\\/www.credimex.ch\\\/wp-content\\\/uploads\\\/2022\\\/03\\\/cropped-logo-credimex.png\",\"width\":512,\"height\":512,\"caption\":\"credimex\"},\"image\":{\"@id\":\"https:\\\/\\\/www.credimex.ch\\\/fr\\\/#\\\/schema\\\/logo\\\/image\\\/\"},\"sameAs\":[\"https:\\\/\\\/www.facebook.com\\\/credimex.alpnach\\\/\",\"https:\\\/\\\/www.linkedin.com\\\/company\\\/credimex\\\/\",\"https:\\\/\\\/www.youtube.com\\\/@CREDIMEX?sub_confirmation=1\"]}]}<\/script>\n<!-- \/ Yoast SEO Premium plugin. -->","yoast_head_json":{"title":"PHD Automation Blow Molding - CREDIMEX","description":"Les \u00e9quipements de moulage par soufflage de PHD automation sont sp\u00e9cialement cr\u00e9\u00e9s pour la fabrication de bouteilles et autres r\u00e9cipients en plastique.","robots":{"index":"index","follow":"follow","max-snippet":"max-snippet:-1","max-image-preview":"max-image-preview:large","max-video-preview":"max-video-preview:-1"},"canonical":"https:\/\/www.credimex.ch\/fr\/produit\/phd-automation-moulage-par-soufflage\/","og_locale":"fr_FR","og_type":"article","og_title":"PHD Automation Blow Molding","og_description":"Les \u00e9quipements de moulage par soufflage de PHD automation sont sp\u00e9cialement cr\u00e9\u00e9s pour la fabrication de bouteilles et autres r\u00e9cipients en plastique.","og_url":"https:\/\/www.credimex.ch\/fr\/produit\/phd-automation-moulage-par-soufflage\/","og_site_name":"CREDIMEX","article_publisher":"https:\/\/www.facebook.com\/credimex.alpnach\/","og_image":[{"width":670,"height":352,"url":"https:\/\/www.credimex.ch\/wp-content\/uploads\/2022\/07\/bcsu.png","type":"image\/png"}],"twitter_card":"summary_large_image","twitter_misc":{"Dur\u00e9e de lecture estim\u00e9e":"2 minutes"},"schema":{"@context":"https:\/\/schema.org","@graph":[{"@type":"WebPage","@id":"https:\/\/www.credimex.ch\/fr\/produit\/phd-automation-moulage-par-soufflage\/","url":"https:\/\/www.credimex.ch\/fr\/produit\/phd-automation-moulage-par-soufflage\/","name":"PHD Automation Blow Molding - CREDIMEX","isPartOf":{"@id":"https:\/\/www.credimex.ch\/fr\/#website"},"primaryImageOfPage":{"@id":"https:\/\/www.credimex.ch\/fr\/produit\/phd-automation-moulage-par-soufflage\/#primaryimage"},"image":{"@id":"https:\/\/www.credimex.ch\/fr\/produit\/phd-automation-moulage-par-soufflage\/#primaryimage"},"thumbnailUrl":"https:\/\/www.credimex.ch\/wp-content\/uploads\/2022\/07\/bcsu.png","datePublished":"2022-07-07T09:01:41+00:00","description":"Les \u00e9quipements de moulage par soufflage de PHD automation sont sp\u00e9cialement cr\u00e9\u00e9s pour la fabrication de bouteilles et autres r\u00e9cipients en plastique.","breadcrumb":{"@id":"https:\/\/www.credimex.ch\/fr\/produit\/phd-automation-moulage-par-soufflage\/#breadcrumb"},"inLanguage":"fr-FR","potentialAction":[{"@type":"ReadAction","target":["https:\/\/www.credimex.ch\/fr\/produit\/phd-automation-moulage-par-soufflage\/"]}]},{"@type":"ImageObject","inLanguage":"fr-FR","@id":"https:\/\/www.credimex.ch\/fr\/produit\/phd-automation-moulage-par-soufflage\/#primaryimage","url":"https:\/\/www.credimex.ch\/wp-content\/uploads\/2022\/07\/bcsu.png","contentUrl":"https:\/\/www.credimex.ch\/wp-content\/uploads\/2022\/07\/bcsu.png","width":670,"height":352},{"@type":"BreadcrumbList","@id":"https:\/\/www.credimex.ch\/fr\/produit\/phd-automation-moulage-par-soufflage\/#breadcrumb","itemListElement":[{"@type":"ListItem","position":1,"name":"Home","item":"https:\/\/www.credimex.ch\/fr\/"},{"@type":"ListItem","position":2,"name":"Produits","item":"https:\/\/www.credimex.ch\/fr\/produits\/"},{"@type":"ListItem","position":3,"name":"PHD Automation Blow Molding"}]},{"@type":"WebSite","@id":"https:\/\/www.credimex.ch\/fr\/#website","url":"https:\/\/www.credimex.ch\/fr\/","name":"CREDIMEX","description":"Partner of Swiss Industrial Market","publisher":{"@id":"https:\/\/www.credimex.ch\/fr\/#organization"},"potentialAction":[{"@type":"SearchAction","target":{"@type":"EntryPoint","urlTemplate":"https:\/\/www.credimex.ch\/fr\/?s={search_term_string}"},"query-input":{"@type":"PropertyValueSpecification","valueRequired":true,"valueName":"search_term_string"}}],"inLanguage":"fr-FR"},{"@type":"Organization","@id":"https:\/\/www.credimex.ch\/fr\/#organization","name":"credimex","url":"https:\/\/www.credimex.ch\/fr\/","logo":{"@type":"ImageObject","inLanguage":"fr-FR","@id":"https:\/\/www.credimex.ch\/fr\/#\/schema\/logo\/image\/","url":"https:\/\/www.credimex.ch\/wp-content\/uploads\/2022\/03\/cropped-logo-credimex.png","contentUrl":"https:\/\/www.credimex.ch\/wp-content\/uploads\/2022\/03\/cropped-logo-credimex.png","width":512,"height":512,"caption":"credimex"},"image":{"@id":"https:\/\/www.credimex.ch\/fr\/#\/schema\/logo\/image\/"},"sameAs":["https:\/\/www.facebook.com\/credimex.alpnach\/","https:\/\/www.linkedin.com\/company\/credimex\/","https:\/\/www.youtube.com\/@CREDIMEX?sub_confirmation=1"]}]}},"_links":{"self":[{"href":"https:\/\/www.credimex.ch\/fr\/wp-json\/wp\/v2\/product\/4060","targetHints":{"allow":["GET"]}}],"collection":[{"href":"https:\/\/www.credimex.ch\/fr\/wp-json\/wp\/v2\/product"}],"about":[{"href":"https:\/\/www.credimex.ch\/fr\/wp-json\/wp\/v2\/types\/product"}],"replies":[{"embeddable":true,"href":"https:\/\/www.credimex.ch\/fr\/wp-json\/wp\/v2\/comments?post=4060"}],"wp:featuredmedia":[{"embeddable":true,"href":"https:\/\/www.credimex.ch\/fr\/wp-json\/wp\/v2\/media\/3434"}],"wp:attachment":[{"href":"https:\/\/www.credimex.ch\/fr\/wp-json\/wp\/v2\/media?parent=4060"}],"wp:term":[{"taxonomy":"product_brand","embeddable":true,"href":"https:\/\/www.credimex.ch\/fr\/wp-json\/wp\/v2\/product_brand?post=4060"},{"taxonomy":"product_cat","embeddable":true,"href":"https:\/\/www.credimex.ch\/fr\/wp-json\/wp\/v2\/product_cat?post=4060"},{"taxonomy":"product_tag","embeddable":true,"href":"https:\/\/www.credimex.ch\/fr\/wp-json\/wp\/v2\/product_tag?post=4060"}],"curies":[{"name":"wp","href":"https:\/\/api.w.org\/{rel}","templated":true}]}}