{"id":4062,"date":"2022-07-07T10:51:22","date_gmt":"2022-07-07T08:51:22","guid":{"rendered":"https:\/\/www.credimex.ch.mialias.net\/product\/phd-automation-grippers\/"},"modified":"2022-07-07T10:51:22","modified_gmt":"2022-07-07T08:51:22","slug":"phd-automation-grippers-2","status":"publish","type":"product","link":"https:\/\/www.credimex.ch\/fr\/produit\/phd-automation-grippers-2\/","title":{"rendered":"PHD Automation Grippers"},"content":{"rendered":"<h2>Description<\/h2>\n<p>Les pr\u00e9henseurs de PHD Automation comprennent les s\u00e9ries suivantes :<\/p>\n<ul>\n<li><b>PHD FLEXION<\/b> est une innovation en mati\u00e8re de technologie de pr\u00e9hension inspir\u00e9e par la pr\u00e9hension ultime : la main humaine.<\/li>\n<li>Les <b>pinces parall\u00e8les pneumatiques haute capacit\u00e9 Guardian\u00ae de la s\u00e9rie GRR<\/b> offrent une force de pr\u00e9hension \u00e9lev\u00e9e, des courses de m\u00e2choires de cinq longueurs et des charges de m\u00e2choires \u00e9lev\u00e9es.<\/li>\n<li><b>Les pinces parall\u00e8les pneumatiques miniatures de la s\u00e9rie OGZ de PHD Optimax\u00ae <\/b>sont dot\u00e9es d&rsquo;un guide lin\u00e9aire int\u00e9gr\u00e9 pour une rigidit\u00e9 et une pr\u00e9cision \u00e9lev\u00e9es.<\/li>\n<li>Les <b>pinces \u00e9lectriques parall\u00e8les de grande capacit\u00e9 de la s\u00e9rie EGRR<\/b> sont construites sur le ch\u00e2ssis \u00e9prouv\u00e9 de la s\u00e9rie GRR. La version \u00e9lectrique offre les m\u00eames avantages que la version pneumatique, mais avec la conception et la flexibilit\u00e9 de votre moteur, \u00e0 votre fa\u00e7on.<\/li>\n<li>Les <b>pinces pneumatiques parall\u00e8les \u00e0 longue course de la s\u00e9rie GRH<\/b> sont peu encombrantes et disponibles en quatre tailles qui permettent d&rsquo;obtenir des moments importants et des outils de grande longueur.<\/li>\n<li>Les <b>pinces pneumatiques rotatives parall\u00e8les de la s\u00e9rie GRC<\/b> offrent une force de pr\u00e9hension \u00e9lev\u00e9e par rapport au poids, dans un bo\u00eetier \u00e0 profil bas.<\/li>\n<li><strong>La pince magn\u00e9tique<\/strong> est id\u00e9ale pour une utilisation o\u00f9 les effecteurs finaux et les ventouses sont g\u00e9n\u00e9ralement utilis\u00e9s pour soulever et d\u00e9placer des pi\u00e8ces ferromagn\u00e9tiques telles que des feuilles d&rsquo;acier, des \u00e9bauches et des pi\u00e8ces estamp\u00e9es.<\/li>\n<li>Les <b>pinces pneumatiques parall\u00e8les \u00e0 corps large de la s\u00e9rie GRW<\/b> sont dot\u00e9es de guides de m\u00e2choires de grand diam\u00e8tre pour assurer la stabilit\u00e9 des m\u00e2choires et une capacit\u00e9 de moment \u00e9lev\u00e9.<\/li>\n<li>Les <b>pinces pneumatiques parall\u00e8les \u00e0 profil bas de la s\u00e9rie GRS<\/b> se caract\u00e9risent par une conception \u00e0 profil bas et un m\u00e9canisme d&rsquo;entra\u00eenement \u00e0 came inclin\u00e9e pour des forces de pr\u00e9hension plus \u00e9lev\u00e9es, un jeu minimal des m\u00e2choires et une longue dur\u00e9e de vie.<\/li>\n<li>Les <b>pinces pneumatiques parall\u00e8les MRO de la s\u00e9rie GRF<\/b> sont des substituts plus performants des pinces MRO.<\/li>\n<li>Les <b>pinces pneumatiques parall\u00e8les \u00e0 3 mors de la s\u00e9rie GRT<\/b> assurent un auto-centrage et un contact maximal entre la pi\u00e8ce et l&rsquo;outil \u00e0 mors.<\/li>\n<li>Les <b>pinces pneumatiques parall\u00e8les \u00e0 usage intensif de la s\u00e9rie GRK<\/b> fournissent la force de pr\u00e9hension la plus \u00e9lev\u00e9e de leur cat\u00e9gorie et offrent des capacit\u00e9s de moment et une pr\u00e9cision sup\u00e9rieures dans une conception \u00e0 profil bas.<\/li>\n<li>Les <b>pinces pneumatiques microparall\u00e8les des s\u00e9ries 190\/191<\/b> offrent une longue dur\u00e9e de vie du v\u00e9rin et un ressort d&rsquo;assistance pour une force de pr\u00e9hension plus \u00e9lev\u00e9e et la r\u00e9tention des pi\u00e8ces en cas de perte de pression d&rsquo;air.<\/li>\n<li>Les <b>pinces angulaires 180\u00b0 pneumatiques de la s\u00e9rie GRB<\/b> offrent une course angulaire des m\u00e2choires allant jusqu&rsquo;\u00e0 180\u00b0, ce qui permet aux m\u00e2choires de se retirer compl\u00e8tement de la zone de travail.<\/li>\n<li>Les <b>pinces pneumatiques parall\u00e8les miniatures de la s\u00e9rie GRD<\/b> se caract\u00e9risent par un rapport force de pr\u00e9hension\/poids \u00e9lev\u00e9 dans un ensemble compact.<\/li>\n<li>Les <b>micro-pinces pneumatiques parall\u00e8les de la s\u00e9rie GRA<\/b> offrent une pr\u00e9cision, une capacit\u00e9 de moment et une force de pr\u00e9hension \u00e9lev\u00e9es dans un petit bo\u00eetier robuste.<\/li>\n<li>Les <b>micro-pinces pneumatiques angulaires de la s\u00e9rie GRV<\/b> offrent une pr\u00e9cision, une capacit\u00e9 de moment et une force de pr\u00e9hension \u00e9lev\u00e9es dans un petit bo\u00eetier robuste.<\/li>\n<li>Les <b>pinces pneumatiques parall\u00e8les \u00e0 corps \u00e9troit de la s\u00e9rie GRL<\/b> offrent un corps d&rsquo;actionneur mince et de grandes longueurs de d\u00e9placement des m\u00e2choires.<\/li>\n<li>Les <b>pinces angulaires micro-pneumatiques de la s\u00e9rie 8400<\/b> sont dot\u00e9es d&rsquo;un corps et d&rsquo;une m\u00e2choire robustes dans un petit bo\u00eetier.<\/li>\n<li>Les <b>pinces pneumatiques parall\u00e8les \u00e0 usage intensif de la s\u00e9rie 5300<\/b> sont dot\u00e9es d&rsquo;un piston ovale pour un rapport force de pr\u00e9hension\/poids \u00e9lev\u00e9.<\/li>\n<li>Les <b>pinces pneumatiques angulaires \u00e0 usage intensif de la s\u00e9rie 5300<\/b> sont dot\u00e9es d&rsquo;un piston ovale pour un rapport force de pr\u00e9hension\/poids \u00e9lev\u00e9.<\/li>\n<\/ul>\n<p><img fetchpriority=\"high\" decoding=\"async\" class=\"alignnone size-full wp-image-1487\" src=\"https:\/\/www.credimex.ch\/wp-content\/uploads\/2022\/07\/190191_Gripper.png\" alt=\"\" width=\"670\" height=\"352\" srcset=\"https:\/\/www.credimex.ch\/wp-content\/uploads\/2022\/07\/190191_Gripper.png 670w, https:\/\/www.credimex.ch\/wp-content\/uploads\/2022\/07\/190191_Gripper-300x158.png 300w, https:\/\/www.credimex.ch\/wp-content\/uploads\/2022\/07\/190191_Gripper-600x315.png 600w\" sizes=\"(max-width: 670px) 100vw, 670px\" \/><\/p>\n<h2>Avantages du produit<\/h2>\n<p>Une grande vari\u00e9t\u00e9 de pinces pneumatiques PHD sont disponibles pour des utilisations de pr\u00e9hension interne et externe et poss\u00e8dent diff\u00e9rents styles de m\u00e2choires pour s&rsquo;adapter \u00e0 toutes les applications. Ils vont des mod\u00e8les miniatures de haute pr\u00e9cision aux mod\u00e8les \u00e0 usage intensif capables d&rsquo;une force de pr\u00e9hension de plus de 1600 livres. PHD propose des pinces angulaires qui s&rsquo;ouvrent en angle et des pinces parall\u00e8les qui s&rsquo;ouvrent directement \u00e0 l&rsquo;\u00e9cart. Pinces pneumatiques et \u00e9lectriques avec un large assortiment d&rsquo;options et d&rsquo;accessoires. La grande vari\u00e9t\u00e9 d&rsquo;options permet d&rsquo;utiliser le meilleur effecteur pour la prise et le placement, l&rsquo;assemblage industriel et l&rsquo;outillage de fin de bras pour les syst\u00e8mes d&rsquo;automatisation robotique.<\/p>\n<p><img decoding=\"async\" class=\"alignnone size-full wp-image-1488\" src=\"https:\/\/www.credimex.ch\/wp-content\/uploads\/2022\/07\/GRT_Gripper.png\" alt=\"\" width=\"670\" height=\"352\" srcset=\"https:\/\/www.credimex.ch\/wp-content\/uploads\/2022\/07\/GRT_Gripper.png 670w, https:\/\/www.credimex.ch\/wp-content\/uploads\/2022\/07\/GRT_Gripper-300x158.png 300w, https:\/\/www.credimex.ch\/wp-content\/uploads\/2022\/07\/GRT_Gripper-600x315.png 600w\" sizes=\"(max-width: 670px) 100vw, 670px\" \/><\/p>\n<h2>Application<\/h2>\n<p>Les pr\u00e9henseurs de PHD automation peuvent \u00eatre utilis\u00e9s dans une vari\u00e9t\u00e9 d&rsquo;industries, du m\u00e9dical et de l&rsquo;automobile aux industries alimentaires et d&#8217;emballage.<\/p>\n","protected":false},"excerpt":{"rendered":"<p>Les <strong>pinces d&rsquo;automatisation PHD<\/strong> sont disponibles pour des utilisations de pr\u00e9hension interne et externe et poss\u00e8dent diff\u00e9rents styles de m\u00e2choires pour s&rsquo;adapter \u00e0 toutes les applications.<\/p>\n","protected":false},"featured_media":3428,"comment_status":"open","ping_status":"closed","template":"","meta":{"_acf_changed":false},"product_brand":[],"product_cat":[611,341,340,413,376,411,384,475,375,361,360,414,610,588,412],"product_tag":[],"class_list":{"0":"post-4062","1":"product","2":"type-product","3":"status-publish","4":"has-post-thumbnail","6":"product_cat-actionneurs-pneumatiques-phd","7":"product_cat-aerospatiale","8":"product_cat-automobile","9":"product_cat-batteries","10":"product_cat-e-mobilite","11":"product_cat-electronique","12":"product_cat-energie","13":"product_cat-fabrication-de-montres","14":"product_cat-ferroviaire","15":"product_cat-industrie-alimentaire","16":"product_cat-industrie-generale","17":"product_cat-medical","18":"product_cat-phd","19":"product_cat-pneumatique","20":"product_cat-telepheriques","21":"pa_brands-phd-fr","23":"first","24":"instock","25":"shipping-taxable","26":"product-type-simple"},"acf":[],"_yoast_wpseo_focuskw":"Pinces de PHD Automation","_yoast_wpseo_metadesc":"Les pinces d'automatisation PHD sont disponibles pour des utilisations de pr\u00e9hension interne et externe et poss\u00e8dent diff\u00e9rents styles de m\u00e2choires pour s'adapter \u00e0 toutes les applications.","yoast_head":"<!-- This site is optimized with the Yoast SEO Premium plugin v21.6 (Yoast SEO v27.4) - https:\/\/yoast.com\/product\/yoast-seo-premium-wordpress\/ -->\n<title>PHD Automation Grippers - CREDIMEX<\/title>\n<meta name=\"description\" content=\"Les pinces d&#039;automatisation PHD sont disponibles pour des utilisations de pr\u00e9hension interne et externe et poss\u00e8dent diff\u00e9rents styles de m\u00e2choires pour s&#039;adapter \u00e0 toutes les applications.\" \/>\n<meta name=\"robots\" content=\"index, follow, max-snippet:-1, max-image-preview:large, max-video-preview:-1\" \/>\n<link rel=\"canonical\" href=\"https:\/\/www.credimex.ch\/fr\/produit\/phd-automation-grippers-2\/\" \/>\n<meta property=\"og:locale\" content=\"fr_FR\" \/>\n<meta property=\"og:type\" content=\"article\" \/>\n<meta property=\"og:title\" content=\"PHD Automation Grippers\" \/>\n<meta property=\"og:description\" content=\"Les pinces d&#039;automatisation PHD sont disponibles pour des utilisations de pr\u00e9hension interne et externe et poss\u00e8dent diff\u00e9rents styles de m\u00e2choires pour s&#039;adapter \u00e0 toutes les applications.\" \/>\n<meta property=\"og:url\" content=\"https:\/\/www.credimex.ch\/fr\/produit\/phd-automation-grippers-2\/\" \/>\n<meta property=\"og:site_name\" content=\"CREDIMEX\" \/>\n<meta property=\"article:publisher\" content=\"https:\/\/www.facebook.com\/credimex.alpnach\/\" \/>\n<meta property=\"og:image\" content=\"https:\/\/www.credimex.ch\/wp-content\/uploads\/2022\/07\/MAGGRIPPER.png\" \/>\n\t<meta property=\"og:image:width\" content=\"670\" \/>\n\t<meta property=\"og:image:height\" content=\"352\" \/>\n\t<meta property=\"og:image:type\" content=\"image\/png\" \/>\n<meta name=\"twitter:card\" content=\"summary_large_image\" \/>\n<meta name=\"twitter:label1\" content=\"Dur\u00e9e de lecture estim\u00e9e\" \/>\n\t<meta name=\"twitter:data1\" content=\"4 minutes\" \/>\n<script type=\"application\/ld+json\" class=\"yoast-schema-graph\">{\"@context\":\"https:\\\/\\\/schema.org\",\"@graph\":[{\"@type\":\"WebPage\",\"@id\":\"https:\\\/\\\/www.credimex.ch\\\/fr\\\/produit\\\/phd-automation-grippers-2\\\/\",\"url\":\"https:\\\/\\\/www.credimex.ch\\\/fr\\\/produit\\\/phd-automation-grippers-2\\\/\",\"name\":\"PHD Automation Grippers - CREDIMEX\",\"isPartOf\":{\"@id\":\"https:\\\/\\\/www.credimex.ch\\\/fr\\\/#website\"},\"primaryImageOfPage\":{\"@id\":\"https:\\\/\\\/www.credimex.ch\\\/fr\\\/produit\\\/phd-automation-grippers-2\\\/#primaryimage\"},\"image\":{\"@id\":\"https:\\\/\\\/www.credimex.ch\\\/fr\\\/produit\\\/phd-automation-grippers-2\\\/#primaryimage\"},\"thumbnailUrl\":\"https:\\\/\\\/www.credimex.ch\\\/wp-content\\\/uploads\\\/2022\\\/07\\\/MAGGRIPPER.png\",\"datePublished\":\"2022-07-07T08:51:22+00:00\",\"description\":\"Les pinces d'automatisation PHD sont disponibles pour des utilisations de pr\u00e9hension interne et externe et poss\u00e8dent diff\u00e9rents styles de m\u00e2choires pour s'adapter \u00e0 toutes les applications.\",\"breadcrumb\":{\"@id\":\"https:\\\/\\\/www.credimex.ch\\\/fr\\\/produit\\\/phd-automation-grippers-2\\\/#breadcrumb\"},\"inLanguage\":\"fr-FR\",\"potentialAction\":[{\"@type\":\"ReadAction\",\"target\":[\"https:\\\/\\\/www.credimex.ch\\\/fr\\\/produit\\\/phd-automation-grippers-2\\\/\"]}]},{\"@type\":\"ImageObject\",\"inLanguage\":\"fr-FR\",\"@id\":\"https:\\\/\\\/www.credimex.ch\\\/fr\\\/produit\\\/phd-automation-grippers-2\\\/#primaryimage\",\"url\":\"https:\\\/\\\/www.credimex.ch\\\/wp-content\\\/uploads\\\/2022\\\/07\\\/MAGGRIPPER.png\",\"contentUrl\":\"https:\\\/\\\/www.credimex.ch\\\/wp-content\\\/uploads\\\/2022\\\/07\\\/MAGGRIPPER.png\",\"width\":670,\"height\":352},{\"@type\":\"BreadcrumbList\",\"@id\":\"https:\\\/\\\/www.credimex.ch\\\/fr\\\/produit\\\/phd-automation-grippers-2\\\/#breadcrumb\",\"itemListElement\":[{\"@type\":\"ListItem\",\"position\":1,\"name\":\"Home\",\"item\":\"https:\\\/\\\/www.credimex.ch\\\/fr\\\/\"},{\"@type\":\"ListItem\",\"position\":2,\"name\":\"Produits\",\"item\":\"https:\\\/\\\/www.credimex.ch\\\/fr\\\/produits\\\/\"},{\"@type\":\"ListItem\",\"position\":3,\"name\":\"PHD Automation Grippers\"}]},{\"@type\":\"WebSite\",\"@id\":\"https:\\\/\\\/www.credimex.ch\\\/fr\\\/#website\",\"url\":\"https:\\\/\\\/www.credimex.ch\\\/fr\\\/\",\"name\":\"CREDIMEX\",\"description\":\"Partner of Swiss Industrial Market\",\"publisher\":{\"@id\":\"https:\\\/\\\/www.credimex.ch\\\/fr\\\/#organization\"},\"potentialAction\":[{\"@type\":\"SearchAction\",\"target\":{\"@type\":\"EntryPoint\",\"urlTemplate\":\"https:\\\/\\\/www.credimex.ch\\\/fr\\\/?s={search_term_string}\"},\"query-input\":{\"@type\":\"PropertyValueSpecification\",\"valueRequired\":true,\"valueName\":\"search_term_string\"}}],\"inLanguage\":\"fr-FR\"},{\"@type\":\"Organization\",\"@id\":\"https:\\\/\\\/www.credimex.ch\\\/fr\\\/#organization\",\"name\":\"credimex\",\"url\":\"https:\\\/\\\/www.credimex.ch\\\/fr\\\/\",\"logo\":{\"@type\":\"ImageObject\",\"inLanguage\":\"fr-FR\",\"@id\":\"https:\\\/\\\/www.credimex.ch\\\/fr\\\/#\\\/schema\\\/logo\\\/image\\\/\",\"url\":\"https:\\\/\\\/www.credimex.ch\\\/wp-content\\\/uploads\\\/2022\\\/03\\\/cropped-logo-credimex.png\",\"contentUrl\":\"https:\\\/\\\/www.credimex.ch\\\/wp-content\\\/uploads\\\/2022\\\/03\\\/cropped-logo-credimex.png\",\"width\":512,\"height\":512,\"caption\":\"credimex\"},\"image\":{\"@id\":\"https:\\\/\\\/www.credimex.ch\\\/fr\\\/#\\\/schema\\\/logo\\\/image\\\/\"},\"sameAs\":[\"https:\\\/\\\/www.facebook.com\\\/credimex.alpnach\\\/\",\"https:\\\/\\\/www.linkedin.com\\\/company\\\/credimex\\\/\",\"https:\\\/\\\/www.youtube.com\\\/@CREDIMEX?sub_confirmation=1\"]}]}<\/script>\n<!-- \/ Yoast SEO Premium plugin. -->","yoast_head_json":{"title":"PHD Automation Grippers - CREDIMEX","description":"Les pinces d'automatisation PHD sont disponibles pour des utilisations de pr\u00e9hension interne et externe et poss\u00e8dent diff\u00e9rents styles de m\u00e2choires pour s'adapter \u00e0 toutes les applications.","robots":{"index":"index","follow":"follow","max-snippet":"max-snippet:-1","max-image-preview":"max-image-preview:large","max-video-preview":"max-video-preview:-1"},"canonical":"https:\/\/www.credimex.ch\/fr\/produit\/phd-automation-grippers-2\/","og_locale":"fr_FR","og_type":"article","og_title":"PHD Automation Grippers","og_description":"Les pinces d'automatisation PHD sont disponibles pour des utilisations de pr\u00e9hension interne et externe et poss\u00e8dent diff\u00e9rents styles de m\u00e2choires pour s'adapter \u00e0 toutes les applications.","og_url":"https:\/\/www.credimex.ch\/fr\/produit\/phd-automation-grippers-2\/","og_site_name":"CREDIMEX","article_publisher":"https:\/\/www.facebook.com\/credimex.alpnach\/","og_image":[{"width":670,"height":352,"url":"https:\/\/www.credimex.ch\/wp-content\/uploads\/2022\/07\/MAGGRIPPER.png","type":"image\/png"}],"twitter_card":"summary_large_image","twitter_misc":{"Dur\u00e9e de lecture estim\u00e9e":"4 minutes"},"schema":{"@context":"https:\/\/schema.org","@graph":[{"@type":"WebPage","@id":"https:\/\/www.credimex.ch\/fr\/produit\/phd-automation-grippers-2\/","url":"https:\/\/www.credimex.ch\/fr\/produit\/phd-automation-grippers-2\/","name":"PHD Automation Grippers - CREDIMEX","isPartOf":{"@id":"https:\/\/www.credimex.ch\/fr\/#website"},"primaryImageOfPage":{"@id":"https:\/\/www.credimex.ch\/fr\/produit\/phd-automation-grippers-2\/#primaryimage"},"image":{"@id":"https:\/\/www.credimex.ch\/fr\/produit\/phd-automation-grippers-2\/#primaryimage"},"thumbnailUrl":"https:\/\/www.credimex.ch\/wp-content\/uploads\/2022\/07\/MAGGRIPPER.png","datePublished":"2022-07-07T08:51:22+00:00","description":"Les pinces d'automatisation PHD sont disponibles pour des utilisations de pr\u00e9hension interne et externe et poss\u00e8dent diff\u00e9rents styles de m\u00e2choires pour s'adapter \u00e0 toutes les applications.","breadcrumb":{"@id":"https:\/\/www.credimex.ch\/fr\/produit\/phd-automation-grippers-2\/#breadcrumb"},"inLanguage":"fr-FR","potentialAction":[{"@type":"ReadAction","target":["https:\/\/www.credimex.ch\/fr\/produit\/phd-automation-grippers-2\/"]}]},{"@type":"ImageObject","inLanguage":"fr-FR","@id":"https:\/\/www.credimex.ch\/fr\/produit\/phd-automation-grippers-2\/#primaryimage","url":"https:\/\/www.credimex.ch\/wp-content\/uploads\/2022\/07\/MAGGRIPPER.png","contentUrl":"https:\/\/www.credimex.ch\/wp-content\/uploads\/2022\/07\/MAGGRIPPER.png","width":670,"height":352},{"@type":"BreadcrumbList","@id":"https:\/\/www.credimex.ch\/fr\/produit\/phd-automation-grippers-2\/#breadcrumb","itemListElement":[{"@type":"ListItem","position":1,"name":"Home","item":"https:\/\/www.credimex.ch\/fr\/"},{"@type":"ListItem","position":2,"name":"Produits","item":"https:\/\/www.credimex.ch\/fr\/produits\/"},{"@type":"ListItem","position":3,"name":"PHD Automation Grippers"}]},{"@type":"WebSite","@id":"https:\/\/www.credimex.ch\/fr\/#website","url":"https:\/\/www.credimex.ch\/fr\/","name":"CREDIMEX","description":"Partner of Swiss Industrial Market","publisher":{"@id":"https:\/\/www.credimex.ch\/fr\/#organization"},"potentialAction":[{"@type":"SearchAction","target":{"@type":"EntryPoint","urlTemplate":"https:\/\/www.credimex.ch\/fr\/?s={search_term_string}"},"query-input":{"@type":"PropertyValueSpecification","valueRequired":true,"valueName":"search_term_string"}}],"inLanguage":"fr-FR"},{"@type":"Organization","@id":"https:\/\/www.credimex.ch\/fr\/#organization","name":"credimex","url":"https:\/\/www.credimex.ch\/fr\/","logo":{"@type":"ImageObject","inLanguage":"fr-FR","@id":"https:\/\/www.credimex.ch\/fr\/#\/schema\/logo\/image\/","url":"https:\/\/www.credimex.ch\/wp-content\/uploads\/2022\/03\/cropped-logo-credimex.png","contentUrl":"https:\/\/www.credimex.ch\/wp-content\/uploads\/2022\/03\/cropped-logo-credimex.png","width":512,"height":512,"caption":"credimex"},"image":{"@id":"https:\/\/www.credimex.ch\/fr\/#\/schema\/logo\/image\/"},"sameAs":["https:\/\/www.facebook.com\/credimex.alpnach\/","https:\/\/www.linkedin.com\/company\/credimex\/","https:\/\/www.youtube.com\/@CREDIMEX?sub_confirmation=1"]}]}},"_links":{"self":[{"href":"https:\/\/www.credimex.ch\/fr\/wp-json\/wp\/v2\/product\/4062","targetHints":{"allow":["GET"]}}],"collection":[{"href":"https:\/\/www.credimex.ch\/fr\/wp-json\/wp\/v2\/product"}],"about":[{"href":"https:\/\/www.credimex.ch\/fr\/wp-json\/wp\/v2\/types\/product"}],"replies":[{"embeddable":true,"href":"https:\/\/www.credimex.ch\/fr\/wp-json\/wp\/v2\/comments?post=4062"}],"wp:featuredmedia":[{"embeddable":true,"href":"https:\/\/www.credimex.ch\/fr\/wp-json\/wp\/v2\/media\/3428"}],"wp:attachment":[{"href":"https:\/\/www.credimex.ch\/fr\/wp-json\/wp\/v2\/media?parent=4062"}],"wp:term":[{"taxonomy":"product_brand","embeddable":true,"href":"https:\/\/www.credimex.ch\/fr\/wp-json\/wp\/v2\/product_brand?post=4062"},{"taxonomy":"product_cat","embeddable":true,"href":"https:\/\/www.credimex.ch\/fr\/wp-json\/wp\/v2\/product_cat?post=4062"},{"taxonomy":"product_tag","embeddable":true,"href":"https:\/\/www.credimex.ch\/fr\/wp-json\/wp\/v2\/product_tag?post=4062"}],"curies":[{"name":"wp","href":"https:\/\/api.w.org\/{rel}","templated":true}]}}