{"id":4064,"date":"2022-07-07T10:43:04","date_gmt":"2022-07-07T08:43:04","guid":{"rendered":"https:\/\/www.credimex.ch.mialias.net\/product\/pinces-dautomatisation-phd\/"},"modified":"2022-07-07T10:43:04","modified_gmt":"2022-07-07T08:43:04","slug":"phd-automation-clamps-2","status":"publish","type":"product","link":"https:\/\/www.credimex.ch\/fr\/produit\/phd-automation-clamps-2\/","title":{"rendered":"Pinces d&rsquo;automatisation PHD"},"content":{"rendered":"<h2>Description<\/h2>\n<p>Les pinces de PHD Automation comprennent les s\u00e9ries suivantes :<\/p>\n<ul>\n<li>Les <b>pinces de serrage pneumatiques de la s\u00e9rie GRM taille 0<\/b> sont compactes et l\u00e9g\u00e8res tout en offrant la plus grande force de serrage de l&rsquo;industrie pour sa taille.<\/li>\n<li>Les <b>pinces de serrage pneumatiques miniatures de la s\u00e9rie GRM1<\/b> sont des unit\u00e9s l\u00e9g\u00e8res dot\u00e9es d&rsquo;une force de serrage \u00e9lev\u00e9e et d&rsquo;une conception \u00e9conomique.<\/li>\n<li>Les <b>pinces de serrage pneumatiques de la s\u00e9rie GRM<\/b> sont id\u00e9ales pour le serrage de la t\u00f4le et se caract\u00e9risent par une conception simple, une force de serrage \u00e9lev\u00e9e et une grande durabilit\u00e9.<\/li>\n<li>Les <b>pinces de serrage pneumatiques de la s\u00e9rie GRM<\/b> sont id\u00e9ales pour le serrage de la t\u00f4le et se caract\u00e9risent par une conception simple, une force de serrage \u00e9lev\u00e9e et une grande durabilit\u00e9.<\/li>\n<li>Les <b>pinces pneumatiques modulaires de la s\u00e9rie PLK<\/b> se caract\u00e9risent par une force de serrage \u00e9lev\u00e9e sur un corps l\u00e9ger, et sont souvent utilis\u00e9es comme effecteur final d&rsquo;un bras robotique.<\/li>\n<li>Les <b>pinces pneumatiques polyvalentes \u00e0 axe r\u00e9tractable de la s\u00e9rie PLKD<\/b> sont dot\u00e9es d&rsquo;un axe enti\u00e8rement ferm\u00e9 qui se r\u00e9tracte compl\u00e8tement pour faciliter le retrait du panneau.<\/li>\n<li>Les <b>pinces pneumatiques robustes de la s\u00e9rie PLC<\/b> se caract\u00e9risent par une force de serrage \u00e9lev\u00e9e et une conception permettant de serrer des pi\u00e8ces de grande taille.<\/li>\n<li>Les <b>pinces pneumatiques pour cadres de la s\u00e9rie PFC<\/b> sont dot\u00e9es d&rsquo;une conception de came robuste qui fournit une force de serrage constante allant jusqu&rsquo;\u00e0 11 250 livres sur une large plage de puissance.<\/li>\n<li>Les <b>pinces pneumatiques de la s\u00e9rie PEC<\/b> sont dot\u00e9es d&rsquo;un syst\u00e8me d&rsquo;entra\u00eenement sup\u00e9rieur \u00e0 came\/rouleau par rapport aux m\u00e9canismes \u00e0 genouill\u00e8re utilis\u00e9s par la concurrence.<\/li>\n<li>Les <b>pinces pneumatiques \u00e0 bascule de la s\u00e9rie PA<\/b> se caract\u00e9risent par une conception simple, une taille r\u00e9duite, une force de serrage \u00e9lev\u00e9e et une longue dur\u00e9e de vie.<\/li>\n<li>Les <b>v\u00e9rins pneumatiques polyvalents de la s\u00e9rie PB<\/b> offrent des options pour des courses longues ou courtes, ainsi que des mod\u00e8les de montage correspondants pour un remplacement imm\u00e9diat.<\/li>\n<li>Les <b>pinces pneumatiques d&rsquo;identification de la s\u00e9rie PNC<\/b>, \u00e9galement connues sous le nom de Number Cruncher\u00ae Clamp, offrent une force de serrage \u00e9lev\u00e9e pour estamper des caract\u00e8res dans de l&rsquo;acier de qualit\u00e9 sup\u00e9rieure.<\/li>\n<li>Les <b>actionneurs pneumatiques \u00e0 goupille de la s\u00e9rie PSP<\/b> se caract\u00e9risent par une longueur de corps r\u00e9duite, une grande pr\u00e9cision des goupilles et la meilleure r\u00e9p\u00e9tabilit\u00e9 de leur cat\u00e9gorie.<\/li>\n<\/ul>\n<p><img fetchpriority=\"high\" decoding=\"async\" class=\"alignnone size-full wp-image-1483\" src=\"https:\/\/www.credimex.ch\/wp-content\/uploads\/2022\/07\/PLC_Clamp.png\" alt=\"\" width=\"670\" height=\"352\" srcset=\"https:\/\/www.credimex.ch\/wp-content\/uploads\/2022\/07\/PLC_Clamp.png 670w, https:\/\/www.credimex.ch\/wp-content\/uploads\/2022\/07\/PLC_Clamp-300x158.png 300w, https:\/\/www.credimex.ch\/wp-content\/uploads\/2022\/07\/PLC_Clamp-600x315.png 600w\" sizes=\"(max-width: 670px) 100vw, 670px\" \/><\/p>\n<h2>Avantages du produit<\/h2>\n<p>Les pinces de PHD offrent un faible co\u00fbt d&rsquo;exploitation, une flexibilit\u00e9 exceptionnelle et une robustesse in\u00e9gal\u00e9e. Les pinces pneumatiques PHD et leurs variantes \u00e9lectriques sont utilis\u00e9es pour l&#8217;emboutissage automatis\u00e9 de la t\u00f4le dans les presses de transfert, le soudage, le formage des m\u00e9taux et les applications d&rsquo;assemblage. PHD propose de nombreux styles, tailles et options de produits de serrage pneumatique \u00e0 usage intensif, notamment des pinces \u00e0 2 mors, des pinces \u00e0 genouill\u00e8re, des pinces pivotantes et des pinces \u00e0 goupille, ainsi que des \u00e9l\u00e9vateurs de matrice pour les \u00e9quipements de manutention de la t\u00f4le. Les pinces pneumatiques PHD sont id\u00e9ales pour toutes les solutions de maintien de travail et de transfert de pi\u00e8ces actionn\u00e9es par air.<\/p>\n<p><img decoding=\"async\" class=\"alignnone size-full wp-image-1482\" src=\"https:\/\/www.credimex.ch\/wp-content\/uploads\/2022\/07\/PEC_Clamp.png\" alt=\"\" width=\"670\" height=\"352\" srcset=\"https:\/\/www.credimex.ch\/wp-content\/uploads\/2022\/07\/PEC_Clamp.png 670w, https:\/\/www.credimex.ch\/wp-content\/uploads\/2022\/07\/PEC_Clamp-300x158.png 300w, https:\/\/www.credimex.ch\/wp-content\/uploads\/2022\/07\/PEC_Clamp-600x315.png 600w\" sizes=\"(max-width: 670px) 100vw, 670px\" \/><\/p>\n<h2>Application<\/h2>\n<p>Les pinces d&rsquo;automatisation PHD peuvent \u00eatre utilis\u00e9es dans de nombreux secteurs, du m\u00e9dical \u00e0 l&rsquo;automobile en passant par l&rsquo;alimentaire et l&#8217;emballage.<\/p>\n","protected":false},"excerpt":{"rendered":"<p>Les <strong>pinces d&rsquo;automatisation PHD<\/strong> offrent un faible co\u00fbt de possession, une flexibilit\u00e9 exceptionnelle et une robustesse in\u00e9gal\u00e9e.<\/p>\n","protected":false},"featured_media":3422,"comment_status":"open","ping_status":"closed","template":"","meta":{"_acf_changed":false},"product_brand":[],"product_cat":[611,341,340,413,376,411,384,475,375,361,360,414,610,588,412],"product_tag":[],"class_list":{"0":"post-4064","1":"product","2":"type-product","3":"status-publish","4":"has-post-thumbnail","6":"product_cat-actionneurs-pneumatiques-phd","7":"product_cat-aerospatiale","8":"product_cat-automobile","9":"product_cat-batteries","10":"product_cat-e-mobilite","11":"product_cat-electronique","12":"product_cat-energie","13":"product_cat-fabrication-de-montres","14":"product_cat-ferroviaire","15":"product_cat-industrie-alimentaire","16":"product_cat-industrie-generale","17":"product_cat-medical","18":"product_cat-phd","19":"product_cat-pneumatique","20":"product_cat-telepheriques","21":"pa_brands-phd-fr","23":"first","24":"instock","25":"shipping-taxable","26":"product-type-simple"},"acf":[],"_yoast_wpseo_focuskw":"Pinces PHD Automation","_yoast_wpseo_metadesc":"Les pinces d'automatisation PHD offrent un faible co\u00fbt de possession, une flexibilit\u00e9 exceptionnelle et une robustesse in\u00e9gal\u00e9e.","yoast_head":"<!-- This site is optimized with the Yoast SEO Premium plugin v21.6 (Yoast SEO v27.4) - https:\/\/yoast.com\/product\/yoast-seo-premium-wordpress\/ -->\n<title>Pinces d&#039;automatisation PHD - CREDIMEX<\/title>\n<meta name=\"description\" content=\"Les pinces d&#039;automatisation PHD offrent un faible co\u00fbt de possession, une flexibilit\u00e9 exceptionnelle et une robustesse in\u00e9gal\u00e9e.\" \/>\n<meta name=\"robots\" content=\"index, follow, max-snippet:-1, max-image-preview:large, max-video-preview:-1\" \/>\n<link rel=\"canonical\" href=\"https:\/\/www.credimex.ch\/fr\/produit\/phd-automation-clamps-2\/\" \/>\n<meta property=\"og:locale\" content=\"fr_FR\" \/>\n<meta property=\"og:type\" content=\"article\" \/>\n<meta property=\"og:title\" content=\"Pinces d&#039;automatisation PHD\" \/>\n<meta property=\"og:description\" content=\"Les pinces d&#039;automatisation PHD offrent un faible co\u00fbt de possession, une flexibilit\u00e9 exceptionnelle et une robustesse in\u00e9gal\u00e9e.\" \/>\n<meta property=\"og:url\" content=\"https:\/\/www.credimex.ch\/fr\/produit\/phd-automation-clamps-2\/\" \/>\n<meta property=\"og:site_name\" content=\"CREDIMEX\" \/>\n<meta property=\"article:publisher\" content=\"https:\/\/www.facebook.com\/credimex.alpnach\/\" \/>\n<meta property=\"og:image\" content=\"https:\/\/www.credimex.ch\/wp-content\/uploads\/2022\/07\/GRM1_Clamp.png\" \/>\n\t<meta property=\"og:image:width\" content=\"670\" \/>\n\t<meta property=\"og:image:height\" content=\"352\" \/>\n\t<meta property=\"og:image:type\" content=\"image\/png\" \/>\n<meta name=\"twitter:card\" content=\"summary_large_image\" \/>\n<meta name=\"twitter:label1\" content=\"Dur\u00e9e de lecture estim\u00e9e\" \/>\n\t<meta name=\"twitter:data1\" content=\"3 minutes\" \/>\n<script type=\"application\/ld+json\" class=\"yoast-schema-graph\">{\"@context\":\"https:\\\/\\\/schema.org\",\"@graph\":[{\"@type\":\"WebPage\",\"@id\":\"https:\\\/\\\/www.credimex.ch\\\/fr\\\/produit\\\/phd-automation-clamps-2\\\/\",\"url\":\"https:\\\/\\\/www.credimex.ch\\\/fr\\\/produit\\\/phd-automation-clamps-2\\\/\",\"name\":\"Pinces d'automatisation PHD - CREDIMEX\",\"isPartOf\":{\"@id\":\"https:\\\/\\\/www.credimex.ch\\\/fr\\\/#website\"},\"primaryImageOfPage\":{\"@id\":\"https:\\\/\\\/www.credimex.ch\\\/fr\\\/produit\\\/phd-automation-clamps-2\\\/#primaryimage\"},\"image\":{\"@id\":\"https:\\\/\\\/www.credimex.ch\\\/fr\\\/produit\\\/phd-automation-clamps-2\\\/#primaryimage\"},\"thumbnailUrl\":\"https:\\\/\\\/www.credimex.ch\\\/wp-content\\\/uploads\\\/2022\\\/07\\\/GRM1_Clamp.png\",\"datePublished\":\"2022-07-07T08:43:04+00:00\",\"description\":\"Les pinces d'automatisation PHD offrent un faible co\u00fbt de possession, une flexibilit\u00e9 exceptionnelle et une robustesse in\u00e9gal\u00e9e.\",\"breadcrumb\":{\"@id\":\"https:\\\/\\\/www.credimex.ch\\\/fr\\\/produit\\\/phd-automation-clamps-2\\\/#breadcrumb\"},\"inLanguage\":\"fr-FR\",\"potentialAction\":[{\"@type\":\"ReadAction\",\"target\":[\"https:\\\/\\\/www.credimex.ch\\\/fr\\\/produit\\\/phd-automation-clamps-2\\\/\"]}]},{\"@type\":\"ImageObject\",\"inLanguage\":\"fr-FR\",\"@id\":\"https:\\\/\\\/www.credimex.ch\\\/fr\\\/produit\\\/phd-automation-clamps-2\\\/#primaryimage\",\"url\":\"https:\\\/\\\/www.credimex.ch\\\/wp-content\\\/uploads\\\/2022\\\/07\\\/GRM1_Clamp.png\",\"contentUrl\":\"https:\\\/\\\/www.credimex.ch\\\/wp-content\\\/uploads\\\/2022\\\/07\\\/GRM1_Clamp.png\",\"width\":670,\"height\":352},{\"@type\":\"BreadcrumbList\",\"@id\":\"https:\\\/\\\/www.credimex.ch\\\/fr\\\/produit\\\/phd-automation-clamps-2\\\/#breadcrumb\",\"itemListElement\":[{\"@type\":\"ListItem\",\"position\":1,\"name\":\"Home\",\"item\":\"https:\\\/\\\/www.credimex.ch\\\/fr\\\/\"},{\"@type\":\"ListItem\",\"position\":2,\"name\":\"Produits\",\"item\":\"https:\\\/\\\/www.credimex.ch\\\/fr\\\/produits\\\/\"},{\"@type\":\"ListItem\",\"position\":3,\"name\":\"Pinces d&rsquo;automatisation PHD\"}]},{\"@type\":\"WebSite\",\"@id\":\"https:\\\/\\\/www.credimex.ch\\\/fr\\\/#website\",\"url\":\"https:\\\/\\\/www.credimex.ch\\\/fr\\\/\",\"name\":\"CREDIMEX\",\"description\":\"Partner of Swiss Industrial Market\",\"publisher\":{\"@id\":\"https:\\\/\\\/www.credimex.ch\\\/fr\\\/#organization\"},\"potentialAction\":[{\"@type\":\"SearchAction\",\"target\":{\"@type\":\"EntryPoint\",\"urlTemplate\":\"https:\\\/\\\/www.credimex.ch\\\/fr\\\/?s={search_term_string}\"},\"query-input\":{\"@type\":\"PropertyValueSpecification\",\"valueRequired\":true,\"valueName\":\"search_term_string\"}}],\"inLanguage\":\"fr-FR\"},{\"@type\":\"Organization\",\"@id\":\"https:\\\/\\\/www.credimex.ch\\\/fr\\\/#organization\",\"name\":\"credimex\",\"url\":\"https:\\\/\\\/www.credimex.ch\\\/fr\\\/\",\"logo\":{\"@type\":\"ImageObject\",\"inLanguage\":\"fr-FR\",\"@id\":\"https:\\\/\\\/www.credimex.ch\\\/fr\\\/#\\\/schema\\\/logo\\\/image\\\/\",\"url\":\"https:\\\/\\\/www.credimex.ch\\\/wp-content\\\/uploads\\\/2022\\\/03\\\/cropped-logo-credimex.png\",\"contentUrl\":\"https:\\\/\\\/www.credimex.ch\\\/wp-content\\\/uploads\\\/2022\\\/03\\\/cropped-logo-credimex.png\",\"width\":512,\"height\":512,\"caption\":\"credimex\"},\"image\":{\"@id\":\"https:\\\/\\\/www.credimex.ch\\\/fr\\\/#\\\/schema\\\/logo\\\/image\\\/\"},\"sameAs\":[\"https:\\\/\\\/www.facebook.com\\\/credimex.alpnach\\\/\",\"https:\\\/\\\/www.linkedin.com\\\/company\\\/credimex\\\/\",\"https:\\\/\\\/www.youtube.com\\\/@CREDIMEX?sub_confirmation=1\"]}]}<\/script>\n<!-- \/ Yoast SEO Premium plugin. -->","yoast_head_json":{"title":"Pinces d'automatisation PHD - CREDIMEX","description":"Les pinces d'automatisation PHD offrent un faible co\u00fbt de possession, une flexibilit\u00e9 exceptionnelle et une robustesse in\u00e9gal\u00e9e.","robots":{"index":"index","follow":"follow","max-snippet":"max-snippet:-1","max-image-preview":"max-image-preview:large","max-video-preview":"max-video-preview:-1"},"canonical":"https:\/\/www.credimex.ch\/fr\/produit\/phd-automation-clamps-2\/","og_locale":"fr_FR","og_type":"article","og_title":"Pinces d'automatisation PHD","og_description":"Les pinces d'automatisation PHD offrent un faible co\u00fbt de possession, une flexibilit\u00e9 exceptionnelle et une robustesse in\u00e9gal\u00e9e.","og_url":"https:\/\/www.credimex.ch\/fr\/produit\/phd-automation-clamps-2\/","og_site_name":"CREDIMEX","article_publisher":"https:\/\/www.facebook.com\/credimex.alpnach\/","og_image":[{"width":670,"height":352,"url":"https:\/\/www.credimex.ch\/wp-content\/uploads\/2022\/07\/GRM1_Clamp.png","type":"image\/png"}],"twitter_card":"summary_large_image","twitter_misc":{"Dur\u00e9e de lecture estim\u00e9e":"3 minutes"},"schema":{"@context":"https:\/\/schema.org","@graph":[{"@type":"WebPage","@id":"https:\/\/www.credimex.ch\/fr\/produit\/phd-automation-clamps-2\/","url":"https:\/\/www.credimex.ch\/fr\/produit\/phd-automation-clamps-2\/","name":"Pinces d'automatisation PHD - CREDIMEX","isPartOf":{"@id":"https:\/\/www.credimex.ch\/fr\/#website"},"primaryImageOfPage":{"@id":"https:\/\/www.credimex.ch\/fr\/produit\/phd-automation-clamps-2\/#primaryimage"},"image":{"@id":"https:\/\/www.credimex.ch\/fr\/produit\/phd-automation-clamps-2\/#primaryimage"},"thumbnailUrl":"https:\/\/www.credimex.ch\/wp-content\/uploads\/2022\/07\/GRM1_Clamp.png","datePublished":"2022-07-07T08:43:04+00:00","description":"Les pinces d'automatisation PHD offrent un faible co\u00fbt de possession, une flexibilit\u00e9 exceptionnelle et une robustesse in\u00e9gal\u00e9e.","breadcrumb":{"@id":"https:\/\/www.credimex.ch\/fr\/produit\/phd-automation-clamps-2\/#breadcrumb"},"inLanguage":"fr-FR","potentialAction":[{"@type":"ReadAction","target":["https:\/\/www.credimex.ch\/fr\/produit\/phd-automation-clamps-2\/"]}]},{"@type":"ImageObject","inLanguage":"fr-FR","@id":"https:\/\/www.credimex.ch\/fr\/produit\/phd-automation-clamps-2\/#primaryimage","url":"https:\/\/www.credimex.ch\/wp-content\/uploads\/2022\/07\/GRM1_Clamp.png","contentUrl":"https:\/\/www.credimex.ch\/wp-content\/uploads\/2022\/07\/GRM1_Clamp.png","width":670,"height":352},{"@type":"BreadcrumbList","@id":"https:\/\/www.credimex.ch\/fr\/produit\/phd-automation-clamps-2\/#breadcrumb","itemListElement":[{"@type":"ListItem","position":1,"name":"Home","item":"https:\/\/www.credimex.ch\/fr\/"},{"@type":"ListItem","position":2,"name":"Produits","item":"https:\/\/www.credimex.ch\/fr\/produits\/"},{"@type":"ListItem","position":3,"name":"Pinces d&rsquo;automatisation PHD"}]},{"@type":"WebSite","@id":"https:\/\/www.credimex.ch\/fr\/#website","url":"https:\/\/www.credimex.ch\/fr\/","name":"CREDIMEX","description":"Partner of Swiss Industrial Market","publisher":{"@id":"https:\/\/www.credimex.ch\/fr\/#organization"},"potentialAction":[{"@type":"SearchAction","target":{"@type":"EntryPoint","urlTemplate":"https:\/\/www.credimex.ch\/fr\/?s={search_term_string}"},"query-input":{"@type":"PropertyValueSpecification","valueRequired":true,"valueName":"search_term_string"}}],"inLanguage":"fr-FR"},{"@type":"Organization","@id":"https:\/\/www.credimex.ch\/fr\/#organization","name":"credimex","url":"https:\/\/www.credimex.ch\/fr\/","logo":{"@type":"ImageObject","inLanguage":"fr-FR","@id":"https:\/\/www.credimex.ch\/fr\/#\/schema\/logo\/image\/","url":"https:\/\/www.credimex.ch\/wp-content\/uploads\/2022\/03\/cropped-logo-credimex.png","contentUrl":"https:\/\/www.credimex.ch\/wp-content\/uploads\/2022\/03\/cropped-logo-credimex.png","width":512,"height":512,"caption":"credimex"},"image":{"@id":"https:\/\/www.credimex.ch\/fr\/#\/schema\/logo\/image\/"},"sameAs":["https:\/\/www.facebook.com\/credimex.alpnach\/","https:\/\/www.linkedin.com\/company\/credimex\/","https:\/\/www.youtube.com\/@CREDIMEX?sub_confirmation=1"]}]}},"_links":{"self":[{"href":"https:\/\/www.credimex.ch\/fr\/wp-json\/wp\/v2\/product\/4064","targetHints":{"allow":["GET"]}}],"collection":[{"href":"https:\/\/www.credimex.ch\/fr\/wp-json\/wp\/v2\/product"}],"about":[{"href":"https:\/\/www.credimex.ch\/fr\/wp-json\/wp\/v2\/types\/product"}],"replies":[{"embeddable":true,"href":"https:\/\/www.credimex.ch\/fr\/wp-json\/wp\/v2\/comments?post=4064"}],"wp:featuredmedia":[{"embeddable":true,"href":"https:\/\/www.credimex.ch\/fr\/wp-json\/wp\/v2\/media\/3422"}],"wp:attachment":[{"href":"https:\/\/www.credimex.ch\/fr\/wp-json\/wp\/v2\/media?parent=4064"}],"wp:term":[{"taxonomy":"product_brand","embeddable":true,"href":"https:\/\/www.credimex.ch\/fr\/wp-json\/wp\/v2\/product_brand?post=4064"},{"taxonomy":"product_cat","embeddable":true,"href":"https:\/\/www.credimex.ch\/fr\/wp-json\/wp\/v2\/product_cat?post=4064"},{"taxonomy":"product_tag","embeddable":true,"href":"https:\/\/www.credimex.ch\/fr\/wp-json\/wp\/v2\/product_tag?post=4064"}],"curies":[{"name":"wp","href":"https:\/\/api.w.org\/{rel}","templated":true}]}}