{"id":4066,"date":"2022-07-07T10:32:27","date_gmt":"2022-07-07T08:32:27","guid":{"rendered":"https:\/\/www.credimex.ch.mialias.net\/product\/glissieres-lineaires-phd-automation\/"},"modified":"2022-07-07T10:32:27","modified_gmt":"2022-07-07T08:32:27","slug":"phd-automation-linear-slides-2","status":"publish","type":"product","link":"https:\/\/www.credimex.ch\/fr\/produit\/phd-automation-linear-slides-2\/","title":{"rendered":"Glissi\u00e8res lin\u00e9aires PHD Automation"},"content":{"rendered":"<h2>Description<\/h2>\n<p>Les glissi\u00e8res lin\u00e9aires de PHD Automation comprennent les s\u00e9ries suivantes :<\/p>\n<ul>\n<li>Les <b>actionneurs lin\u00e9aires \u00e9lectriques \u00e0 courroie de la s\u00e9rie ESU<\/b> se caract\u00e9risent par une conception robuste et ferm\u00e9e avec un syst\u00e8me de roulement sur rail de haute capacit\u00e9 offrant un moment et une capacit\u00e9 de charge exceptionnels.<\/li>\n<li>Les <b>actionneurs lin\u00e9aires \u00e9lectriques \u00e0 vis \u00e0 billes de la s\u00e9rie ESU-RB<\/b> se caract\u00e9risent par une conception robuste et ferm\u00e9e avec un syst\u00e8me de roulement sur rail de haute capacit\u00e9 offrant un moment et une capacit\u00e9 de charge exceptionnels.<\/li>\n<li><b>Le chariot de pouss\u00e9e pneumatique \u00e0 usage l\u00e9ger de la s\u00e9rie PHD Optimax\u00ae<\/b> est con\u00e7u pour \u00eatre extr\u00eamement polyvalent et \u00e9conomique pour une utilisation dans n&rsquo;importe quelle industrie.<\/li>\n<li>Les <b>glissi\u00e8res de pouss\u00e9e pneumatiques compactes PHD Optimax\u00ae Series OSP <\/b>sont des actionneurs lin\u00e9aires robustes con\u00e7us pour les applications de haute performance o\u00f9 la longueur des glissi\u00e8res est un probl\u00e8me.<\/li>\n<li>Les <b>glissi\u00e8res pneumatiques de la s\u00e9rie SD\/SE Versatile Thruster<\/b> offrent plus de 45 options standard et sont aliment\u00e9es par les v\u00e9rins Tom Thumb de la s\u00e9rie AV de PHD.<\/li>\n<li>Les <b>glissi\u00e8res pneumatiques robustes et polyvalentes de la s\u00e9rie SK\/SL<\/b> offrent une multitude d&rsquo;options et sont actionn\u00e9es par les v\u00e9rins CV de PHD.<\/li>\n<li>Les <b>chariots pneumatiques \u00e0 poussoir compacts des s\u00e9ries SxL\/SxH<\/b> sont dot\u00e9s de tampons antichocs internes et externes pour compl\u00e9ter une conception robuste capable de supporter des charges \u00e9lev\u00e9es.<\/li>\n<li>Les <b>glissi\u00e8res pneumatiques de la s\u00e9rie STP Compact Rail Thruster<\/b> sont \u00e9quip\u00e9es de roulements de rail en acier inoxydable avec un double al\u00e9sage pour plus de puissance.<\/li>\n<li>Les <b>glissi\u00e8res de pouss\u00e9e \u00e9lectriques des s\u00e9ries ESK\/ESL<\/b> offrent l&rsquo;option d&rsquo;un corps court ou long et sont aliment\u00e9es par les v\u00e9rins \u00e9lectriques \u00e0 vis \u00e0 billes ou \u00e0 vis-m\u00e8re ECVA de PHD.<\/li>\n<li>Les <b>tables coulissantes pneumatiques PHD Optimax\u00ae s\u00e9rie OSW \u00e0 double al\u00e9sage <\/b>sont des actionneurs lin\u00e9aires robustes con\u00e7us pour une puissance \u00e9lev\u00e9e dans des espaces compacts.<\/li>\n<li>Les <b>glissi\u00e8res pneumatiques \u00e0 portique sans tige de la s\u00e9rie SFP<\/b> sont dot\u00e9es d&rsquo;une technologie de roulement sur rail qui permet un mouvement lin\u00e9aire souple et pr\u00e9cis dans un design peu encombrant.<\/li>\n<li>Les <b>glissi\u00e8res pneumatiques de portique sans tige \u00e0 positions multiples de la s\u00e9rie SFM<\/b> sont dot\u00e9es d&rsquo;un syst\u00e8me \u00e0 positions multiples qui permet de r\u00e9gler la capacit\u00e9 d&rsquo;arr\u00eat interm\u00e9diaire.<\/li>\n<li>Les <b>glissi\u00e8res pneumatiques de la s\u00e9rie SIP Low Profile Miniature Rail Thruster<\/b> sont dot\u00e9es de roulements de rail en acier inoxydable et d&rsquo;un petit bo\u00eetier \u00e0 profil bas.<\/li>\n<li>Les <b>tables coulissantes pneumatiques compactes OSH de la s\u00e9rie PHD Optimax\u00ae <\/b>sont con\u00e7ues pour des applications l\u00e9g\u00e8res dans des espaces restreints.<\/li>\n<li>Les <b>glissi\u00e8res pneumatiques miniatures sur rail de la s\u00e9rie SHP<\/b> sont \u00e9quip\u00e9es de roulements sur rail en acier inoxydable pour un mouvement et une puissance pr\u00e9cis dans un ensemble compact.<\/li>\n<li>Les <b>glissi\u00e8res pneumatiques \u00e0 portique de la s\u00e9rie SG pour charges \u00e9lev\u00e9es<\/b> pr\u00e9sentent une conception robuste capable de supporter des charges \u00e9lev\u00e9es avec une faible d\u00e9flexion.<\/li>\n<li>Les <b>portiques pneumatiques de la s\u00e9rie SM<\/b> se caract\u00e9risent par un mouvement lin\u00e9aire doux capable de fonctionner \u00e0 grande vitesse avec une pouss\u00e9e deux fois plus \u00e9lev\u00e9e gr\u00e2ce \u00e0 un double al\u00e9sage.<\/li>\n<li>Les <b>glissi\u00e8res \u00e9lectriques \u00e0 propulseur vertical de la s\u00e9rie ESCV<\/b> sont \u00e9quip\u00e9es de v\u00e9rins PHD ECV et de la glissi\u00e8re \u00e0 propulseur \u00e9prouv\u00e9e de la s\u00e9rie SCV, offrant une capacit\u00e9 de pouss\u00e9e et de vitesse \u00e9lev\u00e9es.<\/li>\n<li>Le nouveau design 3\/7 des <b>glissi\u00e8res de pouss\u00e9e pneumatique de la s\u00e9rie SCV<\/b> comprend des roulements composites \u00e0 support acier avec m\u00e8che d&rsquo;huile, ce qui am\u00e9liore les performances, les capacit\u00e9s de charge et r\u00e9duit le poids de l&rsquo;unit\u00e9.<\/li>\n<li>Les <b>glissi\u00e8res pneumatiques de la s\u00e9rie OSCV pour propulseurs verticaux<\/b> sont \u00e9quip\u00e9es de v\u00e9rins OCV PHD Optimax combin\u00e9s \u00e0 l&rsquo;orientation \u00e9prouv\u00e9e des glissi\u00e8res SCV avec des arbres de guidage de pr\u00e9cision.<\/li>\n<\/ul>\n<p><img fetchpriority=\"high\" decoding=\"async\" class=\"alignnone size-full wp-image-1473\" src=\"https:\/\/www.credimex.ch\/wp-content\/uploads\/2022\/07\/SIP_prod.png\" alt=\"\" width=\"670\" height=\"352\" srcset=\"https:\/\/www.credimex.ch\/wp-content\/uploads\/2022\/07\/SIP_prod.png 670w, https:\/\/www.credimex.ch\/wp-content\/uploads\/2022\/07\/SIP_prod-300x158.png 300w, https:\/\/www.credimex.ch\/wp-content\/uploads\/2022\/07\/SIP_prod-600x315.png 600w\" sizes=\"(max-width: 670px) 100vw, 670px\" \/><\/p>\n<h2>Avantages du produit<\/h2>\n<p>Les glissi\u00e8res lin\u00e9aires de PHD automation comprennent des mod\u00e8les \u00e0 poussoir et \u00e0 portique, et fonctionnent avec des sources d&rsquo;\u00e9nergie pneumatique ou \u00e9lectrique. PHD propose plus de 12 styles diff\u00e9rents de glissi\u00e8res lin\u00e9aires guid\u00e9es, con\u00e7ues pour supporter des charges allant de quelques onces \u00e0 300 livres. Ces dispositifs d&rsquo;automatisation utilisent diff\u00e9rents types de roulements qui peuvent offrir une pr\u00e9cision, une force et des capacit\u00e9s de charge \u00e9lev\u00e9es pour r\u00e9pondre \u00e0 vos besoins de fabrication industrielle. PHD propose des glissi\u00e8res \u00e9lectriques et pneumatiques allant des mod\u00e8les compacts aux mod\u00e8les \u00e0 portique avec de longues courses pour r\u00e9pondre aux applications des syst\u00e8mes d&rsquo;automatisation de port\u00e9e et de transfert.<\/p>\n<p><img decoding=\"async\" class=\"alignnone size-full wp-image-1474\" src=\"https:\/\/www.credimex.ch\/wp-content\/uploads\/2022\/07\/SM_prod.png\" alt=\"\" width=\"670\" height=\"380\" srcset=\"https:\/\/www.credimex.ch\/wp-content\/uploads\/2022\/07\/SM_prod.png 670w, https:\/\/www.credimex.ch\/wp-content\/uploads\/2022\/07\/SM_prod-300x170.png 300w, https:\/\/www.credimex.ch\/wp-content\/uploads\/2022\/07\/SM_prod-600x340.png 600w\" sizes=\"(max-width: 670px) 100vw, 670px\" \/><\/p>\n<h2>Application<\/h2>\n<p>Les glissi\u00e8res lin\u00e9aires de PHD automation peuvent \u00eatre utilis\u00e9es dans de nombreux secteurs, du m\u00e9dical \u00e0 l&rsquo;automobile en passant par l&rsquo;alimentaire et l&#8217;emballage.<\/p>\n","protected":false},"excerpt":{"rendered":"<p>Les glissi\u00e8res lin\u00e9aires de PHD automation comprennent des styles de propulseurs et de portiques, et fonctionnent \u00e0 l&rsquo;aide de sources d&rsquo;\u00e9nergie pneumatiques ou \u00e9lectriques, y compris plus de 12 styles diff\u00e9rents de glissi\u00e8res lin\u00e9aires guid\u00e9es.<\/p>\n","protected":false},"featured_media":3412,"comment_status":"open","ping_status":"closed","template":"","meta":{"_acf_changed":false},"product_brand":[],"product_cat":[611,341,340,413,376,411,384,475,375,361,360,414,610,588,412],"product_tag":[],"class_list":{"0":"post-4066","1":"product","2":"type-product","3":"status-publish","4":"has-post-thumbnail","6":"product_cat-actionneurs-pneumatiques-phd","7":"product_cat-aerospatiale","8":"product_cat-automobile","9":"product_cat-batteries","10":"product_cat-e-mobilite","11":"product_cat-electronique","12":"product_cat-energie","13":"product_cat-fabrication-de-montres","14":"product_cat-ferroviaire","15":"product_cat-industrie-alimentaire","16":"product_cat-industrie-generale","17":"product_cat-medical","18":"product_cat-phd","19":"product_cat-pneumatique","20":"product_cat-telepheriques","21":"pa_brands-phd-fr","23":"first","24":"instock","25":"shipping-taxable","26":"product-type-simple"},"acf":[],"_yoast_wpseo_focuskw":"Diapositives de la ligne PHD Automation","_yoast_wpseo_metadesc":"Les glissi\u00e8res lin\u00e9aires de PHD automation comprennent des mod\u00e8les \u00e0 poussoir et \u00e0 portique, et fonctionnent avec des sources d'\u00e9nergie pneumatique ou \u00e9lectrique.","yoast_head":"<!-- This site is optimized with the Yoast SEO Premium plugin v21.6 (Yoast SEO v27.4) - https:\/\/yoast.com\/product\/yoast-seo-premium-wordpress\/ -->\n<title>Glissi\u00e8res lin\u00e9aires PHD Automation - CREDIMEX<\/title>\n<meta name=\"description\" content=\"Les glissi\u00e8res lin\u00e9aires de PHD automation comprennent des mod\u00e8les \u00e0 poussoir et \u00e0 portique, et fonctionnent avec des sources d&#039;\u00e9nergie pneumatique ou \u00e9lectrique.\" \/>\n<meta name=\"robots\" content=\"index, follow, max-snippet:-1, max-image-preview:large, max-video-preview:-1\" \/>\n<link rel=\"canonical\" href=\"https:\/\/www.credimex.ch\/fr\/produit\/phd-automation-linear-slides-2\/\" \/>\n<meta property=\"og:locale\" content=\"fr_FR\" \/>\n<meta property=\"og:type\" content=\"article\" \/>\n<meta property=\"og:title\" content=\"Glissi\u00e8res lin\u00e9aires PHD Automation\" \/>\n<meta property=\"og:description\" content=\"Les glissi\u00e8res lin\u00e9aires de PHD automation comprennent des mod\u00e8les \u00e0 poussoir et \u00e0 portique, et fonctionnent avec des sources d&#039;\u00e9nergie pneumatique ou \u00e9lectrique.\" \/>\n<meta property=\"og:url\" content=\"https:\/\/www.credimex.ch\/fr\/produit\/phd-automation-linear-slides-2\/\" \/>\n<meta property=\"og:site_name\" content=\"CREDIMEX\" \/>\n<meta property=\"article:publisher\" content=\"https:\/\/www.facebook.com\/credimex.alpnach\/\" \/>\n<meta property=\"og:image\" content=\"https:\/\/www.credimex.ch\/wp-content\/uploads\/2022\/07\/SD_SE_two.png\" \/>\n\t<meta property=\"og:image:width\" content=\"812\" \/>\n\t<meta property=\"og:image:height\" content=\"603\" \/>\n\t<meta property=\"og:image:type\" content=\"image\/png\" \/>\n<meta name=\"twitter:card\" content=\"summary_large_image\" \/>\n<meta name=\"twitter:label1\" content=\"Dur\u00e9e de lecture estim\u00e9e\" \/>\n\t<meta name=\"twitter:data1\" content=\"4 minutes\" \/>\n<script type=\"application\/ld+json\" class=\"yoast-schema-graph\">{\"@context\":\"https:\\\/\\\/schema.org\",\"@graph\":[{\"@type\":\"WebPage\",\"@id\":\"https:\\\/\\\/www.credimex.ch\\\/fr\\\/produit\\\/phd-automation-linear-slides-2\\\/\",\"url\":\"https:\\\/\\\/www.credimex.ch\\\/fr\\\/produit\\\/phd-automation-linear-slides-2\\\/\",\"name\":\"Glissi\u00e8res lin\u00e9aires PHD Automation - CREDIMEX\",\"isPartOf\":{\"@id\":\"https:\\\/\\\/www.credimex.ch\\\/fr\\\/#website\"},\"primaryImageOfPage\":{\"@id\":\"https:\\\/\\\/www.credimex.ch\\\/fr\\\/produit\\\/phd-automation-linear-slides-2\\\/#primaryimage\"},\"image\":{\"@id\":\"https:\\\/\\\/www.credimex.ch\\\/fr\\\/produit\\\/phd-automation-linear-slides-2\\\/#primaryimage\"},\"thumbnailUrl\":\"https:\\\/\\\/www.credimex.ch\\\/wp-content\\\/uploads\\\/2022\\\/07\\\/SD_SE_two.png\",\"datePublished\":\"2022-07-07T08:32:27+00:00\",\"description\":\"Les glissi\u00e8res lin\u00e9aires de PHD automation comprennent des mod\u00e8les \u00e0 poussoir et \u00e0 portique, et fonctionnent avec des sources d'\u00e9nergie pneumatique ou \u00e9lectrique.\",\"breadcrumb\":{\"@id\":\"https:\\\/\\\/www.credimex.ch\\\/fr\\\/produit\\\/phd-automation-linear-slides-2\\\/#breadcrumb\"},\"inLanguage\":\"fr-FR\",\"potentialAction\":[{\"@type\":\"ReadAction\",\"target\":[\"https:\\\/\\\/www.credimex.ch\\\/fr\\\/produit\\\/phd-automation-linear-slides-2\\\/\"]}]},{\"@type\":\"ImageObject\",\"inLanguage\":\"fr-FR\",\"@id\":\"https:\\\/\\\/www.credimex.ch\\\/fr\\\/produit\\\/phd-automation-linear-slides-2\\\/#primaryimage\",\"url\":\"https:\\\/\\\/www.credimex.ch\\\/wp-content\\\/uploads\\\/2022\\\/07\\\/SD_SE_two.png\",\"contentUrl\":\"https:\\\/\\\/www.credimex.ch\\\/wp-content\\\/uploads\\\/2022\\\/07\\\/SD_SE_two.png\",\"width\":812,\"height\":603},{\"@type\":\"BreadcrumbList\",\"@id\":\"https:\\\/\\\/www.credimex.ch\\\/fr\\\/produit\\\/phd-automation-linear-slides-2\\\/#breadcrumb\",\"itemListElement\":[{\"@type\":\"ListItem\",\"position\":1,\"name\":\"Home\",\"item\":\"https:\\\/\\\/www.credimex.ch\\\/fr\\\/\"},{\"@type\":\"ListItem\",\"position\":2,\"name\":\"Produits\",\"item\":\"https:\\\/\\\/www.credimex.ch\\\/fr\\\/produits\\\/\"},{\"@type\":\"ListItem\",\"position\":3,\"name\":\"Glissi\u00e8res lin\u00e9aires PHD Automation\"}]},{\"@type\":\"WebSite\",\"@id\":\"https:\\\/\\\/www.credimex.ch\\\/fr\\\/#website\",\"url\":\"https:\\\/\\\/www.credimex.ch\\\/fr\\\/\",\"name\":\"CREDIMEX\",\"description\":\"Partner of Swiss Industrial Market\",\"publisher\":{\"@id\":\"https:\\\/\\\/www.credimex.ch\\\/fr\\\/#organization\"},\"potentialAction\":[{\"@type\":\"SearchAction\",\"target\":{\"@type\":\"EntryPoint\",\"urlTemplate\":\"https:\\\/\\\/www.credimex.ch\\\/fr\\\/?s={search_term_string}\"},\"query-input\":{\"@type\":\"PropertyValueSpecification\",\"valueRequired\":true,\"valueName\":\"search_term_string\"}}],\"inLanguage\":\"fr-FR\"},{\"@type\":\"Organization\",\"@id\":\"https:\\\/\\\/www.credimex.ch\\\/fr\\\/#organization\",\"name\":\"credimex\",\"url\":\"https:\\\/\\\/www.credimex.ch\\\/fr\\\/\",\"logo\":{\"@type\":\"ImageObject\",\"inLanguage\":\"fr-FR\",\"@id\":\"https:\\\/\\\/www.credimex.ch\\\/fr\\\/#\\\/schema\\\/logo\\\/image\\\/\",\"url\":\"https:\\\/\\\/www.credimex.ch\\\/wp-content\\\/uploads\\\/2022\\\/03\\\/cropped-logo-credimex.png\",\"contentUrl\":\"https:\\\/\\\/www.credimex.ch\\\/wp-content\\\/uploads\\\/2022\\\/03\\\/cropped-logo-credimex.png\",\"width\":512,\"height\":512,\"caption\":\"credimex\"},\"image\":{\"@id\":\"https:\\\/\\\/www.credimex.ch\\\/fr\\\/#\\\/schema\\\/logo\\\/image\\\/\"},\"sameAs\":[\"https:\\\/\\\/www.facebook.com\\\/credimex.alpnach\\\/\",\"https:\\\/\\\/www.linkedin.com\\\/company\\\/credimex\\\/\",\"https:\\\/\\\/www.youtube.com\\\/@CREDIMEX?sub_confirmation=1\"]}]}<\/script>\n<!-- \/ Yoast SEO Premium plugin. -->","yoast_head_json":{"title":"Glissi\u00e8res lin\u00e9aires PHD Automation - CREDIMEX","description":"Les glissi\u00e8res lin\u00e9aires de PHD automation comprennent des mod\u00e8les \u00e0 poussoir et \u00e0 portique, et fonctionnent avec des sources d'\u00e9nergie pneumatique ou \u00e9lectrique.","robots":{"index":"index","follow":"follow","max-snippet":"max-snippet:-1","max-image-preview":"max-image-preview:large","max-video-preview":"max-video-preview:-1"},"canonical":"https:\/\/www.credimex.ch\/fr\/produit\/phd-automation-linear-slides-2\/","og_locale":"fr_FR","og_type":"article","og_title":"Glissi\u00e8res lin\u00e9aires PHD Automation","og_description":"Les glissi\u00e8res lin\u00e9aires de PHD automation comprennent des mod\u00e8les \u00e0 poussoir et \u00e0 portique, et fonctionnent avec des sources d'\u00e9nergie pneumatique ou \u00e9lectrique.","og_url":"https:\/\/www.credimex.ch\/fr\/produit\/phd-automation-linear-slides-2\/","og_site_name":"CREDIMEX","article_publisher":"https:\/\/www.facebook.com\/credimex.alpnach\/","og_image":[{"width":812,"height":603,"url":"https:\/\/www.credimex.ch\/wp-content\/uploads\/2022\/07\/SD_SE_two.png","type":"image\/png"}],"twitter_card":"summary_large_image","twitter_misc":{"Dur\u00e9e de lecture estim\u00e9e":"4 minutes"},"schema":{"@context":"https:\/\/schema.org","@graph":[{"@type":"WebPage","@id":"https:\/\/www.credimex.ch\/fr\/produit\/phd-automation-linear-slides-2\/","url":"https:\/\/www.credimex.ch\/fr\/produit\/phd-automation-linear-slides-2\/","name":"Glissi\u00e8res lin\u00e9aires PHD Automation - CREDIMEX","isPartOf":{"@id":"https:\/\/www.credimex.ch\/fr\/#website"},"primaryImageOfPage":{"@id":"https:\/\/www.credimex.ch\/fr\/produit\/phd-automation-linear-slides-2\/#primaryimage"},"image":{"@id":"https:\/\/www.credimex.ch\/fr\/produit\/phd-automation-linear-slides-2\/#primaryimage"},"thumbnailUrl":"https:\/\/www.credimex.ch\/wp-content\/uploads\/2022\/07\/SD_SE_two.png","datePublished":"2022-07-07T08:32:27+00:00","description":"Les glissi\u00e8res lin\u00e9aires de PHD automation comprennent des mod\u00e8les \u00e0 poussoir et \u00e0 portique, et fonctionnent avec des sources d'\u00e9nergie pneumatique ou \u00e9lectrique.","breadcrumb":{"@id":"https:\/\/www.credimex.ch\/fr\/produit\/phd-automation-linear-slides-2\/#breadcrumb"},"inLanguage":"fr-FR","potentialAction":[{"@type":"ReadAction","target":["https:\/\/www.credimex.ch\/fr\/produit\/phd-automation-linear-slides-2\/"]}]},{"@type":"ImageObject","inLanguage":"fr-FR","@id":"https:\/\/www.credimex.ch\/fr\/produit\/phd-automation-linear-slides-2\/#primaryimage","url":"https:\/\/www.credimex.ch\/wp-content\/uploads\/2022\/07\/SD_SE_two.png","contentUrl":"https:\/\/www.credimex.ch\/wp-content\/uploads\/2022\/07\/SD_SE_two.png","width":812,"height":603},{"@type":"BreadcrumbList","@id":"https:\/\/www.credimex.ch\/fr\/produit\/phd-automation-linear-slides-2\/#breadcrumb","itemListElement":[{"@type":"ListItem","position":1,"name":"Home","item":"https:\/\/www.credimex.ch\/fr\/"},{"@type":"ListItem","position":2,"name":"Produits","item":"https:\/\/www.credimex.ch\/fr\/produits\/"},{"@type":"ListItem","position":3,"name":"Glissi\u00e8res lin\u00e9aires PHD Automation"}]},{"@type":"WebSite","@id":"https:\/\/www.credimex.ch\/fr\/#website","url":"https:\/\/www.credimex.ch\/fr\/","name":"CREDIMEX","description":"Partner of Swiss Industrial Market","publisher":{"@id":"https:\/\/www.credimex.ch\/fr\/#organization"},"potentialAction":[{"@type":"SearchAction","target":{"@type":"EntryPoint","urlTemplate":"https:\/\/www.credimex.ch\/fr\/?s={search_term_string}"},"query-input":{"@type":"PropertyValueSpecification","valueRequired":true,"valueName":"search_term_string"}}],"inLanguage":"fr-FR"},{"@type":"Organization","@id":"https:\/\/www.credimex.ch\/fr\/#organization","name":"credimex","url":"https:\/\/www.credimex.ch\/fr\/","logo":{"@type":"ImageObject","inLanguage":"fr-FR","@id":"https:\/\/www.credimex.ch\/fr\/#\/schema\/logo\/image\/","url":"https:\/\/www.credimex.ch\/wp-content\/uploads\/2022\/03\/cropped-logo-credimex.png","contentUrl":"https:\/\/www.credimex.ch\/wp-content\/uploads\/2022\/03\/cropped-logo-credimex.png","width":512,"height":512,"caption":"credimex"},"image":{"@id":"https:\/\/www.credimex.ch\/fr\/#\/schema\/logo\/image\/"},"sameAs":["https:\/\/www.facebook.com\/credimex.alpnach\/","https:\/\/www.linkedin.com\/company\/credimex\/","https:\/\/www.youtube.com\/@CREDIMEX?sub_confirmation=1"]}]}},"_links":{"self":[{"href":"https:\/\/www.credimex.ch\/fr\/wp-json\/wp\/v2\/product\/4066","targetHints":{"allow":["GET"]}}],"collection":[{"href":"https:\/\/www.credimex.ch\/fr\/wp-json\/wp\/v2\/product"}],"about":[{"href":"https:\/\/www.credimex.ch\/fr\/wp-json\/wp\/v2\/types\/product"}],"replies":[{"embeddable":true,"href":"https:\/\/www.credimex.ch\/fr\/wp-json\/wp\/v2\/comments?post=4066"}],"wp:featuredmedia":[{"embeddable":true,"href":"https:\/\/www.credimex.ch\/fr\/wp-json\/wp\/v2\/media\/3412"}],"wp:attachment":[{"href":"https:\/\/www.credimex.ch\/fr\/wp-json\/wp\/v2\/media?parent=4066"}],"wp:term":[{"taxonomy":"product_brand","embeddable":true,"href":"https:\/\/www.credimex.ch\/fr\/wp-json\/wp\/v2\/product_brand?post=4066"},{"taxonomy":"product_cat","embeddable":true,"href":"https:\/\/www.credimex.ch\/fr\/wp-json\/wp\/v2\/product_cat?post=4066"},{"taxonomy":"product_tag","embeddable":true,"href":"https:\/\/www.credimex.ch\/fr\/wp-json\/wp\/v2\/product_tag?post=4066"}],"curies":[{"name":"wp","href":"https:\/\/api.w.org\/{rel}","templated":true}]}}