{"id":4068,"date":"2022-07-07T10:16:10","date_gmt":"2022-07-07T08:16:10","guid":{"rendered":"https:\/\/www.credimex.ch.mialias.net\/product\/verins-dautomatisation-phd\/"},"modified":"2022-07-07T10:16:10","modified_gmt":"2022-07-07T08:16:10","slug":"phd-automation-cylindres","status":"publish","type":"product","link":"https:\/\/www.credimex.ch\/fr\/produit\/phd-automation-cylindres\/","title":{"rendered":"V\u00e9rins d&rsquo;automatisation PHD"},"content":{"rendered":"<h2>Description<\/h2>\n<p>Les v\u00e9rins de PHD Automation comprennent les s\u00e9ries suivantes :<\/p>\n<ul>\n<li><b>V\u00e9rins pneumatiques ISO de la s\u00e9rie CV :<\/b> actionneurs lin\u00e9aires complets, normalis\u00e9s ISO et VDMA, pour des performances sup\u00e9rieures.<\/li>\n<li><b>V\u00e9rins pneumatiques compacts de la s\u00e9rie CRS<\/b>: conception compacte pour les applications o\u00f9 la longueur du v\u00e9rin est critique.<\/li>\n<li><b>V\u00e9rins compacts pneumatiques guid\u00e9s de la s\u00e9rie CTS :<\/b> une conception non rotative avec une longueur de cylindre r\u00e9duite.<\/li>\n<li><b>Le v\u00e9rin pneumatique compact PHD Optimax\u00ae s\u00e9rie OCQ :<\/b> une conception compacte pour les applications o\u00f9 la longueur du v\u00e9rin est critique.<\/li>\n<li><b>V\u00e9rins \u00e9lectriques \u00e0 vis \u00e0 billes et \u00e0 vis-m\u00e8re de la s\u00e9rie ECV :<\/b> actionneurs \u00e9lectriques \u00e0 tige avec interfaces de montage ISO et VDMA en mod\u00e8les \u00e0 vis \u00e0 billes ou \u00e0 vis-m\u00e8re.<\/li>\n<li><b>La bouteille d&rsquo;air comprim\u00e9 ISO OCV de la s\u00e9rie PHD Optimax\u00ae :<\/b> con\u00e7ue pour \u00eatre extr\u00eamement polyvalente et \u00e9conomique pour une utilisation dans n&rsquo;importe quelle industrie.<\/li>\n<li><b>Le v\u00e9rin pneumatique \u00e0 corps rond OCG de la s\u00e9rie PHD Optimax\u00ae :<\/b> con\u00e7u pour \u00eatre extr\u00eamement polyvalent et \u00e9conomique pour une utilisation dans n&rsquo;importe quelle industrie.<\/li>\n<li><b>V\u00e9rins \u00e9lectriques IP69K de la s\u00e9rie PHD Plus\u00ae ECP :<\/b> disponibles en version vis \u00e0 billes ou vis-m\u00e8re (\u00e9crou en polym\u00e8re), ils offrent une large gamme de capacit\u00e9s de pouss\u00e9e \u00e9lev\u00e9e ou de vitesse \u00e9lev\u00e9e.<\/li>\n<li>Les <b>v\u00e9rins hydrauliques et pneumatiques NFPA des s\u00e9ries A, AV, HV \u00e0 tirant,<\/b> \u00e9galement connus sous le nom de v\u00e9rins Tom Thumb\u00ae, se caract\u00e9risent par une construction \u00e0 tirant et sont r\u00e9parables sur place.<\/li>\n<li>Les <b>v\u00e9rins hydrauliques et pneumatiques \u00e0 tirants des s\u00e9ries AV2, HV2, A2 NFPA<\/b> sont des v\u00e9rins de marque Tom Thumb\u00ae qui sont essentiellement des v\u00e9rins dos \u00e0 dos utilisant des tirants communs.<\/li>\n<li>Les <b>v\u00e9rins hydrauliques et pneumatiques \u00e0 3 positions des s\u00e9ries A3V, H3V, A3<\/b> sont des v\u00e9rins de la marque Tom Thumb\u00ae qui comportent deux v\u00e9rins reli\u00e9s en ligne par des tirants communs.<\/li>\n<li>Les <b>v\u00e9rins tandem air\/huile de la s\u00e9rie TD<\/b> sont des v\u00e9rins de marque Tom Thumb\u00ae qui combinent la puissance pneumatique et hydraulique pour un contr\u00f4le pr\u00e9cis de la vitesse et un fonctionnement en douceur.<\/li>\n<\/ul>\n<p><img fetchpriority=\"high\" decoding=\"async\" class=\"alignnone size-full wp-image-1462\" src=\"https:\/\/www.credimex.ch\/wp-content\/uploads\/2022\/07\/OCQ_cylinders.png\" alt=\"\" width=\"670\" height=\"352\" srcset=\"https:\/\/www.credimex.ch\/wp-content\/uploads\/2022\/07\/OCQ_cylinders.png 670w, https:\/\/www.credimex.ch\/wp-content\/uploads\/2022\/07\/OCQ_cylinders-300x158.png 300w, https:\/\/www.credimex.ch\/wp-content\/uploads\/2022\/07\/OCQ_cylinders-600x315.png 600w\" sizes=\"(max-width: 670px) 100vw, 670px\" \/><\/p>\n<h2>Avantages du produit<\/h2>\n<p>Les v\u00e9rins pneumatiques, hydrauliques et \u00e9lectriques sont propos\u00e9s dans une large gamme de styles, de tailles et d&rsquo;options pour les applications de fabrication automatis\u00e9e, d&#8217;emballage, d&rsquo;assemblage, etc. Ces v\u00e9rins vont des v\u00e9rins pneumatiques Tom Thumb\u00ae, connus pour leur durabilit\u00e9 et leur polyvalence, aux v\u00e9rins compacts robustes lorsque l&rsquo;encombrement est un souci. PHD propose \u00e9galement les v\u00e9rins pneumatiques ISO de la s\u00e9rie CV, standard dans l&rsquo;industrie, con\u00e7us pour de grandes courses et une longue dur\u00e9e de vie, ainsi que les v\u00e9rins \u00e9lectriques de la s\u00e9rie ECV avec vis \u00e0 billes pour r\u00e9pondre aux diverses exigences de l&rsquo;industrie.<\/p>\n<p><img decoding=\"async\" class=\"alignnone size-full wp-image-1461\" src=\"https:\/\/www.credimex.ch\/wp-content\/uploads\/2022\/07\/A_AV_HV_Cyl.png\" alt=\"\" width=\"670\" height=\"352\" srcset=\"https:\/\/www.credimex.ch\/wp-content\/uploads\/2022\/07\/A_AV_HV_Cyl.png 670w, https:\/\/www.credimex.ch\/wp-content\/uploads\/2022\/07\/A_AV_HV_Cyl-300x158.png 300w, https:\/\/www.credimex.ch\/wp-content\/uploads\/2022\/07\/A_AV_HV_Cyl-600x315.png 600w\" sizes=\"(max-width: 670px) 100vw, 670px\" \/><\/p>\n<h2>Application<\/h2>\n<p>Les v\u00e9rins d&rsquo;automatisation PHD peuvent \u00eatre utilis\u00e9s dans de nombreux secteurs, du m\u00e9dical \u00e0 l&rsquo;automobile en passant par l&rsquo;alimentaire et l&#8217;emballage.<\/p>\n","protected":false},"excerpt":{"rendered":"<p>Les <strong>v\u00e9rins d&rsquo;automatisation PHD<\/strong> comprennent des v\u00e9rins pneumatiques, hydrauliques et \u00e9lectriques pour la fabrication automatis\u00e9e, l&#8217;emballage, les applications d&rsquo;assemblage et plus encore.<\/p>\n","protected":false},"featured_media":3410,"comment_status":"open","ping_status":"closed","template":"","meta":{"_acf_changed":false},"product_brand":[],"product_cat":[611,341,340,413,376,411,384,475,375,361,360,414,610,588,412],"product_tag":[],"class_list":{"0":"post-4068","1":"product","2":"type-product","3":"status-publish","4":"has-post-thumbnail","6":"product_cat-actionneurs-pneumatiques-phd","7":"product_cat-aerospatiale","8":"product_cat-automobile","9":"product_cat-batteries","10":"product_cat-e-mobilite","11":"product_cat-electronique","12":"product_cat-energie","13":"product_cat-fabrication-de-montres","14":"product_cat-ferroviaire","15":"product_cat-industrie-alimentaire","16":"product_cat-industrie-generale","17":"product_cat-medical","18":"product_cat-phd","19":"product_cat-pneumatique","20":"product_cat-telepheriques","21":"pa_brands-phd-fr","23":"first","24":"instock","25":"shipping-taxable","26":"product-type-simple"},"acf":[],"_yoast_wpseo_focuskw":"V\u00e9rins d'automatisation PHD","_yoast_wpseo_metadesc":"Les v\u00e9rins d'automatisation PHD comprennent des v\u00e9rins pneumatiques, hydrauliques et \u00e9lectriques pour les applications de fabrication, d'emballage, d'assemblage et plus encore.","yoast_head":"<!-- This site is optimized with the Yoast SEO Premium plugin v21.6 (Yoast SEO v27.4) - https:\/\/yoast.com\/product\/yoast-seo-premium-wordpress\/ -->\n<title>V\u00e9rins d&#039;automatisation PHD - CREDIMEX<\/title>\n<meta name=\"description\" content=\"Les v\u00e9rins d&#039;automatisation PHD comprennent des v\u00e9rins pneumatiques, hydrauliques et \u00e9lectriques pour les applications de fabrication, d&#039;emballage, d&#039;assemblage et plus encore.\" \/>\n<meta name=\"robots\" content=\"index, follow, max-snippet:-1, max-image-preview:large, max-video-preview:-1\" \/>\n<link rel=\"canonical\" href=\"https:\/\/www.credimex.ch\/fr\/produit\/phd-automation-cylindres\/\" \/>\n<meta property=\"og:locale\" content=\"fr_FR\" \/>\n<meta property=\"og:type\" content=\"article\" \/>\n<meta property=\"og:title\" content=\"V\u00e9rins d&#039;automatisation PHD\" \/>\n<meta property=\"og:description\" content=\"Les v\u00e9rins d&#039;automatisation PHD comprennent des v\u00e9rins pneumatiques, hydrauliques et \u00e9lectriques pour les applications de fabrication, d&#039;emballage, d&#039;assemblage et plus encore.\" \/>\n<meta property=\"og:url\" content=\"https:\/\/www.credimex.ch\/fr\/produit\/phd-automation-cylindres\/\" \/>\n<meta property=\"og:site_name\" content=\"CREDIMEX\" \/>\n<meta property=\"article:publisher\" content=\"https:\/\/www.facebook.com\/credimex.alpnach\/\" \/>\n<meta property=\"og:image\" content=\"https:\/\/www.credimex.ch\/wp-content\/uploads\/2022\/07\/CV_Cyl.png\" \/>\n\t<meta property=\"og:image:width\" content=\"1549\" \/>\n\t<meta property=\"og:image:height\" content=\"814\" \/>\n\t<meta property=\"og:image:type\" content=\"image\/png\" \/>\n<meta name=\"twitter:card\" content=\"summary_large_image\" \/>\n<meta name=\"twitter:label1\" content=\"Dur\u00e9e de lecture estim\u00e9e\" \/>\n\t<meta name=\"twitter:data1\" content=\"3 minutes\" \/>\n<script type=\"application\/ld+json\" class=\"yoast-schema-graph\">{\"@context\":\"https:\\\/\\\/schema.org\",\"@graph\":[{\"@type\":\"WebPage\",\"@id\":\"https:\\\/\\\/www.credimex.ch\\\/fr\\\/produit\\\/phd-automation-cylindres\\\/\",\"url\":\"https:\\\/\\\/www.credimex.ch\\\/fr\\\/produit\\\/phd-automation-cylindres\\\/\",\"name\":\"V\u00e9rins d'automatisation PHD - CREDIMEX\",\"isPartOf\":{\"@id\":\"https:\\\/\\\/www.credimex.ch\\\/fr\\\/#website\"},\"primaryImageOfPage\":{\"@id\":\"https:\\\/\\\/www.credimex.ch\\\/fr\\\/produit\\\/phd-automation-cylindres\\\/#primaryimage\"},\"image\":{\"@id\":\"https:\\\/\\\/www.credimex.ch\\\/fr\\\/produit\\\/phd-automation-cylindres\\\/#primaryimage\"},\"thumbnailUrl\":\"https:\\\/\\\/www.credimex.ch\\\/wp-content\\\/uploads\\\/2022\\\/07\\\/CV_Cyl.png\",\"datePublished\":\"2022-07-07T08:16:10+00:00\",\"description\":\"Les v\u00e9rins d'automatisation PHD comprennent des v\u00e9rins pneumatiques, hydrauliques et \u00e9lectriques pour les applications de fabrication, d'emballage, d'assemblage et plus encore.\",\"breadcrumb\":{\"@id\":\"https:\\\/\\\/www.credimex.ch\\\/fr\\\/produit\\\/phd-automation-cylindres\\\/#breadcrumb\"},\"inLanguage\":\"fr-FR\",\"potentialAction\":[{\"@type\":\"ReadAction\",\"target\":[\"https:\\\/\\\/www.credimex.ch\\\/fr\\\/produit\\\/phd-automation-cylindres\\\/\"]}]},{\"@type\":\"ImageObject\",\"inLanguage\":\"fr-FR\",\"@id\":\"https:\\\/\\\/www.credimex.ch\\\/fr\\\/produit\\\/phd-automation-cylindres\\\/#primaryimage\",\"url\":\"https:\\\/\\\/www.credimex.ch\\\/wp-content\\\/uploads\\\/2022\\\/07\\\/CV_Cyl.png\",\"contentUrl\":\"https:\\\/\\\/www.credimex.ch\\\/wp-content\\\/uploads\\\/2022\\\/07\\\/CV_Cyl.png\",\"width\":1549,\"height\":814},{\"@type\":\"BreadcrumbList\",\"@id\":\"https:\\\/\\\/www.credimex.ch\\\/fr\\\/produit\\\/phd-automation-cylindres\\\/#breadcrumb\",\"itemListElement\":[{\"@type\":\"ListItem\",\"position\":1,\"name\":\"Home\",\"item\":\"https:\\\/\\\/www.credimex.ch\\\/fr\\\/\"},{\"@type\":\"ListItem\",\"position\":2,\"name\":\"Produits\",\"item\":\"https:\\\/\\\/www.credimex.ch\\\/fr\\\/produits\\\/\"},{\"@type\":\"ListItem\",\"position\":3,\"name\":\"V\u00e9rins d&rsquo;automatisation PHD\"}]},{\"@type\":\"WebSite\",\"@id\":\"https:\\\/\\\/www.credimex.ch\\\/fr\\\/#website\",\"url\":\"https:\\\/\\\/www.credimex.ch\\\/fr\\\/\",\"name\":\"CREDIMEX\",\"description\":\"Partner of Swiss Industrial Market\",\"publisher\":{\"@id\":\"https:\\\/\\\/www.credimex.ch\\\/fr\\\/#organization\"},\"potentialAction\":[{\"@type\":\"SearchAction\",\"target\":{\"@type\":\"EntryPoint\",\"urlTemplate\":\"https:\\\/\\\/www.credimex.ch\\\/fr\\\/?s={search_term_string}\"},\"query-input\":{\"@type\":\"PropertyValueSpecification\",\"valueRequired\":true,\"valueName\":\"search_term_string\"}}],\"inLanguage\":\"fr-FR\"},{\"@type\":\"Organization\",\"@id\":\"https:\\\/\\\/www.credimex.ch\\\/fr\\\/#organization\",\"name\":\"credimex\",\"url\":\"https:\\\/\\\/www.credimex.ch\\\/fr\\\/\",\"logo\":{\"@type\":\"ImageObject\",\"inLanguage\":\"fr-FR\",\"@id\":\"https:\\\/\\\/www.credimex.ch\\\/fr\\\/#\\\/schema\\\/logo\\\/image\\\/\",\"url\":\"https:\\\/\\\/www.credimex.ch\\\/wp-content\\\/uploads\\\/2022\\\/03\\\/cropped-logo-credimex.png\",\"contentUrl\":\"https:\\\/\\\/www.credimex.ch\\\/wp-content\\\/uploads\\\/2022\\\/03\\\/cropped-logo-credimex.png\",\"width\":512,\"height\":512,\"caption\":\"credimex\"},\"image\":{\"@id\":\"https:\\\/\\\/www.credimex.ch\\\/fr\\\/#\\\/schema\\\/logo\\\/image\\\/\"},\"sameAs\":[\"https:\\\/\\\/www.facebook.com\\\/credimex.alpnach\\\/\",\"https:\\\/\\\/www.linkedin.com\\\/company\\\/credimex\\\/\",\"https:\\\/\\\/www.youtube.com\\\/@CREDIMEX?sub_confirmation=1\"]}]}<\/script>\n<!-- \/ Yoast SEO Premium plugin. -->","yoast_head_json":{"title":"V\u00e9rins d'automatisation PHD - CREDIMEX","description":"Les v\u00e9rins d'automatisation PHD comprennent des v\u00e9rins pneumatiques, hydrauliques et \u00e9lectriques pour les applications de fabrication, d'emballage, d'assemblage et plus encore.","robots":{"index":"index","follow":"follow","max-snippet":"max-snippet:-1","max-image-preview":"max-image-preview:large","max-video-preview":"max-video-preview:-1"},"canonical":"https:\/\/www.credimex.ch\/fr\/produit\/phd-automation-cylindres\/","og_locale":"fr_FR","og_type":"article","og_title":"V\u00e9rins d'automatisation PHD","og_description":"Les v\u00e9rins d'automatisation PHD comprennent des v\u00e9rins pneumatiques, hydrauliques et \u00e9lectriques pour les applications de fabrication, d'emballage, d'assemblage et plus encore.","og_url":"https:\/\/www.credimex.ch\/fr\/produit\/phd-automation-cylindres\/","og_site_name":"CREDIMEX","article_publisher":"https:\/\/www.facebook.com\/credimex.alpnach\/","og_image":[{"width":1549,"height":814,"url":"https:\/\/www.credimex.ch\/wp-content\/uploads\/2022\/07\/CV_Cyl.png","type":"image\/png"}],"twitter_card":"summary_large_image","twitter_misc":{"Dur\u00e9e de lecture estim\u00e9e":"3 minutes"},"schema":{"@context":"https:\/\/schema.org","@graph":[{"@type":"WebPage","@id":"https:\/\/www.credimex.ch\/fr\/produit\/phd-automation-cylindres\/","url":"https:\/\/www.credimex.ch\/fr\/produit\/phd-automation-cylindres\/","name":"V\u00e9rins d'automatisation PHD - CREDIMEX","isPartOf":{"@id":"https:\/\/www.credimex.ch\/fr\/#website"},"primaryImageOfPage":{"@id":"https:\/\/www.credimex.ch\/fr\/produit\/phd-automation-cylindres\/#primaryimage"},"image":{"@id":"https:\/\/www.credimex.ch\/fr\/produit\/phd-automation-cylindres\/#primaryimage"},"thumbnailUrl":"https:\/\/www.credimex.ch\/wp-content\/uploads\/2022\/07\/CV_Cyl.png","datePublished":"2022-07-07T08:16:10+00:00","description":"Les v\u00e9rins d'automatisation PHD comprennent des v\u00e9rins pneumatiques, hydrauliques et \u00e9lectriques pour les applications de fabrication, d'emballage, d'assemblage et plus encore.","breadcrumb":{"@id":"https:\/\/www.credimex.ch\/fr\/produit\/phd-automation-cylindres\/#breadcrumb"},"inLanguage":"fr-FR","potentialAction":[{"@type":"ReadAction","target":["https:\/\/www.credimex.ch\/fr\/produit\/phd-automation-cylindres\/"]}]},{"@type":"ImageObject","inLanguage":"fr-FR","@id":"https:\/\/www.credimex.ch\/fr\/produit\/phd-automation-cylindres\/#primaryimage","url":"https:\/\/www.credimex.ch\/wp-content\/uploads\/2022\/07\/CV_Cyl.png","contentUrl":"https:\/\/www.credimex.ch\/wp-content\/uploads\/2022\/07\/CV_Cyl.png","width":1549,"height":814},{"@type":"BreadcrumbList","@id":"https:\/\/www.credimex.ch\/fr\/produit\/phd-automation-cylindres\/#breadcrumb","itemListElement":[{"@type":"ListItem","position":1,"name":"Home","item":"https:\/\/www.credimex.ch\/fr\/"},{"@type":"ListItem","position":2,"name":"Produits","item":"https:\/\/www.credimex.ch\/fr\/produits\/"},{"@type":"ListItem","position":3,"name":"V\u00e9rins d&rsquo;automatisation PHD"}]},{"@type":"WebSite","@id":"https:\/\/www.credimex.ch\/fr\/#website","url":"https:\/\/www.credimex.ch\/fr\/","name":"CREDIMEX","description":"Partner of Swiss Industrial Market","publisher":{"@id":"https:\/\/www.credimex.ch\/fr\/#organization"},"potentialAction":[{"@type":"SearchAction","target":{"@type":"EntryPoint","urlTemplate":"https:\/\/www.credimex.ch\/fr\/?s={search_term_string}"},"query-input":{"@type":"PropertyValueSpecification","valueRequired":true,"valueName":"search_term_string"}}],"inLanguage":"fr-FR"},{"@type":"Organization","@id":"https:\/\/www.credimex.ch\/fr\/#organization","name":"credimex","url":"https:\/\/www.credimex.ch\/fr\/","logo":{"@type":"ImageObject","inLanguage":"fr-FR","@id":"https:\/\/www.credimex.ch\/fr\/#\/schema\/logo\/image\/","url":"https:\/\/www.credimex.ch\/wp-content\/uploads\/2022\/03\/cropped-logo-credimex.png","contentUrl":"https:\/\/www.credimex.ch\/wp-content\/uploads\/2022\/03\/cropped-logo-credimex.png","width":512,"height":512,"caption":"credimex"},"image":{"@id":"https:\/\/www.credimex.ch\/fr\/#\/schema\/logo\/image\/"},"sameAs":["https:\/\/www.facebook.com\/credimex.alpnach\/","https:\/\/www.linkedin.com\/company\/credimex\/","https:\/\/www.youtube.com\/@CREDIMEX?sub_confirmation=1"]}]}},"_links":{"self":[{"href":"https:\/\/www.credimex.ch\/fr\/wp-json\/wp\/v2\/product\/4068","targetHints":{"allow":["GET"]}}],"collection":[{"href":"https:\/\/www.credimex.ch\/fr\/wp-json\/wp\/v2\/product"}],"about":[{"href":"https:\/\/www.credimex.ch\/fr\/wp-json\/wp\/v2\/types\/product"}],"replies":[{"embeddable":true,"href":"https:\/\/www.credimex.ch\/fr\/wp-json\/wp\/v2\/comments?post=4068"}],"wp:featuredmedia":[{"embeddable":true,"href":"https:\/\/www.credimex.ch\/fr\/wp-json\/wp\/v2\/media\/3410"}],"wp:attachment":[{"href":"https:\/\/www.credimex.ch\/fr\/wp-json\/wp\/v2\/media?parent=4068"}],"wp:term":[{"taxonomy":"product_brand","embeddable":true,"href":"https:\/\/www.credimex.ch\/fr\/wp-json\/wp\/v2\/product_brand?post=4068"},{"taxonomy":"product_cat","embeddable":true,"href":"https:\/\/www.credimex.ch\/fr\/wp-json\/wp\/v2\/product_cat?post=4068"},{"taxonomy":"product_tag","embeddable":true,"href":"https:\/\/www.credimex.ch\/fr\/wp-json\/wp\/v2\/product_tag?post=4068"}],"curies":[{"name":"wp","href":"https:\/\/api.w.org\/{rel}","templated":true}]}}