{"id":4070,"date":"2022-07-07T10:03:37","date_gmt":"2022-07-07T08:03:37","guid":{"rendered":"https:\/\/www.credimex.ch.mialias.net\/product\/macvalves-serie-traditionnelle\/"},"modified":"2022-07-07T10:03:37","modified_gmt":"2022-07-07T08:03:37","slug":"macvalves-traditional-series-2","status":"publish","type":"product","link":"https:\/\/www.credimex.ch\/fr\/produit\/macvalves-traditional-series-2\/","title":{"rendered":"MacValves s\u00e9rie traditionnelle"},"content":{"rendered":"<h2>Description<\/h2>\n<p>La s\u00e9rie Traditonal de MacValves est d\u00e9di\u00e9e \u00e0 fournir aux clients des solutions de vannes optimales qui s&rsquo;adaptent \u00e0 leurs applications uniques. Notre exp\u00e9rience en mati\u00e8re de conception ne se limite pas \u00e0 fournir des vannes qui \u00ab\u00a0fonctionnent\u00a0\u00bb, mais \u00e9galement des vannes con\u00e7ues sur mesure en fonction des besoins de votre industrie et de votre application. Si MAC Valves n&rsquo;a pas de vanne adapt\u00e9e \u00e0 vos besoins, nous travaillerons avec vous jusqu&rsquo;\u00e0 ce que nous concevions la vanne optimale pour votre application. Avec plus de 100 brevets uniques, nous sommes aussi bien connus pour notre innovation en mati\u00e8re de conception que pour la fiabilit\u00e9 et la long\u00e9vit\u00e9 de nos solutions de vannes.<\/p>\n<p><img fetchpriority=\"high\" decoding=\"async\" class=\"alignnone wp-image-1452 size-large\" src=\"https:\/\/www.credimex.ch\/wp-content\/uploads\/2022\/07\/83-1280x853-1-1024x682.jpeg\" alt=\"\" width=\"800\" height=\"533\" srcset=\"https:\/\/www.credimex.ch\/wp-content\/uploads\/2022\/07\/83-1280x853-1-1024x682.jpeg 1024w, https:\/\/www.credimex.ch\/wp-content\/uploads\/2022\/07\/83-1280x853-1-300x200.jpeg 300w, https:\/\/www.credimex.ch\/wp-content\/uploads\/2022\/07\/83-1280x853-1-768x512.jpeg 768w, https:\/\/www.credimex.ch\/wp-content\/uploads\/2022\/07\/83-1280x853-1-600x400.jpeg 600w, https:\/\/www.credimex.ch\/wp-content\/uploads\/2022\/07\/83-1280x853-1.jpeg 1280w\" sizes=\"(max-width: 800px) 100vw, 800px\" \/><\/p>\n<h2>Avantages du produit<\/h2>\n<p>Les produits innovants traditionnels de MAC Valves ont acquis une r\u00e9putation de fiabilit\u00e9 et de r\u00e9p\u00e9tabilit\u00e9 sup\u00e9rieures dans toute l&rsquo;industrie. C&rsquo;est parce que nous concevons nos soupapes avec une conception exclusive et \u00e9quilibr\u00e9e qui tient compte de la compensation de l&rsquo;usure et r\u00e9duit les points d&rsquo;usure. Les vannes MAC sont \u00e9galement con\u00e7ues pour garantir des forces de d\u00e9placement plus \u00e9lev\u00e9es afin de g\u00e9rer la contamination avec facilit\u00e9.<\/p>\n<p><img decoding=\"async\" class=\"alignnone wp-image-1454 size-large\" src=\"https:\/\/www.credimex.ch\/wp-content\/uploads\/2022\/07\/38-clean-1280x927-1-1024x742.jpeg\" alt=\"\" width=\"800\" height=\"580\" srcset=\"https:\/\/www.credimex.ch\/wp-content\/uploads\/2022\/07\/38-clean-1280x927-1-1024x742.jpeg 1024w, https:\/\/www.credimex.ch\/wp-content\/uploads\/2022\/07\/38-clean-1280x927-1-300x217.jpeg 300w, https:\/\/www.credimex.ch\/wp-content\/uploads\/2022\/07\/38-clean-1280x927-1-768x556.jpeg 768w, https:\/\/www.credimex.ch\/wp-content\/uploads\/2022\/07\/38-clean-1280x927-1-600x435.jpeg 600w, https:\/\/www.credimex.ch\/wp-content\/uploads\/2022\/07\/38-clean-1280x927-1.jpeg 1280w\" sizes=\"(max-width: 800px) 100vw, 800px\" \/><\/p>\n<h2>Application<\/h2>\n<p>Chaque industrie a besoin de vannes fiables, et nous tenons notre promesse de fiabilit\u00e9 avec des solutions de vannes de haute performance, test\u00e9es de mani\u00e8re approfondie, qui r\u00e9solvent les probl\u00e8mes dans un large \u00e9ventail d&rsquo;industries. Que vous recherchiez des joints \u00e0 large plage de temp\u00e9rature, des performances dans des environnements difficiles ou contamin\u00e9s, ou des composants internes con\u00e7us pour relever les d\u00e9fis de votre secteur d&rsquo;activit\u00e9 sp\u00e9cifique, vous pouvez compter sur la vaste exp\u00e9rience de MAC Valves dans ce domaine pour que vos \u00e9quipements restent op\u00e9rationnels sans retard co\u00fbteux.<\/p>\n","protected":false},"excerpt":{"rendered":"<p>La <strong>s\u00e9rie traditionnelle de MACValves<\/strong> offre des produits innovants qui ont acquis une r\u00e9putation de fiabilit\u00e9 et de r\u00e9p\u00e9tabilit\u00e9 dans toute l&rsquo;industrie. Nous nous attachons \u00e0 r\u00e9soudre des probl\u00e8mes complexes et \u00e0 trouver les meilleures solutions pour les applications exigeantes de nos clients.<\/p>\n","protected":false},"featured_media":3402,"comment_status":"open","ping_status":"closed","template":"","meta":{"_acf_changed":false},"product_brand":[],"product_cat":[341,340,413,376,411,384,475,375,361,360,616,414,588,617,412],"product_tag":[],"class_list":{"0":"post-4070","1":"product","2":"type-product","3":"status-publish","4":"has-post-thumbnail","6":"product_cat-aerospatiale","7":"product_cat-automobile","8":"product_cat-batteries","9":"product_cat-e-mobilite","10":"product_cat-electronique","11":"product_cat-energie","12":"product_cat-fabrication-de-montres","13":"product_cat-ferroviaire","14":"product_cat-industrie-alimentaire","15":"product_cat-industrie-generale","16":"product_cat-macvalves","17":"product_cat-medical","18":"product_cat-pneumatique","19":"product_cat-technologie-des-vannes-mac-valves","20":"product_cat-telepheriques","21":"pa_brands-macvalves-fr","23":"first","24":"instock","25":"shipping-taxable","26":"product-type-simple"},"acf":[],"_yoast_wpseo_focuskw":"MacValves s\u00e9rie traditionnelle","_yoast_wpseo_metadesc":"La s\u00e9rie traditionnelle de MACValves offre des produits innovants qui ont acquis une r\u00e9putation de fiabilit\u00e9 et de r\u00e9p\u00e9tabilit\u00e9 dans toute l'industrie.","yoast_head":"<!-- This site is optimized with the Yoast SEO Premium plugin v21.6 (Yoast SEO v27.4) - https:\/\/yoast.com\/product\/yoast-seo-premium-wordpress\/ -->\n<title>MacValves s\u00e9rie traditionnelle - CREDIMEX<\/title>\n<meta name=\"description\" content=\"La s\u00e9rie traditionnelle de MACValves offre des produits innovants qui ont acquis une r\u00e9putation de fiabilit\u00e9 et de r\u00e9p\u00e9tabilit\u00e9 dans toute l&#039;industrie.\" \/>\n<meta name=\"robots\" content=\"index, follow, max-snippet:-1, max-image-preview:large, max-video-preview:-1\" \/>\n<link rel=\"canonical\" href=\"https:\/\/www.credimex.ch\/fr\/produit\/macvalves-traditional-series-2\/\" \/>\n<meta property=\"og:locale\" content=\"fr_FR\" \/>\n<meta property=\"og:type\" content=\"article\" \/>\n<meta property=\"og:title\" content=\"MacValves s\u00e9rie traditionnelle\" \/>\n<meta property=\"og:description\" content=\"La s\u00e9rie traditionnelle de MACValves offre des produits innovants qui ont acquis une r\u00e9putation de fiabilit\u00e9 et de r\u00e9p\u00e9tabilit\u00e9 dans toute l&#039;industrie.\" \/>\n<meta property=\"og:url\" content=\"https:\/\/www.credimex.ch\/fr\/produit\/macvalves-traditional-series-2\/\" \/>\n<meta property=\"og:site_name\" content=\"CREDIMEX\" \/>\n<meta property=\"article:publisher\" content=\"https:\/\/www.facebook.com\/credimex.alpnach\/\" \/>\n<meta property=\"og:image\" content=\"https:\/\/www.credimex.ch\/wp-content\/uploads\/2022\/07\/55-1280x1438-1.jpeg\" \/>\n\t<meta property=\"og:image:width\" content=\"1280\" \/>\n\t<meta property=\"og:image:height\" content=\"1438\" \/>\n\t<meta property=\"og:image:type\" content=\"image\/jpeg\" \/>\n<meta name=\"twitter:card\" content=\"summary_large_image\" \/>\n<meta name=\"twitter:label1\" content=\"Dur\u00e9e de lecture estim\u00e9e\" \/>\n\t<meta name=\"twitter:data1\" content=\"1 minute\" \/>\n<script type=\"application\/ld+json\" class=\"yoast-schema-graph\">{\"@context\":\"https:\\\/\\\/schema.org\",\"@graph\":[{\"@type\":\"WebPage\",\"@id\":\"https:\\\/\\\/www.credimex.ch\\\/fr\\\/produit\\\/macvalves-traditional-series-2\\\/\",\"url\":\"https:\\\/\\\/www.credimex.ch\\\/fr\\\/produit\\\/macvalves-traditional-series-2\\\/\",\"name\":\"MacValves s\u00e9rie traditionnelle - CREDIMEX\",\"isPartOf\":{\"@id\":\"https:\\\/\\\/www.credimex.ch\\\/fr\\\/#website\"},\"primaryImageOfPage\":{\"@id\":\"https:\\\/\\\/www.credimex.ch\\\/fr\\\/produit\\\/macvalves-traditional-series-2\\\/#primaryimage\"},\"image\":{\"@id\":\"https:\\\/\\\/www.credimex.ch\\\/fr\\\/produit\\\/macvalves-traditional-series-2\\\/#primaryimage\"},\"thumbnailUrl\":\"https:\\\/\\\/www.credimex.ch\\\/wp-content\\\/uploads\\\/2022\\\/07\\\/55-1280x1438-1.jpeg\",\"datePublished\":\"2022-07-07T08:03:37+00:00\",\"description\":\"La s\u00e9rie traditionnelle de MACValves offre des produits innovants qui ont acquis une r\u00e9putation de fiabilit\u00e9 et de r\u00e9p\u00e9tabilit\u00e9 dans toute l'industrie.\",\"breadcrumb\":{\"@id\":\"https:\\\/\\\/www.credimex.ch\\\/fr\\\/produit\\\/macvalves-traditional-series-2\\\/#breadcrumb\"},\"inLanguage\":\"fr-FR\",\"potentialAction\":[{\"@type\":\"ReadAction\",\"target\":[\"https:\\\/\\\/www.credimex.ch\\\/fr\\\/produit\\\/macvalves-traditional-series-2\\\/\"]}]},{\"@type\":\"ImageObject\",\"inLanguage\":\"fr-FR\",\"@id\":\"https:\\\/\\\/www.credimex.ch\\\/fr\\\/produit\\\/macvalves-traditional-series-2\\\/#primaryimage\",\"url\":\"https:\\\/\\\/www.credimex.ch\\\/wp-content\\\/uploads\\\/2022\\\/07\\\/55-1280x1438-1.jpeg\",\"contentUrl\":\"https:\\\/\\\/www.credimex.ch\\\/wp-content\\\/uploads\\\/2022\\\/07\\\/55-1280x1438-1.jpeg\",\"width\":1280,\"height\":1438},{\"@type\":\"BreadcrumbList\",\"@id\":\"https:\\\/\\\/www.credimex.ch\\\/fr\\\/produit\\\/macvalves-traditional-series-2\\\/#breadcrumb\",\"itemListElement\":[{\"@type\":\"ListItem\",\"position\":1,\"name\":\"Home\",\"item\":\"https:\\\/\\\/www.credimex.ch\\\/fr\\\/\"},{\"@type\":\"ListItem\",\"position\":2,\"name\":\"Produits\",\"item\":\"https:\\\/\\\/www.credimex.ch\\\/fr\\\/produits\\\/\"},{\"@type\":\"ListItem\",\"position\":3,\"name\":\"MacValves s\u00e9rie traditionnelle\"}]},{\"@type\":\"WebSite\",\"@id\":\"https:\\\/\\\/www.credimex.ch\\\/fr\\\/#website\",\"url\":\"https:\\\/\\\/www.credimex.ch\\\/fr\\\/\",\"name\":\"CREDIMEX\",\"description\":\"Partner of Swiss Industrial Market\",\"publisher\":{\"@id\":\"https:\\\/\\\/www.credimex.ch\\\/fr\\\/#organization\"},\"potentialAction\":[{\"@type\":\"SearchAction\",\"target\":{\"@type\":\"EntryPoint\",\"urlTemplate\":\"https:\\\/\\\/www.credimex.ch\\\/fr\\\/?s={search_term_string}\"},\"query-input\":{\"@type\":\"PropertyValueSpecification\",\"valueRequired\":true,\"valueName\":\"search_term_string\"}}],\"inLanguage\":\"fr-FR\"},{\"@type\":\"Organization\",\"@id\":\"https:\\\/\\\/www.credimex.ch\\\/fr\\\/#organization\",\"name\":\"credimex\",\"url\":\"https:\\\/\\\/www.credimex.ch\\\/fr\\\/\",\"logo\":{\"@type\":\"ImageObject\",\"inLanguage\":\"fr-FR\",\"@id\":\"https:\\\/\\\/www.credimex.ch\\\/fr\\\/#\\\/schema\\\/logo\\\/image\\\/\",\"url\":\"https:\\\/\\\/www.credimex.ch\\\/wp-content\\\/uploads\\\/2022\\\/03\\\/cropped-logo-credimex.png\",\"contentUrl\":\"https:\\\/\\\/www.credimex.ch\\\/wp-content\\\/uploads\\\/2022\\\/03\\\/cropped-logo-credimex.png\",\"width\":512,\"height\":512,\"caption\":\"credimex\"},\"image\":{\"@id\":\"https:\\\/\\\/www.credimex.ch\\\/fr\\\/#\\\/schema\\\/logo\\\/image\\\/\"},\"sameAs\":[\"https:\\\/\\\/www.facebook.com\\\/credimex.alpnach\\\/\",\"https:\\\/\\\/www.linkedin.com\\\/company\\\/credimex\\\/\",\"https:\\\/\\\/www.youtube.com\\\/@CREDIMEX?sub_confirmation=1\"]}]}<\/script>\n<!-- \/ Yoast SEO Premium plugin. -->","yoast_head_json":{"title":"MacValves s\u00e9rie traditionnelle - CREDIMEX","description":"La s\u00e9rie traditionnelle de MACValves offre des produits innovants qui ont acquis une r\u00e9putation de fiabilit\u00e9 et de r\u00e9p\u00e9tabilit\u00e9 dans toute l'industrie.","robots":{"index":"index","follow":"follow","max-snippet":"max-snippet:-1","max-image-preview":"max-image-preview:large","max-video-preview":"max-video-preview:-1"},"canonical":"https:\/\/www.credimex.ch\/fr\/produit\/macvalves-traditional-series-2\/","og_locale":"fr_FR","og_type":"article","og_title":"MacValves s\u00e9rie traditionnelle","og_description":"La s\u00e9rie traditionnelle de MACValves offre des produits innovants qui ont acquis une r\u00e9putation de fiabilit\u00e9 et de r\u00e9p\u00e9tabilit\u00e9 dans toute l'industrie.","og_url":"https:\/\/www.credimex.ch\/fr\/produit\/macvalves-traditional-series-2\/","og_site_name":"CREDIMEX","article_publisher":"https:\/\/www.facebook.com\/credimex.alpnach\/","og_image":[{"width":1280,"height":1438,"url":"https:\/\/www.credimex.ch\/wp-content\/uploads\/2022\/07\/55-1280x1438-1.jpeg","type":"image\/jpeg"}],"twitter_card":"summary_large_image","twitter_misc":{"Dur\u00e9e de lecture estim\u00e9e":"1 minute"},"schema":{"@context":"https:\/\/schema.org","@graph":[{"@type":"WebPage","@id":"https:\/\/www.credimex.ch\/fr\/produit\/macvalves-traditional-series-2\/","url":"https:\/\/www.credimex.ch\/fr\/produit\/macvalves-traditional-series-2\/","name":"MacValves s\u00e9rie traditionnelle - CREDIMEX","isPartOf":{"@id":"https:\/\/www.credimex.ch\/fr\/#website"},"primaryImageOfPage":{"@id":"https:\/\/www.credimex.ch\/fr\/produit\/macvalves-traditional-series-2\/#primaryimage"},"image":{"@id":"https:\/\/www.credimex.ch\/fr\/produit\/macvalves-traditional-series-2\/#primaryimage"},"thumbnailUrl":"https:\/\/www.credimex.ch\/wp-content\/uploads\/2022\/07\/55-1280x1438-1.jpeg","datePublished":"2022-07-07T08:03:37+00:00","description":"La s\u00e9rie traditionnelle de MACValves offre des produits innovants qui ont acquis une r\u00e9putation de fiabilit\u00e9 et de r\u00e9p\u00e9tabilit\u00e9 dans toute l'industrie.","breadcrumb":{"@id":"https:\/\/www.credimex.ch\/fr\/produit\/macvalves-traditional-series-2\/#breadcrumb"},"inLanguage":"fr-FR","potentialAction":[{"@type":"ReadAction","target":["https:\/\/www.credimex.ch\/fr\/produit\/macvalves-traditional-series-2\/"]}]},{"@type":"ImageObject","inLanguage":"fr-FR","@id":"https:\/\/www.credimex.ch\/fr\/produit\/macvalves-traditional-series-2\/#primaryimage","url":"https:\/\/www.credimex.ch\/wp-content\/uploads\/2022\/07\/55-1280x1438-1.jpeg","contentUrl":"https:\/\/www.credimex.ch\/wp-content\/uploads\/2022\/07\/55-1280x1438-1.jpeg","width":1280,"height":1438},{"@type":"BreadcrumbList","@id":"https:\/\/www.credimex.ch\/fr\/produit\/macvalves-traditional-series-2\/#breadcrumb","itemListElement":[{"@type":"ListItem","position":1,"name":"Home","item":"https:\/\/www.credimex.ch\/fr\/"},{"@type":"ListItem","position":2,"name":"Produits","item":"https:\/\/www.credimex.ch\/fr\/produits\/"},{"@type":"ListItem","position":3,"name":"MacValves s\u00e9rie traditionnelle"}]},{"@type":"WebSite","@id":"https:\/\/www.credimex.ch\/fr\/#website","url":"https:\/\/www.credimex.ch\/fr\/","name":"CREDIMEX","description":"Partner of Swiss Industrial Market","publisher":{"@id":"https:\/\/www.credimex.ch\/fr\/#organization"},"potentialAction":[{"@type":"SearchAction","target":{"@type":"EntryPoint","urlTemplate":"https:\/\/www.credimex.ch\/fr\/?s={search_term_string}"},"query-input":{"@type":"PropertyValueSpecification","valueRequired":true,"valueName":"search_term_string"}}],"inLanguage":"fr-FR"},{"@type":"Organization","@id":"https:\/\/www.credimex.ch\/fr\/#organization","name":"credimex","url":"https:\/\/www.credimex.ch\/fr\/","logo":{"@type":"ImageObject","inLanguage":"fr-FR","@id":"https:\/\/www.credimex.ch\/fr\/#\/schema\/logo\/image\/","url":"https:\/\/www.credimex.ch\/wp-content\/uploads\/2022\/03\/cropped-logo-credimex.png","contentUrl":"https:\/\/www.credimex.ch\/wp-content\/uploads\/2022\/03\/cropped-logo-credimex.png","width":512,"height":512,"caption":"credimex"},"image":{"@id":"https:\/\/www.credimex.ch\/fr\/#\/schema\/logo\/image\/"},"sameAs":["https:\/\/www.facebook.com\/credimex.alpnach\/","https:\/\/www.linkedin.com\/company\/credimex\/","https:\/\/www.youtube.com\/@CREDIMEX?sub_confirmation=1"]}]}},"_links":{"self":[{"href":"https:\/\/www.credimex.ch\/fr\/wp-json\/wp\/v2\/product\/4070","targetHints":{"allow":["GET"]}}],"collection":[{"href":"https:\/\/www.credimex.ch\/fr\/wp-json\/wp\/v2\/product"}],"about":[{"href":"https:\/\/www.credimex.ch\/fr\/wp-json\/wp\/v2\/types\/product"}],"replies":[{"embeddable":true,"href":"https:\/\/www.credimex.ch\/fr\/wp-json\/wp\/v2\/comments?post=4070"}],"wp:featuredmedia":[{"embeddable":true,"href":"https:\/\/www.credimex.ch\/fr\/wp-json\/wp\/v2\/media\/3402"}],"wp:attachment":[{"href":"https:\/\/www.credimex.ch\/fr\/wp-json\/wp\/v2\/media?parent=4070"}],"wp:term":[{"taxonomy":"product_brand","embeddable":true,"href":"https:\/\/www.credimex.ch\/fr\/wp-json\/wp\/v2\/product_brand?post=4070"},{"taxonomy":"product_cat","embeddable":true,"href":"https:\/\/www.credimex.ch\/fr\/wp-json\/wp\/v2\/product_cat?post=4070"},{"taxonomy":"product_tag","embeddable":true,"href":"https:\/\/www.credimex.ch\/fr\/wp-json\/wp\/v2\/product_tag?post=4070"}],"curies":[{"name":"wp","href":"https:\/\/api.w.org\/{rel}","templated":true}]}}