{"id":4072,"date":"2022-07-07T09:55:30","date_gmt":"2022-07-07T07:55:30","guid":{"rendered":"https:\/\/www.credimex.ch.mialias.net\/product\/serie-de-vannes-pour-liquides-macvalves\/"},"modified":"2023-03-28T17:07:58","modified_gmt":"2023-03-28T15:07:58","slug":"macvalves-liquid-valve-series-2","status":"publish","type":"product","link":"https:\/\/www.credimex.ch\/fr\/produit\/macvalves-liquid-valve-series-2\/","title":{"rendered":"MAC Liquid Valve Series"},"content":{"rendered":"<h2>Description<\/h2>\n<p>The MAC Advantage\u2122 Features :<\/p>\n<ul>\n<li>Vannes \u00e0 2 voies, 3 voies, \u00e0 d\u00e9bit variable, de remplissage et de dosage<\/li>\n<li>Dosage pr\u00e9cis et r\u00e9p\u00e9table<\/li>\n<li>Technologie D-Flex\u2122 \u00e0 double diaphragme<\/li>\n<li>Un fonctionnement fiable dans des environnements extr\u00eames<\/li>\n<\/ul>\n<p><img fetchpriority=\"high\" decoding=\"async\" class=\"alignnone wp-image-1447 size-large\" src=\"https:\/\/www.credimex.ch\/wp-content\/uploads\/2022\/07\/Liquidcomb-1280x1152-1-1024x922.jpeg\" alt=\"\" width=\"800\" height=\"720\" srcset=\"https:\/\/www.credimex.ch\/wp-content\/uploads\/2022\/07\/Liquidcomb-1280x1152-1-1024x922.jpeg 1024w, https:\/\/www.credimex.ch\/wp-content\/uploads\/2022\/07\/Liquidcomb-1280x1152-1-300x270.jpeg 300w, https:\/\/www.credimex.ch\/wp-content\/uploads\/2022\/07\/Liquidcomb-1280x1152-1-768x691.jpeg 768w, https:\/\/www.credimex.ch\/wp-content\/uploads\/2022\/07\/Liquidcomb-1280x1152-1-600x540.jpeg 600w, https:\/\/www.credimex.ch\/wp-content\/uploads\/2022\/07\/Liquidcomb-1280x1152-1.jpeg 1280w\" sizes=\"(max-width: 800px) 100vw, 800px\" \/><\/p>\n<h2>Avantages du produit<\/h2>\n<p>La gamme de produits MAC Liquid Valve b\u00e9n\u00e9ficie des m\u00eames caract\u00e9ristiques innovantes et des avantages associ\u00e9s qui sont devenus synonymes des caract\u00e9ristiques de performance de MAC au fil des ans. Des temps de r\u00e9ponse rapides, des forces de d\u00e9placement fiables et des r\u00e9sultats reproductibles ne sont que quelques-uns des avantages que vous pouvez attendre de notre gamme de produits fluides. Les r\u00e9gulateurs de d\u00e9bit proportionnels (PFC), les vannes Flow-Thru, les vannes \u00e0 simple et double membrane (s\u00e9par\u00e9es du fluide), les \u00e9lectrovannes \u00e0 contact humide et les pompes de dosage de fluide ne sont que quelques-uns des produits de la gamme de vannes pour liquides de MAC. Ces vannes fonctionnent \u00e9galement tr\u00e8s bien dans les applications pneumatiques qui n\u00e9cessitent des performances d&rsquo;\u00e9tanch\u00e9it\u00e9. Avec moins de points d&rsquo;usure que la technologie traditionnelle, ces vannes sont con\u00e7ues pour durer !<\/p>\n<p><img decoding=\"async\" class=\"alignnone wp-image-1446 size-large\" src=\"https:\/\/www.credimex.ch\/wp-content\/uploads\/2022\/07\/Liq-1280x1140-1-1024x912.jpeg\" alt=\"\" width=\"800\" height=\"713\" srcset=\"https:\/\/www.credimex.ch\/wp-content\/uploads\/2022\/07\/Liq-1280x1140-1-1024x912.jpeg 1024w, https:\/\/www.credimex.ch\/wp-content\/uploads\/2022\/07\/Liq-1280x1140-1-300x267.jpeg 300w, https:\/\/www.credimex.ch\/wp-content\/uploads\/2022\/07\/Liq-1280x1140-1-768x684.jpeg 768w, https:\/\/www.credimex.ch\/wp-content\/uploads\/2022\/07\/Liq-1280x1140-1-600x534.jpeg 600w, https:\/\/www.credimex.ch\/wp-content\/uploads\/2022\/07\/Liq-1280x1140-1.jpeg 1280w\" sizes=\"(max-width: 800px) 100vw, 800px\" \/><\/p>\n<h2>Application<\/h2>\n<p>La gamme de produits MAC Liquid Valve est con\u00e7ue pour durer plus longtemps et \u00eatre plus performante dans les applications les plus difficiles.<\/p>\n","protected":false},"excerpt":{"rendered":"<p>La ligne de produits <strong>MAC Liquid Valve<\/strong> offre des temps de r\u00e9ponse rapides et des r\u00e9sultats de dosage pr\u00e9cis et reproductibles. Une excellente solution pour vos applications de microdosage, de distribution, de pulv\u00e9risation et de remplissage. Ces vannes sont disponibles en 2\/2 voies et 3\/2 voies.<\/p>\n","protected":false},"featured_media":3398,"comment_status":"open","ping_status":"closed","template":"","meta":{"_acf_changed":false},"product_brand":[],"product_cat":[341,340,413,376,411,384,475,375,361,360,616,414,588,617,412],"product_tag":[],"class_list":{"0":"post-4072","1":"product","2":"type-product","3":"status-publish","4":"has-post-thumbnail","6":"product_cat-aerospatiale","7":"product_cat-automobile","8":"product_cat-batteries","9":"product_cat-e-mobilite","10":"product_cat-electronique","11":"product_cat-energie","12":"product_cat-fabrication-de-montres","13":"product_cat-ferroviaire","14":"product_cat-industrie-alimentaire","15":"product_cat-industrie-generale","16":"product_cat-macvalves","17":"product_cat-medical","18":"product_cat-pneumatique","19":"product_cat-technologie-des-vannes-mac-valves","20":"product_cat-telepheriques","21":"pa_brands-macvalves-fr","23":"first","24":"instock","25":"shipping-taxable","26":"product-type-simple"},"acf":[],"_yoast_wpseo_focuskw":"MAC Liquid Valve Series","_yoast_wpseo_metadesc":"La gamme de produits MAC Liquid Valve offre des temps de r\u00e9ponse rapides, des forces de d\u00e9placement fiables et des r\u00e9sultats reproductibles.","yoast_head":"<!-- This site is optimized with the Yoast SEO Premium plugin v21.6 (Yoast SEO v27.4) - https:\/\/yoast.com\/product\/yoast-seo-premium-wordpress\/ -->\n<title>MAC Liquid Valve Series - CREDIMEX<\/title>\n<meta name=\"description\" content=\"La gamme de produits MAC Liquid Valve offre des temps de r\u00e9ponse rapides, des forces de d\u00e9placement fiables et des r\u00e9sultats reproductibles.\" \/>\n<meta name=\"robots\" content=\"index, follow, max-snippet:-1, max-image-preview:large, max-video-preview:-1\" \/>\n<link rel=\"canonical\" href=\"https:\/\/www.credimex.ch\/fr\/produit\/macvalves-liquid-valve-series-2\/\" \/>\n<meta property=\"og:locale\" content=\"fr_FR\" \/>\n<meta property=\"og:type\" content=\"article\" \/>\n<meta property=\"og:title\" content=\"MAC Liquid Valve Series\" \/>\n<meta property=\"og:description\" content=\"La gamme de produits MAC Liquid Valve offre des temps de r\u00e9ponse rapides, des forces de d\u00e9placement fiables et des r\u00e9sultats reproductibles.\" \/>\n<meta property=\"og:url\" content=\"https:\/\/www.credimex.ch\/fr\/produit\/macvalves-liquid-valve-series-2\/\" \/>\n<meta property=\"og:site_name\" content=\"CREDIMEX\" \/>\n<meta property=\"article:publisher\" content=\"https:\/\/www.facebook.com\/credimex.alpnach\/\" \/>\n<meta property=\"article:modified_time\" content=\"2023-03-28T15:07:58+00:00\" \/>\n<meta property=\"og:image\" content=\"https:\/\/www.credimex.ch\/wp-content\/uploads\/2022\/07\/Liquid-02-1280x974-1.jpeg\" \/>\n\t<meta property=\"og:image:width\" content=\"1280\" \/>\n\t<meta property=\"og:image:height\" content=\"974\" \/>\n\t<meta property=\"og:image:type\" content=\"image\/jpeg\" \/>\n<meta name=\"twitter:card\" content=\"summary_large_image\" \/>\n<meta name=\"twitter:label1\" content=\"Dur\u00e9e de lecture estim\u00e9e\" \/>\n\t<meta name=\"twitter:data1\" content=\"2 minutes\" \/>\n<script type=\"application\/ld+json\" class=\"yoast-schema-graph\">{\"@context\":\"https:\\\/\\\/schema.org\",\"@graph\":[{\"@type\":\"WebPage\",\"@id\":\"https:\\\/\\\/www.credimex.ch\\\/fr\\\/produit\\\/macvalves-liquid-valve-series-2\\\/\",\"url\":\"https:\\\/\\\/www.credimex.ch\\\/fr\\\/produit\\\/macvalves-liquid-valve-series-2\\\/\",\"name\":\"MAC Liquid Valve Series - CREDIMEX\",\"isPartOf\":{\"@id\":\"https:\\\/\\\/www.credimex.ch\\\/fr\\\/#website\"},\"primaryImageOfPage\":{\"@id\":\"https:\\\/\\\/www.credimex.ch\\\/fr\\\/produit\\\/macvalves-liquid-valve-series-2\\\/#primaryimage\"},\"image\":{\"@id\":\"https:\\\/\\\/www.credimex.ch\\\/fr\\\/produit\\\/macvalves-liquid-valve-series-2\\\/#primaryimage\"},\"thumbnailUrl\":\"https:\\\/\\\/www.credimex.ch\\\/wp-content\\\/uploads\\\/2022\\\/07\\\/Liquid-02-1280x974-1.jpeg\",\"datePublished\":\"2022-07-07T07:55:30+00:00\",\"dateModified\":\"2023-03-28T15:07:58+00:00\",\"description\":\"La gamme de produits MAC Liquid Valve offre des temps de r\u00e9ponse rapides, des forces de d\u00e9placement fiables et des r\u00e9sultats reproductibles.\",\"breadcrumb\":{\"@id\":\"https:\\\/\\\/www.credimex.ch\\\/fr\\\/produit\\\/macvalves-liquid-valve-series-2\\\/#breadcrumb\"},\"inLanguage\":\"fr-FR\",\"potentialAction\":[{\"@type\":\"ReadAction\",\"target\":[\"https:\\\/\\\/www.credimex.ch\\\/fr\\\/produit\\\/macvalves-liquid-valve-series-2\\\/\"]}]},{\"@type\":\"ImageObject\",\"inLanguage\":\"fr-FR\",\"@id\":\"https:\\\/\\\/www.credimex.ch\\\/fr\\\/produit\\\/macvalves-liquid-valve-series-2\\\/#primaryimage\",\"url\":\"https:\\\/\\\/www.credimex.ch\\\/wp-content\\\/uploads\\\/2022\\\/07\\\/Liquid-02-1280x974-1.jpeg\",\"contentUrl\":\"https:\\\/\\\/www.credimex.ch\\\/wp-content\\\/uploads\\\/2022\\\/07\\\/Liquid-02-1280x974-1.jpeg\",\"width\":1280,\"height\":974},{\"@type\":\"BreadcrumbList\",\"@id\":\"https:\\\/\\\/www.credimex.ch\\\/fr\\\/produit\\\/macvalves-liquid-valve-series-2\\\/#breadcrumb\",\"itemListElement\":[{\"@type\":\"ListItem\",\"position\":1,\"name\":\"Home\",\"item\":\"https:\\\/\\\/www.credimex.ch\\\/fr\\\/\"},{\"@type\":\"ListItem\",\"position\":2,\"name\":\"Produits\",\"item\":\"https:\\\/\\\/www.credimex.ch\\\/fr\\\/produits\\\/\"},{\"@type\":\"ListItem\",\"position\":3,\"name\":\"MAC Liquid Valve Series\"}]},{\"@type\":\"WebSite\",\"@id\":\"https:\\\/\\\/www.credimex.ch\\\/fr\\\/#website\",\"url\":\"https:\\\/\\\/www.credimex.ch\\\/fr\\\/\",\"name\":\"CREDIMEX\",\"description\":\"Partner of Swiss Industrial Market\",\"publisher\":{\"@id\":\"https:\\\/\\\/www.credimex.ch\\\/fr\\\/#organization\"},\"potentialAction\":[{\"@type\":\"SearchAction\",\"target\":{\"@type\":\"EntryPoint\",\"urlTemplate\":\"https:\\\/\\\/www.credimex.ch\\\/fr\\\/?s={search_term_string}\"},\"query-input\":{\"@type\":\"PropertyValueSpecification\",\"valueRequired\":true,\"valueName\":\"search_term_string\"}}],\"inLanguage\":\"fr-FR\"},{\"@type\":\"Organization\",\"@id\":\"https:\\\/\\\/www.credimex.ch\\\/fr\\\/#organization\",\"name\":\"credimex\",\"url\":\"https:\\\/\\\/www.credimex.ch\\\/fr\\\/\",\"logo\":{\"@type\":\"ImageObject\",\"inLanguage\":\"fr-FR\",\"@id\":\"https:\\\/\\\/www.credimex.ch\\\/fr\\\/#\\\/schema\\\/logo\\\/image\\\/\",\"url\":\"https:\\\/\\\/www.credimex.ch\\\/wp-content\\\/uploads\\\/2022\\\/03\\\/cropped-logo-credimex.png\",\"contentUrl\":\"https:\\\/\\\/www.credimex.ch\\\/wp-content\\\/uploads\\\/2022\\\/03\\\/cropped-logo-credimex.png\",\"width\":512,\"height\":512,\"caption\":\"credimex\"},\"image\":{\"@id\":\"https:\\\/\\\/www.credimex.ch\\\/fr\\\/#\\\/schema\\\/logo\\\/image\\\/\"},\"sameAs\":[\"https:\\\/\\\/www.facebook.com\\\/credimex.alpnach\\\/\",\"https:\\\/\\\/www.linkedin.com\\\/company\\\/credimex\\\/\",\"https:\\\/\\\/www.youtube.com\\\/@CREDIMEX?sub_confirmation=1\"]}]}<\/script>\n<!-- \/ Yoast SEO Premium plugin. -->","yoast_head_json":{"title":"MAC Liquid Valve Series - CREDIMEX","description":"La gamme de produits MAC Liquid Valve offre des temps de r\u00e9ponse rapides, des forces de d\u00e9placement fiables et des r\u00e9sultats reproductibles.","robots":{"index":"index","follow":"follow","max-snippet":"max-snippet:-1","max-image-preview":"max-image-preview:large","max-video-preview":"max-video-preview:-1"},"canonical":"https:\/\/www.credimex.ch\/fr\/produit\/macvalves-liquid-valve-series-2\/","og_locale":"fr_FR","og_type":"article","og_title":"MAC Liquid Valve Series","og_description":"La gamme de produits MAC Liquid Valve offre des temps de r\u00e9ponse rapides, des forces de d\u00e9placement fiables et des r\u00e9sultats reproductibles.","og_url":"https:\/\/www.credimex.ch\/fr\/produit\/macvalves-liquid-valve-series-2\/","og_site_name":"CREDIMEX","article_publisher":"https:\/\/www.facebook.com\/credimex.alpnach\/","article_modified_time":"2023-03-28T15:07:58+00:00","og_image":[{"width":1280,"height":974,"url":"https:\/\/www.credimex.ch\/wp-content\/uploads\/2022\/07\/Liquid-02-1280x974-1.jpeg","type":"image\/jpeg"}],"twitter_card":"summary_large_image","twitter_misc":{"Dur\u00e9e de lecture estim\u00e9e":"2 minutes"},"schema":{"@context":"https:\/\/schema.org","@graph":[{"@type":"WebPage","@id":"https:\/\/www.credimex.ch\/fr\/produit\/macvalves-liquid-valve-series-2\/","url":"https:\/\/www.credimex.ch\/fr\/produit\/macvalves-liquid-valve-series-2\/","name":"MAC Liquid Valve Series - CREDIMEX","isPartOf":{"@id":"https:\/\/www.credimex.ch\/fr\/#website"},"primaryImageOfPage":{"@id":"https:\/\/www.credimex.ch\/fr\/produit\/macvalves-liquid-valve-series-2\/#primaryimage"},"image":{"@id":"https:\/\/www.credimex.ch\/fr\/produit\/macvalves-liquid-valve-series-2\/#primaryimage"},"thumbnailUrl":"https:\/\/www.credimex.ch\/wp-content\/uploads\/2022\/07\/Liquid-02-1280x974-1.jpeg","datePublished":"2022-07-07T07:55:30+00:00","dateModified":"2023-03-28T15:07:58+00:00","description":"La gamme de produits MAC Liquid Valve offre des temps de r\u00e9ponse rapides, des forces de d\u00e9placement fiables et des r\u00e9sultats reproductibles.","breadcrumb":{"@id":"https:\/\/www.credimex.ch\/fr\/produit\/macvalves-liquid-valve-series-2\/#breadcrumb"},"inLanguage":"fr-FR","potentialAction":[{"@type":"ReadAction","target":["https:\/\/www.credimex.ch\/fr\/produit\/macvalves-liquid-valve-series-2\/"]}]},{"@type":"ImageObject","inLanguage":"fr-FR","@id":"https:\/\/www.credimex.ch\/fr\/produit\/macvalves-liquid-valve-series-2\/#primaryimage","url":"https:\/\/www.credimex.ch\/wp-content\/uploads\/2022\/07\/Liquid-02-1280x974-1.jpeg","contentUrl":"https:\/\/www.credimex.ch\/wp-content\/uploads\/2022\/07\/Liquid-02-1280x974-1.jpeg","width":1280,"height":974},{"@type":"BreadcrumbList","@id":"https:\/\/www.credimex.ch\/fr\/produit\/macvalves-liquid-valve-series-2\/#breadcrumb","itemListElement":[{"@type":"ListItem","position":1,"name":"Home","item":"https:\/\/www.credimex.ch\/fr\/"},{"@type":"ListItem","position":2,"name":"Produits","item":"https:\/\/www.credimex.ch\/fr\/produits\/"},{"@type":"ListItem","position":3,"name":"MAC Liquid Valve Series"}]},{"@type":"WebSite","@id":"https:\/\/www.credimex.ch\/fr\/#website","url":"https:\/\/www.credimex.ch\/fr\/","name":"CREDIMEX","description":"Partner of Swiss Industrial Market","publisher":{"@id":"https:\/\/www.credimex.ch\/fr\/#organization"},"potentialAction":[{"@type":"SearchAction","target":{"@type":"EntryPoint","urlTemplate":"https:\/\/www.credimex.ch\/fr\/?s={search_term_string}"},"query-input":{"@type":"PropertyValueSpecification","valueRequired":true,"valueName":"search_term_string"}}],"inLanguage":"fr-FR"},{"@type":"Organization","@id":"https:\/\/www.credimex.ch\/fr\/#organization","name":"credimex","url":"https:\/\/www.credimex.ch\/fr\/","logo":{"@type":"ImageObject","inLanguage":"fr-FR","@id":"https:\/\/www.credimex.ch\/fr\/#\/schema\/logo\/image\/","url":"https:\/\/www.credimex.ch\/wp-content\/uploads\/2022\/03\/cropped-logo-credimex.png","contentUrl":"https:\/\/www.credimex.ch\/wp-content\/uploads\/2022\/03\/cropped-logo-credimex.png","width":512,"height":512,"caption":"credimex"},"image":{"@id":"https:\/\/www.credimex.ch\/fr\/#\/schema\/logo\/image\/"},"sameAs":["https:\/\/www.facebook.com\/credimex.alpnach\/","https:\/\/www.linkedin.com\/company\/credimex\/","https:\/\/www.youtube.com\/@CREDIMEX?sub_confirmation=1"]}]}},"_links":{"self":[{"href":"https:\/\/www.credimex.ch\/fr\/wp-json\/wp\/v2\/product\/4072","targetHints":{"allow":["GET"]}}],"collection":[{"href":"https:\/\/www.credimex.ch\/fr\/wp-json\/wp\/v2\/product"}],"about":[{"href":"https:\/\/www.credimex.ch\/fr\/wp-json\/wp\/v2\/types\/product"}],"replies":[{"embeddable":true,"href":"https:\/\/www.credimex.ch\/fr\/wp-json\/wp\/v2\/comments?post=4072"}],"wp:featuredmedia":[{"embeddable":true,"href":"https:\/\/www.credimex.ch\/fr\/wp-json\/wp\/v2\/media\/3398"}],"wp:attachment":[{"href":"https:\/\/www.credimex.ch\/fr\/wp-json\/wp\/v2\/media?parent=4072"}],"wp:term":[{"taxonomy":"product_brand","embeddable":true,"href":"https:\/\/www.credimex.ch\/fr\/wp-json\/wp\/v2\/product_brand?post=4072"},{"taxonomy":"product_cat","embeddable":true,"href":"https:\/\/www.credimex.ch\/fr\/wp-json\/wp\/v2\/product_cat?post=4072"},{"taxonomy":"product_tag","embeddable":true,"href":"https:\/\/www.credimex.ch\/fr\/wp-json\/wp\/v2\/product_tag?post=4072"}],"curies":[{"name":"wp","href":"https:\/\/api.w.org\/{rel}","templated":true}]}}