{"id":4074,"date":"2022-07-07T09:46:29","date_gmt":"2022-07-07T07:46:29","guid":{"rendered":"https:\/\/www.credimex.ch.mialias.net\/product\/macvalves-bullet-valve-series\/"},"modified":"2023-03-28T17:03:33","modified_gmt":"2023-03-28T15:03:33","slug":"macvalves-bullet-valve-series-2","status":"publish","type":"product","link":"https:\/\/www.credimex.ch\/fr\/produit\/macvalves-bullet-valve-series-2\/","title":{"rendered":"MAC Bullet Valve\u00ae Series"},"content":{"rendered":"<h2>Description<\/h2>\n<p>La famille de produits Bullet Valve\u00ae (BV) repr\u00e9sente une nouvelle \u00e9volution de la technologie des vannes de MAC. La gamme de produits Bullet Valve\u00ae est dot\u00e9e de la technologie Bullet\u2122 brevet\u00e9e par MAC. Cette configuration de sol\u00e9no\u00efde \u00ab\u00a0\u00e9l\u00e9vateur\u00a0\u00bb est unique dans la mesure o\u00f9 la vanne conserve une conception \u00e9quilibr\u00e9e &#8211; une caract\u00e9ristique caract\u00e9ristique d&rsquo;une vanne MAC. Ainsi, les forces de d\u00e9placement sont constamment \u00e9lev\u00e9es et les temps de r\u00e9ponse sont plus reproductibles malgr\u00e9 les fluctuations de la pression d&rsquo;entr\u00e9e. Des configurations \u00e0 2 voies, 3 voies et 4 voies de la Bullet Valve\u00ae sont disponibles.<\/p>\n<p><img fetchpriority=\"high\" decoding=\"async\" class=\"alignnone size-full wp-image-1442\" src=\"https:\/\/www.credimex.ch\/wp-content\/uploads\/2022\/07\/Bullet_bank-1280x1168-1.jpeg\" alt=\"\" width=\"1280\" height=\"1168\" srcset=\"https:\/\/www.credimex.ch\/wp-content\/uploads\/2022\/07\/Bullet_bank-1280x1168-1.jpeg 1280w, https:\/\/www.credimex.ch\/wp-content\/uploads\/2022\/07\/Bullet_bank-1280x1168-1-300x274.jpeg 300w, https:\/\/www.credimex.ch\/wp-content\/uploads\/2022\/07\/Bullet_bank-1280x1168-1-1024x934.jpeg 1024w, https:\/\/www.credimex.ch\/wp-content\/uploads\/2022\/07\/Bullet_bank-1280x1168-1-768x701.jpeg 768w, https:\/\/www.credimex.ch\/wp-content\/uploads\/2022\/07\/Bullet_bank-1280x1168-1-600x548.jpeg 600w\" sizes=\"(max-width: 1280px) 100vw, 1280px\" \/><\/p>\n<h2>Avantages du produit<\/h2>\n<ul>\n<li>TRES PEU DE PI\u00c8CES<\/li>\n<li>SOL\u00c9NO\u00cfDE DE LEVAGE \u00c0 LONGUE DUR\u00c9E DE VIE<\/li>\n<li>UN CLAPET \/ ARMATURE INT\u00c9GR\u00c9<\/li>\n<li>UN DESIGN \u00c9QUILIBR\u00c9<\/li>\n<li>SOL\u00c9NO\u00cfDE ISOL\u00c9 DE L&rsquo;AIR CONTAMIN\u00c9<\/li>\n<li>OPTIONS DE MONTAGE UNIQUES<\/li>\n<\/ul>\n<p><img decoding=\"async\" class=\"alignnone size-full wp-image-1441\" src=\"https:\/\/www.credimex.ch\/wp-content\/uploads\/2022\/07\/BV_block-1280x1253-1.jpeg\" alt=\"\" width=\"1280\" height=\"1253\" srcset=\"https:\/\/www.credimex.ch\/wp-content\/uploads\/2022\/07\/BV_block-1280x1253-1.jpeg 1280w, https:\/\/www.credimex.ch\/wp-content\/uploads\/2022\/07\/BV_block-1280x1253-1-300x294.jpeg 300w, https:\/\/www.credimex.ch\/wp-content\/uploads\/2022\/07\/BV_block-1280x1253-1-1024x1002.jpeg 1024w, https:\/\/www.credimex.ch\/wp-content\/uploads\/2022\/07\/BV_block-1280x1253-1-768x752.jpeg 768w, https:\/\/www.credimex.ch\/wp-content\/uploads\/2022\/07\/BV_block-1280x1253-1-600x587.jpeg 600w\" sizes=\"(max-width: 1280px) 100vw, 1280px\" \/><\/p>\n<p>&nbsp;<\/p>\n","protected":false},"excerpt":{"rendered":"<p>La<strong> MAC Bullet Valve\u00ae<\/strong>\u00a0est id\u00e9ale pour les applications o\u00f9 un d\u00e9bit \u00e9lev\u00e9 et la r\u00e9p\u00e9tabilit\u00e9 dans un petit format sont cruciaux. Les caract\u00e9ristiques de cette s\u00e9rie de vannes sont les suivantes : temps de r\u00e9ponse rapide, haute r\u00e9p\u00e9tabilit\u00e9, conception compacte.<\/p>\n","protected":false},"featured_media":3392,"comment_status":"open","ping_status":"closed","template":"","meta":{"_acf_changed":false},"product_brand":[],"product_cat":[341,340,413,376,411,384,475,375,361,360,616,414,588,617,412],"product_tag":[],"class_list":{"0":"post-4074","1":"product","2":"type-product","3":"status-publish","4":"has-post-thumbnail","6":"product_cat-aerospatiale","7":"product_cat-automobile","8":"product_cat-batteries","9":"product_cat-e-mobilite","10":"product_cat-electronique","11":"product_cat-energie","12":"product_cat-fabrication-de-montres","13":"product_cat-ferroviaire","14":"product_cat-industrie-alimentaire","15":"product_cat-industrie-generale","16":"product_cat-macvalves","17":"product_cat-medical","18":"product_cat-pneumatique","19":"product_cat-technologie-des-vannes-mac-valves","20":"product_cat-telepheriques","21":"pa_brands-macvalves-fr","23":"first","24":"instock","25":"shipping-taxable","26":"product-type-simple"},"acf":[],"_yoast_wpseo_focuskw":"MAC Bullet Valve\u00ae Series","_yoast_wpseo_metadesc":"La configuration de l'\u00e9lectrovanne \"\u00e9l\u00e9vatrice\" de la s\u00e9rie Bullet Valve de MacValves est unique en ce qu'elle maintient une conception et une efficacit\u00e9 \u00e9quilibr\u00e9es.","yoast_head":"<!-- This site is optimized with the Yoast SEO Premium plugin v21.6 (Yoast SEO v27.4) - https:\/\/yoast.com\/product\/yoast-seo-premium-wordpress\/ -->\n<title>MAC Bullet Valve\u00ae Series - CREDIMEX<\/title>\n<meta name=\"description\" content=\"La configuration de l&#039;\u00e9lectrovanne &quot;\u00e9l\u00e9vatrice&quot; de la s\u00e9rie Bullet Valve de MacValves est unique en ce qu&#039;elle maintient une conception et une efficacit\u00e9 \u00e9quilibr\u00e9es.\" \/>\n<meta name=\"robots\" content=\"index, follow, max-snippet:-1, max-image-preview:large, max-video-preview:-1\" \/>\n<link rel=\"canonical\" href=\"https:\/\/www.credimex.ch\/fr\/produit\/macvalves-bullet-valve-series-2\/\" \/>\n<meta property=\"og:locale\" content=\"fr_FR\" \/>\n<meta property=\"og:type\" content=\"article\" \/>\n<meta property=\"og:title\" content=\"MAC Bullet Valve\u00ae Series\" \/>\n<meta property=\"og:description\" content=\"La configuration de l&#039;\u00e9lectrovanne &quot;\u00e9l\u00e9vatrice&quot; de la s\u00e9rie Bullet Valve de MacValves est unique en ce qu&#039;elle maintient une conception et une efficacit\u00e9 \u00e9quilibr\u00e9es.\" \/>\n<meta property=\"og:url\" content=\"https:\/\/www.credimex.ch\/fr\/produit\/macvalves-bullet-valve-series-2\/\" \/>\n<meta property=\"og:site_name\" content=\"CREDIMEX\" \/>\n<meta property=\"article:publisher\" content=\"https:\/\/www.facebook.com\/credimex.alpnach\/\" \/>\n<meta property=\"article:modified_time\" content=\"2023-03-28T15:03:33+00:00\" \/>\n<meta property=\"og:image\" content=\"https:\/\/www.credimex.ch\/wp-content\/uploads\/2022\/07\/bullet_old.jpeg\" \/>\n\t<meta property=\"og:image:width\" content=\"1200\" \/>\n\t<meta property=\"og:image:height\" content=\"800\" \/>\n\t<meta property=\"og:image:type\" content=\"image\/jpeg\" \/>\n<meta name=\"twitter:card\" content=\"summary_large_image\" \/>\n<meta name=\"twitter:label1\" content=\"Dur\u00e9e de lecture estim\u00e9e\" \/>\n\t<meta name=\"twitter:data1\" content=\"1 minute\" \/>\n<script type=\"application\/ld+json\" class=\"yoast-schema-graph\">{\"@context\":\"https:\\\/\\\/schema.org\",\"@graph\":[{\"@type\":\"WebPage\",\"@id\":\"https:\\\/\\\/www.credimex.ch\\\/fr\\\/produit\\\/macvalves-bullet-valve-series-2\\\/\",\"url\":\"https:\\\/\\\/www.credimex.ch\\\/fr\\\/produit\\\/macvalves-bullet-valve-series-2\\\/\",\"name\":\"MAC Bullet Valve\u00ae Series - CREDIMEX\",\"isPartOf\":{\"@id\":\"https:\\\/\\\/www.credimex.ch\\\/fr\\\/#website\"},\"primaryImageOfPage\":{\"@id\":\"https:\\\/\\\/www.credimex.ch\\\/fr\\\/produit\\\/macvalves-bullet-valve-series-2\\\/#primaryimage\"},\"image\":{\"@id\":\"https:\\\/\\\/www.credimex.ch\\\/fr\\\/produit\\\/macvalves-bullet-valve-series-2\\\/#primaryimage\"},\"thumbnailUrl\":\"https:\\\/\\\/www.credimex.ch\\\/wp-content\\\/uploads\\\/2022\\\/07\\\/bullet_old.jpeg\",\"datePublished\":\"2022-07-07T07:46:29+00:00\",\"dateModified\":\"2023-03-28T15:03:33+00:00\",\"description\":\"La configuration de l'\u00e9lectrovanne \\\"\u00e9l\u00e9vatrice\\\" de la s\u00e9rie Bullet Valve de MacValves est unique en ce qu'elle maintient une conception et une efficacit\u00e9 \u00e9quilibr\u00e9es.\",\"breadcrumb\":{\"@id\":\"https:\\\/\\\/www.credimex.ch\\\/fr\\\/produit\\\/macvalves-bullet-valve-series-2\\\/#breadcrumb\"},\"inLanguage\":\"fr-FR\",\"potentialAction\":[{\"@type\":\"ReadAction\",\"target\":[\"https:\\\/\\\/www.credimex.ch\\\/fr\\\/produit\\\/macvalves-bullet-valve-series-2\\\/\"]}]},{\"@type\":\"ImageObject\",\"inLanguage\":\"fr-FR\",\"@id\":\"https:\\\/\\\/www.credimex.ch\\\/fr\\\/produit\\\/macvalves-bullet-valve-series-2\\\/#primaryimage\",\"url\":\"https:\\\/\\\/www.credimex.ch\\\/wp-content\\\/uploads\\\/2022\\\/07\\\/bullet_old.jpeg\",\"contentUrl\":\"https:\\\/\\\/www.credimex.ch\\\/wp-content\\\/uploads\\\/2022\\\/07\\\/bullet_old.jpeg\",\"width\":1200,\"height\":800},{\"@type\":\"BreadcrumbList\",\"@id\":\"https:\\\/\\\/www.credimex.ch\\\/fr\\\/produit\\\/macvalves-bullet-valve-series-2\\\/#breadcrumb\",\"itemListElement\":[{\"@type\":\"ListItem\",\"position\":1,\"name\":\"Home\",\"item\":\"https:\\\/\\\/www.credimex.ch\\\/fr\\\/\"},{\"@type\":\"ListItem\",\"position\":2,\"name\":\"Produits\",\"item\":\"https:\\\/\\\/www.credimex.ch\\\/fr\\\/produits\\\/\"},{\"@type\":\"ListItem\",\"position\":3,\"name\":\"MAC Bullet Valve\u00ae Series\"}]},{\"@type\":\"WebSite\",\"@id\":\"https:\\\/\\\/www.credimex.ch\\\/fr\\\/#website\",\"url\":\"https:\\\/\\\/www.credimex.ch\\\/fr\\\/\",\"name\":\"CREDIMEX\",\"description\":\"Partner of Swiss Industrial Market\",\"publisher\":{\"@id\":\"https:\\\/\\\/www.credimex.ch\\\/fr\\\/#organization\"},\"potentialAction\":[{\"@type\":\"SearchAction\",\"target\":{\"@type\":\"EntryPoint\",\"urlTemplate\":\"https:\\\/\\\/www.credimex.ch\\\/fr\\\/?s={search_term_string}\"},\"query-input\":{\"@type\":\"PropertyValueSpecification\",\"valueRequired\":true,\"valueName\":\"search_term_string\"}}],\"inLanguage\":\"fr-FR\"},{\"@type\":\"Organization\",\"@id\":\"https:\\\/\\\/www.credimex.ch\\\/fr\\\/#organization\",\"name\":\"credimex\",\"url\":\"https:\\\/\\\/www.credimex.ch\\\/fr\\\/\",\"logo\":{\"@type\":\"ImageObject\",\"inLanguage\":\"fr-FR\",\"@id\":\"https:\\\/\\\/www.credimex.ch\\\/fr\\\/#\\\/schema\\\/logo\\\/image\\\/\",\"url\":\"https:\\\/\\\/www.credimex.ch\\\/wp-content\\\/uploads\\\/2022\\\/03\\\/cropped-logo-credimex.png\",\"contentUrl\":\"https:\\\/\\\/www.credimex.ch\\\/wp-content\\\/uploads\\\/2022\\\/03\\\/cropped-logo-credimex.png\",\"width\":512,\"height\":512,\"caption\":\"credimex\"},\"image\":{\"@id\":\"https:\\\/\\\/www.credimex.ch\\\/fr\\\/#\\\/schema\\\/logo\\\/image\\\/\"},\"sameAs\":[\"https:\\\/\\\/www.facebook.com\\\/credimex.alpnach\\\/\",\"https:\\\/\\\/www.linkedin.com\\\/company\\\/credimex\\\/\",\"https:\\\/\\\/www.youtube.com\\\/@CREDIMEX?sub_confirmation=1\"]}]}<\/script>\n<!-- \/ Yoast SEO Premium plugin. -->","yoast_head_json":{"title":"MAC Bullet Valve\u00ae Series - CREDIMEX","description":"La configuration de l'\u00e9lectrovanne \"\u00e9l\u00e9vatrice\" de la s\u00e9rie Bullet Valve de MacValves est unique en ce qu'elle maintient une conception et une efficacit\u00e9 \u00e9quilibr\u00e9es.","robots":{"index":"index","follow":"follow","max-snippet":"max-snippet:-1","max-image-preview":"max-image-preview:large","max-video-preview":"max-video-preview:-1"},"canonical":"https:\/\/www.credimex.ch\/fr\/produit\/macvalves-bullet-valve-series-2\/","og_locale":"fr_FR","og_type":"article","og_title":"MAC Bullet Valve\u00ae Series","og_description":"La configuration de l'\u00e9lectrovanne \"\u00e9l\u00e9vatrice\" de la s\u00e9rie Bullet Valve de MacValves est unique en ce qu'elle maintient une conception et une efficacit\u00e9 \u00e9quilibr\u00e9es.","og_url":"https:\/\/www.credimex.ch\/fr\/produit\/macvalves-bullet-valve-series-2\/","og_site_name":"CREDIMEX","article_publisher":"https:\/\/www.facebook.com\/credimex.alpnach\/","article_modified_time":"2023-03-28T15:03:33+00:00","og_image":[{"width":1200,"height":800,"url":"https:\/\/www.credimex.ch\/wp-content\/uploads\/2022\/07\/bullet_old.jpeg","type":"image\/jpeg"}],"twitter_card":"summary_large_image","twitter_misc":{"Dur\u00e9e de lecture estim\u00e9e":"1 minute"},"schema":{"@context":"https:\/\/schema.org","@graph":[{"@type":"WebPage","@id":"https:\/\/www.credimex.ch\/fr\/produit\/macvalves-bullet-valve-series-2\/","url":"https:\/\/www.credimex.ch\/fr\/produit\/macvalves-bullet-valve-series-2\/","name":"MAC Bullet Valve\u00ae Series - CREDIMEX","isPartOf":{"@id":"https:\/\/www.credimex.ch\/fr\/#website"},"primaryImageOfPage":{"@id":"https:\/\/www.credimex.ch\/fr\/produit\/macvalves-bullet-valve-series-2\/#primaryimage"},"image":{"@id":"https:\/\/www.credimex.ch\/fr\/produit\/macvalves-bullet-valve-series-2\/#primaryimage"},"thumbnailUrl":"https:\/\/www.credimex.ch\/wp-content\/uploads\/2022\/07\/bullet_old.jpeg","datePublished":"2022-07-07T07:46:29+00:00","dateModified":"2023-03-28T15:03:33+00:00","description":"La configuration de l'\u00e9lectrovanne \"\u00e9l\u00e9vatrice\" de la s\u00e9rie Bullet Valve de MacValves est unique en ce qu'elle maintient une conception et une efficacit\u00e9 \u00e9quilibr\u00e9es.","breadcrumb":{"@id":"https:\/\/www.credimex.ch\/fr\/produit\/macvalves-bullet-valve-series-2\/#breadcrumb"},"inLanguage":"fr-FR","potentialAction":[{"@type":"ReadAction","target":["https:\/\/www.credimex.ch\/fr\/produit\/macvalves-bullet-valve-series-2\/"]}]},{"@type":"ImageObject","inLanguage":"fr-FR","@id":"https:\/\/www.credimex.ch\/fr\/produit\/macvalves-bullet-valve-series-2\/#primaryimage","url":"https:\/\/www.credimex.ch\/wp-content\/uploads\/2022\/07\/bullet_old.jpeg","contentUrl":"https:\/\/www.credimex.ch\/wp-content\/uploads\/2022\/07\/bullet_old.jpeg","width":1200,"height":800},{"@type":"BreadcrumbList","@id":"https:\/\/www.credimex.ch\/fr\/produit\/macvalves-bullet-valve-series-2\/#breadcrumb","itemListElement":[{"@type":"ListItem","position":1,"name":"Home","item":"https:\/\/www.credimex.ch\/fr\/"},{"@type":"ListItem","position":2,"name":"Produits","item":"https:\/\/www.credimex.ch\/fr\/produits\/"},{"@type":"ListItem","position":3,"name":"MAC Bullet Valve\u00ae Series"}]},{"@type":"WebSite","@id":"https:\/\/www.credimex.ch\/fr\/#website","url":"https:\/\/www.credimex.ch\/fr\/","name":"CREDIMEX","description":"Partner of Swiss Industrial Market","publisher":{"@id":"https:\/\/www.credimex.ch\/fr\/#organization"},"potentialAction":[{"@type":"SearchAction","target":{"@type":"EntryPoint","urlTemplate":"https:\/\/www.credimex.ch\/fr\/?s={search_term_string}"},"query-input":{"@type":"PropertyValueSpecification","valueRequired":true,"valueName":"search_term_string"}}],"inLanguage":"fr-FR"},{"@type":"Organization","@id":"https:\/\/www.credimex.ch\/fr\/#organization","name":"credimex","url":"https:\/\/www.credimex.ch\/fr\/","logo":{"@type":"ImageObject","inLanguage":"fr-FR","@id":"https:\/\/www.credimex.ch\/fr\/#\/schema\/logo\/image\/","url":"https:\/\/www.credimex.ch\/wp-content\/uploads\/2022\/03\/cropped-logo-credimex.png","contentUrl":"https:\/\/www.credimex.ch\/wp-content\/uploads\/2022\/03\/cropped-logo-credimex.png","width":512,"height":512,"caption":"credimex"},"image":{"@id":"https:\/\/www.credimex.ch\/fr\/#\/schema\/logo\/image\/"},"sameAs":["https:\/\/www.facebook.com\/credimex.alpnach\/","https:\/\/www.linkedin.com\/company\/credimex\/","https:\/\/www.youtube.com\/@CREDIMEX?sub_confirmation=1"]}]}},"_links":{"self":[{"href":"https:\/\/www.credimex.ch\/fr\/wp-json\/wp\/v2\/product\/4074","targetHints":{"allow":["GET"]}}],"collection":[{"href":"https:\/\/www.credimex.ch\/fr\/wp-json\/wp\/v2\/product"}],"about":[{"href":"https:\/\/www.credimex.ch\/fr\/wp-json\/wp\/v2\/types\/product"}],"replies":[{"embeddable":true,"href":"https:\/\/www.credimex.ch\/fr\/wp-json\/wp\/v2\/comments?post=4074"}],"wp:featuredmedia":[{"embeddable":true,"href":"https:\/\/www.credimex.ch\/fr\/wp-json\/wp\/v2\/media\/3392"}],"wp:attachment":[{"href":"https:\/\/www.credimex.ch\/fr\/wp-json\/wp\/v2\/media?parent=4074"}],"wp:term":[{"taxonomy":"product_brand","embeddable":true,"href":"https:\/\/www.credimex.ch\/fr\/wp-json\/wp\/v2\/product_brand?post=4074"},{"taxonomy":"product_cat","embeddable":true,"href":"https:\/\/www.credimex.ch\/fr\/wp-json\/wp\/v2\/product_cat?post=4074"},{"taxonomy":"product_tag","embeddable":true,"href":"https:\/\/www.credimex.ch\/fr\/wp-json\/wp\/v2\/product_tag?post=4074"}],"curies":[{"name":"wp","href":"https:\/\/api.w.org\/{rel}","templated":true}]}}