{"id":4076,"date":"2022-07-07T09:30:11","date_gmt":"2022-07-07T07:30:11","guid":{"rendered":"https:\/\/www.credimex.ch.mialias.net\/product\/serie-de-vannes-a-impulsion-macvalves\/"},"modified":"2023-03-28T16:59:26","modified_gmt":"2023-03-28T14:59:26","slug":"macvalves-serie-de-valves-a-impulsion","status":"publish","type":"product","link":"https:\/\/www.credimex.ch\/fr\/produit\/macvalves-serie-de-valves-a-impulsion\/","title":{"rendered":"MAC Pulse Valve Series"},"content":{"rendered":"<h2>Description<\/h2>\n<p>La vanne \u00e0 impulsion brevet\u00e9e de MAC peut \u00eatre command\u00e9e dans l&rsquo;une des deux configurations de pilote : Le pilote \u00e0 sol\u00e9no\u00efde int\u00e9gr\u00e9 combine des impulsions rapides et r\u00e9p\u00e9tables avec l&rsquo;ajout d&rsquo;un op\u00e9rateur manuel, tandis que notre version \u00e0 purge \u00e0 distance am\u00e9liore les performances et la fiabilit\u00e9 dans les endroits dangereux. Le corps principal de la valve \u00e0 impulsion MAC utilise une technologie de bobine coll\u00e9e pour une fiabilit\u00e9 sup\u00e9rieure \u00e0 la technologie de diaphragme existante. Un accumulateur v\u00e9rifi\u00e9 et un tiroir principal avec ressort \u00e0 m\u00e9moire sont utilis\u00e9s pour assurer un retour \u00e0 la position de d\u00e9part, pour les moments o\u00f9 l&rsquo;alimentation en air peut ne pas \u00eatre suffisante. Une gamme de plaques d&rsquo;adaptation a \u00e9galement \u00e9t\u00e9 lanc\u00e9e pour remplacer les vannes \u00e0 impulsion \u00e0 diaphragme existantes par une installation directe, sans perturber la plomberie existante.<\/p>\n<p><img fetchpriority=\"high\" decoding=\"async\" class=\"alignnone size-full wp-image-1436\" src=\"https:\/\/www.credimex.ch\/wp-content\/uploads\/2022\/07\/PV06-with-400-Pilot-Cross-Section.jpeg\" alt=\"\" width=\"1280\" height=\"905\" srcset=\"https:\/\/www.credimex.ch\/wp-content\/uploads\/2022\/07\/PV06-with-400-Pilot-Cross-Section.jpeg 1280w, https:\/\/www.credimex.ch\/wp-content\/uploads\/2022\/07\/PV06-with-400-Pilot-Cross-Section-300x212.jpeg 300w, https:\/\/www.credimex.ch\/wp-content\/uploads\/2022\/07\/PV06-with-400-Pilot-Cross-Section-1024x724.jpeg 1024w, https:\/\/www.credimex.ch\/wp-content\/uploads\/2022\/07\/PV06-with-400-Pilot-Cross-Section-768x543.jpeg 768w, https:\/\/www.credimex.ch\/wp-content\/uploads\/2022\/07\/PV06-with-400-Pilot-Cross-Section-600x424.jpeg 600w\" sizes=\"(max-width: 1280px) 100vw, 1280px\" \/><\/p>\n<h2>Avantages du produit<\/h2>\n<p>La s\u00e9rie de vannes \u00e0 impulsion MAC Valves a \u00e9t\u00e9 d\u00e9velopp\u00e9e pour remplacer la technologie actuelle \u00e0 diaphragme et cr\u00e9er une solution de vanne plus robuste et plus fiable dans les applications industrielles. Les vannes \u00e0 impulsion MAC sont id\u00e9ales pour remplacer la technologie \u00e0 diaphragme existante dans des applications telles que les d\u00e9poussi\u00e9reurs et les filtres \u00e0 sacs \u00e0 jet invers\u00e9, le transport pneumatique et la manutention de mat\u00e9riaux en vrac.<\/p>\n<p><img decoding=\"async\" class=\"alignnone size-full wp-image-1435\" src=\"https:\/\/www.credimex.ch\/wp-content\/uploads\/2022\/07\/Pulse-Valve-01-1280x1394-1.png\" alt=\"\" width=\"1280\" height=\"1394\" srcset=\"https:\/\/www.credimex.ch\/wp-content\/uploads\/2022\/07\/Pulse-Valve-01-1280x1394-1.png 1280w, https:\/\/www.credimex.ch\/wp-content\/uploads\/2022\/07\/Pulse-Valve-01-1280x1394-1-275x300.png 275w, https:\/\/www.credimex.ch\/wp-content\/uploads\/2022\/07\/Pulse-Valve-01-1280x1394-1-940x1024.png 940w, https:\/\/www.credimex.ch\/wp-content\/uploads\/2022\/07\/Pulse-Valve-01-1280x1394-1-768x836.png 768w, https:\/\/www.credimex.ch\/wp-content\/uploads\/2022\/07\/Pulse-Valve-01-1280x1394-1-600x653.png 600w\" sizes=\"(max-width: 1280px) 100vw, 1280px\" \/><\/p>\n<h2>Application<\/h2>\n<p>Il est actuellement disponible en (3) tailles ; le PV03, pour les applications \u00be\u00a0\u00bb et 1&Prime; et le PV06, pour les applications 1 \u00bd\u00a0\u00bb, et le PV09 pour les applications 2\u2033 et 2 \u00bd\u00a0\u00bb.<\/p>\n","protected":false},"excerpt":{"rendered":"<p>La <strong>s\u00e9rie de vannes \u00e0 impulsion MAC<\/strong> a \u00e9t\u00e9 d\u00e9velopp\u00e9e pour remplacer la technologie actuelle \u00e0 diaphragme et cr\u00e9er une solution de vanne plus robuste et plus fiable dans les applications industrielles. Sp\u00e9cialement pour r\u00e9duire la consommation d&rsquo;air et donc les \u00e9missions de CO2.<\/p>\n","protected":false},"featured_media":3386,"comment_status":"open","ping_status":"closed","template":"","meta":{"_acf_changed":false},"product_brand":[],"product_cat":[341,340,413,376,411,384,475,375,361,360,616,414,588,617,412],"product_tag":[],"class_list":{"0":"post-4076","1":"product","2":"type-product","3":"status-publish","4":"has-post-thumbnail","6":"product_cat-aerospatiale","7":"product_cat-automobile","8":"product_cat-batteries","9":"product_cat-e-mobilite","10":"product_cat-electronique","11":"product_cat-energie","12":"product_cat-fabrication-de-montres","13":"product_cat-ferroviaire","14":"product_cat-industrie-alimentaire","15":"product_cat-industrie-generale","16":"product_cat-macvalves","17":"product_cat-medical","18":"product_cat-pneumatique","19":"product_cat-technologie-des-vannes-mac-valves","20":"product_cat-telepheriques","21":"pa_brands-macvalves-fr","23":"first","24":"instock","25":"shipping-taxable","26":"product-type-simple"},"acf":[],"_yoast_wpseo_focuskw":"MAC Pulse Valve Series","_yoast_wpseo_metadesc":"La s\u00e9rie de vannes \u00e0 impulsion MacValves remplace la technologie actuelle \u00e0 diaphragme et cr\u00e9e une solution de vanne plus robuste et plus fiable.","yoast_head":"<!-- This site is optimized with the Yoast SEO Premium plugin v21.6 (Yoast SEO v27.4) - https:\/\/yoast.com\/product\/yoast-seo-premium-wordpress\/ -->\n<title>MAC Pulse Valve Series - CREDIMEX<\/title>\n<meta name=\"description\" content=\"La s\u00e9rie de vannes \u00e0 impulsion MacValves remplace la technologie actuelle \u00e0 diaphragme et cr\u00e9e une solution de vanne plus robuste et plus fiable.\" \/>\n<meta name=\"robots\" content=\"index, follow, max-snippet:-1, max-image-preview:large, max-video-preview:-1\" \/>\n<link rel=\"canonical\" href=\"https:\/\/www.credimex.ch\/fr\/produit\/macvalves-serie-de-valves-a-impulsion\/\" \/>\n<meta property=\"og:locale\" content=\"fr_FR\" \/>\n<meta property=\"og:type\" content=\"article\" \/>\n<meta property=\"og:title\" content=\"MAC Pulse Valve Series\" \/>\n<meta property=\"og:description\" content=\"La s\u00e9rie de vannes \u00e0 impulsion MacValves remplace la technologie actuelle \u00e0 diaphragme et cr\u00e9e une solution de vanne plus robuste et plus fiable.\" \/>\n<meta property=\"og:url\" content=\"https:\/\/www.credimex.ch\/fr\/produit\/macvalves-serie-de-valves-a-impulsion\/\" \/>\n<meta property=\"og:site_name\" content=\"CREDIMEX\" \/>\n<meta property=\"article:publisher\" content=\"https:\/\/www.facebook.com\/credimex.alpnach\/\" \/>\n<meta property=\"article:modified_time\" content=\"2023-03-28T14:59:26+00:00\" \/>\n<meta property=\"og:image\" content=\"https:\/\/www.credimex.ch\/wp-content\/uploads\/2022\/07\/pv06B-1280x1143-1.jpeg\" \/>\n\t<meta property=\"og:image:width\" content=\"1280\" \/>\n\t<meta property=\"og:image:height\" content=\"1143\" \/>\n\t<meta property=\"og:image:type\" content=\"image\/jpeg\" \/>\n<meta name=\"twitter:card\" content=\"summary_large_image\" \/>\n<meta name=\"twitter:label1\" content=\"Dur\u00e9e de lecture estim\u00e9e\" \/>\n\t<meta name=\"twitter:data1\" content=\"2 minutes\" \/>\n<script type=\"application\/ld+json\" class=\"yoast-schema-graph\">{\"@context\":\"https:\\\/\\\/schema.org\",\"@graph\":[{\"@type\":\"WebPage\",\"@id\":\"https:\\\/\\\/www.credimex.ch\\\/fr\\\/produit\\\/macvalves-serie-de-valves-a-impulsion\\\/\",\"url\":\"https:\\\/\\\/www.credimex.ch\\\/fr\\\/produit\\\/macvalves-serie-de-valves-a-impulsion\\\/\",\"name\":\"MAC Pulse Valve Series - CREDIMEX\",\"isPartOf\":{\"@id\":\"https:\\\/\\\/www.credimex.ch\\\/fr\\\/#website\"},\"primaryImageOfPage\":{\"@id\":\"https:\\\/\\\/www.credimex.ch\\\/fr\\\/produit\\\/macvalves-serie-de-valves-a-impulsion\\\/#primaryimage\"},\"image\":{\"@id\":\"https:\\\/\\\/www.credimex.ch\\\/fr\\\/produit\\\/macvalves-serie-de-valves-a-impulsion\\\/#primaryimage\"},\"thumbnailUrl\":\"https:\\\/\\\/www.credimex.ch\\\/wp-content\\\/uploads\\\/2022\\\/07\\\/pv06B-1280x1143-1.jpeg\",\"datePublished\":\"2022-07-07T07:30:11+00:00\",\"dateModified\":\"2023-03-28T14:59:26+00:00\",\"description\":\"La s\u00e9rie de vannes \u00e0 impulsion MacValves remplace la technologie actuelle \u00e0 diaphragme et cr\u00e9e une solution de vanne plus robuste et plus fiable.\",\"breadcrumb\":{\"@id\":\"https:\\\/\\\/www.credimex.ch\\\/fr\\\/produit\\\/macvalves-serie-de-valves-a-impulsion\\\/#breadcrumb\"},\"inLanguage\":\"fr-FR\",\"potentialAction\":[{\"@type\":\"ReadAction\",\"target\":[\"https:\\\/\\\/www.credimex.ch\\\/fr\\\/produit\\\/macvalves-serie-de-valves-a-impulsion\\\/\"]}]},{\"@type\":\"ImageObject\",\"inLanguage\":\"fr-FR\",\"@id\":\"https:\\\/\\\/www.credimex.ch\\\/fr\\\/produit\\\/macvalves-serie-de-valves-a-impulsion\\\/#primaryimage\",\"url\":\"https:\\\/\\\/www.credimex.ch\\\/wp-content\\\/uploads\\\/2022\\\/07\\\/pv06B-1280x1143-1.jpeg\",\"contentUrl\":\"https:\\\/\\\/www.credimex.ch\\\/wp-content\\\/uploads\\\/2022\\\/07\\\/pv06B-1280x1143-1.jpeg\",\"width\":1280,\"height\":1143},{\"@type\":\"BreadcrumbList\",\"@id\":\"https:\\\/\\\/www.credimex.ch\\\/fr\\\/produit\\\/macvalves-serie-de-valves-a-impulsion\\\/#breadcrumb\",\"itemListElement\":[{\"@type\":\"ListItem\",\"position\":1,\"name\":\"Home\",\"item\":\"https:\\\/\\\/www.credimex.ch\\\/fr\\\/\"},{\"@type\":\"ListItem\",\"position\":2,\"name\":\"Produits\",\"item\":\"https:\\\/\\\/www.credimex.ch\\\/fr\\\/produits\\\/\"},{\"@type\":\"ListItem\",\"position\":3,\"name\":\"MAC Pulse Valve Series\"}]},{\"@type\":\"WebSite\",\"@id\":\"https:\\\/\\\/www.credimex.ch\\\/fr\\\/#website\",\"url\":\"https:\\\/\\\/www.credimex.ch\\\/fr\\\/\",\"name\":\"CREDIMEX\",\"description\":\"Partner of Swiss Industrial Market\",\"publisher\":{\"@id\":\"https:\\\/\\\/www.credimex.ch\\\/fr\\\/#organization\"},\"potentialAction\":[{\"@type\":\"SearchAction\",\"target\":{\"@type\":\"EntryPoint\",\"urlTemplate\":\"https:\\\/\\\/www.credimex.ch\\\/fr\\\/?s={search_term_string}\"},\"query-input\":{\"@type\":\"PropertyValueSpecification\",\"valueRequired\":true,\"valueName\":\"search_term_string\"}}],\"inLanguage\":\"fr-FR\"},{\"@type\":\"Organization\",\"@id\":\"https:\\\/\\\/www.credimex.ch\\\/fr\\\/#organization\",\"name\":\"credimex\",\"url\":\"https:\\\/\\\/www.credimex.ch\\\/fr\\\/\",\"logo\":{\"@type\":\"ImageObject\",\"inLanguage\":\"fr-FR\",\"@id\":\"https:\\\/\\\/www.credimex.ch\\\/fr\\\/#\\\/schema\\\/logo\\\/image\\\/\",\"url\":\"https:\\\/\\\/www.credimex.ch\\\/wp-content\\\/uploads\\\/2022\\\/03\\\/cropped-logo-credimex.png\",\"contentUrl\":\"https:\\\/\\\/www.credimex.ch\\\/wp-content\\\/uploads\\\/2022\\\/03\\\/cropped-logo-credimex.png\",\"width\":512,\"height\":512,\"caption\":\"credimex\"},\"image\":{\"@id\":\"https:\\\/\\\/www.credimex.ch\\\/fr\\\/#\\\/schema\\\/logo\\\/image\\\/\"},\"sameAs\":[\"https:\\\/\\\/www.facebook.com\\\/credimex.alpnach\\\/\",\"https:\\\/\\\/www.linkedin.com\\\/company\\\/credimex\\\/\",\"https:\\\/\\\/www.youtube.com\\\/@CREDIMEX?sub_confirmation=1\"]}]}<\/script>\n<!-- \/ Yoast SEO Premium plugin. -->","yoast_head_json":{"title":"MAC Pulse Valve Series - CREDIMEX","description":"La s\u00e9rie de vannes \u00e0 impulsion MacValves remplace la technologie actuelle \u00e0 diaphragme et cr\u00e9e une solution de vanne plus robuste et plus fiable.","robots":{"index":"index","follow":"follow","max-snippet":"max-snippet:-1","max-image-preview":"max-image-preview:large","max-video-preview":"max-video-preview:-1"},"canonical":"https:\/\/www.credimex.ch\/fr\/produit\/macvalves-serie-de-valves-a-impulsion\/","og_locale":"fr_FR","og_type":"article","og_title":"MAC Pulse Valve Series","og_description":"La s\u00e9rie de vannes \u00e0 impulsion MacValves remplace la technologie actuelle \u00e0 diaphragme et cr\u00e9e une solution de vanne plus robuste et plus fiable.","og_url":"https:\/\/www.credimex.ch\/fr\/produit\/macvalves-serie-de-valves-a-impulsion\/","og_site_name":"CREDIMEX","article_publisher":"https:\/\/www.facebook.com\/credimex.alpnach\/","article_modified_time":"2023-03-28T14:59:26+00:00","og_image":[{"width":1280,"height":1143,"url":"https:\/\/www.credimex.ch\/wp-content\/uploads\/2022\/07\/pv06B-1280x1143-1.jpeg","type":"image\/jpeg"}],"twitter_card":"summary_large_image","twitter_misc":{"Dur\u00e9e de lecture estim\u00e9e":"2 minutes"},"schema":{"@context":"https:\/\/schema.org","@graph":[{"@type":"WebPage","@id":"https:\/\/www.credimex.ch\/fr\/produit\/macvalves-serie-de-valves-a-impulsion\/","url":"https:\/\/www.credimex.ch\/fr\/produit\/macvalves-serie-de-valves-a-impulsion\/","name":"MAC Pulse Valve Series - CREDIMEX","isPartOf":{"@id":"https:\/\/www.credimex.ch\/fr\/#website"},"primaryImageOfPage":{"@id":"https:\/\/www.credimex.ch\/fr\/produit\/macvalves-serie-de-valves-a-impulsion\/#primaryimage"},"image":{"@id":"https:\/\/www.credimex.ch\/fr\/produit\/macvalves-serie-de-valves-a-impulsion\/#primaryimage"},"thumbnailUrl":"https:\/\/www.credimex.ch\/wp-content\/uploads\/2022\/07\/pv06B-1280x1143-1.jpeg","datePublished":"2022-07-07T07:30:11+00:00","dateModified":"2023-03-28T14:59:26+00:00","description":"La s\u00e9rie de vannes \u00e0 impulsion MacValves remplace la technologie actuelle \u00e0 diaphragme et cr\u00e9e une solution de vanne plus robuste et plus fiable.","breadcrumb":{"@id":"https:\/\/www.credimex.ch\/fr\/produit\/macvalves-serie-de-valves-a-impulsion\/#breadcrumb"},"inLanguage":"fr-FR","potentialAction":[{"@type":"ReadAction","target":["https:\/\/www.credimex.ch\/fr\/produit\/macvalves-serie-de-valves-a-impulsion\/"]}]},{"@type":"ImageObject","inLanguage":"fr-FR","@id":"https:\/\/www.credimex.ch\/fr\/produit\/macvalves-serie-de-valves-a-impulsion\/#primaryimage","url":"https:\/\/www.credimex.ch\/wp-content\/uploads\/2022\/07\/pv06B-1280x1143-1.jpeg","contentUrl":"https:\/\/www.credimex.ch\/wp-content\/uploads\/2022\/07\/pv06B-1280x1143-1.jpeg","width":1280,"height":1143},{"@type":"BreadcrumbList","@id":"https:\/\/www.credimex.ch\/fr\/produit\/macvalves-serie-de-valves-a-impulsion\/#breadcrumb","itemListElement":[{"@type":"ListItem","position":1,"name":"Home","item":"https:\/\/www.credimex.ch\/fr\/"},{"@type":"ListItem","position":2,"name":"Produits","item":"https:\/\/www.credimex.ch\/fr\/produits\/"},{"@type":"ListItem","position":3,"name":"MAC Pulse Valve Series"}]},{"@type":"WebSite","@id":"https:\/\/www.credimex.ch\/fr\/#website","url":"https:\/\/www.credimex.ch\/fr\/","name":"CREDIMEX","description":"Partner of Swiss Industrial Market","publisher":{"@id":"https:\/\/www.credimex.ch\/fr\/#organization"},"potentialAction":[{"@type":"SearchAction","target":{"@type":"EntryPoint","urlTemplate":"https:\/\/www.credimex.ch\/fr\/?s={search_term_string}"},"query-input":{"@type":"PropertyValueSpecification","valueRequired":true,"valueName":"search_term_string"}}],"inLanguage":"fr-FR"},{"@type":"Organization","@id":"https:\/\/www.credimex.ch\/fr\/#organization","name":"credimex","url":"https:\/\/www.credimex.ch\/fr\/","logo":{"@type":"ImageObject","inLanguage":"fr-FR","@id":"https:\/\/www.credimex.ch\/fr\/#\/schema\/logo\/image\/","url":"https:\/\/www.credimex.ch\/wp-content\/uploads\/2022\/03\/cropped-logo-credimex.png","contentUrl":"https:\/\/www.credimex.ch\/wp-content\/uploads\/2022\/03\/cropped-logo-credimex.png","width":512,"height":512,"caption":"credimex"},"image":{"@id":"https:\/\/www.credimex.ch\/fr\/#\/schema\/logo\/image\/"},"sameAs":["https:\/\/www.facebook.com\/credimex.alpnach\/","https:\/\/www.linkedin.com\/company\/credimex\/","https:\/\/www.youtube.com\/@CREDIMEX?sub_confirmation=1"]}]}},"_links":{"self":[{"href":"https:\/\/www.credimex.ch\/fr\/wp-json\/wp\/v2\/product\/4076","targetHints":{"allow":["GET"]}}],"collection":[{"href":"https:\/\/www.credimex.ch\/fr\/wp-json\/wp\/v2\/product"}],"about":[{"href":"https:\/\/www.credimex.ch\/fr\/wp-json\/wp\/v2\/types\/product"}],"replies":[{"embeddable":true,"href":"https:\/\/www.credimex.ch\/fr\/wp-json\/wp\/v2\/comments?post=4076"}],"wp:featuredmedia":[{"embeddable":true,"href":"https:\/\/www.credimex.ch\/fr\/wp-json\/wp\/v2\/media\/3386"}],"wp:attachment":[{"href":"https:\/\/www.credimex.ch\/fr\/wp-json\/wp\/v2\/media?parent=4076"}],"wp:term":[{"taxonomy":"product_brand","embeddable":true,"href":"https:\/\/www.credimex.ch\/fr\/wp-json\/wp\/v2\/product_brand?post=4076"},{"taxonomy":"product_cat","embeddable":true,"href":"https:\/\/www.credimex.ch\/fr\/wp-json\/wp\/v2\/product_cat?post=4076"},{"taxonomy":"product_tag","embeddable":true,"href":"https:\/\/www.credimex.ch\/fr\/wp-json\/wp\/v2\/product_tag?post=4076"}],"curies":[{"name":"wp","href":"https:\/\/api.w.org\/{rel}","templated":true}]}}