{"id":4078,"date":"2022-07-07T09:16:39","date_gmt":"2022-07-07T07:16:39","guid":{"rendered":"https:\/\/www.credimex.ch.mialias.net\/product\/trisolateur-disolation-rubloc\/"},"modified":"2022-07-07T09:16:39","modified_gmt":"2022-07-07T07:16:39","slug":"rubloc-isolateur-trisolateur","status":"publish","type":"product","link":"https:\/\/www.credimex.ch\/fr\/produit\/rubloc-isolateur-trisolateur\/","title":{"rendered":"Trisolateur d&rsquo;isolation Rubloc"},"content":{"rendered":"<h2>Description<\/h2>\n<p>Le RUBLOC Trisolator est un syst\u00e8me \u00e0 double tampon avec un tapis amortisseur interne. Les feuilles ext\u00e9rieures sont dures et l&rsquo;int\u00e9rieur est un matelas d&rsquo;\u00e9lastom\u00e8re souple qui pr\u00e9sente des profils d&rsquo;amortissement sph\u00e9riques qui augmentent la capacit\u00e9 d&rsquo;isolation des vibrations. La hauteur totale du Trisolator est de 28 mm. Il existe un type dur, souple et ultra souple.<\/p>\n<h2>Avantages du produit<\/h2>\n<p>Les panneaux RUBLOC Trisolator sont simplement d\u00e9coup\u00e9s \u00e0 la taille voulue et plac\u00e9s sous le pied de la machine. Leur fonction est d&rsquo;isoler les vibrations et d&rsquo;\u00e9viter la transmission d&rsquo;\u00e9nergie nuisible (= isolation active). Cela permet \u00e9galement de prot\u00e9ger les instruments sensibles des vibrations ambiantes (= isolation passive).<\/p>\n<p>Le syst\u00e8me RUBLOC Trisolator \u00e0 trois couches se compose d&rsquo;une plaque sup\u00e9rieure et d&rsquo;une plaque inf\u00e9rieure, qui sont pourvues de picots coniques de diff\u00e9rentes hauteurs. L&rsquo;isolation est compl\u00e9t\u00e9e au centre par un panneau interne en \u00e9lastom\u00e8re muni de reliefs de rembourrage sph\u00e9riques.<\/p>\n<p>Les profils sph\u00e9riques du panneau int\u00e9rieur sont encastr\u00e9s dans des d\u00e9pressions elliptiques qui garantissent la stabilit\u00e9 des couches superpos\u00e9es. Les fonctions des profil\u00e9s ext\u00e9rieurs et des sph\u00e8res isolantes int\u00e9rieures se compl\u00e8tent, de sorte que l&rsquo;on obtient une capacit\u00e9 \u00e9lev\u00e9e d&rsquo;isolation des vibrations et une forte r\u00e9duction de la transmission des bruits de structure.<\/p>\n<p>Le trisolateur RUBLOC est facile \u00e0 couper \u00e0 la forme souhait\u00e9e. Un couteau peut \u00eatre utilis\u00e9 pour fa\u00e7onner les pi\u00e8ces les plus tendres, mais pour les plus dures, il faut utiliser une scie \u00e9lectrique.<\/p>\n<h2>Application<\/h2>\n<ul>\n<li>Trisolateur de type ultra souple pour isolation passive : Applications identiques \u00e0 celles du type souple mais pour des \u00e9quipements l\u00e9gers pour lesquels le niveau de stabilit\u00e9 horizontale est moins important. Isolation passive des instruments de laboratoire, des dispositifs optiques et \u00e9lectriques, des ordinateurs l\u00e9gers, des enregistreurs, etc.<\/li>\n<li>Trisolateur de type souple pour isolation passive : Protection contre les vibrations environnementales des \u00e9quipements de laboratoire, des machines de pesage, des \u00e9quipements de mesure de l&rsquo;horlogerie et de l&rsquo;industrie optique, des cabines \u00e9lectroniques, des instruments des studios d&rsquo;enregistrement, des petits ordinateurs, etc. Pour l&rsquo;isolation active : Isolation d&rsquo;imprimantes, de haut-parleurs, de machines \u00e0 broyer le papier de bureau, de moteurs et de pompes l\u00e9gers (\u00e9quipements de climatisation), de transformateurs \u00e9lectriques, etc.<\/li>\n<li>Trisolateur de type dur pour l&rsquo;isolation active : Isolation de tours, compresseurs, pompes, moteurs, turbines, \u00e9lectro-transformateurs, \u00e9quipements de climatisation, moteurs d&rsquo;ascenseurs, rectifieuses, machines \u00e0 aff\u00fbter, machines \u00e0 percer, riveter, d\u00e9couper, scies sauteuses, ventialtors, machines \u00e0 souffler, centrales \u00e9lectriques, machines \u00e0 bois, machines \u00e0 raboter, unit\u00e9s d&rsquo;impression, \u00e9quipements frigorifiques, calandres, machines \u00e0 injecter, bobineuses textiles, ordinateurs lourds, etc.<\/li>\n<\/ul>\n<p>&nbsp;<\/p>\n","protected":false},"excerpt":{"rendered":"<p>Le <strong>trisulator Rubloc<\/strong> a des feuilles externes dures et un matelas interne souple en \u00e9lastom\u00e8re, ce qui augmente la capacit\u00e9 d&rsquo;isolation des vibrations.<\/p>\n","protected":false},"featured_media":3374,"comment_status":"open","ping_status":"closed","template":"","meta":{"_acf_changed":false},"product_brand":[],"product_cat":[341,340,413,376,411,384,475,375,361,360,624,625,414,623,412],"product_tag":[],"class_list":{"0":"post-4078","1":"product","2":"type-product","3":"status-publish","4":"has-post-thumbnail","6":"product_cat-aerospatiale","7":"product_cat-automobile","8":"product_cat-batteries","9":"product_cat-e-mobilite","10":"product_cat-electronique","11":"product_cat-energie","12":"product_cat-fabrication-de-montres","13":"product_cat-ferroviaire","14":"product_cat-industrie-alimentaire","15":"product_cat-industrie-generale","16":"product_cat-isolation-contre-les-vibrations","17":"product_cat-isolation-rubloc","18":"product_cat-medical","19":"product_cat-rubloc","20":"product_cat-telepheriques","21":"pa_brands-rubloc-fr","23":"first","24":"instock","25":"shipping-taxable","26":"product-type-simple"},"acf":[],"_yoast_wpseo_focuskw":"Trisolateur d'isolation Rubloc","_yoast_wpseo_metadesc":"Le trisulator Rubloc a des feuilles externes dures et un matelas interne souple en \u00e9lastom\u00e8re, ce qui augmente la capacit\u00e9 d'isolation des vibrations.","yoast_head":"<!-- This site is optimized with the Yoast SEO Premium plugin v21.6 (Yoast SEO v27.4) - https:\/\/yoast.com\/product\/yoast-seo-premium-wordpress\/ -->\n<title>Trisolateur d&#039;isolation Rubloc - CREDIMEX<\/title>\n<meta name=\"description\" content=\"Le trisulator Rubloc a des feuilles externes dures et un matelas interne souple en \u00e9lastom\u00e8re, ce qui augmente la capacit\u00e9 d&#039;isolation des vibrations.\" \/>\n<meta name=\"robots\" content=\"index, follow, max-snippet:-1, max-image-preview:large, max-video-preview:-1\" \/>\n<link rel=\"canonical\" href=\"https:\/\/www.credimex.ch\/fr\/produit\/rubloc-isolateur-trisolateur\/\" \/>\n<meta property=\"og:locale\" content=\"fr_FR\" \/>\n<meta property=\"og:type\" content=\"article\" \/>\n<meta property=\"og:title\" content=\"Trisolateur d&#039;isolation Rubloc\" \/>\n<meta property=\"og:description\" content=\"Le trisulator Rubloc a des feuilles externes dures et un matelas interne souple en \u00e9lastom\u00e8re, ce qui augmente la capacit\u00e9 d&#039;isolation des vibrations.\" \/>\n<meta property=\"og:url\" content=\"https:\/\/www.credimex.ch\/fr\/produit\/rubloc-isolateur-trisolateur\/\" \/>\n<meta property=\"og:site_name\" content=\"CREDIMEX\" \/>\n<meta property=\"article:publisher\" content=\"https:\/\/www.facebook.com\/credimex.alpnach\/\" \/>\n<meta property=\"og:image\" content=\"https:\/\/www.credimex.ch\/wp-content\/uploads\/2022\/07\/25.png\" \/>\n\t<meta property=\"og:image:width\" content=\"800\" \/>\n\t<meta property=\"og:image:height\" content=\"800\" \/>\n\t<meta property=\"og:image:type\" content=\"image\/png\" \/>\n<meta name=\"twitter:card\" content=\"summary_large_image\" \/>\n<meta name=\"twitter:label1\" content=\"Dur\u00e9e de lecture estim\u00e9e\" \/>\n\t<meta name=\"twitter:data1\" content=\"2 minutes\" \/>\n<script type=\"application\/ld+json\" class=\"yoast-schema-graph\">{\"@context\":\"https:\\\/\\\/schema.org\",\"@graph\":[{\"@type\":\"WebPage\",\"@id\":\"https:\\\/\\\/www.credimex.ch\\\/fr\\\/produit\\\/rubloc-isolateur-trisolateur\\\/\",\"url\":\"https:\\\/\\\/www.credimex.ch\\\/fr\\\/produit\\\/rubloc-isolateur-trisolateur\\\/\",\"name\":\"Trisolateur d'isolation Rubloc - CREDIMEX\",\"isPartOf\":{\"@id\":\"https:\\\/\\\/www.credimex.ch\\\/fr\\\/#website\"},\"primaryImageOfPage\":{\"@id\":\"https:\\\/\\\/www.credimex.ch\\\/fr\\\/produit\\\/rubloc-isolateur-trisolateur\\\/#primaryimage\"},\"image\":{\"@id\":\"https:\\\/\\\/www.credimex.ch\\\/fr\\\/produit\\\/rubloc-isolateur-trisolateur\\\/#primaryimage\"},\"thumbnailUrl\":\"https:\\\/\\\/www.credimex.ch\\\/wp-content\\\/uploads\\\/2022\\\/07\\\/25.png\",\"datePublished\":\"2022-07-07T07:16:39+00:00\",\"description\":\"Le trisulator Rubloc a des feuilles externes dures et un matelas interne souple en \u00e9lastom\u00e8re, ce qui augmente la capacit\u00e9 d'isolation des vibrations.\",\"breadcrumb\":{\"@id\":\"https:\\\/\\\/www.credimex.ch\\\/fr\\\/produit\\\/rubloc-isolateur-trisolateur\\\/#breadcrumb\"},\"inLanguage\":\"fr-FR\",\"potentialAction\":[{\"@type\":\"ReadAction\",\"target\":[\"https:\\\/\\\/www.credimex.ch\\\/fr\\\/produit\\\/rubloc-isolateur-trisolateur\\\/\"]}]},{\"@type\":\"ImageObject\",\"inLanguage\":\"fr-FR\",\"@id\":\"https:\\\/\\\/www.credimex.ch\\\/fr\\\/produit\\\/rubloc-isolateur-trisolateur\\\/#primaryimage\",\"url\":\"https:\\\/\\\/www.credimex.ch\\\/wp-content\\\/uploads\\\/2022\\\/07\\\/25.png\",\"contentUrl\":\"https:\\\/\\\/www.credimex.ch\\\/wp-content\\\/uploads\\\/2022\\\/07\\\/25.png\",\"width\":800,\"height\":800},{\"@type\":\"BreadcrumbList\",\"@id\":\"https:\\\/\\\/www.credimex.ch\\\/fr\\\/produit\\\/rubloc-isolateur-trisolateur\\\/#breadcrumb\",\"itemListElement\":[{\"@type\":\"ListItem\",\"position\":1,\"name\":\"Home\",\"item\":\"https:\\\/\\\/www.credimex.ch\\\/fr\\\/\"},{\"@type\":\"ListItem\",\"position\":2,\"name\":\"Produits\",\"item\":\"https:\\\/\\\/www.credimex.ch\\\/fr\\\/produits\\\/\"},{\"@type\":\"ListItem\",\"position\":3,\"name\":\"Trisolateur d&rsquo;isolation Rubloc\"}]},{\"@type\":\"WebSite\",\"@id\":\"https:\\\/\\\/www.credimex.ch\\\/fr\\\/#website\",\"url\":\"https:\\\/\\\/www.credimex.ch\\\/fr\\\/\",\"name\":\"CREDIMEX\",\"description\":\"Partner of Swiss Industrial Market\",\"publisher\":{\"@id\":\"https:\\\/\\\/www.credimex.ch\\\/fr\\\/#organization\"},\"potentialAction\":[{\"@type\":\"SearchAction\",\"target\":{\"@type\":\"EntryPoint\",\"urlTemplate\":\"https:\\\/\\\/www.credimex.ch\\\/fr\\\/?s={search_term_string}\"},\"query-input\":{\"@type\":\"PropertyValueSpecification\",\"valueRequired\":true,\"valueName\":\"search_term_string\"}}],\"inLanguage\":\"fr-FR\"},{\"@type\":\"Organization\",\"@id\":\"https:\\\/\\\/www.credimex.ch\\\/fr\\\/#organization\",\"name\":\"credimex\",\"url\":\"https:\\\/\\\/www.credimex.ch\\\/fr\\\/\",\"logo\":{\"@type\":\"ImageObject\",\"inLanguage\":\"fr-FR\",\"@id\":\"https:\\\/\\\/www.credimex.ch\\\/fr\\\/#\\\/schema\\\/logo\\\/image\\\/\",\"url\":\"https:\\\/\\\/www.credimex.ch\\\/wp-content\\\/uploads\\\/2022\\\/03\\\/cropped-logo-credimex.png\",\"contentUrl\":\"https:\\\/\\\/www.credimex.ch\\\/wp-content\\\/uploads\\\/2022\\\/03\\\/cropped-logo-credimex.png\",\"width\":512,\"height\":512,\"caption\":\"credimex\"},\"image\":{\"@id\":\"https:\\\/\\\/www.credimex.ch\\\/fr\\\/#\\\/schema\\\/logo\\\/image\\\/\"},\"sameAs\":[\"https:\\\/\\\/www.facebook.com\\\/credimex.alpnach\\\/\",\"https:\\\/\\\/www.linkedin.com\\\/company\\\/credimex\\\/\",\"https:\\\/\\\/www.youtube.com\\\/@CREDIMEX?sub_confirmation=1\"]}]}<\/script>\n<!-- \/ Yoast SEO Premium plugin. -->","yoast_head_json":{"title":"Trisolateur d'isolation Rubloc - CREDIMEX","description":"Le trisulator Rubloc a des feuilles externes dures et un matelas interne souple en \u00e9lastom\u00e8re, ce qui augmente la capacit\u00e9 d'isolation des vibrations.","robots":{"index":"index","follow":"follow","max-snippet":"max-snippet:-1","max-image-preview":"max-image-preview:large","max-video-preview":"max-video-preview:-1"},"canonical":"https:\/\/www.credimex.ch\/fr\/produit\/rubloc-isolateur-trisolateur\/","og_locale":"fr_FR","og_type":"article","og_title":"Trisolateur d'isolation Rubloc","og_description":"Le trisulator Rubloc a des feuilles externes dures et un matelas interne souple en \u00e9lastom\u00e8re, ce qui augmente la capacit\u00e9 d'isolation des vibrations.","og_url":"https:\/\/www.credimex.ch\/fr\/produit\/rubloc-isolateur-trisolateur\/","og_site_name":"CREDIMEX","article_publisher":"https:\/\/www.facebook.com\/credimex.alpnach\/","og_image":[{"width":800,"height":800,"url":"https:\/\/www.credimex.ch\/wp-content\/uploads\/2022\/07\/25.png","type":"image\/png"}],"twitter_card":"summary_large_image","twitter_misc":{"Dur\u00e9e de lecture estim\u00e9e":"2 minutes"},"schema":{"@context":"https:\/\/schema.org","@graph":[{"@type":"WebPage","@id":"https:\/\/www.credimex.ch\/fr\/produit\/rubloc-isolateur-trisolateur\/","url":"https:\/\/www.credimex.ch\/fr\/produit\/rubloc-isolateur-trisolateur\/","name":"Trisolateur d'isolation Rubloc - CREDIMEX","isPartOf":{"@id":"https:\/\/www.credimex.ch\/fr\/#website"},"primaryImageOfPage":{"@id":"https:\/\/www.credimex.ch\/fr\/produit\/rubloc-isolateur-trisolateur\/#primaryimage"},"image":{"@id":"https:\/\/www.credimex.ch\/fr\/produit\/rubloc-isolateur-trisolateur\/#primaryimage"},"thumbnailUrl":"https:\/\/www.credimex.ch\/wp-content\/uploads\/2022\/07\/25.png","datePublished":"2022-07-07T07:16:39+00:00","description":"Le trisulator Rubloc a des feuilles externes dures et un matelas interne souple en \u00e9lastom\u00e8re, ce qui augmente la capacit\u00e9 d'isolation des vibrations.","breadcrumb":{"@id":"https:\/\/www.credimex.ch\/fr\/produit\/rubloc-isolateur-trisolateur\/#breadcrumb"},"inLanguage":"fr-FR","potentialAction":[{"@type":"ReadAction","target":["https:\/\/www.credimex.ch\/fr\/produit\/rubloc-isolateur-trisolateur\/"]}]},{"@type":"ImageObject","inLanguage":"fr-FR","@id":"https:\/\/www.credimex.ch\/fr\/produit\/rubloc-isolateur-trisolateur\/#primaryimage","url":"https:\/\/www.credimex.ch\/wp-content\/uploads\/2022\/07\/25.png","contentUrl":"https:\/\/www.credimex.ch\/wp-content\/uploads\/2022\/07\/25.png","width":800,"height":800},{"@type":"BreadcrumbList","@id":"https:\/\/www.credimex.ch\/fr\/produit\/rubloc-isolateur-trisolateur\/#breadcrumb","itemListElement":[{"@type":"ListItem","position":1,"name":"Home","item":"https:\/\/www.credimex.ch\/fr\/"},{"@type":"ListItem","position":2,"name":"Produits","item":"https:\/\/www.credimex.ch\/fr\/produits\/"},{"@type":"ListItem","position":3,"name":"Trisolateur d&rsquo;isolation Rubloc"}]},{"@type":"WebSite","@id":"https:\/\/www.credimex.ch\/fr\/#website","url":"https:\/\/www.credimex.ch\/fr\/","name":"CREDIMEX","description":"Partner of Swiss Industrial Market","publisher":{"@id":"https:\/\/www.credimex.ch\/fr\/#organization"},"potentialAction":[{"@type":"SearchAction","target":{"@type":"EntryPoint","urlTemplate":"https:\/\/www.credimex.ch\/fr\/?s={search_term_string}"},"query-input":{"@type":"PropertyValueSpecification","valueRequired":true,"valueName":"search_term_string"}}],"inLanguage":"fr-FR"},{"@type":"Organization","@id":"https:\/\/www.credimex.ch\/fr\/#organization","name":"credimex","url":"https:\/\/www.credimex.ch\/fr\/","logo":{"@type":"ImageObject","inLanguage":"fr-FR","@id":"https:\/\/www.credimex.ch\/fr\/#\/schema\/logo\/image\/","url":"https:\/\/www.credimex.ch\/wp-content\/uploads\/2022\/03\/cropped-logo-credimex.png","contentUrl":"https:\/\/www.credimex.ch\/wp-content\/uploads\/2022\/03\/cropped-logo-credimex.png","width":512,"height":512,"caption":"credimex"},"image":{"@id":"https:\/\/www.credimex.ch\/fr\/#\/schema\/logo\/image\/"},"sameAs":["https:\/\/www.facebook.com\/credimex.alpnach\/","https:\/\/www.linkedin.com\/company\/credimex\/","https:\/\/www.youtube.com\/@CREDIMEX?sub_confirmation=1"]}]}},"_links":{"self":[{"href":"https:\/\/www.credimex.ch\/fr\/wp-json\/wp\/v2\/product\/4078","targetHints":{"allow":["GET"]}}],"collection":[{"href":"https:\/\/www.credimex.ch\/fr\/wp-json\/wp\/v2\/product"}],"about":[{"href":"https:\/\/www.credimex.ch\/fr\/wp-json\/wp\/v2\/types\/product"}],"replies":[{"embeddable":true,"href":"https:\/\/www.credimex.ch\/fr\/wp-json\/wp\/v2\/comments?post=4078"}],"wp:featuredmedia":[{"embeddable":true,"href":"https:\/\/www.credimex.ch\/fr\/wp-json\/wp\/v2\/media\/3374"}],"wp:attachment":[{"href":"https:\/\/www.credimex.ch\/fr\/wp-json\/wp\/v2\/media?parent=4078"}],"wp:term":[{"taxonomy":"product_brand","embeddable":true,"href":"https:\/\/www.credimex.ch\/fr\/wp-json\/wp\/v2\/product_brand?post=4078"},{"taxonomy":"product_cat","embeddable":true,"href":"https:\/\/www.credimex.ch\/fr\/wp-json\/wp\/v2\/product_cat?post=4078"},{"taxonomy":"product_tag","embeddable":true,"href":"https:\/\/www.credimex.ch\/fr\/wp-json\/wp\/v2\/product_tag?post=4078"}],"curies":[{"name":"wp","href":"https:\/\/api.w.org\/{rel}","templated":true}]}}