{"id":4080,"date":"2022-07-07T09:07:39","date_gmt":"2022-07-07T07:07:39","guid":{"rendered":"https:\/\/www.credimex.ch.mialias.net\/product\/plaques-disolation-rubloc\/"},"modified":"2022-07-07T09:07:39","modified_gmt":"2022-07-07T07:07:39","slug":"plaques-disolation-rubloc","status":"publish","type":"product","link":"https:\/\/www.credimex.ch\/fr\/produit\/plaques-disolation-rubloc\/","title":{"rendered":"Plaques d&rsquo;isolation Rubloc"},"content":{"rendered":"<h2>Description<\/h2>\n<p>Lorsque les coussins isolants Rubloc sont soumis \u00e0 des vibrations, ils r\u00e9agissent par une compression et une flexion simultan\u00e9es et l&rsquo;\u00e9nergie vibratoire est transform\u00e9e en chaleur. Les coussins ont une forme irr\u00e9guli\u00e8re, ce qui am\u00e9liore les propri\u00e9t\u00e9s d&rsquo;isolation en introduisant une tension d&rsquo;onde interne dans le coussin. Les tampons r\u00e9pondront \u00e0 des exigences \u00e9lev\u00e9es en mati\u00e8re de r\u00e9sistance chimique et de fatigue. Comme il s&rsquo;agit d&rsquo;un compos\u00e9 en caoutchouc, un effet de vieillissement se fera sentir, mais il a toujours une bonne r\u00e9sistance \u00e0 cet effet, de sorte que la dur\u00e9e de vie du tampon sera de l&rsquo;ordre de 15 \u00e0 20 ans, selon l&rsquo;application utilis\u00e9e.<\/p>\n<h2>Avantages du produit<\/h2>\n<p>L&rsquo;utilisation des coussins isolants RUBLOC permet d&rsquo;absorber les vibrations g\u00e9n\u00e9r\u00e9es par la machine, ce qui \u00e9vite la destruction d&rsquo;instruments d\u00e9licats tels que les ordinateurs, les outils de mesure et les \u00e9quipements de laboratoire, tout en cr\u00e9ant un environnement plus agr\u00e9able pour la personne qui travaille \u00e0 c\u00f4t\u00e9 de la machine. En outre, la dur\u00e9e de vie des machines est augment\u00e9e.<\/p>\n<h2>Application<\/h2>\n<p>Les coussinets souples pour l&rsquo;isolation passive assurent la protection des instruments et des appareils sensibles. Les coussins souples d&rsquo;isolation active sont utilis\u00e9s pour l&rsquo;isolation des compresseurs, des pompes, mont\u00e9s sur de petits blocs de b\u00e9ton, des ventilateurs, des stations \u00e9lectriques, des alternateurs, des soufflantes, des g\u00e9n\u00e9rateurs, etc.<\/p>\n<p>Les coussins de type moyen pour l&rsquo;isolation active assurent l&rsquo;isolation des blocs de fondation lourds ou des planchers flottants (utilisation de petits coussins). Ils sont utilis\u00e9s pour l&rsquo;installation de toutes sortes de tours et de machines-outils, de presses l\u00e9g\u00e8res, de compresseurs lourds, de machines textiles, de machines d&rsquo;impression, de cisailles \u00e0 m\u00e9taux et \u00e0 papier, d&rsquo;unit\u00e9s de production d&rsquo;\u00e9nergie, de machines de forage, de turbines \u00e0 gaz et \u00e0 vapeur, de poin\u00e7onneuses, de fraiseuses, de scies, de machines de moulage par injection de plastique, de machines \u00e0 bois, de g\u00e9n\u00e9rateurs, d&rsquo;isolations de ponts roulants (rails), etc.<\/p>\n<p>Les coussinets durs pour isolation active ont des applications identiques \u00e0 celles du type moyen, mais avec une plus grande r\u00e9sistance \u00e0 la pression. Cette feuille de qualit\u00e9 dure tr\u00e8s r\u00e9sistante offre une capacit\u00e9 d&rsquo;isolation l\u00e9g\u00e8rement inf\u00e9rieure. Pour l&rsquo;installation de machines lourdes telles que des presses dont le centre de gravit\u00e9 est \u00e9lev\u00e9 et qui pourraient g\u00e9n\u00e9rer des oscillations horizontales. L&rsquo;utilisation typique est le montage de rectifieuses de surface, de raboteuses, etc., qui n\u00e9cessitent une stabilit\u00e9 horizontale pr\u00e9cise.<\/p>\n","protected":false},"excerpt":{"rendered":"<p>Les <strong>coussins isolants Rubloc<\/strong> se compriment et se plient simultan\u00e9ment lorsqu&rsquo;ils sont expos\u00e9s \u00e0 des vibrations, transformant l&rsquo;\u00e9nergie vibratoire en chaleur.<\/p>\n","protected":false},"featured_media":3376,"comment_status":"open","ping_status":"closed","template":"","meta":{"_acf_changed":false},"product_brand":[],"product_cat":[341,340,413,376,411,384,475,375,361,360,624,625,414,623,412],"product_tag":[],"class_list":{"0":"post-4080","1":"product","2":"type-product","3":"status-publish","4":"has-post-thumbnail","6":"product_cat-aerospatiale","7":"product_cat-automobile","8":"product_cat-batteries","9":"product_cat-e-mobilite","10":"product_cat-electronique","11":"product_cat-energie","12":"product_cat-fabrication-de-montres","13":"product_cat-ferroviaire","14":"product_cat-industrie-alimentaire","15":"product_cat-industrie-generale","16":"product_cat-isolation-contre-les-vibrations","17":"product_cat-isolation-rubloc","18":"product_cat-medical","19":"product_cat-rubloc","20":"product_cat-telepheriques","21":"pa_brands-rubloc-fr","23":"first","24":"instock","25":"shipping-taxable","26":"product-type-simple"},"acf":[],"_yoast_wpseo_focuskw":"Plaques d'isolation Rubloc","_yoast_wpseo_metadesc":"Les coussins isolants Rubloc se compriment et se plient simultan\u00e9ment lorsqu'ils sont expos\u00e9s \u00e0 des vibrations, transformant l'\u00e9nergie vibratoire en chaleur.","yoast_head":"<!-- This site is optimized with the Yoast SEO Premium plugin v21.6 (Yoast SEO v27.4) - https:\/\/yoast.com\/product\/yoast-seo-premium-wordpress\/ -->\n<title>Plaques d&#039;isolation Rubloc - CREDIMEX<\/title>\n<meta name=\"description\" content=\"Les coussins isolants Rubloc se compriment et se plient simultan\u00e9ment lorsqu&#039;ils sont expos\u00e9s \u00e0 des vibrations, transformant l&#039;\u00e9nergie vibratoire en chaleur.\" \/>\n<meta name=\"robots\" content=\"index, follow, max-snippet:-1, max-image-preview:large, max-video-preview:-1\" \/>\n<link rel=\"canonical\" href=\"https:\/\/www.credimex.ch\/fr\/produit\/plaques-disolation-rubloc\/\" \/>\n<meta property=\"og:locale\" content=\"fr_FR\" \/>\n<meta property=\"og:type\" content=\"article\" \/>\n<meta property=\"og:title\" content=\"Plaques d&#039;isolation Rubloc\" \/>\n<meta property=\"og:description\" content=\"Les coussins isolants Rubloc se compriment et se plient simultan\u00e9ment lorsqu&#039;ils sont expos\u00e9s \u00e0 des vibrations, transformant l&#039;\u00e9nergie vibratoire en chaleur.\" \/>\n<meta property=\"og:url\" content=\"https:\/\/www.credimex.ch\/fr\/produit\/plaques-disolation-rubloc\/\" \/>\n<meta property=\"og:site_name\" content=\"CREDIMEX\" \/>\n<meta property=\"article:publisher\" content=\"https:\/\/www.facebook.com\/credimex.alpnach\/\" \/>\n<meta property=\"og:image\" content=\"https:\/\/www.credimex.ch\/wp-content\/uploads\/2022\/07\/26.png\" \/>\n\t<meta property=\"og:image:width\" content=\"800\" \/>\n\t<meta property=\"og:image:height\" content=\"800\" \/>\n\t<meta property=\"og:image:type\" content=\"image\/png\" \/>\n<meta name=\"twitter:card\" content=\"summary_large_image\" \/>\n<meta name=\"twitter:label1\" content=\"Dur\u00e9e de lecture estim\u00e9e\" \/>\n\t<meta name=\"twitter:data1\" content=\"2 minutes\" \/>\n<script type=\"application\/ld+json\" class=\"yoast-schema-graph\">{\"@context\":\"https:\\\/\\\/schema.org\",\"@graph\":[{\"@type\":\"WebPage\",\"@id\":\"https:\\\/\\\/www.credimex.ch\\\/fr\\\/produit\\\/plaques-disolation-rubloc\\\/\",\"url\":\"https:\\\/\\\/www.credimex.ch\\\/fr\\\/produit\\\/plaques-disolation-rubloc\\\/\",\"name\":\"Plaques d'isolation Rubloc - CREDIMEX\",\"isPartOf\":{\"@id\":\"https:\\\/\\\/www.credimex.ch\\\/fr\\\/#website\"},\"primaryImageOfPage\":{\"@id\":\"https:\\\/\\\/www.credimex.ch\\\/fr\\\/produit\\\/plaques-disolation-rubloc\\\/#primaryimage\"},\"image\":{\"@id\":\"https:\\\/\\\/www.credimex.ch\\\/fr\\\/produit\\\/plaques-disolation-rubloc\\\/#primaryimage\"},\"thumbnailUrl\":\"https:\\\/\\\/www.credimex.ch\\\/wp-content\\\/uploads\\\/2022\\\/07\\\/26.png\",\"datePublished\":\"2022-07-07T07:07:39+00:00\",\"description\":\"Les coussins isolants Rubloc se compriment et se plient simultan\u00e9ment lorsqu'ils sont expos\u00e9s \u00e0 des vibrations, transformant l'\u00e9nergie vibratoire en chaleur.\",\"breadcrumb\":{\"@id\":\"https:\\\/\\\/www.credimex.ch\\\/fr\\\/produit\\\/plaques-disolation-rubloc\\\/#breadcrumb\"},\"inLanguage\":\"fr-FR\",\"potentialAction\":[{\"@type\":\"ReadAction\",\"target\":[\"https:\\\/\\\/www.credimex.ch\\\/fr\\\/produit\\\/plaques-disolation-rubloc\\\/\"]}]},{\"@type\":\"ImageObject\",\"inLanguage\":\"fr-FR\",\"@id\":\"https:\\\/\\\/www.credimex.ch\\\/fr\\\/produit\\\/plaques-disolation-rubloc\\\/#primaryimage\",\"url\":\"https:\\\/\\\/www.credimex.ch\\\/wp-content\\\/uploads\\\/2022\\\/07\\\/26.png\",\"contentUrl\":\"https:\\\/\\\/www.credimex.ch\\\/wp-content\\\/uploads\\\/2022\\\/07\\\/26.png\",\"width\":800,\"height\":800},{\"@type\":\"BreadcrumbList\",\"@id\":\"https:\\\/\\\/www.credimex.ch\\\/fr\\\/produit\\\/plaques-disolation-rubloc\\\/#breadcrumb\",\"itemListElement\":[{\"@type\":\"ListItem\",\"position\":1,\"name\":\"Home\",\"item\":\"https:\\\/\\\/www.credimex.ch\\\/fr\\\/\"},{\"@type\":\"ListItem\",\"position\":2,\"name\":\"Produits\",\"item\":\"https:\\\/\\\/www.credimex.ch\\\/fr\\\/produits\\\/\"},{\"@type\":\"ListItem\",\"position\":3,\"name\":\"Plaques d&rsquo;isolation Rubloc\"}]},{\"@type\":\"WebSite\",\"@id\":\"https:\\\/\\\/www.credimex.ch\\\/fr\\\/#website\",\"url\":\"https:\\\/\\\/www.credimex.ch\\\/fr\\\/\",\"name\":\"CREDIMEX\",\"description\":\"Partner of Swiss Industrial Market\",\"publisher\":{\"@id\":\"https:\\\/\\\/www.credimex.ch\\\/fr\\\/#organization\"},\"potentialAction\":[{\"@type\":\"SearchAction\",\"target\":{\"@type\":\"EntryPoint\",\"urlTemplate\":\"https:\\\/\\\/www.credimex.ch\\\/fr\\\/?s={search_term_string}\"},\"query-input\":{\"@type\":\"PropertyValueSpecification\",\"valueRequired\":true,\"valueName\":\"search_term_string\"}}],\"inLanguage\":\"fr-FR\"},{\"@type\":\"Organization\",\"@id\":\"https:\\\/\\\/www.credimex.ch\\\/fr\\\/#organization\",\"name\":\"credimex\",\"url\":\"https:\\\/\\\/www.credimex.ch\\\/fr\\\/\",\"logo\":{\"@type\":\"ImageObject\",\"inLanguage\":\"fr-FR\",\"@id\":\"https:\\\/\\\/www.credimex.ch\\\/fr\\\/#\\\/schema\\\/logo\\\/image\\\/\",\"url\":\"https:\\\/\\\/www.credimex.ch\\\/wp-content\\\/uploads\\\/2022\\\/03\\\/cropped-logo-credimex.png\",\"contentUrl\":\"https:\\\/\\\/www.credimex.ch\\\/wp-content\\\/uploads\\\/2022\\\/03\\\/cropped-logo-credimex.png\",\"width\":512,\"height\":512,\"caption\":\"credimex\"},\"image\":{\"@id\":\"https:\\\/\\\/www.credimex.ch\\\/fr\\\/#\\\/schema\\\/logo\\\/image\\\/\"},\"sameAs\":[\"https:\\\/\\\/www.facebook.com\\\/credimex.alpnach\\\/\",\"https:\\\/\\\/www.linkedin.com\\\/company\\\/credimex\\\/\",\"https:\\\/\\\/www.youtube.com\\\/@CREDIMEX?sub_confirmation=1\"]}]}<\/script>\n<!-- \/ Yoast SEO Premium plugin. -->","yoast_head_json":{"title":"Plaques d'isolation Rubloc - CREDIMEX","description":"Les coussins isolants Rubloc se compriment et se plient simultan\u00e9ment lorsqu'ils sont expos\u00e9s \u00e0 des vibrations, transformant l'\u00e9nergie vibratoire en chaleur.","robots":{"index":"index","follow":"follow","max-snippet":"max-snippet:-1","max-image-preview":"max-image-preview:large","max-video-preview":"max-video-preview:-1"},"canonical":"https:\/\/www.credimex.ch\/fr\/produit\/plaques-disolation-rubloc\/","og_locale":"fr_FR","og_type":"article","og_title":"Plaques d'isolation Rubloc","og_description":"Les coussins isolants Rubloc se compriment et se plient simultan\u00e9ment lorsqu'ils sont expos\u00e9s \u00e0 des vibrations, transformant l'\u00e9nergie vibratoire en chaleur.","og_url":"https:\/\/www.credimex.ch\/fr\/produit\/plaques-disolation-rubloc\/","og_site_name":"CREDIMEX","article_publisher":"https:\/\/www.facebook.com\/credimex.alpnach\/","og_image":[{"width":800,"height":800,"url":"https:\/\/www.credimex.ch\/wp-content\/uploads\/2022\/07\/26.png","type":"image\/png"}],"twitter_card":"summary_large_image","twitter_misc":{"Dur\u00e9e de lecture estim\u00e9e":"2 minutes"},"schema":{"@context":"https:\/\/schema.org","@graph":[{"@type":"WebPage","@id":"https:\/\/www.credimex.ch\/fr\/produit\/plaques-disolation-rubloc\/","url":"https:\/\/www.credimex.ch\/fr\/produit\/plaques-disolation-rubloc\/","name":"Plaques d'isolation Rubloc - CREDIMEX","isPartOf":{"@id":"https:\/\/www.credimex.ch\/fr\/#website"},"primaryImageOfPage":{"@id":"https:\/\/www.credimex.ch\/fr\/produit\/plaques-disolation-rubloc\/#primaryimage"},"image":{"@id":"https:\/\/www.credimex.ch\/fr\/produit\/plaques-disolation-rubloc\/#primaryimage"},"thumbnailUrl":"https:\/\/www.credimex.ch\/wp-content\/uploads\/2022\/07\/26.png","datePublished":"2022-07-07T07:07:39+00:00","description":"Les coussins isolants Rubloc se compriment et se plient simultan\u00e9ment lorsqu'ils sont expos\u00e9s \u00e0 des vibrations, transformant l'\u00e9nergie vibratoire en chaleur.","breadcrumb":{"@id":"https:\/\/www.credimex.ch\/fr\/produit\/plaques-disolation-rubloc\/#breadcrumb"},"inLanguage":"fr-FR","potentialAction":[{"@type":"ReadAction","target":["https:\/\/www.credimex.ch\/fr\/produit\/plaques-disolation-rubloc\/"]}]},{"@type":"ImageObject","inLanguage":"fr-FR","@id":"https:\/\/www.credimex.ch\/fr\/produit\/plaques-disolation-rubloc\/#primaryimage","url":"https:\/\/www.credimex.ch\/wp-content\/uploads\/2022\/07\/26.png","contentUrl":"https:\/\/www.credimex.ch\/wp-content\/uploads\/2022\/07\/26.png","width":800,"height":800},{"@type":"BreadcrumbList","@id":"https:\/\/www.credimex.ch\/fr\/produit\/plaques-disolation-rubloc\/#breadcrumb","itemListElement":[{"@type":"ListItem","position":1,"name":"Home","item":"https:\/\/www.credimex.ch\/fr\/"},{"@type":"ListItem","position":2,"name":"Produits","item":"https:\/\/www.credimex.ch\/fr\/produits\/"},{"@type":"ListItem","position":3,"name":"Plaques d&rsquo;isolation Rubloc"}]},{"@type":"WebSite","@id":"https:\/\/www.credimex.ch\/fr\/#website","url":"https:\/\/www.credimex.ch\/fr\/","name":"CREDIMEX","description":"Partner of Swiss Industrial Market","publisher":{"@id":"https:\/\/www.credimex.ch\/fr\/#organization"},"potentialAction":[{"@type":"SearchAction","target":{"@type":"EntryPoint","urlTemplate":"https:\/\/www.credimex.ch\/fr\/?s={search_term_string}"},"query-input":{"@type":"PropertyValueSpecification","valueRequired":true,"valueName":"search_term_string"}}],"inLanguage":"fr-FR"},{"@type":"Organization","@id":"https:\/\/www.credimex.ch\/fr\/#organization","name":"credimex","url":"https:\/\/www.credimex.ch\/fr\/","logo":{"@type":"ImageObject","inLanguage":"fr-FR","@id":"https:\/\/www.credimex.ch\/fr\/#\/schema\/logo\/image\/","url":"https:\/\/www.credimex.ch\/wp-content\/uploads\/2022\/03\/cropped-logo-credimex.png","contentUrl":"https:\/\/www.credimex.ch\/wp-content\/uploads\/2022\/03\/cropped-logo-credimex.png","width":512,"height":512,"caption":"credimex"},"image":{"@id":"https:\/\/www.credimex.ch\/fr\/#\/schema\/logo\/image\/"},"sameAs":["https:\/\/www.facebook.com\/credimex.alpnach\/","https:\/\/www.linkedin.com\/company\/credimex\/","https:\/\/www.youtube.com\/@CREDIMEX?sub_confirmation=1"]}]}},"_links":{"self":[{"href":"https:\/\/www.credimex.ch\/fr\/wp-json\/wp\/v2\/product\/4080","targetHints":{"allow":["GET"]}}],"collection":[{"href":"https:\/\/www.credimex.ch\/fr\/wp-json\/wp\/v2\/product"}],"about":[{"href":"https:\/\/www.credimex.ch\/fr\/wp-json\/wp\/v2\/types\/product"}],"replies":[{"embeddable":true,"href":"https:\/\/www.credimex.ch\/fr\/wp-json\/wp\/v2\/comments?post=4080"}],"wp:featuredmedia":[{"embeddable":true,"href":"https:\/\/www.credimex.ch\/fr\/wp-json\/wp\/v2\/media\/3376"}],"wp:attachment":[{"href":"https:\/\/www.credimex.ch\/fr\/wp-json\/wp\/v2\/media?parent=4080"}],"wp:term":[{"taxonomy":"product_brand","embeddable":true,"href":"https:\/\/www.credimex.ch\/fr\/wp-json\/wp\/v2\/product_brand?post=4080"},{"taxonomy":"product_cat","embeddable":true,"href":"https:\/\/www.credimex.ch\/fr\/wp-json\/wp\/v2\/product_cat?post=4080"},{"taxonomy":"product_tag","embeddable":true,"href":"https:\/\/www.credimex.ch\/fr\/wp-json\/wp\/v2\/product_tag?post=4080"}],"curies":[{"name":"wp","href":"https:\/\/api.w.org\/{rel}","templated":true}]}}