{"id":4084,"date":"2022-07-06T16:59:38","date_gmt":"2022-07-06T14:59:38","guid":{"rendered":"https:\/\/www.credimex.ch.mialias.net\/product\/disques-disolation-en-sorbothane\/"},"modified":"2022-07-06T16:59:38","modified_gmt":"2022-07-06T14:59:38","slug":"disques-disolation-au-sorbothane","status":"publish","type":"product","link":"https:\/\/www.credimex.ch\/fr\/produit\/disques-disolation-au-sorbothane\/","title":{"rendered":"Disques d&rsquo;isolation en Sorbothane\u00ae."},"content":{"rendered":"<h2>Description<\/h2>\n<p>Les disques d&rsquo;isolation Sorbothane\u00ae peuvent supporter une large gamme de charges et sont utilis\u00e9s dans un grand nombre d&rsquo;applications industrielles et de fabrication. S\u00e9lectionnez l&rsquo;\u00e9paisseur, le durom\u00e8tre et le nombre de disques requis pour la charge. Disponible avec PSA.<\/p>\n<h2>Avantages du produit<\/h2>\n<p>Le sorbothane est un polym\u00e8re visco-\u00e9lastique brevet\u00e9 qui constitue un amortisseur acoustique et un absorbeur de vibrations incroyablement efficace. Ce mat\u00e9riau combine certaines des propri\u00e9t\u00e9s du caoutchouc, du silicone et d&rsquo;autres polym\u00e8res plastiques. Il est consid\u00e9r\u00e9 comme un bon mat\u00e9riau d&rsquo;amortissement des vibrations, un isolant acoustique, et il est tr\u00e8s durable. Une quantit\u00e9 inhabituellement \u00e9lev\u00e9e de l&rsquo;\u00e9nergie d&rsquo;un objet tomb\u00e9 sur le Sorbothane est absorb\u00e9e. Le toucher et les qualit\u00e9s d&rsquo;amortissement du Sorbothane\u00ae ont \u00e9t\u00e9 compar\u00e9s \u00e0 ceux de la viande.<\/p>\n<h2>Application<\/h2>\n<p>Ils peuvent \u00eatre utilis\u00e9s comme pieds, but\u00e9es, entretoises et protections dans de nombreuses applications et industries diff\u00e9rentes.<\/p>\n","protected":false},"excerpt":{"rendered":"<p>Les <strong>disques d&rsquo;isolation Sorbothane\u00ae<\/strong> peuvent supporter une large gamme de charges et sont utilis\u00e9s dans un grand nombre d&rsquo;applications industrielles et de fabrication.<\/p>\n","protected":false},"featured_media":3370,"comment_status":"open","ping_status":"closed","template":"","meta":{"_acf_changed":false},"product_brand":[],"product_cat":[341,340,413,376,411,384,475,375,361,360,633,624,414,632,412],"product_tag":[],"class_list":{"0":"post-4084","1":"product","2":"type-product","3":"status-publish","4":"has-post-thumbnail","6":"product_cat-aerospatiale","7":"product_cat-automobile","8":"product_cat-batteries","9":"product_cat-e-mobilite","10":"product_cat-electronique","11":"product_cat-energie","12":"product_cat-fabrication-de-montres","13":"product_cat-ferroviaire","14":"product_cat-industrie-alimentaire","15":"product_cat-industrie-generale","16":"product_cat-isolateurs-sorbothane","17":"product_cat-isolation-contre-les-vibrations","18":"product_cat-medical","19":"product_cat-sorbothane","20":"product_cat-telepheriques","21":"pa_brands-sorbothane-fr","23":"first","24":"instock","25":"shipping-taxable","26":"product-type-simple"},"acf":[],"_yoast_wpseo_focuskw":"Disques d'isolation en Sorbothane\u00ae.","_yoast_wpseo_metadesc":"Les disques d'isolation Sorbothane\u00ae peuvent supporter une large gamme de charges et sont utilis\u00e9s dans un grand nombre d'applications industrielles et de fabrication.","yoast_head":"<!-- This site is optimized with the Yoast SEO Premium plugin v21.6 (Yoast SEO v27.4) - https:\/\/yoast.com\/product\/yoast-seo-premium-wordpress\/ -->\n<title>Disques d&#039;isolation en Sorbothane\u00ae. - CREDIMEX<\/title>\n<meta name=\"description\" content=\"Les disques d&#039;isolation Sorbothane\u00ae peuvent supporter une large gamme de charges et sont utilis\u00e9s dans un grand nombre d&#039;applications industrielles et de fabrication.\" \/>\n<meta name=\"robots\" content=\"index, follow, max-snippet:-1, max-image-preview:large, max-video-preview:-1\" \/>\n<link rel=\"canonical\" href=\"https:\/\/www.credimex.ch\/fr\/produit\/disques-disolation-au-sorbothane\/\" \/>\n<meta property=\"og:locale\" content=\"fr_FR\" \/>\n<meta property=\"og:type\" content=\"article\" \/>\n<meta property=\"og:title\" content=\"Disques d&#039;isolation en Sorbothane\u00ae.\" \/>\n<meta property=\"og:description\" content=\"Les disques d&#039;isolation Sorbothane\u00ae peuvent supporter une large gamme de charges et sont utilis\u00e9s dans un grand nombre d&#039;applications industrielles et de fabrication.\" \/>\n<meta property=\"og:url\" content=\"https:\/\/www.credimex.ch\/fr\/produit\/disques-disolation-au-sorbothane\/\" \/>\n<meta property=\"og:site_name\" content=\"CREDIMEX\" \/>\n<meta property=\"article:publisher\" content=\"https:\/\/www.facebook.com\/credimex.alpnach\/\" \/>\n<meta property=\"og:image\" content=\"https:\/\/www.credimex.ch\/wp-content\/uploads\/2022\/07\/Rings-1.png\" \/>\n\t<meta property=\"og:image:width\" content=\"800\" \/>\n\t<meta property=\"og:image:height\" content=\"800\" \/>\n\t<meta property=\"og:image:type\" content=\"image\/png\" \/>\n<meta name=\"twitter:card\" content=\"summary_large_image\" \/>\n<meta name=\"twitter:label1\" content=\"Dur\u00e9e de lecture estim\u00e9e\" \/>\n\t<meta name=\"twitter:data1\" content=\"1 minute\" \/>\n<script type=\"application\/ld+json\" class=\"yoast-schema-graph\">{\"@context\":\"https:\\\/\\\/schema.org\",\"@graph\":[{\"@type\":\"WebPage\",\"@id\":\"https:\\\/\\\/www.credimex.ch\\\/fr\\\/produit\\\/disques-disolation-au-sorbothane\\\/\",\"url\":\"https:\\\/\\\/www.credimex.ch\\\/fr\\\/produit\\\/disques-disolation-au-sorbothane\\\/\",\"name\":\"Disques d'isolation en Sorbothane\u00ae. - CREDIMEX\",\"isPartOf\":{\"@id\":\"https:\\\/\\\/www.credimex.ch\\\/fr\\\/#website\"},\"primaryImageOfPage\":{\"@id\":\"https:\\\/\\\/www.credimex.ch\\\/fr\\\/produit\\\/disques-disolation-au-sorbothane\\\/#primaryimage\"},\"image\":{\"@id\":\"https:\\\/\\\/www.credimex.ch\\\/fr\\\/produit\\\/disques-disolation-au-sorbothane\\\/#primaryimage\"},\"thumbnailUrl\":\"https:\\\/\\\/www.credimex.ch\\\/wp-content\\\/uploads\\\/2022\\\/07\\\/Rings-1.png\",\"datePublished\":\"2022-07-06T14:59:38+00:00\",\"description\":\"Les disques d'isolation Sorbothane\u00ae peuvent supporter une large gamme de charges et sont utilis\u00e9s dans un grand nombre d'applications industrielles et de fabrication.\",\"breadcrumb\":{\"@id\":\"https:\\\/\\\/www.credimex.ch\\\/fr\\\/produit\\\/disques-disolation-au-sorbothane\\\/#breadcrumb\"},\"inLanguage\":\"fr-FR\",\"potentialAction\":[{\"@type\":\"ReadAction\",\"target\":[\"https:\\\/\\\/www.credimex.ch\\\/fr\\\/produit\\\/disques-disolation-au-sorbothane\\\/\"]}]},{\"@type\":\"ImageObject\",\"inLanguage\":\"fr-FR\",\"@id\":\"https:\\\/\\\/www.credimex.ch\\\/fr\\\/produit\\\/disques-disolation-au-sorbothane\\\/#primaryimage\",\"url\":\"https:\\\/\\\/www.credimex.ch\\\/wp-content\\\/uploads\\\/2022\\\/07\\\/Rings-1.png\",\"contentUrl\":\"https:\\\/\\\/www.credimex.ch\\\/wp-content\\\/uploads\\\/2022\\\/07\\\/Rings-1.png\",\"width\":800,\"height\":800},{\"@type\":\"BreadcrumbList\",\"@id\":\"https:\\\/\\\/www.credimex.ch\\\/fr\\\/produit\\\/disques-disolation-au-sorbothane\\\/#breadcrumb\",\"itemListElement\":[{\"@type\":\"ListItem\",\"position\":1,\"name\":\"Home\",\"item\":\"https:\\\/\\\/www.credimex.ch\\\/fr\\\/\"},{\"@type\":\"ListItem\",\"position\":2,\"name\":\"Produits\",\"item\":\"https:\\\/\\\/www.credimex.ch\\\/fr\\\/produits\\\/\"},{\"@type\":\"ListItem\",\"position\":3,\"name\":\"Disques d&rsquo;isolation en Sorbothane\u00ae.\"}]},{\"@type\":\"WebSite\",\"@id\":\"https:\\\/\\\/www.credimex.ch\\\/fr\\\/#website\",\"url\":\"https:\\\/\\\/www.credimex.ch\\\/fr\\\/\",\"name\":\"CREDIMEX\",\"description\":\"Partner of Swiss Industrial Market\",\"publisher\":{\"@id\":\"https:\\\/\\\/www.credimex.ch\\\/fr\\\/#organization\"},\"potentialAction\":[{\"@type\":\"SearchAction\",\"target\":{\"@type\":\"EntryPoint\",\"urlTemplate\":\"https:\\\/\\\/www.credimex.ch\\\/fr\\\/?s={search_term_string}\"},\"query-input\":{\"@type\":\"PropertyValueSpecification\",\"valueRequired\":true,\"valueName\":\"search_term_string\"}}],\"inLanguage\":\"fr-FR\"},{\"@type\":\"Organization\",\"@id\":\"https:\\\/\\\/www.credimex.ch\\\/fr\\\/#organization\",\"name\":\"credimex\",\"url\":\"https:\\\/\\\/www.credimex.ch\\\/fr\\\/\",\"logo\":{\"@type\":\"ImageObject\",\"inLanguage\":\"fr-FR\",\"@id\":\"https:\\\/\\\/www.credimex.ch\\\/fr\\\/#\\\/schema\\\/logo\\\/image\\\/\",\"url\":\"https:\\\/\\\/www.credimex.ch\\\/wp-content\\\/uploads\\\/2022\\\/03\\\/cropped-logo-credimex.png\",\"contentUrl\":\"https:\\\/\\\/www.credimex.ch\\\/wp-content\\\/uploads\\\/2022\\\/03\\\/cropped-logo-credimex.png\",\"width\":512,\"height\":512,\"caption\":\"credimex\"},\"image\":{\"@id\":\"https:\\\/\\\/www.credimex.ch\\\/fr\\\/#\\\/schema\\\/logo\\\/image\\\/\"},\"sameAs\":[\"https:\\\/\\\/www.facebook.com\\\/credimex.alpnach\\\/\",\"https:\\\/\\\/www.linkedin.com\\\/company\\\/credimex\\\/\",\"https:\\\/\\\/www.youtube.com\\\/@CREDIMEX?sub_confirmation=1\"]}]}<\/script>\n<!-- \/ Yoast SEO Premium plugin. -->","yoast_head_json":{"title":"Disques d'isolation en Sorbothane\u00ae. - CREDIMEX","description":"Les disques d'isolation Sorbothane\u00ae peuvent supporter une large gamme de charges et sont utilis\u00e9s dans un grand nombre d'applications industrielles et de fabrication.","robots":{"index":"index","follow":"follow","max-snippet":"max-snippet:-1","max-image-preview":"max-image-preview:large","max-video-preview":"max-video-preview:-1"},"canonical":"https:\/\/www.credimex.ch\/fr\/produit\/disques-disolation-au-sorbothane\/","og_locale":"fr_FR","og_type":"article","og_title":"Disques d'isolation en Sorbothane\u00ae.","og_description":"Les disques d'isolation Sorbothane\u00ae peuvent supporter une large gamme de charges et sont utilis\u00e9s dans un grand nombre d'applications industrielles et de fabrication.","og_url":"https:\/\/www.credimex.ch\/fr\/produit\/disques-disolation-au-sorbothane\/","og_site_name":"CREDIMEX","article_publisher":"https:\/\/www.facebook.com\/credimex.alpnach\/","og_image":[{"width":800,"height":800,"url":"https:\/\/www.credimex.ch\/wp-content\/uploads\/2022\/07\/Rings-1.png","type":"image\/png"}],"twitter_card":"summary_large_image","twitter_misc":{"Dur\u00e9e de lecture estim\u00e9e":"1 minute"},"schema":{"@context":"https:\/\/schema.org","@graph":[{"@type":"WebPage","@id":"https:\/\/www.credimex.ch\/fr\/produit\/disques-disolation-au-sorbothane\/","url":"https:\/\/www.credimex.ch\/fr\/produit\/disques-disolation-au-sorbothane\/","name":"Disques d'isolation en Sorbothane\u00ae. - CREDIMEX","isPartOf":{"@id":"https:\/\/www.credimex.ch\/fr\/#website"},"primaryImageOfPage":{"@id":"https:\/\/www.credimex.ch\/fr\/produit\/disques-disolation-au-sorbothane\/#primaryimage"},"image":{"@id":"https:\/\/www.credimex.ch\/fr\/produit\/disques-disolation-au-sorbothane\/#primaryimage"},"thumbnailUrl":"https:\/\/www.credimex.ch\/wp-content\/uploads\/2022\/07\/Rings-1.png","datePublished":"2022-07-06T14:59:38+00:00","description":"Les disques d'isolation Sorbothane\u00ae peuvent supporter une large gamme de charges et sont utilis\u00e9s dans un grand nombre d'applications industrielles et de fabrication.","breadcrumb":{"@id":"https:\/\/www.credimex.ch\/fr\/produit\/disques-disolation-au-sorbothane\/#breadcrumb"},"inLanguage":"fr-FR","potentialAction":[{"@type":"ReadAction","target":["https:\/\/www.credimex.ch\/fr\/produit\/disques-disolation-au-sorbothane\/"]}]},{"@type":"ImageObject","inLanguage":"fr-FR","@id":"https:\/\/www.credimex.ch\/fr\/produit\/disques-disolation-au-sorbothane\/#primaryimage","url":"https:\/\/www.credimex.ch\/wp-content\/uploads\/2022\/07\/Rings-1.png","contentUrl":"https:\/\/www.credimex.ch\/wp-content\/uploads\/2022\/07\/Rings-1.png","width":800,"height":800},{"@type":"BreadcrumbList","@id":"https:\/\/www.credimex.ch\/fr\/produit\/disques-disolation-au-sorbothane\/#breadcrumb","itemListElement":[{"@type":"ListItem","position":1,"name":"Home","item":"https:\/\/www.credimex.ch\/fr\/"},{"@type":"ListItem","position":2,"name":"Produits","item":"https:\/\/www.credimex.ch\/fr\/produits\/"},{"@type":"ListItem","position":3,"name":"Disques d&rsquo;isolation en Sorbothane\u00ae."}]},{"@type":"WebSite","@id":"https:\/\/www.credimex.ch\/fr\/#website","url":"https:\/\/www.credimex.ch\/fr\/","name":"CREDIMEX","description":"Partner of Swiss Industrial Market","publisher":{"@id":"https:\/\/www.credimex.ch\/fr\/#organization"},"potentialAction":[{"@type":"SearchAction","target":{"@type":"EntryPoint","urlTemplate":"https:\/\/www.credimex.ch\/fr\/?s={search_term_string}"},"query-input":{"@type":"PropertyValueSpecification","valueRequired":true,"valueName":"search_term_string"}}],"inLanguage":"fr-FR"},{"@type":"Organization","@id":"https:\/\/www.credimex.ch\/fr\/#organization","name":"credimex","url":"https:\/\/www.credimex.ch\/fr\/","logo":{"@type":"ImageObject","inLanguage":"fr-FR","@id":"https:\/\/www.credimex.ch\/fr\/#\/schema\/logo\/image\/","url":"https:\/\/www.credimex.ch\/wp-content\/uploads\/2022\/03\/cropped-logo-credimex.png","contentUrl":"https:\/\/www.credimex.ch\/wp-content\/uploads\/2022\/03\/cropped-logo-credimex.png","width":512,"height":512,"caption":"credimex"},"image":{"@id":"https:\/\/www.credimex.ch\/fr\/#\/schema\/logo\/image\/"},"sameAs":["https:\/\/www.facebook.com\/credimex.alpnach\/","https:\/\/www.linkedin.com\/company\/credimex\/","https:\/\/www.youtube.com\/@CREDIMEX?sub_confirmation=1"]}]}},"_links":{"self":[{"href":"https:\/\/www.credimex.ch\/fr\/wp-json\/wp\/v2\/product\/4084","targetHints":{"allow":["GET"]}}],"collection":[{"href":"https:\/\/www.credimex.ch\/fr\/wp-json\/wp\/v2\/product"}],"about":[{"href":"https:\/\/www.credimex.ch\/fr\/wp-json\/wp\/v2\/types\/product"}],"replies":[{"embeddable":true,"href":"https:\/\/www.credimex.ch\/fr\/wp-json\/wp\/v2\/comments?post=4084"}],"wp:featuredmedia":[{"embeddable":true,"href":"https:\/\/www.credimex.ch\/fr\/wp-json\/wp\/v2\/media\/3370"}],"wp:attachment":[{"href":"https:\/\/www.credimex.ch\/fr\/wp-json\/wp\/v2\/media?parent=4084"}],"wp:term":[{"taxonomy":"product_brand","embeddable":true,"href":"https:\/\/www.credimex.ch\/fr\/wp-json\/wp\/v2\/product_brand?post=4084"},{"taxonomy":"product_cat","embeddable":true,"href":"https:\/\/www.credimex.ch\/fr\/wp-json\/wp\/v2\/product_cat?post=4084"},{"taxonomy":"product_tag","embeddable":true,"href":"https:\/\/www.credimex.ch\/fr\/wp-json\/wp\/v2\/product_tag?post=4084"}],"curies":[{"name":"wp","href":"https:\/\/api.w.org\/{rel}","templated":true}]}}