{"id":4086,"date":"2022-07-06T16:56:15","date_gmt":"2022-07-06T14:56:15","guid":{"rendered":"https:\/\/www.credimex.ch.mialias.net\/product\/rondelles-disolation-en-sorbothane\/"},"modified":"2023-02-20T16:17:28","modified_gmt":"2023-02-20T15:17:28","slug":"sorbothane-laveurs-disolation","status":"publish","type":"product","link":"https:\/\/www.credimex.ch\/fr\/produit\/sorbothane-laveurs-disolation\/","title":{"rendered":"Rondelles d&rsquo;isolation en Sorbothane\u00ae."},"content":{"rendered":"<h2>Description<\/h2>\n<p>Les rondelles en Sorbothane\u00ae isolent les vibrations et absorbent les chocs. Un boulon flottant peut \u00eatre cr\u00e9\u00e9 en les utilisant en combinaison avec des douilles.<\/p>\n<h2>Avantages du produit<\/h2>\n<p>Les rondelles en Sorbothane\u00ae sont con\u00e7ues pour isoler les vibrations et absorber les chocs. En utilisant une douille et une ou plusieurs rondelles, vous pouvez cr\u00e9er un boulon flottant qui isole l&rsquo;unit\u00e9 de tout contact m\u00e9tal contre m\u00e9tal.<br \/>\ncontact: Des durom\u00e8tres diff\u00e9rents permettent des taux de ressort diff\u00e9rents. Les charges nominales supposent une d\u00e9flexion de 10-20 de<br \/>\nle mat\u00e9riel: Cette d\u00e9flexion est obtenue par une combinaison du poids du syst\u00e8me et du serrage des boulons de connexion. Ne serrez pas trop les boulons, car cela va \u00e0 l&rsquo;encontre de l&rsquo;isolation des vibrations pr\u00e9vue et r\u00e9duit la dur\u00e9e de vie des rondelles. Utilisez un contre-\u00e9crou de haute qualit\u00e9 (d\u00e9formant les filets). des rondelles peuvent \u00eatre utilis\u00e9es dans les connexions de tension.<\/p>\n<h2>Application<\/h2>\n<p>Le produit peut \u00eatre utilis\u00e9 efficacement dans les industries suivantes :<\/p>\n<ul>\n<li>Automobile<\/li>\n<li>G\u00e9n\u00e9ral<\/li>\n<li>Alimentation<\/li>\n<li>\u00c9lectronique<\/li>\n<li>Chemin de fer<\/li>\n<li>T\u00e9l\u00e9ph\u00e9riques<\/li>\n<li>A\u00e9rospatiale<\/li>\n<li>Fabrication de montres<\/li>\n<li>\u00c9nergie<\/li>\n<li>Piles<\/li>\n<li>E-mobilit\u00e9<\/li>\n<li>M\u00e9dical<\/li>\n<\/ul>\n","protected":false},"excerpt":{"rendered":"<p>Les <strong>rondelles d&rsquo;isolation en Sorbothane\u00ae isol<\/strong> ent les vibrations et absorbent les chocs. Un boulon flottant peut \u00eatre cr\u00e9\u00e9 en les utilisant en combinaison.<\/p>\n","protected":false},"featured_media":3360,"comment_status":"open","ping_status":"closed","template":"","meta":{"_acf_changed":false},"product_brand":[],"product_cat":[341,340,413,376,411,384,475,375,361,360,633,624,414,632,412],"product_tag":[],"class_list":{"0":"post-4086","1":"product","2":"type-product","3":"status-publish","4":"has-post-thumbnail","6":"product_cat-aerospatiale","7":"product_cat-automobile","8":"product_cat-batteries","9":"product_cat-e-mobilite","10":"product_cat-electronique","11":"product_cat-energie","12":"product_cat-fabrication-de-montres","13":"product_cat-ferroviaire","14":"product_cat-industrie-alimentaire","15":"product_cat-industrie-generale","16":"product_cat-isolateurs-sorbothane","17":"product_cat-isolation-contre-les-vibrations","18":"product_cat-medical","19":"product_cat-sorbothane","20":"product_cat-telepheriques","21":"pa_brands-sorbothane-fr","23":"first","24":"instock","25":"shipping-taxable","26":"product-type-simple"},"acf":[],"_yoast_wpseo_focuskw":"Rondelles de joints d'isolation en Sorbothane\u00ae.","_yoast_wpseo_metadesc":"Les rondelles en Sorbothane\u00ae isolent les vibrations et absorbent les chocs. Un boulon flottant peut \u00eatre cr\u00e9\u00e9 en les utilisant en combinaison.","yoast_head":"<!-- This site is optimized with the Yoast SEO Premium plugin v21.6 (Yoast SEO v27.4) - https:\/\/yoast.com\/product\/yoast-seo-premium-wordpress\/ -->\n<title>Rondelles d&#039;isolation en Sorbothane\u00ae. - CREDIMEX<\/title>\n<meta name=\"description\" content=\"Les rondelles en Sorbothane\u00ae isolent les vibrations et absorbent les chocs. Un boulon flottant peut \u00eatre cr\u00e9\u00e9 en les utilisant en combinaison.\" \/>\n<meta name=\"robots\" content=\"index, follow, max-snippet:-1, max-image-preview:large, max-video-preview:-1\" \/>\n<link rel=\"canonical\" href=\"https:\/\/www.credimex.ch\/fr\/produit\/sorbothane-laveurs-disolation\/\" \/>\n<meta property=\"og:locale\" content=\"fr_FR\" \/>\n<meta property=\"og:type\" content=\"article\" \/>\n<meta property=\"og:title\" content=\"Rondelles d&#039;isolation en Sorbothane\u00ae.\" \/>\n<meta property=\"og:description\" content=\"Les rondelles en Sorbothane\u00ae isolent les vibrations et absorbent les chocs. Un boulon flottant peut \u00eatre cr\u00e9\u00e9 en les utilisant en combinaison.\" \/>\n<meta property=\"og:url\" content=\"https:\/\/www.credimex.ch\/fr\/produit\/sorbothane-laveurs-disolation\/\" \/>\n<meta property=\"og:site_name\" content=\"CREDIMEX\" \/>\n<meta property=\"article:publisher\" content=\"https:\/\/www.facebook.com\/credimex.alpnach\/\" \/>\n<meta property=\"article:modified_time\" content=\"2023-02-20T15:17:28+00:00\" \/>\n<meta property=\"og:image\" content=\"https:\/\/www.credimex.ch\/wp-content\/uploads\/2022\/07\/Air.png\" \/>\n\t<meta property=\"og:image:width\" content=\"800\" \/>\n\t<meta property=\"og:image:height\" content=\"800\" \/>\n\t<meta property=\"og:image:type\" content=\"image\/png\" \/>\n<meta name=\"twitter:card\" content=\"summary_large_image\" \/>\n<meta name=\"twitter:label1\" content=\"Dur\u00e9e de lecture estim\u00e9e\" \/>\n\t<meta name=\"twitter:data1\" content=\"1 minute\" \/>\n<script type=\"application\/ld+json\" class=\"yoast-schema-graph\">{\"@context\":\"https:\\\/\\\/schema.org\",\"@graph\":[{\"@type\":\"WebPage\",\"@id\":\"https:\\\/\\\/www.credimex.ch\\\/fr\\\/produit\\\/sorbothane-laveurs-disolation\\\/\",\"url\":\"https:\\\/\\\/www.credimex.ch\\\/fr\\\/produit\\\/sorbothane-laveurs-disolation\\\/\",\"name\":\"Rondelles d'isolation en Sorbothane\u00ae. - CREDIMEX\",\"isPartOf\":{\"@id\":\"https:\\\/\\\/www.credimex.ch\\\/fr\\\/#website\"},\"primaryImageOfPage\":{\"@id\":\"https:\\\/\\\/www.credimex.ch\\\/fr\\\/produit\\\/sorbothane-laveurs-disolation\\\/#primaryimage\"},\"image\":{\"@id\":\"https:\\\/\\\/www.credimex.ch\\\/fr\\\/produit\\\/sorbothane-laveurs-disolation\\\/#primaryimage\"},\"thumbnailUrl\":\"https:\\\/\\\/www.credimex.ch\\\/wp-content\\\/uploads\\\/2022\\\/07\\\/Air.png\",\"datePublished\":\"2022-07-06T14:56:15+00:00\",\"dateModified\":\"2023-02-20T15:17:28+00:00\",\"description\":\"Les rondelles en Sorbothane\u00ae isolent les vibrations et absorbent les chocs. Un boulon flottant peut \u00eatre cr\u00e9\u00e9 en les utilisant en combinaison.\",\"breadcrumb\":{\"@id\":\"https:\\\/\\\/www.credimex.ch\\\/fr\\\/produit\\\/sorbothane-laveurs-disolation\\\/#breadcrumb\"},\"inLanguage\":\"fr-FR\",\"potentialAction\":[{\"@type\":\"ReadAction\",\"target\":[\"https:\\\/\\\/www.credimex.ch\\\/fr\\\/produit\\\/sorbothane-laveurs-disolation\\\/\"]}]},{\"@type\":\"ImageObject\",\"inLanguage\":\"fr-FR\",\"@id\":\"https:\\\/\\\/www.credimex.ch\\\/fr\\\/produit\\\/sorbothane-laveurs-disolation\\\/#primaryimage\",\"url\":\"https:\\\/\\\/www.credimex.ch\\\/wp-content\\\/uploads\\\/2022\\\/07\\\/Air.png\",\"contentUrl\":\"https:\\\/\\\/www.credimex.ch\\\/wp-content\\\/uploads\\\/2022\\\/07\\\/Air.png\",\"width\":800,\"height\":800},{\"@type\":\"BreadcrumbList\",\"@id\":\"https:\\\/\\\/www.credimex.ch\\\/fr\\\/produit\\\/sorbothane-laveurs-disolation\\\/#breadcrumb\",\"itemListElement\":[{\"@type\":\"ListItem\",\"position\":1,\"name\":\"Home\",\"item\":\"https:\\\/\\\/www.credimex.ch\\\/fr\\\/\"},{\"@type\":\"ListItem\",\"position\":2,\"name\":\"Produits\",\"item\":\"https:\\\/\\\/www.credimex.ch\\\/fr\\\/produits\\\/\"},{\"@type\":\"ListItem\",\"position\":3,\"name\":\"Rondelles d&#8217;isolation en Sorbothane\u00ae.\"}]},{\"@type\":\"WebSite\",\"@id\":\"https:\\\/\\\/www.credimex.ch\\\/fr\\\/#website\",\"url\":\"https:\\\/\\\/www.credimex.ch\\\/fr\\\/\",\"name\":\"CREDIMEX\",\"description\":\"Partner of Swiss Industrial Market\",\"publisher\":{\"@id\":\"https:\\\/\\\/www.credimex.ch\\\/fr\\\/#organization\"},\"potentialAction\":[{\"@type\":\"SearchAction\",\"target\":{\"@type\":\"EntryPoint\",\"urlTemplate\":\"https:\\\/\\\/www.credimex.ch\\\/fr\\\/?s={search_term_string}\"},\"query-input\":{\"@type\":\"PropertyValueSpecification\",\"valueRequired\":true,\"valueName\":\"search_term_string\"}}],\"inLanguage\":\"fr-FR\"},{\"@type\":\"Organization\",\"@id\":\"https:\\\/\\\/www.credimex.ch\\\/fr\\\/#organization\",\"name\":\"credimex\",\"url\":\"https:\\\/\\\/www.credimex.ch\\\/fr\\\/\",\"logo\":{\"@type\":\"ImageObject\",\"inLanguage\":\"fr-FR\",\"@id\":\"https:\\\/\\\/www.credimex.ch\\\/fr\\\/#\\\/schema\\\/logo\\\/image\\\/\",\"url\":\"https:\\\/\\\/www.credimex.ch\\\/wp-content\\\/uploads\\\/2022\\\/03\\\/cropped-logo-credimex.png\",\"contentUrl\":\"https:\\\/\\\/www.credimex.ch\\\/wp-content\\\/uploads\\\/2022\\\/03\\\/cropped-logo-credimex.png\",\"width\":512,\"height\":512,\"caption\":\"credimex\"},\"image\":{\"@id\":\"https:\\\/\\\/www.credimex.ch\\\/fr\\\/#\\\/schema\\\/logo\\\/image\\\/\"},\"sameAs\":[\"https:\\\/\\\/www.facebook.com\\\/credimex.alpnach\\\/\",\"https:\\\/\\\/www.linkedin.com\\\/company\\\/credimex\\\/\",\"https:\\\/\\\/www.youtube.com\\\/@CREDIMEX?sub_confirmation=1\"]}]}<\/script>\n<!-- \/ Yoast SEO Premium plugin. -->","yoast_head_json":{"title":"Rondelles d'isolation en Sorbothane\u00ae. - CREDIMEX","description":"Les rondelles en Sorbothane\u00ae isolent les vibrations et absorbent les chocs. Un boulon flottant peut \u00eatre cr\u00e9\u00e9 en les utilisant en combinaison.","robots":{"index":"index","follow":"follow","max-snippet":"max-snippet:-1","max-image-preview":"max-image-preview:large","max-video-preview":"max-video-preview:-1"},"canonical":"https:\/\/www.credimex.ch\/fr\/produit\/sorbothane-laveurs-disolation\/","og_locale":"fr_FR","og_type":"article","og_title":"Rondelles d'isolation en Sorbothane\u00ae.","og_description":"Les rondelles en Sorbothane\u00ae isolent les vibrations et absorbent les chocs. Un boulon flottant peut \u00eatre cr\u00e9\u00e9 en les utilisant en combinaison.","og_url":"https:\/\/www.credimex.ch\/fr\/produit\/sorbothane-laveurs-disolation\/","og_site_name":"CREDIMEX","article_publisher":"https:\/\/www.facebook.com\/credimex.alpnach\/","article_modified_time":"2023-02-20T15:17:28+00:00","og_image":[{"width":800,"height":800,"url":"https:\/\/www.credimex.ch\/wp-content\/uploads\/2022\/07\/Air.png","type":"image\/png"}],"twitter_card":"summary_large_image","twitter_misc":{"Dur\u00e9e de lecture estim\u00e9e":"1 minute"},"schema":{"@context":"https:\/\/schema.org","@graph":[{"@type":"WebPage","@id":"https:\/\/www.credimex.ch\/fr\/produit\/sorbothane-laveurs-disolation\/","url":"https:\/\/www.credimex.ch\/fr\/produit\/sorbothane-laveurs-disolation\/","name":"Rondelles d'isolation en Sorbothane\u00ae. - CREDIMEX","isPartOf":{"@id":"https:\/\/www.credimex.ch\/fr\/#website"},"primaryImageOfPage":{"@id":"https:\/\/www.credimex.ch\/fr\/produit\/sorbothane-laveurs-disolation\/#primaryimage"},"image":{"@id":"https:\/\/www.credimex.ch\/fr\/produit\/sorbothane-laveurs-disolation\/#primaryimage"},"thumbnailUrl":"https:\/\/www.credimex.ch\/wp-content\/uploads\/2022\/07\/Air.png","datePublished":"2022-07-06T14:56:15+00:00","dateModified":"2023-02-20T15:17:28+00:00","description":"Les rondelles en Sorbothane\u00ae isolent les vibrations et absorbent les chocs. Un boulon flottant peut \u00eatre cr\u00e9\u00e9 en les utilisant en combinaison.","breadcrumb":{"@id":"https:\/\/www.credimex.ch\/fr\/produit\/sorbothane-laveurs-disolation\/#breadcrumb"},"inLanguage":"fr-FR","potentialAction":[{"@type":"ReadAction","target":["https:\/\/www.credimex.ch\/fr\/produit\/sorbothane-laveurs-disolation\/"]}]},{"@type":"ImageObject","inLanguage":"fr-FR","@id":"https:\/\/www.credimex.ch\/fr\/produit\/sorbothane-laveurs-disolation\/#primaryimage","url":"https:\/\/www.credimex.ch\/wp-content\/uploads\/2022\/07\/Air.png","contentUrl":"https:\/\/www.credimex.ch\/wp-content\/uploads\/2022\/07\/Air.png","width":800,"height":800},{"@type":"BreadcrumbList","@id":"https:\/\/www.credimex.ch\/fr\/produit\/sorbothane-laveurs-disolation\/#breadcrumb","itemListElement":[{"@type":"ListItem","position":1,"name":"Home","item":"https:\/\/www.credimex.ch\/fr\/"},{"@type":"ListItem","position":2,"name":"Produits","item":"https:\/\/www.credimex.ch\/fr\/produits\/"},{"@type":"ListItem","position":3,"name":"Rondelles d&#8217;isolation en Sorbothane\u00ae."}]},{"@type":"WebSite","@id":"https:\/\/www.credimex.ch\/fr\/#website","url":"https:\/\/www.credimex.ch\/fr\/","name":"CREDIMEX","description":"Partner of Swiss Industrial Market","publisher":{"@id":"https:\/\/www.credimex.ch\/fr\/#organization"},"potentialAction":[{"@type":"SearchAction","target":{"@type":"EntryPoint","urlTemplate":"https:\/\/www.credimex.ch\/fr\/?s={search_term_string}"},"query-input":{"@type":"PropertyValueSpecification","valueRequired":true,"valueName":"search_term_string"}}],"inLanguage":"fr-FR"},{"@type":"Organization","@id":"https:\/\/www.credimex.ch\/fr\/#organization","name":"credimex","url":"https:\/\/www.credimex.ch\/fr\/","logo":{"@type":"ImageObject","inLanguage":"fr-FR","@id":"https:\/\/www.credimex.ch\/fr\/#\/schema\/logo\/image\/","url":"https:\/\/www.credimex.ch\/wp-content\/uploads\/2022\/03\/cropped-logo-credimex.png","contentUrl":"https:\/\/www.credimex.ch\/wp-content\/uploads\/2022\/03\/cropped-logo-credimex.png","width":512,"height":512,"caption":"credimex"},"image":{"@id":"https:\/\/www.credimex.ch\/fr\/#\/schema\/logo\/image\/"},"sameAs":["https:\/\/www.facebook.com\/credimex.alpnach\/","https:\/\/www.linkedin.com\/company\/credimex\/","https:\/\/www.youtube.com\/@CREDIMEX?sub_confirmation=1"]}]}},"_links":{"self":[{"href":"https:\/\/www.credimex.ch\/fr\/wp-json\/wp\/v2\/product\/4086","targetHints":{"allow":["GET"]}}],"collection":[{"href":"https:\/\/www.credimex.ch\/fr\/wp-json\/wp\/v2\/product"}],"about":[{"href":"https:\/\/www.credimex.ch\/fr\/wp-json\/wp\/v2\/types\/product"}],"replies":[{"embeddable":true,"href":"https:\/\/www.credimex.ch\/fr\/wp-json\/wp\/v2\/comments?post=4086"}],"wp:featuredmedia":[{"embeddable":true,"href":"https:\/\/www.credimex.ch\/fr\/wp-json\/wp\/v2\/media\/3360"}],"wp:attachment":[{"href":"https:\/\/www.credimex.ch\/fr\/wp-json\/wp\/v2\/media?parent=4086"}],"wp:term":[{"taxonomy":"product_brand","embeddable":true,"href":"https:\/\/www.credimex.ch\/fr\/wp-json\/wp\/v2\/product_brand?post=4086"},{"taxonomy":"product_cat","embeddable":true,"href":"https:\/\/www.credimex.ch\/fr\/wp-json\/wp\/v2\/product_cat?post=4086"},{"taxonomy":"product_tag","embeddable":true,"href":"https:\/\/www.credimex.ch\/fr\/wp-json\/wp\/v2\/product_tag?post=4086"}],"curies":[{"name":"wp","href":"https:\/\/api.w.org\/{rel}","templated":true}]}}