{"id":4090,"date":"2022-07-06T16:38:23","date_gmt":"2022-07-06T14:38:23","guid":{"rendered":"https:\/\/www.credimex.ch.mialias.net\/product\/coussinets-disolation-en-sorbothane\/"},"modified":"2022-07-06T16:38:23","modified_gmt":"2022-07-06T14:38:23","slug":"tampons-isolants-en-sorbothane","status":"publish","type":"product","link":"https:\/\/www.credimex.ch\/fr\/produit\/tampons-isolants-en-sorbothane\/","title":{"rendered":"Coussinets d&rsquo;isolation en Sorbothane\u00ae."},"content":{"rendered":"<h2>Description<\/h2>\n<p>Les coussins d&rsquo;isolation en Sorbothane\u00ae peuvent supporter une large gamme de charges. S\u00e9lectionnez la taille, l&rsquo;\u00e9paisseur, le durom\u00e8tre et le nombre de plaquettes n\u00e9cessaires pour la charge.<\/p>\n<p>Sorbothane produit des coussins antivibratoires en polym\u00e8re visco\u00e9lastique qui constituent un moyen polyvalent et abordable d&rsquo;isoler les chocs et les vibrations et de r\u00e9duire les niveaux de bruit.<\/p>\n<p>Nos coussins antivibratoires, ainsi que nos feuilles et autres produits standard, sont fabriqu\u00e9s en Sorbothane\u00ae, un solide polym\u00e8re visco\u00e9lastique hautement amorti qui \u00ab\u00a0coule\u00a0\u00bb comme un liquide sous charge. Le sorbothane est un polyur\u00e9thane thermodurci \u00e0 base de poly\u00e9ther qui combine une absorption d&rsquo;\u00e9nergie tr\u00e8s \u00e9lev\u00e9e avec une m\u00e9moire \u00e9tonnante pour produire un tampon tr\u00e8s efficace.<\/p>\n<p>Les coussinets antivibratoires en Sorbothane sont fabriqu\u00e9s dans une gamme de durom\u00e8tres allant de 25 \u00e0 85 Shore 00 Scale. Les propri\u00e9t\u00e9s liquide-solide du Sorbothane lui permettent d&rsquo;absorber simultan\u00e9ment l&rsquo;\u00e9nergie des chocs et des vibrations et le rendent pr\u00e9f\u00e9rable aux mat\u00e9riaux unidimensionnels comme le caoutchouc et les autres polyur\u00e9thanes.<\/p>\n<h2>Avantages du produit<\/h2>\n<p>Le sorbothane est un mat\u00e9riau populaire car il pr\u00e9sente un faible taux de fluage, un coefficient d&rsquo;amortissement sup\u00e9rieur sur une tr\u00e8s large gamme de temp\u00e9ratures. Les coussinets antivibrations en sorbothane sont un mat\u00e9riau \u00e9tonnant qui combine l&rsquo;absorption des chocs, une bonne m\u00e9moire, un contr\u00f4le des vibrations et des caract\u00e9ristiques d&rsquo;amortissement des vibrations, le tout en un seul coussinet puissant.<\/p>\n<ul>\n<li>Contr\u00f4le les vibrations<\/li>\n<li>Longue dur\u00e9e de vie \u00e0 la fatigue<\/li>\n<li>Excellente absorption des chocs et m\u00e9moire<\/li>\n<li>Installation et personnalisation faciles<\/li>\n<li>R\u00e9duit les co\u00fbts globaux de maintenance<\/li>\n<li>Ajoute de la vie aux machines et aux pi\u00e8ces<\/li>\n<li>Pratiquement indestructible<\/li>\n<li>R\u00e9duit le bruit<\/li>\n<li>Tr\u00e8s \u00e9conomique<\/li>\n<li>Insensible \u00e0 la graisse, \u00e0 l&rsquo;huile et \u00e0 l&rsquo;eau<\/li>\n<\/ul>\n<h2>Application<\/h2>\n<p>Le produit peut \u00eatre utilis\u00e9 efficacement dans les industries suivantes :<\/p>\n<ul>\n<li>Automobile<\/li>\n<li>G\u00e9n\u00e9ral<\/li>\n<li>Alimentation<\/li>\n<li>\u00c9lectronique<\/li>\n<li>Chemin de fer<\/li>\n<li>T\u00e9l\u00e9ph\u00e9riques<\/li>\n<li>A\u00e9rospatiale<\/li>\n<li>Fabrication de montres<\/li>\n<li>\u00c9nergie<\/li>\n<li>Piles<\/li>\n<li>E-mobilit\u00e9<\/li>\n<li>M\u00e9dical<\/li>\n<\/ul>\n","protected":false},"excerpt":{"rendered":"<p>Les <strong>coussins isolants Sorbothane\u00ae<\/strong> sont un moyen polyvalent et abordable d&rsquo;isoler les chocs et les vibrations et de r\u00e9duire les niveaux sonores.<\/p>\n","protected":false},"featured_media":3366,"comment_status":"open","ping_status":"closed","template":"","meta":{"_acf_changed":false},"product_brand":[],"product_cat":[341,340,413,376,411,384,475,375,361,360,633,624,414,632,412],"product_tag":[],"class_list":{"0":"post-4090","1":"product","2":"type-product","3":"status-publish","4":"has-post-thumbnail","6":"product_cat-aerospatiale","7":"product_cat-automobile","8":"product_cat-batteries","9":"product_cat-e-mobilite","10":"product_cat-electronique","11":"product_cat-energie","12":"product_cat-fabrication-de-montres","13":"product_cat-ferroviaire","14":"product_cat-industrie-alimentaire","15":"product_cat-industrie-generale","16":"product_cat-isolateurs-sorbothane","17":"product_cat-isolation-contre-les-vibrations","18":"product_cat-medical","19":"product_cat-sorbothane","20":"product_cat-telepheriques","21":"pa_brands-sorbothane-fr","23":"first","24":"instock","25":"shipping-taxable","26":"product-type-simple"},"acf":[],"_yoast_wpseo_focuskw":"Coussinets d'isolation en Sorbothane\u00ae.","_yoast_wpseo_metadesc":"Les coussins isolants Sorbothane\u00ae sont un moyen polyvalent et abordable d'isoler les chocs et les vibrations et de r\u00e9duire les niveaux sonores.","yoast_head":"<!-- This site is optimized with the Yoast SEO Premium plugin v21.6 (Yoast SEO v27.4) - https:\/\/yoast.com\/product\/yoast-seo-premium-wordpress\/ -->\n<title>Coussinets d&#039;isolation en Sorbothane\u00ae. - CREDIMEX<\/title>\n<meta name=\"description\" content=\"Les coussins isolants Sorbothane\u00ae sont un moyen polyvalent et abordable d&#039;isoler les chocs et les vibrations et de r\u00e9duire les niveaux sonores.\" \/>\n<meta name=\"robots\" content=\"index, follow, max-snippet:-1, max-image-preview:large, max-video-preview:-1\" \/>\n<link rel=\"canonical\" href=\"https:\/\/www.credimex.ch\/fr\/produit\/tampons-isolants-en-sorbothane\/\" \/>\n<meta property=\"og:locale\" content=\"fr_FR\" \/>\n<meta property=\"og:type\" content=\"article\" \/>\n<meta property=\"og:title\" content=\"Coussinets d&#039;isolation en Sorbothane\u00ae.\" \/>\n<meta property=\"og:description\" content=\"Les coussins isolants Sorbothane\u00ae sont un moyen polyvalent et abordable d&#039;isoler les chocs et les vibrations et de r\u00e9duire les niveaux sonores.\" \/>\n<meta property=\"og:url\" content=\"https:\/\/www.credimex.ch\/fr\/produit\/tampons-isolants-en-sorbothane\/\" \/>\n<meta property=\"og:site_name\" content=\"CREDIMEX\" \/>\n<meta property=\"article:publisher\" content=\"https:\/\/www.facebook.com\/credimex.alpnach\/\" \/>\n<meta property=\"og:image\" content=\"https:\/\/www.credimex.ch\/wp-content\/uploads\/2022\/07\/Pads.png\" \/>\n\t<meta property=\"og:image:width\" content=\"800\" \/>\n\t<meta property=\"og:image:height\" content=\"800\" \/>\n\t<meta property=\"og:image:type\" content=\"image\/png\" \/>\n<meta name=\"twitter:card\" content=\"summary_large_image\" \/>\n<meta name=\"twitter:label1\" content=\"Dur\u00e9e de lecture estim\u00e9e\" \/>\n\t<meta name=\"twitter:data1\" content=\"2 minutes\" \/>\n<script type=\"application\/ld+json\" class=\"yoast-schema-graph\">{\"@context\":\"https:\\\/\\\/schema.org\",\"@graph\":[{\"@type\":\"WebPage\",\"@id\":\"https:\\\/\\\/www.credimex.ch\\\/fr\\\/produit\\\/tampons-isolants-en-sorbothane\\\/\",\"url\":\"https:\\\/\\\/www.credimex.ch\\\/fr\\\/produit\\\/tampons-isolants-en-sorbothane\\\/\",\"name\":\"Coussinets d'isolation en Sorbothane\u00ae. - CREDIMEX\",\"isPartOf\":{\"@id\":\"https:\\\/\\\/www.credimex.ch\\\/fr\\\/#website\"},\"primaryImageOfPage\":{\"@id\":\"https:\\\/\\\/www.credimex.ch\\\/fr\\\/produit\\\/tampons-isolants-en-sorbothane\\\/#primaryimage\"},\"image\":{\"@id\":\"https:\\\/\\\/www.credimex.ch\\\/fr\\\/produit\\\/tampons-isolants-en-sorbothane\\\/#primaryimage\"},\"thumbnailUrl\":\"https:\\\/\\\/www.credimex.ch\\\/wp-content\\\/uploads\\\/2022\\\/07\\\/Pads.png\",\"datePublished\":\"2022-07-06T14:38:23+00:00\",\"description\":\"Les coussins isolants Sorbothane\u00ae sont un moyen polyvalent et abordable d'isoler les chocs et les vibrations et de r\u00e9duire les niveaux sonores.\",\"breadcrumb\":{\"@id\":\"https:\\\/\\\/www.credimex.ch\\\/fr\\\/produit\\\/tampons-isolants-en-sorbothane\\\/#breadcrumb\"},\"inLanguage\":\"fr-FR\",\"potentialAction\":[{\"@type\":\"ReadAction\",\"target\":[\"https:\\\/\\\/www.credimex.ch\\\/fr\\\/produit\\\/tampons-isolants-en-sorbothane\\\/\"]}]},{\"@type\":\"ImageObject\",\"inLanguage\":\"fr-FR\",\"@id\":\"https:\\\/\\\/www.credimex.ch\\\/fr\\\/produit\\\/tampons-isolants-en-sorbothane\\\/#primaryimage\",\"url\":\"https:\\\/\\\/www.credimex.ch\\\/wp-content\\\/uploads\\\/2022\\\/07\\\/Pads.png\",\"contentUrl\":\"https:\\\/\\\/www.credimex.ch\\\/wp-content\\\/uploads\\\/2022\\\/07\\\/Pads.png\",\"width\":800,\"height\":800},{\"@type\":\"BreadcrumbList\",\"@id\":\"https:\\\/\\\/www.credimex.ch\\\/fr\\\/produit\\\/tampons-isolants-en-sorbothane\\\/#breadcrumb\",\"itemListElement\":[{\"@type\":\"ListItem\",\"position\":1,\"name\":\"Home\",\"item\":\"https:\\\/\\\/www.credimex.ch\\\/fr\\\/\"},{\"@type\":\"ListItem\",\"position\":2,\"name\":\"Produits\",\"item\":\"https:\\\/\\\/www.credimex.ch\\\/fr\\\/produits\\\/\"},{\"@type\":\"ListItem\",\"position\":3,\"name\":\"Coussinets d&rsquo;isolation en Sorbothane\u00ae.\"}]},{\"@type\":\"WebSite\",\"@id\":\"https:\\\/\\\/www.credimex.ch\\\/fr\\\/#website\",\"url\":\"https:\\\/\\\/www.credimex.ch\\\/fr\\\/\",\"name\":\"CREDIMEX\",\"description\":\"Partner of Swiss Industrial Market\",\"publisher\":{\"@id\":\"https:\\\/\\\/www.credimex.ch\\\/fr\\\/#organization\"},\"potentialAction\":[{\"@type\":\"SearchAction\",\"target\":{\"@type\":\"EntryPoint\",\"urlTemplate\":\"https:\\\/\\\/www.credimex.ch\\\/fr\\\/?s={search_term_string}\"},\"query-input\":{\"@type\":\"PropertyValueSpecification\",\"valueRequired\":true,\"valueName\":\"search_term_string\"}}],\"inLanguage\":\"fr-FR\"},{\"@type\":\"Organization\",\"@id\":\"https:\\\/\\\/www.credimex.ch\\\/fr\\\/#organization\",\"name\":\"credimex\",\"url\":\"https:\\\/\\\/www.credimex.ch\\\/fr\\\/\",\"logo\":{\"@type\":\"ImageObject\",\"inLanguage\":\"fr-FR\",\"@id\":\"https:\\\/\\\/www.credimex.ch\\\/fr\\\/#\\\/schema\\\/logo\\\/image\\\/\",\"url\":\"https:\\\/\\\/www.credimex.ch\\\/wp-content\\\/uploads\\\/2022\\\/03\\\/cropped-logo-credimex.png\",\"contentUrl\":\"https:\\\/\\\/www.credimex.ch\\\/wp-content\\\/uploads\\\/2022\\\/03\\\/cropped-logo-credimex.png\",\"width\":512,\"height\":512,\"caption\":\"credimex\"},\"image\":{\"@id\":\"https:\\\/\\\/www.credimex.ch\\\/fr\\\/#\\\/schema\\\/logo\\\/image\\\/\"},\"sameAs\":[\"https:\\\/\\\/www.facebook.com\\\/credimex.alpnach\\\/\",\"https:\\\/\\\/www.linkedin.com\\\/company\\\/credimex\\\/\",\"https:\\\/\\\/www.youtube.com\\\/@CREDIMEX?sub_confirmation=1\"]}]}<\/script>\n<!-- \/ Yoast SEO Premium plugin. -->","yoast_head_json":{"title":"Coussinets d'isolation en Sorbothane\u00ae. - CREDIMEX","description":"Les coussins isolants Sorbothane\u00ae sont un moyen polyvalent et abordable d'isoler les chocs et les vibrations et de r\u00e9duire les niveaux sonores.","robots":{"index":"index","follow":"follow","max-snippet":"max-snippet:-1","max-image-preview":"max-image-preview:large","max-video-preview":"max-video-preview:-1"},"canonical":"https:\/\/www.credimex.ch\/fr\/produit\/tampons-isolants-en-sorbothane\/","og_locale":"fr_FR","og_type":"article","og_title":"Coussinets d'isolation en Sorbothane\u00ae.","og_description":"Les coussins isolants Sorbothane\u00ae sont un moyen polyvalent et abordable d'isoler les chocs et les vibrations et de r\u00e9duire les niveaux sonores.","og_url":"https:\/\/www.credimex.ch\/fr\/produit\/tampons-isolants-en-sorbothane\/","og_site_name":"CREDIMEX","article_publisher":"https:\/\/www.facebook.com\/credimex.alpnach\/","og_image":[{"width":800,"height":800,"url":"https:\/\/www.credimex.ch\/wp-content\/uploads\/2022\/07\/Pads.png","type":"image\/png"}],"twitter_card":"summary_large_image","twitter_misc":{"Dur\u00e9e de lecture estim\u00e9e":"2 minutes"},"schema":{"@context":"https:\/\/schema.org","@graph":[{"@type":"WebPage","@id":"https:\/\/www.credimex.ch\/fr\/produit\/tampons-isolants-en-sorbothane\/","url":"https:\/\/www.credimex.ch\/fr\/produit\/tampons-isolants-en-sorbothane\/","name":"Coussinets d'isolation en Sorbothane\u00ae. - CREDIMEX","isPartOf":{"@id":"https:\/\/www.credimex.ch\/fr\/#website"},"primaryImageOfPage":{"@id":"https:\/\/www.credimex.ch\/fr\/produit\/tampons-isolants-en-sorbothane\/#primaryimage"},"image":{"@id":"https:\/\/www.credimex.ch\/fr\/produit\/tampons-isolants-en-sorbothane\/#primaryimage"},"thumbnailUrl":"https:\/\/www.credimex.ch\/wp-content\/uploads\/2022\/07\/Pads.png","datePublished":"2022-07-06T14:38:23+00:00","description":"Les coussins isolants Sorbothane\u00ae sont un moyen polyvalent et abordable d'isoler les chocs et les vibrations et de r\u00e9duire les niveaux sonores.","breadcrumb":{"@id":"https:\/\/www.credimex.ch\/fr\/produit\/tampons-isolants-en-sorbothane\/#breadcrumb"},"inLanguage":"fr-FR","potentialAction":[{"@type":"ReadAction","target":["https:\/\/www.credimex.ch\/fr\/produit\/tampons-isolants-en-sorbothane\/"]}]},{"@type":"ImageObject","inLanguage":"fr-FR","@id":"https:\/\/www.credimex.ch\/fr\/produit\/tampons-isolants-en-sorbothane\/#primaryimage","url":"https:\/\/www.credimex.ch\/wp-content\/uploads\/2022\/07\/Pads.png","contentUrl":"https:\/\/www.credimex.ch\/wp-content\/uploads\/2022\/07\/Pads.png","width":800,"height":800},{"@type":"BreadcrumbList","@id":"https:\/\/www.credimex.ch\/fr\/produit\/tampons-isolants-en-sorbothane\/#breadcrumb","itemListElement":[{"@type":"ListItem","position":1,"name":"Home","item":"https:\/\/www.credimex.ch\/fr\/"},{"@type":"ListItem","position":2,"name":"Produits","item":"https:\/\/www.credimex.ch\/fr\/produits\/"},{"@type":"ListItem","position":3,"name":"Coussinets d&rsquo;isolation en Sorbothane\u00ae."}]},{"@type":"WebSite","@id":"https:\/\/www.credimex.ch\/fr\/#website","url":"https:\/\/www.credimex.ch\/fr\/","name":"CREDIMEX","description":"Partner of Swiss Industrial Market","publisher":{"@id":"https:\/\/www.credimex.ch\/fr\/#organization"},"potentialAction":[{"@type":"SearchAction","target":{"@type":"EntryPoint","urlTemplate":"https:\/\/www.credimex.ch\/fr\/?s={search_term_string}"},"query-input":{"@type":"PropertyValueSpecification","valueRequired":true,"valueName":"search_term_string"}}],"inLanguage":"fr-FR"},{"@type":"Organization","@id":"https:\/\/www.credimex.ch\/fr\/#organization","name":"credimex","url":"https:\/\/www.credimex.ch\/fr\/","logo":{"@type":"ImageObject","inLanguage":"fr-FR","@id":"https:\/\/www.credimex.ch\/fr\/#\/schema\/logo\/image\/","url":"https:\/\/www.credimex.ch\/wp-content\/uploads\/2022\/03\/cropped-logo-credimex.png","contentUrl":"https:\/\/www.credimex.ch\/wp-content\/uploads\/2022\/03\/cropped-logo-credimex.png","width":512,"height":512,"caption":"credimex"},"image":{"@id":"https:\/\/www.credimex.ch\/fr\/#\/schema\/logo\/image\/"},"sameAs":["https:\/\/www.facebook.com\/credimex.alpnach\/","https:\/\/www.linkedin.com\/company\/credimex\/","https:\/\/www.youtube.com\/@CREDIMEX?sub_confirmation=1"]}]}},"_links":{"self":[{"href":"https:\/\/www.credimex.ch\/fr\/wp-json\/wp\/v2\/product\/4090","targetHints":{"allow":["GET"]}}],"collection":[{"href":"https:\/\/www.credimex.ch\/fr\/wp-json\/wp\/v2\/product"}],"about":[{"href":"https:\/\/www.credimex.ch\/fr\/wp-json\/wp\/v2\/types\/product"}],"replies":[{"embeddable":true,"href":"https:\/\/www.credimex.ch\/fr\/wp-json\/wp\/v2\/comments?post=4090"}],"wp:featuredmedia":[{"embeddable":true,"href":"https:\/\/www.credimex.ch\/fr\/wp-json\/wp\/v2\/media\/3366"}],"wp:attachment":[{"href":"https:\/\/www.credimex.ch\/fr\/wp-json\/wp\/v2\/media?parent=4090"}],"wp:term":[{"taxonomy":"product_brand","embeddable":true,"href":"https:\/\/www.credimex.ch\/fr\/wp-json\/wp\/v2\/product_brand?post=4090"},{"taxonomy":"product_cat","embeddable":true,"href":"https:\/\/www.credimex.ch\/fr\/wp-json\/wp\/v2\/product_cat?post=4090"},{"taxonomy":"product_tag","embeddable":true,"href":"https:\/\/www.credimex.ch\/fr\/wp-json\/wp\/v2\/product_tag?post=4090"}],"curies":[{"name":"wp","href":"https:\/\/api.w.org\/{rel}","templated":true}]}}