{"id":4092,"date":"2022-07-06T16:31:17","date_gmt":"2022-07-06T14:31:17","guid":{"rendered":"https:\/\/www.credimex.ch.mialias.net\/product\/pare-chocs-isolants-en-sorbothane\/"},"modified":"2022-07-06T16:31:17","modified_gmt":"2022-07-06T14:31:17","slug":"sorbothane-isolation-pare-chocs","status":"publish","type":"product","link":"https:\/\/www.credimex.ch\/fr\/produit\/sorbothane-isolation-pare-chocs\/","title":{"rendered":"Pare-chocs isolants en Sorbothane\u00ae."},"content":{"rendered":"<h2>Description<\/h2>\n<p>Les pare-chocs d&rsquo;isolation Sorbothane\u00ae, dot\u00e9s d&rsquo;inserts m\u00e9talliques, sont disponibles en trois tailles standard et sont con\u00e7us pour \u00eatre utilis\u00e9s en compression.<\/p>\n<h2>Avantages du produit<\/h2>\n<p>Les pare-chocs isolants en Sorbothane\u00ae, avec inserts m\u00e9talliques, sont disponibles en trois tailles standard qui utilisent des filetages UNC et m\u00e9triques. D&rsquo;autres filetages UNC et m\u00e9triques sont disponibles sur commande sp\u00e9ciale. Ces supports de goujons et pare-chocs sont con\u00e7us pour \u00eatre utilis\u00e9s en compression. Utilisez des contre-\u00e9crous de haute qualit\u00e9 (qui d\u00e9forment les filets) ou des contre-\u00e9crous doubles pour vous assurer que vos connexions ne se desserrent pas par vibration. Les vibrations de grande amplitude n\u00e9cessitent des inserts sp\u00e9ciaux, tr\u00e8s r\u00e9sistants.<\/p>\n<h2>Application<\/h2>\n<p>Le produit peut \u00eatre utilis\u00e9 efficacement dans les industries suivantes :<\/p>\n<ul>\n<li>Automobile<\/li>\n<li>G\u00e9n\u00e9ral<\/li>\n<li>Alimentation<\/li>\n<li>\u00c9lectronique<\/li>\n<li>Chemin de fer<\/li>\n<li>T\u00e9l\u00e9ph\u00e9riques<\/li>\n<li>A\u00e9rospatiale<\/li>\n<li>Fabrication de montres<\/li>\n<li>\u00c9nergie<\/li>\n<li>Piles<\/li>\n<li>E-mobilit\u00e9<\/li>\n<li>M\u00e9dical<\/li>\n<\/ul>\n","protected":false},"excerpt":{"rendered":"<p>Les <strong>pare-chocs isolants en Sorbothane\u00ae<\/strong>, dot\u00e9s d&rsquo;inserts m\u00e9talliques, sont disponibles en trois tailles standard et sont con\u00e7us pour \u00eatre utilis\u00e9s en compression.<\/p>\n","protected":false},"featured_media":3364,"comment_status":"open","ping_status":"closed","template":"","meta":{"_acf_changed":false},"product_brand":[],"product_cat":[341,340,413,376,411,384,475,375,361,360,633,624,414,632,412],"product_tag":[],"class_list":{"0":"post-4092","1":"product","2":"type-product","3":"status-publish","4":"has-post-thumbnail","6":"product_cat-aerospatiale","7":"product_cat-automobile","8":"product_cat-batteries","9":"product_cat-e-mobilite","10":"product_cat-electronique","11":"product_cat-energie","12":"product_cat-fabrication-de-montres","13":"product_cat-ferroviaire","14":"product_cat-industrie-alimentaire","15":"product_cat-industrie-generale","16":"product_cat-isolateurs-sorbothane","17":"product_cat-isolation-contre-les-vibrations","18":"product_cat-medical","19":"product_cat-sorbothane","20":"product_cat-telepheriques","21":"pa_brands-sorbothane-fr","23":"first","24":"instock","25":"shipping-taxable","26":"product-type-simple"},"acf":[],"_yoast_wpseo_focuskw":"Pare-chocs isolants en Sorbothane\u00ae.","_yoast_wpseo_metadesc":"Les pare-chocs isolants en Sorbothane\u00ae, dot\u00e9s d'inserts m\u00e9talliques, sont disponibles en trois tailles standard et sont con\u00e7us pour \u00eatre utilis\u00e9s en compression.","yoast_head":"<!-- This site is optimized with the Yoast SEO Premium plugin v21.6 (Yoast SEO v27.4) - https:\/\/yoast.com\/product\/yoast-seo-premium-wordpress\/ -->\n<title>Pare-chocs isolants en Sorbothane\u00ae. - CREDIMEX<\/title>\n<meta name=\"description\" content=\"Les pare-chocs isolants en Sorbothane\u00ae, dot\u00e9s d&#039;inserts m\u00e9talliques, sont disponibles en trois tailles standard et sont con\u00e7us pour \u00eatre utilis\u00e9s en compression.\" \/>\n<meta name=\"robots\" content=\"index, follow, max-snippet:-1, max-image-preview:large, max-video-preview:-1\" \/>\n<link rel=\"canonical\" href=\"https:\/\/www.credimex.ch\/fr\/produit\/sorbothane-isolation-pare-chocs\/\" \/>\n<meta property=\"og:locale\" content=\"fr_FR\" \/>\n<meta property=\"og:type\" content=\"article\" \/>\n<meta property=\"og:title\" content=\"Pare-chocs isolants en Sorbothane\u00ae.\" \/>\n<meta property=\"og:description\" content=\"Les pare-chocs isolants en Sorbothane\u00ae, dot\u00e9s d&#039;inserts m\u00e9talliques, sont disponibles en trois tailles standard et sont con\u00e7us pour \u00eatre utilis\u00e9s en compression.\" \/>\n<meta property=\"og:url\" content=\"https:\/\/www.credimex.ch\/fr\/produit\/sorbothane-isolation-pare-chocs\/\" \/>\n<meta property=\"og:site_name\" content=\"CREDIMEX\" \/>\n<meta property=\"article:publisher\" content=\"https:\/\/www.facebook.com\/credimex.alpnach\/\" \/>\n<meta property=\"og:image\" content=\"https:\/\/www.credimex.ch\/wp-content\/uploads\/2022\/07\/Air-2.png\" \/>\n\t<meta property=\"og:image:width\" content=\"800\" \/>\n\t<meta property=\"og:image:height\" content=\"800\" \/>\n\t<meta property=\"og:image:type\" content=\"image\/png\" \/>\n<meta name=\"twitter:card\" content=\"summary_large_image\" \/>\n<meta name=\"twitter:label1\" content=\"Dur\u00e9e de lecture estim\u00e9e\" \/>\n\t<meta name=\"twitter:data1\" content=\"1 minute\" \/>\n<script type=\"application\/ld+json\" class=\"yoast-schema-graph\">{\"@context\":\"https:\\\/\\\/schema.org\",\"@graph\":[{\"@type\":\"WebPage\",\"@id\":\"https:\\\/\\\/www.credimex.ch\\\/fr\\\/produit\\\/sorbothane-isolation-pare-chocs\\\/\",\"url\":\"https:\\\/\\\/www.credimex.ch\\\/fr\\\/produit\\\/sorbothane-isolation-pare-chocs\\\/\",\"name\":\"Pare-chocs isolants en Sorbothane\u00ae. - CREDIMEX\",\"isPartOf\":{\"@id\":\"https:\\\/\\\/www.credimex.ch\\\/fr\\\/#website\"},\"primaryImageOfPage\":{\"@id\":\"https:\\\/\\\/www.credimex.ch\\\/fr\\\/produit\\\/sorbothane-isolation-pare-chocs\\\/#primaryimage\"},\"image\":{\"@id\":\"https:\\\/\\\/www.credimex.ch\\\/fr\\\/produit\\\/sorbothane-isolation-pare-chocs\\\/#primaryimage\"},\"thumbnailUrl\":\"https:\\\/\\\/www.credimex.ch\\\/wp-content\\\/uploads\\\/2022\\\/07\\\/Air-2.png\",\"datePublished\":\"2022-07-06T14:31:17+00:00\",\"description\":\"Les pare-chocs isolants en Sorbothane\u00ae, dot\u00e9s d'inserts m\u00e9talliques, sont disponibles en trois tailles standard et sont con\u00e7us pour \u00eatre utilis\u00e9s en compression.\",\"breadcrumb\":{\"@id\":\"https:\\\/\\\/www.credimex.ch\\\/fr\\\/produit\\\/sorbothane-isolation-pare-chocs\\\/#breadcrumb\"},\"inLanguage\":\"fr-FR\",\"potentialAction\":[{\"@type\":\"ReadAction\",\"target\":[\"https:\\\/\\\/www.credimex.ch\\\/fr\\\/produit\\\/sorbothane-isolation-pare-chocs\\\/\"]}]},{\"@type\":\"ImageObject\",\"inLanguage\":\"fr-FR\",\"@id\":\"https:\\\/\\\/www.credimex.ch\\\/fr\\\/produit\\\/sorbothane-isolation-pare-chocs\\\/#primaryimage\",\"url\":\"https:\\\/\\\/www.credimex.ch\\\/wp-content\\\/uploads\\\/2022\\\/07\\\/Air-2.png\",\"contentUrl\":\"https:\\\/\\\/www.credimex.ch\\\/wp-content\\\/uploads\\\/2022\\\/07\\\/Air-2.png\",\"width\":800,\"height\":800},{\"@type\":\"BreadcrumbList\",\"@id\":\"https:\\\/\\\/www.credimex.ch\\\/fr\\\/produit\\\/sorbothane-isolation-pare-chocs\\\/#breadcrumb\",\"itemListElement\":[{\"@type\":\"ListItem\",\"position\":1,\"name\":\"Home\",\"item\":\"https:\\\/\\\/www.credimex.ch\\\/fr\\\/\"},{\"@type\":\"ListItem\",\"position\":2,\"name\":\"Produits\",\"item\":\"https:\\\/\\\/www.credimex.ch\\\/fr\\\/produits\\\/\"},{\"@type\":\"ListItem\",\"position\":3,\"name\":\"Pare-chocs isolants en Sorbothane\u00ae.\"}]},{\"@type\":\"WebSite\",\"@id\":\"https:\\\/\\\/www.credimex.ch\\\/fr\\\/#website\",\"url\":\"https:\\\/\\\/www.credimex.ch\\\/fr\\\/\",\"name\":\"CREDIMEX\",\"description\":\"Partner of Swiss Industrial Market\",\"publisher\":{\"@id\":\"https:\\\/\\\/www.credimex.ch\\\/fr\\\/#organization\"},\"potentialAction\":[{\"@type\":\"SearchAction\",\"target\":{\"@type\":\"EntryPoint\",\"urlTemplate\":\"https:\\\/\\\/www.credimex.ch\\\/fr\\\/?s={search_term_string}\"},\"query-input\":{\"@type\":\"PropertyValueSpecification\",\"valueRequired\":true,\"valueName\":\"search_term_string\"}}],\"inLanguage\":\"fr-FR\"},{\"@type\":\"Organization\",\"@id\":\"https:\\\/\\\/www.credimex.ch\\\/fr\\\/#organization\",\"name\":\"credimex\",\"url\":\"https:\\\/\\\/www.credimex.ch\\\/fr\\\/\",\"logo\":{\"@type\":\"ImageObject\",\"inLanguage\":\"fr-FR\",\"@id\":\"https:\\\/\\\/www.credimex.ch\\\/fr\\\/#\\\/schema\\\/logo\\\/image\\\/\",\"url\":\"https:\\\/\\\/www.credimex.ch\\\/wp-content\\\/uploads\\\/2022\\\/03\\\/cropped-logo-credimex.png\",\"contentUrl\":\"https:\\\/\\\/www.credimex.ch\\\/wp-content\\\/uploads\\\/2022\\\/03\\\/cropped-logo-credimex.png\",\"width\":512,\"height\":512,\"caption\":\"credimex\"},\"image\":{\"@id\":\"https:\\\/\\\/www.credimex.ch\\\/fr\\\/#\\\/schema\\\/logo\\\/image\\\/\"},\"sameAs\":[\"https:\\\/\\\/www.facebook.com\\\/credimex.alpnach\\\/\",\"https:\\\/\\\/www.linkedin.com\\\/company\\\/credimex\\\/\",\"https:\\\/\\\/www.youtube.com\\\/@CREDIMEX?sub_confirmation=1\"]}]}<\/script>\n<!-- \/ Yoast SEO Premium plugin. -->","yoast_head_json":{"title":"Pare-chocs isolants en Sorbothane\u00ae. - CREDIMEX","description":"Les pare-chocs isolants en Sorbothane\u00ae, dot\u00e9s d'inserts m\u00e9talliques, sont disponibles en trois tailles standard et sont con\u00e7us pour \u00eatre utilis\u00e9s en compression.","robots":{"index":"index","follow":"follow","max-snippet":"max-snippet:-1","max-image-preview":"max-image-preview:large","max-video-preview":"max-video-preview:-1"},"canonical":"https:\/\/www.credimex.ch\/fr\/produit\/sorbothane-isolation-pare-chocs\/","og_locale":"fr_FR","og_type":"article","og_title":"Pare-chocs isolants en Sorbothane\u00ae.","og_description":"Les pare-chocs isolants en Sorbothane\u00ae, dot\u00e9s d'inserts m\u00e9talliques, sont disponibles en trois tailles standard et sont con\u00e7us pour \u00eatre utilis\u00e9s en compression.","og_url":"https:\/\/www.credimex.ch\/fr\/produit\/sorbothane-isolation-pare-chocs\/","og_site_name":"CREDIMEX","article_publisher":"https:\/\/www.facebook.com\/credimex.alpnach\/","og_image":[{"width":800,"height":800,"url":"https:\/\/www.credimex.ch\/wp-content\/uploads\/2022\/07\/Air-2.png","type":"image\/png"}],"twitter_card":"summary_large_image","twitter_misc":{"Dur\u00e9e de lecture estim\u00e9e":"1 minute"},"schema":{"@context":"https:\/\/schema.org","@graph":[{"@type":"WebPage","@id":"https:\/\/www.credimex.ch\/fr\/produit\/sorbothane-isolation-pare-chocs\/","url":"https:\/\/www.credimex.ch\/fr\/produit\/sorbothane-isolation-pare-chocs\/","name":"Pare-chocs isolants en Sorbothane\u00ae. - CREDIMEX","isPartOf":{"@id":"https:\/\/www.credimex.ch\/fr\/#website"},"primaryImageOfPage":{"@id":"https:\/\/www.credimex.ch\/fr\/produit\/sorbothane-isolation-pare-chocs\/#primaryimage"},"image":{"@id":"https:\/\/www.credimex.ch\/fr\/produit\/sorbothane-isolation-pare-chocs\/#primaryimage"},"thumbnailUrl":"https:\/\/www.credimex.ch\/wp-content\/uploads\/2022\/07\/Air-2.png","datePublished":"2022-07-06T14:31:17+00:00","description":"Les pare-chocs isolants en Sorbothane\u00ae, dot\u00e9s d'inserts m\u00e9talliques, sont disponibles en trois tailles standard et sont con\u00e7us pour \u00eatre utilis\u00e9s en compression.","breadcrumb":{"@id":"https:\/\/www.credimex.ch\/fr\/produit\/sorbothane-isolation-pare-chocs\/#breadcrumb"},"inLanguage":"fr-FR","potentialAction":[{"@type":"ReadAction","target":["https:\/\/www.credimex.ch\/fr\/produit\/sorbothane-isolation-pare-chocs\/"]}]},{"@type":"ImageObject","inLanguage":"fr-FR","@id":"https:\/\/www.credimex.ch\/fr\/produit\/sorbothane-isolation-pare-chocs\/#primaryimage","url":"https:\/\/www.credimex.ch\/wp-content\/uploads\/2022\/07\/Air-2.png","contentUrl":"https:\/\/www.credimex.ch\/wp-content\/uploads\/2022\/07\/Air-2.png","width":800,"height":800},{"@type":"BreadcrumbList","@id":"https:\/\/www.credimex.ch\/fr\/produit\/sorbothane-isolation-pare-chocs\/#breadcrumb","itemListElement":[{"@type":"ListItem","position":1,"name":"Home","item":"https:\/\/www.credimex.ch\/fr\/"},{"@type":"ListItem","position":2,"name":"Produits","item":"https:\/\/www.credimex.ch\/fr\/produits\/"},{"@type":"ListItem","position":3,"name":"Pare-chocs isolants en Sorbothane\u00ae."}]},{"@type":"WebSite","@id":"https:\/\/www.credimex.ch\/fr\/#website","url":"https:\/\/www.credimex.ch\/fr\/","name":"CREDIMEX","description":"Partner of Swiss Industrial Market","publisher":{"@id":"https:\/\/www.credimex.ch\/fr\/#organization"},"potentialAction":[{"@type":"SearchAction","target":{"@type":"EntryPoint","urlTemplate":"https:\/\/www.credimex.ch\/fr\/?s={search_term_string}"},"query-input":{"@type":"PropertyValueSpecification","valueRequired":true,"valueName":"search_term_string"}}],"inLanguage":"fr-FR"},{"@type":"Organization","@id":"https:\/\/www.credimex.ch\/fr\/#organization","name":"credimex","url":"https:\/\/www.credimex.ch\/fr\/","logo":{"@type":"ImageObject","inLanguage":"fr-FR","@id":"https:\/\/www.credimex.ch\/fr\/#\/schema\/logo\/image\/","url":"https:\/\/www.credimex.ch\/wp-content\/uploads\/2022\/03\/cropped-logo-credimex.png","contentUrl":"https:\/\/www.credimex.ch\/wp-content\/uploads\/2022\/03\/cropped-logo-credimex.png","width":512,"height":512,"caption":"credimex"},"image":{"@id":"https:\/\/www.credimex.ch\/fr\/#\/schema\/logo\/image\/"},"sameAs":["https:\/\/www.facebook.com\/credimex.alpnach\/","https:\/\/www.linkedin.com\/company\/credimex\/","https:\/\/www.youtube.com\/@CREDIMEX?sub_confirmation=1"]}]}},"_links":{"self":[{"href":"https:\/\/www.credimex.ch\/fr\/wp-json\/wp\/v2\/product\/4092","targetHints":{"allow":["GET"]}}],"collection":[{"href":"https:\/\/www.credimex.ch\/fr\/wp-json\/wp\/v2\/product"}],"about":[{"href":"https:\/\/www.credimex.ch\/fr\/wp-json\/wp\/v2\/types\/product"}],"replies":[{"embeddable":true,"href":"https:\/\/www.credimex.ch\/fr\/wp-json\/wp\/v2\/comments?post=4092"}],"wp:featuredmedia":[{"embeddable":true,"href":"https:\/\/www.credimex.ch\/fr\/wp-json\/wp\/v2\/media\/3364"}],"wp:attachment":[{"href":"https:\/\/www.credimex.ch\/fr\/wp-json\/wp\/v2\/media?parent=4092"}],"wp:term":[{"taxonomy":"product_brand","embeddable":true,"href":"https:\/\/www.credimex.ch\/fr\/wp-json\/wp\/v2\/product_brand?post=4092"},{"taxonomy":"product_cat","embeddable":true,"href":"https:\/\/www.credimex.ch\/fr\/wp-json\/wp\/v2\/product_cat?post=4092"},{"taxonomy":"product_tag","embeddable":true,"href":"https:\/\/www.credimex.ch\/fr\/wp-json\/wp\/v2\/product_tag?post=4092"}],"curies":[{"name":"wp","href":"https:\/\/api.w.org\/{rel}","templated":true}]}}