{"id":4094,"date":"2022-07-06T16:23:41","date_gmt":"2022-07-06T14:23:41","guid":{"rendered":"https:\/\/www.credimex.ch.mialias.net\/product\/hemispheres-disolation-en-sorbothane\/"},"modified":"2022-07-06T16:23:41","modified_gmt":"2022-07-06T14:23:41","slug":"sorbothane-isolation-hemispheres","status":"publish","type":"product","link":"https:\/\/www.credimex.ch\/fr\/produit\/sorbothane-isolation-hemispheres\/","title":{"rendered":"H\u00e9misph\u00e8res d&rsquo;isolation en Sorbothane\u00ae."},"content":{"rendered":"<h2>Description<\/h2>\n<p>Les supports h\u00e9misph\u00e9riques Sorbothane\u00ae offrent une m\u00e9thode sup\u00e9rieure d&rsquo;isolation des appareils de banc, des petites machines et des \u00e9quipements audio\/visuels.<\/p>\n<h2>Avantages du produit<\/h2>\n<p>Les supports h\u00e9misph\u00e9riques Sorbothane\u00ae constituent une m\u00e9thode rapide et rentable pour isoler les \u00e9quipements de banc, les petites machines et les \u00e9quipements audio. Placez l&rsquo;h\u00e9misph\u00e8re sous l&rsquo;unit\u00e9 \u00e0 isoler. Pr\u00e9voyez une d\u00e9flexion de 20 \u00e0 30 % en cas de charge statique. Une charge insuffisante entra\u00eenera une mauvaise isolation. Toutes les tailles sont disponibles avec un adh\u00e9sif sensible \u00e0 la pression (PSA).<\/p>\n<p>Le ruban double face avec adh\u00e9sif est dot\u00e9 d&rsquo;un film polyester fin pour une stabilit\u00e9 dimensionnelle et une manipulation am\u00e9lior\u00e9e. L&rsquo;adh\u00e9sif offre une r\u00e9sistance exceptionnelle aux temp\u00e9ratures et aux produits chimiques et r\u00e9siste aux environnements d&rsquo;application difficiles. La pression d&rsquo;application ferme et la quantit\u00e9 de contact entre l&rsquo;adh\u00e9sif et la surface se combinent pour d\u00e9velopper une force d&rsquo;adh\u00e9rence sup\u00e9rieure.<\/p>\n<h2>Application<\/h2>\n<p>Les applications typiques comprennent :<\/p>\n<ul>\n<li>\u00c9quipement audio<\/li>\n<li>Composants vid\u00e9o<\/li>\n<li>Dispositifs informatiques et \u00e9lectroniques<\/li>\n<li>Instruments de test sensibles<\/li>\n<li>Petites machines<\/li>\n<\/ul>\n","protected":false},"excerpt":{"rendered":"<p>Les <b>h\u00e9misph\u00e8res d&rsquo;isolation Sorbothane\u00ae<\/b> offrent une m\u00e9thode sup\u00e9rieure d&rsquo;isolation des appareils de banc, des petites machines et des \u00e9quipements audio\/visuels.<\/p>\n","protected":false},"featured_media":3362,"comment_status":"open","ping_status":"closed","template":"","meta":{"_acf_changed":false},"product_brand":[],"product_cat":[341,340,413,376,411,384,475,375,361,360,633,624,414,632,412],"product_tag":[],"class_list":{"0":"post-4094","1":"product","2":"type-product","3":"status-publish","4":"has-post-thumbnail","6":"product_cat-aerospatiale","7":"product_cat-automobile","8":"product_cat-batteries","9":"product_cat-e-mobilite","10":"product_cat-electronique","11":"product_cat-energie","12":"product_cat-fabrication-de-montres","13":"product_cat-ferroviaire","14":"product_cat-industrie-alimentaire","15":"product_cat-industrie-generale","16":"product_cat-isolateurs-sorbothane","17":"product_cat-isolation-contre-les-vibrations","18":"product_cat-medical","19":"product_cat-sorbothane","20":"product_cat-telepheriques","21":"pa_brands-sorbothane-fr","23":"first","24":"instock","25":"shipping-taxable","26":"product-type-simple"},"acf":[],"_yoast_wpseo_focuskw":"H\u00e9misph\u00e8res d'isolation en sobothane","_yoast_wpseo_metadesc":"Les h\u00e9misph\u00e8res d'isolation Sorbothane\u00ae offrent une m\u00e9thode sup\u00e9rieure d'isolation des appareils de banc, des petites machines et des \u00e9quipements audio\/visuels.","yoast_head":"<!-- This site is optimized with the Yoast SEO Premium plugin v21.6 (Yoast SEO v27.4) - https:\/\/yoast.com\/product\/yoast-seo-premium-wordpress\/ -->\n<title>H\u00e9misph\u00e8res d&#039;isolation en Sorbothane\u00ae. - CREDIMEX<\/title>\n<meta name=\"description\" content=\"Les h\u00e9misph\u00e8res d&#039;isolation Sorbothane\u00ae offrent une m\u00e9thode sup\u00e9rieure d&#039;isolation des appareils de banc, des petites machines et des \u00e9quipements audio\/visuels.\" \/>\n<meta name=\"robots\" content=\"index, follow, max-snippet:-1, max-image-preview:large, max-video-preview:-1\" \/>\n<link rel=\"canonical\" href=\"https:\/\/www.credimex.ch\/fr\/produit\/sorbothane-isolation-hemispheres\/\" \/>\n<meta property=\"og:locale\" content=\"fr_FR\" \/>\n<meta property=\"og:type\" content=\"article\" \/>\n<meta property=\"og:title\" content=\"H\u00e9misph\u00e8res d&#039;isolation en Sorbothane\u00ae.\" \/>\n<meta property=\"og:description\" content=\"Les h\u00e9misph\u00e8res d&#039;isolation Sorbothane\u00ae offrent une m\u00e9thode sup\u00e9rieure d&#039;isolation des appareils de banc, des petites machines et des \u00e9quipements audio\/visuels.\" \/>\n<meta property=\"og:url\" content=\"https:\/\/www.credimex.ch\/fr\/produit\/sorbothane-isolation-hemispheres\/\" \/>\n<meta property=\"og:site_name\" content=\"CREDIMEX\" \/>\n<meta property=\"article:publisher\" content=\"https:\/\/www.facebook.com\/credimex.alpnach\/\" \/>\n<meta property=\"og:image\" content=\"https:\/\/www.credimex.ch\/wp-content\/uploads\/2022\/07\/Air-1.png\" \/>\n\t<meta property=\"og:image:width\" content=\"800\" \/>\n\t<meta property=\"og:image:height\" content=\"800\" \/>\n\t<meta property=\"og:image:type\" content=\"image\/png\" \/>\n<meta name=\"twitter:card\" content=\"summary_large_image\" \/>\n<meta name=\"twitter:label1\" content=\"Dur\u00e9e de lecture estim\u00e9e\" \/>\n\t<meta name=\"twitter:data1\" content=\"1 minute\" \/>\n<script type=\"application\/ld+json\" class=\"yoast-schema-graph\">{\"@context\":\"https:\\\/\\\/schema.org\",\"@graph\":[{\"@type\":\"WebPage\",\"@id\":\"https:\\\/\\\/www.credimex.ch\\\/fr\\\/produit\\\/sorbothane-isolation-hemispheres\\\/\",\"url\":\"https:\\\/\\\/www.credimex.ch\\\/fr\\\/produit\\\/sorbothane-isolation-hemispheres\\\/\",\"name\":\"H\u00e9misph\u00e8res d'isolation en Sorbothane\u00ae. - CREDIMEX\",\"isPartOf\":{\"@id\":\"https:\\\/\\\/www.credimex.ch\\\/fr\\\/#website\"},\"primaryImageOfPage\":{\"@id\":\"https:\\\/\\\/www.credimex.ch\\\/fr\\\/produit\\\/sorbothane-isolation-hemispheres\\\/#primaryimage\"},\"image\":{\"@id\":\"https:\\\/\\\/www.credimex.ch\\\/fr\\\/produit\\\/sorbothane-isolation-hemispheres\\\/#primaryimage\"},\"thumbnailUrl\":\"https:\\\/\\\/www.credimex.ch\\\/wp-content\\\/uploads\\\/2022\\\/07\\\/Air-1.png\",\"datePublished\":\"2022-07-06T14:23:41+00:00\",\"description\":\"Les h\u00e9misph\u00e8res d'isolation Sorbothane\u00ae offrent une m\u00e9thode sup\u00e9rieure d'isolation des appareils de banc, des petites machines et des \u00e9quipements audio\\\/visuels.\",\"breadcrumb\":{\"@id\":\"https:\\\/\\\/www.credimex.ch\\\/fr\\\/produit\\\/sorbothane-isolation-hemispheres\\\/#breadcrumb\"},\"inLanguage\":\"fr-FR\",\"potentialAction\":[{\"@type\":\"ReadAction\",\"target\":[\"https:\\\/\\\/www.credimex.ch\\\/fr\\\/produit\\\/sorbothane-isolation-hemispheres\\\/\"]}]},{\"@type\":\"ImageObject\",\"inLanguage\":\"fr-FR\",\"@id\":\"https:\\\/\\\/www.credimex.ch\\\/fr\\\/produit\\\/sorbothane-isolation-hemispheres\\\/#primaryimage\",\"url\":\"https:\\\/\\\/www.credimex.ch\\\/wp-content\\\/uploads\\\/2022\\\/07\\\/Air-1.png\",\"contentUrl\":\"https:\\\/\\\/www.credimex.ch\\\/wp-content\\\/uploads\\\/2022\\\/07\\\/Air-1.png\",\"width\":800,\"height\":800},{\"@type\":\"BreadcrumbList\",\"@id\":\"https:\\\/\\\/www.credimex.ch\\\/fr\\\/produit\\\/sorbothane-isolation-hemispheres\\\/#breadcrumb\",\"itemListElement\":[{\"@type\":\"ListItem\",\"position\":1,\"name\":\"Home\",\"item\":\"https:\\\/\\\/www.credimex.ch\\\/fr\\\/\"},{\"@type\":\"ListItem\",\"position\":2,\"name\":\"Produits\",\"item\":\"https:\\\/\\\/www.credimex.ch\\\/fr\\\/produits\\\/\"},{\"@type\":\"ListItem\",\"position\":3,\"name\":\"H\u00e9misph\u00e8res d&rsquo;isolation en Sorbothane\u00ae.\"}]},{\"@type\":\"WebSite\",\"@id\":\"https:\\\/\\\/www.credimex.ch\\\/fr\\\/#website\",\"url\":\"https:\\\/\\\/www.credimex.ch\\\/fr\\\/\",\"name\":\"CREDIMEX\",\"description\":\"Partner of Swiss Industrial Market\",\"publisher\":{\"@id\":\"https:\\\/\\\/www.credimex.ch\\\/fr\\\/#organization\"},\"potentialAction\":[{\"@type\":\"SearchAction\",\"target\":{\"@type\":\"EntryPoint\",\"urlTemplate\":\"https:\\\/\\\/www.credimex.ch\\\/fr\\\/?s={search_term_string}\"},\"query-input\":{\"@type\":\"PropertyValueSpecification\",\"valueRequired\":true,\"valueName\":\"search_term_string\"}}],\"inLanguage\":\"fr-FR\"},{\"@type\":\"Organization\",\"@id\":\"https:\\\/\\\/www.credimex.ch\\\/fr\\\/#organization\",\"name\":\"credimex\",\"url\":\"https:\\\/\\\/www.credimex.ch\\\/fr\\\/\",\"logo\":{\"@type\":\"ImageObject\",\"inLanguage\":\"fr-FR\",\"@id\":\"https:\\\/\\\/www.credimex.ch\\\/fr\\\/#\\\/schema\\\/logo\\\/image\\\/\",\"url\":\"https:\\\/\\\/www.credimex.ch\\\/wp-content\\\/uploads\\\/2022\\\/03\\\/cropped-logo-credimex.png\",\"contentUrl\":\"https:\\\/\\\/www.credimex.ch\\\/wp-content\\\/uploads\\\/2022\\\/03\\\/cropped-logo-credimex.png\",\"width\":512,\"height\":512,\"caption\":\"credimex\"},\"image\":{\"@id\":\"https:\\\/\\\/www.credimex.ch\\\/fr\\\/#\\\/schema\\\/logo\\\/image\\\/\"},\"sameAs\":[\"https:\\\/\\\/www.facebook.com\\\/credimex.alpnach\\\/\",\"https:\\\/\\\/www.linkedin.com\\\/company\\\/credimex\\\/\",\"https:\\\/\\\/www.youtube.com\\\/@CREDIMEX?sub_confirmation=1\"]}]}<\/script>\n<!-- \/ Yoast SEO Premium plugin. -->","yoast_head_json":{"title":"H\u00e9misph\u00e8res d'isolation en Sorbothane\u00ae. - CREDIMEX","description":"Les h\u00e9misph\u00e8res d'isolation Sorbothane\u00ae offrent une m\u00e9thode sup\u00e9rieure d'isolation des appareils de banc, des petites machines et des \u00e9quipements audio\/visuels.","robots":{"index":"index","follow":"follow","max-snippet":"max-snippet:-1","max-image-preview":"max-image-preview:large","max-video-preview":"max-video-preview:-1"},"canonical":"https:\/\/www.credimex.ch\/fr\/produit\/sorbothane-isolation-hemispheres\/","og_locale":"fr_FR","og_type":"article","og_title":"H\u00e9misph\u00e8res d'isolation en Sorbothane\u00ae.","og_description":"Les h\u00e9misph\u00e8res d'isolation Sorbothane\u00ae offrent une m\u00e9thode sup\u00e9rieure d'isolation des appareils de banc, des petites machines et des \u00e9quipements audio\/visuels.","og_url":"https:\/\/www.credimex.ch\/fr\/produit\/sorbothane-isolation-hemispheres\/","og_site_name":"CREDIMEX","article_publisher":"https:\/\/www.facebook.com\/credimex.alpnach\/","og_image":[{"width":800,"height":800,"url":"https:\/\/www.credimex.ch\/wp-content\/uploads\/2022\/07\/Air-1.png","type":"image\/png"}],"twitter_card":"summary_large_image","twitter_misc":{"Dur\u00e9e de lecture estim\u00e9e":"1 minute"},"schema":{"@context":"https:\/\/schema.org","@graph":[{"@type":"WebPage","@id":"https:\/\/www.credimex.ch\/fr\/produit\/sorbothane-isolation-hemispheres\/","url":"https:\/\/www.credimex.ch\/fr\/produit\/sorbothane-isolation-hemispheres\/","name":"H\u00e9misph\u00e8res d'isolation en Sorbothane\u00ae. - CREDIMEX","isPartOf":{"@id":"https:\/\/www.credimex.ch\/fr\/#website"},"primaryImageOfPage":{"@id":"https:\/\/www.credimex.ch\/fr\/produit\/sorbothane-isolation-hemispheres\/#primaryimage"},"image":{"@id":"https:\/\/www.credimex.ch\/fr\/produit\/sorbothane-isolation-hemispheres\/#primaryimage"},"thumbnailUrl":"https:\/\/www.credimex.ch\/wp-content\/uploads\/2022\/07\/Air-1.png","datePublished":"2022-07-06T14:23:41+00:00","description":"Les h\u00e9misph\u00e8res d'isolation Sorbothane\u00ae offrent une m\u00e9thode sup\u00e9rieure d'isolation des appareils de banc, des petites machines et des \u00e9quipements audio\/visuels.","breadcrumb":{"@id":"https:\/\/www.credimex.ch\/fr\/produit\/sorbothane-isolation-hemispheres\/#breadcrumb"},"inLanguage":"fr-FR","potentialAction":[{"@type":"ReadAction","target":["https:\/\/www.credimex.ch\/fr\/produit\/sorbothane-isolation-hemispheres\/"]}]},{"@type":"ImageObject","inLanguage":"fr-FR","@id":"https:\/\/www.credimex.ch\/fr\/produit\/sorbothane-isolation-hemispheres\/#primaryimage","url":"https:\/\/www.credimex.ch\/wp-content\/uploads\/2022\/07\/Air-1.png","contentUrl":"https:\/\/www.credimex.ch\/wp-content\/uploads\/2022\/07\/Air-1.png","width":800,"height":800},{"@type":"BreadcrumbList","@id":"https:\/\/www.credimex.ch\/fr\/produit\/sorbothane-isolation-hemispheres\/#breadcrumb","itemListElement":[{"@type":"ListItem","position":1,"name":"Home","item":"https:\/\/www.credimex.ch\/fr\/"},{"@type":"ListItem","position":2,"name":"Produits","item":"https:\/\/www.credimex.ch\/fr\/produits\/"},{"@type":"ListItem","position":3,"name":"H\u00e9misph\u00e8res d&rsquo;isolation en Sorbothane\u00ae."}]},{"@type":"WebSite","@id":"https:\/\/www.credimex.ch\/fr\/#website","url":"https:\/\/www.credimex.ch\/fr\/","name":"CREDIMEX","description":"Partner of Swiss Industrial Market","publisher":{"@id":"https:\/\/www.credimex.ch\/fr\/#organization"},"potentialAction":[{"@type":"SearchAction","target":{"@type":"EntryPoint","urlTemplate":"https:\/\/www.credimex.ch\/fr\/?s={search_term_string}"},"query-input":{"@type":"PropertyValueSpecification","valueRequired":true,"valueName":"search_term_string"}}],"inLanguage":"fr-FR"},{"@type":"Organization","@id":"https:\/\/www.credimex.ch\/fr\/#organization","name":"credimex","url":"https:\/\/www.credimex.ch\/fr\/","logo":{"@type":"ImageObject","inLanguage":"fr-FR","@id":"https:\/\/www.credimex.ch\/fr\/#\/schema\/logo\/image\/","url":"https:\/\/www.credimex.ch\/wp-content\/uploads\/2022\/03\/cropped-logo-credimex.png","contentUrl":"https:\/\/www.credimex.ch\/wp-content\/uploads\/2022\/03\/cropped-logo-credimex.png","width":512,"height":512,"caption":"credimex"},"image":{"@id":"https:\/\/www.credimex.ch\/fr\/#\/schema\/logo\/image\/"},"sameAs":["https:\/\/www.facebook.com\/credimex.alpnach\/","https:\/\/www.linkedin.com\/company\/credimex\/","https:\/\/www.youtube.com\/@CREDIMEX?sub_confirmation=1"]}]}},"_links":{"self":[{"href":"https:\/\/www.credimex.ch\/fr\/wp-json\/wp\/v2\/product\/4094","targetHints":{"allow":["GET"]}}],"collection":[{"href":"https:\/\/www.credimex.ch\/fr\/wp-json\/wp\/v2\/product"}],"about":[{"href":"https:\/\/www.credimex.ch\/fr\/wp-json\/wp\/v2\/types\/product"}],"replies":[{"embeddable":true,"href":"https:\/\/www.credimex.ch\/fr\/wp-json\/wp\/v2\/comments?post=4094"}],"wp:featuredmedia":[{"embeddable":true,"href":"https:\/\/www.credimex.ch\/fr\/wp-json\/wp\/v2\/media\/3362"}],"wp:attachment":[{"href":"https:\/\/www.credimex.ch\/fr\/wp-json\/wp\/v2\/media?parent=4094"}],"wp:term":[{"taxonomy":"product_brand","embeddable":true,"href":"https:\/\/www.credimex.ch\/fr\/wp-json\/wp\/v2\/product_brand?post=4094"},{"taxonomy":"product_cat","embeddable":true,"href":"https:\/\/www.credimex.ch\/fr\/wp-json\/wp\/v2\/product_cat?post=4094"},{"taxonomy":"product_tag","embeddable":true,"href":"https:\/\/www.credimex.ch\/fr\/wp-json\/wp\/v2\/product_tag?post=4094"}],"curies":[{"name":"wp","href":"https:\/\/api.w.org\/{rel}","templated":true}]}}