{"id":4099,"date":"2022-05-17T11:30:34","date_gmt":"2022-05-17T09:30:34","guid":{"rendered":"https:\/\/www.credimex.ch.mialias.net\/product\/jax-pyro-kote-fg-cst-350\/"},"modified":"2022-05-17T11:30:34","modified_gmt":"2022-05-17T09:30:34","slug":"jax-pyro-kote-fg-cst-350-2","status":"publish","type":"product","link":"https:\/\/www.credimex.ch\/fr\/produit\/jax-pyro-kote-fg-cst-350-2\/","title":{"rendered":"JAX Pyro-Kote FG CST 350"},"content":{"rendered":"<h2>Description<\/h2>\n<p>Les huiles lubrifiantes synth\u00e9tiques haute temp\u00e9rature JAX Pyro-Kote\u00ae FG Series sont conformes \u00e0 la norme 21 CFR 178.3570 en tant que lubrifiants H1 en contact avec les aliments. Bas\u00e9es sur une nouvelle technologie, les huiles JAX Pyro-Kote\u00ae FG Series offrent une performance anti-usure exceptionnelle tout en incorporant des fluides de base synth\u00e9tiques de la plus haute qualit\u00e9 afin de maximiser la dur\u00e9e de vie utile \u00e0 des temp\u00e9ratures \u00e9lev\u00e9es. Les huiles JAX Pyro-Kote\u00ae FG Series offrent des plages de temp\u00e9ratures op\u00e9rationnelles \u00e9lev\u00e9es et des performances in\u00e9gal\u00e9es en mati\u00e8re de stabilit\u00e9 thermique et oxydative. La chimie des additifs de qualit\u00e9 alimentaire offre d&rsquo;excellentes caract\u00e9ristiques de r\u00e9duction du frottement, tandis que les bases synth\u00e9tiques exclusives offrent une stabilit\u00e9 thermique et chimique in\u00e9gal\u00e9e, \u00e9liminant pratiquement la formation de carbone dans les plages de temp\u00e9ratures recommand\u00e9es.<\/p>\n<p>Les probl\u00e8mes typiques des autres lubrifiants haute temp\u00e9rature, tels que la d\u00e9gradation thermique (formation de d\u00e9p\u00f4ts de carbone), les mauvaises caract\u00e9ristiques de volatilit\u00e9 (fum\u00e9e et \u00e9manations excessives) et la consommation \u00e9lev\u00e9e d&rsquo;huile (due \u00e0 la volatilit\u00e9 ou \u00e0 l&rsquo;\u00e9vaporation) sont \u00e9limin\u00e9s par l&rsquo;utilisation des huiles JAX Pyro-Kote\u00ae FG Series. La capacit\u00e9 des huiles JAX Pyro-Kote\u00ae FG Series \u00e0 fournir des performances rentables et \u00e0 r\u00e9soudre les probl\u00e8mes signifie une augmentation du temps de production, des \u00e9conomies sur les co\u00fbts de maintenance et une r\u00e9duction de la consommation de lubrifiants.<\/p>\n<h2>Avantages du produit<\/h2>\n<ul>\n<li>Volatilit\u00e9 extr\u00eamement faible &#8211; Les caract\u00e9ristiques d&rsquo;\u00e9vaporation et de volatilisation des lubrifiants pour cha\u00eenes \u00e0 haute temp\u00e9rature sont essentielles pour maintenir un film lubrifiant liquide \u00e0 des temp\u00e9ratures \u00e9lev\u00e9es. La r\u00e9duction de l&rsquo;\u00e9vaporation et de la volatilisation permet d&rsquo;am\u00e9liorer les performances de mouillage des m\u00e9taux, d&rsquo;allonger consid\u00e9rablement les intervalles de lubrification, de r\u00e9duire la consommation de lubrifiant, de diminuer la fum\u00e9e et de supprimer les odeurs d\u00e9sagr\u00e9ables. Les huiles JAX Pyro-Kote\u00ae FG Series pr\u00e9sentent une volatilit\u00e9 extr\u00eamement faible et maximisent le \u00a0\u00bb temps de s\u00e9jour \u00ab\u00a0, augmentant ainsi le temps disponible pour que le lubrifiant migre vers les points de friction critiques des composants de la cha\u00eene.<\/li>\n<li>La stabilit\u00e9 thermique et oxydative d&rsquo;un lubrifiant en fonctionnement \u00e0 haute temp\u00e9rature est essentielle \u00e0 la protection et \u00e0 la performance de la cha\u00eene ou du convoyeur qu&rsquo;il est cens\u00e9 lubrifier.Une mauvaise performance thermique et oxydative entra\u00eenant des d\u00e9p\u00f4ts carbon\u00e9s durs et abrasifs est \u00e0 l&rsquo;origine de la majorit\u00e9 des d\u00e9faillances et de l&rsquo;usure des cha\u00eenes.Lorsque des d\u00e9p\u00f4ts se forment, les voies critiques du lubrifiant vers les points de pivotement sont bloqu\u00e9es, ce qui entra\u00eene une usure acc\u00e9l\u00e9r\u00e9e de la cha\u00eene en raison de l&rsquo;absence de lubrifiant.<\/li>\n<\/ul>\n<h2>Applications<\/h2>\n<p>Les huiles JAX Pyro-Kote\u00ae FG Series constituent la principale recommandation pour les applications telles que la boulangerie, la cuisine, ou partout o\u00f9 un lubrifiant pr\u00e9sentant des performances exceptionnelles \u00e0 haute temp\u00e9rature et une certification NSF H1 est n\u00e9cessaire. La plage de temp\u00e9rature de fonctionnement recommand\u00e9e va jusqu&rsquo;\u00e0 315\u00b0C (600\u00b0F) avec des intervalles de relubrification appropri\u00e9s. Les huiles JAX Pyro-Kote\u00ae FG Series sont compatibles avec la plupart des joints, peintures, huiles de p\u00e9trole et m\u00e9taux, y compris les composants de type bronze. Les huiles JAX Pyro Kote\u00ae FG Series peuvent \u00e9galement \u00eatre utilis\u00e9es pour diverses applications, telles que les engrenages et les roulements ou partout o\u00f9 un lubrifiant anti-usure et haute temp\u00e9rature est n\u00e9cessaire. Les huiles JAX Pyro-Kote\u00ae FG Series peuvent \u00eatre appliqu\u00e9es manuellement ou automatiquement sur les cha\u00eenes. Dans le cas de la lubrification des cha\u00eenes, la relubrification d\u00e9pend de la conception et de la longueur de la cha\u00eene, de la m\u00e9thode de lubrification et des conditions de fonctionnement.<\/p>\n<p>[Bien que ces huiles soient stables \u00e0 haute temp\u00e9rature, il convient de surveiller les intervalles de relubrification et d&rsquo;inspecter p\u00e9riodiquement le syst\u00e8me pour s&rsquo;assurer qu&rsquo;il y a une quantit\u00e9 suffisante d&rsquo;huile sur les composants \u00e0 des temp\u00e9ratures sup\u00e9rieures \u00e0 356\u00b0F (180\u00b0C)].<\/p>\n<p>L&rsquo;\u00e9tablissement d&rsquo;intervalles de relubrification appropri\u00e9s peut r\u00e9duire les co\u00fbts de lubrifiant en optimisant la lubrification de la cha\u00eene et en r\u00e9duisant la consommation d&rsquo;huile. Faites tr\u00e8s attention lorsque vous ajustez les intervalles de lubrification et les quantit\u00e9s appliqu\u00e9es. Consulter les recommandations du fabricant et ajuster en cons\u00e9quence.<\/p>\n","protected":false},"excerpt":{"rendered":"<p><strong>JAX Pyro-Kote FG CST 350<\/strong> est une huile lubrifiante synth\u00e9tique haute temp\u00e9rature qui offre une performance anti-usure exceptionnelle tout en incorporant des fluides de base synth\u00e9tiques de la plus haute qualit\u00e9 afin de maximiser la dur\u00e9e de vie utile \u00e0 des temp\u00e9ratures \u00e9lev\u00e9es.<\/p>\n","protected":false},"featured_media":2932,"comment_status":"open","ping_status":"closed","template":"","meta":{"_acf_changed":false},"product_brand":[],"product_cat":[343,361,638,363,342],"product_tag":[],"class_list":{"0":"post-4099","1":"product","2":"type-product","3":"status-publish","4":"has-post-thumbnail","6":"product_cat-huile","7":"product_cat-industrie-alimentaire","8":"product_cat-jax","9":"product_cat-lubrifiants-de-qualite-alimentaire","10":"product_cat-lubrifiants-industriels","11":"pa_brands-jax-fr","13":"first","14":"instock","15":"shipping-taxable","16":"product-type-simple"},"acf":[],"_yoast_wpseo_focuskw":"JAX Pyro-Kote FG CST 350","_yoast_wpseo_metadesc":"JAX Pyro-Kote FG CST 350 est une huile lubrifiante synth\u00e9tique haute temp\u00e9rature qui offre une performance anti-usure exceptionnelle tout en incorporant des fluides de base synth\u00e9tiques de la plus haute qualit\u00e9 afin de maximiser la dur\u00e9e de vie utile \u00e0 des temp\u00e9ratures \u00e9lev\u00e9es.","yoast_head":"<!-- This site is optimized with the Yoast SEO Premium plugin v21.6 (Yoast SEO v27.4) - https:\/\/yoast.com\/product\/yoast-seo-premium-wordpress\/ -->\n<title>JAX Pyro-Kote FG CST 350 - CREDIMEX<\/title>\n<meta name=\"description\" content=\"JAX Pyro-Kote FG CST 350 est une huile lubrifiante synth\u00e9tique haute temp\u00e9rature qui offre une performance anti-usure exceptionnelle tout en incorporant des fluides de base synth\u00e9tiques de la plus haute qualit\u00e9 afin de maximiser la dur\u00e9e de vie utile \u00e0 des temp\u00e9ratures \u00e9lev\u00e9es.\" \/>\n<meta name=\"robots\" content=\"index, follow, max-snippet:-1, max-image-preview:large, max-video-preview:-1\" \/>\n<link rel=\"canonical\" href=\"https:\/\/www.credimex.ch\/fr\/produit\/jax-pyro-kote-fg-cst-350-2\/\" \/>\n<meta property=\"og:locale\" content=\"fr_FR\" \/>\n<meta property=\"og:type\" content=\"article\" \/>\n<meta property=\"og:title\" content=\"JAX Pyro-Kote FG CST 350\" \/>\n<meta property=\"og:description\" content=\"JAX Pyro-Kote FG CST 350 est une huile lubrifiante synth\u00e9tique haute temp\u00e9rature qui offre une performance anti-usure exceptionnelle tout en incorporant des fluides de base synth\u00e9tiques de la plus haute qualit\u00e9 afin de maximiser la dur\u00e9e de vie utile \u00e0 des temp\u00e9ratures \u00e9lev\u00e9es.\" \/>\n<meta property=\"og:url\" content=\"https:\/\/www.credimex.ch\/fr\/produit\/jax-pyro-kote-fg-cst-350-2\/\" \/>\n<meta property=\"og:site_name\" content=\"CREDIMEX\" \/>\n<meta property=\"article:publisher\" content=\"https:\/\/www.facebook.com\/credimex.alpnach\/\" \/>\n<meta property=\"og:image\" content=\"https:\/\/www.credimex.ch\/wp-content\/uploads\/2022\/05\/Pyro-Kote-FG-220.jpeg\" \/>\n\t<meta property=\"og:image:width\" content=\"800\" \/>\n\t<meta property=\"og:image:height\" content=\"800\" \/>\n\t<meta property=\"og:image:type\" content=\"image\/jpeg\" \/>\n<meta name=\"twitter:card\" content=\"summary_large_image\" \/>\n<meta name=\"twitter:label1\" content=\"Dur\u00e9e de lecture estim\u00e9e\" \/>\n\t<meta name=\"twitter:data1\" content=\"4 minutes\" \/>\n<script type=\"application\/ld+json\" class=\"yoast-schema-graph\">{\"@context\":\"https:\\\/\\\/schema.org\",\"@graph\":[{\"@type\":\"WebPage\",\"@id\":\"https:\\\/\\\/www.credimex.ch\\\/fr\\\/produit\\\/jax-pyro-kote-fg-cst-350-2\\\/\",\"url\":\"https:\\\/\\\/www.credimex.ch\\\/fr\\\/produit\\\/jax-pyro-kote-fg-cst-350-2\\\/\",\"name\":\"JAX Pyro-Kote FG CST 350 - CREDIMEX\",\"isPartOf\":{\"@id\":\"https:\\\/\\\/www.credimex.ch\\\/fr\\\/#website\"},\"primaryImageOfPage\":{\"@id\":\"https:\\\/\\\/www.credimex.ch\\\/fr\\\/produit\\\/jax-pyro-kote-fg-cst-350-2\\\/#primaryimage\"},\"image\":{\"@id\":\"https:\\\/\\\/www.credimex.ch\\\/fr\\\/produit\\\/jax-pyro-kote-fg-cst-350-2\\\/#primaryimage\"},\"thumbnailUrl\":\"https:\\\/\\\/www.credimex.ch\\\/wp-content\\\/uploads\\\/2022\\\/05\\\/Pyro-Kote-FG-220.jpeg\",\"datePublished\":\"2022-05-17T09:30:34+00:00\",\"description\":\"JAX Pyro-Kote FG CST 350 est une huile lubrifiante synth\u00e9tique haute temp\u00e9rature qui offre une performance anti-usure exceptionnelle tout en incorporant des fluides de base synth\u00e9tiques de la plus haute qualit\u00e9 afin de maximiser la dur\u00e9e de vie utile \u00e0 des temp\u00e9ratures \u00e9lev\u00e9es.\",\"breadcrumb\":{\"@id\":\"https:\\\/\\\/www.credimex.ch\\\/fr\\\/produit\\\/jax-pyro-kote-fg-cst-350-2\\\/#breadcrumb\"},\"inLanguage\":\"fr-FR\",\"potentialAction\":[{\"@type\":\"ReadAction\",\"target\":[\"https:\\\/\\\/www.credimex.ch\\\/fr\\\/produit\\\/jax-pyro-kote-fg-cst-350-2\\\/\"]}]},{\"@type\":\"ImageObject\",\"inLanguage\":\"fr-FR\",\"@id\":\"https:\\\/\\\/www.credimex.ch\\\/fr\\\/produit\\\/jax-pyro-kote-fg-cst-350-2\\\/#primaryimage\",\"url\":\"https:\\\/\\\/www.credimex.ch\\\/wp-content\\\/uploads\\\/2022\\\/05\\\/Pyro-Kote-FG-220.jpeg\",\"contentUrl\":\"https:\\\/\\\/www.credimex.ch\\\/wp-content\\\/uploads\\\/2022\\\/05\\\/Pyro-Kote-FG-220.jpeg\",\"width\":800,\"height\":800},{\"@type\":\"BreadcrumbList\",\"@id\":\"https:\\\/\\\/www.credimex.ch\\\/fr\\\/produit\\\/jax-pyro-kote-fg-cst-350-2\\\/#breadcrumb\",\"itemListElement\":[{\"@type\":\"ListItem\",\"position\":1,\"name\":\"Home\",\"item\":\"https:\\\/\\\/www.credimex.ch\\\/fr\\\/\"},{\"@type\":\"ListItem\",\"position\":2,\"name\":\"Produits\",\"item\":\"https:\\\/\\\/www.credimex.ch\\\/fr\\\/produits\\\/\"},{\"@type\":\"ListItem\",\"position\":3,\"name\":\"JAX Pyro-Kote FG CST 350\"}]},{\"@type\":\"WebSite\",\"@id\":\"https:\\\/\\\/www.credimex.ch\\\/fr\\\/#website\",\"url\":\"https:\\\/\\\/www.credimex.ch\\\/fr\\\/\",\"name\":\"CREDIMEX\",\"description\":\"Partner of Swiss Industrial Market\",\"publisher\":{\"@id\":\"https:\\\/\\\/www.credimex.ch\\\/fr\\\/#organization\"},\"potentialAction\":[{\"@type\":\"SearchAction\",\"target\":{\"@type\":\"EntryPoint\",\"urlTemplate\":\"https:\\\/\\\/www.credimex.ch\\\/fr\\\/?s={search_term_string}\"},\"query-input\":{\"@type\":\"PropertyValueSpecification\",\"valueRequired\":true,\"valueName\":\"search_term_string\"}}],\"inLanguage\":\"fr-FR\"},{\"@type\":\"Organization\",\"@id\":\"https:\\\/\\\/www.credimex.ch\\\/fr\\\/#organization\",\"name\":\"credimex\",\"url\":\"https:\\\/\\\/www.credimex.ch\\\/fr\\\/\",\"logo\":{\"@type\":\"ImageObject\",\"inLanguage\":\"fr-FR\",\"@id\":\"https:\\\/\\\/www.credimex.ch\\\/fr\\\/#\\\/schema\\\/logo\\\/image\\\/\",\"url\":\"https:\\\/\\\/www.credimex.ch\\\/wp-content\\\/uploads\\\/2022\\\/03\\\/cropped-logo-credimex.png\",\"contentUrl\":\"https:\\\/\\\/www.credimex.ch\\\/wp-content\\\/uploads\\\/2022\\\/03\\\/cropped-logo-credimex.png\",\"width\":512,\"height\":512,\"caption\":\"credimex\"},\"image\":{\"@id\":\"https:\\\/\\\/www.credimex.ch\\\/fr\\\/#\\\/schema\\\/logo\\\/image\\\/\"},\"sameAs\":[\"https:\\\/\\\/www.facebook.com\\\/credimex.alpnach\\\/\",\"https:\\\/\\\/www.linkedin.com\\\/company\\\/credimex\\\/\",\"https:\\\/\\\/www.youtube.com\\\/@CREDIMEX?sub_confirmation=1\"]}]}<\/script>\n<!-- \/ Yoast SEO Premium plugin. -->","yoast_head_json":{"title":"JAX Pyro-Kote FG CST 350 - CREDIMEX","description":"JAX Pyro-Kote FG CST 350 est une huile lubrifiante synth\u00e9tique haute temp\u00e9rature qui offre une performance anti-usure exceptionnelle tout en incorporant des fluides de base synth\u00e9tiques de la plus haute qualit\u00e9 afin de maximiser la dur\u00e9e de vie utile \u00e0 des temp\u00e9ratures \u00e9lev\u00e9es.","robots":{"index":"index","follow":"follow","max-snippet":"max-snippet:-1","max-image-preview":"max-image-preview:large","max-video-preview":"max-video-preview:-1"},"canonical":"https:\/\/www.credimex.ch\/fr\/produit\/jax-pyro-kote-fg-cst-350-2\/","og_locale":"fr_FR","og_type":"article","og_title":"JAX Pyro-Kote FG CST 350","og_description":"JAX Pyro-Kote FG CST 350 est une huile lubrifiante synth\u00e9tique haute temp\u00e9rature qui offre une performance anti-usure exceptionnelle tout en incorporant des fluides de base synth\u00e9tiques de la plus haute qualit\u00e9 afin de maximiser la dur\u00e9e de vie utile \u00e0 des temp\u00e9ratures \u00e9lev\u00e9es.","og_url":"https:\/\/www.credimex.ch\/fr\/produit\/jax-pyro-kote-fg-cst-350-2\/","og_site_name":"CREDIMEX","article_publisher":"https:\/\/www.facebook.com\/credimex.alpnach\/","og_image":[{"width":800,"height":800,"url":"https:\/\/www.credimex.ch\/wp-content\/uploads\/2022\/05\/Pyro-Kote-FG-220.jpeg","type":"image\/jpeg"}],"twitter_card":"summary_large_image","twitter_misc":{"Dur\u00e9e de lecture estim\u00e9e":"4 minutes"},"schema":{"@context":"https:\/\/schema.org","@graph":[{"@type":"WebPage","@id":"https:\/\/www.credimex.ch\/fr\/produit\/jax-pyro-kote-fg-cst-350-2\/","url":"https:\/\/www.credimex.ch\/fr\/produit\/jax-pyro-kote-fg-cst-350-2\/","name":"JAX Pyro-Kote FG CST 350 - CREDIMEX","isPartOf":{"@id":"https:\/\/www.credimex.ch\/fr\/#website"},"primaryImageOfPage":{"@id":"https:\/\/www.credimex.ch\/fr\/produit\/jax-pyro-kote-fg-cst-350-2\/#primaryimage"},"image":{"@id":"https:\/\/www.credimex.ch\/fr\/produit\/jax-pyro-kote-fg-cst-350-2\/#primaryimage"},"thumbnailUrl":"https:\/\/www.credimex.ch\/wp-content\/uploads\/2022\/05\/Pyro-Kote-FG-220.jpeg","datePublished":"2022-05-17T09:30:34+00:00","description":"JAX Pyro-Kote FG CST 350 est une huile lubrifiante synth\u00e9tique haute temp\u00e9rature qui offre une performance anti-usure exceptionnelle tout en incorporant des fluides de base synth\u00e9tiques de la plus haute qualit\u00e9 afin de maximiser la dur\u00e9e de vie utile \u00e0 des temp\u00e9ratures \u00e9lev\u00e9es.","breadcrumb":{"@id":"https:\/\/www.credimex.ch\/fr\/produit\/jax-pyro-kote-fg-cst-350-2\/#breadcrumb"},"inLanguage":"fr-FR","potentialAction":[{"@type":"ReadAction","target":["https:\/\/www.credimex.ch\/fr\/produit\/jax-pyro-kote-fg-cst-350-2\/"]}]},{"@type":"ImageObject","inLanguage":"fr-FR","@id":"https:\/\/www.credimex.ch\/fr\/produit\/jax-pyro-kote-fg-cst-350-2\/#primaryimage","url":"https:\/\/www.credimex.ch\/wp-content\/uploads\/2022\/05\/Pyro-Kote-FG-220.jpeg","contentUrl":"https:\/\/www.credimex.ch\/wp-content\/uploads\/2022\/05\/Pyro-Kote-FG-220.jpeg","width":800,"height":800},{"@type":"BreadcrumbList","@id":"https:\/\/www.credimex.ch\/fr\/produit\/jax-pyro-kote-fg-cst-350-2\/#breadcrumb","itemListElement":[{"@type":"ListItem","position":1,"name":"Home","item":"https:\/\/www.credimex.ch\/fr\/"},{"@type":"ListItem","position":2,"name":"Produits","item":"https:\/\/www.credimex.ch\/fr\/produits\/"},{"@type":"ListItem","position":3,"name":"JAX Pyro-Kote FG CST 350"}]},{"@type":"WebSite","@id":"https:\/\/www.credimex.ch\/fr\/#website","url":"https:\/\/www.credimex.ch\/fr\/","name":"CREDIMEX","description":"Partner of Swiss Industrial Market","publisher":{"@id":"https:\/\/www.credimex.ch\/fr\/#organization"},"potentialAction":[{"@type":"SearchAction","target":{"@type":"EntryPoint","urlTemplate":"https:\/\/www.credimex.ch\/fr\/?s={search_term_string}"},"query-input":{"@type":"PropertyValueSpecification","valueRequired":true,"valueName":"search_term_string"}}],"inLanguage":"fr-FR"},{"@type":"Organization","@id":"https:\/\/www.credimex.ch\/fr\/#organization","name":"credimex","url":"https:\/\/www.credimex.ch\/fr\/","logo":{"@type":"ImageObject","inLanguage":"fr-FR","@id":"https:\/\/www.credimex.ch\/fr\/#\/schema\/logo\/image\/","url":"https:\/\/www.credimex.ch\/wp-content\/uploads\/2022\/03\/cropped-logo-credimex.png","contentUrl":"https:\/\/www.credimex.ch\/wp-content\/uploads\/2022\/03\/cropped-logo-credimex.png","width":512,"height":512,"caption":"credimex"},"image":{"@id":"https:\/\/www.credimex.ch\/fr\/#\/schema\/logo\/image\/"},"sameAs":["https:\/\/www.facebook.com\/credimex.alpnach\/","https:\/\/www.linkedin.com\/company\/credimex\/","https:\/\/www.youtube.com\/@CREDIMEX?sub_confirmation=1"]}]}},"_links":{"self":[{"href":"https:\/\/www.credimex.ch\/fr\/wp-json\/wp\/v2\/product\/4099","targetHints":{"allow":["GET"]}}],"collection":[{"href":"https:\/\/www.credimex.ch\/fr\/wp-json\/wp\/v2\/product"}],"about":[{"href":"https:\/\/www.credimex.ch\/fr\/wp-json\/wp\/v2\/types\/product"}],"replies":[{"embeddable":true,"href":"https:\/\/www.credimex.ch\/fr\/wp-json\/wp\/v2\/comments?post=4099"}],"wp:featuredmedia":[{"embeddable":true,"href":"https:\/\/www.credimex.ch\/fr\/wp-json\/wp\/v2\/media\/2932"}],"wp:attachment":[{"href":"https:\/\/www.credimex.ch\/fr\/wp-json\/wp\/v2\/media?parent=4099"}],"wp:term":[{"taxonomy":"product_brand","embeddable":true,"href":"https:\/\/www.credimex.ch\/fr\/wp-json\/wp\/v2\/product_brand?post=4099"},{"taxonomy":"product_cat","embeddable":true,"href":"https:\/\/www.credimex.ch\/fr\/wp-json\/wp\/v2\/product_cat?post=4099"},{"taxonomy":"product_tag","embeddable":true,"href":"https:\/\/www.credimex.ch\/fr\/wp-json\/wp\/v2\/product_tag?post=4099"}],"curies":[{"name":"wp","href":"https:\/\/api.w.org\/{rel}","templated":true}]}}