{"id":4101,"date":"2022-05-17T10:57:20","date_gmt":"2022-05-17T08:57:20","guid":{"rendered":"https:\/\/www.credimex.ch.mialias.net\/product\/jax-compresyn-545-iso-100\/"},"modified":"2022-05-17T10:57:20","modified_gmt":"2022-05-17T08:57:20","slug":"jax-compresyn-545-2","status":"publish","type":"product","link":"https:\/\/www.credimex.ch\/fr\/produit\/jax-compresyn-545-2\/","title":{"rendered":"Jax COMPRESYN\u00ae 545 &#8211; ISO 100"},"content":{"rendered":"<h2>Description<\/h2>\n<p>Les fluides pour compresseurs et pompes \u00e0 vide de la s\u00e9rie COMPRESYN\u00ae 545 sont nos lubrifiants brevet\u00e9s de premi\u00e8re qualit\u00e9 (brevet n\u00b0 US8, 183, 188 B2) destin\u00e9s \u00e0 \u00eatre utilis\u00e9s dans divers \u00e9quipements de compresseurs d&rsquo;air et de pompes \u00e0 vide et dans des applications critiques. Les caract\u00e9ristiques de performance essentielles comprennent une faible volatilit\u00e9 des fluides, une meilleure d\u00e9s\u00e9mulsibilit\u00e9 \u00e0 l&rsquo;eau, une stabilit\u00e9 hydrolytique sup\u00e9rieure, un meilleur effet d&rsquo;\u00e9tanch\u00e9it\u00e9, une r\u00e9duction de la friction, une meilleure protection contre l&rsquo;usure et des caract\u00e9ristiques sup\u00e9rieures de dispersion des fluides pour \u00e9liminer les tendances \u00e0 la formation de boues et de d\u00e9p\u00f4ts.<\/p>\n<p>Les huiles pour compresseurs et pompes \u00e0 vide de la s\u00e9rie COMPRESYN\u00ae 545 sont enti\u00e8rement conformes \u00e0 la norme 21 CFR 178.3570 et r\u00e9pondent aux exigences de la norme USDA\/NSF H1 (lubrifiants ayant un contact accidentel avec les aliments).<\/p>\n<p>Les lubrifiants de la s\u00e9rie COMPRESYN\u00ae 545 sont compos\u00e9s d&rsquo;un m\u00e9lange d&rsquo;huiles de base synth\u00e9tiques de qualit\u00e9 alimentaire \u00e0 100 % de la prochaine g\u00e9n\u00e9ration et de technologies d&rsquo;additifs de pointe afin d&rsquo;offrir une performance sup\u00e9rieure \u00e0 celle des huiles lubrifiantes concurrentes. Nos formules brevet\u00e9es, fond\u00e9es sur des travaux de recherche et de d\u00e9veloppement approfondis et sur des essais sur le terrain, procurent aux fluides COMPRESYN\u00ae 545 une combinaison optimis\u00e9e d&rsquo;agents antiusure, d&rsquo;inhibiteurs de rouille et d&rsquo;antioxydants qui pr\u00e9sentent un avantage synergique sur les huiles traditionnelles pour compresseurs d&rsquo;air et pompes \u00e0 vide.<\/p>\n<h2>Avantages du produit<\/h2>\n<ul>\n<li>Une protection anti-usure exceptionnelle pour la protection des pompes<\/li>\n<li>R\u00e9siste \u00e0 la formation de mousse, de boue, de vernis et d&rsquo;acides corrosifs.<\/li>\n<li>Une stabilit\u00e9 sup\u00e9rieure \u00e0 la rouille et \u00e0 l&rsquo;oxydation pour une longue dur\u00e9e de vie sans probl\u00e8me.<\/li>\n<li>Hydrolytiquement stable et se s\u00e9parant facilement de l&rsquo;eau<\/li>\n<li>Caract\u00e9ristiques de dispersion sup\u00e9rieures pour prolonger les intervalles de drainage<\/li>\n<\/ul>\n<p>Le fluide de base synth\u00e9tique alkyl\u00e9 de qualit\u00e9 alimentaire utilis\u00e9 dans le COMPRESYN\u00ae 545 pr\u00e9sente plusieurs avantages par rapport aux fluides de base synth\u00e9tiques classiques tels que les polyalphaol\u00e9fines (PAO) et les esters. Bien que les PAO r\u00e9sistent mieux \u00e0 la chaleur et \u00e0 l&rsquo;oxydation que les huiles min\u00e9rales, ils sont essentiellement des huiles paraffiniques synth\u00e9tis\u00e9es et sont sujets \u00e0 la carbonisation abrasive et aux d\u00e9p\u00f4ts dans les composants de l&rsquo;\u00e9quipement.<\/p>\n<p>De plus, ils n&rsquo;apportent aucune dispersion ou solvabilit\u00e9 au lubrifiant pour emp\u00eacher l&rsquo;agglom\u00e9ration (d\u00e9p\u00f4t) des mat\u00e9riaux ing\u00e9r\u00e9s. Les esters, tout en poss\u00e9dant des caract\u00e9ristiques de solvabilit\u00e9 et de dispersion qui sont b\u00e9n\u00e9fiques dans l&rsquo;application, souffrent d&rsquo;instabilit\u00e9s hydrolytiques. L&rsquo;eau entra\u00een\u00e9e dans le lubrifiant peut provoquer l&rsquo;hydrolyse de l&rsquo;ester, le d\u00e9composant en produits constitutifs tels que des acides et des alcools qui peuvent vernir les composants et entra\u00eener une d\u00e9faillance pr\u00e9matur\u00e9e. Les naphtal\u00e8nes alkyl\u00e9s synth\u00e9tiques utilis\u00e9s dans le COMPRESYN\u00ae 545 offrent des caract\u00e9ristiques de solvabilit\u00e9 et de dispersion semblables \u00e0 celles des esters, mais ne souffrent pas d&rsquo;instabilit\u00e9 hydrolytique. En outre, ils ne forment pas de d\u00e9p\u00f4ts abrasifs comme ceux form\u00e9s par les huiles min\u00e9rales et les PAO.<\/p>\n<h3>Protection contre l&rsquo;usure<\/h3>\n<p>Les produits de la s\u00e9rie COMPRESYN\u00ae 545 ont \u00e9t\u00e9 sp\u00e9cialement formul\u00e9s pour offrir une protection accrue contre l&rsquo;usure. Des \u00e9tudes ont d\u00e9montr\u00e9 que la chimie des additifs de la s\u00e9rie COMPRESYN\u00ae 545 r\u00e9duit consid\u00e9rablement l&rsquo;usure par rapport aux huiles classiques, ce qui augmente de fa\u00e7on spectaculaire la dur\u00e9e de vie des composants.<\/p>\n<p>Stabilit\u00e9 thermique et oxydative<br \/>\nLa s\u00e9rie COMPRESYN\u00ae 545 surpasse les fluides synth\u00e9tiques et classiques sur le plan de la stabilit\u00e9 thermique et de la stabilit\u00e9 \u00e0 l&rsquo;oxydation, comme le d\u00e9montre l&rsquo;essai d&rsquo;oxydation dans un appareil \u00e0 pression rotatif (ASTM D 2272). Cette performance accrue se traduit par des intervalles de vidange plus longs, un fonctionnement sans probl\u00e8me et une r\u00e9sistance accrue au vernissage.<\/p>\n<h3>S\u00e9paration de l&rsquo;eau et entra\u00eenement de l&rsquo;air<\/h3>\n<p>La s\u00e9rie COMPRESYN\u00ae 545 se s\u00e9pare facilement de l&rsquo;eau et de l&rsquo;air, ce qui \u00e9limine les \u00e9mulsions qui nuisent \u00e0 la capacit\u00e9 de lubrification de l&rsquo;huile, r\u00e9duit le risque de formation de d\u00e9p\u00f4ts et am\u00e9liore l&rsquo;efficacit\u00e9. La s\u00e9paration rapide de l&rsquo;eau assure un drainage facile du carter, ce qui r\u00e9duit le risque de rouille et de corrosion des composants du syst\u00e8me.<\/p>\n<h2>Application<\/h2>\n<p>La s\u00e9rie COMPRESYN\u00ae 545 peut \u00eatre utilis\u00e9e de 8 000 \u00e0 10 000 heures et plus pour de nombreuses applications de compresseurs, sous r\u00e9serve des conditions de fonctionnement et des pratiques d&rsquo;entretien. Un contr\u00f4le par analyse de l&rsquo;huile \u00e0 intervalles de 500 heures est recommand\u00e9. [Lorsque la temp\u00e9rature de refoulement d\u00e9passe 96\u00b0C (205\u00b0F), la dur\u00e9e de vie du lubrifiant est r\u00e9duite].<\/p>\n","protected":false},"excerpt":{"rendered":"<p><strong>Jax COMPRESYN\u00ae 545<\/strong> est un lubrifiant brevet\u00e9 de premi\u00e8re qualit\u00e9 destin\u00e9 \u00e0 \u00eatre utilis\u00e9 dans une vari\u00e9t\u00e9 d&rsquo;\u00e9quipements de compresseurs d&rsquo;air et de pompes \u00e0 vide et dans des applications critiques.<\/p>\n","protected":false},"featured_media":2930,"comment_status":"open","ping_status":"closed","template":"","meta":{"_acf_changed":false},"product_brand":[],"product_cat":[343,361,638,363,342],"product_tag":[],"class_list":{"0":"post-4101","1":"product","2":"type-product","3":"status-publish","4":"has-post-thumbnail","6":"product_cat-huile","7":"product_cat-industrie-alimentaire","8":"product_cat-jax","9":"product_cat-lubrifiants-de-qualite-alimentaire","10":"product_cat-lubrifiants-industriels","11":"pa_brands-jax-fr","13":"first","14":"instock","15":"shipping-taxable","16":"product-type-simple"},"acf":[],"_yoast_wpseo_focuskw":"Jax COMPRESYN\u00ae 545","_yoast_wpseo_metadesc":"Jax COMPRESYN\u00ae 545 est un lubrifiant brevet\u00e9 de premi\u00e8re qualit\u00e9 destin\u00e9 \u00e0 \u00eatre utilis\u00e9 dans une vari\u00e9t\u00e9 d'\u00e9quipements de compresseurs d'air et de pompes \u00e0 vide et dans des applications critiques.","yoast_head":"<!-- This site is optimized with the Yoast SEO Premium plugin v21.6 (Yoast SEO v27.4) - https:\/\/yoast.com\/product\/yoast-seo-premium-wordpress\/ -->\n<title>Jax COMPRESYN\u00ae 545 - ISO 100 - CREDIMEX<\/title>\n<meta name=\"description\" content=\"Jax COMPRESYN\u00ae 545 est un lubrifiant brevet\u00e9 de premi\u00e8re qualit\u00e9 destin\u00e9 \u00e0 \u00eatre utilis\u00e9 dans une vari\u00e9t\u00e9 d&#039;\u00e9quipements de compresseurs d&#039;air et de pompes \u00e0 vide et dans des applications critiques.\" \/>\n<meta name=\"robots\" content=\"index, follow, max-snippet:-1, max-image-preview:large, max-video-preview:-1\" \/>\n<link rel=\"canonical\" href=\"https:\/\/www.credimex.ch\/fr\/produit\/jax-compresyn-545-2\/\" \/>\n<meta property=\"og:locale\" content=\"fr_FR\" \/>\n<meta property=\"og:type\" content=\"article\" \/>\n<meta property=\"og:title\" content=\"Jax COMPRESYN\u00ae 545 - ISO 100\" \/>\n<meta property=\"og:description\" content=\"Jax COMPRESYN\u00ae 545 est un lubrifiant brevet\u00e9 de premi\u00e8re qualit\u00e9 destin\u00e9 \u00e0 \u00eatre utilis\u00e9 dans une vari\u00e9t\u00e9 d&#039;\u00e9quipements de compresseurs d&#039;air et de pompes \u00e0 vide et dans des applications critiques.\" \/>\n<meta property=\"og:url\" content=\"https:\/\/www.credimex.ch\/fr\/produit\/jax-compresyn-545-2\/\" \/>\n<meta property=\"og:site_name\" content=\"CREDIMEX\" \/>\n<meta property=\"article:publisher\" content=\"https:\/\/www.facebook.com\/credimex.alpnach\/\" \/>\n<meta property=\"og:image\" content=\"https:\/\/www.credimex.ch\/wp-content\/uploads\/2022\/05\/Jax-Compresyn-545-I.jpeg\" \/>\n\t<meta property=\"og:image:width\" content=\"800\" \/>\n\t<meta property=\"og:image:height\" content=\"800\" \/>\n\t<meta property=\"og:image:type\" content=\"image\/jpeg\" \/>\n<meta name=\"twitter:card\" content=\"summary_large_image\" \/>\n<meta name=\"twitter:label1\" content=\"Dur\u00e9e de lecture estim\u00e9e\" \/>\n\t<meta name=\"twitter:data1\" content=\"4 minutes\" \/>\n<script type=\"application\/ld+json\" class=\"yoast-schema-graph\">{\"@context\":\"https:\\\/\\\/schema.org\",\"@graph\":[{\"@type\":\"WebPage\",\"@id\":\"https:\\\/\\\/www.credimex.ch\\\/fr\\\/produit\\\/jax-compresyn-545-2\\\/\",\"url\":\"https:\\\/\\\/www.credimex.ch\\\/fr\\\/produit\\\/jax-compresyn-545-2\\\/\",\"name\":\"Jax COMPRESYN\u00ae 545 - ISO 100 - CREDIMEX\",\"isPartOf\":{\"@id\":\"https:\\\/\\\/www.credimex.ch\\\/fr\\\/#website\"},\"primaryImageOfPage\":{\"@id\":\"https:\\\/\\\/www.credimex.ch\\\/fr\\\/produit\\\/jax-compresyn-545-2\\\/#primaryimage\"},\"image\":{\"@id\":\"https:\\\/\\\/www.credimex.ch\\\/fr\\\/produit\\\/jax-compresyn-545-2\\\/#primaryimage\"},\"thumbnailUrl\":\"https:\\\/\\\/www.credimex.ch\\\/wp-content\\\/uploads\\\/2022\\\/05\\\/Jax-Compresyn-545-I.jpeg\",\"datePublished\":\"2022-05-17T08:57:20+00:00\",\"description\":\"Jax COMPRESYN\u00ae 545 est un lubrifiant brevet\u00e9 de premi\u00e8re qualit\u00e9 destin\u00e9 \u00e0 \u00eatre utilis\u00e9 dans une vari\u00e9t\u00e9 d'\u00e9quipements de compresseurs d'air et de pompes \u00e0 vide et dans des applications critiques.\",\"breadcrumb\":{\"@id\":\"https:\\\/\\\/www.credimex.ch\\\/fr\\\/produit\\\/jax-compresyn-545-2\\\/#breadcrumb\"},\"inLanguage\":\"fr-FR\",\"potentialAction\":[{\"@type\":\"ReadAction\",\"target\":[\"https:\\\/\\\/www.credimex.ch\\\/fr\\\/produit\\\/jax-compresyn-545-2\\\/\"]}]},{\"@type\":\"ImageObject\",\"inLanguage\":\"fr-FR\",\"@id\":\"https:\\\/\\\/www.credimex.ch\\\/fr\\\/produit\\\/jax-compresyn-545-2\\\/#primaryimage\",\"url\":\"https:\\\/\\\/www.credimex.ch\\\/wp-content\\\/uploads\\\/2022\\\/05\\\/Jax-Compresyn-545-I.jpeg\",\"contentUrl\":\"https:\\\/\\\/www.credimex.ch\\\/wp-content\\\/uploads\\\/2022\\\/05\\\/Jax-Compresyn-545-I.jpeg\",\"width\":800,\"height\":800},{\"@type\":\"BreadcrumbList\",\"@id\":\"https:\\\/\\\/www.credimex.ch\\\/fr\\\/produit\\\/jax-compresyn-545-2\\\/#breadcrumb\",\"itemListElement\":[{\"@type\":\"ListItem\",\"position\":1,\"name\":\"Home\",\"item\":\"https:\\\/\\\/www.credimex.ch\\\/fr\\\/\"},{\"@type\":\"ListItem\",\"position\":2,\"name\":\"Produits\",\"item\":\"https:\\\/\\\/www.credimex.ch\\\/fr\\\/produits\\\/\"},{\"@type\":\"ListItem\",\"position\":3,\"name\":\"Jax COMPRESYN\u00ae 545 &#8211; ISO 100\"}]},{\"@type\":\"WebSite\",\"@id\":\"https:\\\/\\\/www.credimex.ch\\\/fr\\\/#website\",\"url\":\"https:\\\/\\\/www.credimex.ch\\\/fr\\\/\",\"name\":\"CREDIMEX\",\"description\":\"Partner of Swiss Industrial Market\",\"publisher\":{\"@id\":\"https:\\\/\\\/www.credimex.ch\\\/fr\\\/#organization\"},\"potentialAction\":[{\"@type\":\"SearchAction\",\"target\":{\"@type\":\"EntryPoint\",\"urlTemplate\":\"https:\\\/\\\/www.credimex.ch\\\/fr\\\/?s={search_term_string}\"},\"query-input\":{\"@type\":\"PropertyValueSpecification\",\"valueRequired\":true,\"valueName\":\"search_term_string\"}}],\"inLanguage\":\"fr-FR\"},{\"@type\":\"Organization\",\"@id\":\"https:\\\/\\\/www.credimex.ch\\\/fr\\\/#organization\",\"name\":\"credimex\",\"url\":\"https:\\\/\\\/www.credimex.ch\\\/fr\\\/\",\"logo\":{\"@type\":\"ImageObject\",\"inLanguage\":\"fr-FR\",\"@id\":\"https:\\\/\\\/www.credimex.ch\\\/fr\\\/#\\\/schema\\\/logo\\\/image\\\/\",\"url\":\"https:\\\/\\\/www.credimex.ch\\\/wp-content\\\/uploads\\\/2022\\\/03\\\/cropped-logo-credimex.png\",\"contentUrl\":\"https:\\\/\\\/www.credimex.ch\\\/wp-content\\\/uploads\\\/2022\\\/03\\\/cropped-logo-credimex.png\",\"width\":512,\"height\":512,\"caption\":\"credimex\"},\"image\":{\"@id\":\"https:\\\/\\\/www.credimex.ch\\\/fr\\\/#\\\/schema\\\/logo\\\/image\\\/\"},\"sameAs\":[\"https:\\\/\\\/www.facebook.com\\\/credimex.alpnach\\\/\",\"https:\\\/\\\/www.linkedin.com\\\/company\\\/credimex\\\/\",\"https:\\\/\\\/www.youtube.com\\\/@CREDIMEX?sub_confirmation=1\"]}]}<\/script>\n<!-- \/ Yoast SEO Premium plugin. -->","yoast_head_json":{"title":"Jax COMPRESYN\u00ae 545 - ISO 100 - CREDIMEX","description":"Jax COMPRESYN\u00ae 545 est un lubrifiant brevet\u00e9 de premi\u00e8re qualit\u00e9 destin\u00e9 \u00e0 \u00eatre utilis\u00e9 dans une vari\u00e9t\u00e9 d'\u00e9quipements de compresseurs d'air et de pompes \u00e0 vide et dans des applications critiques.","robots":{"index":"index","follow":"follow","max-snippet":"max-snippet:-1","max-image-preview":"max-image-preview:large","max-video-preview":"max-video-preview:-1"},"canonical":"https:\/\/www.credimex.ch\/fr\/produit\/jax-compresyn-545-2\/","og_locale":"fr_FR","og_type":"article","og_title":"Jax COMPRESYN\u00ae 545 - ISO 100","og_description":"Jax COMPRESYN\u00ae 545 est un lubrifiant brevet\u00e9 de premi\u00e8re qualit\u00e9 destin\u00e9 \u00e0 \u00eatre utilis\u00e9 dans une vari\u00e9t\u00e9 d'\u00e9quipements de compresseurs d'air et de pompes \u00e0 vide et dans des applications critiques.","og_url":"https:\/\/www.credimex.ch\/fr\/produit\/jax-compresyn-545-2\/","og_site_name":"CREDIMEX","article_publisher":"https:\/\/www.facebook.com\/credimex.alpnach\/","og_image":[{"width":800,"height":800,"url":"https:\/\/www.credimex.ch\/wp-content\/uploads\/2022\/05\/Jax-Compresyn-545-I.jpeg","type":"image\/jpeg"}],"twitter_card":"summary_large_image","twitter_misc":{"Dur\u00e9e de lecture estim\u00e9e":"4 minutes"},"schema":{"@context":"https:\/\/schema.org","@graph":[{"@type":"WebPage","@id":"https:\/\/www.credimex.ch\/fr\/produit\/jax-compresyn-545-2\/","url":"https:\/\/www.credimex.ch\/fr\/produit\/jax-compresyn-545-2\/","name":"Jax COMPRESYN\u00ae 545 - ISO 100 - CREDIMEX","isPartOf":{"@id":"https:\/\/www.credimex.ch\/fr\/#website"},"primaryImageOfPage":{"@id":"https:\/\/www.credimex.ch\/fr\/produit\/jax-compresyn-545-2\/#primaryimage"},"image":{"@id":"https:\/\/www.credimex.ch\/fr\/produit\/jax-compresyn-545-2\/#primaryimage"},"thumbnailUrl":"https:\/\/www.credimex.ch\/wp-content\/uploads\/2022\/05\/Jax-Compresyn-545-I.jpeg","datePublished":"2022-05-17T08:57:20+00:00","description":"Jax COMPRESYN\u00ae 545 est un lubrifiant brevet\u00e9 de premi\u00e8re qualit\u00e9 destin\u00e9 \u00e0 \u00eatre utilis\u00e9 dans une vari\u00e9t\u00e9 d'\u00e9quipements de compresseurs d'air et de pompes \u00e0 vide et dans des applications critiques.","breadcrumb":{"@id":"https:\/\/www.credimex.ch\/fr\/produit\/jax-compresyn-545-2\/#breadcrumb"},"inLanguage":"fr-FR","potentialAction":[{"@type":"ReadAction","target":["https:\/\/www.credimex.ch\/fr\/produit\/jax-compresyn-545-2\/"]}]},{"@type":"ImageObject","inLanguage":"fr-FR","@id":"https:\/\/www.credimex.ch\/fr\/produit\/jax-compresyn-545-2\/#primaryimage","url":"https:\/\/www.credimex.ch\/wp-content\/uploads\/2022\/05\/Jax-Compresyn-545-I.jpeg","contentUrl":"https:\/\/www.credimex.ch\/wp-content\/uploads\/2022\/05\/Jax-Compresyn-545-I.jpeg","width":800,"height":800},{"@type":"BreadcrumbList","@id":"https:\/\/www.credimex.ch\/fr\/produit\/jax-compresyn-545-2\/#breadcrumb","itemListElement":[{"@type":"ListItem","position":1,"name":"Home","item":"https:\/\/www.credimex.ch\/fr\/"},{"@type":"ListItem","position":2,"name":"Produits","item":"https:\/\/www.credimex.ch\/fr\/produits\/"},{"@type":"ListItem","position":3,"name":"Jax COMPRESYN\u00ae 545 &#8211; ISO 100"}]},{"@type":"WebSite","@id":"https:\/\/www.credimex.ch\/fr\/#website","url":"https:\/\/www.credimex.ch\/fr\/","name":"CREDIMEX","description":"Partner of Swiss Industrial Market","publisher":{"@id":"https:\/\/www.credimex.ch\/fr\/#organization"},"potentialAction":[{"@type":"SearchAction","target":{"@type":"EntryPoint","urlTemplate":"https:\/\/www.credimex.ch\/fr\/?s={search_term_string}"},"query-input":{"@type":"PropertyValueSpecification","valueRequired":true,"valueName":"search_term_string"}}],"inLanguage":"fr-FR"},{"@type":"Organization","@id":"https:\/\/www.credimex.ch\/fr\/#organization","name":"credimex","url":"https:\/\/www.credimex.ch\/fr\/","logo":{"@type":"ImageObject","inLanguage":"fr-FR","@id":"https:\/\/www.credimex.ch\/fr\/#\/schema\/logo\/image\/","url":"https:\/\/www.credimex.ch\/wp-content\/uploads\/2022\/03\/cropped-logo-credimex.png","contentUrl":"https:\/\/www.credimex.ch\/wp-content\/uploads\/2022\/03\/cropped-logo-credimex.png","width":512,"height":512,"caption":"credimex"},"image":{"@id":"https:\/\/www.credimex.ch\/fr\/#\/schema\/logo\/image\/"},"sameAs":["https:\/\/www.facebook.com\/credimex.alpnach\/","https:\/\/www.linkedin.com\/company\/credimex\/","https:\/\/www.youtube.com\/@CREDIMEX?sub_confirmation=1"]}]}},"_links":{"self":[{"href":"https:\/\/www.credimex.ch\/fr\/wp-json\/wp\/v2\/product\/4101","targetHints":{"allow":["GET"]}}],"collection":[{"href":"https:\/\/www.credimex.ch\/fr\/wp-json\/wp\/v2\/product"}],"about":[{"href":"https:\/\/www.credimex.ch\/fr\/wp-json\/wp\/v2\/types\/product"}],"replies":[{"embeddable":true,"href":"https:\/\/www.credimex.ch\/fr\/wp-json\/wp\/v2\/comments?post=4101"}],"wp:featuredmedia":[{"embeddable":true,"href":"https:\/\/www.credimex.ch\/fr\/wp-json\/wp\/v2\/media\/2930"}],"wp:attachment":[{"href":"https:\/\/www.credimex.ch\/fr\/wp-json\/wp\/v2\/media?parent=4101"}],"wp:term":[{"taxonomy":"product_brand","embeddable":true,"href":"https:\/\/www.credimex.ch\/fr\/wp-json\/wp\/v2\/product_brand?post=4101"},{"taxonomy":"product_cat","embeddable":true,"href":"https:\/\/www.credimex.ch\/fr\/wp-json\/wp\/v2\/product_cat?post=4101"},{"taxonomy":"product_tag","embeddable":true,"href":"https:\/\/www.credimex.ch\/fr\/wp-json\/wp\/v2\/product_tag?post=4101"}],"curies":[{"name":"wp","href":"https:\/\/api.w.org\/{rel}","templated":true}]}}