{"id":4103,"date":"2022-05-17T10:45:45","date_gmt":"2022-05-17T08:45:45","guid":{"rendered":"https:\/\/www.credimex.ch.mialias.net\/product\/jax-trolley-glide-fg-3h-iso-22\/"},"modified":"2022-05-17T10:45:45","modified_gmt":"2022-05-17T08:45:45","slug":"jax-trolley-glide-fg-3h-2","status":"publish","type":"product","link":"https:\/\/www.credimex.ch\/fr\/produit\/jax-trolley-glide-fg-3h-2\/","title":{"rendered":"Jax Trolley-Glide FG-3H &#8211; ISO 22"},"content":{"rendered":"<h2>Description<\/h2>\n<p>Le Trolley-Glide FG-3H de Jax est une premi\u00e8re dans le secteur de la lubrification des chariots de qualit\u00e9 alimentaire. Compos\u00e9 exclusivement d&rsquo;huiles de base et d&rsquo;additifs soigneusement s\u00e9lectionn\u00e9s qui sont approuv\u00e9s comme \u00e9tant g\u00e9n\u00e9ralement reconnus comme s\u00fbrs et\/ou sans danger pour la consommation humaine, JAX Trolley-Glide FG-3H est un lubrifiant de pointe pour chariots, sans compromis, en contact direct avec les aliments, destin\u00e9 aux usines de transformation des aliments qui exigent le nec plus ultra en mati\u00e8re de performance et de propret\u00e9 des convoyeurs. JAX Trolley-Glide FG-3H offre les avantages les plus recherch\u00e9s dans les applications de chariots d&rsquo;usines d&#8217;emballage, notamment des capacit\u00e9s in\u00e9gal\u00e9es de mouillage du m\u00e9tal, une protection contre la rouille et des caract\u00e9ristiques anti-goutte. De plus, il r\u00e9agit en synergie avec les compos\u00e9s de lavage pour aider \u00e0 \u00e9liminer les vieilles huiles, la salet\u00e9, les poils d&rsquo;animaux et les graisses.<\/p>\n<p>Contact direct, NSF 3H-Registered-JAX Trolley-Glide FG-3H est sp\u00e9cialement formul\u00e9 en utilisant des huiles de base et des additifs soigneusement s\u00e9lectionn\u00e9s qui ont \u00e9t\u00e9 approuv\u00e9s comme \u00e9tant g\u00e9n\u00e9ralement reconnus comme s\u00fbrs (GRAS) et\/ou sans danger pour la consommation humaine.<br \/>\nExcellente performance \u00e0 basse temp\u00e9rature-JAX Trolley- Glide FG-3H reste fluide pendant de longues p\u00e9riodes lorsqu&rsquo;il est appliqu\u00e9 sur le chariot et expos\u00e9 aux basses temp\u00e9ratures couramment observ\u00e9es dans les op\u00e9rations de refroidissement rapide et les refroidisseurs.<br \/>\nPerformance sup\u00e9rieure des additifs &#8211; JAX Trolley-Glide FG-3H est formul\u00e9 pour offrir une protection sup\u00e9rieure contre la rouille et la corrosion, des caract\u00e9ristiques exceptionnelles de mouillage des m\u00e9taux et un excellent pouvoir lubrifiant afin de minimiser les temps d&rsquo;arr\u00eat et de maximiser la dur\u00e9e de vie des chariots.<\/p>\n<h2>Avantages du produit<\/h2>\n<ul>\n<li>Excellentes caract\u00e9ristiques de mouillage des m\u00e9taux<\/li>\n<li>Conforme aux normes alimentaires de la FDA<\/li>\n<li>Excellentes caract\u00e9ristiques anti-goutte<\/li>\n<li>Action nettoyante am\u00e9lior\u00e9e avec les syst\u00e8mes de lavage caustique<\/li>\n<li>Protection sup\u00e9rieure contre la rouille et la corrosion<\/li>\n<li>Performances \u00e0 basse temp\u00e9rature<\/li>\n<li>R\u00e9pond aux exigences de performance<\/li>\n<li>Enregistr\u00e9 NSF 3H<\/li>\n<li>Certifi\u00e9 Casher et Pareve<\/li>\n<\/ul>\n<h2>Application<\/h2>\n<p>Formul\u00e9 dans des grades de viscosit\u00e9 multpile, JAX Trolley- Glide FG-3H est recommand\u00e9 pour les chariots et les cha\u00eenes a\u00e9riennes o\u00f9 le contact direct avec les aliments peut \u00eatre in\u00e9vitable. Le JAX Trolley-Glide FG-3H XLT, de viscosit\u00e9 plus l\u00e9g\u00e8re, a \u00e9t\u00e9 sp\u00e9cialement formul\u00e9 pour \u00eatre utilis\u00e9 dans les lubrificateurs M&amp;M couramment utilis\u00e9s dans les installations de transformation de la volaille.<\/p>\n<p>JAX Trolley-Glide FG-3H est formul\u00e9 pour \u00eatre compatible avec les m\u00e9tallurgies g\u00e9n\u00e9ralement rencontr\u00e9es dans les chariots et les cha\u00eenes a\u00e9riennes. En outre, il r\u00e9agit en synergie avec les compos\u00e9s de lavage pour faciliter l&rsquo;\u00e9limination de la salet\u00e9, des poils et graisses d&rsquo;animaux et des lubrifiants pr\u00e9c\u00e9demment utilis\u00e9s.<\/p>\n","protected":false},"excerpt":{"rendered":"<p>Le <strong>Trolley-Glide FG-3H de Jax<\/strong> est une premi\u00e8re dans le secteur de la lubrification des chariots de qualit\u00e9 alimentaire.<\/p>\n","protected":false},"featured_media":2928,"comment_status":"open","ping_status":"closed","template":"","meta":{"_acf_changed":false},"product_brand":[],"product_cat":[343,361,638,363,342],"product_tag":[],"class_list":{"0":"post-4103","1":"product","2":"type-product","3":"status-publish","4":"has-post-thumbnail","6":"product_cat-huile","7":"product_cat-industrie-alimentaire","8":"product_cat-jax","9":"product_cat-lubrifiants-de-qualite-alimentaire","10":"product_cat-lubrifiants-industriels","11":"pa_brands-jax-fr","13":"first","14":"instock","15":"shipping-taxable","16":"product-type-simple"},"acf":[],"_yoast_wpseo_focuskw":"JAX Trolley-Glide FG-3H","_yoast_wpseo_metadesc":"Le Trolley-Glide FG-3H de Jax est une premi\u00e8re dans le secteur de la lubrification des chariots de qualit\u00e9 alimentaire.","yoast_head":"<!-- This site is optimized with the Yoast SEO Premium plugin v21.6 (Yoast SEO v27.4) - https:\/\/yoast.com\/product\/yoast-seo-premium-wordpress\/ -->\n<title>Jax Trolley-Glide FG-3H - ISO 22 - CREDIMEX<\/title>\n<meta name=\"description\" content=\"Le Trolley-Glide FG-3H de Jax est une premi\u00e8re dans le secteur de la lubrification des chariots de qualit\u00e9 alimentaire.\" \/>\n<meta name=\"robots\" content=\"index, follow, max-snippet:-1, max-image-preview:large, max-video-preview:-1\" \/>\n<link rel=\"canonical\" href=\"https:\/\/www.credimex.ch\/fr\/produit\/jax-trolley-glide-fg-3h-2\/\" \/>\n<meta property=\"og:locale\" content=\"fr_FR\" \/>\n<meta property=\"og:type\" content=\"article\" \/>\n<meta property=\"og:title\" content=\"Jax Trolley-Glide FG-3H - ISO 22\" \/>\n<meta property=\"og:description\" content=\"Le Trolley-Glide FG-3H de Jax est une premi\u00e8re dans le secteur de la lubrification des chariots de qualit\u00e9 alimentaire.\" \/>\n<meta property=\"og:url\" content=\"https:\/\/www.credimex.ch\/fr\/produit\/jax-trolley-glide-fg-3h-2\/\" \/>\n<meta property=\"og:site_name\" content=\"CREDIMEX\" \/>\n<meta property=\"article:publisher\" content=\"https:\/\/www.facebook.com\/credimex.alpnach\/\" \/>\n<meta property=\"og:image\" content=\"https:\/\/www.credimex.ch\/wp-content\/uploads\/2022\/05\/JAX-Trolley-Glide-FG-3H.png\" \/>\n\t<meta property=\"og:image:width\" content=\"800\" \/>\n\t<meta property=\"og:image:height\" content=\"800\" \/>\n\t<meta property=\"og:image:type\" content=\"image\/png\" \/>\n<meta name=\"twitter:card\" content=\"summary_large_image\" \/>\n<meta name=\"twitter:label1\" content=\"Dur\u00e9e de lecture estim\u00e9e\" \/>\n\t<meta name=\"twitter:data1\" content=\"2 minutes\" \/>\n<script type=\"application\/ld+json\" class=\"yoast-schema-graph\">{\"@context\":\"https:\\\/\\\/schema.org\",\"@graph\":[{\"@type\":\"WebPage\",\"@id\":\"https:\\\/\\\/www.credimex.ch\\\/fr\\\/produit\\\/jax-trolley-glide-fg-3h-2\\\/\",\"url\":\"https:\\\/\\\/www.credimex.ch\\\/fr\\\/produit\\\/jax-trolley-glide-fg-3h-2\\\/\",\"name\":\"Jax Trolley-Glide FG-3H - ISO 22 - CREDIMEX\",\"isPartOf\":{\"@id\":\"https:\\\/\\\/www.credimex.ch\\\/fr\\\/#website\"},\"primaryImageOfPage\":{\"@id\":\"https:\\\/\\\/www.credimex.ch\\\/fr\\\/produit\\\/jax-trolley-glide-fg-3h-2\\\/#primaryimage\"},\"image\":{\"@id\":\"https:\\\/\\\/www.credimex.ch\\\/fr\\\/produit\\\/jax-trolley-glide-fg-3h-2\\\/#primaryimage\"},\"thumbnailUrl\":\"https:\\\/\\\/www.credimex.ch\\\/wp-content\\\/uploads\\\/2022\\\/05\\\/JAX-Trolley-Glide-FG-3H.png\",\"datePublished\":\"2022-05-17T08:45:45+00:00\",\"description\":\"Le Trolley-Glide FG-3H de Jax est une premi\u00e8re dans le secteur de la lubrification des chariots de qualit\u00e9 alimentaire.\",\"breadcrumb\":{\"@id\":\"https:\\\/\\\/www.credimex.ch\\\/fr\\\/produit\\\/jax-trolley-glide-fg-3h-2\\\/#breadcrumb\"},\"inLanguage\":\"fr-FR\",\"potentialAction\":[{\"@type\":\"ReadAction\",\"target\":[\"https:\\\/\\\/www.credimex.ch\\\/fr\\\/produit\\\/jax-trolley-glide-fg-3h-2\\\/\"]}]},{\"@type\":\"ImageObject\",\"inLanguage\":\"fr-FR\",\"@id\":\"https:\\\/\\\/www.credimex.ch\\\/fr\\\/produit\\\/jax-trolley-glide-fg-3h-2\\\/#primaryimage\",\"url\":\"https:\\\/\\\/www.credimex.ch\\\/wp-content\\\/uploads\\\/2022\\\/05\\\/JAX-Trolley-Glide-FG-3H.png\",\"contentUrl\":\"https:\\\/\\\/www.credimex.ch\\\/wp-content\\\/uploads\\\/2022\\\/05\\\/JAX-Trolley-Glide-FG-3H.png\",\"width\":800,\"height\":800},{\"@type\":\"BreadcrumbList\",\"@id\":\"https:\\\/\\\/www.credimex.ch\\\/fr\\\/produit\\\/jax-trolley-glide-fg-3h-2\\\/#breadcrumb\",\"itemListElement\":[{\"@type\":\"ListItem\",\"position\":1,\"name\":\"Home\",\"item\":\"https:\\\/\\\/www.credimex.ch\\\/fr\\\/\"},{\"@type\":\"ListItem\",\"position\":2,\"name\":\"Produits\",\"item\":\"https:\\\/\\\/www.credimex.ch\\\/fr\\\/produits\\\/\"},{\"@type\":\"ListItem\",\"position\":3,\"name\":\"Jax Trolley-Glide FG-3H &#8211; ISO 22\"}]},{\"@type\":\"WebSite\",\"@id\":\"https:\\\/\\\/www.credimex.ch\\\/fr\\\/#website\",\"url\":\"https:\\\/\\\/www.credimex.ch\\\/fr\\\/\",\"name\":\"CREDIMEX\",\"description\":\"Partner of Swiss Industrial Market\",\"publisher\":{\"@id\":\"https:\\\/\\\/www.credimex.ch\\\/fr\\\/#organization\"},\"potentialAction\":[{\"@type\":\"SearchAction\",\"target\":{\"@type\":\"EntryPoint\",\"urlTemplate\":\"https:\\\/\\\/www.credimex.ch\\\/fr\\\/?s={search_term_string}\"},\"query-input\":{\"@type\":\"PropertyValueSpecification\",\"valueRequired\":true,\"valueName\":\"search_term_string\"}}],\"inLanguage\":\"fr-FR\"},{\"@type\":\"Organization\",\"@id\":\"https:\\\/\\\/www.credimex.ch\\\/fr\\\/#organization\",\"name\":\"credimex\",\"url\":\"https:\\\/\\\/www.credimex.ch\\\/fr\\\/\",\"logo\":{\"@type\":\"ImageObject\",\"inLanguage\":\"fr-FR\",\"@id\":\"https:\\\/\\\/www.credimex.ch\\\/fr\\\/#\\\/schema\\\/logo\\\/image\\\/\",\"url\":\"https:\\\/\\\/www.credimex.ch\\\/wp-content\\\/uploads\\\/2022\\\/03\\\/cropped-logo-credimex.png\",\"contentUrl\":\"https:\\\/\\\/www.credimex.ch\\\/wp-content\\\/uploads\\\/2022\\\/03\\\/cropped-logo-credimex.png\",\"width\":512,\"height\":512,\"caption\":\"credimex\"},\"image\":{\"@id\":\"https:\\\/\\\/www.credimex.ch\\\/fr\\\/#\\\/schema\\\/logo\\\/image\\\/\"},\"sameAs\":[\"https:\\\/\\\/www.facebook.com\\\/credimex.alpnach\\\/\",\"https:\\\/\\\/www.linkedin.com\\\/company\\\/credimex\\\/\",\"https:\\\/\\\/www.youtube.com\\\/@CREDIMEX?sub_confirmation=1\"]}]}<\/script>\n<!-- \/ Yoast SEO Premium plugin. -->","yoast_head_json":{"title":"Jax Trolley-Glide FG-3H - ISO 22 - CREDIMEX","description":"Le Trolley-Glide FG-3H de Jax est une premi\u00e8re dans le secteur de la lubrification des chariots de qualit\u00e9 alimentaire.","robots":{"index":"index","follow":"follow","max-snippet":"max-snippet:-1","max-image-preview":"max-image-preview:large","max-video-preview":"max-video-preview:-1"},"canonical":"https:\/\/www.credimex.ch\/fr\/produit\/jax-trolley-glide-fg-3h-2\/","og_locale":"fr_FR","og_type":"article","og_title":"Jax Trolley-Glide FG-3H - ISO 22","og_description":"Le Trolley-Glide FG-3H de Jax est une premi\u00e8re dans le secteur de la lubrification des chariots de qualit\u00e9 alimentaire.","og_url":"https:\/\/www.credimex.ch\/fr\/produit\/jax-trolley-glide-fg-3h-2\/","og_site_name":"CREDIMEX","article_publisher":"https:\/\/www.facebook.com\/credimex.alpnach\/","og_image":[{"width":800,"height":800,"url":"https:\/\/www.credimex.ch\/wp-content\/uploads\/2022\/05\/JAX-Trolley-Glide-FG-3H.png","type":"image\/png"}],"twitter_card":"summary_large_image","twitter_misc":{"Dur\u00e9e de lecture estim\u00e9e":"2 minutes"},"schema":{"@context":"https:\/\/schema.org","@graph":[{"@type":"WebPage","@id":"https:\/\/www.credimex.ch\/fr\/produit\/jax-trolley-glide-fg-3h-2\/","url":"https:\/\/www.credimex.ch\/fr\/produit\/jax-trolley-glide-fg-3h-2\/","name":"Jax Trolley-Glide FG-3H - ISO 22 - CREDIMEX","isPartOf":{"@id":"https:\/\/www.credimex.ch\/fr\/#website"},"primaryImageOfPage":{"@id":"https:\/\/www.credimex.ch\/fr\/produit\/jax-trolley-glide-fg-3h-2\/#primaryimage"},"image":{"@id":"https:\/\/www.credimex.ch\/fr\/produit\/jax-trolley-glide-fg-3h-2\/#primaryimage"},"thumbnailUrl":"https:\/\/www.credimex.ch\/wp-content\/uploads\/2022\/05\/JAX-Trolley-Glide-FG-3H.png","datePublished":"2022-05-17T08:45:45+00:00","description":"Le Trolley-Glide FG-3H de Jax est une premi\u00e8re dans le secteur de la lubrification des chariots de qualit\u00e9 alimentaire.","breadcrumb":{"@id":"https:\/\/www.credimex.ch\/fr\/produit\/jax-trolley-glide-fg-3h-2\/#breadcrumb"},"inLanguage":"fr-FR","potentialAction":[{"@type":"ReadAction","target":["https:\/\/www.credimex.ch\/fr\/produit\/jax-trolley-glide-fg-3h-2\/"]}]},{"@type":"ImageObject","inLanguage":"fr-FR","@id":"https:\/\/www.credimex.ch\/fr\/produit\/jax-trolley-glide-fg-3h-2\/#primaryimage","url":"https:\/\/www.credimex.ch\/wp-content\/uploads\/2022\/05\/JAX-Trolley-Glide-FG-3H.png","contentUrl":"https:\/\/www.credimex.ch\/wp-content\/uploads\/2022\/05\/JAX-Trolley-Glide-FG-3H.png","width":800,"height":800},{"@type":"BreadcrumbList","@id":"https:\/\/www.credimex.ch\/fr\/produit\/jax-trolley-glide-fg-3h-2\/#breadcrumb","itemListElement":[{"@type":"ListItem","position":1,"name":"Home","item":"https:\/\/www.credimex.ch\/fr\/"},{"@type":"ListItem","position":2,"name":"Produits","item":"https:\/\/www.credimex.ch\/fr\/produits\/"},{"@type":"ListItem","position":3,"name":"Jax Trolley-Glide FG-3H &#8211; ISO 22"}]},{"@type":"WebSite","@id":"https:\/\/www.credimex.ch\/fr\/#website","url":"https:\/\/www.credimex.ch\/fr\/","name":"CREDIMEX","description":"Partner of Swiss Industrial Market","publisher":{"@id":"https:\/\/www.credimex.ch\/fr\/#organization"},"potentialAction":[{"@type":"SearchAction","target":{"@type":"EntryPoint","urlTemplate":"https:\/\/www.credimex.ch\/fr\/?s={search_term_string}"},"query-input":{"@type":"PropertyValueSpecification","valueRequired":true,"valueName":"search_term_string"}}],"inLanguage":"fr-FR"},{"@type":"Organization","@id":"https:\/\/www.credimex.ch\/fr\/#organization","name":"credimex","url":"https:\/\/www.credimex.ch\/fr\/","logo":{"@type":"ImageObject","inLanguage":"fr-FR","@id":"https:\/\/www.credimex.ch\/fr\/#\/schema\/logo\/image\/","url":"https:\/\/www.credimex.ch\/wp-content\/uploads\/2022\/03\/cropped-logo-credimex.png","contentUrl":"https:\/\/www.credimex.ch\/wp-content\/uploads\/2022\/03\/cropped-logo-credimex.png","width":512,"height":512,"caption":"credimex"},"image":{"@id":"https:\/\/www.credimex.ch\/fr\/#\/schema\/logo\/image\/"},"sameAs":["https:\/\/www.facebook.com\/credimex.alpnach\/","https:\/\/www.linkedin.com\/company\/credimex\/","https:\/\/www.youtube.com\/@CREDIMEX?sub_confirmation=1"]}]}},"_links":{"self":[{"href":"https:\/\/www.credimex.ch\/fr\/wp-json\/wp\/v2\/product\/4103","targetHints":{"allow":["GET"]}}],"collection":[{"href":"https:\/\/www.credimex.ch\/fr\/wp-json\/wp\/v2\/product"}],"about":[{"href":"https:\/\/www.credimex.ch\/fr\/wp-json\/wp\/v2\/types\/product"}],"replies":[{"embeddable":true,"href":"https:\/\/www.credimex.ch\/fr\/wp-json\/wp\/v2\/comments?post=4103"}],"wp:featuredmedia":[{"embeddable":true,"href":"https:\/\/www.credimex.ch\/fr\/wp-json\/wp\/v2\/media\/2928"}],"wp:attachment":[{"href":"https:\/\/www.credimex.ch\/fr\/wp-json\/wp\/v2\/media?parent=4103"}],"wp:term":[{"taxonomy":"product_brand","embeddable":true,"href":"https:\/\/www.credimex.ch\/fr\/wp-json\/wp\/v2\/product_brand?post=4103"},{"taxonomy":"product_cat","embeddable":true,"href":"https:\/\/www.credimex.ch\/fr\/wp-json\/wp\/v2\/product_cat?post=4103"},{"taxonomy":"product_tag","embeddable":true,"href":"https:\/\/www.credimex.ch\/fr\/wp-json\/wp\/v2\/product_tag?post=4103"}],"curies":[{"name":"wp","href":"https:\/\/api.w.org\/{rel}","templated":true}]}}