{"id":4105,"date":"2022-05-17T10:37:18","date_gmt":"2022-05-17T08:37:18","guid":{"rendered":"https:\/\/www.credimex.ch.mialias.net\/product\/halo-guard-de-jax\/"},"modified":"2022-05-17T10:37:18","modified_gmt":"2022-05-17T08:37:18","slug":"jax-halo-guard-2","status":"publish","type":"product","link":"https:\/\/www.credimex.ch\/fr\/produit\/jax-halo-guard-2\/","title":{"rendered":"Halo-Guard\u00ae de Jax"},"content":{"rendered":"<h2>Description<\/h2>\n<p>Cette s\u00e9rie de graisses r\u00e9volutionnaires de qualit\u00e9 alimentaire est fabriqu\u00e9e avec un \u00e9paississant complexe de sulfonate de calcium avanc\u00e9 et brevet\u00e9. Cette technologie d&rsquo;\u00e9paississement nouvellement am\u00e9lior\u00e9e offre une stabilit\u00e9 m\u00e9canique exceptionnelle, une capacit\u00e9 de charge (E.P.) tr\u00e8s \u00e9lev\u00e9e et un contr\u00f4le remarquable de la rouille et de la corrosion.<\/p>\n<p>En outre, JAX Halo-Guard FG pr\u00e9sente une excellente r\u00e9sistance \u00e0 l&rsquo;eau et des capacit\u00e9s exceptionnelles de performance \u00e0 haute temp\u00e9rature. Cette technologie est associ\u00e9e \u00e0 un nouveau fluide de base de qualit\u00e9 alimentaire partiellement synth\u00e9tique \u00e0 haute viscosit\u00e9 pour faire de JAX Halo-Guard FG la meilleure graisse de qualit\u00e9 alimentaire \u00e0 haute performance pour les applications fortement charg\u00e9es. Il s&rsquo;agit d&rsquo;une v\u00e9ritable graisse de qualit\u00e9 alimentaire de haute performance, utilis\u00e9e dans toute l&rsquo;usine.<\/p>\n<h2>Avantages du produit<\/h2>\n<ul>\n<li>Contr\u00f4le exceptionnel de la rouille et de la corrosion<\/li>\n<li>Propri\u00e9t\u00e9s E.P. et anti-usure in\u00e9gal\u00e9es<\/li>\n<li>Tr\u00e8s bonne compatibilit\u00e9 avec la plupart des graisses<\/li>\n<li>Excellente stabilit\u00e9 \u00e0 l&rsquo;oxydation \u00e0 haute temp\u00e9rature<\/li>\n<li>Excellente pompabilit\u00e9 Caract\u00e9ristiques<\/li>\n<li>Lavage \u00e0 l&rsquo;eau et r\u00e9sistance aux produits chimiques<\/li>\n<\/ul>\n<p>Stabilit\u00e9 m\u00e9canique exceptionnelle-JAX Halo-Guard FG d\u00e9montre une excellente stabilit\u00e9 m\u00e9canique, montrant peu de changement dans la p\u00e9n\u00e9tration du c\u00f4ne (ASTM D 217) ou la consistance apr\u00e8s 100 000 coups. Il n&rsquo;y a aucune preuve de rupture par cisaillement dans l&rsquo;essai de stabilit\u00e9 des rouleaux (ASTM D 1831), m\u00eame dans une version modifi\u00e9e \u00e0 haute temp\u00e9rature pour augmenter la s\u00e9v\u00e9rit\u00e9 de l&rsquo;essai.<\/p>\n<p>Performances in\u00e9gal\u00e9es en mati\u00e8re d&rsquo;EP et d&rsquo;anti-usure &#8211; JAX Halo- Guard FG est formul\u00e9 avec des mat\u00e9riaux de base et des additifs s\u00e9lectionn\u00e9s pour pr\u00e9senter des caract\u00e9ristiques in\u00e9gal\u00e9es en mati\u00e8re d&rsquo;EP et d&rsquo;anti-usure. Ces caract\u00e9ristiques sont illustr\u00e9es par les valeurs Timken OK (ASTM D 2509) de JAX Halo-Guard FG-2 de 60 livres ou plus et les r\u00e9sultats LWI de 4-Ball EP (ASTM D 2596) de plus de 60 kgf avec un point de soudure de 500 kgf. Les performances en mati\u00e8re d&rsquo;usure \u00e0 4 billes (ASTM D 2266) sont \u00e9galement impressionnantes, avec une cicatrice d&rsquo;usure typique inf\u00e9rieure \u00e0 0,40 mm.<\/p>\n<p>Protection contre la rouille et la corrosion &#8211; Le syst\u00e8me \u00e9paississant \u00e0 base de sulfonate de calcium de JAX Halo-Guard FG offre une excellente protection naturelle contre la rouille et la corrosion. JAX Halo-Guard FG passe facilement le test standard des propri\u00e9t\u00e9s anticorrosion (ASTM D 1743). Un test s\u00e9v\u00e8re au brouillard salin (ASTM B 117) permet d&rsquo;obtenir des performances sup\u00e9rieures \u00e0 300 heures, ce que peu de graisses de qualit\u00e9 alimentaire de toute autre technologie peuvent atteindre.<\/p>\n<p>Stabilit\u00e9 thermique et oxydative-La stabilit\u00e9 thermique et oxydative de JAX Halo-Guard FG signifie que d&rsquo;excellentes performances dans la plupart des applications \u00e0 haute temp\u00e9rature peuvent \u00eatre obtenues sans graisse sp\u00e9cialis\u00e9e. Avec un point de goutte (ASTM D 2265) de 316\u00b0C (600\u00b0F), Halo-Guard FG-2 est la graisse de qualit\u00e9 alimentaire la plus r\u00e9sistante du march\u00e9. JAX Halo-Guard FG surpasse presque toutes les graisses industrielles non alimentaires en termes de stabilit\u00e9 \u00e0 l&rsquo;oxydation \u00e0 haute temp\u00e9rature, un r\u00e9sultat remarquable pour une graisse de qualit\u00e9 alimentaire, NSF H1 !<\/p>\n<p>Excellente r\u00e9sistance \u00e0 l&rsquo;eau &#8211; La r\u00e9sistance \u00e0 l&rsquo;eau rev\u00eat une importance particuli\u00e8re dans les applications de graisses de qualit\u00e9 alimentaire. Peu d&rsquo;applications industrielles sont soumises \u00e0 la grave contamination chimique et par l&rsquo;eau des proc\u00e9d\u00e9s et de l&rsquo;assainissement inh\u00e9rente aux usines modernes de produits alimentaires et de boissons. JAX Halo-Guard FG est l&rsquo;une des graisses de qualit\u00e9 alimentaire les plus r\u00e9sistantes \u00e0 l&rsquo;eau actuellement sur le march\u00e9.<\/p>\n<p>Contient du Micronox\u00ae- Une premi\u00e8re dans les lubrifiants de qualit\u00e9 alimentaire, JAX Micronox\u00ae s&rsquo;est av\u00e9r\u00e9 particuli\u00e8rement efficace pour prot\u00e9ger les graisses JAX Halo-Guard FG des intervalles de lubrification trop longs.<\/p>\n<h2>Applications<\/h2>\n<p>Les caract\u00e9ristiques de performance exceptionnelles de JAX Halo-Guard FG peuvent profiter \u00e0 de nombreuses applications dans les usines de produits alimentaires et de boissons.<\/p>\n<p>Il est principalement formul\u00e9 pour les jeux d&rsquo;engrenages et les roulements fortement charg\u00e9s, ainsi que pour tous les \u00e9quipements alimentaires ou de boissons soumis \u00e0 l&rsquo;eau et aux lavages corrosifs. En tant que graisse de qualit\u00e9 alimentaire \u00ab\u00a0Heavy-Duty\u00a0\u00bb, JAX Halo-Guard FG peut \u00e9tendre l&rsquo;int\u00e9grit\u00e9 de qualit\u00e9 alimentaire aux \u00e9quipements d&rsquo;atelier et d&rsquo;usine, y compris les chariots \u00e9l\u00e9vateurs, les convoyeurs, les \u00e9quipements de manutention, les presses, les presses \u00e0 grains et les machines d&#8217;emballage.<\/p>\n<p>Des \u00e9tudes approfondies sur la compatibilit\u00e9 des graisses ont montr\u00e9 que JAX Halo- Guard FG poss\u00e8de une tr\u00e8s bonne compatibilit\u00e9 avec la grande majorit\u00e9 des graisses de qualit\u00e9 alimentaire les plus populaires actuellement sur le march\u00e9. Veuillez contacter votre repr\u00e9sentant commercial JAX pour toute question concernant des applications sp\u00e9cifiques.<\/p>\n","protected":false},"excerpt":{"rendered":"<p><strong>Jax Halo-Guard\u00ae est une <\/strong>graisse r\u00e9volutionnaire de qualit\u00e9 alimentaire fabriqu\u00e9e \u00e0 partir d&rsquo;un \u00e9paississant complexe de sulfonate de calcium avanc\u00e9 et brevet\u00e9 et d&rsquo;un ensemble d&rsquo;additifs soigneusement s\u00e9lectionn\u00e9s.<\/p>\n","protected":false},"featured_media":2926,"comment_status":"open","ping_status":"closed","template":"","meta":{"_acf_changed":false},"product_brand":[],"product_cat":[362,361,638,363,342],"product_tag":[],"class_list":{"0":"post-4105","1":"product","2":"type-product","3":"status-publish","4":"has-post-thumbnail","6":"product_cat-graisses","7":"product_cat-industrie-alimentaire","8":"product_cat-jax","9":"product_cat-lubrifiants-de-qualite-alimentaire","10":"product_cat-lubrifiants-industriels","11":"pa_brands-jax-fr","13":"first","14":"instock","15":"shipping-taxable","16":"product-type-simple"},"acf":[],"_yoast_wpseo_focuskw":"Halo-Guard\u00ae de Jax","_yoast_wpseo_metadesc":"Jax Halo-Guard\u00ae est une graisse r\u00e9volutionnaire de qualit\u00e9 alimentaire fabriqu\u00e9e \u00e0 partir d'un \u00e9paississant complexe de sulfonate de calcium avanc\u00e9 et brevet\u00e9 et d'un ensemble d'additifs soigneusement s\u00e9lectionn\u00e9s.","yoast_head":"<!-- This site is optimized with the Yoast SEO Premium plugin v21.6 (Yoast SEO v27.4) - https:\/\/yoast.com\/product\/yoast-seo-premium-wordpress\/ -->\n<title>Halo-Guard\u00ae de Jax - CREDIMEX<\/title>\n<meta name=\"description\" content=\"Jax Halo-Guard\u00ae est une graisse r\u00e9volutionnaire de qualit\u00e9 alimentaire fabriqu\u00e9e \u00e0 partir d&#039;un \u00e9paississant complexe de sulfonate de calcium avanc\u00e9 et brevet\u00e9 et d&#039;un ensemble d&#039;additifs soigneusement s\u00e9lectionn\u00e9s.\" \/>\n<meta name=\"robots\" content=\"index, follow, max-snippet:-1, max-image-preview:large, max-video-preview:-1\" \/>\n<link rel=\"canonical\" href=\"https:\/\/www.credimex.ch\/fr\/produit\/jax-halo-guard-2\/\" \/>\n<meta property=\"og:locale\" content=\"fr_FR\" \/>\n<meta property=\"og:type\" content=\"article\" \/>\n<meta property=\"og:title\" content=\"Halo-Guard\u00ae de Jax\" \/>\n<meta property=\"og:description\" content=\"Jax Halo-Guard\u00ae est une graisse r\u00e9volutionnaire de qualit\u00e9 alimentaire fabriqu\u00e9e \u00e0 partir d&#039;un \u00e9paississant complexe de sulfonate de calcium avanc\u00e9 et brevet\u00e9 et d&#039;un ensemble d&#039;additifs soigneusement s\u00e9lectionn\u00e9s.\" \/>\n<meta property=\"og:url\" content=\"https:\/\/www.credimex.ch\/fr\/produit\/jax-halo-guard-2\/\" \/>\n<meta property=\"og:site_name\" content=\"CREDIMEX\" \/>\n<meta property=\"article:publisher\" content=\"https:\/\/www.facebook.com\/credimex.alpnach\/\" \/>\n<meta property=\"og:image\" content=\"https:\/\/www.credimex.ch\/wp-content\/uploads\/2022\/05\/Jax-Halo-Guard\u00ae.png\" \/>\n\t<meta property=\"og:image:width\" content=\"800\" \/>\n\t<meta property=\"og:image:height\" content=\"800\" \/>\n\t<meta property=\"og:image:type\" content=\"image\/png\" \/>\n<meta name=\"twitter:card\" content=\"summary_large_image\" \/>\n<meta name=\"twitter:label1\" content=\"Dur\u00e9e de lecture estim\u00e9e\" \/>\n\t<meta name=\"twitter:data1\" content=\"4 minutes\" \/>\n<script type=\"application\/ld+json\" class=\"yoast-schema-graph\">{\"@context\":\"https:\\\/\\\/schema.org\",\"@graph\":[{\"@type\":\"WebPage\",\"@id\":\"https:\\\/\\\/www.credimex.ch\\\/fr\\\/produit\\\/jax-halo-guard-2\\\/\",\"url\":\"https:\\\/\\\/www.credimex.ch\\\/fr\\\/produit\\\/jax-halo-guard-2\\\/\",\"name\":\"Halo-Guard\u00ae de Jax - CREDIMEX\",\"isPartOf\":{\"@id\":\"https:\\\/\\\/www.credimex.ch\\\/fr\\\/#website\"},\"primaryImageOfPage\":{\"@id\":\"https:\\\/\\\/www.credimex.ch\\\/fr\\\/produit\\\/jax-halo-guard-2\\\/#primaryimage\"},\"image\":{\"@id\":\"https:\\\/\\\/www.credimex.ch\\\/fr\\\/produit\\\/jax-halo-guard-2\\\/#primaryimage\"},\"thumbnailUrl\":\"https:\\\/\\\/www.credimex.ch\\\/wp-content\\\/uploads\\\/2022\\\/05\\\/Jax-Halo-Guard\u00ae.png\",\"datePublished\":\"2022-05-17T08:37:18+00:00\",\"description\":\"Jax Halo-Guard\u00ae est une graisse r\u00e9volutionnaire de qualit\u00e9 alimentaire fabriqu\u00e9e \u00e0 partir d'un \u00e9paississant complexe de sulfonate de calcium avanc\u00e9 et brevet\u00e9 et d'un ensemble d'additifs soigneusement s\u00e9lectionn\u00e9s.\",\"breadcrumb\":{\"@id\":\"https:\\\/\\\/www.credimex.ch\\\/fr\\\/produit\\\/jax-halo-guard-2\\\/#breadcrumb\"},\"inLanguage\":\"fr-FR\",\"potentialAction\":[{\"@type\":\"ReadAction\",\"target\":[\"https:\\\/\\\/www.credimex.ch\\\/fr\\\/produit\\\/jax-halo-guard-2\\\/\"]}]},{\"@type\":\"ImageObject\",\"inLanguage\":\"fr-FR\",\"@id\":\"https:\\\/\\\/www.credimex.ch\\\/fr\\\/produit\\\/jax-halo-guard-2\\\/#primaryimage\",\"url\":\"https:\\\/\\\/www.credimex.ch\\\/wp-content\\\/uploads\\\/2022\\\/05\\\/Jax-Halo-Guard\u00ae.png\",\"contentUrl\":\"https:\\\/\\\/www.credimex.ch\\\/wp-content\\\/uploads\\\/2022\\\/05\\\/Jax-Halo-Guard\u00ae.png\",\"width\":800,\"height\":800},{\"@type\":\"BreadcrumbList\",\"@id\":\"https:\\\/\\\/www.credimex.ch\\\/fr\\\/produit\\\/jax-halo-guard-2\\\/#breadcrumb\",\"itemListElement\":[{\"@type\":\"ListItem\",\"position\":1,\"name\":\"Home\",\"item\":\"https:\\\/\\\/www.credimex.ch\\\/fr\\\/\"},{\"@type\":\"ListItem\",\"position\":2,\"name\":\"Produits\",\"item\":\"https:\\\/\\\/www.credimex.ch\\\/fr\\\/produits\\\/\"},{\"@type\":\"ListItem\",\"position\":3,\"name\":\"Halo-Guard\u00ae de Jax\"}]},{\"@type\":\"WebSite\",\"@id\":\"https:\\\/\\\/www.credimex.ch\\\/fr\\\/#website\",\"url\":\"https:\\\/\\\/www.credimex.ch\\\/fr\\\/\",\"name\":\"CREDIMEX\",\"description\":\"Partner of Swiss Industrial Market\",\"publisher\":{\"@id\":\"https:\\\/\\\/www.credimex.ch\\\/fr\\\/#organization\"},\"potentialAction\":[{\"@type\":\"SearchAction\",\"target\":{\"@type\":\"EntryPoint\",\"urlTemplate\":\"https:\\\/\\\/www.credimex.ch\\\/fr\\\/?s={search_term_string}\"},\"query-input\":{\"@type\":\"PropertyValueSpecification\",\"valueRequired\":true,\"valueName\":\"search_term_string\"}}],\"inLanguage\":\"fr-FR\"},{\"@type\":\"Organization\",\"@id\":\"https:\\\/\\\/www.credimex.ch\\\/fr\\\/#organization\",\"name\":\"credimex\",\"url\":\"https:\\\/\\\/www.credimex.ch\\\/fr\\\/\",\"logo\":{\"@type\":\"ImageObject\",\"inLanguage\":\"fr-FR\",\"@id\":\"https:\\\/\\\/www.credimex.ch\\\/fr\\\/#\\\/schema\\\/logo\\\/image\\\/\",\"url\":\"https:\\\/\\\/www.credimex.ch\\\/wp-content\\\/uploads\\\/2022\\\/03\\\/cropped-logo-credimex.png\",\"contentUrl\":\"https:\\\/\\\/www.credimex.ch\\\/wp-content\\\/uploads\\\/2022\\\/03\\\/cropped-logo-credimex.png\",\"width\":512,\"height\":512,\"caption\":\"credimex\"},\"image\":{\"@id\":\"https:\\\/\\\/www.credimex.ch\\\/fr\\\/#\\\/schema\\\/logo\\\/image\\\/\"},\"sameAs\":[\"https:\\\/\\\/www.facebook.com\\\/credimex.alpnach\\\/\",\"https:\\\/\\\/www.linkedin.com\\\/company\\\/credimex\\\/\",\"https:\\\/\\\/www.youtube.com\\\/@CREDIMEX?sub_confirmation=1\"]}]}<\/script>\n<!-- \/ Yoast SEO Premium plugin. -->","yoast_head_json":{"title":"Halo-Guard\u00ae de Jax - CREDIMEX","description":"Jax Halo-Guard\u00ae est une graisse r\u00e9volutionnaire de qualit\u00e9 alimentaire fabriqu\u00e9e \u00e0 partir d'un \u00e9paississant complexe de sulfonate de calcium avanc\u00e9 et brevet\u00e9 et d'un ensemble d'additifs soigneusement s\u00e9lectionn\u00e9s.","robots":{"index":"index","follow":"follow","max-snippet":"max-snippet:-1","max-image-preview":"max-image-preview:large","max-video-preview":"max-video-preview:-1"},"canonical":"https:\/\/www.credimex.ch\/fr\/produit\/jax-halo-guard-2\/","og_locale":"fr_FR","og_type":"article","og_title":"Halo-Guard\u00ae de Jax","og_description":"Jax Halo-Guard\u00ae est une graisse r\u00e9volutionnaire de qualit\u00e9 alimentaire fabriqu\u00e9e \u00e0 partir d'un \u00e9paississant complexe de sulfonate de calcium avanc\u00e9 et brevet\u00e9 et d'un ensemble d'additifs soigneusement s\u00e9lectionn\u00e9s.","og_url":"https:\/\/www.credimex.ch\/fr\/produit\/jax-halo-guard-2\/","og_site_name":"CREDIMEX","article_publisher":"https:\/\/www.facebook.com\/credimex.alpnach\/","og_image":[{"width":800,"height":800,"url":"https:\/\/www.credimex.ch\/wp-content\/uploads\/2022\/05\/Jax-Halo-Guard\u00ae.png","type":"image\/png"}],"twitter_card":"summary_large_image","twitter_misc":{"Dur\u00e9e de lecture estim\u00e9e":"4 minutes"},"schema":{"@context":"https:\/\/schema.org","@graph":[{"@type":"WebPage","@id":"https:\/\/www.credimex.ch\/fr\/produit\/jax-halo-guard-2\/","url":"https:\/\/www.credimex.ch\/fr\/produit\/jax-halo-guard-2\/","name":"Halo-Guard\u00ae de Jax - CREDIMEX","isPartOf":{"@id":"https:\/\/www.credimex.ch\/fr\/#website"},"primaryImageOfPage":{"@id":"https:\/\/www.credimex.ch\/fr\/produit\/jax-halo-guard-2\/#primaryimage"},"image":{"@id":"https:\/\/www.credimex.ch\/fr\/produit\/jax-halo-guard-2\/#primaryimage"},"thumbnailUrl":"https:\/\/www.credimex.ch\/wp-content\/uploads\/2022\/05\/Jax-Halo-Guard\u00ae.png","datePublished":"2022-05-17T08:37:18+00:00","description":"Jax Halo-Guard\u00ae est une graisse r\u00e9volutionnaire de qualit\u00e9 alimentaire fabriqu\u00e9e \u00e0 partir d'un \u00e9paississant complexe de sulfonate de calcium avanc\u00e9 et brevet\u00e9 et d'un ensemble d'additifs soigneusement s\u00e9lectionn\u00e9s.","breadcrumb":{"@id":"https:\/\/www.credimex.ch\/fr\/produit\/jax-halo-guard-2\/#breadcrumb"},"inLanguage":"fr-FR","potentialAction":[{"@type":"ReadAction","target":["https:\/\/www.credimex.ch\/fr\/produit\/jax-halo-guard-2\/"]}]},{"@type":"ImageObject","inLanguage":"fr-FR","@id":"https:\/\/www.credimex.ch\/fr\/produit\/jax-halo-guard-2\/#primaryimage","url":"https:\/\/www.credimex.ch\/wp-content\/uploads\/2022\/05\/Jax-Halo-Guard\u00ae.png","contentUrl":"https:\/\/www.credimex.ch\/wp-content\/uploads\/2022\/05\/Jax-Halo-Guard\u00ae.png","width":800,"height":800},{"@type":"BreadcrumbList","@id":"https:\/\/www.credimex.ch\/fr\/produit\/jax-halo-guard-2\/#breadcrumb","itemListElement":[{"@type":"ListItem","position":1,"name":"Home","item":"https:\/\/www.credimex.ch\/fr\/"},{"@type":"ListItem","position":2,"name":"Produits","item":"https:\/\/www.credimex.ch\/fr\/produits\/"},{"@type":"ListItem","position":3,"name":"Halo-Guard\u00ae de Jax"}]},{"@type":"WebSite","@id":"https:\/\/www.credimex.ch\/fr\/#website","url":"https:\/\/www.credimex.ch\/fr\/","name":"CREDIMEX","description":"Partner of Swiss Industrial Market","publisher":{"@id":"https:\/\/www.credimex.ch\/fr\/#organization"},"potentialAction":[{"@type":"SearchAction","target":{"@type":"EntryPoint","urlTemplate":"https:\/\/www.credimex.ch\/fr\/?s={search_term_string}"},"query-input":{"@type":"PropertyValueSpecification","valueRequired":true,"valueName":"search_term_string"}}],"inLanguage":"fr-FR"},{"@type":"Organization","@id":"https:\/\/www.credimex.ch\/fr\/#organization","name":"credimex","url":"https:\/\/www.credimex.ch\/fr\/","logo":{"@type":"ImageObject","inLanguage":"fr-FR","@id":"https:\/\/www.credimex.ch\/fr\/#\/schema\/logo\/image\/","url":"https:\/\/www.credimex.ch\/wp-content\/uploads\/2022\/03\/cropped-logo-credimex.png","contentUrl":"https:\/\/www.credimex.ch\/wp-content\/uploads\/2022\/03\/cropped-logo-credimex.png","width":512,"height":512,"caption":"credimex"},"image":{"@id":"https:\/\/www.credimex.ch\/fr\/#\/schema\/logo\/image\/"},"sameAs":["https:\/\/www.facebook.com\/credimex.alpnach\/","https:\/\/www.linkedin.com\/company\/credimex\/","https:\/\/www.youtube.com\/@CREDIMEX?sub_confirmation=1"]}]}},"_links":{"self":[{"href":"https:\/\/www.credimex.ch\/fr\/wp-json\/wp\/v2\/product\/4105","targetHints":{"allow":["GET"]}}],"collection":[{"href":"https:\/\/www.credimex.ch\/fr\/wp-json\/wp\/v2\/product"}],"about":[{"href":"https:\/\/www.credimex.ch\/fr\/wp-json\/wp\/v2\/types\/product"}],"replies":[{"embeddable":true,"href":"https:\/\/www.credimex.ch\/fr\/wp-json\/wp\/v2\/comments?post=4105"}],"wp:featuredmedia":[{"embeddable":true,"href":"https:\/\/www.credimex.ch\/fr\/wp-json\/wp\/v2\/media\/2926"}],"wp:attachment":[{"href":"https:\/\/www.credimex.ch\/fr\/wp-json\/wp\/v2\/media?parent=4105"}],"wp:term":[{"taxonomy":"product_brand","embeddable":true,"href":"https:\/\/www.credimex.ch\/fr\/wp-json\/wp\/v2\/product_brand?post=4105"},{"taxonomy":"product_cat","embeddable":true,"href":"https:\/\/www.credimex.ch\/fr\/wp-json\/wp\/v2\/product_cat?post=4105"},{"taxonomy":"product_tag","embeddable":true,"href":"https:\/\/www.credimex.ch\/fr\/wp-json\/wp\/v2\/product_tag?post=4105"}],"curies":[{"name":"wp","href":"https:\/\/api.w.org\/{rel}","templated":true}]}}