{"id":4107,"date":"2022-05-17T10:17:09","date_gmt":"2022-05-17T08:17:09","guid":{"rendered":"https:\/\/www.credimex.ch.mialias.net\/product\/molykote-metal-protector-plus\/"},"modified":"2022-05-17T10:17:09","modified_gmt":"2022-05-17T08:17:09","slug":"molykote-metal-protector-plus-2","status":"publish","type":"product","link":"https:\/\/www.credimex.ch\/fr\/produit\/molykote-metal-protector-plus-2\/","title":{"rendered":"MOLYKOTE\u00ae Metal Protector Plus"},"content":{"rendered":"<h2>Description<\/h2>\n<p>Conserv\u00e9 \u00e0 une temp\u00e9rature inf\u00e9rieure ou \u00e9gale \u00e0 20\u00b0C (68\u00b0F) dans son emballage d&rsquo;origine non ouvert, ce produit a une dur\u00e9e de vie utile de 24 mois \u00e0 compter de la date de production.<\/p>\n<p>Composition :<\/p>\n<ul>\n<li>Cire synth\u00e9tique<\/li>\n<li>Inhibiteur de corrosion<\/li>\n<li>Solvant<\/li>\n<li>Contient du white spirit<\/li>\n<\/ul>\n<h2>Avantages du produit<\/h2>\n<ul>\n<li>Protection contre la corrosion \u00e0 long terme<\/li>\n<li>Rev\u00eatement transparent<\/li>\n<li>Faible coefficient de friction<\/li>\n<\/ul>\n<h2>Applications<\/h2>\n<p>Protection contre la corrosion pour les pi\u00e8ces m\u00e9talliques qui doivent \u00eatre stock\u00e9es ou transport\u00e9es.<\/p>\n<p>Appliquer sur les surfaces nettoy\u00e9es par trempage, pulv\u00e9risation ou peinture. Le temps de s\u00e9chage \u00e0 temp\u00e9rature ambiante est d&rsquo;environ 90 minutes. Plusieurs couches peuvent \u00eatre appliqu\u00e9es pour renforcer la protection contre la corrosion (en les laissant s\u00e9cher entre elles). Des couches plus minces peuvent \u00eatre obtenues en diluant avec du white spirit. En raison de la compatibilit\u00e9 de la solution de cire MOLYKOTE\u00ae Metal Protector Plus avec les lubrifiants courants, il n&rsquo;est g\u00e9n\u00e9ralement pas n\u00e9cessaire de laver le film avant d&rsquo;utiliser les appareils\/\u00e9quipements. Si cela s&rsquo;av\u00e8re n\u00e9cessaire, on peut le faire avec du white spirit. Apr\u00e8s utilisation, nettoyer les valves de l&rsquo;a\u00e9rosol en pulv\u00e9risant \u00e0 l&rsquo;envers.<\/p>\n","protected":false},"excerpt":{"rendered":"<p><strong>MOLYKOTE\u00ae Metal Protector Plus<\/strong> est une solution de cire, un rev\u00eatement de protection contre la corrosion.<\/p>\n","protected":false},"featured_media":2918,"comment_status":"open","ping_status":"closed","template":"","meta":{"_acf_changed":false},"product_brand":[],"product_cat":[340,411,384,375,360,342,359,416,412],"product_tag":[],"class_list":{"0":"post-4107","1":"product","2":"type-product","3":"status-publish","4":"has-post-thumbnail","6":"product_cat-automobile","7":"product_cat-electronique","8":"product_cat-energie","9":"product_cat-ferroviaire","10":"product_cat-industrie-generale","11":"product_cat-lubrifiants-industriels","12":"product_cat-molykote","13":"product_cat-revetement-antifriction","14":"product_cat-telepheriques","15":"pa_brands-molykote-fr","17":"first","18":"instock","19":"shipping-taxable","20":"product-type-simple"},"acf":[],"_yoast_wpseo_focuskw":"MOLYKOTE\u00ae Metal Protector Plus","_yoast_wpseo_metadesc":"MOLYKOTE\u00ae Metal Protector Plus est une solution de cire, un rev\u00eatement de protection contre la corrosion.","yoast_head":"<!-- This site is optimized with the Yoast SEO Premium plugin v21.6 (Yoast SEO v27.4) - https:\/\/yoast.com\/product\/yoast-seo-premium-wordpress\/ -->\n<title>MOLYKOTE\u00ae Metal Protector Plus - CREDIMEX<\/title>\n<meta name=\"description\" content=\"MOLYKOTE\u00ae Metal Protector Plus est une solution de cire, un rev\u00eatement de protection contre la corrosion.\" \/>\n<meta name=\"robots\" content=\"index, follow, max-snippet:-1, max-image-preview:large, max-video-preview:-1\" \/>\n<link rel=\"canonical\" href=\"https:\/\/www.credimex.ch\/fr\/produit\/molykote-metal-protector-plus-2\/\" \/>\n<meta property=\"og:locale\" content=\"fr_FR\" \/>\n<meta property=\"og:type\" content=\"article\" \/>\n<meta property=\"og:title\" content=\"MOLYKOTE\u00ae Metal Protector Plus\" \/>\n<meta property=\"og:description\" content=\"MOLYKOTE\u00ae Metal Protector Plus est une solution de cire, un rev\u00eatement de protection contre la corrosion.\" \/>\n<meta property=\"og:url\" content=\"https:\/\/www.credimex.ch\/fr\/produit\/molykote-metal-protector-plus-2\/\" \/>\n<meta property=\"og:site_name\" content=\"CREDIMEX\" \/>\n<meta property=\"article:publisher\" content=\"https:\/\/www.facebook.com\/credimex.alpnach\/\" \/>\n<meta property=\"og:image\" content=\"https:\/\/www.credimex.ch\/wp-content\/uploads\/2022\/05\/MOLYKOTE\u00ae-Metal-Protector-Plus.png\" \/>\n\t<meta property=\"og:image:width\" content=\"800\" \/>\n\t<meta property=\"og:image:height\" content=\"800\" \/>\n\t<meta property=\"og:image:type\" content=\"image\/png\" \/>\n<meta name=\"twitter:card\" content=\"summary_large_image\" \/>\n<meta name=\"twitter:label1\" content=\"Dur\u00e9e de lecture estim\u00e9e\" \/>\n\t<meta name=\"twitter:data1\" content=\"1 minute\" \/>\n<script type=\"application\/ld+json\" class=\"yoast-schema-graph\">{\"@context\":\"https:\\\/\\\/schema.org\",\"@graph\":[{\"@type\":\"WebPage\",\"@id\":\"https:\\\/\\\/www.credimex.ch\\\/fr\\\/produit\\\/molykote-metal-protector-plus-2\\\/\",\"url\":\"https:\\\/\\\/www.credimex.ch\\\/fr\\\/produit\\\/molykote-metal-protector-plus-2\\\/\",\"name\":\"MOLYKOTE\u00ae Metal Protector Plus - CREDIMEX\",\"isPartOf\":{\"@id\":\"https:\\\/\\\/www.credimex.ch\\\/fr\\\/#website\"},\"primaryImageOfPage\":{\"@id\":\"https:\\\/\\\/www.credimex.ch\\\/fr\\\/produit\\\/molykote-metal-protector-plus-2\\\/#primaryimage\"},\"image\":{\"@id\":\"https:\\\/\\\/www.credimex.ch\\\/fr\\\/produit\\\/molykote-metal-protector-plus-2\\\/#primaryimage\"},\"thumbnailUrl\":\"https:\\\/\\\/www.credimex.ch\\\/wp-content\\\/uploads\\\/2022\\\/05\\\/MOLYKOTE\u00ae-Metal-Protector-Plus.png\",\"datePublished\":\"2022-05-17T08:17:09+00:00\",\"description\":\"MOLYKOTE\u00ae Metal Protector Plus est une solution de cire, un rev\u00eatement de protection contre la corrosion.\",\"breadcrumb\":{\"@id\":\"https:\\\/\\\/www.credimex.ch\\\/fr\\\/produit\\\/molykote-metal-protector-plus-2\\\/#breadcrumb\"},\"inLanguage\":\"fr-FR\",\"potentialAction\":[{\"@type\":\"ReadAction\",\"target\":[\"https:\\\/\\\/www.credimex.ch\\\/fr\\\/produit\\\/molykote-metal-protector-plus-2\\\/\"]}]},{\"@type\":\"ImageObject\",\"inLanguage\":\"fr-FR\",\"@id\":\"https:\\\/\\\/www.credimex.ch\\\/fr\\\/produit\\\/molykote-metal-protector-plus-2\\\/#primaryimage\",\"url\":\"https:\\\/\\\/www.credimex.ch\\\/wp-content\\\/uploads\\\/2022\\\/05\\\/MOLYKOTE\u00ae-Metal-Protector-Plus.png\",\"contentUrl\":\"https:\\\/\\\/www.credimex.ch\\\/wp-content\\\/uploads\\\/2022\\\/05\\\/MOLYKOTE\u00ae-Metal-Protector-Plus.png\",\"width\":800,\"height\":800},{\"@type\":\"BreadcrumbList\",\"@id\":\"https:\\\/\\\/www.credimex.ch\\\/fr\\\/produit\\\/molykote-metal-protector-plus-2\\\/#breadcrumb\",\"itemListElement\":[{\"@type\":\"ListItem\",\"position\":1,\"name\":\"Home\",\"item\":\"https:\\\/\\\/www.credimex.ch\\\/fr\\\/\"},{\"@type\":\"ListItem\",\"position\":2,\"name\":\"Produits\",\"item\":\"https:\\\/\\\/www.credimex.ch\\\/fr\\\/produits\\\/\"},{\"@type\":\"ListItem\",\"position\":3,\"name\":\"MOLYKOTE\u00ae Metal Protector Plus\"}]},{\"@type\":\"WebSite\",\"@id\":\"https:\\\/\\\/www.credimex.ch\\\/fr\\\/#website\",\"url\":\"https:\\\/\\\/www.credimex.ch\\\/fr\\\/\",\"name\":\"CREDIMEX\",\"description\":\"Partner of Swiss Industrial Market\",\"publisher\":{\"@id\":\"https:\\\/\\\/www.credimex.ch\\\/fr\\\/#organization\"},\"potentialAction\":[{\"@type\":\"SearchAction\",\"target\":{\"@type\":\"EntryPoint\",\"urlTemplate\":\"https:\\\/\\\/www.credimex.ch\\\/fr\\\/?s={search_term_string}\"},\"query-input\":{\"@type\":\"PropertyValueSpecification\",\"valueRequired\":true,\"valueName\":\"search_term_string\"}}],\"inLanguage\":\"fr-FR\"},{\"@type\":\"Organization\",\"@id\":\"https:\\\/\\\/www.credimex.ch\\\/fr\\\/#organization\",\"name\":\"credimex\",\"url\":\"https:\\\/\\\/www.credimex.ch\\\/fr\\\/\",\"logo\":{\"@type\":\"ImageObject\",\"inLanguage\":\"fr-FR\",\"@id\":\"https:\\\/\\\/www.credimex.ch\\\/fr\\\/#\\\/schema\\\/logo\\\/image\\\/\",\"url\":\"https:\\\/\\\/www.credimex.ch\\\/wp-content\\\/uploads\\\/2022\\\/03\\\/cropped-logo-credimex.png\",\"contentUrl\":\"https:\\\/\\\/www.credimex.ch\\\/wp-content\\\/uploads\\\/2022\\\/03\\\/cropped-logo-credimex.png\",\"width\":512,\"height\":512,\"caption\":\"credimex\"},\"image\":{\"@id\":\"https:\\\/\\\/www.credimex.ch\\\/fr\\\/#\\\/schema\\\/logo\\\/image\\\/\"},\"sameAs\":[\"https:\\\/\\\/www.facebook.com\\\/credimex.alpnach\\\/\",\"https:\\\/\\\/www.linkedin.com\\\/company\\\/credimex\\\/\",\"https:\\\/\\\/www.youtube.com\\\/@CREDIMEX?sub_confirmation=1\"]}]}<\/script>\n<!-- \/ Yoast SEO Premium plugin. -->","yoast_head_json":{"title":"MOLYKOTE\u00ae Metal Protector Plus - CREDIMEX","description":"MOLYKOTE\u00ae Metal Protector Plus est une solution de cire, un rev\u00eatement de protection contre la corrosion.","robots":{"index":"index","follow":"follow","max-snippet":"max-snippet:-1","max-image-preview":"max-image-preview:large","max-video-preview":"max-video-preview:-1"},"canonical":"https:\/\/www.credimex.ch\/fr\/produit\/molykote-metal-protector-plus-2\/","og_locale":"fr_FR","og_type":"article","og_title":"MOLYKOTE\u00ae Metal Protector Plus","og_description":"MOLYKOTE\u00ae Metal Protector Plus est une solution de cire, un rev\u00eatement de protection contre la corrosion.","og_url":"https:\/\/www.credimex.ch\/fr\/produit\/molykote-metal-protector-plus-2\/","og_site_name":"CREDIMEX","article_publisher":"https:\/\/www.facebook.com\/credimex.alpnach\/","og_image":[{"width":800,"height":800,"url":"https:\/\/www.credimex.ch\/wp-content\/uploads\/2022\/05\/MOLYKOTE\u00ae-Metal-Protector-Plus.png","type":"image\/png"}],"twitter_card":"summary_large_image","twitter_misc":{"Dur\u00e9e de lecture estim\u00e9e":"1 minute"},"schema":{"@context":"https:\/\/schema.org","@graph":[{"@type":"WebPage","@id":"https:\/\/www.credimex.ch\/fr\/produit\/molykote-metal-protector-plus-2\/","url":"https:\/\/www.credimex.ch\/fr\/produit\/molykote-metal-protector-plus-2\/","name":"MOLYKOTE\u00ae Metal Protector Plus - CREDIMEX","isPartOf":{"@id":"https:\/\/www.credimex.ch\/fr\/#website"},"primaryImageOfPage":{"@id":"https:\/\/www.credimex.ch\/fr\/produit\/molykote-metal-protector-plus-2\/#primaryimage"},"image":{"@id":"https:\/\/www.credimex.ch\/fr\/produit\/molykote-metal-protector-plus-2\/#primaryimage"},"thumbnailUrl":"https:\/\/www.credimex.ch\/wp-content\/uploads\/2022\/05\/MOLYKOTE\u00ae-Metal-Protector-Plus.png","datePublished":"2022-05-17T08:17:09+00:00","description":"MOLYKOTE\u00ae Metal Protector Plus est une solution de cire, un rev\u00eatement de protection contre la corrosion.","breadcrumb":{"@id":"https:\/\/www.credimex.ch\/fr\/produit\/molykote-metal-protector-plus-2\/#breadcrumb"},"inLanguage":"fr-FR","potentialAction":[{"@type":"ReadAction","target":["https:\/\/www.credimex.ch\/fr\/produit\/molykote-metal-protector-plus-2\/"]}]},{"@type":"ImageObject","inLanguage":"fr-FR","@id":"https:\/\/www.credimex.ch\/fr\/produit\/molykote-metal-protector-plus-2\/#primaryimage","url":"https:\/\/www.credimex.ch\/wp-content\/uploads\/2022\/05\/MOLYKOTE\u00ae-Metal-Protector-Plus.png","contentUrl":"https:\/\/www.credimex.ch\/wp-content\/uploads\/2022\/05\/MOLYKOTE\u00ae-Metal-Protector-Plus.png","width":800,"height":800},{"@type":"BreadcrumbList","@id":"https:\/\/www.credimex.ch\/fr\/produit\/molykote-metal-protector-plus-2\/#breadcrumb","itemListElement":[{"@type":"ListItem","position":1,"name":"Home","item":"https:\/\/www.credimex.ch\/fr\/"},{"@type":"ListItem","position":2,"name":"Produits","item":"https:\/\/www.credimex.ch\/fr\/produits\/"},{"@type":"ListItem","position":3,"name":"MOLYKOTE\u00ae Metal Protector Plus"}]},{"@type":"WebSite","@id":"https:\/\/www.credimex.ch\/fr\/#website","url":"https:\/\/www.credimex.ch\/fr\/","name":"CREDIMEX","description":"Partner of Swiss Industrial Market","publisher":{"@id":"https:\/\/www.credimex.ch\/fr\/#organization"},"potentialAction":[{"@type":"SearchAction","target":{"@type":"EntryPoint","urlTemplate":"https:\/\/www.credimex.ch\/fr\/?s={search_term_string}"},"query-input":{"@type":"PropertyValueSpecification","valueRequired":true,"valueName":"search_term_string"}}],"inLanguage":"fr-FR"},{"@type":"Organization","@id":"https:\/\/www.credimex.ch\/fr\/#organization","name":"credimex","url":"https:\/\/www.credimex.ch\/fr\/","logo":{"@type":"ImageObject","inLanguage":"fr-FR","@id":"https:\/\/www.credimex.ch\/fr\/#\/schema\/logo\/image\/","url":"https:\/\/www.credimex.ch\/wp-content\/uploads\/2022\/03\/cropped-logo-credimex.png","contentUrl":"https:\/\/www.credimex.ch\/wp-content\/uploads\/2022\/03\/cropped-logo-credimex.png","width":512,"height":512,"caption":"credimex"},"image":{"@id":"https:\/\/www.credimex.ch\/fr\/#\/schema\/logo\/image\/"},"sameAs":["https:\/\/www.facebook.com\/credimex.alpnach\/","https:\/\/www.linkedin.com\/company\/credimex\/","https:\/\/www.youtube.com\/@CREDIMEX?sub_confirmation=1"]}]}},"_links":{"self":[{"href":"https:\/\/www.credimex.ch\/fr\/wp-json\/wp\/v2\/product\/4107","targetHints":{"allow":["GET"]}}],"collection":[{"href":"https:\/\/www.credimex.ch\/fr\/wp-json\/wp\/v2\/product"}],"about":[{"href":"https:\/\/www.credimex.ch\/fr\/wp-json\/wp\/v2\/types\/product"}],"replies":[{"embeddable":true,"href":"https:\/\/www.credimex.ch\/fr\/wp-json\/wp\/v2\/comments?post=4107"}],"wp:featuredmedia":[{"embeddable":true,"href":"https:\/\/www.credimex.ch\/fr\/wp-json\/wp\/v2\/media\/2918"}],"wp:attachment":[{"href":"https:\/\/www.credimex.ch\/fr\/wp-json\/wp\/v2\/media?parent=4107"}],"wp:term":[{"taxonomy":"product_brand","embeddable":true,"href":"https:\/\/www.credimex.ch\/fr\/wp-json\/wp\/v2\/product_brand?post=4107"},{"taxonomy":"product_cat","embeddable":true,"href":"https:\/\/www.credimex.ch\/fr\/wp-json\/wp\/v2\/product_cat?post=4107"},{"taxonomy":"product_tag","embeddable":true,"href":"https:\/\/www.credimex.ch\/fr\/wp-json\/wp\/v2\/product_tag?post=4107"}],"curies":[{"name":"wp","href":"https:\/\/api.w.org\/{rel}","templated":true}]}}