{"id":4109,"date":"2022-05-17T10:06:48","date_gmt":"2022-05-17T08:06:48","guid":{"rendered":"https:\/\/www.credimex.ch.mialias.net\/product\/spray-molykote-omnigliss\/"},"modified":"2022-05-17T10:06:48","modified_gmt":"2022-05-17T08:06:48","slug":"molykote-omnigliss-2","status":"publish","type":"product","link":"https:\/\/www.credimex.ch\/fr\/produit\/molykote-omnigliss-2\/","title":{"rendered":"Spray MOLYKOTE\u00ae Omnigliss"},"content":{"rendered":"<h2><span style=\"font-family: -apple-system, BlinkMacSystemFont, 'Segoe UI', Roboto, Oxygen-Sans, Ubuntu, Cantarell, 'Helvetica Neue', sans-serif;\">Description<\/span><\/h2>\n<p>MOLYKOTE\u00ae Omnigliss Spray est un agent p\u00e9n\u00e9trant \u00e0 action rapide qui int\u00e8gre des propri\u00e9t\u00e9s de protection contre la corrosion, d&rsquo;hydrofugation et de lubrification. Conserv\u00e9 \u00e0 une temp\u00e9rature inf\u00e9rieure ou \u00e9gale \u00e0 20\u00b0C dans son emballage d&rsquo;origine non ouvert, ce produit a une dur\u00e9e de vie utile de 60 mois \u00e0 compter de la date de production.<\/p>\n<p>Composition :<\/p>\n<ul>\n<li>Huile min\u00e9rale<\/li>\n<li>Lubrifiants solides<\/li>\n<li>Inhibiteurs de corrosion<\/li>\n<li>Stabilisateur<\/li>\n<\/ul>\n<h2>Avantages du produit<\/h2>\n<ul>\n<li>Bonne p\u00e9n\u00e9tration<\/li>\n<li>Hydrofuge<\/li>\n<li>R\u00e9sistance \u00e0 la haute pression<\/li>\n<li>Protection temporaire contre la corrosion<\/li>\n<\/ul>\n<h2>Applications<\/h2>\n<p>Convient aux contacts \u00e0 friction, fonctionnant \u00e0 des vitesses faibles \u00e0 moyennes, qui ne sont pas \u00e9quip\u00e9s de graisseurs ou de trous de graissage. Utilis\u00e9 sur les joints, les leviers, les cha\u00eenes et autres composants des \u00e9quipements de transport et de convoyage, des machines textiles, des unit\u00e9s de remplissage automatique et de tous les types d&rsquo;\u00e9quipements d&#8217;emballage.<\/p>\n<p>Agiter avant l&rsquo;utilisation. Peut \u00eatre appliqu\u00e9 \u00e0 l&rsquo;aide d&rsquo;un pinceau, d&rsquo;un bidon d&rsquo;huile, d&rsquo;une bombe a\u00e9rosol, d&rsquo;un \u00e9quipement de pulv\u00e9risation manuel ou \u00e0 air comprim\u00e9, ou par trempage. Sur les pi\u00e8ces fortement corrod\u00e9es, laissez agir plus longtemps. R\u00e9p\u00e9tez l&rsquo;op\u00e9ration si n\u00e9cessaire.<\/p>\n<p>&nbsp;<\/p>\n","protected":false},"excerpt":{"rendered":"<p><strong>MOLYKOTE\u00ae Omnigliss Spray<\/strong> est un agent p\u00e9n\u00e9trant \u00e0 action rapide qui int\u00e8gre des propri\u00e9t\u00e9s de protection contre la corrosion, d&rsquo;hydrofugation et de lubrification.<\/p>\n","protected":false},"featured_media":2916,"comment_status":"open","ping_status":"closed","template":"","meta":{"_acf_changed":false},"product_brand":[],"product_cat":[340,394,411,384,375,360,342,359,412],"product_tag":[],"class_list":{"0":"post-4109","1":"product","2":"type-product","3":"status-publish","4":"has-post-thumbnail","6":"product_cat-automobile","7":"product_cat-dispersion-fr","8":"product_cat-electronique","9":"product_cat-energie","10":"product_cat-ferroviaire","11":"product_cat-industrie-generale","12":"product_cat-lubrifiants-industriels","13":"product_cat-molykote","14":"product_cat-telepheriques","15":"pa_brands-molykote-fr","17":"first","18":"instock","19":"shipping-taxable","20":"product-type-simple"},"acf":[],"_yoast_wpseo_focuskw":"Spray MOLYKOTE\u00ae Omnigliss","_yoast_wpseo_metadesc":"MOLYKOTE\u00ae Omnigliss Spray est un agent p\u00e9n\u00e9trant \u00e0 action rapide qui int\u00e8gre des propri\u00e9t\u00e9s de protection contre la corrosion, d'hydrofugation et de lubrification.","yoast_head":"<!-- This site is optimized with the Yoast SEO Premium plugin v21.6 (Yoast SEO v27.4) - https:\/\/yoast.com\/product\/yoast-seo-premium-wordpress\/ -->\n<title>Spray MOLYKOTE\u00ae Omnigliss - CREDIMEX<\/title>\n<meta name=\"description\" content=\"MOLYKOTE\u00ae Omnigliss Spray est un agent p\u00e9n\u00e9trant \u00e0 action rapide qui int\u00e8gre des propri\u00e9t\u00e9s de protection contre la corrosion, d&#039;hydrofugation et de lubrification.\" \/>\n<meta name=\"robots\" content=\"index, follow, max-snippet:-1, max-image-preview:large, max-video-preview:-1\" \/>\n<link rel=\"canonical\" href=\"https:\/\/www.credimex.ch\/fr\/produit\/molykote-omnigliss-2\/\" \/>\n<meta property=\"og:locale\" content=\"fr_FR\" \/>\n<meta property=\"og:type\" content=\"article\" \/>\n<meta property=\"og:title\" content=\"Spray MOLYKOTE\u00ae Omnigliss\" \/>\n<meta property=\"og:description\" content=\"MOLYKOTE\u00ae Omnigliss Spray est un agent p\u00e9n\u00e9trant \u00e0 action rapide qui int\u00e8gre des propri\u00e9t\u00e9s de protection contre la corrosion, d&#039;hydrofugation et de lubrification.\" \/>\n<meta property=\"og:url\" content=\"https:\/\/www.credimex.ch\/fr\/produit\/molykote-omnigliss-2\/\" \/>\n<meta property=\"og:site_name\" content=\"CREDIMEX\" \/>\n<meta property=\"article:publisher\" content=\"https:\/\/www.facebook.com\/credimex.alpnach\/\" \/>\n<meta property=\"og:image\" content=\"https:\/\/www.credimex.ch\/wp-content\/uploads\/2022\/05\/MOLYKOTE\u00ae-Omnigliss.png\" \/>\n\t<meta property=\"og:image:width\" content=\"800\" \/>\n\t<meta property=\"og:image:height\" content=\"800\" \/>\n\t<meta property=\"og:image:type\" content=\"image\/png\" \/>\n<meta name=\"twitter:card\" content=\"summary_large_image\" \/>\n<meta name=\"twitter:label1\" content=\"Dur\u00e9e de lecture estim\u00e9e\" \/>\n\t<meta name=\"twitter:data1\" content=\"1 minute\" \/>\n<script type=\"application\/ld+json\" class=\"yoast-schema-graph\">{\"@context\":\"https:\\\/\\\/schema.org\",\"@graph\":[{\"@type\":\"WebPage\",\"@id\":\"https:\\\/\\\/www.credimex.ch\\\/fr\\\/produit\\\/molykote-omnigliss-2\\\/\",\"url\":\"https:\\\/\\\/www.credimex.ch\\\/fr\\\/produit\\\/molykote-omnigliss-2\\\/\",\"name\":\"Spray MOLYKOTE\u00ae Omnigliss - CREDIMEX\",\"isPartOf\":{\"@id\":\"https:\\\/\\\/www.credimex.ch\\\/fr\\\/#website\"},\"primaryImageOfPage\":{\"@id\":\"https:\\\/\\\/www.credimex.ch\\\/fr\\\/produit\\\/molykote-omnigliss-2\\\/#primaryimage\"},\"image\":{\"@id\":\"https:\\\/\\\/www.credimex.ch\\\/fr\\\/produit\\\/molykote-omnigliss-2\\\/#primaryimage\"},\"thumbnailUrl\":\"https:\\\/\\\/www.credimex.ch\\\/wp-content\\\/uploads\\\/2022\\\/05\\\/MOLYKOTE\u00ae-Omnigliss.png\",\"datePublished\":\"2022-05-17T08:06:48+00:00\",\"description\":\"MOLYKOTE\u00ae Omnigliss Spray est un agent p\u00e9n\u00e9trant \u00e0 action rapide qui int\u00e8gre des propri\u00e9t\u00e9s de protection contre la corrosion, d'hydrofugation et de lubrification.\",\"breadcrumb\":{\"@id\":\"https:\\\/\\\/www.credimex.ch\\\/fr\\\/produit\\\/molykote-omnigliss-2\\\/#breadcrumb\"},\"inLanguage\":\"fr-FR\",\"potentialAction\":[{\"@type\":\"ReadAction\",\"target\":[\"https:\\\/\\\/www.credimex.ch\\\/fr\\\/produit\\\/molykote-omnigliss-2\\\/\"]}]},{\"@type\":\"ImageObject\",\"inLanguage\":\"fr-FR\",\"@id\":\"https:\\\/\\\/www.credimex.ch\\\/fr\\\/produit\\\/molykote-omnigliss-2\\\/#primaryimage\",\"url\":\"https:\\\/\\\/www.credimex.ch\\\/wp-content\\\/uploads\\\/2022\\\/05\\\/MOLYKOTE\u00ae-Omnigliss.png\",\"contentUrl\":\"https:\\\/\\\/www.credimex.ch\\\/wp-content\\\/uploads\\\/2022\\\/05\\\/MOLYKOTE\u00ae-Omnigliss.png\",\"width\":800,\"height\":800},{\"@type\":\"BreadcrumbList\",\"@id\":\"https:\\\/\\\/www.credimex.ch\\\/fr\\\/produit\\\/molykote-omnigliss-2\\\/#breadcrumb\",\"itemListElement\":[{\"@type\":\"ListItem\",\"position\":1,\"name\":\"Home\",\"item\":\"https:\\\/\\\/www.credimex.ch\\\/fr\\\/\"},{\"@type\":\"ListItem\",\"position\":2,\"name\":\"Produits\",\"item\":\"https:\\\/\\\/www.credimex.ch\\\/fr\\\/produits\\\/\"},{\"@type\":\"ListItem\",\"position\":3,\"name\":\"Spray MOLYKOTE\u00ae Omnigliss\"}]},{\"@type\":\"WebSite\",\"@id\":\"https:\\\/\\\/www.credimex.ch\\\/fr\\\/#website\",\"url\":\"https:\\\/\\\/www.credimex.ch\\\/fr\\\/\",\"name\":\"CREDIMEX\",\"description\":\"Partner of Swiss Industrial Market\",\"publisher\":{\"@id\":\"https:\\\/\\\/www.credimex.ch\\\/fr\\\/#organization\"},\"potentialAction\":[{\"@type\":\"SearchAction\",\"target\":{\"@type\":\"EntryPoint\",\"urlTemplate\":\"https:\\\/\\\/www.credimex.ch\\\/fr\\\/?s={search_term_string}\"},\"query-input\":{\"@type\":\"PropertyValueSpecification\",\"valueRequired\":true,\"valueName\":\"search_term_string\"}}],\"inLanguage\":\"fr-FR\"},{\"@type\":\"Organization\",\"@id\":\"https:\\\/\\\/www.credimex.ch\\\/fr\\\/#organization\",\"name\":\"credimex\",\"url\":\"https:\\\/\\\/www.credimex.ch\\\/fr\\\/\",\"logo\":{\"@type\":\"ImageObject\",\"inLanguage\":\"fr-FR\",\"@id\":\"https:\\\/\\\/www.credimex.ch\\\/fr\\\/#\\\/schema\\\/logo\\\/image\\\/\",\"url\":\"https:\\\/\\\/www.credimex.ch\\\/wp-content\\\/uploads\\\/2022\\\/03\\\/cropped-logo-credimex.png\",\"contentUrl\":\"https:\\\/\\\/www.credimex.ch\\\/wp-content\\\/uploads\\\/2022\\\/03\\\/cropped-logo-credimex.png\",\"width\":512,\"height\":512,\"caption\":\"credimex\"},\"image\":{\"@id\":\"https:\\\/\\\/www.credimex.ch\\\/fr\\\/#\\\/schema\\\/logo\\\/image\\\/\"},\"sameAs\":[\"https:\\\/\\\/www.facebook.com\\\/credimex.alpnach\\\/\",\"https:\\\/\\\/www.linkedin.com\\\/company\\\/credimex\\\/\",\"https:\\\/\\\/www.youtube.com\\\/@CREDIMEX?sub_confirmation=1\"]}]}<\/script>\n<!-- \/ Yoast SEO Premium plugin. -->","yoast_head_json":{"title":"Spray MOLYKOTE\u00ae Omnigliss - CREDIMEX","description":"MOLYKOTE\u00ae Omnigliss Spray est un agent p\u00e9n\u00e9trant \u00e0 action rapide qui int\u00e8gre des propri\u00e9t\u00e9s de protection contre la corrosion, d'hydrofugation et de lubrification.","robots":{"index":"index","follow":"follow","max-snippet":"max-snippet:-1","max-image-preview":"max-image-preview:large","max-video-preview":"max-video-preview:-1"},"canonical":"https:\/\/www.credimex.ch\/fr\/produit\/molykote-omnigliss-2\/","og_locale":"fr_FR","og_type":"article","og_title":"Spray MOLYKOTE\u00ae Omnigliss","og_description":"MOLYKOTE\u00ae Omnigliss Spray est un agent p\u00e9n\u00e9trant \u00e0 action rapide qui int\u00e8gre des propri\u00e9t\u00e9s de protection contre la corrosion, d'hydrofugation et de lubrification.","og_url":"https:\/\/www.credimex.ch\/fr\/produit\/molykote-omnigliss-2\/","og_site_name":"CREDIMEX","article_publisher":"https:\/\/www.facebook.com\/credimex.alpnach\/","og_image":[{"width":800,"height":800,"url":"https:\/\/www.credimex.ch\/wp-content\/uploads\/2022\/05\/MOLYKOTE\u00ae-Omnigliss.png","type":"image\/png"}],"twitter_card":"summary_large_image","twitter_misc":{"Dur\u00e9e de lecture estim\u00e9e":"1 minute"},"schema":{"@context":"https:\/\/schema.org","@graph":[{"@type":"WebPage","@id":"https:\/\/www.credimex.ch\/fr\/produit\/molykote-omnigliss-2\/","url":"https:\/\/www.credimex.ch\/fr\/produit\/molykote-omnigliss-2\/","name":"Spray MOLYKOTE\u00ae Omnigliss - CREDIMEX","isPartOf":{"@id":"https:\/\/www.credimex.ch\/fr\/#website"},"primaryImageOfPage":{"@id":"https:\/\/www.credimex.ch\/fr\/produit\/molykote-omnigliss-2\/#primaryimage"},"image":{"@id":"https:\/\/www.credimex.ch\/fr\/produit\/molykote-omnigliss-2\/#primaryimage"},"thumbnailUrl":"https:\/\/www.credimex.ch\/wp-content\/uploads\/2022\/05\/MOLYKOTE\u00ae-Omnigliss.png","datePublished":"2022-05-17T08:06:48+00:00","description":"MOLYKOTE\u00ae Omnigliss Spray est un agent p\u00e9n\u00e9trant \u00e0 action rapide qui int\u00e8gre des propri\u00e9t\u00e9s de protection contre la corrosion, d'hydrofugation et de lubrification.","breadcrumb":{"@id":"https:\/\/www.credimex.ch\/fr\/produit\/molykote-omnigliss-2\/#breadcrumb"},"inLanguage":"fr-FR","potentialAction":[{"@type":"ReadAction","target":["https:\/\/www.credimex.ch\/fr\/produit\/molykote-omnigliss-2\/"]}]},{"@type":"ImageObject","inLanguage":"fr-FR","@id":"https:\/\/www.credimex.ch\/fr\/produit\/molykote-omnigliss-2\/#primaryimage","url":"https:\/\/www.credimex.ch\/wp-content\/uploads\/2022\/05\/MOLYKOTE\u00ae-Omnigliss.png","contentUrl":"https:\/\/www.credimex.ch\/wp-content\/uploads\/2022\/05\/MOLYKOTE\u00ae-Omnigliss.png","width":800,"height":800},{"@type":"BreadcrumbList","@id":"https:\/\/www.credimex.ch\/fr\/produit\/molykote-omnigliss-2\/#breadcrumb","itemListElement":[{"@type":"ListItem","position":1,"name":"Home","item":"https:\/\/www.credimex.ch\/fr\/"},{"@type":"ListItem","position":2,"name":"Produits","item":"https:\/\/www.credimex.ch\/fr\/produits\/"},{"@type":"ListItem","position":3,"name":"Spray MOLYKOTE\u00ae Omnigliss"}]},{"@type":"WebSite","@id":"https:\/\/www.credimex.ch\/fr\/#website","url":"https:\/\/www.credimex.ch\/fr\/","name":"CREDIMEX","description":"Partner of Swiss Industrial Market","publisher":{"@id":"https:\/\/www.credimex.ch\/fr\/#organization"},"potentialAction":[{"@type":"SearchAction","target":{"@type":"EntryPoint","urlTemplate":"https:\/\/www.credimex.ch\/fr\/?s={search_term_string}"},"query-input":{"@type":"PropertyValueSpecification","valueRequired":true,"valueName":"search_term_string"}}],"inLanguage":"fr-FR"},{"@type":"Organization","@id":"https:\/\/www.credimex.ch\/fr\/#organization","name":"credimex","url":"https:\/\/www.credimex.ch\/fr\/","logo":{"@type":"ImageObject","inLanguage":"fr-FR","@id":"https:\/\/www.credimex.ch\/fr\/#\/schema\/logo\/image\/","url":"https:\/\/www.credimex.ch\/wp-content\/uploads\/2022\/03\/cropped-logo-credimex.png","contentUrl":"https:\/\/www.credimex.ch\/wp-content\/uploads\/2022\/03\/cropped-logo-credimex.png","width":512,"height":512,"caption":"credimex"},"image":{"@id":"https:\/\/www.credimex.ch\/fr\/#\/schema\/logo\/image\/"},"sameAs":["https:\/\/www.facebook.com\/credimex.alpnach\/","https:\/\/www.linkedin.com\/company\/credimex\/","https:\/\/www.youtube.com\/@CREDIMEX?sub_confirmation=1"]}]}},"_links":{"self":[{"href":"https:\/\/www.credimex.ch\/fr\/wp-json\/wp\/v2\/product\/4109","targetHints":{"allow":["GET"]}}],"collection":[{"href":"https:\/\/www.credimex.ch\/fr\/wp-json\/wp\/v2\/product"}],"about":[{"href":"https:\/\/www.credimex.ch\/fr\/wp-json\/wp\/v2\/types\/product"}],"replies":[{"embeddable":true,"href":"https:\/\/www.credimex.ch\/fr\/wp-json\/wp\/v2\/comments?post=4109"}],"wp:featuredmedia":[{"embeddable":true,"href":"https:\/\/www.credimex.ch\/fr\/wp-json\/wp\/v2\/media\/2916"}],"wp:attachment":[{"href":"https:\/\/www.credimex.ch\/fr\/wp-json\/wp\/v2\/media?parent=4109"}],"wp:term":[{"taxonomy":"product_brand","embeddable":true,"href":"https:\/\/www.credimex.ch\/fr\/wp-json\/wp\/v2\/product_brand?post=4109"},{"taxonomy":"product_cat","embeddable":true,"href":"https:\/\/www.credimex.ch\/fr\/wp-json\/wp\/v2\/product_cat?post=4109"},{"taxonomy":"product_tag","embeddable":true,"href":"https:\/\/www.credimex.ch\/fr\/wp-json\/wp\/v2\/product_tag?post=4109"}],"curies":[{"name":"wp","href":"https:\/\/api.w.org\/{rel}","templated":true}]}}