{"id":4111,"date":"2022-05-17T09:53:40","date_gmt":"2022-05-17T07:53:40","guid":{"rendered":"https:\/\/www.credimex.ch.mialias.net\/product\/compose-molykote-111\/"},"modified":"2022-05-17T09:53:40","modified_gmt":"2022-05-17T07:53:40","slug":"compose-molykote-111","status":"publish","type":"product","link":"https:\/\/www.credimex.ch\/fr\/produit\/compose-molykote-111\/","title":{"rendered":"Compos\u00e9 MOLYKOTE\u00ae 111"},"content":{"rendered":"<h2>Description<\/h2>\n<p>Le compos\u00e9 MOLYKOTE\u00ae 111 est un produit NLGI de grade 3-4, de couleur blanche translucide, utilis\u00e9 principalement comme lubrifiant pour les joints toriques et les vannes. Le compos\u00e9 MOLYKOTE\u00ae 111 est conforme \u00e0 plusieurs normes mondiales relatives au contact avec l&rsquo;eau, notamment NSF 51, NSF 61, FDA 21 CFR 175.300, l&rsquo;approbation BS9260 du Water Regulations Advisory Scheme (Angleterre), le certificat de conformit\u00e9 IPL (France) et le certificat d&rsquo;examen DIN-DVGW (Allemagne).<\/p>\n<p>Conserv\u00e9 entre 0 et 40\u00b0C dans son emballage d&rsquo;origine non ouvert, ce produit a une dur\u00e9e de vie utile de 60 mois \u00e0 compter de la date de production.<\/p>\n<p>Composition :<\/p>\n<ul>\n<li>Huile de silicone<\/li>\n<li>\u00c9paississeur inorganique<\/li>\n<\/ul>\n<h2>Avantages du produit<\/h2>\n<ul>\n<li>Large gamme de temp\u00e9ratures de service (de -40\u00b0C\/-40\u00b0F \u00e0 200\u00b0C\/392\u00b0F)<\/li>\n<li>Excellente r\u00e9sistance \u00e0 l&rsquo;eau<\/li>\n<li>Compatible avec de nombreux plastiques et \u00e9lastom\u00e8res<\/li>\n<li>Faible pression de vapeur<\/li>\n<li>Faible volatilit\u00e9<\/li>\n<li>R\u00e9pond \u00e0 plusieurs normes mondiales en mati\u00e8re de contact avec l&rsquo;eau<\/li>\n<\/ul>\n<p>Le compos\u00e9 MOLYKOTE\u00ae 111 n&rsquo;est pas tr\u00e8s affect\u00e9 par les huiles min\u00e9rales, les huiles v\u00e9g\u00e9tales ou l&rsquo;air. Il est g\u00e9n\u00e9ralement r\u00e9sistant aux acides et alcalins dilu\u00e9s et \u00e0 la plupart des solutions aqueuses.<\/p>\n<p>Comme chaque application peut varier en termes de composition chimique, de pression, de vitesse d&rsquo;\u00e9coulement, d&rsquo;exigences de relubrification et de conception de l&rsquo;\u00e9quipement, il est recommand\u00e9 de tester le compos\u00e9 de silicone avant de l&rsquo;adopter pour un usage r\u00e9gulier.<\/p>\n<p>Le compos\u00e9 MOLYKOTE\u00ae 111 ne doit pas \u00eatre utilis\u00e9 avec de l&rsquo;oxyg\u00e8ne liquide et ne doit pas \u00eatre utilis\u00e9 dans des applications n\u00e9cessitant une compatibilit\u00e9 LOX.<\/p>\n<h2>Applications<\/h2>\n<p>Lubrification des vannes de contr\u00f4le et de pression, des adoucisseurs d&rsquo;eau et des robinets. Produit d&rsquo;\u00e9tanch\u00e9it\u00e9 pour les syst\u00e8mes sous vide et sous pression et les \u00e9quipements ext\u00e9rieurs (\u00e9galement \u00e0 bord des navires) soumis \u00e0 des lavages et \u00e0 des expositions environnementales difficiles, tels que les compteurs, les entr\u00e9es de service \u00e9lectriques et les connexions souterraines. Milieu amortissant pour les pots de tirage dans les \u00e9quipements \u00e9lectriques et \u00e9lectroniques. En tant qu&rsquo;antiadh\u00e9sif et produit d&rsquo;\u00e9tanch\u00e9it\u00e9 pour les joints de transformateurs et les bo\u00eetiers d&rsquo;\u00e9quipement, il emp\u00eache les joints de coller au m\u00e9tal et r\u00e9siste aux intemp\u00e9ries et au lavage par l&rsquo;eau. Convient \u00e9galement pour les joints toriques, les joints d&rsquo;\u00e9tanch\u00e9it\u00e9 et les garnitures en caoutchouc et en plastique.<\/p>\n<p>Le compos\u00e9 MOLYKOTE\u00ae 111 peut \u00eatre appliqu\u00e9 \u00e0 la main, \u00e0 l&rsquo;aide d&rsquo;un \u00e9quipement automatis\u00e9 sp\u00e9cialement con\u00e7u, au pinceau ou \u00e0 l&rsquo;aide d&rsquo;un chiffon. Certains mod\u00e8les de pistolets \u00e0 graisse peuvent se gripper ; testez-les avant de les utiliser. Une consistance plus fine peut \u00eatre obtenue en la dispersant dans des solvants tels que le xyl\u00e8ne, l&rsquo;essence min\u00e9rale et la m\u00e9thyl\u00e9thylc\u00e9tone. Le compos\u00e9 MOLYKOTE\u00ae 111 peut ensuite \u00eatre appliqu\u00e9 par brossage, trempage ou pulv\u00e9risation.<\/p>\n<p>Le compos\u00e9 MOLYKOTE\u00ae 111 ne doit pas \u00eatre appliqu\u00e9 sur une surface qui sera peinte ou finie. Ces rev\u00eatements peuvent ne pas adh\u00e9rer \u00e0 la surface trait\u00e9e au silicone. Si les pi\u00e8ces sont contamin\u00e9es par un rev\u00eatement de silicone, elles peuvent \u00eatre essuy\u00e9es ou lav\u00e9es avec un solvant, lav\u00e9es avec un d\u00e9tergent ou immerg\u00e9es dans une solution alcoolique d&rsquo;hydroxyde de potassium, puis rinc\u00e9es \u00e0 l&rsquo;eau claire avant d&rsquo;\u00eatre peintes.<\/p>\n","protected":false},"excerpt":{"rendered":"<p>Le <strong>compos\u00e9 MOLYKOTE\u00ae 111<\/strong> est un produit NLGI de grade 3-4, de couleur blanche translucide, utilis\u00e9 principalement comme lubrifiant pour les joints toriques et les vannes.<\/p>\n","protected":false},"featured_media":2922,"comment_status":"open","ping_status":"closed","template":"","meta":{"_acf_changed":false},"product_brand":[],"product_cat":[340,424,376,411,384,375,361,360,342,359,412],"product_tag":[],"class_list":{"0":"post-4111","1":"product","2":"type-product","3":"status-publish","4":"has-post-thumbnail","6":"product_cat-automobile","7":"product_cat-compose","8":"product_cat-e-mobilite","9":"product_cat-electronique","10":"product_cat-energie","11":"product_cat-ferroviaire","12":"product_cat-industrie-alimentaire","13":"product_cat-industrie-generale","14":"product_cat-lubrifiants-industriels","15":"product_cat-molykote","16":"product_cat-telepheriques","17":"pa_brands-molykote-fr","19":"first","20":"instock","21":"shipping-taxable","22":"product-type-simple"},"acf":[],"_yoast_wpseo_focuskw":"Compos\u00e9 MOLYKOTE\u00ae 111","_yoast_wpseo_metadesc":"Le compos\u00e9 MOLYKOTE\u00ae 111 est un produit NLGI de grade 3-4, de couleur blanche translucide, utilis\u00e9 principalement comme lubrifiant pour les joints toriques et les vannes.","yoast_head":"<!-- This site is optimized with the Yoast SEO Premium plugin v21.6 (Yoast SEO v27.4) - https:\/\/yoast.com\/product\/yoast-seo-premium-wordpress\/ -->\n<title>Compos\u00e9 MOLYKOTE\u00ae 111 - CREDIMEX<\/title>\n<meta name=\"description\" content=\"Le compos\u00e9 MOLYKOTE\u00ae 111 est un produit NLGI de grade 3-4, de couleur blanche translucide, utilis\u00e9 principalement comme lubrifiant pour les joints toriques et les vannes.\" \/>\n<meta name=\"robots\" content=\"index, follow, max-snippet:-1, max-image-preview:large, max-video-preview:-1\" \/>\n<link rel=\"canonical\" href=\"https:\/\/www.credimex.ch\/fr\/produit\/compose-molykote-111\/\" \/>\n<meta property=\"og:locale\" content=\"fr_FR\" \/>\n<meta property=\"og:type\" content=\"article\" \/>\n<meta property=\"og:title\" content=\"Compos\u00e9 MOLYKOTE\u00ae 111\" \/>\n<meta property=\"og:description\" content=\"Le compos\u00e9 MOLYKOTE\u00ae 111 est un produit NLGI de grade 3-4, de couleur blanche translucide, utilis\u00e9 principalement comme lubrifiant pour les joints toriques et les vannes.\" \/>\n<meta property=\"og:url\" content=\"https:\/\/www.credimex.ch\/fr\/produit\/compose-molykote-111\/\" \/>\n<meta property=\"og:site_name\" content=\"CREDIMEX\" \/>\n<meta property=\"article:publisher\" content=\"https:\/\/www.facebook.com\/credimex.alpnach\/\" \/>\n<meta property=\"og:image\" content=\"https:\/\/www.credimex.ch\/wp-content\/uploads\/2022\/05\/MOLYKOTE\u00ae-111-Compound.png\" \/>\n\t<meta property=\"og:image:width\" content=\"800\" \/>\n\t<meta property=\"og:image:height\" content=\"800\" \/>\n\t<meta property=\"og:image:type\" content=\"image\/png\" \/>\n<meta name=\"twitter:card\" content=\"summary_large_image\" \/>\n<meta name=\"twitter:label1\" content=\"Dur\u00e9e de lecture estim\u00e9e\" \/>\n\t<meta name=\"twitter:data1\" content=\"3 minutes\" \/>\n<script type=\"application\/ld+json\" class=\"yoast-schema-graph\">{\"@context\":\"https:\\\/\\\/schema.org\",\"@graph\":[{\"@type\":\"WebPage\",\"@id\":\"https:\\\/\\\/www.credimex.ch\\\/fr\\\/produit\\\/compose-molykote-111\\\/\",\"url\":\"https:\\\/\\\/www.credimex.ch\\\/fr\\\/produit\\\/compose-molykote-111\\\/\",\"name\":\"Compos\u00e9 MOLYKOTE\u00ae 111 - CREDIMEX\",\"isPartOf\":{\"@id\":\"https:\\\/\\\/www.credimex.ch\\\/fr\\\/#website\"},\"primaryImageOfPage\":{\"@id\":\"https:\\\/\\\/www.credimex.ch\\\/fr\\\/produit\\\/compose-molykote-111\\\/#primaryimage\"},\"image\":{\"@id\":\"https:\\\/\\\/www.credimex.ch\\\/fr\\\/produit\\\/compose-molykote-111\\\/#primaryimage\"},\"thumbnailUrl\":\"https:\\\/\\\/www.credimex.ch\\\/wp-content\\\/uploads\\\/2022\\\/05\\\/MOLYKOTE\u00ae-111-Compound.png\",\"datePublished\":\"2022-05-17T07:53:40+00:00\",\"description\":\"Le compos\u00e9 MOLYKOTE\u00ae 111 est un produit NLGI de grade 3-4, de couleur blanche translucide, utilis\u00e9 principalement comme lubrifiant pour les joints toriques et les vannes.\",\"breadcrumb\":{\"@id\":\"https:\\\/\\\/www.credimex.ch\\\/fr\\\/produit\\\/compose-molykote-111\\\/#breadcrumb\"},\"inLanguage\":\"fr-FR\",\"potentialAction\":[{\"@type\":\"ReadAction\",\"target\":[\"https:\\\/\\\/www.credimex.ch\\\/fr\\\/produit\\\/compose-molykote-111\\\/\"]}]},{\"@type\":\"ImageObject\",\"inLanguage\":\"fr-FR\",\"@id\":\"https:\\\/\\\/www.credimex.ch\\\/fr\\\/produit\\\/compose-molykote-111\\\/#primaryimage\",\"url\":\"https:\\\/\\\/www.credimex.ch\\\/wp-content\\\/uploads\\\/2022\\\/05\\\/MOLYKOTE\u00ae-111-Compound.png\",\"contentUrl\":\"https:\\\/\\\/www.credimex.ch\\\/wp-content\\\/uploads\\\/2022\\\/05\\\/MOLYKOTE\u00ae-111-Compound.png\",\"width\":800,\"height\":800},{\"@type\":\"BreadcrumbList\",\"@id\":\"https:\\\/\\\/www.credimex.ch\\\/fr\\\/produit\\\/compose-molykote-111\\\/#breadcrumb\",\"itemListElement\":[{\"@type\":\"ListItem\",\"position\":1,\"name\":\"Home\",\"item\":\"https:\\\/\\\/www.credimex.ch\\\/fr\\\/\"},{\"@type\":\"ListItem\",\"position\":2,\"name\":\"Produits\",\"item\":\"https:\\\/\\\/www.credimex.ch\\\/fr\\\/produits\\\/\"},{\"@type\":\"ListItem\",\"position\":3,\"name\":\"Compos\u00e9 MOLYKOTE\u00ae 111\"}]},{\"@type\":\"WebSite\",\"@id\":\"https:\\\/\\\/www.credimex.ch\\\/fr\\\/#website\",\"url\":\"https:\\\/\\\/www.credimex.ch\\\/fr\\\/\",\"name\":\"CREDIMEX\",\"description\":\"Partner of Swiss Industrial Market\",\"publisher\":{\"@id\":\"https:\\\/\\\/www.credimex.ch\\\/fr\\\/#organization\"},\"potentialAction\":[{\"@type\":\"SearchAction\",\"target\":{\"@type\":\"EntryPoint\",\"urlTemplate\":\"https:\\\/\\\/www.credimex.ch\\\/fr\\\/?s={search_term_string}\"},\"query-input\":{\"@type\":\"PropertyValueSpecification\",\"valueRequired\":true,\"valueName\":\"search_term_string\"}}],\"inLanguage\":\"fr-FR\"},{\"@type\":\"Organization\",\"@id\":\"https:\\\/\\\/www.credimex.ch\\\/fr\\\/#organization\",\"name\":\"credimex\",\"url\":\"https:\\\/\\\/www.credimex.ch\\\/fr\\\/\",\"logo\":{\"@type\":\"ImageObject\",\"inLanguage\":\"fr-FR\",\"@id\":\"https:\\\/\\\/www.credimex.ch\\\/fr\\\/#\\\/schema\\\/logo\\\/image\\\/\",\"url\":\"https:\\\/\\\/www.credimex.ch\\\/wp-content\\\/uploads\\\/2022\\\/03\\\/cropped-logo-credimex.png\",\"contentUrl\":\"https:\\\/\\\/www.credimex.ch\\\/wp-content\\\/uploads\\\/2022\\\/03\\\/cropped-logo-credimex.png\",\"width\":512,\"height\":512,\"caption\":\"credimex\"},\"image\":{\"@id\":\"https:\\\/\\\/www.credimex.ch\\\/fr\\\/#\\\/schema\\\/logo\\\/image\\\/\"},\"sameAs\":[\"https:\\\/\\\/www.facebook.com\\\/credimex.alpnach\\\/\",\"https:\\\/\\\/www.linkedin.com\\\/company\\\/credimex\\\/\",\"https:\\\/\\\/www.youtube.com\\\/@CREDIMEX?sub_confirmation=1\"]}]}<\/script>\n<!-- \/ Yoast SEO Premium plugin. -->","yoast_head_json":{"title":"Compos\u00e9 MOLYKOTE\u00ae 111 - CREDIMEX","description":"Le compos\u00e9 MOLYKOTE\u00ae 111 est un produit NLGI de grade 3-4, de couleur blanche translucide, utilis\u00e9 principalement comme lubrifiant pour les joints toriques et les vannes.","robots":{"index":"index","follow":"follow","max-snippet":"max-snippet:-1","max-image-preview":"max-image-preview:large","max-video-preview":"max-video-preview:-1"},"canonical":"https:\/\/www.credimex.ch\/fr\/produit\/compose-molykote-111\/","og_locale":"fr_FR","og_type":"article","og_title":"Compos\u00e9 MOLYKOTE\u00ae 111","og_description":"Le compos\u00e9 MOLYKOTE\u00ae 111 est un produit NLGI de grade 3-4, de couleur blanche translucide, utilis\u00e9 principalement comme lubrifiant pour les joints toriques et les vannes.","og_url":"https:\/\/www.credimex.ch\/fr\/produit\/compose-molykote-111\/","og_site_name":"CREDIMEX","article_publisher":"https:\/\/www.facebook.com\/credimex.alpnach\/","og_image":[{"width":800,"height":800,"url":"https:\/\/www.credimex.ch\/wp-content\/uploads\/2022\/05\/MOLYKOTE\u00ae-111-Compound.png","type":"image\/png"}],"twitter_card":"summary_large_image","twitter_misc":{"Dur\u00e9e de lecture estim\u00e9e":"3 minutes"},"schema":{"@context":"https:\/\/schema.org","@graph":[{"@type":"WebPage","@id":"https:\/\/www.credimex.ch\/fr\/produit\/compose-molykote-111\/","url":"https:\/\/www.credimex.ch\/fr\/produit\/compose-molykote-111\/","name":"Compos\u00e9 MOLYKOTE\u00ae 111 - CREDIMEX","isPartOf":{"@id":"https:\/\/www.credimex.ch\/fr\/#website"},"primaryImageOfPage":{"@id":"https:\/\/www.credimex.ch\/fr\/produit\/compose-molykote-111\/#primaryimage"},"image":{"@id":"https:\/\/www.credimex.ch\/fr\/produit\/compose-molykote-111\/#primaryimage"},"thumbnailUrl":"https:\/\/www.credimex.ch\/wp-content\/uploads\/2022\/05\/MOLYKOTE\u00ae-111-Compound.png","datePublished":"2022-05-17T07:53:40+00:00","description":"Le compos\u00e9 MOLYKOTE\u00ae 111 est un produit NLGI de grade 3-4, de couleur blanche translucide, utilis\u00e9 principalement comme lubrifiant pour les joints toriques et les vannes.","breadcrumb":{"@id":"https:\/\/www.credimex.ch\/fr\/produit\/compose-molykote-111\/#breadcrumb"},"inLanguage":"fr-FR","potentialAction":[{"@type":"ReadAction","target":["https:\/\/www.credimex.ch\/fr\/produit\/compose-molykote-111\/"]}]},{"@type":"ImageObject","inLanguage":"fr-FR","@id":"https:\/\/www.credimex.ch\/fr\/produit\/compose-molykote-111\/#primaryimage","url":"https:\/\/www.credimex.ch\/wp-content\/uploads\/2022\/05\/MOLYKOTE\u00ae-111-Compound.png","contentUrl":"https:\/\/www.credimex.ch\/wp-content\/uploads\/2022\/05\/MOLYKOTE\u00ae-111-Compound.png","width":800,"height":800},{"@type":"BreadcrumbList","@id":"https:\/\/www.credimex.ch\/fr\/produit\/compose-molykote-111\/#breadcrumb","itemListElement":[{"@type":"ListItem","position":1,"name":"Home","item":"https:\/\/www.credimex.ch\/fr\/"},{"@type":"ListItem","position":2,"name":"Produits","item":"https:\/\/www.credimex.ch\/fr\/produits\/"},{"@type":"ListItem","position":3,"name":"Compos\u00e9 MOLYKOTE\u00ae 111"}]},{"@type":"WebSite","@id":"https:\/\/www.credimex.ch\/fr\/#website","url":"https:\/\/www.credimex.ch\/fr\/","name":"CREDIMEX","description":"Partner of Swiss Industrial Market","publisher":{"@id":"https:\/\/www.credimex.ch\/fr\/#organization"},"potentialAction":[{"@type":"SearchAction","target":{"@type":"EntryPoint","urlTemplate":"https:\/\/www.credimex.ch\/fr\/?s={search_term_string}"},"query-input":{"@type":"PropertyValueSpecification","valueRequired":true,"valueName":"search_term_string"}}],"inLanguage":"fr-FR"},{"@type":"Organization","@id":"https:\/\/www.credimex.ch\/fr\/#organization","name":"credimex","url":"https:\/\/www.credimex.ch\/fr\/","logo":{"@type":"ImageObject","inLanguage":"fr-FR","@id":"https:\/\/www.credimex.ch\/fr\/#\/schema\/logo\/image\/","url":"https:\/\/www.credimex.ch\/wp-content\/uploads\/2022\/03\/cropped-logo-credimex.png","contentUrl":"https:\/\/www.credimex.ch\/wp-content\/uploads\/2022\/03\/cropped-logo-credimex.png","width":512,"height":512,"caption":"credimex"},"image":{"@id":"https:\/\/www.credimex.ch\/fr\/#\/schema\/logo\/image\/"},"sameAs":["https:\/\/www.facebook.com\/credimex.alpnach\/","https:\/\/www.linkedin.com\/company\/credimex\/","https:\/\/www.youtube.com\/@CREDIMEX?sub_confirmation=1"]}]}},"_links":{"self":[{"href":"https:\/\/www.credimex.ch\/fr\/wp-json\/wp\/v2\/product\/4111","targetHints":{"allow":["GET"]}}],"collection":[{"href":"https:\/\/www.credimex.ch\/fr\/wp-json\/wp\/v2\/product"}],"about":[{"href":"https:\/\/www.credimex.ch\/fr\/wp-json\/wp\/v2\/types\/product"}],"replies":[{"embeddable":true,"href":"https:\/\/www.credimex.ch\/fr\/wp-json\/wp\/v2\/comments?post=4111"}],"wp:featuredmedia":[{"embeddable":true,"href":"https:\/\/www.credimex.ch\/fr\/wp-json\/wp\/v2\/media\/2922"}],"wp:attachment":[{"href":"https:\/\/www.credimex.ch\/fr\/wp-json\/wp\/v2\/media?parent=4111"}],"wp:term":[{"taxonomy":"product_brand","embeddable":true,"href":"https:\/\/www.credimex.ch\/fr\/wp-json\/wp\/v2\/product_brand?post=4111"},{"taxonomy":"product_cat","embeddable":true,"href":"https:\/\/www.credimex.ch\/fr\/wp-json\/wp\/v2\/product_cat?post=4111"},{"taxonomy":"product_tag","embeddable":true,"href":"https:\/\/www.credimex.ch\/fr\/wp-json\/wp\/v2\/product_tag?post=4111"}],"curies":[{"name":"wp","href":"https:\/\/api.w.org\/{rel}","templated":true}]}}