{"id":4117,"date":"2022-05-17T09:23:42","date_gmt":"2022-05-17T07:23:42","guid":{"rendered":"https:\/\/www.credimex.ch.mialias.net\/product\/molykote-pg-65-plastislip\/"},"modified":"2022-05-17T09:23:42","modified_gmt":"2022-05-17T07:23:42","slug":"molykote-pg-65-plastislip-2","status":"publish","type":"product","link":"https:\/\/www.credimex.ch\/fr\/produit\/molykote-pg-65-plastislip-2\/","title":{"rendered":"MOLYKOTE PG-65 Plastislip"},"content":{"rendered":"<h2>Description<\/h2>\n<p>Graisse synth\u00e9tique \u00e0 base d&rsquo;hydrocarbures contenant des lubrifiants solides sp\u00e9cialement formul\u00e9s. Il pr\u00e9sente une excellente compatibilit\u00e9 avec les plastiques tels que le PET, le HDPE, le PTFE, le nylon et le PBT, et les caoutchoucs tels que le NBR, le PIB, le polyur\u00e9thane et le n\u00e9opr\u00e8ne. Il poss\u00e8de un faible coefficient de frottement et offre un bon pouvoir lubrifiant \u00e0 des vitesses de fonctionnement \u00e9lev\u00e9es. Le produit est compos\u00e9 d&rsquo;huile d&rsquo;hydrocarbure synth\u00e9tique\/graisse de savon de lithium. La plage de temp\u00e9rature est comprise entre -55 et +130 \u00b0C.<\/p>\n<h2>Avantages du produit<\/h2>\n<ul>\n<li>Compatible avec de nombreux plastiques<\/li>\n<li>Faible coefficient de friction<\/li>\n<li>Con\u00e7u pour les applications \u00e0 grande vitesse.<\/li>\n<\/ul>\n<h2>Application<\/h2>\n<p>Con\u00e7u principalement pour la lubrification plastique\/plastique, plastique\/m\u00e9tal, plastique\/caoutchouc et m\u00e9tal\/caoutchouc dans les applications \u00e9lectrom\u00e9caniques telles que les coussinets, les engrenages, les glissi\u00e8res, les interrupteurs, les leviers et les charni\u00e8res, le PG-65 Plastislip est particuli\u00e8rement efficace comme lubrifiant dans les syst\u00e8mes de commande par c\u00e2ble Bowden, les moteurs \u00e9lectriques et les bo\u00eetes d&rsquo;engrenages, les glissi\u00e8res de toit ouvrant d&rsquo;automobile et les commandes de climatisation d&rsquo;automobile.<\/p>\n","protected":false},"excerpt":{"rendered":"<p><strong>Molykote\u00ae PG-65 Plastislip<\/strong> est une graisse synth\u00e9tique \u00e0 base d&rsquo;huile d&rsquo;hydrocarbures et de savon de lithium contenant des lubrifiants solides sp\u00e9cialement formul\u00e9s.<\/p>\n","protected":false},"featured_media":2912,"comment_status":"open","ping_status":"closed","template":"","meta":{"_acf_changed":false},"product_brand":[],"product_cat":[340,411,362,360,342,359],"product_tag":[],"class_list":{"0":"post-4117","1":"product","2":"type-product","3":"status-publish","4":"has-post-thumbnail","6":"product_cat-automobile","7":"product_cat-electronique","8":"product_cat-graisses","9":"product_cat-industrie-generale","10":"product_cat-lubrifiants-industriels","11":"product_cat-molykote","12":"pa_brands-molykote-fr","14":"first","15":"instock","16":"shipping-taxable","17":"product-type-simple"},"acf":[],"_yoast_wpseo_focuskw":"MOLYKOTE PG-65 Plastislip","_yoast_wpseo_metadesc":"Molykote\u00ae PG-65 Plastislip est une graisse synth\u00e9tique \u00e0 base d'huile d'hydrocarbures et de savon de lithium contenant des lubrifiants solides sp\u00e9cialement formul\u00e9s.","yoast_head":"<!-- This site is optimized with the Yoast SEO Premium plugin v21.6 (Yoast SEO v27.4) - https:\/\/yoast.com\/product\/yoast-seo-premium-wordpress\/ -->\n<title>MOLYKOTE PG-65 Plastislip - CREDIMEX<\/title>\n<meta name=\"description\" content=\"Molykote\u00ae PG-65 Plastislip est une graisse synth\u00e9tique \u00e0 base d&#039;huile d&#039;hydrocarbures et de savon de lithium contenant des lubrifiants solides sp\u00e9cialement formul\u00e9s.\" \/>\n<meta name=\"robots\" content=\"index, follow, max-snippet:-1, max-image-preview:large, max-video-preview:-1\" \/>\n<link rel=\"canonical\" href=\"https:\/\/www.credimex.ch\/fr\/produit\/molykote-pg-65-plastislip-2\/\" \/>\n<meta property=\"og:locale\" content=\"fr_FR\" \/>\n<meta property=\"og:type\" content=\"article\" \/>\n<meta property=\"og:title\" content=\"MOLYKOTE PG-65 Plastislip\" \/>\n<meta property=\"og:description\" content=\"Molykote\u00ae PG-65 Plastislip est une graisse synth\u00e9tique \u00e0 base d&#039;huile d&#039;hydrocarbures et de savon de lithium contenant des lubrifiants solides sp\u00e9cialement formul\u00e9s.\" \/>\n<meta property=\"og:url\" content=\"https:\/\/www.credimex.ch\/fr\/produit\/molykote-pg-65-plastislip-2\/\" \/>\n<meta property=\"og:site_name\" content=\"CREDIMEX\" \/>\n<meta property=\"article:publisher\" content=\"https:\/\/www.facebook.com\/credimex.alpnach\/\" \/>\n<meta property=\"og:image\" content=\"https:\/\/www.credimex.ch\/wp-content\/uploads\/2022\/05\/Molykote-PG-65.png\" \/>\n\t<meta property=\"og:image:width\" content=\"800\" \/>\n\t<meta property=\"og:image:height\" content=\"800\" \/>\n\t<meta property=\"og:image:type\" content=\"image\/png\" \/>\n<meta name=\"twitter:card\" content=\"summary_large_image\" \/>\n<meta name=\"twitter:label1\" content=\"Dur\u00e9e de lecture estim\u00e9e\" \/>\n\t<meta name=\"twitter:data1\" content=\"1 minute\" \/>\n<script type=\"application\/ld+json\" class=\"yoast-schema-graph\">{\"@context\":\"https:\\\/\\\/schema.org\",\"@graph\":[{\"@type\":\"WebPage\",\"@id\":\"https:\\\/\\\/www.credimex.ch\\\/fr\\\/produit\\\/molykote-pg-65-plastislip-2\\\/\",\"url\":\"https:\\\/\\\/www.credimex.ch\\\/fr\\\/produit\\\/molykote-pg-65-plastislip-2\\\/\",\"name\":\"MOLYKOTE PG-65 Plastislip - CREDIMEX\",\"isPartOf\":{\"@id\":\"https:\\\/\\\/www.credimex.ch\\\/fr\\\/#website\"},\"primaryImageOfPage\":{\"@id\":\"https:\\\/\\\/www.credimex.ch\\\/fr\\\/produit\\\/molykote-pg-65-plastislip-2\\\/#primaryimage\"},\"image\":{\"@id\":\"https:\\\/\\\/www.credimex.ch\\\/fr\\\/produit\\\/molykote-pg-65-plastislip-2\\\/#primaryimage\"},\"thumbnailUrl\":\"https:\\\/\\\/www.credimex.ch\\\/wp-content\\\/uploads\\\/2022\\\/05\\\/Molykote-PG-65.png\",\"datePublished\":\"2022-05-17T07:23:42+00:00\",\"description\":\"Molykote\u00ae PG-65 Plastislip est une graisse synth\u00e9tique \u00e0 base d'huile d'hydrocarbures et de savon de lithium contenant des lubrifiants solides sp\u00e9cialement formul\u00e9s.\",\"breadcrumb\":{\"@id\":\"https:\\\/\\\/www.credimex.ch\\\/fr\\\/produit\\\/molykote-pg-65-plastislip-2\\\/#breadcrumb\"},\"inLanguage\":\"fr-FR\",\"potentialAction\":[{\"@type\":\"ReadAction\",\"target\":[\"https:\\\/\\\/www.credimex.ch\\\/fr\\\/produit\\\/molykote-pg-65-plastislip-2\\\/\"]}]},{\"@type\":\"ImageObject\",\"inLanguage\":\"fr-FR\",\"@id\":\"https:\\\/\\\/www.credimex.ch\\\/fr\\\/produit\\\/molykote-pg-65-plastislip-2\\\/#primaryimage\",\"url\":\"https:\\\/\\\/www.credimex.ch\\\/wp-content\\\/uploads\\\/2022\\\/05\\\/Molykote-PG-65.png\",\"contentUrl\":\"https:\\\/\\\/www.credimex.ch\\\/wp-content\\\/uploads\\\/2022\\\/05\\\/Molykote-PG-65.png\",\"width\":800,\"height\":800},{\"@type\":\"BreadcrumbList\",\"@id\":\"https:\\\/\\\/www.credimex.ch\\\/fr\\\/produit\\\/molykote-pg-65-plastislip-2\\\/#breadcrumb\",\"itemListElement\":[{\"@type\":\"ListItem\",\"position\":1,\"name\":\"Home\",\"item\":\"https:\\\/\\\/www.credimex.ch\\\/fr\\\/\"},{\"@type\":\"ListItem\",\"position\":2,\"name\":\"Produits\",\"item\":\"https:\\\/\\\/www.credimex.ch\\\/fr\\\/produits\\\/\"},{\"@type\":\"ListItem\",\"position\":3,\"name\":\"MOLYKOTE PG-65 Plastislip\"}]},{\"@type\":\"WebSite\",\"@id\":\"https:\\\/\\\/www.credimex.ch\\\/fr\\\/#website\",\"url\":\"https:\\\/\\\/www.credimex.ch\\\/fr\\\/\",\"name\":\"CREDIMEX\",\"description\":\"Partner of Swiss Industrial Market\",\"publisher\":{\"@id\":\"https:\\\/\\\/www.credimex.ch\\\/fr\\\/#organization\"},\"potentialAction\":[{\"@type\":\"SearchAction\",\"target\":{\"@type\":\"EntryPoint\",\"urlTemplate\":\"https:\\\/\\\/www.credimex.ch\\\/fr\\\/?s={search_term_string}\"},\"query-input\":{\"@type\":\"PropertyValueSpecification\",\"valueRequired\":true,\"valueName\":\"search_term_string\"}}],\"inLanguage\":\"fr-FR\"},{\"@type\":\"Organization\",\"@id\":\"https:\\\/\\\/www.credimex.ch\\\/fr\\\/#organization\",\"name\":\"credimex\",\"url\":\"https:\\\/\\\/www.credimex.ch\\\/fr\\\/\",\"logo\":{\"@type\":\"ImageObject\",\"inLanguage\":\"fr-FR\",\"@id\":\"https:\\\/\\\/www.credimex.ch\\\/fr\\\/#\\\/schema\\\/logo\\\/image\\\/\",\"url\":\"https:\\\/\\\/www.credimex.ch\\\/wp-content\\\/uploads\\\/2022\\\/03\\\/cropped-logo-credimex.png\",\"contentUrl\":\"https:\\\/\\\/www.credimex.ch\\\/wp-content\\\/uploads\\\/2022\\\/03\\\/cropped-logo-credimex.png\",\"width\":512,\"height\":512,\"caption\":\"credimex\"},\"image\":{\"@id\":\"https:\\\/\\\/www.credimex.ch\\\/fr\\\/#\\\/schema\\\/logo\\\/image\\\/\"},\"sameAs\":[\"https:\\\/\\\/www.facebook.com\\\/credimex.alpnach\\\/\",\"https:\\\/\\\/www.linkedin.com\\\/company\\\/credimex\\\/\",\"https:\\\/\\\/www.youtube.com\\\/@CREDIMEX?sub_confirmation=1\"]}]}<\/script>\n<!-- \/ Yoast SEO Premium plugin. -->","yoast_head_json":{"title":"MOLYKOTE PG-65 Plastislip - CREDIMEX","description":"Molykote\u00ae PG-65 Plastislip est une graisse synth\u00e9tique \u00e0 base d'huile d'hydrocarbures et de savon de lithium contenant des lubrifiants solides sp\u00e9cialement formul\u00e9s.","robots":{"index":"index","follow":"follow","max-snippet":"max-snippet:-1","max-image-preview":"max-image-preview:large","max-video-preview":"max-video-preview:-1"},"canonical":"https:\/\/www.credimex.ch\/fr\/produit\/molykote-pg-65-plastislip-2\/","og_locale":"fr_FR","og_type":"article","og_title":"MOLYKOTE PG-65 Plastislip","og_description":"Molykote\u00ae PG-65 Plastislip est une graisse synth\u00e9tique \u00e0 base d'huile d'hydrocarbures et de savon de lithium contenant des lubrifiants solides sp\u00e9cialement formul\u00e9s.","og_url":"https:\/\/www.credimex.ch\/fr\/produit\/molykote-pg-65-plastislip-2\/","og_site_name":"CREDIMEX","article_publisher":"https:\/\/www.facebook.com\/credimex.alpnach\/","og_image":[{"width":800,"height":800,"url":"https:\/\/www.credimex.ch\/wp-content\/uploads\/2022\/05\/Molykote-PG-65.png","type":"image\/png"}],"twitter_card":"summary_large_image","twitter_misc":{"Dur\u00e9e de lecture estim\u00e9e":"1 minute"},"schema":{"@context":"https:\/\/schema.org","@graph":[{"@type":"WebPage","@id":"https:\/\/www.credimex.ch\/fr\/produit\/molykote-pg-65-plastislip-2\/","url":"https:\/\/www.credimex.ch\/fr\/produit\/molykote-pg-65-plastislip-2\/","name":"MOLYKOTE PG-65 Plastislip - CREDIMEX","isPartOf":{"@id":"https:\/\/www.credimex.ch\/fr\/#website"},"primaryImageOfPage":{"@id":"https:\/\/www.credimex.ch\/fr\/produit\/molykote-pg-65-plastislip-2\/#primaryimage"},"image":{"@id":"https:\/\/www.credimex.ch\/fr\/produit\/molykote-pg-65-plastislip-2\/#primaryimage"},"thumbnailUrl":"https:\/\/www.credimex.ch\/wp-content\/uploads\/2022\/05\/Molykote-PG-65.png","datePublished":"2022-05-17T07:23:42+00:00","description":"Molykote\u00ae PG-65 Plastislip est une graisse synth\u00e9tique \u00e0 base d'huile d'hydrocarbures et de savon de lithium contenant des lubrifiants solides sp\u00e9cialement formul\u00e9s.","breadcrumb":{"@id":"https:\/\/www.credimex.ch\/fr\/produit\/molykote-pg-65-plastislip-2\/#breadcrumb"},"inLanguage":"fr-FR","potentialAction":[{"@type":"ReadAction","target":["https:\/\/www.credimex.ch\/fr\/produit\/molykote-pg-65-plastislip-2\/"]}]},{"@type":"ImageObject","inLanguage":"fr-FR","@id":"https:\/\/www.credimex.ch\/fr\/produit\/molykote-pg-65-plastislip-2\/#primaryimage","url":"https:\/\/www.credimex.ch\/wp-content\/uploads\/2022\/05\/Molykote-PG-65.png","contentUrl":"https:\/\/www.credimex.ch\/wp-content\/uploads\/2022\/05\/Molykote-PG-65.png","width":800,"height":800},{"@type":"BreadcrumbList","@id":"https:\/\/www.credimex.ch\/fr\/produit\/molykote-pg-65-plastislip-2\/#breadcrumb","itemListElement":[{"@type":"ListItem","position":1,"name":"Home","item":"https:\/\/www.credimex.ch\/fr\/"},{"@type":"ListItem","position":2,"name":"Produits","item":"https:\/\/www.credimex.ch\/fr\/produits\/"},{"@type":"ListItem","position":3,"name":"MOLYKOTE PG-65 Plastislip"}]},{"@type":"WebSite","@id":"https:\/\/www.credimex.ch\/fr\/#website","url":"https:\/\/www.credimex.ch\/fr\/","name":"CREDIMEX","description":"Partner of Swiss Industrial Market","publisher":{"@id":"https:\/\/www.credimex.ch\/fr\/#organization"},"potentialAction":[{"@type":"SearchAction","target":{"@type":"EntryPoint","urlTemplate":"https:\/\/www.credimex.ch\/fr\/?s={search_term_string}"},"query-input":{"@type":"PropertyValueSpecification","valueRequired":true,"valueName":"search_term_string"}}],"inLanguage":"fr-FR"},{"@type":"Organization","@id":"https:\/\/www.credimex.ch\/fr\/#organization","name":"credimex","url":"https:\/\/www.credimex.ch\/fr\/","logo":{"@type":"ImageObject","inLanguage":"fr-FR","@id":"https:\/\/www.credimex.ch\/fr\/#\/schema\/logo\/image\/","url":"https:\/\/www.credimex.ch\/wp-content\/uploads\/2022\/03\/cropped-logo-credimex.png","contentUrl":"https:\/\/www.credimex.ch\/wp-content\/uploads\/2022\/03\/cropped-logo-credimex.png","width":512,"height":512,"caption":"credimex"},"image":{"@id":"https:\/\/www.credimex.ch\/fr\/#\/schema\/logo\/image\/"},"sameAs":["https:\/\/www.facebook.com\/credimex.alpnach\/","https:\/\/www.linkedin.com\/company\/credimex\/","https:\/\/www.youtube.com\/@CREDIMEX?sub_confirmation=1"]}]}},"_links":{"self":[{"href":"https:\/\/www.credimex.ch\/fr\/wp-json\/wp\/v2\/product\/4117","targetHints":{"allow":["GET"]}}],"collection":[{"href":"https:\/\/www.credimex.ch\/fr\/wp-json\/wp\/v2\/product"}],"about":[{"href":"https:\/\/www.credimex.ch\/fr\/wp-json\/wp\/v2\/types\/product"}],"replies":[{"embeddable":true,"href":"https:\/\/www.credimex.ch\/fr\/wp-json\/wp\/v2\/comments?post=4117"}],"wp:featuredmedia":[{"embeddable":true,"href":"https:\/\/www.credimex.ch\/fr\/wp-json\/wp\/v2\/media\/2912"}],"wp:attachment":[{"href":"https:\/\/www.credimex.ch\/fr\/wp-json\/wp\/v2\/media?parent=4117"}],"wp:term":[{"taxonomy":"product_brand","embeddable":true,"href":"https:\/\/www.credimex.ch\/fr\/wp-json\/wp\/v2\/product_brand?post=4117"},{"taxonomy":"product_cat","embeddable":true,"href":"https:\/\/www.credimex.ch\/fr\/wp-json\/wp\/v2\/product_cat?post=4117"},{"taxonomy":"product_tag","embeddable":true,"href":"https:\/\/www.credimex.ch\/fr\/wp-json\/wp\/v2\/product_tag?post=4117"}],"curies":[{"name":"wp","href":"https:\/\/api.w.org\/{rel}","templated":true}]}}