{"id":4119,"date":"2022-05-17T09:13:26","date_gmt":"2022-05-17T07:13:26","guid":{"rendered":"https:\/\/www.credimex.ch.mialias.net\/product\/molykote-p-1900\/"},"modified":"2022-05-17T09:13:26","modified_gmt":"2022-05-17T07:13:26","slug":"molykote-p-1900-2","status":"publish","type":"product","link":"https:\/\/www.credimex.ch\/fr\/produit\/molykote-p-1900-2\/","title":{"rendered":"MOLYKOTE\u00ae P-1900"},"content":{"rendered":"<h2>Description<\/h2>\n<p>La p\u00e2te anti-grippage MOLYKOTE\u00ae P-1900 FM est une p\u00e2te anti-grippage \u00e0 base d&rsquo;huile min\u00e9rale enrichie d&rsquo;une combinaison synergique de lubrifiants solides qui r\u00e9pond aux r\u00e9glementations de la FDA 21 CRF 178.3570 et \u00e0 la classification NSF H1 pour le contact alimentaire accidentel. La p\u00e2te MOLYKOTE\u00ae P-1900 offre un excellent coefficient de friction faible et une capacit\u00e9 de charge \u00e9lev\u00e9e.<\/p>\n<p>La p\u00e2te anti-grippage MOLYKOTE\u00ae P-1900 FM a une dur\u00e9e de vie utile de 60 mois lorsqu&rsquo;elle est stock\u00e9e \u00e0 une temp\u00e9rature inf\u00e9rieure ou \u00e9gale \u00e0 20\u00baC dans son emballage d&rsquo;origine, non ouvert.<\/p>\n<h2>Avantages du produit<\/h2>\n<ul>\n<li>Conforme \u00e0 la r\u00e9glementation FDA 21 CRF 178.3570 et \u00e0 la classification NSF H1 pour le contact alimentaire accidentel<\/li>\n<li>Faible coefficient de friction<\/li>\n<li>Bonne r\u00e9sistance \u00e0 l&rsquo;eau<\/li>\n<li>Capacit\u00e9 de charge \u00e9lev\u00e9e<\/li>\n<li>Composition<\/li>\n<li>Huile min\u00e9rale<\/li>\n<li>Epaississant \u00e0 base de complexe d&rsquo;aluminium<\/li>\n<li>Lubrifiants solides<\/li>\n<\/ul>\n<h2>Application<\/h2>\n<p>Lubrification des composants m\u00e9caniques des \u00e9quipements de transformation des aliments et des boissons. Surfaces de glissement et contacts \u00e0 friction soumis \u00e0 de fortes charges, notamment \u00e0 des vitesses faibles \u00e0 moyennes.<\/p>\n<p>Les points de contact doivent \u00eatre nettoy\u00e9s, dans la mesure du possible. La p\u00e2te doit \u00eatre appliqu\u00e9e \u00e0 l&rsquo;aide d&rsquo;un pinceau appropri\u00e9. Elle peut \u00eatre d\u00e9livr\u00e9e par un pistolet \u00e0 graisse. Un exc\u00e8s de lubrification n&rsquo;est pas nuisible.<\/p>\n","protected":false},"excerpt":{"rendered":"<p><strong>MOLYKOTE\u00ae P-1900<\/strong> est une p\u00e2te antigrippante \u00e0 base d&rsquo;huile min\u00e9rale contenant des lubrifiants solides, notamment des solides blancs, pour une capacit\u00e9 de charge \u00e9lev\u00e9e et une r\u00e9sistance \u00e0 l&rsquo;eau.<\/p>\n","protected":false},"featured_media":2910,"comment_status":"open","ping_status":"closed","template":"","meta":{"_acf_changed":false},"product_brand":[],"product_cat":[361,342,359,532],"product_tag":[],"class_list":{"0":"post-4119","1":"product","2":"type-product","3":"status-publish","4":"has-post-thumbnail","6":"product_cat-industrie-alimentaire","7":"product_cat-lubrifiants-industriels","8":"product_cat-molykote","9":"product_cat-pates","10":"pa_brands-molykote-fr","12":"first","13":"instock","14":"shipping-taxable","15":"product-type-simple"},"acf":[],"_yoast_wpseo_focuskw":"MOLYKOTE\u00ae P-1900","_yoast_wpseo_metadesc":"MOLYKOTE\u00ae P-1900 est une p\u00e2te antigrippante \u00e0 base d'huile min\u00e9rale contenant des lubrifiants solides, notamment des solides blancs, pour une capacit\u00e9 de charge \u00e9lev\u00e9e et une r\u00e9sistance \u00e0 l'eau.","yoast_head":"<!-- This site is optimized with the Yoast SEO Premium plugin v21.6 (Yoast SEO v27.4) - https:\/\/yoast.com\/product\/yoast-seo-premium-wordpress\/ -->\n<title>MOLYKOTE\u00ae P-1900 - CREDIMEX<\/title>\n<meta name=\"description\" content=\"MOLYKOTE\u00ae P-1900 est une p\u00e2te antigrippante \u00e0 base d&#039;huile min\u00e9rale contenant des lubrifiants solides, notamment des solides blancs, pour une capacit\u00e9 de charge \u00e9lev\u00e9e et une r\u00e9sistance \u00e0 l&#039;eau.\" \/>\n<meta name=\"robots\" content=\"index, follow, max-snippet:-1, max-image-preview:large, max-video-preview:-1\" \/>\n<link rel=\"canonical\" href=\"https:\/\/www.credimex.ch\/fr\/produit\/molykote-p-1900-2\/\" \/>\n<meta property=\"og:locale\" content=\"fr_FR\" \/>\n<meta property=\"og:type\" content=\"article\" \/>\n<meta property=\"og:title\" content=\"MOLYKOTE\u00ae P-1900\" \/>\n<meta property=\"og:description\" content=\"MOLYKOTE\u00ae P-1900 est une p\u00e2te antigrippante \u00e0 base d&#039;huile min\u00e9rale contenant des lubrifiants solides, notamment des solides blancs, pour une capacit\u00e9 de charge \u00e9lev\u00e9e et une r\u00e9sistance \u00e0 l&#039;eau.\" \/>\n<meta property=\"og:url\" content=\"https:\/\/www.credimex.ch\/fr\/produit\/molykote-p-1900-2\/\" \/>\n<meta property=\"og:site_name\" content=\"CREDIMEX\" \/>\n<meta property=\"article:publisher\" content=\"https:\/\/www.facebook.com\/credimex.alpnach\/\" \/>\n<meta property=\"og:image\" content=\"https:\/\/www.credimex.ch\/wp-content\/uploads\/2022\/05\/MOLYCOTE-P-1900.png\" \/>\n\t<meta property=\"og:image:width\" content=\"800\" \/>\n\t<meta property=\"og:image:height\" content=\"800\" \/>\n\t<meta property=\"og:image:type\" content=\"image\/png\" \/>\n<meta name=\"twitter:card\" content=\"summary_large_image\" \/>\n<meta name=\"twitter:label1\" content=\"Dur\u00e9e de lecture estim\u00e9e\" \/>\n\t<meta name=\"twitter:data1\" content=\"1 minute\" \/>\n<script type=\"application\/ld+json\" class=\"yoast-schema-graph\">{\"@context\":\"https:\\\/\\\/schema.org\",\"@graph\":[{\"@type\":\"WebPage\",\"@id\":\"https:\\\/\\\/www.credimex.ch\\\/fr\\\/produit\\\/molykote-p-1900-2\\\/\",\"url\":\"https:\\\/\\\/www.credimex.ch\\\/fr\\\/produit\\\/molykote-p-1900-2\\\/\",\"name\":\"MOLYKOTE\u00ae P-1900 - CREDIMEX\",\"isPartOf\":{\"@id\":\"https:\\\/\\\/www.credimex.ch\\\/fr\\\/#website\"},\"primaryImageOfPage\":{\"@id\":\"https:\\\/\\\/www.credimex.ch\\\/fr\\\/produit\\\/molykote-p-1900-2\\\/#primaryimage\"},\"image\":{\"@id\":\"https:\\\/\\\/www.credimex.ch\\\/fr\\\/produit\\\/molykote-p-1900-2\\\/#primaryimage\"},\"thumbnailUrl\":\"https:\\\/\\\/www.credimex.ch\\\/wp-content\\\/uploads\\\/2022\\\/05\\\/MOLYCOTE-P-1900.png\",\"datePublished\":\"2022-05-17T07:13:26+00:00\",\"description\":\"MOLYKOTE\u00ae P-1900 est une p\u00e2te antigrippante \u00e0 base d'huile min\u00e9rale contenant des lubrifiants solides, notamment des solides blancs, pour une capacit\u00e9 de charge \u00e9lev\u00e9e et une r\u00e9sistance \u00e0 l'eau.\",\"breadcrumb\":{\"@id\":\"https:\\\/\\\/www.credimex.ch\\\/fr\\\/produit\\\/molykote-p-1900-2\\\/#breadcrumb\"},\"inLanguage\":\"fr-FR\",\"potentialAction\":[{\"@type\":\"ReadAction\",\"target\":[\"https:\\\/\\\/www.credimex.ch\\\/fr\\\/produit\\\/molykote-p-1900-2\\\/\"]}]},{\"@type\":\"ImageObject\",\"inLanguage\":\"fr-FR\",\"@id\":\"https:\\\/\\\/www.credimex.ch\\\/fr\\\/produit\\\/molykote-p-1900-2\\\/#primaryimage\",\"url\":\"https:\\\/\\\/www.credimex.ch\\\/wp-content\\\/uploads\\\/2022\\\/05\\\/MOLYCOTE-P-1900.png\",\"contentUrl\":\"https:\\\/\\\/www.credimex.ch\\\/wp-content\\\/uploads\\\/2022\\\/05\\\/MOLYCOTE-P-1900.png\",\"width\":800,\"height\":800},{\"@type\":\"BreadcrumbList\",\"@id\":\"https:\\\/\\\/www.credimex.ch\\\/fr\\\/produit\\\/molykote-p-1900-2\\\/#breadcrumb\",\"itemListElement\":[{\"@type\":\"ListItem\",\"position\":1,\"name\":\"Home\",\"item\":\"https:\\\/\\\/www.credimex.ch\\\/fr\\\/\"},{\"@type\":\"ListItem\",\"position\":2,\"name\":\"Produits\",\"item\":\"https:\\\/\\\/www.credimex.ch\\\/fr\\\/produits\\\/\"},{\"@type\":\"ListItem\",\"position\":3,\"name\":\"MOLYKOTE\u00ae P-1900\"}]},{\"@type\":\"WebSite\",\"@id\":\"https:\\\/\\\/www.credimex.ch\\\/fr\\\/#website\",\"url\":\"https:\\\/\\\/www.credimex.ch\\\/fr\\\/\",\"name\":\"CREDIMEX\",\"description\":\"Partner of Swiss Industrial Market\",\"publisher\":{\"@id\":\"https:\\\/\\\/www.credimex.ch\\\/fr\\\/#organization\"},\"potentialAction\":[{\"@type\":\"SearchAction\",\"target\":{\"@type\":\"EntryPoint\",\"urlTemplate\":\"https:\\\/\\\/www.credimex.ch\\\/fr\\\/?s={search_term_string}\"},\"query-input\":{\"@type\":\"PropertyValueSpecification\",\"valueRequired\":true,\"valueName\":\"search_term_string\"}}],\"inLanguage\":\"fr-FR\"},{\"@type\":\"Organization\",\"@id\":\"https:\\\/\\\/www.credimex.ch\\\/fr\\\/#organization\",\"name\":\"credimex\",\"url\":\"https:\\\/\\\/www.credimex.ch\\\/fr\\\/\",\"logo\":{\"@type\":\"ImageObject\",\"inLanguage\":\"fr-FR\",\"@id\":\"https:\\\/\\\/www.credimex.ch\\\/fr\\\/#\\\/schema\\\/logo\\\/image\\\/\",\"url\":\"https:\\\/\\\/www.credimex.ch\\\/wp-content\\\/uploads\\\/2022\\\/03\\\/cropped-logo-credimex.png\",\"contentUrl\":\"https:\\\/\\\/www.credimex.ch\\\/wp-content\\\/uploads\\\/2022\\\/03\\\/cropped-logo-credimex.png\",\"width\":512,\"height\":512,\"caption\":\"credimex\"},\"image\":{\"@id\":\"https:\\\/\\\/www.credimex.ch\\\/fr\\\/#\\\/schema\\\/logo\\\/image\\\/\"},\"sameAs\":[\"https:\\\/\\\/www.facebook.com\\\/credimex.alpnach\\\/\",\"https:\\\/\\\/www.linkedin.com\\\/company\\\/credimex\\\/\",\"https:\\\/\\\/www.youtube.com\\\/@CREDIMEX?sub_confirmation=1\"]}]}<\/script>\n<!-- \/ Yoast SEO Premium plugin. -->","yoast_head_json":{"title":"MOLYKOTE\u00ae P-1900 - CREDIMEX","description":"MOLYKOTE\u00ae P-1900 est une p\u00e2te antigrippante \u00e0 base d'huile min\u00e9rale contenant des lubrifiants solides, notamment des solides blancs, pour une capacit\u00e9 de charge \u00e9lev\u00e9e et une r\u00e9sistance \u00e0 l'eau.","robots":{"index":"index","follow":"follow","max-snippet":"max-snippet:-1","max-image-preview":"max-image-preview:large","max-video-preview":"max-video-preview:-1"},"canonical":"https:\/\/www.credimex.ch\/fr\/produit\/molykote-p-1900-2\/","og_locale":"fr_FR","og_type":"article","og_title":"MOLYKOTE\u00ae P-1900","og_description":"MOLYKOTE\u00ae P-1900 est une p\u00e2te antigrippante \u00e0 base d'huile min\u00e9rale contenant des lubrifiants solides, notamment des solides blancs, pour une capacit\u00e9 de charge \u00e9lev\u00e9e et une r\u00e9sistance \u00e0 l'eau.","og_url":"https:\/\/www.credimex.ch\/fr\/produit\/molykote-p-1900-2\/","og_site_name":"CREDIMEX","article_publisher":"https:\/\/www.facebook.com\/credimex.alpnach\/","og_image":[{"width":800,"height":800,"url":"https:\/\/www.credimex.ch\/wp-content\/uploads\/2022\/05\/MOLYCOTE-P-1900.png","type":"image\/png"}],"twitter_card":"summary_large_image","twitter_misc":{"Dur\u00e9e de lecture estim\u00e9e":"1 minute"},"schema":{"@context":"https:\/\/schema.org","@graph":[{"@type":"WebPage","@id":"https:\/\/www.credimex.ch\/fr\/produit\/molykote-p-1900-2\/","url":"https:\/\/www.credimex.ch\/fr\/produit\/molykote-p-1900-2\/","name":"MOLYKOTE\u00ae P-1900 - CREDIMEX","isPartOf":{"@id":"https:\/\/www.credimex.ch\/fr\/#website"},"primaryImageOfPage":{"@id":"https:\/\/www.credimex.ch\/fr\/produit\/molykote-p-1900-2\/#primaryimage"},"image":{"@id":"https:\/\/www.credimex.ch\/fr\/produit\/molykote-p-1900-2\/#primaryimage"},"thumbnailUrl":"https:\/\/www.credimex.ch\/wp-content\/uploads\/2022\/05\/MOLYCOTE-P-1900.png","datePublished":"2022-05-17T07:13:26+00:00","description":"MOLYKOTE\u00ae P-1900 est une p\u00e2te antigrippante \u00e0 base d'huile min\u00e9rale contenant des lubrifiants solides, notamment des solides blancs, pour une capacit\u00e9 de charge \u00e9lev\u00e9e et une r\u00e9sistance \u00e0 l'eau.","breadcrumb":{"@id":"https:\/\/www.credimex.ch\/fr\/produit\/molykote-p-1900-2\/#breadcrumb"},"inLanguage":"fr-FR","potentialAction":[{"@type":"ReadAction","target":["https:\/\/www.credimex.ch\/fr\/produit\/molykote-p-1900-2\/"]}]},{"@type":"ImageObject","inLanguage":"fr-FR","@id":"https:\/\/www.credimex.ch\/fr\/produit\/molykote-p-1900-2\/#primaryimage","url":"https:\/\/www.credimex.ch\/wp-content\/uploads\/2022\/05\/MOLYCOTE-P-1900.png","contentUrl":"https:\/\/www.credimex.ch\/wp-content\/uploads\/2022\/05\/MOLYCOTE-P-1900.png","width":800,"height":800},{"@type":"BreadcrumbList","@id":"https:\/\/www.credimex.ch\/fr\/produit\/molykote-p-1900-2\/#breadcrumb","itemListElement":[{"@type":"ListItem","position":1,"name":"Home","item":"https:\/\/www.credimex.ch\/fr\/"},{"@type":"ListItem","position":2,"name":"Produits","item":"https:\/\/www.credimex.ch\/fr\/produits\/"},{"@type":"ListItem","position":3,"name":"MOLYKOTE\u00ae P-1900"}]},{"@type":"WebSite","@id":"https:\/\/www.credimex.ch\/fr\/#website","url":"https:\/\/www.credimex.ch\/fr\/","name":"CREDIMEX","description":"Partner of Swiss Industrial Market","publisher":{"@id":"https:\/\/www.credimex.ch\/fr\/#organization"},"potentialAction":[{"@type":"SearchAction","target":{"@type":"EntryPoint","urlTemplate":"https:\/\/www.credimex.ch\/fr\/?s={search_term_string}"},"query-input":{"@type":"PropertyValueSpecification","valueRequired":true,"valueName":"search_term_string"}}],"inLanguage":"fr-FR"},{"@type":"Organization","@id":"https:\/\/www.credimex.ch\/fr\/#organization","name":"credimex","url":"https:\/\/www.credimex.ch\/fr\/","logo":{"@type":"ImageObject","inLanguage":"fr-FR","@id":"https:\/\/www.credimex.ch\/fr\/#\/schema\/logo\/image\/","url":"https:\/\/www.credimex.ch\/wp-content\/uploads\/2022\/03\/cropped-logo-credimex.png","contentUrl":"https:\/\/www.credimex.ch\/wp-content\/uploads\/2022\/03\/cropped-logo-credimex.png","width":512,"height":512,"caption":"credimex"},"image":{"@id":"https:\/\/www.credimex.ch\/fr\/#\/schema\/logo\/image\/"},"sameAs":["https:\/\/www.facebook.com\/credimex.alpnach\/","https:\/\/www.linkedin.com\/company\/credimex\/","https:\/\/www.youtube.com\/@CREDIMEX?sub_confirmation=1"]}]}},"_links":{"self":[{"href":"https:\/\/www.credimex.ch\/fr\/wp-json\/wp\/v2\/product\/4119","targetHints":{"allow":["GET"]}}],"collection":[{"href":"https:\/\/www.credimex.ch\/fr\/wp-json\/wp\/v2\/product"}],"about":[{"href":"https:\/\/www.credimex.ch\/fr\/wp-json\/wp\/v2\/types\/product"}],"replies":[{"embeddable":true,"href":"https:\/\/www.credimex.ch\/fr\/wp-json\/wp\/v2\/comments?post=4119"}],"wp:featuredmedia":[{"embeddable":true,"href":"https:\/\/www.credimex.ch\/fr\/wp-json\/wp\/v2\/media\/2910"}],"wp:attachment":[{"href":"https:\/\/www.credimex.ch\/fr\/wp-json\/wp\/v2\/media?parent=4119"}],"wp:term":[{"taxonomy":"product_brand","embeddable":true,"href":"https:\/\/www.credimex.ch\/fr\/wp-json\/wp\/v2\/product_brand?post=4119"},{"taxonomy":"product_cat","embeddable":true,"href":"https:\/\/www.credimex.ch\/fr\/wp-json\/wp\/v2\/product_cat?post=4119"},{"taxonomy":"product_tag","embeddable":true,"href":"https:\/\/www.credimex.ch\/fr\/wp-json\/wp\/v2\/product_tag?post=4119"}],"curies":[{"name":"wp","href":"https:\/\/api.w.org\/{rel}","templated":true}]}}