{"id":4121,"date":"2022-05-16T13:01:17","date_gmt":"2022-05-16T11:01:17","guid":{"rendered":"https:\/\/www.credimex.ch.mialias.net\/product\/pate-molykote-dx\/"},"modified":"2026-01-23T11:09:29","modified_gmt":"2026-01-23T10:09:29","slug":"molykote-dx-s","status":"publish","type":"product","link":"https:\/\/www.credimex.ch\/fr\/produit\/molykote-dx-s\/","title":{"rendered":"MOLYKOTE\u00ae DX (S)"},"content":{"rendered":"<h2>Description<\/h2>\n<p><span style=\"font-weight: 400;\">MOLYKOTE\u00ae DX (S) <\/span>est une p\u00e2te lubrifiante qui r\u00e9duit la friction dans les applications \u00e0 faible vitesse et \u00e0 forte charge en fournissant une combinaison de lubrifiants solides blancs avec un fluide min\u00e9ral comme support au point de lubrification requis. Lorsqu&rsquo;il est conserv\u00e9 \u00e0 une temp\u00e9rature inf\u00e9rieure ou \u00e9gale \u00e0 20 \u00b0C (68 \u00b0F) dans son emballage d&rsquo;origine non ouvert, <span style=\"font-weight: 400;\">MOLYKOTE\u00ae DX (S) <\/span>a une dur\u00e9e de vie utile de 60 mois \u00e0 compter de la date de fabrication.<\/p>\n<p>Composition :<\/p>\n<ul>\n<li>Huile min\u00e9rale<\/li>\n<li>Savon au lithium<\/li>\n<li>Lubrifiants solides<\/li>\n<li>Inhibiteur de corrosion<\/li>\n<\/ul>\n<h2>Avantages du produit<\/h2>\n<ul>\n<li>Une capacit\u00e9 de charge particuli\u00e8rement \u00e9lev\u00e9e<\/li>\n<li>Bonne r\u00e9sistance \u00e0 l&rsquo;eau et au lavage \u00e0 l&rsquo;eau<\/li>\n<li>Emp\u00eache le glissement et le grippage.<\/li>\n<li>Bonne protection contre la corrosion<\/li>\n<li>Excellente protection contre le grippage<\/li>\n<li>Propret\u00e9<\/li>\n<\/ul>\n<h2>Application<\/h2>\n<p>Surfaces de glissement et contacts \u00e0 friction expos\u00e9s \u00e0 de fortes charges, n\u00e9cessitant une lubrification \u00ab\u00a0propre\u00a0\u00bb, notamment \u00e0 des vitesses faibles \u00e0 moyennes. Peut \u00eatre utilis\u00e9 sur de nombreux contacts \u00e0 friction d&rsquo;appareils \u00e9lectriques et domestiques, de machines d&#8217;emballage et de bureau, et d&rsquo;instruments de pr\u00e9cision, ainsi que dans les machines de traitement des textiles et des plastiques.<\/p>\n<p>Les points de contact doivent \u00eatre nettoy\u00e9s, dans la mesure du possible. La p\u00e2te doit \u00eatre appliqu\u00e9e \u00e0 l&rsquo;aide d&rsquo;un pinceau appropri\u00e9. Elle peut \u00eatre d\u00e9livr\u00e9e par un pistolet \u00e0 graisse ou un syst\u00e8me de graissage central. Un exc\u00e8s de lubrification ne nuit pas.<\/p>\n","protected":false},"excerpt":{"rendered":"<p><strong>MOLYKOTE\u00ae DX (S)<\/strong> est une p\u00e2te grasse de couleur claire contenant des lubrifiants solides pour le montage et la lubrification \u00e0 long terme de composants m\u00e9talliques.<\/p>\n","protected":false},"featured_media":2908,"comment_status":"open","ping_status":"closed","template":"","meta":{"_acf_changed":false},"product_brand":[],"product_cat":[340,411,384,375,360,342,359,532,412],"product_tag":[],"class_list":{"0":"post-4121","1":"product","2":"type-product","3":"status-publish","4":"has-post-thumbnail","6":"product_cat-automobile","7":"product_cat-electronique","8":"product_cat-energie","9":"product_cat-ferroviaire","10":"product_cat-industrie-generale","11":"product_cat-lubrifiants-industriels","12":"product_cat-molykote","13":"product_cat-pates","14":"product_cat-telepheriques","15":"pa_brands-molykote-fr","17":"first","18":"instock","19":"shipping-taxable","20":"product-type-simple"},"acf":[],"_yoast_wpseo_focuskw":"MOLYKOTE\u00ae DX (S)","_yoast_wpseo_metadesc":"MOLYKOTE\u00ae DX (S) est une p\u00e2te grasse de couleur claire contenant des lubrifiants solides pour le montage et la lubrification \u00e0 long terme de composants m\u00e9talliques.","yoast_head":"<!-- This site is optimized with the Yoast SEO Premium plugin v21.6 (Yoast SEO v27.4) - https:\/\/yoast.com\/product\/yoast-seo-premium-wordpress\/ -->\n<title>MOLYKOTE\u00ae DX (S) - CREDIMEX<\/title>\n<meta name=\"description\" content=\"MOLYKOTE\u00ae DX (S) est une p\u00e2te grasse de couleur claire contenant des lubrifiants solides pour le montage et la lubrification \u00e0 long terme de composants m\u00e9talliques.\" \/>\n<meta name=\"robots\" content=\"index, follow, max-snippet:-1, max-image-preview:large, max-video-preview:-1\" \/>\n<link rel=\"canonical\" href=\"https:\/\/www.credimex.ch\/fr\/produit\/molykote-dx-s\/\" \/>\n<meta property=\"og:locale\" content=\"fr_FR\" \/>\n<meta property=\"og:type\" content=\"article\" \/>\n<meta property=\"og:title\" content=\"MOLYKOTE\u00ae DX (S)\" \/>\n<meta property=\"og:description\" content=\"MOLYKOTE\u00ae DX (S) est une p\u00e2te grasse de couleur claire contenant des lubrifiants solides pour le montage et la lubrification \u00e0 long terme de composants m\u00e9talliques.\" \/>\n<meta property=\"og:url\" content=\"https:\/\/www.credimex.ch\/fr\/produit\/molykote-dx-s\/\" \/>\n<meta property=\"og:site_name\" content=\"CREDIMEX\" \/>\n<meta property=\"article:publisher\" content=\"https:\/\/www.facebook.com\/credimex.alpnach\/\" \/>\n<meta property=\"article:modified_time\" content=\"2026-01-23T10:09:29+00:00\" \/>\n<meta property=\"og:image\" content=\"https:\/\/www.credimex.ch\/wp-content\/uploads\/2022\/05\/2.png\" \/>\n\t<meta property=\"og:image:width\" content=\"800\" \/>\n\t<meta property=\"og:image:height\" content=\"800\" \/>\n\t<meta property=\"og:image:type\" content=\"image\/png\" \/>\n<meta name=\"twitter:card\" content=\"summary_large_image\" \/>\n<meta name=\"twitter:label1\" content=\"Dur\u00e9e de lecture estim\u00e9e\" \/>\n\t<meta name=\"twitter:data1\" content=\"1 minute\" \/>\n<script type=\"application\/ld+json\" class=\"yoast-schema-graph\">{\"@context\":\"https:\\\/\\\/schema.org\",\"@graph\":[{\"@type\":\"WebPage\",\"@id\":\"https:\\\/\\\/www.credimex.ch\\\/fr\\\/produit\\\/molykote-dx-s\\\/\",\"url\":\"https:\\\/\\\/www.credimex.ch\\\/fr\\\/produit\\\/molykote-dx-s\\\/\",\"name\":\"MOLYKOTE\u00ae DX (S) - CREDIMEX\",\"isPartOf\":{\"@id\":\"https:\\\/\\\/www.credimex.ch\\\/fr\\\/#website\"},\"primaryImageOfPage\":{\"@id\":\"https:\\\/\\\/www.credimex.ch\\\/fr\\\/produit\\\/molykote-dx-s\\\/#primaryimage\"},\"image\":{\"@id\":\"https:\\\/\\\/www.credimex.ch\\\/fr\\\/produit\\\/molykote-dx-s\\\/#primaryimage\"},\"thumbnailUrl\":\"https:\\\/\\\/www.credimex.ch\\\/wp-content\\\/uploads\\\/2022\\\/05\\\/2.png\",\"datePublished\":\"2022-05-16T11:01:17+00:00\",\"dateModified\":\"2026-01-23T10:09:29+00:00\",\"description\":\"MOLYKOTE\u00ae DX (S) est une p\u00e2te grasse de couleur claire contenant des lubrifiants solides pour le montage et la lubrification \u00e0 long terme de composants m\u00e9talliques.\",\"breadcrumb\":{\"@id\":\"https:\\\/\\\/www.credimex.ch\\\/fr\\\/produit\\\/molykote-dx-s\\\/#breadcrumb\"},\"inLanguage\":\"fr-FR\",\"potentialAction\":[{\"@type\":\"ReadAction\",\"target\":[\"https:\\\/\\\/www.credimex.ch\\\/fr\\\/produit\\\/molykote-dx-s\\\/\"]}]},{\"@type\":\"ImageObject\",\"inLanguage\":\"fr-FR\",\"@id\":\"https:\\\/\\\/www.credimex.ch\\\/fr\\\/produit\\\/molykote-dx-s\\\/#primaryimage\",\"url\":\"https:\\\/\\\/www.credimex.ch\\\/wp-content\\\/uploads\\\/2022\\\/05\\\/2.png\",\"contentUrl\":\"https:\\\/\\\/www.credimex.ch\\\/wp-content\\\/uploads\\\/2022\\\/05\\\/2.png\",\"width\":800,\"height\":800},{\"@type\":\"BreadcrumbList\",\"@id\":\"https:\\\/\\\/www.credimex.ch\\\/fr\\\/produit\\\/molykote-dx-s\\\/#breadcrumb\",\"itemListElement\":[{\"@type\":\"ListItem\",\"position\":1,\"name\":\"Home\",\"item\":\"https:\\\/\\\/www.credimex.ch\\\/fr\\\/\"},{\"@type\":\"ListItem\",\"position\":2,\"name\":\"Produits\",\"item\":\"https:\\\/\\\/www.credimex.ch\\\/fr\\\/produits\\\/\"},{\"@type\":\"ListItem\",\"position\":3,\"name\":\"MOLYKOTE\u00ae DX (S)\"}]},{\"@type\":\"WebSite\",\"@id\":\"https:\\\/\\\/www.credimex.ch\\\/fr\\\/#website\",\"url\":\"https:\\\/\\\/www.credimex.ch\\\/fr\\\/\",\"name\":\"CREDIMEX\",\"description\":\"Partner of Swiss Industrial Market\",\"publisher\":{\"@id\":\"https:\\\/\\\/www.credimex.ch\\\/fr\\\/#organization\"},\"potentialAction\":[{\"@type\":\"SearchAction\",\"target\":{\"@type\":\"EntryPoint\",\"urlTemplate\":\"https:\\\/\\\/www.credimex.ch\\\/fr\\\/?s={search_term_string}\"},\"query-input\":{\"@type\":\"PropertyValueSpecification\",\"valueRequired\":true,\"valueName\":\"search_term_string\"}}],\"inLanguage\":\"fr-FR\"},{\"@type\":\"Organization\",\"@id\":\"https:\\\/\\\/www.credimex.ch\\\/fr\\\/#organization\",\"name\":\"credimex\",\"url\":\"https:\\\/\\\/www.credimex.ch\\\/fr\\\/\",\"logo\":{\"@type\":\"ImageObject\",\"inLanguage\":\"fr-FR\",\"@id\":\"https:\\\/\\\/www.credimex.ch\\\/fr\\\/#\\\/schema\\\/logo\\\/image\\\/\",\"url\":\"https:\\\/\\\/www.credimex.ch\\\/wp-content\\\/uploads\\\/2022\\\/03\\\/cropped-logo-credimex.png\",\"contentUrl\":\"https:\\\/\\\/www.credimex.ch\\\/wp-content\\\/uploads\\\/2022\\\/03\\\/cropped-logo-credimex.png\",\"width\":512,\"height\":512,\"caption\":\"credimex\"},\"image\":{\"@id\":\"https:\\\/\\\/www.credimex.ch\\\/fr\\\/#\\\/schema\\\/logo\\\/image\\\/\"},\"sameAs\":[\"https:\\\/\\\/www.facebook.com\\\/credimex.alpnach\\\/\",\"https:\\\/\\\/www.linkedin.com\\\/company\\\/credimex\\\/\",\"https:\\\/\\\/www.youtube.com\\\/@CREDIMEX?sub_confirmation=1\"]}]}<\/script>\n<!-- \/ Yoast SEO Premium plugin. -->","yoast_head_json":{"title":"MOLYKOTE\u00ae DX (S) - CREDIMEX","description":"MOLYKOTE\u00ae DX (S) est une p\u00e2te grasse de couleur claire contenant des lubrifiants solides pour le montage et la lubrification \u00e0 long terme de composants m\u00e9talliques.","robots":{"index":"index","follow":"follow","max-snippet":"max-snippet:-1","max-image-preview":"max-image-preview:large","max-video-preview":"max-video-preview:-1"},"canonical":"https:\/\/www.credimex.ch\/fr\/produit\/molykote-dx-s\/","og_locale":"fr_FR","og_type":"article","og_title":"MOLYKOTE\u00ae DX (S)","og_description":"MOLYKOTE\u00ae DX (S) est une p\u00e2te grasse de couleur claire contenant des lubrifiants solides pour le montage et la lubrification \u00e0 long terme de composants m\u00e9talliques.","og_url":"https:\/\/www.credimex.ch\/fr\/produit\/molykote-dx-s\/","og_site_name":"CREDIMEX","article_publisher":"https:\/\/www.facebook.com\/credimex.alpnach\/","article_modified_time":"2026-01-23T10:09:29+00:00","og_image":[{"width":800,"height":800,"url":"https:\/\/www.credimex.ch\/wp-content\/uploads\/2022\/05\/2.png","type":"image\/png"}],"twitter_card":"summary_large_image","twitter_misc":{"Dur\u00e9e de lecture estim\u00e9e":"1 minute"},"schema":{"@context":"https:\/\/schema.org","@graph":[{"@type":"WebPage","@id":"https:\/\/www.credimex.ch\/fr\/produit\/molykote-dx-s\/","url":"https:\/\/www.credimex.ch\/fr\/produit\/molykote-dx-s\/","name":"MOLYKOTE\u00ae DX (S) - CREDIMEX","isPartOf":{"@id":"https:\/\/www.credimex.ch\/fr\/#website"},"primaryImageOfPage":{"@id":"https:\/\/www.credimex.ch\/fr\/produit\/molykote-dx-s\/#primaryimage"},"image":{"@id":"https:\/\/www.credimex.ch\/fr\/produit\/molykote-dx-s\/#primaryimage"},"thumbnailUrl":"https:\/\/www.credimex.ch\/wp-content\/uploads\/2022\/05\/2.png","datePublished":"2022-05-16T11:01:17+00:00","dateModified":"2026-01-23T10:09:29+00:00","description":"MOLYKOTE\u00ae DX (S) est une p\u00e2te grasse de couleur claire contenant des lubrifiants solides pour le montage et la lubrification \u00e0 long terme de composants m\u00e9talliques.","breadcrumb":{"@id":"https:\/\/www.credimex.ch\/fr\/produit\/molykote-dx-s\/#breadcrumb"},"inLanguage":"fr-FR","potentialAction":[{"@type":"ReadAction","target":["https:\/\/www.credimex.ch\/fr\/produit\/molykote-dx-s\/"]}]},{"@type":"ImageObject","inLanguage":"fr-FR","@id":"https:\/\/www.credimex.ch\/fr\/produit\/molykote-dx-s\/#primaryimage","url":"https:\/\/www.credimex.ch\/wp-content\/uploads\/2022\/05\/2.png","contentUrl":"https:\/\/www.credimex.ch\/wp-content\/uploads\/2022\/05\/2.png","width":800,"height":800},{"@type":"BreadcrumbList","@id":"https:\/\/www.credimex.ch\/fr\/produit\/molykote-dx-s\/#breadcrumb","itemListElement":[{"@type":"ListItem","position":1,"name":"Home","item":"https:\/\/www.credimex.ch\/fr\/"},{"@type":"ListItem","position":2,"name":"Produits","item":"https:\/\/www.credimex.ch\/fr\/produits\/"},{"@type":"ListItem","position":3,"name":"MOLYKOTE\u00ae DX (S)"}]},{"@type":"WebSite","@id":"https:\/\/www.credimex.ch\/fr\/#website","url":"https:\/\/www.credimex.ch\/fr\/","name":"CREDIMEX","description":"Partner of Swiss Industrial Market","publisher":{"@id":"https:\/\/www.credimex.ch\/fr\/#organization"},"potentialAction":[{"@type":"SearchAction","target":{"@type":"EntryPoint","urlTemplate":"https:\/\/www.credimex.ch\/fr\/?s={search_term_string}"},"query-input":{"@type":"PropertyValueSpecification","valueRequired":true,"valueName":"search_term_string"}}],"inLanguage":"fr-FR"},{"@type":"Organization","@id":"https:\/\/www.credimex.ch\/fr\/#organization","name":"credimex","url":"https:\/\/www.credimex.ch\/fr\/","logo":{"@type":"ImageObject","inLanguage":"fr-FR","@id":"https:\/\/www.credimex.ch\/fr\/#\/schema\/logo\/image\/","url":"https:\/\/www.credimex.ch\/wp-content\/uploads\/2022\/03\/cropped-logo-credimex.png","contentUrl":"https:\/\/www.credimex.ch\/wp-content\/uploads\/2022\/03\/cropped-logo-credimex.png","width":512,"height":512,"caption":"credimex"},"image":{"@id":"https:\/\/www.credimex.ch\/fr\/#\/schema\/logo\/image\/"},"sameAs":["https:\/\/www.facebook.com\/credimex.alpnach\/","https:\/\/www.linkedin.com\/company\/credimex\/","https:\/\/www.youtube.com\/@CREDIMEX?sub_confirmation=1"]}]}},"_links":{"self":[{"href":"https:\/\/www.credimex.ch\/fr\/wp-json\/wp\/v2\/product\/4121","targetHints":{"allow":["GET"]}}],"collection":[{"href":"https:\/\/www.credimex.ch\/fr\/wp-json\/wp\/v2\/product"}],"about":[{"href":"https:\/\/www.credimex.ch\/fr\/wp-json\/wp\/v2\/types\/product"}],"replies":[{"embeddable":true,"href":"https:\/\/www.credimex.ch\/fr\/wp-json\/wp\/v2\/comments?post=4121"}],"wp:featuredmedia":[{"embeddable":true,"href":"https:\/\/www.credimex.ch\/fr\/wp-json\/wp\/v2\/media\/2908"}],"wp:attachment":[{"href":"https:\/\/www.credimex.ch\/fr\/wp-json\/wp\/v2\/media?parent=4121"}],"wp:term":[{"taxonomy":"product_brand","embeddable":true,"href":"https:\/\/www.credimex.ch\/fr\/wp-json\/wp\/v2\/product_brand?post=4121"},{"taxonomy":"product_cat","embeddable":true,"href":"https:\/\/www.credimex.ch\/fr\/wp-json\/wp\/v2\/product_cat?post=4121"},{"taxonomy":"product_tag","embeddable":true,"href":"https:\/\/www.credimex.ch\/fr\/wp-json\/wp\/v2\/product_tag?post=4121"}],"curies":[{"name":"wp","href":"https:\/\/api.w.org\/{rel}","templated":true}]}}