{"id":4123,"date":"2022-05-16T11:13:44","date_gmt":"2022-05-16T09:13:44","guid":{"rendered":"https:\/\/www.credimex.ch.mialias.net\/product\/molykote-g-rapid-plus\/"},"modified":"2023-04-04T08:33:45","modified_gmt":"2023-04-04T06:33:45","slug":"molykote-g-rapid-plus-2","status":"publish","type":"product","link":"https:\/\/www.credimex.ch\/fr\/produit\/molykote-g-rapid-plus-2\/","title":{"rendered":"MOLYKOTE G-Rapid Plus"},"content":{"rendered":"<h2>Description<\/h2>\n<p>Une p\u00e2te antigrippante \u00e0 base d&rsquo;huile min\u00e9rale formul\u00e9e avec des lubrifiants solides tels que le bisulfure de molybd\u00e8ne, le graphite et des solides blancs.<\/p>\n<h2>Avantages du produit<\/h2>\n<ul>\n<li>Faible coefficient de friction<\/li>\n<li>Grande capacit\u00e9 d&rsquo;absorption de la pression<\/li>\n<li>Suppression de l&rsquo;effet de glissement<\/li>\n<li>R\u00e9duit la formation de la corrosion de contact<\/li>\n<li>Facilite le d\u00e9montage<\/li>\n<li>Bonne couverture<\/li>\n<li>Fournit des performances de fonctionnement d&rsquo;urgence<\/li>\n<li>Bonne protection contre le fretting<\/li>\n<li>Capacit\u00e9 de charge \u00e9lev\u00e9e<\/li>\n<li>Performances \u00e0 haute temp\u00e9rature<\/li>\n<li>Haute r\u00e9sistance \u00e0 l&rsquo;usure<\/li>\n<li>Large gamme de temp\u00e9ratures<\/li>\n<\/ul>\n<h2>Application<\/h2>\n<p>Convient pour la fabrication par pressage de tous types d&rsquo;\u00e9l\u00e9ments de machines, comme lubrifiant de rodage pour les machines et les engrenages neufs, comme lubrification permanente d&rsquo;\u00e9l\u00e9ments de machines soumis \u00e0 des mouvements l\u00e9gers ou intermittents seulement, ainsi que pour le per\u00e7age, le sciage et le filetage. Utilis\u00e9 pour lubrifier les broches filet\u00e9es, les arbres cannel\u00e9s, les engrenages \u00e0 dents, les engrenages \u00e0 vis sans fin, les vis mobiles, les raccords, les pompes, les guides sur les machines-outils, ainsi que pour le montage des roulements \u00e0 billes et \u00e0 rouleaux, des poulies, des flasques de roues et des boulons.<\/p>\n<ul>\n<li>Montage et rodage<\/li>\n<li>Engrenages, bo\u00eetes de vitesses et pompes<\/li>\n<li>Broches d&rsquo;usinage<\/li>\n<li>Paliers lisses, coussinets et manchons<\/li>\n<li>Guides et pistes de glissement<\/li>\n<li>Attaches de connexions filet\u00e9es<\/li>\n<\/ul>\n","protected":false},"excerpt":{"rendered":"<p><strong>MOLYKOTE\u00ae G-Rapid Plus<\/strong> est une p\u00e2te lubrifiante solide \u00e0 coefficient de frottement particuli\u00e8rement faible pour le montage et le rodage de composants m\u00e9talliques.<\/p>\n","protected":false},"featured_media":2906,"comment_status":"open","ping_status":"closed","template":"","meta":{"_acf_changed":false},"product_brand":[],"product_cat":[340,384,375,360,342,359,532,412],"product_tag":[],"class_list":{"0":"post-4123","1":"product","2":"type-product","3":"status-publish","4":"has-post-thumbnail","6":"product_cat-automobile","7":"product_cat-energie","8":"product_cat-ferroviaire","9":"product_cat-industrie-generale","10":"product_cat-lubrifiants-industriels","11":"product_cat-molykote","12":"product_cat-pates","13":"product_cat-telepheriques","14":"pa_brands-molykote-fr","16":"first","17":"instock","18":"shipping-taxable","19":"product-type-simple"},"acf":[],"_yoast_wpseo_focuskw":"Molykote G-Rapid Plus","_yoast_wpseo_metadesc":"MOLYKOTE\u00ae G-Rapid Plus est une p\u00e2te lubrifiante solide \u00e0 coefficient de frottement particuli\u00e8rement faible pour le montage et le rodage de composants m\u00e9talliques.","yoast_head":"<!-- This site is optimized with the Yoast SEO Premium plugin v21.6 (Yoast SEO v27.4) - https:\/\/yoast.com\/product\/yoast-seo-premium-wordpress\/ -->\n<title>MOLYKOTE G-Rapid Plus - CREDIMEX<\/title>\n<meta name=\"description\" content=\"MOLYKOTE\u00ae G-Rapid Plus est une p\u00e2te lubrifiante solide \u00e0 coefficient de frottement particuli\u00e8rement faible pour le montage et le rodage de composants m\u00e9talliques.\" \/>\n<meta name=\"robots\" content=\"index, follow, max-snippet:-1, max-image-preview:large, max-video-preview:-1\" \/>\n<link rel=\"canonical\" href=\"https:\/\/www.credimex.ch\/fr\/produit\/molykote-g-rapid-plus-2\/\" \/>\n<meta property=\"og:locale\" content=\"fr_FR\" \/>\n<meta property=\"og:type\" content=\"article\" \/>\n<meta property=\"og:title\" content=\"MOLYKOTE G-Rapid Plus\" \/>\n<meta property=\"og:description\" content=\"MOLYKOTE\u00ae G-Rapid Plus est une p\u00e2te lubrifiante solide \u00e0 coefficient de frottement particuli\u00e8rement faible pour le montage et le rodage de composants m\u00e9talliques.\" \/>\n<meta property=\"og:url\" content=\"https:\/\/www.credimex.ch\/fr\/produit\/molykote-g-rapid-plus-2\/\" \/>\n<meta property=\"og:site_name\" content=\"CREDIMEX\" \/>\n<meta property=\"article:publisher\" content=\"https:\/\/www.facebook.com\/credimex.alpnach\/\" \/>\n<meta property=\"article:modified_time\" content=\"2023-04-04T06:33:45+00:00\" \/>\n<meta property=\"og:image\" content=\"https:\/\/www.credimex.ch\/wp-content\/uploads\/2022\/05\/Credimex-Web-Images.png\" \/>\n\t<meta property=\"og:image:width\" content=\"800\" \/>\n\t<meta property=\"og:image:height\" content=\"800\" \/>\n\t<meta property=\"og:image:type\" content=\"image\/png\" \/>\n<meta name=\"twitter:card\" content=\"summary_large_image\" \/>\n<meta name=\"twitter:label1\" content=\"Dur\u00e9e de lecture estim\u00e9e\" \/>\n\t<meta name=\"twitter:data1\" content=\"1 minute\" \/>\n<script type=\"application\/ld+json\" class=\"yoast-schema-graph\">{\"@context\":\"https:\\\/\\\/schema.org\",\"@graph\":[{\"@type\":\"WebPage\",\"@id\":\"https:\\\/\\\/www.credimex.ch\\\/fr\\\/produit\\\/molykote-g-rapid-plus-2\\\/\",\"url\":\"https:\\\/\\\/www.credimex.ch\\\/fr\\\/produit\\\/molykote-g-rapid-plus-2\\\/\",\"name\":\"MOLYKOTE G-Rapid Plus - CREDIMEX\",\"isPartOf\":{\"@id\":\"https:\\\/\\\/www.credimex.ch\\\/fr\\\/#website\"},\"primaryImageOfPage\":{\"@id\":\"https:\\\/\\\/www.credimex.ch\\\/fr\\\/produit\\\/molykote-g-rapid-plus-2\\\/#primaryimage\"},\"image\":{\"@id\":\"https:\\\/\\\/www.credimex.ch\\\/fr\\\/produit\\\/molykote-g-rapid-plus-2\\\/#primaryimage\"},\"thumbnailUrl\":\"https:\\\/\\\/www.credimex.ch\\\/wp-content\\\/uploads\\\/2022\\\/05\\\/Credimex-Web-Images.png\",\"datePublished\":\"2022-05-16T09:13:44+00:00\",\"dateModified\":\"2023-04-04T06:33:45+00:00\",\"description\":\"MOLYKOTE\u00ae G-Rapid Plus est une p\u00e2te lubrifiante solide \u00e0 coefficient de frottement particuli\u00e8rement faible pour le montage et le rodage de composants m\u00e9talliques.\",\"breadcrumb\":{\"@id\":\"https:\\\/\\\/www.credimex.ch\\\/fr\\\/produit\\\/molykote-g-rapid-plus-2\\\/#breadcrumb\"},\"inLanguage\":\"fr-FR\",\"potentialAction\":[{\"@type\":\"ReadAction\",\"target\":[\"https:\\\/\\\/www.credimex.ch\\\/fr\\\/produit\\\/molykote-g-rapid-plus-2\\\/\"]}]},{\"@type\":\"ImageObject\",\"inLanguage\":\"fr-FR\",\"@id\":\"https:\\\/\\\/www.credimex.ch\\\/fr\\\/produit\\\/molykote-g-rapid-plus-2\\\/#primaryimage\",\"url\":\"https:\\\/\\\/www.credimex.ch\\\/wp-content\\\/uploads\\\/2022\\\/05\\\/Credimex-Web-Images.png\",\"contentUrl\":\"https:\\\/\\\/www.credimex.ch\\\/wp-content\\\/uploads\\\/2022\\\/05\\\/Credimex-Web-Images.png\",\"width\":800,\"height\":800},{\"@type\":\"BreadcrumbList\",\"@id\":\"https:\\\/\\\/www.credimex.ch\\\/fr\\\/produit\\\/molykote-g-rapid-plus-2\\\/#breadcrumb\",\"itemListElement\":[{\"@type\":\"ListItem\",\"position\":1,\"name\":\"Home\",\"item\":\"https:\\\/\\\/www.credimex.ch\\\/fr\\\/\"},{\"@type\":\"ListItem\",\"position\":2,\"name\":\"Produits\",\"item\":\"https:\\\/\\\/www.credimex.ch\\\/fr\\\/produits\\\/\"},{\"@type\":\"ListItem\",\"position\":3,\"name\":\"MOLYKOTE G-Rapid Plus\"}]},{\"@type\":\"WebSite\",\"@id\":\"https:\\\/\\\/www.credimex.ch\\\/fr\\\/#website\",\"url\":\"https:\\\/\\\/www.credimex.ch\\\/fr\\\/\",\"name\":\"CREDIMEX\",\"description\":\"Partner of Swiss Industrial Market\",\"publisher\":{\"@id\":\"https:\\\/\\\/www.credimex.ch\\\/fr\\\/#organization\"},\"potentialAction\":[{\"@type\":\"SearchAction\",\"target\":{\"@type\":\"EntryPoint\",\"urlTemplate\":\"https:\\\/\\\/www.credimex.ch\\\/fr\\\/?s={search_term_string}\"},\"query-input\":{\"@type\":\"PropertyValueSpecification\",\"valueRequired\":true,\"valueName\":\"search_term_string\"}}],\"inLanguage\":\"fr-FR\"},{\"@type\":\"Organization\",\"@id\":\"https:\\\/\\\/www.credimex.ch\\\/fr\\\/#organization\",\"name\":\"credimex\",\"url\":\"https:\\\/\\\/www.credimex.ch\\\/fr\\\/\",\"logo\":{\"@type\":\"ImageObject\",\"inLanguage\":\"fr-FR\",\"@id\":\"https:\\\/\\\/www.credimex.ch\\\/fr\\\/#\\\/schema\\\/logo\\\/image\\\/\",\"url\":\"https:\\\/\\\/www.credimex.ch\\\/wp-content\\\/uploads\\\/2022\\\/03\\\/cropped-logo-credimex.png\",\"contentUrl\":\"https:\\\/\\\/www.credimex.ch\\\/wp-content\\\/uploads\\\/2022\\\/03\\\/cropped-logo-credimex.png\",\"width\":512,\"height\":512,\"caption\":\"credimex\"},\"image\":{\"@id\":\"https:\\\/\\\/www.credimex.ch\\\/fr\\\/#\\\/schema\\\/logo\\\/image\\\/\"},\"sameAs\":[\"https:\\\/\\\/www.facebook.com\\\/credimex.alpnach\\\/\",\"https:\\\/\\\/www.linkedin.com\\\/company\\\/credimex\\\/\",\"https:\\\/\\\/www.youtube.com\\\/@CREDIMEX?sub_confirmation=1\"]}]}<\/script>\n<!-- \/ Yoast SEO Premium plugin. -->","yoast_head_json":{"title":"MOLYKOTE G-Rapid Plus - CREDIMEX","description":"MOLYKOTE\u00ae G-Rapid Plus est une p\u00e2te lubrifiante solide \u00e0 coefficient de frottement particuli\u00e8rement faible pour le montage et le rodage de composants m\u00e9talliques.","robots":{"index":"index","follow":"follow","max-snippet":"max-snippet:-1","max-image-preview":"max-image-preview:large","max-video-preview":"max-video-preview:-1"},"canonical":"https:\/\/www.credimex.ch\/fr\/produit\/molykote-g-rapid-plus-2\/","og_locale":"fr_FR","og_type":"article","og_title":"MOLYKOTE G-Rapid Plus","og_description":"MOLYKOTE\u00ae G-Rapid Plus est une p\u00e2te lubrifiante solide \u00e0 coefficient de frottement particuli\u00e8rement faible pour le montage et le rodage de composants m\u00e9talliques.","og_url":"https:\/\/www.credimex.ch\/fr\/produit\/molykote-g-rapid-plus-2\/","og_site_name":"CREDIMEX","article_publisher":"https:\/\/www.facebook.com\/credimex.alpnach\/","article_modified_time":"2023-04-04T06:33:45+00:00","og_image":[{"width":800,"height":800,"url":"https:\/\/www.credimex.ch\/wp-content\/uploads\/2022\/05\/Credimex-Web-Images.png","type":"image\/png"}],"twitter_card":"summary_large_image","twitter_misc":{"Dur\u00e9e de lecture estim\u00e9e":"1 minute"},"schema":{"@context":"https:\/\/schema.org","@graph":[{"@type":"WebPage","@id":"https:\/\/www.credimex.ch\/fr\/produit\/molykote-g-rapid-plus-2\/","url":"https:\/\/www.credimex.ch\/fr\/produit\/molykote-g-rapid-plus-2\/","name":"MOLYKOTE G-Rapid Plus - CREDIMEX","isPartOf":{"@id":"https:\/\/www.credimex.ch\/fr\/#website"},"primaryImageOfPage":{"@id":"https:\/\/www.credimex.ch\/fr\/produit\/molykote-g-rapid-plus-2\/#primaryimage"},"image":{"@id":"https:\/\/www.credimex.ch\/fr\/produit\/molykote-g-rapid-plus-2\/#primaryimage"},"thumbnailUrl":"https:\/\/www.credimex.ch\/wp-content\/uploads\/2022\/05\/Credimex-Web-Images.png","datePublished":"2022-05-16T09:13:44+00:00","dateModified":"2023-04-04T06:33:45+00:00","description":"MOLYKOTE\u00ae G-Rapid Plus est une p\u00e2te lubrifiante solide \u00e0 coefficient de frottement particuli\u00e8rement faible pour le montage et le rodage de composants m\u00e9talliques.","breadcrumb":{"@id":"https:\/\/www.credimex.ch\/fr\/produit\/molykote-g-rapid-plus-2\/#breadcrumb"},"inLanguage":"fr-FR","potentialAction":[{"@type":"ReadAction","target":["https:\/\/www.credimex.ch\/fr\/produit\/molykote-g-rapid-plus-2\/"]}]},{"@type":"ImageObject","inLanguage":"fr-FR","@id":"https:\/\/www.credimex.ch\/fr\/produit\/molykote-g-rapid-plus-2\/#primaryimage","url":"https:\/\/www.credimex.ch\/wp-content\/uploads\/2022\/05\/Credimex-Web-Images.png","contentUrl":"https:\/\/www.credimex.ch\/wp-content\/uploads\/2022\/05\/Credimex-Web-Images.png","width":800,"height":800},{"@type":"BreadcrumbList","@id":"https:\/\/www.credimex.ch\/fr\/produit\/molykote-g-rapid-plus-2\/#breadcrumb","itemListElement":[{"@type":"ListItem","position":1,"name":"Home","item":"https:\/\/www.credimex.ch\/fr\/"},{"@type":"ListItem","position":2,"name":"Produits","item":"https:\/\/www.credimex.ch\/fr\/produits\/"},{"@type":"ListItem","position":3,"name":"MOLYKOTE G-Rapid Plus"}]},{"@type":"WebSite","@id":"https:\/\/www.credimex.ch\/fr\/#website","url":"https:\/\/www.credimex.ch\/fr\/","name":"CREDIMEX","description":"Partner of Swiss Industrial Market","publisher":{"@id":"https:\/\/www.credimex.ch\/fr\/#organization"},"potentialAction":[{"@type":"SearchAction","target":{"@type":"EntryPoint","urlTemplate":"https:\/\/www.credimex.ch\/fr\/?s={search_term_string}"},"query-input":{"@type":"PropertyValueSpecification","valueRequired":true,"valueName":"search_term_string"}}],"inLanguage":"fr-FR"},{"@type":"Organization","@id":"https:\/\/www.credimex.ch\/fr\/#organization","name":"credimex","url":"https:\/\/www.credimex.ch\/fr\/","logo":{"@type":"ImageObject","inLanguage":"fr-FR","@id":"https:\/\/www.credimex.ch\/fr\/#\/schema\/logo\/image\/","url":"https:\/\/www.credimex.ch\/wp-content\/uploads\/2022\/03\/cropped-logo-credimex.png","contentUrl":"https:\/\/www.credimex.ch\/wp-content\/uploads\/2022\/03\/cropped-logo-credimex.png","width":512,"height":512,"caption":"credimex"},"image":{"@id":"https:\/\/www.credimex.ch\/fr\/#\/schema\/logo\/image\/"},"sameAs":["https:\/\/www.facebook.com\/credimex.alpnach\/","https:\/\/www.linkedin.com\/company\/credimex\/","https:\/\/www.youtube.com\/@CREDIMEX?sub_confirmation=1"]}]}},"_links":{"self":[{"href":"https:\/\/www.credimex.ch\/fr\/wp-json\/wp\/v2\/product\/4123","targetHints":{"allow":["GET"]}}],"collection":[{"href":"https:\/\/www.credimex.ch\/fr\/wp-json\/wp\/v2\/product"}],"about":[{"href":"https:\/\/www.credimex.ch\/fr\/wp-json\/wp\/v2\/types\/product"}],"replies":[{"embeddable":true,"href":"https:\/\/www.credimex.ch\/fr\/wp-json\/wp\/v2\/comments?post=4123"}],"wp:featuredmedia":[{"embeddable":true,"href":"https:\/\/www.credimex.ch\/fr\/wp-json\/wp\/v2\/media\/2906"}],"wp:attachment":[{"href":"https:\/\/www.credimex.ch\/fr\/wp-json\/wp\/v2\/media?parent=4123"}],"wp:term":[{"taxonomy":"product_brand","embeddable":true,"href":"https:\/\/www.credimex.ch\/fr\/wp-json\/wp\/v2\/product_brand?post=4123"},{"taxonomy":"product_cat","embeddable":true,"href":"https:\/\/www.credimex.ch\/fr\/wp-json\/wp\/v2\/product_cat?post=4123"},{"taxonomy":"product_tag","embeddable":true,"href":"https:\/\/www.credimex.ch\/fr\/wp-json\/wp\/v2\/product_tag?post=4123"}],"curies":[{"name":"wp","href":"https:\/\/api.w.org\/{rel}","templated":true}]}}