{"id":4125,"date":"2022-05-05T14:58:32","date_gmt":"2022-05-05T12:58:32","guid":{"rendered":"https:\/\/www.credimex.ch.mialias.net\/product\/molykote-br2-plus-graisse-haute-performance\/"},"modified":"2022-05-05T14:58:32","modified_gmt":"2022-05-05T12:58:32","slug":"molykote-br2-plus-2","status":"publish","type":"product","link":"https:\/\/www.credimex.ch\/fr\/produit\/molykote-br2-plus-2\/","title":{"rendered":"MOLYKOTE BR2 Plus &#8211; Graisse haute performance"},"content":{"rendered":"<h2>Description<\/h2>\n<p>Molykote BR-2 Plus est une graisse multifonctionnelle \u00e0 base de lithium et de bisulfure de molybd\u00e8ne. Haute performance, faible oxydation, charges moyennes \u00e9lev\u00e9es. R\u00e9sistance au lavage par l&rsquo;eau.<\/p>\n<h2>Composition<\/h2>\n<ul>\n<li>Huile min\u00e9rale<\/li>\n<li>Savon au lithium<\/li>\n<li>Lubrifiants solides<\/li>\n<li>Additif extr\u00eame pression<\/li>\n<li>Inhibiteur de corrosion<\/li>\n<\/ul>\n<h2>Avantages du produit<strong><br \/>\n<\/strong><\/h2>\n<ul>\n<li>Capacit\u00e9 de charge \u00e9lev\u00e9e<\/li>\n<li>Convient pour une lubrification \u00e0 long terme<\/li>\n<li>Bonne r\u00e9sistance \u00e0 l&rsquo;oxydation<\/li>\n<li>des propri\u00e9t\u00e9s de lubrification d&rsquo;urgence, c&rsquo;est-\u00e0-dire qu&rsquo;en cas de frottement mixte, il est dot\u00e9 d&rsquo;une protection anti-usure<\/li>\n<li>Haute r\u00e9sistance \u00e0 la tra\u00een\u00e9e de l&rsquo;eau<\/li>\n<li>Bonne protection contre la corrosion<\/li>\n<li>Protection \u00e9lev\u00e9e contre la corrosion de contact.<\/li>\n<\/ul>\n<h2>Application<\/h2>\n<ul>\n<li>Roulements<\/li>\n<li>Paliers lisses<\/li>\n<li>Guides coulissants<\/li>\n<li>Guides \u00e0 rouleaux<\/li>\n<li>Joints \u00e0 rotule<\/li>\n<li>Arbres cannel\u00e9s<\/li>\n<li>Broches filet\u00e9es<\/li>\n<\/ul>\n<p>Comment l&rsquo;utiliser ? Nettoyez les points de contact. Appliquer r\u00e9guli\u00e8rement toute graisse lubrifiante, \u00e0 l&rsquo;aide d&rsquo;un pinceau ou d&rsquo;une spatule propre, d&rsquo;un pistolet \u00e0 graisse ou d&rsquo;un syst\u00e8me de lubrification automatique. Le produit est adapt\u00e9 aux syst\u00e8mes de lubrification centralis\u00e9e.<\/p>\n","protected":false},"excerpt":{"rendered":"<div class=\"elementor-element elementor-element-8d5cd24 elementor-widget elementor-widget-woocommerce-product-short-description\" data-id=\"8d5cd24\" data-element_type=\"widget\" data-widget_type=\"woocommerce-product-short-description.default\">\n<div class=\"elementor-widget-container\">\n<div class=\"woocommerce-product-details__short-description\">\n<p><strong>Molykote BR-2 Plus<\/strong> est une graisse haute performance \u00e0 lubrifiants solides pour les combinaisons m\u00e9tal\/m\u00e9tal soumises \u00e0 des mouvements lents \u00e0 rapides, notamment avec des charges moyennes \u00e0 \u00e9lev\u00e9es.<\/p>\n<\/div>\n<\/div>\n<\/div>\n","protected":false},"featured_media":2920,"comment_status":"open","ping_status":"closed","template":"","meta":{"_acf_changed":false},"product_brand":[],"product_cat":[342,359],"product_tag":[],"class_list":{"0":"post-4125","1":"product","2":"type-product","3":"status-publish","4":"has-post-thumbnail","6":"product_cat-lubrifiants-industriels","7":"product_cat-molykote","8":"pa_brands-molykote-fr","10":"first","11":"instock","12":"shipping-taxable","13":"product-type-simple"},"acf":[],"_yoast_wpseo_focuskw":"Molykote BR2","_yoast_wpseo_metadesc":"Molykote BR2 Plus est une graisse haute performance \u00e0 lubrifiants solides pour les combinaisons m\u00e9tal\/m\u00e9tal soumises \u00e0 des mouvements lents \u00e0 rapides.","yoast_head":"<!-- This site is optimized with the Yoast SEO Premium plugin v21.6 (Yoast SEO v27.4) - https:\/\/yoast.com\/product\/yoast-seo-premium-wordpress\/ -->\n<title>MOLYKOTE BR2 Plus - Graisse haute performance - CREDIMEX<\/title>\n<meta name=\"description\" content=\"Molykote BR2 Plus est une graisse haute performance \u00e0 lubrifiants solides pour les combinaisons m\u00e9tal\/m\u00e9tal soumises \u00e0 des mouvements lents \u00e0 rapides.\" \/>\n<meta name=\"robots\" content=\"index, follow, max-snippet:-1, max-image-preview:large, max-video-preview:-1\" \/>\n<link rel=\"canonical\" href=\"https:\/\/www.credimex.ch\/fr\/produit\/molykote-br2-plus-2\/\" \/>\n<meta property=\"og:locale\" content=\"fr_FR\" \/>\n<meta property=\"og:type\" content=\"article\" \/>\n<meta property=\"og:title\" content=\"MOLYKOTE BR2 Plus - Graisse haute performance\" \/>\n<meta property=\"og:description\" content=\"Molykote BR2 Plus est une graisse haute performance \u00e0 lubrifiants solides pour les combinaisons m\u00e9tal\/m\u00e9tal soumises \u00e0 des mouvements lents \u00e0 rapides.\" \/>\n<meta property=\"og:url\" content=\"https:\/\/www.credimex.ch\/fr\/produit\/molykote-br2-plus-2\/\" \/>\n<meta property=\"og:site_name\" content=\"CREDIMEX\" \/>\n<meta property=\"article:publisher\" content=\"https:\/\/www.facebook.com\/credimex.alpnach\/\" \/>\n<meta property=\"og:image\" content=\"https:\/\/www.credimex.ch\/wp-content\/uploads\/2022\/05\/MOLYKOTE-BR2-Plus.png\" \/>\n\t<meta property=\"og:image:width\" content=\"800\" \/>\n\t<meta property=\"og:image:height\" content=\"800\" \/>\n\t<meta property=\"og:image:type\" content=\"image\/png\" \/>\n<meta name=\"twitter:card\" content=\"summary_large_image\" \/>\n<meta name=\"twitter:label1\" content=\"Dur\u00e9e de lecture estim\u00e9e\" \/>\n\t<meta name=\"twitter:data1\" content=\"1 minute\" \/>\n<script type=\"application\/ld+json\" class=\"yoast-schema-graph\">{\"@context\":\"https:\\\/\\\/schema.org\",\"@graph\":[{\"@type\":\"WebPage\",\"@id\":\"https:\\\/\\\/www.credimex.ch\\\/fr\\\/produit\\\/molykote-br2-plus-2\\\/\",\"url\":\"https:\\\/\\\/www.credimex.ch\\\/fr\\\/produit\\\/molykote-br2-plus-2\\\/\",\"name\":\"MOLYKOTE BR2 Plus - Graisse haute performance - CREDIMEX\",\"isPartOf\":{\"@id\":\"https:\\\/\\\/www.credimex.ch\\\/fr\\\/#website\"},\"primaryImageOfPage\":{\"@id\":\"https:\\\/\\\/www.credimex.ch\\\/fr\\\/produit\\\/molykote-br2-plus-2\\\/#primaryimage\"},\"image\":{\"@id\":\"https:\\\/\\\/www.credimex.ch\\\/fr\\\/produit\\\/molykote-br2-plus-2\\\/#primaryimage\"},\"thumbnailUrl\":\"https:\\\/\\\/www.credimex.ch\\\/wp-content\\\/uploads\\\/2022\\\/05\\\/MOLYKOTE-BR2-Plus.png\",\"datePublished\":\"2022-05-05T12:58:32+00:00\",\"description\":\"Molykote BR2 Plus est une graisse haute performance \u00e0 lubrifiants solides pour les combinaisons m\u00e9tal\\\/m\u00e9tal soumises \u00e0 des mouvements lents \u00e0 rapides.\",\"breadcrumb\":{\"@id\":\"https:\\\/\\\/www.credimex.ch\\\/fr\\\/produit\\\/molykote-br2-plus-2\\\/#breadcrumb\"},\"inLanguage\":\"fr-FR\",\"potentialAction\":[{\"@type\":\"ReadAction\",\"target\":[\"https:\\\/\\\/www.credimex.ch\\\/fr\\\/produit\\\/molykote-br2-plus-2\\\/\"]}]},{\"@type\":\"ImageObject\",\"inLanguage\":\"fr-FR\",\"@id\":\"https:\\\/\\\/www.credimex.ch\\\/fr\\\/produit\\\/molykote-br2-plus-2\\\/#primaryimage\",\"url\":\"https:\\\/\\\/www.credimex.ch\\\/wp-content\\\/uploads\\\/2022\\\/05\\\/MOLYKOTE-BR2-Plus.png\",\"contentUrl\":\"https:\\\/\\\/www.credimex.ch\\\/wp-content\\\/uploads\\\/2022\\\/05\\\/MOLYKOTE-BR2-Plus.png\",\"width\":800,\"height\":800},{\"@type\":\"BreadcrumbList\",\"@id\":\"https:\\\/\\\/www.credimex.ch\\\/fr\\\/produit\\\/molykote-br2-plus-2\\\/#breadcrumb\",\"itemListElement\":[{\"@type\":\"ListItem\",\"position\":1,\"name\":\"Home\",\"item\":\"https:\\\/\\\/www.credimex.ch\\\/fr\\\/\"},{\"@type\":\"ListItem\",\"position\":2,\"name\":\"Produits\",\"item\":\"https:\\\/\\\/www.credimex.ch\\\/fr\\\/produits\\\/\"},{\"@type\":\"ListItem\",\"position\":3,\"name\":\"MOLYKOTE BR2 Plus &#8211; Graisse haute performance\"}]},{\"@type\":\"WebSite\",\"@id\":\"https:\\\/\\\/www.credimex.ch\\\/fr\\\/#website\",\"url\":\"https:\\\/\\\/www.credimex.ch\\\/fr\\\/\",\"name\":\"CREDIMEX\",\"description\":\"Partner of Swiss Industrial Market\",\"publisher\":{\"@id\":\"https:\\\/\\\/www.credimex.ch\\\/fr\\\/#organization\"},\"potentialAction\":[{\"@type\":\"SearchAction\",\"target\":{\"@type\":\"EntryPoint\",\"urlTemplate\":\"https:\\\/\\\/www.credimex.ch\\\/fr\\\/?s={search_term_string}\"},\"query-input\":{\"@type\":\"PropertyValueSpecification\",\"valueRequired\":true,\"valueName\":\"search_term_string\"}}],\"inLanguage\":\"fr-FR\"},{\"@type\":\"Organization\",\"@id\":\"https:\\\/\\\/www.credimex.ch\\\/fr\\\/#organization\",\"name\":\"credimex\",\"url\":\"https:\\\/\\\/www.credimex.ch\\\/fr\\\/\",\"logo\":{\"@type\":\"ImageObject\",\"inLanguage\":\"fr-FR\",\"@id\":\"https:\\\/\\\/www.credimex.ch\\\/fr\\\/#\\\/schema\\\/logo\\\/image\\\/\",\"url\":\"https:\\\/\\\/www.credimex.ch\\\/wp-content\\\/uploads\\\/2022\\\/03\\\/cropped-logo-credimex.png\",\"contentUrl\":\"https:\\\/\\\/www.credimex.ch\\\/wp-content\\\/uploads\\\/2022\\\/03\\\/cropped-logo-credimex.png\",\"width\":512,\"height\":512,\"caption\":\"credimex\"},\"image\":{\"@id\":\"https:\\\/\\\/www.credimex.ch\\\/fr\\\/#\\\/schema\\\/logo\\\/image\\\/\"},\"sameAs\":[\"https:\\\/\\\/www.facebook.com\\\/credimex.alpnach\\\/\",\"https:\\\/\\\/www.linkedin.com\\\/company\\\/credimex\\\/\",\"https:\\\/\\\/www.youtube.com\\\/@CREDIMEX?sub_confirmation=1\"]}]}<\/script>\n<!-- \/ Yoast SEO Premium plugin. -->","yoast_head_json":{"title":"MOLYKOTE BR2 Plus - Graisse haute performance - CREDIMEX","description":"Molykote BR2 Plus est une graisse haute performance \u00e0 lubrifiants solides pour les combinaisons m\u00e9tal\/m\u00e9tal soumises \u00e0 des mouvements lents \u00e0 rapides.","robots":{"index":"index","follow":"follow","max-snippet":"max-snippet:-1","max-image-preview":"max-image-preview:large","max-video-preview":"max-video-preview:-1"},"canonical":"https:\/\/www.credimex.ch\/fr\/produit\/molykote-br2-plus-2\/","og_locale":"fr_FR","og_type":"article","og_title":"MOLYKOTE BR2 Plus - Graisse haute performance","og_description":"Molykote BR2 Plus est une graisse haute performance \u00e0 lubrifiants solides pour les combinaisons m\u00e9tal\/m\u00e9tal soumises \u00e0 des mouvements lents \u00e0 rapides.","og_url":"https:\/\/www.credimex.ch\/fr\/produit\/molykote-br2-plus-2\/","og_site_name":"CREDIMEX","article_publisher":"https:\/\/www.facebook.com\/credimex.alpnach\/","og_image":[{"width":800,"height":800,"url":"https:\/\/www.credimex.ch\/wp-content\/uploads\/2022\/05\/MOLYKOTE-BR2-Plus.png","type":"image\/png"}],"twitter_card":"summary_large_image","twitter_misc":{"Dur\u00e9e de lecture estim\u00e9e":"1 minute"},"schema":{"@context":"https:\/\/schema.org","@graph":[{"@type":"WebPage","@id":"https:\/\/www.credimex.ch\/fr\/produit\/molykote-br2-plus-2\/","url":"https:\/\/www.credimex.ch\/fr\/produit\/molykote-br2-plus-2\/","name":"MOLYKOTE BR2 Plus - Graisse haute performance - CREDIMEX","isPartOf":{"@id":"https:\/\/www.credimex.ch\/fr\/#website"},"primaryImageOfPage":{"@id":"https:\/\/www.credimex.ch\/fr\/produit\/molykote-br2-plus-2\/#primaryimage"},"image":{"@id":"https:\/\/www.credimex.ch\/fr\/produit\/molykote-br2-plus-2\/#primaryimage"},"thumbnailUrl":"https:\/\/www.credimex.ch\/wp-content\/uploads\/2022\/05\/MOLYKOTE-BR2-Plus.png","datePublished":"2022-05-05T12:58:32+00:00","description":"Molykote BR2 Plus est une graisse haute performance \u00e0 lubrifiants solides pour les combinaisons m\u00e9tal\/m\u00e9tal soumises \u00e0 des mouvements lents \u00e0 rapides.","breadcrumb":{"@id":"https:\/\/www.credimex.ch\/fr\/produit\/molykote-br2-plus-2\/#breadcrumb"},"inLanguage":"fr-FR","potentialAction":[{"@type":"ReadAction","target":["https:\/\/www.credimex.ch\/fr\/produit\/molykote-br2-plus-2\/"]}]},{"@type":"ImageObject","inLanguage":"fr-FR","@id":"https:\/\/www.credimex.ch\/fr\/produit\/molykote-br2-plus-2\/#primaryimage","url":"https:\/\/www.credimex.ch\/wp-content\/uploads\/2022\/05\/MOLYKOTE-BR2-Plus.png","contentUrl":"https:\/\/www.credimex.ch\/wp-content\/uploads\/2022\/05\/MOLYKOTE-BR2-Plus.png","width":800,"height":800},{"@type":"BreadcrumbList","@id":"https:\/\/www.credimex.ch\/fr\/produit\/molykote-br2-plus-2\/#breadcrumb","itemListElement":[{"@type":"ListItem","position":1,"name":"Home","item":"https:\/\/www.credimex.ch\/fr\/"},{"@type":"ListItem","position":2,"name":"Produits","item":"https:\/\/www.credimex.ch\/fr\/produits\/"},{"@type":"ListItem","position":3,"name":"MOLYKOTE BR2 Plus &#8211; Graisse haute performance"}]},{"@type":"WebSite","@id":"https:\/\/www.credimex.ch\/fr\/#website","url":"https:\/\/www.credimex.ch\/fr\/","name":"CREDIMEX","description":"Partner of Swiss Industrial Market","publisher":{"@id":"https:\/\/www.credimex.ch\/fr\/#organization"},"potentialAction":[{"@type":"SearchAction","target":{"@type":"EntryPoint","urlTemplate":"https:\/\/www.credimex.ch\/fr\/?s={search_term_string}"},"query-input":{"@type":"PropertyValueSpecification","valueRequired":true,"valueName":"search_term_string"}}],"inLanguage":"fr-FR"},{"@type":"Organization","@id":"https:\/\/www.credimex.ch\/fr\/#organization","name":"credimex","url":"https:\/\/www.credimex.ch\/fr\/","logo":{"@type":"ImageObject","inLanguage":"fr-FR","@id":"https:\/\/www.credimex.ch\/fr\/#\/schema\/logo\/image\/","url":"https:\/\/www.credimex.ch\/wp-content\/uploads\/2022\/03\/cropped-logo-credimex.png","contentUrl":"https:\/\/www.credimex.ch\/wp-content\/uploads\/2022\/03\/cropped-logo-credimex.png","width":512,"height":512,"caption":"credimex"},"image":{"@id":"https:\/\/www.credimex.ch\/fr\/#\/schema\/logo\/image\/"},"sameAs":["https:\/\/www.facebook.com\/credimex.alpnach\/","https:\/\/www.linkedin.com\/company\/credimex\/","https:\/\/www.youtube.com\/@CREDIMEX?sub_confirmation=1"]}]}},"_links":{"self":[{"href":"https:\/\/www.credimex.ch\/fr\/wp-json\/wp\/v2\/product\/4125","targetHints":{"allow":["GET"]}}],"collection":[{"href":"https:\/\/www.credimex.ch\/fr\/wp-json\/wp\/v2\/product"}],"about":[{"href":"https:\/\/www.credimex.ch\/fr\/wp-json\/wp\/v2\/types\/product"}],"replies":[{"embeddable":true,"href":"https:\/\/www.credimex.ch\/fr\/wp-json\/wp\/v2\/comments?post=4125"}],"wp:featuredmedia":[{"embeddable":true,"href":"https:\/\/www.credimex.ch\/fr\/wp-json\/wp\/v2\/media\/2920"}],"wp:attachment":[{"href":"https:\/\/www.credimex.ch\/fr\/wp-json\/wp\/v2\/media?parent=4125"}],"wp:term":[{"taxonomy":"product_brand","embeddable":true,"href":"https:\/\/www.credimex.ch\/fr\/wp-json\/wp\/v2\/product_brand?post=4125"},{"taxonomy":"product_cat","embeddable":true,"href":"https:\/\/www.credimex.ch\/fr\/wp-json\/wp\/v2\/product_cat?post=4125"},{"taxonomy":"product_tag","embeddable":true,"href":"https:\/\/www.credimex.ch\/fr\/wp-json\/wp\/v2\/product_tag?post=4125"}],"curies":[{"name":"wp","href":"https:\/\/api.w.org\/{rel}","templated":true}]}}