{"id":4129,"date":"2022-06-02T11:08:49","date_gmt":"2022-06-02T09:08:49","guid":{"rendered":"https:\/\/www.credimex.ch.mialias.net\/product\/delo-duopox-02-rapid\/"},"modified":"2023-09-19T16:19:07","modified_gmt":"2023-09-19T14:19:07","slug":"delo-duopox-02-rapid","status":"publish","type":"product","link":"https:\/\/www.credimex.ch\/fr\/produit\/delo-duopox-02-rapid\/","title":{"rendered":"Delo Duopox 02 Rapid"},"content":{"rendered":"<h2>Description<\/h2>\n<ul>\n<li>Base<\/li>\n<li>R\u00e9sine \u00e9poxy<\/li>\n<li>Deux composants<\/li>\n<li>Livr\u00e9 pr\u00eat \u00e0 l&#8217;emploi et peut \u00eatre trait\u00e9 bien \u00e0 partir du r\u00e9cipient d&rsquo;origine<\/li>\n<li>Les composants A et B doivent \u00eatre m\u00e9lang\u00e9s de mani\u00e8re homog\u00e8ne dans le rapport de m\u00e9lange indiqu\u00e9 ci-dessous<\/li>\n<li>L&rsquo;utilisation du syst\u00e8me DELO-AUTOMIX pour le traitement est particuli\u00e8rement avantageuse<\/li>\n<li>Les surfaces \u00e0 coller doivent \u00eatre s\u00e8ches et exemptes de poussi\u00e8re, de graisse et d&rsquo;autres contaminations.<\/li>\n<li>Utilisez les nettoyants DELOTHEN pour le nettoyage des surfaces de collage.<\/li>\n<li>Durcissement \u00e0 temp\u00e9rature ambiante (environ 23 \u00b0C) avec une r\u00e9action tr\u00e8s rapide. L&rsquo;augmentation des temp\u00e9ratures acc\u00e9l\u00e8re le durcissement. L&rsquo;application de chaleur pourrait modifier les caract\u00e9ristiques physiques.<\/li>\n<\/ul>\n<h2>Atouts du produit<\/h2>\n<ul>\n<li>R\u00e9alisation rapide de la force initiale<\/li>\n<li>Le produit durci est normalement utilis\u00e9 dans une plage de temp\u00e9rature de -40 \u00b0C \u00e0 +80 \u00b0C ; selon l&rsquo;application, d&rsquo;autres limites peuvent \u00eatre plus raisonnables.<\/li>\n<li>Conforme \u00e0 la directive RoHS 2015\/863\/EU<\/li>\n<\/ul>\n<h2>Application<\/h2>\n<ul>\n<li>Adh\u00e9sif multi-usage<\/li>\n<li>Dans la construction m\u00e9canique et la construction d&rsquo;outils<\/li>\n<li>En \u00e9lectrotechnique et en \u00e9lectronique<\/li>\n<li>\u00c9galement pour la r\u00e9paration et le bricolage<\/li>\n<\/ul>\n","protected":false},"excerpt":{"rendered":"<p><strong> Delo Duopox 02 Rapid<\/strong> est une r\u00e9sine \u00e9poxy 2c polyvalente, polym\u00e9risant \u00e0 temp\u00e9rature ambiante, peu visqueuse, non charg\u00e9e.<\/p>\n","protected":false},"featured_media":7986,"comment_status":"open","ping_status":"closed","template":"","meta":{"_acf_changed":false},"product_brand":[],"product_cat":[641,452,340,451,376,411,384,360],"product_tag":[],"class_list":{"0":"post-4129","1":"product","2":"type-product","3":"status-publish","4":"has-post-thumbnail","6":"product_cat-adhesifs-epoxy","7":"product_cat-adhesifs-et-mastics","8":"product_cat-automobile","9":"product_cat-delo","10":"product_cat-e-mobilite","11":"product_cat-electronique","12":"product_cat-energie","13":"product_cat-industrie-generale","14":"pa_brands-delo-fr","16":"first","17":"instock","18":"shipping-taxable","19":"product-type-simple"},"acf":[],"_yoast_wpseo_focuskw":"Delo Duopox 02 Rapid","_yoast_wpseo_metadesc":"Delo Duopox 02 Rapid est une r\u00e9sine \u00e9poxy 2c polyvalente, polym\u00e9risant \u00e0 temp\u00e9rature ambiante, peu visqueuse, non charg\u00e9e.","yoast_head":"<!-- This site is optimized with the Yoast SEO Premium plugin v21.6 (Yoast SEO v27.4) - https:\/\/yoast.com\/product\/yoast-seo-premium-wordpress\/ -->\n<title>Delo Duopox 02 Rapid - CREDIMEX<\/title>\n<meta name=\"description\" content=\"Delo Duopox 02 Rapid est une r\u00e9sine \u00e9poxy 2c polyvalente, polym\u00e9risant \u00e0 temp\u00e9rature ambiante, peu visqueuse, non charg\u00e9e.\" \/>\n<meta name=\"robots\" content=\"index, follow, max-snippet:-1, max-image-preview:large, max-video-preview:-1\" \/>\n<link rel=\"canonical\" href=\"https:\/\/www.credimex.ch\/fr\/produit\/delo-duopox-02-rapid\/\" \/>\n<meta property=\"og:locale\" content=\"fr_FR\" \/>\n<meta property=\"og:type\" content=\"article\" \/>\n<meta property=\"og:title\" content=\"Delo Duopox 02 Rapid\" \/>\n<meta property=\"og:description\" content=\"Delo Duopox 02 Rapid est une r\u00e9sine \u00e9poxy 2c polyvalente, polym\u00e9risant \u00e0 temp\u00e9rature ambiante, peu visqueuse, non charg\u00e9e.\" \/>\n<meta property=\"og:url\" content=\"https:\/\/www.credimex.ch\/fr\/produit\/delo-duopox-02-rapid\/\" \/>\n<meta property=\"og:site_name\" content=\"CREDIMEX\" \/>\n<meta property=\"article:publisher\" content=\"https:\/\/www.facebook.com\/credimex.alpnach\/\" \/>\n<meta property=\"article:modified_time\" content=\"2023-09-19T14:19:07+00:00\" \/>\n<meta property=\"og:image\" content=\"https:\/\/www.credimex.ch\/wp-content\/uploads\/2023\/09\/Credimex_DeloDuopox.jpg\" \/>\n\t<meta property=\"og:image:width\" content=\"1234\" \/>\n\t<meta property=\"og:image:height\" content=\"1575\" \/>\n\t<meta property=\"og:image:type\" content=\"image\/jpeg\" \/>\n<meta name=\"twitter:card\" content=\"summary_large_image\" \/>\n<meta name=\"twitter:label1\" content=\"Dur\u00e9e de lecture estim\u00e9e\" \/>\n\t<meta name=\"twitter:data1\" content=\"1 minute\" \/>\n<script type=\"application\/ld+json\" class=\"yoast-schema-graph\">{\"@context\":\"https:\\\/\\\/schema.org\",\"@graph\":[{\"@type\":\"WebPage\",\"@id\":\"https:\\\/\\\/www.credimex.ch\\\/fr\\\/produit\\\/delo-duopox-02-rapid\\\/\",\"url\":\"https:\\\/\\\/www.credimex.ch\\\/fr\\\/produit\\\/delo-duopox-02-rapid\\\/\",\"name\":\"Delo Duopox 02 Rapid - CREDIMEX\",\"isPartOf\":{\"@id\":\"https:\\\/\\\/www.credimex.ch\\\/fr\\\/#website\"},\"primaryImageOfPage\":{\"@id\":\"https:\\\/\\\/www.credimex.ch\\\/fr\\\/produit\\\/delo-duopox-02-rapid\\\/#primaryimage\"},\"image\":{\"@id\":\"https:\\\/\\\/www.credimex.ch\\\/fr\\\/produit\\\/delo-duopox-02-rapid\\\/#primaryimage\"},\"thumbnailUrl\":\"https:\\\/\\\/www.credimex.ch\\\/wp-content\\\/uploads\\\/2023\\\/09\\\/Credimex_DeloDuopox.jpg\",\"datePublished\":\"2022-06-02T09:08:49+00:00\",\"dateModified\":\"2023-09-19T14:19:07+00:00\",\"description\":\"Delo Duopox 02 Rapid est une r\u00e9sine \u00e9poxy 2c polyvalente, polym\u00e9risant \u00e0 temp\u00e9rature ambiante, peu visqueuse, non charg\u00e9e.\",\"breadcrumb\":{\"@id\":\"https:\\\/\\\/www.credimex.ch\\\/fr\\\/produit\\\/delo-duopox-02-rapid\\\/#breadcrumb\"},\"inLanguage\":\"fr-FR\",\"potentialAction\":[{\"@type\":\"ReadAction\",\"target\":[\"https:\\\/\\\/www.credimex.ch\\\/fr\\\/produit\\\/delo-duopox-02-rapid\\\/\"]}]},{\"@type\":\"ImageObject\",\"inLanguage\":\"fr-FR\",\"@id\":\"https:\\\/\\\/www.credimex.ch\\\/fr\\\/produit\\\/delo-duopox-02-rapid\\\/#primaryimage\",\"url\":\"https:\\\/\\\/www.credimex.ch\\\/wp-content\\\/uploads\\\/2023\\\/09\\\/Credimex_DeloDuopox.jpg\",\"contentUrl\":\"https:\\\/\\\/www.credimex.ch\\\/wp-content\\\/uploads\\\/2023\\\/09\\\/Credimex_DeloDuopox.jpg\",\"width\":1234,\"height\":1575},{\"@type\":\"BreadcrumbList\",\"@id\":\"https:\\\/\\\/www.credimex.ch\\\/fr\\\/produit\\\/delo-duopox-02-rapid\\\/#breadcrumb\",\"itemListElement\":[{\"@type\":\"ListItem\",\"position\":1,\"name\":\"Home\",\"item\":\"https:\\\/\\\/www.credimex.ch\\\/fr\\\/\"},{\"@type\":\"ListItem\",\"position\":2,\"name\":\"Produits\",\"item\":\"https:\\\/\\\/www.credimex.ch\\\/fr\\\/produits\\\/\"},{\"@type\":\"ListItem\",\"position\":3,\"name\":\"Delo Duopox 02 Rapid\"}]},{\"@type\":\"WebSite\",\"@id\":\"https:\\\/\\\/www.credimex.ch\\\/fr\\\/#website\",\"url\":\"https:\\\/\\\/www.credimex.ch\\\/fr\\\/\",\"name\":\"CREDIMEX\",\"description\":\"Partner of Swiss Industrial Market\",\"publisher\":{\"@id\":\"https:\\\/\\\/www.credimex.ch\\\/fr\\\/#organization\"},\"potentialAction\":[{\"@type\":\"SearchAction\",\"target\":{\"@type\":\"EntryPoint\",\"urlTemplate\":\"https:\\\/\\\/www.credimex.ch\\\/fr\\\/?s={search_term_string}\"},\"query-input\":{\"@type\":\"PropertyValueSpecification\",\"valueRequired\":true,\"valueName\":\"search_term_string\"}}],\"inLanguage\":\"fr-FR\"},{\"@type\":\"Organization\",\"@id\":\"https:\\\/\\\/www.credimex.ch\\\/fr\\\/#organization\",\"name\":\"credimex\",\"url\":\"https:\\\/\\\/www.credimex.ch\\\/fr\\\/\",\"logo\":{\"@type\":\"ImageObject\",\"inLanguage\":\"fr-FR\",\"@id\":\"https:\\\/\\\/www.credimex.ch\\\/fr\\\/#\\\/schema\\\/logo\\\/image\\\/\",\"url\":\"https:\\\/\\\/www.credimex.ch\\\/wp-content\\\/uploads\\\/2022\\\/03\\\/cropped-logo-credimex.png\",\"contentUrl\":\"https:\\\/\\\/www.credimex.ch\\\/wp-content\\\/uploads\\\/2022\\\/03\\\/cropped-logo-credimex.png\",\"width\":512,\"height\":512,\"caption\":\"credimex\"},\"image\":{\"@id\":\"https:\\\/\\\/www.credimex.ch\\\/fr\\\/#\\\/schema\\\/logo\\\/image\\\/\"},\"sameAs\":[\"https:\\\/\\\/www.facebook.com\\\/credimex.alpnach\\\/\",\"https:\\\/\\\/www.linkedin.com\\\/company\\\/credimex\\\/\",\"https:\\\/\\\/www.youtube.com\\\/@CREDIMEX?sub_confirmation=1\"]}]}<\/script>\n<!-- \/ Yoast SEO Premium plugin. -->","yoast_head_json":{"title":"Delo Duopox 02 Rapid - CREDIMEX","description":"Delo Duopox 02 Rapid est une r\u00e9sine \u00e9poxy 2c polyvalente, polym\u00e9risant \u00e0 temp\u00e9rature ambiante, peu visqueuse, non charg\u00e9e.","robots":{"index":"index","follow":"follow","max-snippet":"max-snippet:-1","max-image-preview":"max-image-preview:large","max-video-preview":"max-video-preview:-1"},"canonical":"https:\/\/www.credimex.ch\/fr\/produit\/delo-duopox-02-rapid\/","og_locale":"fr_FR","og_type":"article","og_title":"Delo Duopox 02 Rapid","og_description":"Delo Duopox 02 Rapid est une r\u00e9sine \u00e9poxy 2c polyvalente, polym\u00e9risant \u00e0 temp\u00e9rature ambiante, peu visqueuse, non charg\u00e9e.","og_url":"https:\/\/www.credimex.ch\/fr\/produit\/delo-duopox-02-rapid\/","og_site_name":"CREDIMEX","article_publisher":"https:\/\/www.facebook.com\/credimex.alpnach\/","article_modified_time":"2023-09-19T14:19:07+00:00","og_image":[{"width":1234,"height":1575,"url":"https:\/\/www.credimex.ch\/wp-content\/uploads\/2023\/09\/Credimex_DeloDuopox.jpg","type":"image\/jpeg"}],"twitter_card":"summary_large_image","twitter_misc":{"Dur\u00e9e de lecture estim\u00e9e":"1 minute"},"schema":{"@context":"https:\/\/schema.org","@graph":[{"@type":"WebPage","@id":"https:\/\/www.credimex.ch\/fr\/produit\/delo-duopox-02-rapid\/","url":"https:\/\/www.credimex.ch\/fr\/produit\/delo-duopox-02-rapid\/","name":"Delo Duopox 02 Rapid - CREDIMEX","isPartOf":{"@id":"https:\/\/www.credimex.ch\/fr\/#website"},"primaryImageOfPage":{"@id":"https:\/\/www.credimex.ch\/fr\/produit\/delo-duopox-02-rapid\/#primaryimage"},"image":{"@id":"https:\/\/www.credimex.ch\/fr\/produit\/delo-duopox-02-rapid\/#primaryimage"},"thumbnailUrl":"https:\/\/www.credimex.ch\/wp-content\/uploads\/2023\/09\/Credimex_DeloDuopox.jpg","datePublished":"2022-06-02T09:08:49+00:00","dateModified":"2023-09-19T14:19:07+00:00","description":"Delo Duopox 02 Rapid est une r\u00e9sine \u00e9poxy 2c polyvalente, polym\u00e9risant \u00e0 temp\u00e9rature ambiante, peu visqueuse, non charg\u00e9e.","breadcrumb":{"@id":"https:\/\/www.credimex.ch\/fr\/produit\/delo-duopox-02-rapid\/#breadcrumb"},"inLanguage":"fr-FR","potentialAction":[{"@type":"ReadAction","target":["https:\/\/www.credimex.ch\/fr\/produit\/delo-duopox-02-rapid\/"]}]},{"@type":"ImageObject","inLanguage":"fr-FR","@id":"https:\/\/www.credimex.ch\/fr\/produit\/delo-duopox-02-rapid\/#primaryimage","url":"https:\/\/www.credimex.ch\/wp-content\/uploads\/2023\/09\/Credimex_DeloDuopox.jpg","contentUrl":"https:\/\/www.credimex.ch\/wp-content\/uploads\/2023\/09\/Credimex_DeloDuopox.jpg","width":1234,"height":1575},{"@type":"BreadcrumbList","@id":"https:\/\/www.credimex.ch\/fr\/produit\/delo-duopox-02-rapid\/#breadcrumb","itemListElement":[{"@type":"ListItem","position":1,"name":"Home","item":"https:\/\/www.credimex.ch\/fr\/"},{"@type":"ListItem","position":2,"name":"Produits","item":"https:\/\/www.credimex.ch\/fr\/produits\/"},{"@type":"ListItem","position":3,"name":"Delo Duopox 02 Rapid"}]},{"@type":"WebSite","@id":"https:\/\/www.credimex.ch\/fr\/#website","url":"https:\/\/www.credimex.ch\/fr\/","name":"CREDIMEX","description":"Partner of Swiss Industrial Market","publisher":{"@id":"https:\/\/www.credimex.ch\/fr\/#organization"},"potentialAction":[{"@type":"SearchAction","target":{"@type":"EntryPoint","urlTemplate":"https:\/\/www.credimex.ch\/fr\/?s={search_term_string}"},"query-input":{"@type":"PropertyValueSpecification","valueRequired":true,"valueName":"search_term_string"}}],"inLanguage":"fr-FR"},{"@type":"Organization","@id":"https:\/\/www.credimex.ch\/fr\/#organization","name":"credimex","url":"https:\/\/www.credimex.ch\/fr\/","logo":{"@type":"ImageObject","inLanguage":"fr-FR","@id":"https:\/\/www.credimex.ch\/fr\/#\/schema\/logo\/image\/","url":"https:\/\/www.credimex.ch\/wp-content\/uploads\/2022\/03\/cropped-logo-credimex.png","contentUrl":"https:\/\/www.credimex.ch\/wp-content\/uploads\/2022\/03\/cropped-logo-credimex.png","width":512,"height":512,"caption":"credimex"},"image":{"@id":"https:\/\/www.credimex.ch\/fr\/#\/schema\/logo\/image\/"},"sameAs":["https:\/\/www.facebook.com\/credimex.alpnach\/","https:\/\/www.linkedin.com\/company\/credimex\/","https:\/\/www.youtube.com\/@CREDIMEX?sub_confirmation=1"]}]}},"_links":{"self":[{"href":"https:\/\/www.credimex.ch\/fr\/wp-json\/wp\/v2\/product\/4129","targetHints":{"allow":["GET"]}}],"collection":[{"href":"https:\/\/www.credimex.ch\/fr\/wp-json\/wp\/v2\/product"}],"about":[{"href":"https:\/\/www.credimex.ch\/fr\/wp-json\/wp\/v2\/types\/product"}],"replies":[{"embeddable":true,"href":"https:\/\/www.credimex.ch\/fr\/wp-json\/wp\/v2\/comments?post=4129"}],"wp:featuredmedia":[{"embeddable":true,"href":"https:\/\/www.credimex.ch\/fr\/wp-json\/wp\/v2\/media\/7986"}],"wp:attachment":[{"href":"https:\/\/www.credimex.ch\/fr\/wp-json\/wp\/v2\/media?parent=4129"}],"wp:term":[{"taxonomy":"product_brand","embeddable":true,"href":"https:\/\/www.credimex.ch\/fr\/wp-json\/wp\/v2\/product_brand?post=4129"},{"taxonomy":"product_cat","embeddable":true,"href":"https:\/\/www.credimex.ch\/fr\/wp-json\/wp\/v2\/product_cat?post=4129"},{"taxonomy":"product_tag","embeddable":true,"href":"https:\/\/www.credimex.ch\/fr\/wp-json\/wp\/v2\/product_tag?post=4129"}],"curies":[{"name":"wp","href":"https:\/\/api.w.org\/{rel}","templated":true}]}}