{"id":4131,"date":"2022-06-02T11:01:36","date_gmt":"2022-06-02T09:01:36","guid":{"rendered":"https:\/\/www.credimex.ch.mialias.net\/product\/delo-duopox-ad840\/"},"modified":"2023-03-23T14:46:19","modified_gmt":"2023-03-23T13:46:19","slug":"delo-duopox-ad840-2","status":"publish","type":"product","link":"https:\/\/www.credimex.ch\/fr\/produit\/delo-duopox-ad840-2\/","title":{"rendered":"Delo Duopox AD840"},"content":{"rendered":"<h2>Description<\/h2>\n<p>R\u00e9sine \u00e9poxy bi-composants polyvalente, durcit \u00e0 temp\u00e9rature ambiante, moyennement visqueuse, charg\u00e9e, thixotrope adapt\u00e9e \u00e0 DELO-AUTOMIX, tr\u00e8s bonne r\u00e9sistance aux fluides<\/p>\n<ul>\n<li>Base<\/li>\n<li>R\u00e9sine \u00e9poxy<\/li>\n<li>Bi-composants<\/li>\n<li>Adh\u00e9sif de construction haute r\u00e9sistance<\/li>\n<li>Durcissement \u00e0 temp\u00e9rature ambiante, possibilit\u00e9 d&rsquo;acc\u00e9l\u00e9rer le durcissement en ajoutant de la chaleur.<\/li>\n<li>Application monocomposante facultative \u00e0 l&rsquo;aide du syst\u00e8me DELO-AUTOMIX<\/li>\n<li>Colle \u00e9poxy multi-usages \u00e0 2 composants<\/li>\n<li>Le durcissement se d\u00e9roule \u00e0 temp\u00e9rature ambiante (environ 23 \u00b0C).<\/li>\n<li>L&rsquo;augmentation des temp\u00e9ratures acc\u00e9l\u00e8re le durcissement<\/li>\n<li>L&rsquo;application de la chaleur pourrait modifier les caract\u00e9ristiques physiques<\/li>\n<\/ul>\n<h2>Avantages du produit<\/h2>\n<ul>\n<li>Robuste<\/li>\n<li>Haute r\u00e9sistance \u00e0 de nombreux produits chimiques et \u00e0 la chaleur. Le produit durci est normalement utilis\u00e9 dans une plage de temp\u00e9ratures allant de -40 \u00b0C \u00e0 +150 \u00b0C.<\/li>\n<li>Conforme \u00e0 la directive RoHS 2015\/863\/EU<\/li>\n<li>Test\u00e9 pour la biocompatibilit\u00e9, r\u00e9pond aux exigences de la norme DIN EN ISO 10993-5 : test de cytotoxicit\u00e9.<\/li>\n<li>Produit successeur du Delo Automix 1895<\/li>\n<\/ul>\n<h2>Domaine d&rsquo;application<\/h2>\n<ul>\n<li>A\u00e9ronautique et a\u00e9rospatiale<\/li>\n<li>Industrie automotive<\/li>\n<li>Electronique grand public<\/li>\n<li>Constuction m\u00e9canique<\/li>\n<li>Traitement des m\u00e9taux<\/li>\n<li>Opto\u00e9lectronique<\/li>\n<li>Photovolta\u00efque<\/li>\n<li>Construction de navires<\/li>\n<\/ul>\n","protected":false},"excerpt":{"rendered":"<p><strong>Delo Duopox AD840<\/strong> est une r\u00e9sine \u00e9poxy bi-composnats polyvalente, durcissant \u00e0 temp\u00e9rature ambiante, moyennement visqueuse, charg\u00e9e, thixotrope | adapt\u00e9e \u00e0 DELO-AUTOMIX, tr\u00e8s bonne r\u00e9sistance aux fluides<\/p>\n","protected":false},"featured_media":3042,"comment_status":"open","ping_status":"closed","template":"","meta":{"_acf_changed":false},"product_brand":[],"product_cat":[641,452,340,451,376,411,384,360],"product_tag":[],"class_list":{"0":"post-4131","1":"product","2":"type-product","3":"status-publish","4":"has-post-thumbnail","6":"product_cat-adhesifs-epoxy","7":"product_cat-adhesifs-et-mastics","8":"product_cat-automobile","9":"product_cat-delo","10":"product_cat-e-mobilite","11":"product_cat-electronique","12":"product_cat-energie","13":"product_cat-industrie-generale","14":"pa_brands-delo-fr","16":"first","17":"instock","18":"shipping-taxable","19":"product-type-simple"},"acf":[],"_yoast_wpseo_focuskw":"Delo Duopox AD840","_yoast_wpseo_metadesc":"Delo Duopox AD840 est une r\u00e9sine \u00e9poxy 2c polyvalente, durcissant \u00e0 temp\u00e9rature ambiante, moyennement visqueuse, charg\u00e9e, thixotrope | adapt\u00e9e \u00e0 DELO-AUTOMIX, tr\u00e8s bonne r\u00e9sistance aux m\u00e9dias","yoast_head":"<!-- This site is optimized with the Yoast SEO Premium plugin v21.6 (Yoast SEO v27.4) - https:\/\/yoast.com\/product\/yoast-seo-premium-wordpress\/ -->\n<title>Delo Duopox AD840 - CREDIMEX<\/title>\n<meta name=\"description\" content=\"Delo Duopox AD840 est une r\u00e9sine \u00e9poxy 2c polyvalente, durcissant \u00e0 temp\u00e9rature ambiante, moyennement visqueuse, charg\u00e9e, thixotrope | adapt\u00e9e \u00e0 DELO-AUTOMIX, tr\u00e8s bonne r\u00e9sistance aux m\u00e9dias\" \/>\n<meta name=\"robots\" content=\"index, follow, max-snippet:-1, max-image-preview:large, max-video-preview:-1\" \/>\n<link rel=\"canonical\" href=\"https:\/\/www.credimex.ch\/fr\/produit\/delo-duopox-ad840-2\/\" \/>\n<meta property=\"og:locale\" content=\"fr_FR\" \/>\n<meta property=\"og:type\" content=\"article\" \/>\n<meta property=\"og:title\" content=\"Delo Duopox AD840\" \/>\n<meta property=\"og:description\" content=\"Delo Duopox AD840 est une r\u00e9sine \u00e9poxy 2c polyvalente, durcissant \u00e0 temp\u00e9rature ambiante, moyennement visqueuse, charg\u00e9e, thixotrope | adapt\u00e9e \u00e0 DELO-AUTOMIX, tr\u00e8s bonne r\u00e9sistance aux m\u00e9dias\" \/>\n<meta property=\"og:url\" content=\"https:\/\/www.credimex.ch\/fr\/produit\/delo-duopox-ad840-2\/\" \/>\n<meta property=\"og:site_name\" content=\"CREDIMEX\" \/>\n<meta property=\"article:publisher\" content=\"https:\/\/www.facebook.com\/credimex.alpnach\/\" \/>\n<meta property=\"article:modified_time\" content=\"2023-03-23T13:46:19+00:00\" \/>\n<meta property=\"og:image\" content=\"https:\/\/www.credimex.ch\/wp-content\/uploads\/2022\/06\/delo-duopox-2k_automix-ad840_edelstahl-kleber.jpeg\" \/>\n\t<meta property=\"og:image:width\" content=\"300\" \/>\n\t<meta property=\"og:image:height\" content=\"300\" \/>\n\t<meta property=\"og:image:type\" content=\"image\/jpeg\" \/>\n<meta name=\"twitter:card\" content=\"summary_large_image\" \/>\n<meta name=\"twitter:label1\" content=\"Dur\u00e9e de lecture estim\u00e9e\" \/>\n\t<meta name=\"twitter:data1\" content=\"1 minute\" \/>\n<script type=\"application\/ld+json\" class=\"yoast-schema-graph\">{\"@context\":\"https:\\\/\\\/schema.org\",\"@graph\":[{\"@type\":\"WebPage\",\"@id\":\"https:\\\/\\\/www.credimex.ch\\\/fr\\\/produit\\\/delo-duopox-ad840-2\\\/\",\"url\":\"https:\\\/\\\/www.credimex.ch\\\/fr\\\/produit\\\/delo-duopox-ad840-2\\\/\",\"name\":\"Delo Duopox AD840 - CREDIMEX\",\"isPartOf\":{\"@id\":\"https:\\\/\\\/www.credimex.ch\\\/fr\\\/#website\"},\"primaryImageOfPage\":{\"@id\":\"https:\\\/\\\/www.credimex.ch\\\/fr\\\/produit\\\/delo-duopox-ad840-2\\\/#primaryimage\"},\"image\":{\"@id\":\"https:\\\/\\\/www.credimex.ch\\\/fr\\\/produit\\\/delo-duopox-ad840-2\\\/#primaryimage\"},\"thumbnailUrl\":\"https:\\\/\\\/www.credimex.ch\\\/wp-content\\\/uploads\\\/2022\\\/06\\\/delo-duopox-2k_automix-ad840_edelstahl-kleber.jpeg\",\"datePublished\":\"2022-06-02T09:01:36+00:00\",\"dateModified\":\"2023-03-23T13:46:19+00:00\",\"description\":\"Delo Duopox AD840 est une r\u00e9sine \u00e9poxy 2c polyvalente, durcissant \u00e0 temp\u00e9rature ambiante, moyennement visqueuse, charg\u00e9e, thixotrope | adapt\u00e9e \u00e0 DELO-AUTOMIX, tr\u00e8s bonne r\u00e9sistance aux m\u00e9dias\",\"breadcrumb\":{\"@id\":\"https:\\\/\\\/www.credimex.ch\\\/fr\\\/produit\\\/delo-duopox-ad840-2\\\/#breadcrumb\"},\"inLanguage\":\"fr-FR\",\"potentialAction\":[{\"@type\":\"ReadAction\",\"target\":[\"https:\\\/\\\/www.credimex.ch\\\/fr\\\/produit\\\/delo-duopox-ad840-2\\\/\"]}]},{\"@type\":\"ImageObject\",\"inLanguage\":\"fr-FR\",\"@id\":\"https:\\\/\\\/www.credimex.ch\\\/fr\\\/produit\\\/delo-duopox-ad840-2\\\/#primaryimage\",\"url\":\"https:\\\/\\\/www.credimex.ch\\\/wp-content\\\/uploads\\\/2022\\\/06\\\/delo-duopox-2k_automix-ad840_edelstahl-kleber.jpeg\",\"contentUrl\":\"https:\\\/\\\/www.credimex.ch\\\/wp-content\\\/uploads\\\/2022\\\/06\\\/delo-duopox-2k_automix-ad840_edelstahl-kleber.jpeg\",\"width\":300,\"height\":300},{\"@type\":\"BreadcrumbList\",\"@id\":\"https:\\\/\\\/www.credimex.ch\\\/fr\\\/produit\\\/delo-duopox-ad840-2\\\/#breadcrumb\",\"itemListElement\":[{\"@type\":\"ListItem\",\"position\":1,\"name\":\"Home\",\"item\":\"https:\\\/\\\/www.credimex.ch\\\/fr\\\/\"},{\"@type\":\"ListItem\",\"position\":2,\"name\":\"Produits\",\"item\":\"https:\\\/\\\/www.credimex.ch\\\/fr\\\/produits\\\/\"},{\"@type\":\"ListItem\",\"position\":3,\"name\":\"Delo Duopox AD840\"}]},{\"@type\":\"WebSite\",\"@id\":\"https:\\\/\\\/www.credimex.ch\\\/fr\\\/#website\",\"url\":\"https:\\\/\\\/www.credimex.ch\\\/fr\\\/\",\"name\":\"CREDIMEX\",\"description\":\"Partner of Swiss Industrial Market\",\"publisher\":{\"@id\":\"https:\\\/\\\/www.credimex.ch\\\/fr\\\/#organization\"},\"potentialAction\":[{\"@type\":\"SearchAction\",\"target\":{\"@type\":\"EntryPoint\",\"urlTemplate\":\"https:\\\/\\\/www.credimex.ch\\\/fr\\\/?s={search_term_string}\"},\"query-input\":{\"@type\":\"PropertyValueSpecification\",\"valueRequired\":true,\"valueName\":\"search_term_string\"}}],\"inLanguage\":\"fr-FR\"},{\"@type\":\"Organization\",\"@id\":\"https:\\\/\\\/www.credimex.ch\\\/fr\\\/#organization\",\"name\":\"credimex\",\"url\":\"https:\\\/\\\/www.credimex.ch\\\/fr\\\/\",\"logo\":{\"@type\":\"ImageObject\",\"inLanguage\":\"fr-FR\",\"@id\":\"https:\\\/\\\/www.credimex.ch\\\/fr\\\/#\\\/schema\\\/logo\\\/image\\\/\",\"url\":\"https:\\\/\\\/www.credimex.ch\\\/wp-content\\\/uploads\\\/2022\\\/03\\\/cropped-logo-credimex.png\",\"contentUrl\":\"https:\\\/\\\/www.credimex.ch\\\/wp-content\\\/uploads\\\/2022\\\/03\\\/cropped-logo-credimex.png\",\"width\":512,\"height\":512,\"caption\":\"credimex\"},\"image\":{\"@id\":\"https:\\\/\\\/www.credimex.ch\\\/fr\\\/#\\\/schema\\\/logo\\\/image\\\/\"},\"sameAs\":[\"https:\\\/\\\/www.facebook.com\\\/credimex.alpnach\\\/\",\"https:\\\/\\\/www.linkedin.com\\\/company\\\/credimex\\\/\",\"https:\\\/\\\/www.youtube.com\\\/@CREDIMEX?sub_confirmation=1\"]}]}<\/script>\n<!-- \/ Yoast SEO Premium plugin. -->","yoast_head_json":{"title":"Delo Duopox AD840 - CREDIMEX","description":"Delo Duopox AD840 est une r\u00e9sine \u00e9poxy 2c polyvalente, durcissant \u00e0 temp\u00e9rature ambiante, moyennement visqueuse, charg\u00e9e, thixotrope | adapt\u00e9e \u00e0 DELO-AUTOMIX, tr\u00e8s bonne r\u00e9sistance aux m\u00e9dias","robots":{"index":"index","follow":"follow","max-snippet":"max-snippet:-1","max-image-preview":"max-image-preview:large","max-video-preview":"max-video-preview:-1"},"canonical":"https:\/\/www.credimex.ch\/fr\/produit\/delo-duopox-ad840-2\/","og_locale":"fr_FR","og_type":"article","og_title":"Delo Duopox AD840","og_description":"Delo Duopox AD840 est une r\u00e9sine \u00e9poxy 2c polyvalente, durcissant \u00e0 temp\u00e9rature ambiante, moyennement visqueuse, charg\u00e9e, thixotrope | adapt\u00e9e \u00e0 DELO-AUTOMIX, tr\u00e8s bonne r\u00e9sistance aux m\u00e9dias","og_url":"https:\/\/www.credimex.ch\/fr\/produit\/delo-duopox-ad840-2\/","og_site_name":"CREDIMEX","article_publisher":"https:\/\/www.facebook.com\/credimex.alpnach\/","article_modified_time":"2023-03-23T13:46:19+00:00","og_image":[{"width":300,"height":300,"url":"https:\/\/www.credimex.ch\/wp-content\/uploads\/2022\/06\/delo-duopox-2k_automix-ad840_edelstahl-kleber.jpeg","type":"image\/jpeg"}],"twitter_card":"summary_large_image","twitter_misc":{"Dur\u00e9e de lecture estim\u00e9e":"1 minute"},"schema":{"@context":"https:\/\/schema.org","@graph":[{"@type":"WebPage","@id":"https:\/\/www.credimex.ch\/fr\/produit\/delo-duopox-ad840-2\/","url":"https:\/\/www.credimex.ch\/fr\/produit\/delo-duopox-ad840-2\/","name":"Delo Duopox AD840 - CREDIMEX","isPartOf":{"@id":"https:\/\/www.credimex.ch\/fr\/#website"},"primaryImageOfPage":{"@id":"https:\/\/www.credimex.ch\/fr\/produit\/delo-duopox-ad840-2\/#primaryimage"},"image":{"@id":"https:\/\/www.credimex.ch\/fr\/produit\/delo-duopox-ad840-2\/#primaryimage"},"thumbnailUrl":"https:\/\/www.credimex.ch\/wp-content\/uploads\/2022\/06\/delo-duopox-2k_automix-ad840_edelstahl-kleber.jpeg","datePublished":"2022-06-02T09:01:36+00:00","dateModified":"2023-03-23T13:46:19+00:00","description":"Delo Duopox AD840 est une r\u00e9sine \u00e9poxy 2c polyvalente, durcissant \u00e0 temp\u00e9rature ambiante, moyennement visqueuse, charg\u00e9e, thixotrope | adapt\u00e9e \u00e0 DELO-AUTOMIX, tr\u00e8s bonne r\u00e9sistance aux m\u00e9dias","breadcrumb":{"@id":"https:\/\/www.credimex.ch\/fr\/produit\/delo-duopox-ad840-2\/#breadcrumb"},"inLanguage":"fr-FR","potentialAction":[{"@type":"ReadAction","target":["https:\/\/www.credimex.ch\/fr\/produit\/delo-duopox-ad840-2\/"]}]},{"@type":"ImageObject","inLanguage":"fr-FR","@id":"https:\/\/www.credimex.ch\/fr\/produit\/delo-duopox-ad840-2\/#primaryimage","url":"https:\/\/www.credimex.ch\/wp-content\/uploads\/2022\/06\/delo-duopox-2k_automix-ad840_edelstahl-kleber.jpeg","contentUrl":"https:\/\/www.credimex.ch\/wp-content\/uploads\/2022\/06\/delo-duopox-2k_automix-ad840_edelstahl-kleber.jpeg","width":300,"height":300},{"@type":"BreadcrumbList","@id":"https:\/\/www.credimex.ch\/fr\/produit\/delo-duopox-ad840-2\/#breadcrumb","itemListElement":[{"@type":"ListItem","position":1,"name":"Home","item":"https:\/\/www.credimex.ch\/fr\/"},{"@type":"ListItem","position":2,"name":"Produits","item":"https:\/\/www.credimex.ch\/fr\/produits\/"},{"@type":"ListItem","position":3,"name":"Delo Duopox AD840"}]},{"@type":"WebSite","@id":"https:\/\/www.credimex.ch\/fr\/#website","url":"https:\/\/www.credimex.ch\/fr\/","name":"CREDIMEX","description":"Partner of Swiss Industrial Market","publisher":{"@id":"https:\/\/www.credimex.ch\/fr\/#organization"},"potentialAction":[{"@type":"SearchAction","target":{"@type":"EntryPoint","urlTemplate":"https:\/\/www.credimex.ch\/fr\/?s={search_term_string}"},"query-input":{"@type":"PropertyValueSpecification","valueRequired":true,"valueName":"search_term_string"}}],"inLanguage":"fr-FR"},{"@type":"Organization","@id":"https:\/\/www.credimex.ch\/fr\/#organization","name":"credimex","url":"https:\/\/www.credimex.ch\/fr\/","logo":{"@type":"ImageObject","inLanguage":"fr-FR","@id":"https:\/\/www.credimex.ch\/fr\/#\/schema\/logo\/image\/","url":"https:\/\/www.credimex.ch\/wp-content\/uploads\/2022\/03\/cropped-logo-credimex.png","contentUrl":"https:\/\/www.credimex.ch\/wp-content\/uploads\/2022\/03\/cropped-logo-credimex.png","width":512,"height":512,"caption":"credimex"},"image":{"@id":"https:\/\/www.credimex.ch\/fr\/#\/schema\/logo\/image\/"},"sameAs":["https:\/\/www.facebook.com\/credimex.alpnach\/","https:\/\/www.linkedin.com\/company\/credimex\/","https:\/\/www.youtube.com\/@CREDIMEX?sub_confirmation=1"]}]}},"_links":{"self":[{"href":"https:\/\/www.credimex.ch\/fr\/wp-json\/wp\/v2\/product\/4131","targetHints":{"allow":["GET"]}}],"collection":[{"href":"https:\/\/www.credimex.ch\/fr\/wp-json\/wp\/v2\/product"}],"about":[{"href":"https:\/\/www.credimex.ch\/fr\/wp-json\/wp\/v2\/types\/product"}],"replies":[{"embeddable":true,"href":"https:\/\/www.credimex.ch\/fr\/wp-json\/wp\/v2\/comments?post=4131"}],"wp:featuredmedia":[{"embeddable":true,"href":"https:\/\/www.credimex.ch\/fr\/wp-json\/wp\/v2\/media\/3042"}],"wp:attachment":[{"href":"https:\/\/www.credimex.ch\/fr\/wp-json\/wp\/v2\/media?parent=4131"}],"wp:term":[{"taxonomy":"product_brand","embeddable":true,"href":"https:\/\/www.credimex.ch\/fr\/wp-json\/wp\/v2\/product_brand?post=4131"},{"taxonomy":"product_cat","embeddable":true,"href":"https:\/\/www.credimex.ch\/fr\/wp-json\/wp\/v2\/product_cat?post=4131"},{"taxonomy":"product_tag","embeddable":true,"href":"https:\/\/www.credimex.ch\/fr\/wp-json\/wp\/v2\/product_tag?post=4131"}],"curies":[{"name":"wp","href":"https:\/\/api.w.org\/{rel}","templated":true}]}}