{"id":4133,"date":"2022-05-17T18:52:03","date_gmt":"2022-05-17T16:52:03","guid":{"rendered":"https:\/\/www.credimex.ch.mialias.net\/product\/krytox-gpl-105\/"},"modified":"2022-05-17T18:52:03","modified_gmt":"2022-05-17T16:52:03","slug":"krytox-gpl-105-2","status":"publish","type":"product","link":"https:\/\/www.credimex.ch\/fr\/produit\/krytox-gpl-105-2\/","title":{"rendered":"Krytox GPL 105"},"content":{"rendered":"<h2>Description<\/h2>\n<p>L&rsquo;huile synth\u00e9tique fluor\u00e9e Krytox GPL 105 est un lubrifiant transparent, incolore, de longue dur\u00e9e et 100% ininflammable, id\u00e9al pour l&rsquo;industrie automobile et alimentaire. Il \u00e9limine les bruits, les vibrations et les secousses (NVH) et les bruits, les secousses et les cliquetis (BSR). Plus pr\u00e9cis\u00e9ment, Krytox GPL 105 est certifi\u00e9 H-1 et tr\u00e8s appr\u00e9ci\u00e9 dans l&rsquo;industrie automobile pour l&rsquo;\u00e9limination des NVH (Noise, Vibration, and Harshness) et des buzz\/squeak\/rattle (BSR).<\/p>\n<p>Le Krytox GPL 105 a fait ses preuves en mati\u00e8re de r\u00e9duction de la corrosion due aux intemp\u00e9ries et de la fissuration des joints d&rsquo;\u00e9tanch\u00e9it\u00e9, \u00e9liminant ainsi les NVH et le BSR. Les lubrifiants de performance Krytox\u2122 sont une solution pour l&rsquo;industrie automobile et aident \u00e0 la puissance du v\u00e9hicule, au confort de l&rsquo;habitacle et \u00e0 la long\u00e9vit\u00e9 en offrant :<\/p>\n<ul>\n<li><strong>Haute performance<\/strong>: Capable de travailler dans des environnements extr\u00eames sans oxydation<\/li>\n<li><strong>Durabilit\u00e9<\/strong>: Pas de fissuration ni d&rsquo;\u00e9caillage au fil du temps<\/li>\n<li><strong>Haut pouvoir lubrifiant<\/strong>: De petites quantit\u00e9s sont n\u00e9cessaires pour une utilisation efficace<\/li>\n<li><strong>Chimiquement inerte<\/strong>: Pas d&rsquo;oxydation ou de r\u00e9action avec l&rsquo;eau, les vapeurs, les carburants, les fum\u00e9es.<\/li>\n<\/ul>\n<h2>Avantages du produit<\/h2>\n<ul>\n<li>Les huiles et les graisses Krytox offrent des propri\u00e9t\u00e9s de lubrification sup\u00e9rieures \u00e0 des temp\u00e9ratures \u00e9lev\u00e9es par rapport aux lubrifiants conventionnels \u00e0 base de silicone et d&rsquo;hydrocarbures.<\/li>\n<li>Les huiles Krytox sont des lubrifiants polym\u00e8res enti\u00e8rement synth\u00e9tiques qui n&rsquo;endommagent pas les plastiques, les m\u00e9taux, les composites, les mat\u00e9riaux organiques (cuir, bois, etc.).<\/li>\n<li>Les propri\u00e9t\u00e9s inertes de Krytox lui permettent d&rsquo;\u00eatre appliqu\u00e9 sur une vari\u00e9t\u00e9 de surfaces, tout en pr\u00e9sentant une incroyable stabilit\u00e9 \u00e0 la chaleur et en r\u00e9sistant \u00e0 l&rsquo;exposition aux produits chimiques corrosifs.<\/li>\n<li>Krytox GPL 105 offre une d\u00e9perlance, une stabilit\u00e9 aux radiations et des propri\u00e9t\u00e9s de barri\u00e8re gr\u00e2ce \u00e0 des couches minces sup\u00e9rieures et \u00e0 son squelette polym\u00e8re robuste.<\/li>\n<li>Pour les applications qui n\u00e9cessitent l&rsquo;huile GPL 105 sous forme de graisse, veuillez consulter le Krytox\u2122 GPL 205.<\/li>\n<li>Offre des propri\u00e9t\u00e9s de protection contre les intemp\u00e9ries \u00e0 forte p\u00e9n\u00e9tration, en particulier pour les pi\u00e8ces automobiles int\u00e9rieures telles que les bouches d&rsquo;a\u00e9ration, les joints de toit ouvrant, les moteurs d&rsquo;essuie-glace.<\/li>\n<li>Permet d&rsquo;\u00e9liminer le glissement des m\u00e9canismes de frein de stationnement.<\/li>\n<\/ul>\n<h2>Application<\/h2>\n<p>Cette huile PFPE sert de film barri\u00e8re mince et inerte, extr\u00eamement durable, avec une large compatibilit\u00e9 avec les mat\u00e9riaux. Elle est utilis\u00e9e pour sa stabilit\u00e9 dans une grande vari\u00e9t\u00e9 de conditions de fonctionnement et d&rsquo;environnements, ce qui la rend id\u00e9ale pour les industries automobile et alimentaire.<\/p>\n","protected":false},"excerpt":{"rendered":"<p>L&rsquo;huile Krytox GPL 105 a une viscosit\u00e9 de 160 cSt \u00e0 40\u00b0C et la plage de temp\u00e9ratures utiles estim\u00e9e est de -36\u00b0C \u00e0 204\u00b0C.<\/p>\n","protected":false},"featured_media":2980,"comment_status":"open","ping_status":"closed","template":"","meta":{"_acf_changed":false},"product_brand":[],"product_cat":[340,343,360,339,342],"product_tag":[],"class_list":{"0":"post-4133","1":"product","2":"type-product","3":"status-publish","4":"has-post-thumbnail","6":"product_cat-automobile","7":"product_cat-huile","8":"product_cat-industrie-generale","9":"product_cat-krytox","10":"product_cat-lubrifiants-industriels","11":"pa_brands-krytox-fr","13":"first","14":"instock","15":"shipping-taxable","16":"product-type-simple"},"acf":[],"_yoast_wpseo_focuskw":"Krytox GPL 105","_yoast_wpseo_metadesc":"L'huile Krytox GPL 105 a une viscosit\u00e9 de 160 cSt \u00e0 40\u00b0C et la gamme de temp\u00e9rature utile estim\u00e9e est de -36\u00b0C \u00e0 204\u00b0C.","yoast_head":"<!-- This site is optimized with the Yoast SEO Premium plugin v21.6 (Yoast SEO v27.4) - https:\/\/yoast.com\/product\/yoast-seo-premium-wordpress\/ -->\n<title>Krytox GPL 105 - CREDIMEX<\/title>\n<meta name=\"description\" content=\"L&#039;huile Krytox GPL 105 a une viscosit\u00e9 de 160 cSt \u00e0 40\u00b0C et la gamme de temp\u00e9rature utile estim\u00e9e est de -36\u00b0C \u00e0 204\u00b0C.\" \/>\n<meta name=\"robots\" content=\"index, follow, max-snippet:-1, max-image-preview:large, max-video-preview:-1\" \/>\n<link rel=\"canonical\" href=\"https:\/\/www.credimex.ch\/fr\/produit\/krytox-gpl-105-2\/\" \/>\n<meta property=\"og:locale\" content=\"fr_FR\" \/>\n<meta property=\"og:type\" content=\"article\" \/>\n<meta property=\"og:title\" content=\"Krytox GPL 105\" \/>\n<meta property=\"og:description\" content=\"L&#039;huile Krytox GPL 105 a une viscosit\u00e9 de 160 cSt \u00e0 40\u00b0C et la gamme de temp\u00e9rature utile estim\u00e9e est de -36\u00b0C \u00e0 204\u00b0C.\" \/>\n<meta property=\"og:url\" content=\"https:\/\/www.credimex.ch\/fr\/produit\/krytox-gpl-105-2\/\" \/>\n<meta property=\"og:site_name\" content=\"CREDIMEX\" \/>\n<meta property=\"article:publisher\" content=\"https:\/\/www.facebook.com\/credimex.alpnach\/\" \/>\n<meta property=\"og:image\" content=\"https:\/\/www.credimex.ch\/wp-content\/uploads\/2022\/05\/Chemours-Krytox-OIL-5-kg-Handle-Jug-300-dpi-511x511-1.webp\" \/>\n\t<meta property=\"og:image:width\" content=\"511\" \/>\n\t<meta property=\"og:image:height\" content=\"511\" \/>\n\t<meta property=\"og:image:type\" content=\"image\/webp\" \/>\n<meta name=\"twitter:card\" content=\"summary_large_image\" \/>\n<meta name=\"twitter:label1\" content=\"Dur\u00e9e de lecture estim\u00e9e\" \/>\n\t<meta name=\"twitter:data1\" content=\"2 minutes\" \/>\n<script type=\"application\/ld+json\" class=\"yoast-schema-graph\">{\"@context\":\"https:\\\/\\\/schema.org\",\"@graph\":[{\"@type\":\"WebPage\",\"@id\":\"https:\\\/\\\/www.credimex.ch\\\/fr\\\/produit\\\/krytox-gpl-105-2\\\/\",\"url\":\"https:\\\/\\\/www.credimex.ch\\\/fr\\\/produit\\\/krytox-gpl-105-2\\\/\",\"name\":\"Krytox GPL 105 - CREDIMEX\",\"isPartOf\":{\"@id\":\"https:\\\/\\\/www.credimex.ch\\\/fr\\\/#website\"},\"primaryImageOfPage\":{\"@id\":\"https:\\\/\\\/www.credimex.ch\\\/fr\\\/produit\\\/krytox-gpl-105-2\\\/#primaryimage\"},\"image\":{\"@id\":\"https:\\\/\\\/www.credimex.ch\\\/fr\\\/produit\\\/krytox-gpl-105-2\\\/#primaryimage\"},\"thumbnailUrl\":\"https:\\\/\\\/www.credimex.ch\\\/wp-content\\\/uploads\\\/2022\\\/05\\\/Chemours-Krytox-OIL-5-kg-Handle-Jug-300-dpi-511x511-1.webp\",\"datePublished\":\"2022-05-17T16:52:03+00:00\",\"description\":\"L'huile Krytox GPL 105 a une viscosit\u00e9 de 160 cSt \u00e0 40\u00b0C et la gamme de temp\u00e9rature utile estim\u00e9e est de -36\u00b0C \u00e0 204\u00b0C.\",\"breadcrumb\":{\"@id\":\"https:\\\/\\\/www.credimex.ch\\\/fr\\\/produit\\\/krytox-gpl-105-2\\\/#breadcrumb\"},\"inLanguage\":\"fr-FR\",\"potentialAction\":[{\"@type\":\"ReadAction\",\"target\":[\"https:\\\/\\\/www.credimex.ch\\\/fr\\\/produit\\\/krytox-gpl-105-2\\\/\"]}]},{\"@type\":\"ImageObject\",\"inLanguage\":\"fr-FR\",\"@id\":\"https:\\\/\\\/www.credimex.ch\\\/fr\\\/produit\\\/krytox-gpl-105-2\\\/#primaryimage\",\"url\":\"https:\\\/\\\/www.credimex.ch\\\/wp-content\\\/uploads\\\/2022\\\/05\\\/Chemours-Krytox-OIL-5-kg-Handle-Jug-300-dpi-511x511-1.webp\",\"contentUrl\":\"https:\\\/\\\/www.credimex.ch\\\/wp-content\\\/uploads\\\/2022\\\/05\\\/Chemours-Krytox-OIL-5-kg-Handle-Jug-300-dpi-511x511-1.webp\",\"width\":511,\"height\":511},{\"@type\":\"BreadcrumbList\",\"@id\":\"https:\\\/\\\/www.credimex.ch\\\/fr\\\/produit\\\/krytox-gpl-105-2\\\/#breadcrumb\",\"itemListElement\":[{\"@type\":\"ListItem\",\"position\":1,\"name\":\"Home\",\"item\":\"https:\\\/\\\/www.credimex.ch\\\/fr\\\/\"},{\"@type\":\"ListItem\",\"position\":2,\"name\":\"Produits\",\"item\":\"https:\\\/\\\/www.credimex.ch\\\/fr\\\/produits\\\/\"},{\"@type\":\"ListItem\",\"position\":3,\"name\":\"Krytox GPL 105\"}]},{\"@type\":\"WebSite\",\"@id\":\"https:\\\/\\\/www.credimex.ch\\\/fr\\\/#website\",\"url\":\"https:\\\/\\\/www.credimex.ch\\\/fr\\\/\",\"name\":\"CREDIMEX\",\"description\":\"Partner of Swiss Industrial Market\",\"publisher\":{\"@id\":\"https:\\\/\\\/www.credimex.ch\\\/fr\\\/#organization\"},\"potentialAction\":[{\"@type\":\"SearchAction\",\"target\":{\"@type\":\"EntryPoint\",\"urlTemplate\":\"https:\\\/\\\/www.credimex.ch\\\/fr\\\/?s={search_term_string}\"},\"query-input\":{\"@type\":\"PropertyValueSpecification\",\"valueRequired\":true,\"valueName\":\"search_term_string\"}}],\"inLanguage\":\"fr-FR\"},{\"@type\":\"Organization\",\"@id\":\"https:\\\/\\\/www.credimex.ch\\\/fr\\\/#organization\",\"name\":\"credimex\",\"url\":\"https:\\\/\\\/www.credimex.ch\\\/fr\\\/\",\"logo\":{\"@type\":\"ImageObject\",\"inLanguage\":\"fr-FR\",\"@id\":\"https:\\\/\\\/www.credimex.ch\\\/fr\\\/#\\\/schema\\\/logo\\\/image\\\/\",\"url\":\"https:\\\/\\\/www.credimex.ch\\\/wp-content\\\/uploads\\\/2022\\\/03\\\/cropped-logo-credimex.png\",\"contentUrl\":\"https:\\\/\\\/www.credimex.ch\\\/wp-content\\\/uploads\\\/2022\\\/03\\\/cropped-logo-credimex.png\",\"width\":512,\"height\":512,\"caption\":\"credimex\"},\"image\":{\"@id\":\"https:\\\/\\\/www.credimex.ch\\\/fr\\\/#\\\/schema\\\/logo\\\/image\\\/\"},\"sameAs\":[\"https:\\\/\\\/www.facebook.com\\\/credimex.alpnach\\\/\",\"https:\\\/\\\/www.linkedin.com\\\/company\\\/credimex\\\/\",\"https:\\\/\\\/www.youtube.com\\\/@CREDIMEX?sub_confirmation=1\"]}]}<\/script>\n<!-- \/ Yoast SEO Premium plugin. -->","yoast_head_json":{"title":"Krytox GPL 105 - CREDIMEX","description":"L'huile Krytox GPL 105 a une viscosit\u00e9 de 160 cSt \u00e0 40\u00b0C et la gamme de temp\u00e9rature utile estim\u00e9e est de -36\u00b0C \u00e0 204\u00b0C.","robots":{"index":"index","follow":"follow","max-snippet":"max-snippet:-1","max-image-preview":"max-image-preview:large","max-video-preview":"max-video-preview:-1"},"canonical":"https:\/\/www.credimex.ch\/fr\/produit\/krytox-gpl-105-2\/","og_locale":"fr_FR","og_type":"article","og_title":"Krytox GPL 105","og_description":"L'huile Krytox GPL 105 a une viscosit\u00e9 de 160 cSt \u00e0 40\u00b0C et la gamme de temp\u00e9rature utile estim\u00e9e est de -36\u00b0C \u00e0 204\u00b0C.","og_url":"https:\/\/www.credimex.ch\/fr\/produit\/krytox-gpl-105-2\/","og_site_name":"CREDIMEX","article_publisher":"https:\/\/www.facebook.com\/credimex.alpnach\/","og_image":[{"width":511,"height":511,"url":"https:\/\/www.credimex.ch\/wp-content\/uploads\/2022\/05\/Chemours-Krytox-OIL-5-kg-Handle-Jug-300-dpi-511x511-1.webp","type":"image\/webp"}],"twitter_card":"summary_large_image","twitter_misc":{"Dur\u00e9e de lecture estim\u00e9e":"2 minutes"},"schema":{"@context":"https:\/\/schema.org","@graph":[{"@type":"WebPage","@id":"https:\/\/www.credimex.ch\/fr\/produit\/krytox-gpl-105-2\/","url":"https:\/\/www.credimex.ch\/fr\/produit\/krytox-gpl-105-2\/","name":"Krytox GPL 105 - CREDIMEX","isPartOf":{"@id":"https:\/\/www.credimex.ch\/fr\/#website"},"primaryImageOfPage":{"@id":"https:\/\/www.credimex.ch\/fr\/produit\/krytox-gpl-105-2\/#primaryimage"},"image":{"@id":"https:\/\/www.credimex.ch\/fr\/produit\/krytox-gpl-105-2\/#primaryimage"},"thumbnailUrl":"https:\/\/www.credimex.ch\/wp-content\/uploads\/2022\/05\/Chemours-Krytox-OIL-5-kg-Handle-Jug-300-dpi-511x511-1.webp","datePublished":"2022-05-17T16:52:03+00:00","description":"L'huile Krytox GPL 105 a une viscosit\u00e9 de 160 cSt \u00e0 40\u00b0C et la gamme de temp\u00e9rature utile estim\u00e9e est de -36\u00b0C \u00e0 204\u00b0C.","breadcrumb":{"@id":"https:\/\/www.credimex.ch\/fr\/produit\/krytox-gpl-105-2\/#breadcrumb"},"inLanguage":"fr-FR","potentialAction":[{"@type":"ReadAction","target":["https:\/\/www.credimex.ch\/fr\/produit\/krytox-gpl-105-2\/"]}]},{"@type":"ImageObject","inLanguage":"fr-FR","@id":"https:\/\/www.credimex.ch\/fr\/produit\/krytox-gpl-105-2\/#primaryimage","url":"https:\/\/www.credimex.ch\/wp-content\/uploads\/2022\/05\/Chemours-Krytox-OIL-5-kg-Handle-Jug-300-dpi-511x511-1.webp","contentUrl":"https:\/\/www.credimex.ch\/wp-content\/uploads\/2022\/05\/Chemours-Krytox-OIL-5-kg-Handle-Jug-300-dpi-511x511-1.webp","width":511,"height":511},{"@type":"BreadcrumbList","@id":"https:\/\/www.credimex.ch\/fr\/produit\/krytox-gpl-105-2\/#breadcrumb","itemListElement":[{"@type":"ListItem","position":1,"name":"Home","item":"https:\/\/www.credimex.ch\/fr\/"},{"@type":"ListItem","position":2,"name":"Produits","item":"https:\/\/www.credimex.ch\/fr\/produits\/"},{"@type":"ListItem","position":3,"name":"Krytox GPL 105"}]},{"@type":"WebSite","@id":"https:\/\/www.credimex.ch\/fr\/#website","url":"https:\/\/www.credimex.ch\/fr\/","name":"CREDIMEX","description":"Partner of Swiss Industrial Market","publisher":{"@id":"https:\/\/www.credimex.ch\/fr\/#organization"},"potentialAction":[{"@type":"SearchAction","target":{"@type":"EntryPoint","urlTemplate":"https:\/\/www.credimex.ch\/fr\/?s={search_term_string}"},"query-input":{"@type":"PropertyValueSpecification","valueRequired":true,"valueName":"search_term_string"}}],"inLanguage":"fr-FR"},{"@type":"Organization","@id":"https:\/\/www.credimex.ch\/fr\/#organization","name":"credimex","url":"https:\/\/www.credimex.ch\/fr\/","logo":{"@type":"ImageObject","inLanguage":"fr-FR","@id":"https:\/\/www.credimex.ch\/fr\/#\/schema\/logo\/image\/","url":"https:\/\/www.credimex.ch\/wp-content\/uploads\/2022\/03\/cropped-logo-credimex.png","contentUrl":"https:\/\/www.credimex.ch\/wp-content\/uploads\/2022\/03\/cropped-logo-credimex.png","width":512,"height":512,"caption":"credimex"},"image":{"@id":"https:\/\/www.credimex.ch\/fr\/#\/schema\/logo\/image\/"},"sameAs":["https:\/\/www.facebook.com\/credimex.alpnach\/","https:\/\/www.linkedin.com\/company\/credimex\/","https:\/\/www.youtube.com\/@CREDIMEX?sub_confirmation=1"]}]}},"_links":{"self":[{"href":"https:\/\/www.credimex.ch\/fr\/wp-json\/wp\/v2\/product\/4133","targetHints":{"allow":["GET"]}}],"collection":[{"href":"https:\/\/www.credimex.ch\/fr\/wp-json\/wp\/v2\/product"}],"about":[{"href":"https:\/\/www.credimex.ch\/fr\/wp-json\/wp\/v2\/types\/product"}],"replies":[{"embeddable":true,"href":"https:\/\/www.credimex.ch\/fr\/wp-json\/wp\/v2\/comments?post=4133"}],"wp:featuredmedia":[{"embeddable":true,"href":"https:\/\/www.credimex.ch\/fr\/wp-json\/wp\/v2\/media\/2980"}],"wp:attachment":[{"href":"https:\/\/www.credimex.ch\/fr\/wp-json\/wp\/v2\/media?parent=4133"}],"wp:term":[{"taxonomy":"product_brand","embeddable":true,"href":"https:\/\/www.credimex.ch\/fr\/wp-json\/wp\/v2\/product_brand?post=4133"},{"taxonomy":"product_cat","embeddable":true,"href":"https:\/\/www.credimex.ch\/fr\/wp-json\/wp\/v2\/product_cat?post=4133"},{"taxonomy":"product_tag","embeddable":true,"href":"https:\/\/www.credimex.ch\/fr\/wp-json\/wp\/v2\/product_tag?post=4133"}],"curies":[{"name":"wp","href":"https:\/\/api.w.org\/{rel}","templated":true}]}}