{"id":4135,"date":"2022-05-17T18:42:50","date_gmt":"2022-05-17T16:42:50","guid":{"rendered":"https:\/\/www.credimex.ch.mialias.net\/product\/anti-grincement-osixo-32\/"},"modified":"2022-05-17T18:42:50","modified_gmt":"2022-05-17T16:42:50","slug":"osixo-et-krytox-anti-squeak-32","status":"publish","type":"product","link":"https:\/\/www.credimex.ch\/fr\/produit\/osixo-et-krytox-anti-squeak-32\/","title":{"rendered":"Anti-grincement OSiXO 32"},"content":{"rendered":"<div class=\"elementor-element elementor-element-258051a6 elementor-widget elementor-widget-text-editor\" data-id=\"258051a6\" data-element_type=\"widget\" data-widget_type=\"text-editor.default\">\n<div class=\"elementor-widget-container\">\n<h2 class=\"elementor-text-editor elementor-clearfix\"><span style=\"font-family: -apple-system, BlinkMacSystemFont, 'Segoe UI', Roboto, Oxygen-Sans, Ubuntu, Cantarell, 'Helvetica Neue', sans-serif;\">Description<\/span><\/h2>\n<\/div>\n<p>L&rsquo;a\u00e9rosol OSiXO anti-squeak 32 est un lubrifiant fluor\u00e9 de haute performance et est principalement utilis\u00e9 pour pr\u00e9venir les bruits \u00e0 l&rsquo;int\u00e9rieur des v\u00e9hicules. Il est chimiquement inerte, pr\u00e9sente une grande compatibilit\u00e9 avec les mat\u00e9riaux et une faible volatilit\u00e9. Le remplissage de la mati\u00e8re dissoute dans une bombe a\u00e9rosol ouvre un large \u00e9ventail d&rsquo;applications possibles. La possibilit\u00e9 de pulv\u00e9risation permet un dosage minimal pour une performance optimale. La combinaison d&rsquo;ingr\u00e9dients actifs efficaces et la facilit\u00e9 de manipulation ainsi que l&rsquo;application s\u00fbre et propre font d&rsquo;OSIXO ANTI-SQUEAK 32 AEROSOL un excellent produit.<\/p>\n<h2>Avantages du produit<\/h2>\n<p>Le remplissage de la mati\u00e8re dissoute dans une bombe a\u00e9rosol ouvre un large \u00e9ventail d&rsquo;applications possibles. La possibilit\u00e9 de pulv\u00e9risation permet un dosage minimal pour une performance optimale. La combinaison d&rsquo;ingr\u00e9dients actifs efficaces et la facilit\u00e9 de manipulation ainsi que l&rsquo;application s\u00fbre et propre font d&rsquo;OSIXO ANTI-SQUEAK 32 AEROSOL un excellent produit.<\/p>\n<h2>Application<\/h2>\n<ul>\n<li>Mati\u00e8re dissoute<\/li>\n<li>Aptitude \u00e0 la pulv\u00e9risation<\/li>\n<li>Un dosage minimal et des performances optimales<\/li>\n<\/ul>\n<\/div>\n","protected":false},"excerpt":{"rendered":"<p class=\"a-size-large a-spacing-none\">OSIXO ANTI-SQUEAK 32 AEROSOL est un lubrifiant fluor\u00e9 de haute performance et est principalement utilis\u00e9 pour pr\u00e9venir le bruit \u00e0 l&rsquo;int\u00e9rieur des v\u00e9hicules.<\/p>\n","protected":false},"featured_media":2966,"comment_status":"open","ping_status":"closed","template":"","meta":{"_acf_changed":false},"product_brand":[],"product_cat":[340,343,339,342],"product_tag":[],"class_list":{"0":"post-4135","1":"product","2":"type-product","3":"status-publish","4":"has-post-thumbnail","6":"product_cat-automobile","7":"product_cat-huile","8":"product_cat-krytox","9":"product_cat-lubrifiants-industriels","10":"pa_brands-krytox-fr","12":"first","13":"instock","14":"shipping-taxable","15":"product-type-simple"},"acf":[],"_yoast_wpseo_focuskw":"Anti-grincement OSiXO 32","_yoast_wpseo_metadesc":"OSIXO ANTI-SQUEAK 32 AEROSOL est un lubrifiant fluor\u00e9 de haute performance et est principalement utilis\u00e9 pour pr\u00e9venir le bruit \u00e0 l'int\u00e9rieur des v\u00e9hicules.","yoast_head":"<!-- This site is optimized with the Yoast SEO Premium plugin v21.6 (Yoast SEO v27.4) - https:\/\/yoast.com\/product\/yoast-seo-premium-wordpress\/ -->\n<title>Anti-grincement OSiXO 32 - CREDIMEX<\/title>\n<meta name=\"description\" content=\"OSIXO ANTI-SQUEAK 32 AEROSOL est un lubrifiant fluor\u00e9 de haute performance et est principalement utilis\u00e9 pour pr\u00e9venir le bruit \u00e0 l&#039;int\u00e9rieur des v\u00e9hicules.\" \/>\n<meta name=\"robots\" content=\"index, follow, max-snippet:-1, max-image-preview:large, max-video-preview:-1\" \/>\n<link rel=\"canonical\" href=\"https:\/\/www.credimex.ch\/fr\/produit\/osixo-et-krytox-anti-squeak-32\/\" \/>\n<meta property=\"og:locale\" content=\"fr_FR\" \/>\n<meta property=\"og:type\" content=\"article\" \/>\n<meta property=\"og:title\" content=\"Anti-grincement OSiXO 32\" \/>\n<meta property=\"og:description\" content=\"OSIXO ANTI-SQUEAK 32 AEROSOL est un lubrifiant fluor\u00e9 de haute performance et est principalement utilis\u00e9 pour pr\u00e9venir le bruit \u00e0 l&#039;int\u00e9rieur des v\u00e9hicules.\" \/>\n<meta property=\"og:url\" content=\"https:\/\/www.credimex.ch\/fr\/produit\/osixo-et-krytox-anti-squeak-32\/\" \/>\n<meta property=\"og:site_name\" content=\"CREDIMEX\" \/>\n<meta property=\"article:publisher\" content=\"https:\/\/www.facebook.com\/credimex.alpnach\/\" \/>\n<meta property=\"og:image\" content=\"https:\/\/www.credimex.ch\/wp-content\/uploads\/2022\/05\/Osixo_anti-squeak_aerosol_32_web.jpg\" \/>\n\t<meta property=\"og:image:width\" content=\"1026\" \/>\n\t<meta property=\"og:image:height\" content=\"768\" \/>\n\t<meta property=\"og:image:type\" content=\"image\/jpeg\" \/>\n<meta name=\"twitter:card\" content=\"summary_large_image\" \/>\n<meta name=\"twitter:label1\" content=\"Dur\u00e9e de lecture estim\u00e9e\" \/>\n\t<meta name=\"twitter:data1\" content=\"1 minute\" \/>\n<script type=\"application\/ld+json\" class=\"yoast-schema-graph\">{\"@context\":\"https:\\\/\\\/schema.org\",\"@graph\":[{\"@type\":\"WebPage\",\"@id\":\"https:\\\/\\\/www.credimex.ch\\\/fr\\\/produit\\\/osixo-et-krytox-anti-squeak-32\\\/\",\"url\":\"https:\\\/\\\/www.credimex.ch\\\/fr\\\/produit\\\/osixo-et-krytox-anti-squeak-32\\\/\",\"name\":\"Anti-grincement OSiXO 32 - CREDIMEX\",\"isPartOf\":{\"@id\":\"https:\\\/\\\/www.credimex.ch\\\/fr\\\/#website\"},\"primaryImageOfPage\":{\"@id\":\"https:\\\/\\\/www.credimex.ch\\\/fr\\\/produit\\\/osixo-et-krytox-anti-squeak-32\\\/#primaryimage\"},\"image\":{\"@id\":\"https:\\\/\\\/www.credimex.ch\\\/fr\\\/produit\\\/osixo-et-krytox-anti-squeak-32\\\/#primaryimage\"},\"thumbnailUrl\":\"https:\\\/\\\/www.credimex.ch\\\/wp-content\\\/uploads\\\/2022\\\/05\\\/Osixo_anti-squeak_aerosol_32_web.jpg\",\"datePublished\":\"2022-05-17T16:42:50+00:00\",\"description\":\"OSIXO ANTI-SQUEAK 32 AEROSOL est un lubrifiant fluor\u00e9 de haute performance et est principalement utilis\u00e9 pour pr\u00e9venir le bruit \u00e0 l'int\u00e9rieur des v\u00e9hicules.\",\"breadcrumb\":{\"@id\":\"https:\\\/\\\/www.credimex.ch\\\/fr\\\/produit\\\/osixo-et-krytox-anti-squeak-32\\\/#breadcrumb\"},\"inLanguage\":\"fr-FR\",\"potentialAction\":[{\"@type\":\"ReadAction\",\"target\":[\"https:\\\/\\\/www.credimex.ch\\\/fr\\\/produit\\\/osixo-et-krytox-anti-squeak-32\\\/\"]}]},{\"@type\":\"ImageObject\",\"inLanguage\":\"fr-FR\",\"@id\":\"https:\\\/\\\/www.credimex.ch\\\/fr\\\/produit\\\/osixo-et-krytox-anti-squeak-32\\\/#primaryimage\",\"url\":\"https:\\\/\\\/www.credimex.ch\\\/wp-content\\\/uploads\\\/2022\\\/05\\\/Osixo_anti-squeak_aerosol_32_web.jpg\",\"contentUrl\":\"https:\\\/\\\/www.credimex.ch\\\/wp-content\\\/uploads\\\/2022\\\/05\\\/Osixo_anti-squeak_aerosol_32_web.jpg\",\"width\":1026,\"height\":768},{\"@type\":\"BreadcrumbList\",\"@id\":\"https:\\\/\\\/www.credimex.ch\\\/fr\\\/produit\\\/osixo-et-krytox-anti-squeak-32\\\/#breadcrumb\",\"itemListElement\":[{\"@type\":\"ListItem\",\"position\":1,\"name\":\"Home\",\"item\":\"https:\\\/\\\/www.credimex.ch\\\/fr\\\/\"},{\"@type\":\"ListItem\",\"position\":2,\"name\":\"Produits\",\"item\":\"https:\\\/\\\/www.credimex.ch\\\/fr\\\/produits\\\/\"},{\"@type\":\"ListItem\",\"position\":3,\"name\":\"Anti-grincement OSiXO 32\"}]},{\"@type\":\"WebSite\",\"@id\":\"https:\\\/\\\/www.credimex.ch\\\/fr\\\/#website\",\"url\":\"https:\\\/\\\/www.credimex.ch\\\/fr\\\/\",\"name\":\"CREDIMEX\",\"description\":\"Partner of Swiss Industrial Market\",\"publisher\":{\"@id\":\"https:\\\/\\\/www.credimex.ch\\\/fr\\\/#organization\"},\"potentialAction\":[{\"@type\":\"SearchAction\",\"target\":{\"@type\":\"EntryPoint\",\"urlTemplate\":\"https:\\\/\\\/www.credimex.ch\\\/fr\\\/?s={search_term_string}\"},\"query-input\":{\"@type\":\"PropertyValueSpecification\",\"valueRequired\":true,\"valueName\":\"search_term_string\"}}],\"inLanguage\":\"fr-FR\"},{\"@type\":\"Organization\",\"@id\":\"https:\\\/\\\/www.credimex.ch\\\/fr\\\/#organization\",\"name\":\"credimex\",\"url\":\"https:\\\/\\\/www.credimex.ch\\\/fr\\\/\",\"logo\":{\"@type\":\"ImageObject\",\"inLanguage\":\"fr-FR\",\"@id\":\"https:\\\/\\\/www.credimex.ch\\\/fr\\\/#\\\/schema\\\/logo\\\/image\\\/\",\"url\":\"https:\\\/\\\/www.credimex.ch\\\/wp-content\\\/uploads\\\/2022\\\/03\\\/cropped-logo-credimex.png\",\"contentUrl\":\"https:\\\/\\\/www.credimex.ch\\\/wp-content\\\/uploads\\\/2022\\\/03\\\/cropped-logo-credimex.png\",\"width\":512,\"height\":512,\"caption\":\"credimex\"},\"image\":{\"@id\":\"https:\\\/\\\/www.credimex.ch\\\/fr\\\/#\\\/schema\\\/logo\\\/image\\\/\"},\"sameAs\":[\"https:\\\/\\\/www.facebook.com\\\/credimex.alpnach\\\/\",\"https:\\\/\\\/www.linkedin.com\\\/company\\\/credimex\\\/\",\"https:\\\/\\\/www.youtube.com\\\/@CREDIMEX?sub_confirmation=1\"]}]}<\/script>\n<!-- \/ Yoast SEO Premium plugin. -->","yoast_head_json":{"title":"Anti-grincement OSiXO 32 - CREDIMEX","description":"OSIXO ANTI-SQUEAK 32 AEROSOL est un lubrifiant fluor\u00e9 de haute performance et est principalement utilis\u00e9 pour pr\u00e9venir le bruit \u00e0 l'int\u00e9rieur des v\u00e9hicules.","robots":{"index":"index","follow":"follow","max-snippet":"max-snippet:-1","max-image-preview":"max-image-preview:large","max-video-preview":"max-video-preview:-1"},"canonical":"https:\/\/www.credimex.ch\/fr\/produit\/osixo-et-krytox-anti-squeak-32\/","og_locale":"fr_FR","og_type":"article","og_title":"Anti-grincement OSiXO 32","og_description":"OSIXO ANTI-SQUEAK 32 AEROSOL est un lubrifiant fluor\u00e9 de haute performance et est principalement utilis\u00e9 pour pr\u00e9venir le bruit \u00e0 l'int\u00e9rieur des v\u00e9hicules.","og_url":"https:\/\/www.credimex.ch\/fr\/produit\/osixo-et-krytox-anti-squeak-32\/","og_site_name":"CREDIMEX","article_publisher":"https:\/\/www.facebook.com\/credimex.alpnach\/","og_image":[{"width":1026,"height":768,"url":"https:\/\/www.credimex.ch\/wp-content\/uploads\/2022\/05\/Osixo_anti-squeak_aerosol_32_web.jpg","type":"image\/jpeg"}],"twitter_card":"summary_large_image","twitter_misc":{"Dur\u00e9e de lecture estim\u00e9e":"1 minute"},"schema":{"@context":"https:\/\/schema.org","@graph":[{"@type":"WebPage","@id":"https:\/\/www.credimex.ch\/fr\/produit\/osixo-et-krytox-anti-squeak-32\/","url":"https:\/\/www.credimex.ch\/fr\/produit\/osixo-et-krytox-anti-squeak-32\/","name":"Anti-grincement OSiXO 32 - CREDIMEX","isPartOf":{"@id":"https:\/\/www.credimex.ch\/fr\/#website"},"primaryImageOfPage":{"@id":"https:\/\/www.credimex.ch\/fr\/produit\/osixo-et-krytox-anti-squeak-32\/#primaryimage"},"image":{"@id":"https:\/\/www.credimex.ch\/fr\/produit\/osixo-et-krytox-anti-squeak-32\/#primaryimage"},"thumbnailUrl":"https:\/\/www.credimex.ch\/wp-content\/uploads\/2022\/05\/Osixo_anti-squeak_aerosol_32_web.jpg","datePublished":"2022-05-17T16:42:50+00:00","description":"OSIXO ANTI-SQUEAK 32 AEROSOL est un lubrifiant fluor\u00e9 de haute performance et est principalement utilis\u00e9 pour pr\u00e9venir le bruit \u00e0 l'int\u00e9rieur des v\u00e9hicules.","breadcrumb":{"@id":"https:\/\/www.credimex.ch\/fr\/produit\/osixo-et-krytox-anti-squeak-32\/#breadcrumb"},"inLanguage":"fr-FR","potentialAction":[{"@type":"ReadAction","target":["https:\/\/www.credimex.ch\/fr\/produit\/osixo-et-krytox-anti-squeak-32\/"]}]},{"@type":"ImageObject","inLanguage":"fr-FR","@id":"https:\/\/www.credimex.ch\/fr\/produit\/osixo-et-krytox-anti-squeak-32\/#primaryimage","url":"https:\/\/www.credimex.ch\/wp-content\/uploads\/2022\/05\/Osixo_anti-squeak_aerosol_32_web.jpg","contentUrl":"https:\/\/www.credimex.ch\/wp-content\/uploads\/2022\/05\/Osixo_anti-squeak_aerosol_32_web.jpg","width":1026,"height":768},{"@type":"BreadcrumbList","@id":"https:\/\/www.credimex.ch\/fr\/produit\/osixo-et-krytox-anti-squeak-32\/#breadcrumb","itemListElement":[{"@type":"ListItem","position":1,"name":"Home","item":"https:\/\/www.credimex.ch\/fr\/"},{"@type":"ListItem","position":2,"name":"Produits","item":"https:\/\/www.credimex.ch\/fr\/produits\/"},{"@type":"ListItem","position":3,"name":"Anti-grincement OSiXO 32"}]},{"@type":"WebSite","@id":"https:\/\/www.credimex.ch\/fr\/#website","url":"https:\/\/www.credimex.ch\/fr\/","name":"CREDIMEX","description":"Partner of Swiss Industrial Market","publisher":{"@id":"https:\/\/www.credimex.ch\/fr\/#organization"},"potentialAction":[{"@type":"SearchAction","target":{"@type":"EntryPoint","urlTemplate":"https:\/\/www.credimex.ch\/fr\/?s={search_term_string}"},"query-input":{"@type":"PropertyValueSpecification","valueRequired":true,"valueName":"search_term_string"}}],"inLanguage":"fr-FR"},{"@type":"Organization","@id":"https:\/\/www.credimex.ch\/fr\/#organization","name":"credimex","url":"https:\/\/www.credimex.ch\/fr\/","logo":{"@type":"ImageObject","inLanguage":"fr-FR","@id":"https:\/\/www.credimex.ch\/fr\/#\/schema\/logo\/image\/","url":"https:\/\/www.credimex.ch\/wp-content\/uploads\/2022\/03\/cropped-logo-credimex.png","contentUrl":"https:\/\/www.credimex.ch\/wp-content\/uploads\/2022\/03\/cropped-logo-credimex.png","width":512,"height":512,"caption":"credimex"},"image":{"@id":"https:\/\/www.credimex.ch\/fr\/#\/schema\/logo\/image\/"},"sameAs":["https:\/\/www.facebook.com\/credimex.alpnach\/","https:\/\/www.linkedin.com\/company\/credimex\/","https:\/\/www.youtube.com\/@CREDIMEX?sub_confirmation=1"]}]}},"_links":{"self":[{"href":"https:\/\/www.credimex.ch\/fr\/wp-json\/wp\/v2\/product\/4135","targetHints":{"allow":["GET"]}}],"collection":[{"href":"https:\/\/www.credimex.ch\/fr\/wp-json\/wp\/v2\/product"}],"about":[{"href":"https:\/\/www.credimex.ch\/fr\/wp-json\/wp\/v2\/types\/product"}],"replies":[{"embeddable":true,"href":"https:\/\/www.credimex.ch\/fr\/wp-json\/wp\/v2\/comments?post=4135"}],"wp:featuredmedia":[{"embeddable":true,"href":"https:\/\/www.credimex.ch\/fr\/wp-json\/wp\/v2\/media\/2966"}],"wp:attachment":[{"href":"https:\/\/www.credimex.ch\/fr\/wp-json\/wp\/v2\/media?parent=4135"}],"wp:term":[{"taxonomy":"product_brand","embeddable":true,"href":"https:\/\/www.credimex.ch\/fr\/wp-json\/wp\/v2\/product_brand?post=4135"},{"taxonomy":"product_cat","embeddable":true,"href":"https:\/\/www.credimex.ch\/fr\/wp-json\/wp\/v2\/product_cat?post=4135"},{"taxonomy":"product_tag","embeddable":true,"href":"https:\/\/www.credimex.ch\/fr\/wp-json\/wp\/v2\/product_tag?post=4135"}],"curies":[{"name":"wp","href":"https:\/\/api.w.org\/{rel}","templated":true}]}}