{"id":4139,"date":"2022-05-17T18:30:02","date_gmt":"2022-05-17T16:30:02","guid":{"rendered":"https:\/\/www.credimex.ch.mialias.net\/product\/krytox-gpl-227\/"},"modified":"2022-05-17T18:30:02","modified_gmt":"2022-05-17T16:30:02","slug":"krytox-gpl-227-a-2","status":"publish","type":"product","link":"https:\/\/www.credimex.ch\/fr\/produit\/krytox-gpl-227-a-2\/","title":{"rendered":"Krytox GPL 227"},"content":{"rendered":"<h2>Description<\/h2>\n<p>La graisse Krytox GPL 227 offre une protection contre la rouille, la corrosion \u00e0 haute temp\u00e9rature et l&rsquo;usure. Il pr\u00e9sente une excellente lubrification sur une large plage de temp\u00e9ratures. Krytox GPL 227 est enregistr\u00e9 aupr\u00e8s de la NSF 147520 et certifi\u00e9 H-1 pour le contact accidentel avec les aliments. Krytox GPL 227 est 100% ininflammable, compatible avec l&rsquo;oxyg\u00e8ne et chimiquement inerte. Il prolonge les intervalles de lubrification et la dur\u00e9e de vie des \u00e9quipements.<\/p>\n<h2>Avantages du produit<\/h2>\n<ul>\n<li>Certifi\u00e9 H-1 pour le contact alimentaire accidentel<\/li>\n<li><span style=\"font-family: -apple-system, BlinkMacSystemFont, 'Segoe UI', Roboto, Oxygen-Sans, Ubuntu, Cantarell, 'Helvetica Neue', sans-serif;\">Pprovoquer une lubrification plus durable qui r\u00e9duit la fr\u00e9quence des re-lubrifications, ce qui permet non seulement de r\u00e9duire les co\u00fbts d&rsquo;exploitation mais aussi les d\u00e9chets et l&rsquo;impact potentiel sur l&rsquo;environnement.<\/span><\/li>\n<li><span style=\"font-family: -apple-system, BlinkMacSystemFont, 'Segoe UI', Roboto, Oxygen-Sans, Ubuntu, Cantarell, 'Helvetica Neue', sans-serif;\">Les lubrifiants Krytox ne sont pas endommag\u00e9s et ne r\u00e9agissent pas aux nettoyants et d\u00e9sinfectants acides ou caustiques, \u00e0 la vapeur, \u00e0 l&rsquo;humidit\u00e9 ou aux temp\u00e9ratures \u00e9lev\u00e9es.<\/span><\/li>\n<li><span style=\"font-family: -apple-system, BlinkMacSystemFont, 'Segoe UI', Roboto, Oxygen-Sans, Ubuntu, Cantarell, 'Helvetica Neue', sans-serif;\">Les propri\u00e9t\u00e9s originales des fluides peuvent \u00eatre restaur\u00e9es par r\u00e9g\u00e9n\u00e9ration, ce qui permet de r\u00e9duire ou de minimiser l&rsquo;\u00e9limination et l&rsquo;incin\u00e9ration. Chemours a un programme de r\u00e9g\u00e9n\u00e9ration qui r\u00e9cup\u00e8re le fluide PFPE. Cela permet d&rsquo;abaisser le co\u00fbt global des fluides et de r\u00e9duire ou de minimiser les probl\u00e8mes de s\u00e9curit\u00e9 et d&rsquo;\u00e9limination environnementale.<\/span><\/li>\n<\/ul>\n<h2>Application<\/h2>\n<ul>\n<li><span style=\"font-family: -apple-system, BlinkMacSystemFont, 'Segoe UI', Roboto, Oxygen-Sans, Ubuntu, Cantarell, 'Helvetica Neue', sans-serif;\">Pour les applications qui ne n\u00e9cessitent pas d&rsquo;additifs, nous recommandons l&rsquo;huile Krytox\u2122 GPL 10X, ou la graisse Krytox\u2122 GPL 20X.<\/span><\/li>\n<\/ul>\n<p>Les applications typiques comprennent :<\/p>\n<ul>\n<li>roulements pour onduleuses et machines \u00e0 papier<\/li>\n<li>roulements de fabrication de canettes en aluminium,<\/li>\n<li>machines de pulv\u00e9risation sous vide<\/li>\n<li>machines de soudage<\/li>\n<li>roulements lin\u00e9aires<\/li>\n<li>ventilateurs haute temp\u00e9rature<\/li>\n<li>des chambres propres<\/li>\n<li>service de chlore<\/li>\n<li>\u00e9quipement textile<\/li>\n<li>cadres de tentation<\/li>\n<li>moteurs \u00e0 grande vitesse<\/li>\n<li>roulements d&rsquo;instruments<\/li>\n<li>moteurs scell\u00e9s \u00e0 vie<\/li>\n<li>syst\u00e8me de convoyage dans les usines de verre et d&rsquo;aluminium<\/li>\n<li>roulements de rouleaux de calendrier textile<\/li>\n<li>roulements de wagons de fours \u00e0 briques<\/li>\n<li>Joints CV<\/li>\n<li>roulements de roue<\/li>\n<li>joints universels<\/li>\n<li>but\u00e9es d&#8217;embrayage<\/li>\n<li>roulements de convoyeur d&rsquo;usine de peinture<\/li>\n<li>roulements de ventilateur<\/li>\n<li>lubrification des valves<\/li>\n<li>roulements de d\u00e9marreur<\/li>\n<\/ul>\n","protected":false},"excerpt":{"rendered":"<p>La graisse Krytox GPL 227 a une viscosit\u00e9 \u00e0 l&rsquo;huile de 450 cSt \u00e0 40\u00b0C et la plage de temp\u00e9rature utile estim\u00e9e est de -30\u00b0C \u00e0 288\u00b0C.<\/p>\n","protected":false},"featured_media":2976,"comment_status":"open","ping_status":"closed","template":"","meta":{"_acf_changed":false},"product_brand":[],"product_cat":[411,362,361,360,339,363,342],"product_tag":[],"class_list":{"0":"post-4139","1":"product","2":"type-product","3":"status-publish","4":"has-post-thumbnail","6":"product_cat-electronique","7":"product_cat-graisses","8":"product_cat-industrie-alimentaire","9":"product_cat-industrie-generale","10":"product_cat-krytox","11":"product_cat-lubrifiants-de-qualite-alimentaire","12":"product_cat-lubrifiants-industriels","13":"pa_brands-krytox-fr","15":"first","16":"instock","17":"shipping-taxable","18":"product-type-simple"},"acf":[],"_yoast_wpseo_focuskw":"Krytox GPL 227","_yoast_wpseo_metadesc":"La graisse Krytox GPL 227 a une viscosit\u00e9 \u00e0 l'huile de 450 cSt \u00e0 40\u00b0C et la plage de temp\u00e9rature utile estim\u00e9e est de -30\u00b0C \u00e0 288\u00b0C.","yoast_head":"<!-- This site is optimized with the Yoast SEO Premium plugin v21.6 (Yoast SEO v27.4) - https:\/\/yoast.com\/product\/yoast-seo-premium-wordpress\/ -->\n<title>Krytox GPL 227 - CREDIMEX<\/title>\n<meta name=\"description\" content=\"La graisse Krytox GPL 227 a une viscosit\u00e9 \u00e0 l&#039;huile de 450 cSt \u00e0 40\u00b0C et la plage de temp\u00e9rature utile estim\u00e9e est de -30\u00b0C \u00e0 288\u00b0C.\" \/>\n<meta name=\"robots\" content=\"index, follow, max-snippet:-1, max-image-preview:large, max-video-preview:-1\" \/>\n<link rel=\"canonical\" href=\"https:\/\/www.credimex.ch\/fr\/produit\/krytox-gpl-227-a-2\/\" \/>\n<meta property=\"og:locale\" content=\"fr_FR\" \/>\n<meta property=\"og:type\" content=\"article\" \/>\n<meta property=\"og:title\" content=\"Krytox GPL 227\" \/>\n<meta property=\"og:description\" content=\"La graisse Krytox GPL 227 a une viscosit\u00e9 \u00e0 l&#039;huile de 450 cSt \u00e0 40\u00b0C et la plage de temp\u00e9rature utile estim\u00e9e est de -30\u00b0C \u00e0 288\u00b0C.\" \/>\n<meta property=\"og:url\" content=\"https:\/\/www.credimex.ch\/fr\/produit\/krytox-gpl-227-a-2\/\" \/>\n<meta property=\"og:site_name\" content=\"CREDIMEX\" \/>\n<meta property=\"article:publisher\" content=\"https:\/\/www.facebook.com\/credimex.alpnach\/\" \/>\n<meta property=\"og:image\" content=\"https:\/\/www.credimex.ch\/wp-content\/uploads\/2022\/05\/Chemours-Krytox-Grease-0.5-kg-Red-Top-300-dpi-511x511-1.webp\" \/>\n\t<meta property=\"og:image:width\" content=\"511\" \/>\n\t<meta property=\"og:image:height\" content=\"511\" \/>\n\t<meta property=\"og:image:type\" content=\"image\/webp\" \/>\n<meta name=\"twitter:card\" content=\"summary_large_image\" \/>\n<meta name=\"twitter:label1\" content=\"Dur\u00e9e de lecture estim\u00e9e\" \/>\n\t<meta name=\"twitter:data1\" content=\"2 minutes\" \/>\n<script type=\"application\/ld+json\" class=\"yoast-schema-graph\">{\"@context\":\"https:\\\/\\\/schema.org\",\"@graph\":[{\"@type\":\"WebPage\",\"@id\":\"https:\\\/\\\/www.credimex.ch\\\/fr\\\/produit\\\/krytox-gpl-227-a-2\\\/\",\"url\":\"https:\\\/\\\/www.credimex.ch\\\/fr\\\/produit\\\/krytox-gpl-227-a-2\\\/\",\"name\":\"Krytox GPL 227 - CREDIMEX\",\"isPartOf\":{\"@id\":\"https:\\\/\\\/www.credimex.ch\\\/fr\\\/#website\"},\"primaryImageOfPage\":{\"@id\":\"https:\\\/\\\/www.credimex.ch\\\/fr\\\/produit\\\/krytox-gpl-227-a-2\\\/#primaryimage\"},\"image\":{\"@id\":\"https:\\\/\\\/www.credimex.ch\\\/fr\\\/produit\\\/krytox-gpl-227-a-2\\\/#primaryimage\"},\"thumbnailUrl\":\"https:\\\/\\\/www.credimex.ch\\\/wp-content\\\/uploads\\\/2022\\\/05\\\/Chemours-Krytox-Grease-0.5-kg-Red-Top-300-dpi-511x511-1.webp\",\"datePublished\":\"2022-05-17T16:30:02+00:00\",\"description\":\"La graisse Krytox GPL 227 a une viscosit\u00e9 \u00e0 l'huile de 450 cSt \u00e0 40\u00b0C et la plage de temp\u00e9rature utile estim\u00e9e est de -30\u00b0C \u00e0 288\u00b0C.\",\"breadcrumb\":{\"@id\":\"https:\\\/\\\/www.credimex.ch\\\/fr\\\/produit\\\/krytox-gpl-227-a-2\\\/#breadcrumb\"},\"inLanguage\":\"fr-FR\",\"potentialAction\":[{\"@type\":\"ReadAction\",\"target\":[\"https:\\\/\\\/www.credimex.ch\\\/fr\\\/produit\\\/krytox-gpl-227-a-2\\\/\"]}]},{\"@type\":\"ImageObject\",\"inLanguage\":\"fr-FR\",\"@id\":\"https:\\\/\\\/www.credimex.ch\\\/fr\\\/produit\\\/krytox-gpl-227-a-2\\\/#primaryimage\",\"url\":\"https:\\\/\\\/www.credimex.ch\\\/wp-content\\\/uploads\\\/2022\\\/05\\\/Chemours-Krytox-Grease-0.5-kg-Red-Top-300-dpi-511x511-1.webp\",\"contentUrl\":\"https:\\\/\\\/www.credimex.ch\\\/wp-content\\\/uploads\\\/2022\\\/05\\\/Chemours-Krytox-Grease-0.5-kg-Red-Top-300-dpi-511x511-1.webp\",\"width\":511,\"height\":511},{\"@type\":\"BreadcrumbList\",\"@id\":\"https:\\\/\\\/www.credimex.ch\\\/fr\\\/produit\\\/krytox-gpl-227-a-2\\\/#breadcrumb\",\"itemListElement\":[{\"@type\":\"ListItem\",\"position\":1,\"name\":\"Home\",\"item\":\"https:\\\/\\\/www.credimex.ch\\\/fr\\\/\"},{\"@type\":\"ListItem\",\"position\":2,\"name\":\"Produits\",\"item\":\"https:\\\/\\\/www.credimex.ch\\\/fr\\\/produits\\\/\"},{\"@type\":\"ListItem\",\"position\":3,\"name\":\"Krytox GPL 227\"}]},{\"@type\":\"WebSite\",\"@id\":\"https:\\\/\\\/www.credimex.ch\\\/fr\\\/#website\",\"url\":\"https:\\\/\\\/www.credimex.ch\\\/fr\\\/\",\"name\":\"CREDIMEX\",\"description\":\"Partner of Swiss Industrial Market\",\"publisher\":{\"@id\":\"https:\\\/\\\/www.credimex.ch\\\/fr\\\/#organization\"},\"potentialAction\":[{\"@type\":\"SearchAction\",\"target\":{\"@type\":\"EntryPoint\",\"urlTemplate\":\"https:\\\/\\\/www.credimex.ch\\\/fr\\\/?s={search_term_string}\"},\"query-input\":{\"@type\":\"PropertyValueSpecification\",\"valueRequired\":true,\"valueName\":\"search_term_string\"}}],\"inLanguage\":\"fr-FR\"},{\"@type\":\"Organization\",\"@id\":\"https:\\\/\\\/www.credimex.ch\\\/fr\\\/#organization\",\"name\":\"credimex\",\"url\":\"https:\\\/\\\/www.credimex.ch\\\/fr\\\/\",\"logo\":{\"@type\":\"ImageObject\",\"inLanguage\":\"fr-FR\",\"@id\":\"https:\\\/\\\/www.credimex.ch\\\/fr\\\/#\\\/schema\\\/logo\\\/image\\\/\",\"url\":\"https:\\\/\\\/www.credimex.ch\\\/wp-content\\\/uploads\\\/2022\\\/03\\\/cropped-logo-credimex.png\",\"contentUrl\":\"https:\\\/\\\/www.credimex.ch\\\/wp-content\\\/uploads\\\/2022\\\/03\\\/cropped-logo-credimex.png\",\"width\":512,\"height\":512,\"caption\":\"credimex\"},\"image\":{\"@id\":\"https:\\\/\\\/www.credimex.ch\\\/fr\\\/#\\\/schema\\\/logo\\\/image\\\/\"},\"sameAs\":[\"https:\\\/\\\/www.facebook.com\\\/credimex.alpnach\\\/\",\"https:\\\/\\\/www.linkedin.com\\\/company\\\/credimex\\\/\",\"https:\\\/\\\/www.youtube.com\\\/@CREDIMEX?sub_confirmation=1\"]}]}<\/script>\n<!-- \/ Yoast SEO Premium plugin. -->","yoast_head_json":{"title":"Krytox GPL 227 - CREDIMEX","description":"La graisse Krytox GPL 227 a une viscosit\u00e9 \u00e0 l'huile de 450 cSt \u00e0 40\u00b0C et la plage de temp\u00e9rature utile estim\u00e9e est de -30\u00b0C \u00e0 288\u00b0C.","robots":{"index":"index","follow":"follow","max-snippet":"max-snippet:-1","max-image-preview":"max-image-preview:large","max-video-preview":"max-video-preview:-1"},"canonical":"https:\/\/www.credimex.ch\/fr\/produit\/krytox-gpl-227-a-2\/","og_locale":"fr_FR","og_type":"article","og_title":"Krytox GPL 227","og_description":"La graisse Krytox GPL 227 a une viscosit\u00e9 \u00e0 l'huile de 450 cSt \u00e0 40\u00b0C et la plage de temp\u00e9rature utile estim\u00e9e est de -30\u00b0C \u00e0 288\u00b0C.","og_url":"https:\/\/www.credimex.ch\/fr\/produit\/krytox-gpl-227-a-2\/","og_site_name":"CREDIMEX","article_publisher":"https:\/\/www.facebook.com\/credimex.alpnach\/","og_image":[{"width":511,"height":511,"url":"https:\/\/www.credimex.ch\/wp-content\/uploads\/2022\/05\/Chemours-Krytox-Grease-0.5-kg-Red-Top-300-dpi-511x511-1.webp","type":"image\/webp"}],"twitter_card":"summary_large_image","twitter_misc":{"Dur\u00e9e de lecture estim\u00e9e":"2 minutes"},"schema":{"@context":"https:\/\/schema.org","@graph":[{"@type":"WebPage","@id":"https:\/\/www.credimex.ch\/fr\/produit\/krytox-gpl-227-a-2\/","url":"https:\/\/www.credimex.ch\/fr\/produit\/krytox-gpl-227-a-2\/","name":"Krytox GPL 227 - CREDIMEX","isPartOf":{"@id":"https:\/\/www.credimex.ch\/fr\/#website"},"primaryImageOfPage":{"@id":"https:\/\/www.credimex.ch\/fr\/produit\/krytox-gpl-227-a-2\/#primaryimage"},"image":{"@id":"https:\/\/www.credimex.ch\/fr\/produit\/krytox-gpl-227-a-2\/#primaryimage"},"thumbnailUrl":"https:\/\/www.credimex.ch\/wp-content\/uploads\/2022\/05\/Chemours-Krytox-Grease-0.5-kg-Red-Top-300-dpi-511x511-1.webp","datePublished":"2022-05-17T16:30:02+00:00","description":"La graisse Krytox GPL 227 a une viscosit\u00e9 \u00e0 l'huile de 450 cSt \u00e0 40\u00b0C et la plage de temp\u00e9rature utile estim\u00e9e est de -30\u00b0C \u00e0 288\u00b0C.","breadcrumb":{"@id":"https:\/\/www.credimex.ch\/fr\/produit\/krytox-gpl-227-a-2\/#breadcrumb"},"inLanguage":"fr-FR","potentialAction":[{"@type":"ReadAction","target":["https:\/\/www.credimex.ch\/fr\/produit\/krytox-gpl-227-a-2\/"]}]},{"@type":"ImageObject","inLanguage":"fr-FR","@id":"https:\/\/www.credimex.ch\/fr\/produit\/krytox-gpl-227-a-2\/#primaryimage","url":"https:\/\/www.credimex.ch\/wp-content\/uploads\/2022\/05\/Chemours-Krytox-Grease-0.5-kg-Red-Top-300-dpi-511x511-1.webp","contentUrl":"https:\/\/www.credimex.ch\/wp-content\/uploads\/2022\/05\/Chemours-Krytox-Grease-0.5-kg-Red-Top-300-dpi-511x511-1.webp","width":511,"height":511},{"@type":"BreadcrumbList","@id":"https:\/\/www.credimex.ch\/fr\/produit\/krytox-gpl-227-a-2\/#breadcrumb","itemListElement":[{"@type":"ListItem","position":1,"name":"Home","item":"https:\/\/www.credimex.ch\/fr\/"},{"@type":"ListItem","position":2,"name":"Produits","item":"https:\/\/www.credimex.ch\/fr\/produits\/"},{"@type":"ListItem","position":3,"name":"Krytox GPL 227"}]},{"@type":"WebSite","@id":"https:\/\/www.credimex.ch\/fr\/#website","url":"https:\/\/www.credimex.ch\/fr\/","name":"CREDIMEX","description":"Partner of Swiss Industrial Market","publisher":{"@id":"https:\/\/www.credimex.ch\/fr\/#organization"},"potentialAction":[{"@type":"SearchAction","target":{"@type":"EntryPoint","urlTemplate":"https:\/\/www.credimex.ch\/fr\/?s={search_term_string}"},"query-input":{"@type":"PropertyValueSpecification","valueRequired":true,"valueName":"search_term_string"}}],"inLanguage":"fr-FR"},{"@type":"Organization","@id":"https:\/\/www.credimex.ch\/fr\/#organization","name":"credimex","url":"https:\/\/www.credimex.ch\/fr\/","logo":{"@type":"ImageObject","inLanguage":"fr-FR","@id":"https:\/\/www.credimex.ch\/fr\/#\/schema\/logo\/image\/","url":"https:\/\/www.credimex.ch\/wp-content\/uploads\/2022\/03\/cropped-logo-credimex.png","contentUrl":"https:\/\/www.credimex.ch\/wp-content\/uploads\/2022\/03\/cropped-logo-credimex.png","width":512,"height":512,"caption":"credimex"},"image":{"@id":"https:\/\/www.credimex.ch\/fr\/#\/schema\/logo\/image\/"},"sameAs":["https:\/\/www.facebook.com\/credimex.alpnach\/","https:\/\/www.linkedin.com\/company\/credimex\/","https:\/\/www.youtube.com\/@CREDIMEX?sub_confirmation=1"]}]}},"_links":{"self":[{"href":"https:\/\/www.credimex.ch\/fr\/wp-json\/wp\/v2\/product\/4139","targetHints":{"allow":["GET"]}}],"collection":[{"href":"https:\/\/www.credimex.ch\/fr\/wp-json\/wp\/v2\/product"}],"about":[{"href":"https:\/\/www.credimex.ch\/fr\/wp-json\/wp\/v2\/types\/product"}],"replies":[{"embeddable":true,"href":"https:\/\/www.credimex.ch\/fr\/wp-json\/wp\/v2\/comments?post=4139"}],"wp:featuredmedia":[{"embeddable":true,"href":"https:\/\/www.credimex.ch\/fr\/wp-json\/wp\/v2\/media\/2976"}],"wp:attachment":[{"href":"https:\/\/www.credimex.ch\/fr\/wp-json\/wp\/v2\/media?parent=4139"}],"wp:term":[{"taxonomy":"product_brand","embeddable":true,"href":"https:\/\/www.credimex.ch\/fr\/wp-json\/wp\/v2\/product_brand?post=4139"},{"taxonomy":"product_cat","embeddable":true,"href":"https:\/\/www.credimex.ch\/fr\/wp-json\/wp\/v2\/product_cat?post=4139"},{"taxonomy":"product_tag","embeddable":true,"href":"https:\/\/www.credimex.ch\/fr\/wp-json\/wp\/v2\/product_tag?post=4139"}],"curies":[{"name":"wp","href":"https:\/\/api.w.org\/{rel}","templated":true}]}}