{"id":4143,"date":"2022-05-17T18:18:13","date_gmt":"2022-05-17T16:18:13","guid":{"rendered":"https:\/\/www.credimex.ch.mialias.net\/product\/krytox-gpl-202\/"},"modified":"2022-05-17T18:18:13","modified_gmt":"2022-05-17T16:18:13","slug":"krytox-gpl-202-2","status":"publish","type":"product","link":"https:\/\/www.credimex.ch\/fr\/produit\/krytox-gpl-202-2\/","title":{"rendered":"Krytox GPL 202"},"content":{"rendered":"<h2>Description<\/h2>\n<p>La graisse Krytox GPL 202 est le produit de choix dans des conditions de temp\u00e9ratures extr\u00eames. La plupart des produits p\u00e9troliers commencent \u00e0 se d\u00e9grader au-dessus de 99 \u00b0C (210 \u00b0F) et sont trop visqueux \u00e0 des temp\u00e9ratures l\u00e9g\u00e8rement inf\u00e9rieures \u00e0 -18 \u00b0C (0 \u00b0F). Dans les conditions de l&rsquo;essai D-3336, \u00e0 savoir 177 \u00b0C (350 \u00b0F) et 10 000 tr\/min, la majorit\u00e9 des lubrifiants hydrocarbon\u00e9s concurrents tombent en panne en moins de 1 000 heures. Mais il a \u00e9t\u00e9 d\u00e9montr\u00e9 que la gamme de lubrifiants Krytox \u00e0 usage g\u00e9n\u00e9ral peut durer plus de 5 000 heures sans d\u00e9faillance, m\u00eame \u00e0 une temp\u00e9rature accrue de 200 \u00b0C (392 \u00b0F). Cette performance dans des conditions extr\u00eames est ce qui distingue les lubrifiants de performance Krytox des autres produits concurrents.<\/p>\n<p>La graisse Krytox GPL 202 est rentable dans une large gamme d&rsquo;applications. En raison de leur nature inerte, les lubrifiants Krytox offrent une dur\u00e9e de vie utile beaucoup plus longue que les huiles et les graisses \u00e0 base d&rsquo;hydrocarbures typiques. Cette dur\u00e9e de vie utile plus longue leur permet de rester en place pendant des p\u00e9riodes consid\u00e9rables avant de devoir \u00eatre remplac\u00e9s, si tant est qu&rsquo;ils le soient. Cela se traduit par des \u00e9conomies au fil du temps, \u00e0 la fois en r\u00e9duisant la quantit\u00e9 de lubrifiant achet\u00e9e et les temps d&rsquo;arr\u00eat encourus pendant la re-lubrification. Pour les applications qui n\u00e9cessitent le GPL 201 et un additif extr\u00eame pression, nous recommandons le Krytox\u2122 GPL 212, ou si un puissant anticorrosion est n\u00e9cessaire le Krytox\u2122 GPL 222.<\/p>\n<h2>Avantages du produit<\/h2>\n<p>Les lubrifiants Krytox standard ne contiennent que du carbone, de l&rsquo;oxyg\u00e8ne et du fluor, alors que les hydrocarbures contiennent de l&rsquo;hydrog\u00e8ne. L&rsquo;absence d&rsquo;hydrog\u00e8ne augmente consid\u00e9rablement la stabilit\u00e9 des lubrifiants et les rend ininflammables, sans point d&rsquo;\u00e9clair. Ils ne br\u00fblent pas et ne favorisent pas la combustion, m\u00eame dans un environnement contenant 100 % d&rsquo;oxyg\u00e8ne liquide ou gazeux.<\/p>\n<p>Les lubrifiants haute performance Krytox sont non seulement r\u00e9sistants \u00e0 l&rsquo;oxyg\u00e8ne, mais aussi inertes \u00e0 la quasi-totalit\u00e9 des produits chimiques utilis\u00e9s dans de nombreuses industries. Ils sont insolubles dans la plupart des solvants mais sont solubles dans les fluides hautement fluor\u00e9s et dans certains fluides supercritiques, comme le CO2. \u00c0 des temp\u00e9ratures et des pressions \u00e9lev\u00e9es, les huiles PFPE sont tr\u00e8s r\u00e9sistantes aux attaques de l&rsquo;oxyg\u00e8ne gazeux et liquide. Par cons\u00e9quent, les huiles et les graisses Krytox sont devenues des lubrifiants privil\u00e9gi\u00e9s dans l&rsquo;industrie de la fabrication de l&rsquo;oxyg\u00e8ne et dans les industries qui utilisent l&rsquo;oxyg\u00e8ne.<\/p>\n<h2>Application<\/h2>\n<ul>\n<li>Automobile<\/li>\n<li>\u00c9lectronique<\/li>\n<li>Industrie g\u00e9n\u00e9rale<\/li>\n<\/ul>\n","protected":false},"excerpt":{"rendered":"<p>La graisse Krytox GPL 202 a une viscosit\u00e9 \u00e0 l&rsquo;huile de 15 cSt \u00e0 40\u00b0C et la gamme de temp\u00e9rature utile estim\u00e9e est de -63\u00b0C \u00e0 132\u00b0C.<\/p>\n<div class=\"product-description-details\"><\/div>\n","protected":false},"featured_media":2972,"comment_status":"open","ping_status":"closed","template":"","meta":{"_acf_changed":false},"product_brand":[],"product_cat":[340,411,362,361,360,339,363,342],"product_tag":[],"class_list":{"0":"post-4143","1":"product","2":"type-product","3":"status-publish","4":"has-post-thumbnail","6":"product_cat-automobile","7":"product_cat-electronique","8":"product_cat-graisses","9":"product_cat-industrie-alimentaire","10":"product_cat-industrie-generale","11":"product_cat-krytox","12":"product_cat-lubrifiants-de-qualite-alimentaire","13":"product_cat-lubrifiants-industriels","14":"pa_brands-krytox-fr","16":"first","17":"instock","18":"shipping-taxable","19":"product-type-simple"},"acf":[],"_yoast_wpseo_focuskw":"Krytox GPL 202","_yoast_wpseo_metadesc":"La graisse Krytox GPL 202 a une viscosit\u00e9 \u00e0 l'huile de 15 cSt \u00e0 40\u00b0C et la gamme de temp\u00e9rature utile estim\u00e9e est de -63\u00b0C \u00e0 132\u00b0C.","yoast_head":"<!-- This site is optimized with the Yoast SEO Premium plugin v21.6 (Yoast SEO v27.4) - https:\/\/yoast.com\/product\/yoast-seo-premium-wordpress\/ -->\n<title>Krytox GPL 202 - CREDIMEX<\/title>\n<meta name=\"description\" content=\"La graisse Krytox GPL 202 a une viscosit\u00e9 \u00e0 l&#039;huile de 15 cSt \u00e0 40\u00b0C et la gamme de temp\u00e9rature utile estim\u00e9e est de -63\u00b0C \u00e0 132\u00b0C.\" \/>\n<meta name=\"robots\" content=\"index, follow, max-snippet:-1, max-image-preview:large, max-video-preview:-1\" \/>\n<link rel=\"canonical\" href=\"https:\/\/www.credimex.ch\/fr\/produit\/krytox-gpl-202-2\/\" \/>\n<meta property=\"og:locale\" content=\"fr_FR\" \/>\n<meta property=\"og:type\" content=\"article\" \/>\n<meta property=\"og:title\" content=\"Krytox GPL 202\" \/>\n<meta property=\"og:description\" content=\"La graisse Krytox GPL 202 a une viscosit\u00e9 \u00e0 l&#039;huile de 15 cSt \u00e0 40\u00b0C et la gamme de temp\u00e9rature utile estim\u00e9e est de -63\u00b0C \u00e0 132\u00b0C.\" \/>\n<meta property=\"og:url\" content=\"https:\/\/www.credimex.ch\/fr\/produit\/krytox-gpl-202-2\/\" \/>\n<meta property=\"og:site_name\" content=\"CREDIMEX\" \/>\n<meta property=\"article:publisher\" content=\"https:\/\/www.facebook.com\/credimex.alpnach\/\" \/>\n<meta property=\"og:image\" content=\"https:\/\/www.credimex.ch\/wp-content\/uploads\/2022\/05\/Chemours-Krytox-Grease-5-7-Kg-Pail-300-dpi-511x511-1-1.webp\" \/>\n\t<meta property=\"og:image:width\" content=\"511\" \/>\n\t<meta property=\"og:image:height\" content=\"511\" \/>\n\t<meta property=\"og:image:type\" content=\"image\/webp\" \/>\n<meta name=\"twitter:card\" content=\"summary_large_image\" \/>\n<meta name=\"twitter:label1\" content=\"Dur\u00e9e de lecture estim\u00e9e\" \/>\n\t<meta name=\"twitter:data1\" content=\"2 minutes\" \/>\n<script type=\"application\/ld+json\" class=\"yoast-schema-graph\">{\"@context\":\"https:\\\/\\\/schema.org\",\"@graph\":[{\"@type\":\"WebPage\",\"@id\":\"https:\\\/\\\/www.credimex.ch\\\/fr\\\/produit\\\/krytox-gpl-202-2\\\/\",\"url\":\"https:\\\/\\\/www.credimex.ch\\\/fr\\\/produit\\\/krytox-gpl-202-2\\\/\",\"name\":\"Krytox GPL 202 - CREDIMEX\",\"isPartOf\":{\"@id\":\"https:\\\/\\\/www.credimex.ch\\\/fr\\\/#website\"},\"primaryImageOfPage\":{\"@id\":\"https:\\\/\\\/www.credimex.ch\\\/fr\\\/produit\\\/krytox-gpl-202-2\\\/#primaryimage\"},\"image\":{\"@id\":\"https:\\\/\\\/www.credimex.ch\\\/fr\\\/produit\\\/krytox-gpl-202-2\\\/#primaryimage\"},\"thumbnailUrl\":\"https:\\\/\\\/www.credimex.ch\\\/wp-content\\\/uploads\\\/2022\\\/05\\\/Chemours-Krytox-Grease-5-7-Kg-Pail-300-dpi-511x511-1-1.webp\",\"datePublished\":\"2022-05-17T16:18:13+00:00\",\"description\":\"La graisse Krytox GPL 202 a une viscosit\u00e9 \u00e0 l'huile de 15 cSt \u00e0 40\u00b0C et la gamme de temp\u00e9rature utile estim\u00e9e est de -63\u00b0C \u00e0 132\u00b0C.\",\"breadcrumb\":{\"@id\":\"https:\\\/\\\/www.credimex.ch\\\/fr\\\/produit\\\/krytox-gpl-202-2\\\/#breadcrumb\"},\"inLanguage\":\"fr-FR\",\"potentialAction\":[{\"@type\":\"ReadAction\",\"target\":[\"https:\\\/\\\/www.credimex.ch\\\/fr\\\/produit\\\/krytox-gpl-202-2\\\/\"]}]},{\"@type\":\"ImageObject\",\"inLanguage\":\"fr-FR\",\"@id\":\"https:\\\/\\\/www.credimex.ch\\\/fr\\\/produit\\\/krytox-gpl-202-2\\\/#primaryimage\",\"url\":\"https:\\\/\\\/www.credimex.ch\\\/wp-content\\\/uploads\\\/2022\\\/05\\\/Chemours-Krytox-Grease-5-7-Kg-Pail-300-dpi-511x511-1-1.webp\",\"contentUrl\":\"https:\\\/\\\/www.credimex.ch\\\/wp-content\\\/uploads\\\/2022\\\/05\\\/Chemours-Krytox-Grease-5-7-Kg-Pail-300-dpi-511x511-1-1.webp\",\"width\":511,\"height\":511},{\"@type\":\"BreadcrumbList\",\"@id\":\"https:\\\/\\\/www.credimex.ch\\\/fr\\\/produit\\\/krytox-gpl-202-2\\\/#breadcrumb\",\"itemListElement\":[{\"@type\":\"ListItem\",\"position\":1,\"name\":\"Home\",\"item\":\"https:\\\/\\\/www.credimex.ch\\\/fr\\\/\"},{\"@type\":\"ListItem\",\"position\":2,\"name\":\"Produits\",\"item\":\"https:\\\/\\\/www.credimex.ch\\\/fr\\\/produits\\\/\"},{\"@type\":\"ListItem\",\"position\":3,\"name\":\"Krytox GPL 202\"}]},{\"@type\":\"WebSite\",\"@id\":\"https:\\\/\\\/www.credimex.ch\\\/fr\\\/#website\",\"url\":\"https:\\\/\\\/www.credimex.ch\\\/fr\\\/\",\"name\":\"CREDIMEX\",\"description\":\"Partner of Swiss Industrial Market\",\"publisher\":{\"@id\":\"https:\\\/\\\/www.credimex.ch\\\/fr\\\/#organization\"},\"potentialAction\":[{\"@type\":\"SearchAction\",\"target\":{\"@type\":\"EntryPoint\",\"urlTemplate\":\"https:\\\/\\\/www.credimex.ch\\\/fr\\\/?s={search_term_string}\"},\"query-input\":{\"@type\":\"PropertyValueSpecification\",\"valueRequired\":true,\"valueName\":\"search_term_string\"}}],\"inLanguage\":\"fr-FR\"},{\"@type\":\"Organization\",\"@id\":\"https:\\\/\\\/www.credimex.ch\\\/fr\\\/#organization\",\"name\":\"credimex\",\"url\":\"https:\\\/\\\/www.credimex.ch\\\/fr\\\/\",\"logo\":{\"@type\":\"ImageObject\",\"inLanguage\":\"fr-FR\",\"@id\":\"https:\\\/\\\/www.credimex.ch\\\/fr\\\/#\\\/schema\\\/logo\\\/image\\\/\",\"url\":\"https:\\\/\\\/www.credimex.ch\\\/wp-content\\\/uploads\\\/2022\\\/03\\\/cropped-logo-credimex.png\",\"contentUrl\":\"https:\\\/\\\/www.credimex.ch\\\/wp-content\\\/uploads\\\/2022\\\/03\\\/cropped-logo-credimex.png\",\"width\":512,\"height\":512,\"caption\":\"credimex\"},\"image\":{\"@id\":\"https:\\\/\\\/www.credimex.ch\\\/fr\\\/#\\\/schema\\\/logo\\\/image\\\/\"},\"sameAs\":[\"https:\\\/\\\/www.facebook.com\\\/credimex.alpnach\\\/\",\"https:\\\/\\\/www.linkedin.com\\\/company\\\/credimex\\\/\",\"https:\\\/\\\/www.youtube.com\\\/@CREDIMEX?sub_confirmation=1\"]}]}<\/script>\n<!-- \/ Yoast SEO Premium plugin. -->","yoast_head_json":{"title":"Krytox GPL 202 - CREDIMEX","description":"La graisse Krytox GPL 202 a une viscosit\u00e9 \u00e0 l'huile de 15 cSt \u00e0 40\u00b0C et la gamme de temp\u00e9rature utile estim\u00e9e est de -63\u00b0C \u00e0 132\u00b0C.","robots":{"index":"index","follow":"follow","max-snippet":"max-snippet:-1","max-image-preview":"max-image-preview:large","max-video-preview":"max-video-preview:-1"},"canonical":"https:\/\/www.credimex.ch\/fr\/produit\/krytox-gpl-202-2\/","og_locale":"fr_FR","og_type":"article","og_title":"Krytox GPL 202","og_description":"La graisse Krytox GPL 202 a une viscosit\u00e9 \u00e0 l'huile de 15 cSt \u00e0 40\u00b0C et la gamme de temp\u00e9rature utile estim\u00e9e est de -63\u00b0C \u00e0 132\u00b0C.","og_url":"https:\/\/www.credimex.ch\/fr\/produit\/krytox-gpl-202-2\/","og_site_name":"CREDIMEX","article_publisher":"https:\/\/www.facebook.com\/credimex.alpnach\/","og_image":[{"width":511,"height":511,"url":"https:\/\/www.credimex.ch\/wp-content\/uploads\/2022\/05\/Chemours-Krytox-Grease-5-7-Kg-Pail-300-dpi-511x511-1-1.webp","type":"image\/webp"}],"twitter_card":"summary_large_image","twitter_misc":{"Dur\u00e9e de lecture estim\u00e9e":"2 minutes"},"schema":{"@context":"https:\/\/schema.org","@graph":[{"@type":"WebPage","@id":"https:\/\/www.credimex.ch\/fr\/produit\/krytox-gpl-202-2\/","url":"https:\/\/www.credimex.ch\/fr\/produit\/krytox-gpl-202-2\/","name":"Krytox GPL 202 - CREDIMEX","isPartOf":{"@id":"https:\/\/www.credimex.ch\/fr\/#website"},"primaryImageOfPage":{"@id":"https:\/\/www.credimex.ch\/fr\/produit\/krytox-gpl-202-2\/#primaryimage"},"image":{"@id":"https:\/\/www.credimex.ch\/fr\/produit\/krytox-gpl-202-2\/#primaryimage"},"thumbnailUrl":"https:\/\/www.credimex.ch\/wp-content\/uploads\/2022\/05\/Chemours-Krytox-Grease-5-7-Kg-Pail-300-dpi-511x511-1-1.webp","datePublished":"2022-05-17T16:18:13+00:00","description":"La graisse Krytox GPL 202 a une viscosit\u00e9 \u00e0 l'huile de 15 cSt \u00e0 40\u00b0C et la gamme de temp\u00e9rature utile estim\u00e9e est de -63\u00b0C \u00e0 132\u00b0C.","breadcrumb":{"@id":"https:\/\/www.credimex.ch\/fr\/produit\/krytox-gpl-202-2\/#breadcrumb"},"inLanguage":"fr-FR","potentialAction":[{"@type":"ReadAction","target":["https:\/\/www.credimex.ch\/fr\/produit\/krytox-gpl-202-2\/"]}]},{"@type":"ImageObject","inLanguage":"fr-FR","@id":"https:\/\/www.credimex.ch\/fr\/produit\/krytox-gpl-202-2\/#primaryimage","url":"https:\/\/www.credimex.ch\/wp-content\/uploads\/2022\/05\/Chemours-Krytox-Grease-5-7-Kg-Pail-300-dpi-511x511-1-1.webp","contentUrl":"https:\/\/www.credimex.ch\/wp-content\/uploads\/2022\/05\/Chemours-Krytox-Grease-5-7-Kg-Pail-300-dpi-511x511-1-1.webp","width":511,"height":511},{"@type":"BreadcrumbList","@id":"https:\/\/www.credimex.ch\/fr\/produit\/krytox-gpl-202-2\/#breadcrumb","itemListElement":[{"@type":"ListItem","position":1,"name":"Home","item":"https:\/\/www.credimex.ch\/fr\/"},{"@type":"ListItem","position":2,"name":"Produits","item":"https:\/\/www.credimex.ch\/fr\/produits\/"},{"@type":"ListItem","position":3,"name":"Krytox GPL 202"}]},{"@type":"WebSite","@id":"https:\/\/www.credimex.ch\/fr\/#website","url":"https:\/\/www.credimex.ch\/fr\/","name":"CREDIMEX","description":"Partner of Swiss Industrial Market","publisher":{"@id":"https:\/\/www.credimex.ch\/fr\/#organization"},"potentialAction":[{"@type":"SearchAction","target":{"@type":"EntryPoint","urlTemplate":"https:\/\/www.credimex.ch\/fr\/?s={search_term_string}"},"query-input":{"@type":"PropertyValueSpecification","valueRequired":true,"valueName":"search_term_string"}}],"inLanguage":"fr-FR"},{"@type":"Organization","@id":"https:\/\/www.credimex.ch\/fr\/#organization","name":"credimex","url":"https:\/\/www.credimex.ch\/fr\/","logo":{"@type":"ImageObject","inLanguage":"fr-FR","@id":"https:\/\/www.credimex.ch\/fr\/#\/schema\/logo\/image\/","url":"https:\/\/www.credimex.ch\/wp-content\/uploads\/2022\/03\/cropped-logo-credimex.png","contentUrl":"https:\/\/www.credimex.ch\/wp-content\/uploads\/2022\/03\/cropped-logo-credimex.png","width":512,"height":512,"caption":"credimex"},"image":{"@id":"https:\/\/www.credimex.ch\/fr\/#\/schema\/logo\/image\/"},"sameAs":["https:\/\/www.facebook.com\/credimex.alpnach\/","https:\/\/www.linkedin.com\/company\/credimex\/","https:\/\/www.youtube.com\/@CREDIMEX?sub_confirmation=1"]}]}},"_links":{"self":[{"href":"https:\/\/www.credimex.ch\/fr\/wp-json\/wp\/v2\/product\/4143","targetHints":{"allow":["GET"]}}],"collection":[{"href":"https:\/\/www.credimex.ch\/fr\/wp-json\/wp\/v2\/product"}],"about":[{"href":"https:\/\/www.credimex.ch\/fr\/wp-json\/wp\/v2\/types\/product"}],"replies":[{"embeddable":true,"href":"https:\/\/www.credimex.ch\/fr\/wp-json\/wp\/v2\/comments?post=4143"}],"wp:featuredmedia":[{"embeddable":true,"href":"https:\/\/www.credimex.ch\/fr\/wp-json\/wp\/v2\/media\/2972"}],"wp:attachment":[{"href":"https:\/\/www.credimex.ch\/fr\/wp-json\/wp\/v2\/media?parent=4143"}],"wp:term":[{"taxonomy":"product_brand","embeddable":true,"href":"https:\/\/www.credimex.ch\/fr\/wp-json\/wp\/v2\/product_brand?post=4143"},{"taxonomy":"product_cat","embeddable":true,"href":"https:\/\/www.credimex.ch\/fr\/wp-json\/wp\/v2\/product_cat?post=4143"},{"taxonomy":"product_tag","embeddable":true,"href":"https:\/\/www.credimex.ch\/fr\/wp-json\/wp\/v2\/product_tag?post=4143"}],"curies":[{"name":"wp","href":"https:\/\/api.w.org\/{rel}","templated":true}]}}