{"id":4147,"date":"2022-05-17T18:00:16","date_gmt":"2022-05-17T16:00:16","guid":{"rendered":"https:\/\/www.credimex.ch.mialias.net\/product\/delo-duopox-ad894\/"},"modified":"2023-03-23T14:41:17","modified_gmt":"2023-03-23T13:41:17","slug":"delo-duopox-ad894-2","status":"publish","type":"product","link":"https:\/\/www.credimex.ch\/fr\/produit\/delo-duopox-ad894-2\/","title":{"rendered":"Delo Duopox AD894"},"content":{"rendered":"<h2>Description<\/h2>\n<p>DELO-DUOPOX &#8211; Colle \u00e9poxy bi-composants d&rsquo;une r\u00e9sistance exceptionnelle<\/p>\n<p>DELO propose une gamme de colles \u00e0 bi-composants fabriqu\u00e9es \u00e0 base de r\u00e9sine \u00e9poxy : Il s&rsquo;agit notamment de colles \u00e9poxy bi-composants \u00e0 durcissement super rapide, de colles de construction \u00e0 longue durabilit\u00e9, ainsi que des mat\u00e9riaux de collage flexibles et avec une compensation des contraintes. Ils r\u00e9sistent \u00e9galement bien aux charges thermiques. Dans le portefeuille de DELO, vous trouverez une colle \u00e9poxy bi-composants adapt\u00e9e \u00e0 toutes les exigences et demandes.<\/p>\n<p>es adh\u00e9sifs \u00e9poxy bi-composants DELO-DUOPOX durcissent \u00e0 temp\u00e9rature ambiante apr\u00e8s le m\u00e9lange de la r\u00e9sine et du durcisseur. En g\u00e9n\u00e9ral, les adh\u00e9sifs bi-composants DELO-DUOPOX 2C se caract\u00e9risent par une adh\u00e9rence universelle, une haute r\u00e9sistance aux produits chimiques et des propri\u00e9t\u00e9s m\u00e9caniques exceptionnelles. C&rsquo;est pourquoi elles sont utilis\u00e9es dans un grand nombre de domaines n\u00e9cessitant des solutions industrielles.<\/p>\n<h2>Avantages du produit<\/h2>\n<ul>\n<li>Polym\u00e9risation \u00e0 temp\u00e9rature ambiante, possibilit\u00e9 d&rsquo;acc\u00e9l\u00e9rer la polym\u00e9risationen ajoutant de la chaleur.<\/li>\n<li>Application monocomposant optionnelle gr\u00e2ce \u00e0 l&rsquo;utilisation d&rsquo;un syst\u00e8me de cartouches \u00ab\u00a0Side-by-Side\u00a0\u00bb<\/li>\n<li>Colles \u00e9poxy bi-composants multi-usages<\/li>\n<li>Robuste<\/li>\n<li>Plage de temp\u00e9rature jusqu&rsquo;\u00e0 +140 \u00b0C<\/li>\n<li>Haute r\u00e9sistance \u00e0 de nombreux produits chimiques et \u00e0 la chaleur<\/li>\n<\/ul>\n<h2>Domaine d&rsquo;application<\/h2>\n<ul>\n<li>Industrie g\u00e9n\u00e9rale<\/li>\n<li>\u00c9lectronique<\/li>\n<li>Industrie automotive<\/li>\n<li>\u00c9nergie<\/li>\n<li>E-Mobilit\u00e9<\/li>\n<\/ul>\n","protected":false},"excerpt":{"rendered":"<div class=\"row\">\n<div class=\"col col-12 col-lg-6 order-lg-first\">\n<div class=\"single-product__content\">Delo Duopox AD894 est une colle \u00e9poxy bi-composants avec une excellente r\u00e9sistance.<\/div>\n<\/div>\n<\/div>\n<div class=\"single-product__pdf-files\"><\/div>\n","protected":false},"featured_media":2954,"comment_status":"open","ping_status":"closed","template":"","meta":{"_acf_changed":false},"product_brand":[],"product_cat":[641,452,340,451,376,411,384,360],"product_tag":[],"class_list":{"0":"post-4147","1":"product","2":"type-product","3":"status-publish","4":"has-post-thumbnail","6":"product_cat-adhesifs-epoxy","7":"product_cat-adhesifs-et-mastics","8":"product_cat-automobile","9":"product_cat-delo","10":"product_cat-e-mobilite","11":"product_cat-electronique","12":"product_cat-energie","13":"product_cat-industrie-generale","14":"pa_brands-delo-fr","16":"first","17":"instock","18":"shipping-taxable","19":"product-type-simple"},"acf":[],"_yoast_wpseo_focuskw":"Delo Duopox AD894","_yoast_wpseo_metadesc":"Delo Duopox AD894 est une gamme de colle \u00e9poxy en 2 parties avec une r\u00e9sistance exceptionnelle.","yoast_head":"<!-- This site is optimized with the Yoast SEO Premium plugin v21.6 (Yoast SEO v27.4) - https:\/\/yoast.com\/product\/yoast-seo-premium-wordpress\/ -->\n<title>Delo Duopox AD894 - CREDIMEX<\/title>\n<meta name=\"description\" content=\"Delo Duopox AD894 est une gamme de colle \u00e9poxy en 2 parties avec une r\u00e9sistance exceptionnelle.\" \/>\n<meta name=\"robots\" content=\"index, follow, max-snippet:-1, max-image-preview:large, max-video-preview:-1\" \/>\n<link rel=\"canonical\" href=\"https:\/\/www.credimex.ch\/fr\/produit\/delo-duopox-ad894-2\/\" \/>\n<meta property=\"og:locale\" content=\"fr_FR\" \/>\n<meta property=\"og:type\" content=\"article\" \/>\n<meta property=\"og:title\" content=\"Delo Duopox AD894\" \/>\n<meta property=\"og:description\" content=\"Delo Duopox AD894 est une gamme de colle \u00e9poxy en 2 parties avec une r\u00e9sistance exceptionnelle.\" \/>\n<meta property=\"og:url\" content=\"https:\/\/www.credimex.ch\/fr\/produit\/delo-duopox-ad894-2\/\" \/>\n<meta property=\"og:site_name\" content=\"CREDIMEX\" \/>\n<meta property=\"article:publisher\" content=\"https:\/\/www.facebook.com\/credimex.alpnach\/\" \/>\n<meta property=\"article:modified_time\" content=\"2023-03-23T13:41:17+00:00\" \/>\n<meta property=\"og:image\" content=\"https:\/\/www.credimex.ch\/wp-content\/uploads\/2022\/05\/delo_automix_ad894_50_ml_doppelkartusche_web.jpg\" \/>\n\t<meta property=\"og:image:width\" content=\"800\" \/>\n\t<meta property=\"og:image:height\" content=\"800\" \/>\n\t<meta property=\"og:image:type\" content=\"image\/jpeg\" \/>\n<meta name=\"twitter:card\" content=\"summary_large_image\" \/>\n<meta name=\"twitter:label1\" content=\"Dur\u00e9e de lecture estim\u00e9e\" \/>\n\t<meta name=\"twitter:data1\" content=\"1 minute\" \/>\n<script type=\"application\/ld+json\" class=\"yoast-schema-graph\">{\"@context\":\"https:\\\/\\\/schema.org\",\"@graph\":[{\"@type\":\"WebPage\",\"@id\":\"https:\\\/\\\/www.credimex.ch\\\/fr\\\/produit\\\/delo-duopox-ad894-2\\\/\",\"url\":\"https:\\\/\\\/www.credimex.ch\\\/fr\\\/produit\\\/delo-duopox-ad894-2\\\/\",\"name\":\"Delo Duopox AD894 - CREDIMEX\",\"isPartOf\":{\"@id\":\"https:\\\/\\\/www.credimex.ch\\\/fr\\\/#website\"},\"primaryImageOfPage\":{\"@id\":\"https:\\\/\\\/www.credimex.ch\\\/fr\\\/produit\\\/delo-duopox-ad894-2\\\/#primaryimage\"},\"image\":{\"@id\":\"https:\\\/\\\/www.credimex.ch\\\/fr\\\/produit\\\/delo-duopox-ad894-2\\\/#primaryimage\"},\"thumbnailUrl\":\"https:\\\/\\\/www.credimex.ch\\\/wp-content\\\/uploads\\\/2022\\\/05\\\/delo_automix_ad894_50_ml_doppelkartusche_web.jpg\",\"datePublished\":\"2022-05-17T16:00:16+00:00\",\"dateModified\":\"2023-03-23T13:41:17+00:00\",\"description\":\"Delo Duopox AD894 est une gamme de colle \u00e9poxy en 2 parties avec une r\u00e9sistance exceptionnelle.\",\"breadcrumb\":{\"@id\":\"https:\\\/\\\/www.credimex.ch\\\/fr\\\/produit\\\/delo-duopox-ad894-2\\\/#breadcrumb\"},\"inLanguage\":\"fr-FR\",\"potentialAction\":[{\"@type\":\"ReadAction\",\"target\":[\"https:\\\/\\\/www.credimex.ch\\\/fr\\\/produit\\\/delo-duopox-ad894-2\\\/\"]}]},{\"@type\":\"ImageObject\",\"inLanguage\":\"fr-FR\",\"@id\":\"https:\\\/\\\/www.credimex.ch\\\/fr\\\/produit\\\/delo-duopox-ad894-2\\\/#primaryimage\",\"url\":\"https:\\\/\\\/www.credimex.ch\\\/wp-content\\\/uploads\\\/2022\\\/05\\\/delo_automix_ad894_50_ml_doppelkartusche_web.jpg\",\"contentUrl\":\"https:\\\/\\\/www.credimex.ch\\\/wp-content\\\/uploads\\\/2022\\\/05\\\/delo_automix_ad894_50_ml_doppelkartusche_web.jpg\",\"width\":800,\"height\":800},{\"@type\":\"BreadcrumbList\",\"@id\":\"https:\\\/\\\/www.credimex.ch\\\/fr\\\/produit\\\/delo-duopox-ad894-2\\\/#breadcrumb\",\"itemListElement\":[{\"@type\":\"ListItem\",\"position\":1,\"name\":\"Home\",\"item\":\"https:\\\/\\\/www.credimex.ch\\\/fr\\\/\"},{\"@type\":\"ListItem\",\"position\":2,\"name\":\"Produits\",\"item\":\"https:\\\/\\\/www.credimex.ch\\\/fr\\\/produits\\\/\"},{\"@type\":\"ListItem\",\"position\":3,\"name\":\"Delo Duopox AD894\"}]},{\"@type\":\"WebSite\",\"@id\":\"https:\\\/\\\/www.credimex.ch\\\/fr\\\/#website\",\"url\":\"https:\\\/\\\/www.credimex.ch\\\/fr\\\/\",\"name\":\"CREDIMEX\",\"description\":\"Partner of Swiss Industrial Market\",\"publisher\":{\"@id\":\"https:\\\/\\\/www.credimex.ch\\\/fr\\\/#organization\"},\"potentialAction\":[{\"@type\":\"SearchAction\",\"target\":{\"@type\":\"EntryPoint\",\"urlTemplate\":\"https:\\\/\\\/www.credimex.ch\\\/fr\\\/?s={search_term_string}\"},\"query-input\":{\"@type\":\"PropertyValueSpecification\",\"valueRequired\":true,\"valueName\":\"search_term_string\"}}],\"inLanguage\":\"fr-FR\"},{\"@type\":\"Organization\",\"@id\":\"https:\\\/\\\/www.credimex.ch\\\/fr\\\/#organization\",\"name\":\"credimex\",\"url\":\"https:\\\/\\\/www.credimex.ch\\\/fr\\\/\",\"logo\":{\"@type\":\"ImageObject\",\"inLanguage\":\"fr-FR\",\"@id\":\"https:\\\/\\\/www.credimex.ch\\\/fr\\\/#\\\/schema\\\/logo\\\/image\\\/\",\"url\":\"https:\\\/\\\/www.credimex.ch\\\/wp-content\\\/uploads\\\/2022\\\/03\\\/cropped-logo-credimex.png\",\"contentUrl\":\"https:\\\/\\\/www.credimex.ch\\\/wp-content\\\/uploads\\\/2022\\\/03\\\/cropped-logo-credimex.png\",\"width\":512,\"height\":512,\"caption\":\"credimex\"},\"image\":{\"@id\":\"https:\\\/\\\/www.credimex.ch\\\/fr\\\/#\\\/schema\\\/logo\\\/image\\\/\"},\"sameAs\":[\"https:\\\/\\\/www.facebook.com\\\/credimex.alpnach\\\/\",\"https:\\\/\\\/www.linkedin.com\\\/company\\\/credimex\\\/\",\"https:\\\/\\\/www.youtube.com\\\/@CREDIMEX?sub_confirmation=1\"]}]}<\/script>\n<!-- \/ Yoast SEO Premium plugin. -->","yoast_head_json":{"title":"Delo Duopox AD894 - CREDIMEX","description":"Delo Duopox AD894 est une gamme de colle \u00e9poxy en 2 parties avec une r\u00e9sistance exceptionnelle.","robots":{"index":"index","follow":"follow","max-snippet":"max-snippet:-1","max-image-preview":"max-image-preview:large","max-video-preview":"max-video-preview:-1"},"canonical":"https:\/\/www.credimex.ch\/fr\/produit\/delo-duopox-ad894-2\/","og_locale":"fr_FR","og_type":"article","og_title":"Delo Duopox AD894","og_description":"Delo Duopox AD894 est une gamme de colle \u00e9poxy en 2 parties avec une r\u00e9sistance exceptionnelle.","og_url":"https:\/\/www.credimex.ch\/fr\/produit\/delo-duopox-ad894-2\/","og_site_name":"CREDIMEX","article_publisher":"https:\/\/www.facebook.com\/credimex.alpnach\/","article_modified_time":"2023-03-23T13:41:17+00:00","og_image":[{"width":800,"height":800,"url":"https:\/\/www.credimex.ch\/wp-content\/uploads\/2022\/05\/delo_automix_ad894_50_ml_doppelkartusche_web.jpg","type":"image\/jpeg"}],"twitter_card":"summary_large_image","twitter_misc":{"Dur\u00e9e de lecture estim\u00e9e":"1 minute"},"schema":{"@context":"https:\/\/schema.org","@graph":[{"@type":"WebPage","@id":"https:\/\/www.credimex.ch\/fr\/produit\/delo-duopox-ad894-2\/","url":"https:\/\/www.credimex.ch\/fr\/produit\/delo-duopox-ad894-2\/","name":"Delo Duopox AD894 - CREDIMEX","isPartOf":{"@id":"https:\/\/www.credimex.ch\/fr\/#website"},"primaryImageOfPage":{"@id":"https:\/\/www.credimex.ch\/fr\/produit\/delo-duopox-ad894-2\/#primaryimage"},"image":{"@id":"https:\/\/www.credimex.ch\/fr\/produit\/delo-duopox-ad894-2\/#primaryimage"},"thumbnailUrl":"https:\/\/www.credimex.ch\/wp-content\/uploads\/2022\/05\/delo_automix_ad894_50_ml_doppelkartusche_web.jpg","datePublished":"2022-05-17T16:00:16+00:00","dateModified":"2023-03-23T13:41:17+00:00","description":"Delo Duopox AD894 est une gamme de colle \u00e9poxy en 2 parties avec une r\u00e9sistance exceptionnelle.","breadcrumb":{"@id":"https:\/\/www.credimex.ch\/fr\/produit\/delo-duopox-ad894-2\/#breadcrumb"},"inLanguage":"fr-FR","potentialAction":[{"@type":"ReadAction","target":["https:\/\/www.credimex.ch\/fr\/produit\/delo-duopox-ad894-2\/"]}]},{"@type":"ImageObject","inLanguage":"fr-FR","@id":"https:\/\/www.credimex.ch\/fr\/produit\/delo-duopox-ad894-2\/#primaryimage","url":"https:\/\/www.credimex.ch\/wp-content\/uploads\/2022\/05\/delo_automix_ad894_50_ml_doppelkartusche_web.jpg","contentUrl":"https:\/\/www.credimex.ch\/wp-content\/uploads\/2022\/05\/delo_automix_ad894_50_ml_doppelkartusche_web.jpg","width":800,"height":800},{"@type":"BreadcrumbList","@id":"https:\/\/www.credimex.ch\/fr\/produit\/delo-duopox-ad894-2\/#breadcrumb","itemListElement":[{"@type":"ListItem","position":1,"name":"Home","item":"https:\/\/www.credimex.ch\/fr\/"},{"@type":"ListItem","position":2,"name":"Produits","item":"https:\/\/www.credimex.ch\/fr\/produits\/"},{"@type":"ListItem","position":3,"name":"Delo Duopox AD894"}]},{"@type":"WebSite","@id":"https:\/\/www.credimex.ch\/fr\/#website","url":"https:\/\/www.credimex.ch\/fr\/","name":"CREDIMEX","description":"Partner of Swiss Industrial Market","publisher":{"@id":"https:\/\/www.credimex.ch\/fr\/#organization"},"potentialAction":[{"@type":"SearchAction","target":{"@type":"EntryPoint","urlTemplate":"https:\/\/www.credimex.ch\/fr\/?s={search_term_string}"},"query-input":{"@type":"PropertyValueSpecification","valueRequired":true,"valueName":"search_term_string"}}],"inLanguage":"fr-FR"},{"@type":"Organization","@id":"https:\/\/www.credimex.ch\/fr\/#organization","name":"credimex","url":"https:\/\/www.credimex.ch\/fr\/","logo":{"@type":"ImageObject","inLanguage":"fr-FR","@id":"https:\/\/www.credimex.ch\/fr\/#\/schema\/logo\/image\/","url":"https:\/\/www.credimex.ch\/wp-content\/uploads\/2022\/03\/cropped-logo-credimex.png","contentUrl":"https:\/\/www.credimex.ch\/wp-content\/uploads\/2022\/03\/cropped-logo-credimex.png","width":512,"height":512,"caption":"credimex"},"image":{"@id":"https:\/\/www.credimex.ch\/fr\/#\/schema\/logo\/image\/"},"sameAs":["https:\/\/www.facebook.com\/credimex.alpnach\/","https:\/\/www.linkedin.com\/company\/credimex\/","https:\/\/www.youtube.com\/@CREDIMEX?sub_confirmation=1"]}]}},"_links":{"self":[{"href":"https:\/\/www.credimex.ch\/fr\/wp-json\/wp\/v2\/product\/4147","targetHints":{"allow":["GET"]}}],"collection":[{"href":"https:\/\/www.credimex.ch\/fr\/wp-json\/wp\/v2\/product"}],"about":[{"href":"https:\/\/www.credimex.ch\/fr\/wp-json\/wp\/v2\/types\/product"}],"replies":[{"embeddable":true,"href":"https:\/\/www.credimex.ch\/fr\/wp-json\/wp\/v2\/comments?post=4147"}],"wp:featuredmedia":[{"embeddable":true,"href":"https:\/\/www.credimex.ch\/fr\/wp-json\/wp\/v2\/media\/2954"}],"wp:attachment":[{"href":"https:\/\/www.credimex.ch\/fr\/wp-json\/wp\/v2\/media?parent=4147"}],"wp:term":[{"taxonomy":"product_brand","embeddable":true,"href":"https:\/\/www.credimex.ch\/fr\/wp-json\/wp\/v2\/product_brand?post=4147"},{"taxonomy":"product_cat","embeddable":true,"href":"https:\/\/www.credimex.ch\/fr\/wp-json\/wp\/v2\/product_cat?post=4147"},{"taxonomy":"product_tag","embeddable":true,"href":"https:\/\/www.credimex.ch\/fr\/wp-json\/wp\/v2\/product_tag?post=4147"}],"curies":[{"name":"wp","href":"https:\/\/api.w.org\/{rel}","templated":true}]}}