{"id":4149,"date":"2022-05-17T17:50:36","date_gmt":"2022-05-17T15:50:36","guid":{"rendered":"https:\/\/www.credimex.ch.mialias.net\/product\/delo-duopox-ad895\/"},"modified":"2023-03-23T15:02:01","modified_gmt":"2023-03-23T14:02:01","slug":"delo-duopox-ad895-2","status":"publish","type":"product","link":"https:\/\/www.credimex.ch\/fr\/produit\/delo-duopox-ad895-2\/","title":{"rendered":"Delo Duopox AD895"},"content":{"rendered":"<h2>Description<\/h2>\n<p>Adh\u00e9sif universel bi-composants \u00e0 base de r\u00e9sine \u00e9poxy, durcissant \u00e0 temp\u00e9rature ambiante, avec une viscosit\u00e9 moyenne.<\/p>\n<p>Les composants A et B doivent \u00eatre m\u00e9lang\u00e9s ou homog\u00e9n\u00e9is\u00e9s pr\u00eats \u00e0 l&#8217;emploi dans le rapport de m\u00e9lange indiqu\u00e9 ci-dessous. Ils s&rsquo;appliquent facilement \u00e0 partir de l&#8217;emballage d&rsquo;origine.<br \/>\nIl est particuli\u00e8rement avantageux de les appliquer avec le syst\u00e8me DELO-AUTOMIX, voir la carte de s\u00e9lection des types \u00ab\u00a0DELO-AUTOMIX-System\u00a0\u00bb. Les surfaces \u00e0 coller doivent \u00eatre s\u00e8ches, exemptes de poussi\u00e8re et de graisse et d&rsquo;autres substances. La polym\u00e9risation se fait \u00e0 temp\u00e9rature ambiante. Les temp\u00e9ratures \u00e9lev\u00e9es acc\u00e9l\u00e8rent le durcissement<\/p>\n<ul>\n<li>Base<\/li>\n<li>Adh\u00e9sif en r\u00e9sine \u00e9poxy<\/li>\n<li>Deux composantes<\/li>\n<li>Produit sans nonylph\u00e9nol<\/li>\n<li>Min\u00e9raux de remplissage<\/li>\n<li>Rapport de m\u00e9lange (A : B) en poids 7 : 3, (A : B) en volume 2 : 1<\/li>\n<li>Densit\u00e9 composant A [g \/ cm\u00b3] # 1,37 : \u00e0 temp\u00e9rature ambiante (environ 23 \u00b0 C)<\/li>\n<\/ul>\n<h2>Avantages du produit<\/h2>\n<ul>\n<li>Adh\u00e9sif de construction\u00a0 de haute r\u00e9sistance<\/li>\n<li>Utilisation universelle<\/li>\n<li>Le produit polym\u00e9ris\u00e9 est g\u00e9n\u00e9ralement utilis\u00e9 dans une plage de temp\u00e9rature allant de -40\u00b0C \u00e0 +140\u00b0C. Selon l&rsquo;application, d&rsquo;autres limites peuvent s&rsquo;av\u00e9rer utiles.<\/li>\n<li>Est test\u00e9 pour la biocompatibilit\u00e9 et r\u00e9pond aux exigences de la norme ISO 10993-5 : Test de cytotoxicit\u00e9<\/li>\n<li>Conforme \u00e0 la directive RoHS 2011\/65 \/ UE<\/li>\n<li>\u00c9prouv\u00e9 avec succ\u00e8s selon UL 94 HB<\/li>\n<\/ul>\n<h2>Domaine d&rsquo;application<\/h2>\n<ul>\n<li>Electoronics<\/li>\n<li>Industrie automotive<\/li>\n<li>Fabrication de montres<\/li>\n<li>\u00c9nergie<\/li>\n<li>E-Mobilit\u00e9<\/li>\n<li>Application industrielle g\u00e9n\u00e9rale<\/li>\n<\/ul>\n","protected":false},"excerpt":{"rendered":"<p>Delo Duopox AD895 est un adh\u00e9sif universel \u00e0 base de r\u00e9sine \u00e9poxy \u00e0 bi-composants, durcissant \u00e0 temp\u00e9rature ambiante, de viscosit\u00e9 moyenne.<\/p>\n","protected":false},"featured_media":2952,"comment_status":"open","ping_status":"closed","template":"","meta":{"_acf_changed":false},"product_brand":[],"product_cat":[641,452,340,451,376,411,384,360],"product_tag":[],"class_list":{"0":"post-4149","1":"product","2":"type-product","3":"status-publish","4":"has-post-thumbnail","6":"product_cat-adhesifs-epoxy","7":"product_cat-adhesifs-et-mastics","8":"product_cat-automobile","9":"product_cat-delo","10":"product_cat-e-mobilite","11":"product_cat-electronique","12":"product_cat-energie","13":"product_cat-industrie-generale","14":"pa_brands-delo-fr","16":"first","17":"instock","18":"shipping-taxable","19":"product-type-simple"},"acf":[],"_yoast_wpseo_focuskw":"Delo Duopox AD895","_yoast_wpseo_metadesc":"Delo Duopox AD895 est un adh\u00e9sif universel \u00e0 base de r\u00e9sine \u00e9poxy \u00e0 2 composants, durcissant \u00e0 temp\u00e9rature ambiante, de viscosit\u00e9 moyenne.","yoast_head":"<!-- This site is optimized with the Yoast SEO Premium plugin v21.6 (Yoast SEO v27.4) - https:\/\/yoast.com\/product\/yoast-seo-premium-wordpress\/ -->\n<title>Delo Duopox AD895 - CREDIMEX<\/title>\n<meta name=\"description\" content=\"Delo Duopox AD895 est un adh\u00e9sif universel \u00e0 base de r\u00e9sine \u00e9poxy \u00e0 2 composants, durcissant \u00e0 temp\u00e9rature ambiante, de viscosit\u00e9 moyenne.\" \/>\n<meta name=\"robots\" content=\"index, follow, max-snippet:-1, max-image-preview:large, max-video-preview:-1\" \/>\n<link rel=\"canonical\" href=\"https:\/\/www.credimex.ch\/fr\/produit\/delo-duopox-ad895-2\/\" \/>\n<meta property=\"og:locale\" content=\"fr_FR\" \/>\n<meta property=\"og:type\" content=\"article\" \/>\n<meta property=\"og:title\" content=\"Delo Duopox AD895\" \/>\n<meta property=\"og:description\" content=\"Delo Duopox AD895 est un adh\u00e9sif universel \u00e0 base de r\u00e9sine \u00e9poxy \u00e0 2 composants, durcissant \u00e0 temp\u00e9rature ambiante, de viscosit\u00e9 moyenne.\" \/>\n<meta property=\"og:url\" content=\"https:\/\/www.credimex.ch\/fr\/produit\/delo-duopox-ad895-2\/\" \/>\n<meta property=\"og:site_name\" content=\"CREDIMEX\" \/>\n<meta property=\"article:publisher\" content=\"https:\/\/www.facebook.com\/credimex.alpnach\/\" \/>\n<meta property=\"article:modified_time\" content=\"2023-03-23T14:02:01+00:00\" \/>\n<meta property=\"og:image\" content=\"https:\/\/www.credimex.ch\/wp-content\/uploads\/2022\/05\/delo-automix-ad1895-universal-2-component-epoxy-resin-adhesive-1kg-google-2.jpg\" \/>\n\t<meta property=\"og:image:width\" content=\"340\" \/>\n\t<meta property=\"og:image:height\" content=\"500\" \/>\n\t<meta property=\"og:image:type\" content=\"image\/jpeg\" \/>\n<meta name=\"twitter:card\" content=\"summary_large_image\" \/>\n<meta name=\"twitter:label1\" content=\"Dur\u00e9e de lecture estim\u00e9e\" \/>\n\t<meta name=\"twitter:data1\" content=\"1 minute\" \/>\n<script type=\"application\/ld+json\" class=\"yoast-schema-graph\">{\"@context\":\"https:\\\/\\\/schema.org\",\"@graph\":[{\"@type\":\"WebPage\",\"@id\":\"https:\\\/\\\/www.credimex.ch\\\/fr\\\/produit\\\/delo-duopox-ad895-2\\\/\",\"url\":\"https:\\\/\\\/www.credimex.ch\\\/fr\\\/produit\\\/delo-duopox-ad895-2\\\/\",\"name\":\"Delo Duopox AD895 - CREDIMEX\",\"isPartOf\":{\"@id\":\"https:\\\/\\\/www.credimex.ch\\\/fr\\\/#website\"},\"primaryImageOfPage\":{\"@id\":\"https:\\\/\\\/www.credimex.ch\\\/fr\\\/produit\\\/delo-duopox-ad895-2\\\/#primaryimage\"},\"image\":{\"@id\":\"https:\\\/\\\/www.credimex.ch\\\/fr\\\/produit\\\/delo-duopox-ad895-2\\\/#primaryimage\"},\"thumbnailUrl\":\"https:\\\/\\\/www.credimex.ch\\\/wp-content\\\/uploads\\\/2022\\\/05\\\/delo-automix-ad1895-universal-2-component-epoxy-resin-adhesive-1kg-google-2.jpg\",\"datePublished\":\"2022-05-17T15:50:36+00:00\",\"dateModified\":\"2023-03-23T14:02:01+00:00\",\"description\":\"Delo Duopox AD895 est un adh\u00e9sif universel \u00e0 base de r\u00e9sine \u00e9poxy \u00e0 2 composants, durcissant \u00e0 temp\u00e9rature ambiante, de viscosit\u00e9 moyenne.\",\"breadcrumb\":{\"@id\":\"https:\\\/\\\/www.credimex.ch\\\/fr\\\/produit\\\/delo-duopox-ad895-2\\\/#breadcrumb\"},\"inLanguage\":\"fr-FR\",\"potentialAction\":[{\"@type\":\"ReadAction\",\"target\":[\"https:\\\/\\\/www.credimex.ch\\\/fr\\\/produit\\\/delo-duopox-ad895-2\\\/\"]}]},{\"@type\":\"ImageObject\",\"inLanguage\":\"fr-FR\",\"@id\":\"https:\\\/\\\/www.credimex.ch\\\/fr\\\/produit\\\/delo-duopox-ad895-2\\\/#primaryimage\",\"url\":\"https:\\\/\\\/www.credimex.ch\\\/wp-content\\\/uploads\\\/2022\\\/05\\\/delo-automix-ad1895-universal-2-component-epoxy-resin-adhesive-1kg-google-2.jpg\",\"contentUrl\":\"https:\\\/\\\/www.credimex.ch\\\/wp-content\\\/uploads\\\/2022\\\/05\\\/delo-automix-ad1895-universal-2-component-epoxy-resin-adhesive-1kg-google-2.jpg\",\"width\":340,\"height\":500},{\"@type\":\"BreadcrumbList\",\"@id\":\"https:\\\/\\\/www.credimex.ch\\\/fr\\\/produit\\\/delo-duopox-ad895-2\\\/#breadcrumb\",\"itemListElement\":[{\"@type\":\"ListItem\",\"position\":1,\"name\":\"Home\",\"item\":\"https:\\\/\\\/www.credimex.ch\\\/fr\\\/\"},{\"@type\":\"ListItem\",\"position\":2,\"name\":\"Produits\",\"item\":\"https:\\\/\\\/www.credimex.ch\\\/fr\\\/produits\\\/\"},{\"@type\":\"ListItem\",\"position\":3,\"name\":\"Delo Duopox AD895\"}]},{\"@type\":\"WebSite\",\"@id\":\"https:\\\/\\\/www.credimex.ch\\\/fr\\\/#website\",\"url\":\"https:\\\/\\\/www.credimex.ch\\\/fr\\\/\",\"name\":\"CREDIMEX\",\"description\":\"Partner of Swiss Industrial Market\",\"publisher\":{\"@id\":\"https:\\\/\\\/www.credimex.ch\\\/fr\\\/#organization\"},\"potentialAction\":[{\"@type\":\"SearchAction\",\"target\":{\"@type\":\"EntryPoint\",\"urlTemplate\":\"https:\\\/\\\/www.credimex.ch\\\/fr\\\/?s={search_term_string}\"},\"query-input\":{\"@type\":\"PropertyValueSpecification\",\"valueRequired\":true,\"valueName\":\"search_term_string\"}}],\"inLanguage\":\"fr-FR\"},{\"@type\":\"Organization\",\"@id\":\"https:\\\/\\\/www.credimex.ch\\\/fr\\\/#organization\",\"name\":\"credimex\",\"url\":\"https:\\\/\\\/www.credimex.ch\\\/fr\\\/\",\"logo\":{\"@type\":\"ImageObject\",\"inLanguage\":\"fr-FR\",\"@id\":\"https:\\\/\\\/www.credimex.ch\\\/fr\\\/#\\\/schema\\\/logo\\\/image\\\/\",\"url\":\"https:\\\/\\\/www.credimex.ch\\\/wp-content\\\/uploads\\\/2022\\\/03\\\/cropped-logo-credimex.png\",\"contentUrl\":\"https:\\\/\\\/www.credimex.ch\\\/wp-content\\\/uploads\\\/2022\\\/03\\\/cropped-logo-credimex.png\",\"width\":512,\"height\":512,\"caption\":\"credimex\"},\"image\":{\"@id\":\"https:\\\/\\\/www.credimex.ch\\\/fr\\\/#\\\/schema\\\/logo\\\/image\\\/\"},\"sameAs\":[\"https:\\\/\\\/www.facebook.com\\\/credimex.alpnach\\\/\",\"https:\\\/\\\/www.linkedin.com\\\/company\\\/credimex\\\/\",\"https:\\\/\\\/www.youtube.com\\\/@CREDIMEX?sub_confirmation=1\"]}]}<\/script>\n<!-- \/ Yoast SEO Premium plugin. -->","yoast_head_json":{"title":"Delo Duopox AD895 - CREDIMEX","description":"Delo Duopox AD895 est un adh\u00e9sif universel \u00e0 base de r\u00e9sine \u00e9poxy \u00e0 2 composants, durcissant \u00e0 temp\u00e9rature ambiante, de viscosit\u00e9 moyenne.","robots":{"index":"index","follow":"follow","max-snippet":"max-snippet:-1","max-image-preview":"max-image-preview:large","max-video-preview":"max-video-preview:-1"},"canonical":"https:\/\/www.credimex.ch\/fr\/produit\/delo-duopox-ad895-2\/","og_locale":"fr_FR","og_type":"article","og_title":"Delo Duopox AD895","og_description":"Delo Duopox AD895 est un adh\u00e9sif universel \u00e0 base de r\u00e9sine \u00e9poxy \u00e0 2 composants, durcissant \u00e0 temp\u00e9rature ambiante, de viscosit\u00e9 moyenne.","og_url":"https:\/\/www.credimex.ch\/fr\/produit\/delo-duopox-ad895-2\/","og_site_name":"CREDIMEX","article_publisher":"https:\/\/www.facebook.com\/credimex.alpnach\/","article_modified_time":"2023-03-23T14:02:01+00:00","og_image":[{"width":340,"height":500,"url":"https:\/\/www.credimex.ch\/wp-content\/uploads\/2022\/05\/delo-automix-ad1895-universal-2-component-epoxy-resin-adhesive-1kg-google-2.jpg","type":"image\/jpeg"}],"twitter_card":"summary_large_image","twitter_misc":{"Dur\u00e9e de lecture estim\u00e9e":"1 minute"},"schema":{"@context":"https:\/\/schema.org","@graph":[{"@type":"WebPage","@id":"https:\/\/www.credimex.ch\/fr\/produit\/delo-duopox-ad895-2\/","url":"https:\/\/www.credimex.ch\/fr\/produit\/delo-duopox-ad895-2\/","name":"Delo Duopox AD895 - CREDIMEX","isPartOf":{"@id":"https:\/\/www.credimex.ch\/fr\/#website"},"primaryImageOfPage":{"@id":"https:\/\/www.credimex.ch\/fr\/produit\/delo-duopox-ad895-2\/#primaryimage"},"image":{"@id":"https:\/\/www.credimex.ch\/fr\/produit\/delo-duopox-ad895-2\/#primaryimage"},"thumbnailUrl":"https:\/\/www.credimex.ch\/wp-content\/uploads\/2022\/05\/delo-automix-ad1895-universal-2-component-epoxy-resin-adhesive-1kg-google-2.jpg","datePublished":"2022-05-17T15:50:36+00:00","dateModified":"2023-03-23T14:02:01+00:00","description":"Delo Duopox AD895 est un adh\u00e9sif universel \u00e0 base de r\u00e9sine \u00e9poxy \u00e0 2 composants, durcissant \u00e0 temp\u00e9rature ambiante, de viscosit\u00e9 moyenne.","breadcrumb":{"@id":"https:\/\/www.credimex.ch\/fr\/produit\/delo-duopox-ad895-2\/#breadcrumb"},"inLanguage":"fr-FR","potentialAction":[{"@type":"ReadAction","target":["https:\/\/www.credimex.ch\/fr\/produit\/delo-duopox-ad895-2\/"]}]},{"@type":"ImageObject","inLanguage":"fr-FR","@id":"https:\/\/www.credimex.ch\/fr\/produit\/delo-duopox-ad895-2\/#primaryimage","url":"https:\/\/www.credimex.ch\/wp-content\/uploads\/2022\/05\/delo-automix-ad1895-universal-2-component-epoxy-resin-adhesive-1kg-google-2.jpg","contentUrl":"https:\/\/www.credimex.ch\/wp-content\/uploads\/2022\/05\/delo-automix-ad1895-universal-2-component-epoxy-resin-adhesive-1kg-google-2.jpg","width":340,"height":500},{"@type":"BreadcrumbList","@id":"https:\/\/www.credimex.ch\/fr\/produit\/delo-duopox-ad895-2\/#breadcrumb","itemListElement":[{"@type":"ListItem","position":1,"name":"Home","item":"https:\/\/www.credimex.ch\/fr\/"},{"@type":"ListItem","position":2,"name":"Produits","item":"https:\/\/www.credimex.ch\/fr\/produits\/"},{"@type":"ListItem","position":3,"name":"Delo Duopox AD895"}]},{"@type":"WebSite","@id":"https:\/\/www.credimex.ch\/fr\/#website","url":"https:\/\/www.credimex.ch\/fr\/","name":"CREDIMEX","description":"Partner of Swiss Industrial Market","publisher":{"@id":"https:\/\/www.credimex.ch\/fr\/#organization"},"potentialAction":[{"@type":"SearchAction","target":{"@type":"EntryPoint","urlTemplate":"https:\/\/www.credimex.ch\/fr\/?s={search_term_string}"},"query-input":{"@type":"PropertyValueSpecification","valueRequired":true,"valueName":"search_term_string"}}],"inLanguage":"fr-FR"},{"@type":"Organization","@id":"https:\/\/www.credimex.ch\/fr\/#organization","name":"credimex","url":"https:\/\/www.credimex.ch\/fr\/","logo":{"@type":"ImageObject","inLanguage":"fr-FR","@id":"https:\/\/www.credimex.ch\/fr\/#\/schema\/logo\/image\/","url":"https:\/\/www.credimex.ch\/wp-content\/uploads\/2022\/03\/cropped-logo-credimex.png","contentUrl":"https:\/\/www.credimex.ch\/wp-content\/uploads\/2022\/03\/cropped-logo-credimex.png","width":512,"height":512,"caption":"credimex"},"image":{"@id":"https:\/\/www.credimex.ch\/fr\/#\/schema\/logo\/image\/"},"sameAs":["https:\/\/www.facebook.com\/credimex.alpnach\/","https:\/\/www.linkedin.com\/company\/credimex\/","https:\/\/www.youtube.com\/@CREDIMEX?sub_confirmation=1"]}]}},"_links":{"self":[{"href":"https:\/\/www.credimex.ch\/fr\/wp-json\/wp\/v2\/product\/4149","targetHints":{"allow":["GET"]}}],"collection":[{"href":"https:\/\/www.credimex.ch\/fr\/wp-json\/wp\/v2\/product"}],"about":[{"href":"https:\/\/www.credimex.ch\/fr\/wp-json\/wp\/v2\/types\/product"}],"replies":[{"embeddable":true,"href":"https:\/\/www.credimex.ch\/fr\/wp-json\/wp\/v2\/comments?post=4149"}],"wp:featuredmedia":[{"embeddable":true,"href":"https:\/\/www.credimex.ch\/fr\/wp-json\/wp\/v2\/media\/2952"}],"wp:attachment":[{"href":"https:\/\/www.credimex.ch\/fr\/wp-json\/wp\/v2\/media?parent=4149"}],"wp:term":[{"taxonomy":"product_brand","embeddable":true,"href":"https:\/\/www.credimex.ch\/fr\/wp-json\/wp\/v2\/product_brand?post=4149"},{"taxonomy":"product_cat","embeddable":true,"href":"https:\/\/www.credimex.ch\/fr\/wp-json\/wp\/v2\/product_cat?post=4149"},{"taxonomy":"product_tag","embeddable":true,"href":"https:\/\/www.credimex.ch\/fr\/wp-json\/wp\/v2\/product_tag?post=4149"}],"curies":[{"name":"wp","href":"https:\/\/api.w.org\/{rel}","templated":true}]}}