{"id":4151,"date":"2022-05-17T12:38:17","date_gmt":"2022-05-17T10:38:17","guid":{"rendered":"https:\/\/www.credimex.ch.mialias.net\/product\/huile-penetrante-de-qualite-alimentaire-jax\/"},"modified":"2022-05-17T12:38:17","modified_gmt":"2022-05-17T10:38:17","slug":"jax-food-grade-penetrating-oil-2","status":"publish","type":"product","link":"https:\/\/www.credimex.ch\/fr\/produit\/jax-food-grade-penetrating-oil-2\/","title":{"rendered":"Huile p\u00e9n\u00e9trante de qualit\u00e9 alimentaire Jax"},"content":{"rendered":"<h2>Description<\/h2>\n<p>L&rsquo;huile p\u00e9n\u00e9trante de qualit\u00e9 alimentaire JAX est une huile p\u00e9n\u00e9trante de premi\u00e8re qualit\u00e9 et de haute performance destin\u00e9e \u00e0 \u00eatre utilis\u00e9e dans les installations de transformation alimentaire, d&#8217;embouteillage de boissons, de production pharmaceutique et de conditionnement qui sont soumises \u00e0 l&rsquo;examen minutieux de l&rsquo;USDA ou de la FDA. L&rsquo;huile p\u00e9n\u00e9trante JAX de qualit\u00e9 alimentaire offre des performances exceptionnelles l\u00e0 o\u00f9 la r\u00e9glementation ne permet pas l&rsquo;utilisation de lubrifiants industriels ordinaires.<\/p>\n<p>Le produit est conforme aux sp\u00e9cifications suivantes :<\/p>\n<ul>\n<li>Certification NSF H1 pour \u00ab\u00a0contact accidentel avec les aliments\u00a0\u00bb.<\/li>\n<li>Certifi\u00e9 Halal<\/li>\n<li>Certification kasher<\/li>\n<li>Certification 21469<\/li>\n<\/ul>\n<h2>Avantages du produit<\/h2>\n<p>L&rsquo;huile p\u00e9n\u00e9trante JAX de qualit\u00e9 alimentaire est formul\u00e9e avec les m\u00eames ingr\u00e9dients actifs et agents mouillants que notre formulation \u00ab\u00a0America&rsquo;s Finest\u00a0\u00bb. La diff\u00e9rence est que l&rsquo;huile de base et les additifs sont autoris\u00e9s par la FDA et que le produit est class\u00e9 USDA H1 Food Grade. Cela permet au transformateur d&rsquo;aliments ou de boissons d&rsquo;appliquer ce produit pendant que l&rsquo;\u00e9quipement est en fonctionnement. Il est apte au contact accidentel avec les aliments, ce qui signifie qu&rsquo;il est inodore, sans go\u00fbt et qu&rsquo;il n&rsquo;alt\u00e8re pas l&rsquo;int\u00e9grit\u00e9 du produit fini.<\/p>\n<h2>Application<\/h2>\n<p>L&rsquo;huile p\u00e9n\u00e9trante JAX de qualit\u00e9 alimentaire est un produit tr\u00e8s souhaitable pour les industries autres que la transformation des aliments, comme l&rsquo;h\u00f4tellerie ou les soins de sant\u00e9, o\u00f9 l&rsquo;odeur provenant de l&rsquo;utilisation d&rsquo;un lubrifiant non H1 pourrait s&rsquo;infiltrer dans les syst\u00e8mes CVC et se propager d&rsquo;une pi\u00e8ce \u00e0 l&rsquo;autre. En outre, ce produit constitue une excellente huile \u00e0 pulv\u00e9riser en raison de son pourcentage \u00e9lev\u00e9 d&rsquo;inhibiteur de rouille. Apr\u00e8s le nettoyage \u00e0 haute pression ou \u00e0 la vapeur de machines ou d&rsquo;\u00e9quipements sanitaires, une application d&rsquo;huile p\u00e9n\u00e9trante de qualit\u00e9 alimentaire JAX \u00e9liminera les risques de rouille vive avant le prochain poste ou processus. Il est important de se rappeler qu&rsquo;il s&rsquo;agit d&rsquo;un produit H1 et qu&rsquo;il n&rsquo;est pas con\u00e7u pour un contact direct avec les aliments ou les boissons. Les bons processus de fabrication doivent \u00eatre respect\u00e9s.<\/p>\n","protected":false},"excerpt":{"rendered":"<p>L&rsquo;<strong>huile p\u00e9n\u00e9trante de qualit\u00e9 alimentaire JAX<\/strong> est une huile p\u00e9n\u00e9trante de haute qualit\u00e9 et de haute performance utilis\u00e9e dans les usines de transformation alimentaire, d&#8217;embouteillage de boissons, de production pharmaceutique et de mise en conserve o\u00f9 la conformit\u00e9 NSF est requise.<\/p>\n","protected":false},"featured_media":2948,"comment_status":"open","ping_status":"closed","template":"","meta":{"_acf_changed":false},"product_brand":[],"product_cat":[343,361,638,363,342],"product_tag":[],"class_list":{"0":"post-4151","1":"product","2":"type-product","3":"status-publish","4":"has-post-thumbnail","6":"product_cat-huile","7":"product_cat-industrie-alimentaire","8":"product_cat-jax","9":"product_cat-lubrifiants-de-qualite-alimentaire","10":"product_cat-lubrifiants-industriels","11":"pa_brands-jax-fr","13":"first","14":"instock","15":"shipping-taxable","16":"product-type-simple"},"acf":[],"_yoast_wpseo_focuskw":"Huile p\u00e9n\u00e9trante de qualit\u00e9 alimentaire JAX","_yoast_wpseo_metadesc":"L'huile p\u00e9n\u00e9trante JAX de qualit\u00e9 alimentaire est une huile p\u00e9n\u00e9trante de haute qualit\u00e9 et de haute performance utilis\u00e9e lorsque la conformit\u00e9 NSF est requise.","yoast_head":"<!-- This site is optimized with the Yoast SEO Premium plugin v21.6 (Yoast SEO v27.4) - https:\/\/yoast.com\/product\/yoast-seo-premium-wordpress\/ -->\n<title>Huile p\u00e9n\u00e9trante de qualit\u00e9 alimentaire Jax - CREDIMEX<\/title>\n<meta name=\"description\" content=\"L&#039;huile p\u00e9n\u00e9trante JAX de qualit\u00e9 alimentaire est une huile p\u00e9n\u00e9trante de haute qualit\u00e9 et de haute performance utilis\u00e9e lorsque la conformit\u00e9 NSF est requise.\" \/>\n<meta name=\"robots\" content=\"index, follow, max-snippet:-1, max-image-preview:large, max-video-preview:-1\" \/>\n<link rel=\"canonical\" href=\"https:\/\/www.credimex.ch\/fr\/produit\/jax-food-grade-penetrating-oil-2\/\" \/>\n<meta property=\"og:locale\" content=\"fr_FR\" \/>\n<meta property=\"og:type\" content=\"article\" \/>\n<meta property=\"og:title\" content=\"Huile p\u00e9n\u00e9trante de qualit\u00e9 alimentaire Jax\" \/>\n<meta property=\"og:description\" content=\"L&#039;huile p\u00e9n\u00e9trante JAX de qualit\u00e9 alimentaire est une huile p\u00e9n\u00e9trante de haute qualit\u00e9 et de haute performance utilis\u00e9e lorsque la conformit\u00e9 NSF est requise.\" \/>\n<meta property=\"og:url\" content=\"https:\/\/www.credimex.ch\/fr\/produit\/jax-food-grade-penetrating-oil-2\/\" \/>\n<meta property=\"og:site_name\" content=\"CREDIMEX\" \/>\n<meta property=\"article:publisher\" content=\"https:\/\/www.facebook.com\/credimex.alpnach\/\" \/>\n<meta property=\"og:image\" content=\"https:\/\/www.credimex.ch\/wp-content\/uploads\/2022\/05\/Food-Grade-Penetrating-Oil-1.jpeg\" \/>\n\t<meta property=\"og:image:width\" content=\"800\" \/>\n\t<meta property=\"og:image:height\" content=\"800\" \/>\n\t<meta property=\"og:image:type\" content=\"image\/jpeg\" \/>\n<meta name=\"twitter:card\" content=\"summary_large_image\" \/>\n<meta name=\"twitter:label1\" content=\"Dur\u00e9e de lecture estim\u00e9e\" \/>\n\t<meta name=\"twitter:data1\" content=\"2 minutes\" \/>\n<script type=\"application\/ld+json\" class=\"yoast-schema-graph\">{\"@context\":\"https:\\\/\\\/schema.org\",\"@graph\":[{\"@type\":\"WebPage\",\"@id\":\"https:\\\/\\\/www.credimex.ch\\\/fr\\\/produit\\\/jax-food-grade-penetrating-oil-2\\\/\",\"url\":\"https:\\\/\\\/www.credimex.ch\\\/fr\\\/produit\\\/jax-food-grade-penetrating-oil-2\\\/\",\"name\":\"Huile p\u00e9n\u00e9trante de qualit\u00e9 alimentaire Jax - CREDIMEX\",\"isPartOf\":{\"@id\":\"https:\\\/\\\/www.credimex.ch\\\/fr\\\/#website\"},\"primaryImageOfPage\":{\"@id\":\"https:\\\/\\\/www.credimex.ch\\\/fr\\\/produit\\\/jax-food-grade-penetrating-oil-2\\\/#primaryimage\"},\"image\":{\"@id\":\"https:\\\/\\\/www.credimex.ch\\\/fr\\\/produit\\\/jax-food-grade-penetrating-oil-2\\\/#primaryimage\"},\"thumbnailUrl\":\"https:\\\/\\\/www.credimex.ch\\\/wp-content\\\/uploads\\\/2022\\\/05\\\/Food-Grade-Penetrating-Oil-1.jpeg\",\"datePublished\":\"2022-05-17T10:38:17+00:00\",\"description\":\"L'huile p\u00e9n\u00e9trante JAX de qualit\u00e9 alimentaire est une huile p\u00e9n\u00e9trante de haute qualit\u00e9 et de haute performance utilis\u00e9e lorsque la conformit\u00e9 NSF est requise.\",\"breadcrumb\":{\"@id\":\"https:\\\/\\\/www.credimex.ch\\\/fr\\\/produit\\\/jax-food-grade-penetrating-oil-2\\\/#breadcrumb\"},\"inLanguage\":\"fr-FR\",\"potentialAction\":[{\"@type\":\"ReadAction\",\"target\":[\"https:\\\/\\\/www.credimex.ch\\\/fr\\\/produit\\\/jax-food-grade-penetrating-oil-2\\\/\"]}]},{\"@type\":\"ImageObject\",\"inLanguage\":\"fr-FR\",\"@id\":\"https:\\\/\\\/www.credimex.ch\\\/fr\\\/produit\\\/jax-food-grade-penetrating-oil-2\\\/#primaryimage\",\"url\":\"https:\\\/\\\/www.credimex.ch\\\/wp-content\\\/uploads\\\/2022\\\/05\\\/Food-Grade-Penetrating-Oil-1.jpeg\",\"contentUrl\":\"https:\\\/\\\/www.credimex.ch\\\/wp-content\\\/uploads\\\/2022\\\/05\\\/Food-Grade-Penetrating-Oil-1.jpeg\",\"width\":800,\"height\":800},{\"@type\":\"BreadcrumbList\",\"@id\":\"https:\\\/\\\/www.credimex.ch\\\/fr\\\/produit\\\/jax-food-grade-penetrating-oil-2\\\/#breadcrumb\",\"itemListElement\":[{\"@type\":\"ListItem\",\"position\":1,\"name\":\"Home\",\"item\":\"https:\\\/\\\/www.credimex.ch\\\/fr\\\/\"},{\"@type\":\"ListItem\",\"position\":2,\"name\":\"Produits\",\"item\":\"https:\\\/\\\/www.credimex.ch\\\/fr\\\/produits\\\/\"},{\"@type\":\"ListItem\",\"position\":3,\"name\":\"Huile p\u00e9n\u00e9trante de qualit\u00e9 alimentaire Jax\"}]},{\"@type\":\"WebSite\",\"@id\":\"https:\\\/\\\/www.credimex.ch\\\/fr\\\/#website\",\"url\":\"https:\\\/\\\/www.credimex.ch\\\/fr\\\/\",\"name\":\"CREDIMEX\",\"description\":\"Partner of Swiss Industrial Market\",\"publisher\":{\"@id\":\"https:\\\/\\\/www.credimex.ch\\\/fr\\\/#organization\"},\"potentialAction\":[{\"@type\":\"SearchAction\",\"target\":{\"@type\":\"EntryPoint\",\"urlTemplate\":\"https:\\\/\\\/www.credimex.ch\\\/fr\\\/?s={search_term_string}\"},\"query-input\":{\"@type\":\"PropertyValueSpecification\",\"valueRequired\":true,\"valueName\":\"search_term_string\"}}],\"inLanguage\":\"fr-FR\"},{\"@type\":\"Organization\",\"@id\":\"https:\\\/\\\/www.credimex.ch\\\/fr\\\/#organization\",\"name\":\"credimex\",\"url\":\"https:\\\/\\\/www.credimex.ch\\\/fr\\\/\",\"logo\":{\"@type\":\"ImageObject\",\"inLanguage\":\"fr-FR\",\"@id\":\"https:\\\/\\\/www.credimex.ch\\\/fr\\\/#\\\/schema\\\/logo\\\/image\\\/\",\"url\":\"https:\\\/\\\/www.credimex.ch\\\/wp-content\\\/uploads\\\/2022\\\/03\\\/cropped-logo-credimex.png\",\"contentUrl\":\"https:\\\/\\\/www.credimex.ch\\\/wp-content\\\/uploads\\\/2022\\\/03\\\/cropped-logo-credimex.png\",\"width\":512,\"height\":512,\"caption\":\"credimex\"},\"image\":{\"@id\":\"https:\\\/\\\/www.credimex.ch\\\/fr\\\/#\\\/schema\\\/logo\\\/image\\\/\"},\"sameAs\":[\"https:\\\/\\\/www.facebook.com\\\/credimex.alpnach\\\/\",\"https:\\\/\\\/www.linkedin.com\\\/company\\\/credimex\\\/\",\"https:\\\/\\\/www.youtube.com\\\/@CREDIMEX?sub_confirmation=1\"]}]}<\/script>\n<!-- \/ Yoast SEO Premium plugin. -->","yoast_head_json":{"title":"Huile p\u00e9n\u00e9trante de qualit\u00e9 alimentaire Jax - CREDIMEX","description":"L'huile p\u00e9n\u00e9trante JAX de qualit\u00e9 alimentaire est une huile p\u00e9n\u00e9trante de haute qualit\u00e9 et de haute performance utilis\u00e9e lorsque la conformit\u00e9 NSF est requise.","robots":{"index":"index","follow":"follow","max-snippet":"max-snippet:-1","max-image-preview":"max-image-preview:large","max-video-preview":"max-video-preview:-1"},"canonical":"https:\/\/www.credimex.ch\/fr\/produit\/jax-food-grade-penetrating-oil-2\/","og_locale":"fr_FR","og_type":"article","og_title":"Huile p\u00e9n\u00e9trante de qualit\u00e9 alimentaire Jax","og_description":"L'huile p\u00e9n\u00e9trante JAX de qualit\u00e9 alimentaire est une huile p\u00e9n\u00e9trante de haute qualit\u00e9 et de haute performance utilis\u00e9e lorsque la conformit\u00e9 NSF est requise.","og_url":"https:\/\/www.credimex.ch\/fr\/produit\/jax-food-grade-penetrating-oil-2\/","og_site_name":"CREDIMEX","article_publisher":"https:\/\/www.facebook.com\/credimex.alpnach\/","og_image":[{"width":800,"height":800,"url":"https:\/\/www.credimex.ch\/wp-content\/uploads\/2022\/05\/Food-Grade-Penetrating-Oil-1.jpeg","type":"image\/jpeg"}],"twitter_card":"summary_large_image","twitter_misc":{"Dur\u00e9e de lecture estim\u00e9e":"2 minutes"},"schema":{"@context":"https:\/\/schema.org","@graph":[{"@type":"WebPage","@id":"https:\/\/www.credimex.ch\/fr\/produit\/jax-food-grade-penetrating-oil-2\/","url":"https:\/\/www.credimex.ch\/fr\/produit\/jax-food-grade-penetrating-oil-2\/","name":"Huile p\u00e9n\u00e9trante de qualit\u00e9 alimentaire Jax - CREDIMEX","isPartOf":{"@id":"https:\/\/www.credimex.ch\/fr\/#website"},"primaryImageOfPage":{"@id":"https:\/\/www.credimex.ch\/fr\/produit\/jax-food-grade-penetrating-oil-2\/#primaryimage"},"image":{"@id":"https:\/\/www.credimex.ch\/fr\/produit\/jax-food-grade-penetrating-oil-2\/#primaryimage"},"thumbnailUrl":"https:\/\/www.credimex.ch\/wp-content\/uploads\/2022\/05\/Food-Grade-Penetrating-Oil-1.jpeg","datePublished":"2022-05-17T10:38:17+00:00","description":"L'huile p\u00e9n\u00e9trante JAX de qualit\u00e9 alimentaire est une huile p\u00e9n\u00e9trante de haute qualit\u00e9 et de haute performance utilis\u00e9e lorsque la conformit\u00e9 NSF est requise.","breadcrumb":{"@id":"https:\/\/www.credimex.ch\/fr\/produit\/jax-food-grade-penetrating-oil-2\/#breadcrumb"},"inLanguage":"fr-FR","potentialAction":[{"@type":"ReadAction","target":["https:\/\/www.credimex.ch\/fr\/produit\/jax-food-grade-penetrating-oil-2\/"]}]},{"@type":"ImageObject","inLanguage":"fr-FR","@id":"https:\/\/www.credimex.ch\/fr\/produit\/jax-food-grade-penetrating-oil-2\/#primaryimage","url":"https:\/\/www.credimex.ch\/wp-content\/uploads\/2022\/05\/Food-Grade-Penetrating-Oil-1.jpeg","contentUrl":"https:\/\/www.credimex.ch\/wp-content\/uploads\/2022\/05\/Food-Grade-Penetrating-Oil-1.jpeg","width":800,"height":800},{"@type":"BreadcrumbList","@id":"https:\/\/www.credimex.ch\/fr\/produit\/jax-food-grade-penetrating-oil-2\/#breadcrumb","itemListElement":[{"@type":"ListItem","position":1,"name":"Home","item":"https:\/\/www.credimex.ch\/fr\/"},{"@type":"ListItem","position":2,"name":"Produits","item":"https:\/\/www.credimex.ch\/fr\/produits\/"},{"@type":"ListItem","position":3,"name":"Huile p\u00e9n\u00e9trante de qualit\u00e9 alimentaire Jax"}]},{"@type":"WebSite","@id":"https:\/\/www.credimex.ch\/fr\/#website","url":"https:\/\/www.credimex.ch\/fr\/","name":"CREDIMEX","description":"Partner of Swiss Industrial Market","publisher":{"@id":"https:\/\/www.credimex.ch\/fr\/#organization"},"potentialAction":[{"@type":"SearchAction","target":{"@type":"EntryPoint","urlTemplate":"https:\/\/www.credimex.ch\/fr\/?s={search_term_string}"},"query-input":{"@type":"PropertyValueSpecification","valueRequired":true,"valueName":"search_term_string"}}],"inLanguage":"fr-FR"},{"@type":"Organization","@id":"https:\/\/www.credimex.ch\/fr\/#organization","name":"credimex","url":"https:\/\/www.credimex.ch\/fr\/","logo":{"@type":"ImageObject","inLanguage":"fr-FR","@id":"https:\/\/www.credimex.ch\/fr\/#\/schema\/logo\/image\/","url":"https:\/\/www.credimex.ch\/wp-content\/uploads\/2022\/03\/cropped-logo-credimex.png","contentUrl":"https:\/\/www.credimex.ch\/wp-content\/uploads\/2022\/03\/cropped-logo-credimex.png","width":512,"height":512,"caption":"credimex"},"image":{"@id":"https:\/\/www.credimex.ch\/fr\/#\/schema\/logo\/image\/"},"sameAs":["https:\/\/www.facebook.com\/credimex.alpnach\/","https:\/\/www.linkedin.com\/company\/credimex\/","https:\/\/www.youtube.com\/@CREDIMEX?sub_confirmation=1"]}]}},"_links":{"self":[{"href":"https:\/\/www.credimex.ch\/fr\/wp-json\/wp\/v2\/product\/4151","targetHints":{"allow":["GET"]}}],"collection":[{"href":"https:\/\/www.credimex.ch\/fr\/wp-json\/wp\/v2\/product"}],"about":[{"href":"https:\/\/www.credimex.ch\/fr\/wp-json\/wp\/v2\/types\/product"}],"replies":[{"embeddable":true,"href":"https:\/\/www.credimex.ch\/fr\/wp-json\/wp\/v2\/comments?post=4151"}],"wp:featuredmedia":[{"embeddable":true,"href":"https:\/\/www.credimex.ch\/fr\/wp-json\/wp\/v2\/media\/2948"}],"wp:attachment":[{"href":"https:\/\/www.credimex.ch\/fr\/wp-json\/wp\/v2\/media?parent=4151"}],"wp:term":[{"taxonomy":"product_brand","embeddable":true,"href":"https:\/\/www.credimex.ch\/fr\/wp-json\/wp\/v2\/product_brand?post=4151"},{"taxonomy":"product_cat","embeddable":true,"href":"https:\/\/www.credimex.ch\/fr\/wp-json\/wp\/v2\/product_cat?post=4151"},{"taxonomy":"product_tag","embeddable":true,"href":"https:\/\/www.credimex.ch\/fr\/wp-json\/wp\/v2\/product_tag?post=4151"}],"curies":[{"name":"wp","href":"https:\/\/api.w.org\/{rel}","templated":true}]}}