{"id":4155,"date":"2022-05-17T12:22:10","date_gmt":"2022-05-17T10:22:10","guid":{"rendered":"https:\/\/www.credimex.ch.mialias.net\/product\/huile-pour-chaine-de-four-jax-proofer\/"},"modified":"2022-05-17T12:22:10","modified_gmt":"2022-05-17T10:22:10","slug":"jax-proofer-four-chaine-huile","status":"publish","type":"product","link":"https:\/\/www.credimex.ch\/fr\/produit\/jax-proofer-four-chaine-huile\/","title":{"rendered":"Huile pour cha\u00eene de four Jax Proofer"},"content":{"rendered":"<h2>Description<\/h2>\n<p>Ce lubrifiant contient une combinaison efficace d&rsquo;agents anti-usure, d&rsquo;inhibiteurs de rouille am\u00e9lior\u00e9s et d&rsquo;agents polym\u00e8res am\u00e9liorant la viscosit\u00e9 afin de fournir des avantages de performance exceptionnels par rapport aux huiles blanches non compos\u00e9es. Il a \u00e9t\u00e9 formul\u00e9 pour fournir une performance extr\u00eamement \u00e9lev\u00e9e sur les cha\u00eenes de boulangerie et autres \u00e9quipements de transformation des aliments dans des environnements humides ou mouill\u00e9s. JAX Proofer ChainOil r\u00e9pond aux exigences de la norme 21 CFR 178.3570 (lubrifiants ayant un contact accidentel avec les aliments).<\/p>\n<p>Le produit est conforme aux sp\u00e9cifications suivantes :<\/p>\n<ul>\n<li>Enregistr\u00e9 USDA\/NSF H1<\/li>\n<li>Certifi\u00e9 Casher et Pareve<\/li>\n<\/ul>\n<h2>Avantages du produit<\/h2>\n<p>Mouillage et lubrification du m\u00e9tal &#8211; L&rsquo;huile pour cha\u00eene Proofer de JAX fournit un film lubrifiant sup\u00e9rieur pour toutes les roues, maillons de cha\u00eene, roulements et pivots de convoyeurs dans l&rsquo;environnement alimentaire, ce qui r\u00e9duit consid\u00e9rablement l&rsquo;usure des composants et la d\u00e9faillance des cha\u00eenes de convoyeurs. La cl\u00e9 de la performance anti-usure de l&rsquo;huile de cha\u00eene JAX Proofer est l&rsquo;incorporation d&rsquo;une chimie d&rsquo;additifs anti-usure et de P.E. de qualit\u00e9 alimentaire haute performance s\u00e9lectionn\u00e9s qui surpassent les produits concurrents dans les domaines de la r\u00e9duction du frottement et du pouvoir lubrifiant.<\/p>\n<p>Protection contre la corrosion et la rouille &#8211; Le m\u00e9lange exclusif d&rsquo;inhibiteurs de corrosion et de rouille de qualit\u00e9 alimentaire de l&rsquo;huile pour cha\u00eenes Proofer de JAX offre un excellent d\u00e9placement de l&rsquo;eau et une excellente inhibition de la rouille aux composants des cha\u00eenes de convoyeurs soumis \u00e0 des niveaux \u00e9lev\u00e9s d&rsquo;eau et de condensat que l&rsquo;on trouve dans les boulangeries et autres applications de transformation des aliments. En rempla\u00e7ant vos huiles blanches par l&rsquo;huile pour cha\u00eenes JAX Proofer, vous prolongerez consid\u00e9rablement la dur\u00e9e de vie et les intervalles de lubrification de vos co\u00fbteuses cha\u00eenes de convoyeurs et de vos \u00e9quipements de traitement.<\/p>\n<p>En plus de minimiser les co\u00fbts associ\u00e9s \u00e0 la contamination du produit et aux arr\u00eats de la cha\u00eene, le polym\u00e8re synth\u00e9tique am\u00e9liore la performance \u00e0 basse temp\u00e9rature de l&rsquo;huile pour cha\u00eene de fermentation JAX et la protection de la cha\u00eene.<\/p>\n<p>Technologie Micronox\u00ae &#8211; L&rsquo;huile pour cha\u00eenes Proofer de JAX contient les avantages de la technologie Micronox\u00ae en mati\u00e8re de performance.  <span style=\"font-family: -apple-system, BlinkMacSystemFont, 'Segoe UI', Roboto, Oxygen-Sans, Ubuntu, Cantarell, 'Helvetica Neue', sans-serif;\">qui assurent la protection conservatrice du lubrifiant. Une premi\u00e8re dans les lubrifiants de qualit\u00e9 alimentaire, JAX Micronox\u00ae s&rsquo;est av\u00e9r\u00e9 particuli\u00e8rement efficace pour prot\u00e9ger l&rsquo;huile de cha\u00eene JAX Proofer sur des intervalles de lubrification prolong\u00e9s.<\/span><\/p>\n<ul>\n<li>Une protection anti-usure exceptionnelle<\/li>\n<li>Excellentes caract\u00e9ristiques \u00ab\u00a0anti-goutte\u00a0\u00bb.<\/li>\n<li>Protection am\u00e9lior\u00e9e contre la rouille et la corrosion dans les environnements humides et tr\u00e8s humides.<\/li>\n<li>Propri\u00e9t\u00e9s sup\u00e9rieures de propret\u00e9 de la cha\u00eene<\/li>\n<li>Excellentes caract\u00e9ristiques de mouillage des m\u00e9taux<\/li>\n<\/ul>\n<h2>Applications<\/h2>\n<p>L&rsquo;huile pour cha\u00eenes de proofers JAX est formul\u00e9e pour \u00eatre utilis\u00e9e dans des environnements humides, \u00e0 forte humidit\u00e9 et extr\u00eamement corrosifs tels que les proofers industriels et autres machines lubrifi\u00e9es remplissant une vari\u00e9t\u00e9 de fonctions critiques. Il a \u00e9galement \u00e9t\u00e9 efficace dans des environnements extr\u00eamement corrosifs. Les applications sp\u00e9cifiques comprennent les lubrificateurs de cha\u00eenes par brumisation ou pulv\u00e9risation, les galets de came, les vannes \u00e0 glissi\u00e8re, les syst\u00e8mes de lubrification par \u00e9gouttement, ou tout autre endroit o\u00f9 un lubrifiant homologu\u00e9 SNFH1 doit \u00eatre utilis\u00e9 dans des environnements extr\u00eamement humides ou mouill\u00e9s.<\/p>\n","protected":false},"excerpt":{"rendered":"<p>L&rsquo;<strong>huile pour cha\u00eenes de fermentation JAX<\/strong> est formul\u00e9e de mani\u00e8re unique et est sp\u00e9cialement compos\u00e9e pour la lubrification dans des environnements \u00e0 forte humidit\u00e9 afin de fournir des performances extr\u00eamement \u00e9lev\u00e9es, \u00e9liminant la corrosion sur les cha\u00eenes de fermentation des boulangeries et autres \u00e9quipements de transformation des aliments.<\/p>\n","protected":false},"featured_media":2944,"comment_status":"open","ping_status":"closed","template":"","meta":{"_acf_changed":false},"product_brand":[],"product_cat":[343,361,638,363,342],"product_tag":[],"class_list":{"0":"post-4155","1":"product","2":"type-product","3":"status-publish","4":"has-post-thumbnail","6":"product_cat-huile","7":"product_cat-industrie-alimentaire","8":"product_cat-jax","9":"product_cat-lubrifiants-de-qualite-alimentaire","10":"product_cat-lubrifiants-industriels","11":"pa_brands-jax-fr","13":"first","14":"instock","15":"shipping-taxable","16":"product-type-simple"},"acf":[],"_yoast_wpseo_focuskw":"Huile pour cha\u00eene de four Jax Proofer","_yoast_wpseo_metadesc":"L'huile pour cha\u00eenes JAX Proofer est formul\u00e9e de mani\u00e8re unique pour la lubrification dans les environnements \u00e0 forte humidit\u00e9.","yoast_head":"<!-- This site is optimized with the Yoast SEO Premium plugin v21.6 (Yoast SEO v27.4) - https:\/\/yoast.com\/product\/yoast-seo-premium-wordpress\/ -->\n<title>Huile pour cha\u00eene de four Jax Proofer - CREDIMEX<\/title>\n<meta name=\"description\" content=\"L&#039;huile pour cha\u00eenes JAX Proofer est formul\u00e9e de mani\u00e8re unique pour la lubrification dans les environnements \u00e0 forte humidit\u00e9.\" \/>\n<meta name=\"robots\" content=\"index, follow, max-snippet:-1, max-image-preview:large, max-video-preview:-1\" \/>\n<link rel=\"canonical\" href=\"https:\/\/www.credimex.ch\/fr\/produit\/jax-proofer-four-chaine-huile\/\" \/>\n<meta property=\"og:locale\" content=\"fr_FR\" \/>\n<meta property=\"og:type\" content=\"article\" \/>\n<meta property=\"og:title\" content=\"Huile pour cha\u00eene de four Jax Proofer\" \/>\n<meta property=\"og:description\" content=\"L&#039;huile pour cha\u00eenes JAX Proofer est formul\u00e9e de mani\u00e8re unique pour la lubrification dans les environnements \u00e0 forte humidit\u00e9.\" \/>\n<meta property=\"og:url\" content=\"https:\/\/www.credimex.ch\/fr\/produit\/jax-proofer-four-chaine-huile\/\" \/>\n<meta property=\"og:site_name\" content=\"CREDIMEX\" \/>\n<meta property=\"article:publisher\" content=\"https:\/\/www.facebook.com\/credimex.alpnach\/\" \/>\n<meta property=\"og:image\" content=\"https:\/\/www.credimex.ch\/wp-content\/uploads\/2022\/05\/jax-Proofer-Oven-Chain-Oil.png\" \/>\n\t<meta property=\"og:image:width\" content=\"800\" \/>\n\t<meta property=\"og:image:height\" content=\"800\" \/>\n\t<meta property=\"og:image:type\" content=\"image\/png\" \/>\n<meta name=\"twitter:card\" content=\"summary_large_image\" \/>\n<meta name=\"twitter:label1\" content=\"Dur\u00e9e de lecture estim\u00e9e\" \/>\n\t<meta name=\"twitter:data1\" content=\"3 minutes\" \/>\n<script type=\"application\/ld+json\" class=\"yoast-schema-graph\">{\"@context\":\"https:\\\/\\\/schema.org\",\"@graph\":[{\"@type\":\"WebPage\",\"@id\":\"https:\\\/\\\/www.credimex.ch\\\/fr\\\/produit\\\/jax-proofer-four-chaine-huile\\\/\",\"url\":\"https:\\\/\\\/www.credimex.ch\\\/fr\\\/produit\\\/jax-proofer-four-chaine-huile\\\/\",\"name\":\"Huile pour cha\u00eene de four Jax Proofer - CREDIMEX\",\"isPartOf\":{\"@id\":\"https:\\\/\\\/www.credimex.ch\\\/fr\\\/#website\"},\"primaryImageOfPage\":{\"@id\":\"https:\\\/\\\/www.credimex.ch\\\/fr\\\/produit\\\/jax-proofer-four-chaine-huile\\\/#primaryimage\"},\"image\":{\"@id\":\"https:\\\/\\\/www.credimex.ch\\\/fr\\\/produit\\\/jax-proofer-four-chaine-huile\\\/#primaryimage\"},\"thumbnailUrl\":\"https:\\\/\\\/www.credimex.ch\\\/wp-content\\\/uploads\\\/2022\\\/05\\\/jax-Proofer-Oven-Chain-Oil.png\",\"datePublished\":\"2022-05-17T10:22:10+00:00\",\"description\":\"L'huile pour cha\u00eenes JAX Proofer est formul\u00e9e de mani\u00e8re unique pour la lubrification dans les environnements \u00e0 forte humidit\u00e9.\",\"breadcrumb\":{\"@id\":\"https:\\\/\\\/www.credimex.ch\\\/fr\\\/produit\\\/jax-proofer-four-chaine-huile\\\/#breadcrumb\"},\"inLanguage\":\"fr-FR\",\"potentialAction\":[{\"@type\":\"ReadAction\",\"target\":[\"https:\\\/\\\/www.credimex.ch\\\/fr\\\/produit\\\/jax-proofer-four-chaine-huile\\\/\"]}]},{\"@type\":\"ImageObject\",\"inLanguage\":\"fr-FR\",\"@id\":\"https:\\\/\\\/www.credimex.ch\\\/fr\\\/produit\\\/jax-proofer-four-chaine-huile\\\/#primaryimage\",\"url\":\"https:\\\/\\\/www.credimex.ch\\\/wp-content\\\/uploads\\\/2022\\\/05\\\/jax-Proofer-Oven-Chain-Oil.png\",\"contentUrl\":\"https:\\\/\\\/www.credimex.ch\\\/wp-content\\\/uploads\\\/2022\\\/05\\\/jax-Proofer-Oven-Chain-Oil.png\",\"width\":800,\"height\":800},{\"@type\":\"BreadcrumbList\",\"@id\":\"https:\\\/\\\/www.credimex.ch\\\/fr\\\/produit\\\/jax-proofer-four-chaine-huile\\\/#breadcrumb\",\"itemListElement\":[{\"@type\":\"ListItem\",\"position\":1,\"name\":\"Home\",\"item\":\"https:\\\/\\\/www.credimex.ch\\\/fr\\\/\"},{\"@type\":\"ListItem\",\"position\":2,\"name\":\"Produits\",\"item\":\"https:\\\/\\\/www.credimex.ch\\\/fr\\\/produits\\\/\"},{\"@type\":\"ListItem\",\"position\":3,\"name\":\"Huile pour cha\u00eene de four Jax Proofer\"}]},{\"@type\":\"WebSite\",\"@id\":\"https:\\\/\\\/www.credimex.ch\\\/fr\\\/#website\",\"url\":\"https:\\\/\\\/www.credimex.ch\\\/fr\\\/\",\"name\":\"CREDIMEX\",\"description\":\"Partner of Swiss Industrial Market\",\"publisher\":{\"@id\":\"https:\\\/\\\/www.credimex.ch\\\/fr\\\/#organization\"},\"potentialAction\":[{\"@type\":\"SearchAction\",\"target\":{\"@type\":\"EntryPoint\",\"urlTemplate\":\"https:\\\/\\\/www.credimex.ch\\\/fr\\\/?s={search_term_string}\"},\"query-input\":{\"@type\":\"PropertyValueSpecification\",\"valueRequired\":true,\"valueName\":\"search_term_string\"}}],\"inLanguage\":\"fr-FR\"},{\"@type\":\"Organization\",\"@id\":\"https:\\\/\\\/www.credimex.ch\\\/fr\\\/#organization\",\"name\":\"credimex\",\"url\":\"https:\\\/\\\/www.credimex.ch\\\/fr\\\/\",\"logo\":{\"@type\":\"ImageObject\",\"inLanguage\":\"fr-FR\",\"@id\":\"https:\\\/\\\/www.credimex.ch\\\/fr\\\/#\\\/schema\\\/logo\\\/image\\\/\",\"url\":\"https:\\\/\\\/www.credimex.ch\\\/wp-content\\\/uploads\\\/2022\\\/03\\\/cropped-logo-credimex.png\",\"contentUrl\":\"https:\\\/\\\/www.credimex.ch\\\/wp-content\\\/uploads\\\/2022\\\/03\\\/cropped-logo-credimex.png\",\"width\":512,\"height\":512,\"caption\":\"credimex\"},\"image\":{\"@id\":\"https:\\\/\\\/www.credimex.ch\\\/fr\\\/#\\\/schema\\\/logo\\\/image\\\/\"},\"sameAs\":[\"https:\\\/\\\/www.facebook.com\\\/credimex.alpnach\\\/\",\"https:\\\/\\\/www.linkedin.com\\\/company\\\/credimex\\\/\",\"https:\\\/\\\/www.youtube.com\\\/@CREDIMEX?sub_confirmation=1\"]}]}<\/script>\n<!-- \/ Yoast SEO Premium plugin. -->","yoast_head_json":{"title":"Huile pour cha\u00eene de four Jax Proofer - CREDIMEX","description":"L'huile pour cha\u00eenes JAX Proofer est formul\u00e9e de mani\u00e8re unique pour la lubrification dans les environnements \u00e0 forte humidit\u00e9.","robots":{"index":"index","follow":"follow","max-snippet":"max-snippet:-1","max-image-preview":"max-image-preview:large","max-video-preview":"max-video-preview:-1"},"canonical":"https:\/\/www.credimex.ch\/fr\/produit\/jax-proofer-four-chaine-huile\/","og_locale":"fr_FR","og_type":"article","og_title":"Huile pour cha\u00eene de four Jax Proofer","og_description":"L'huile pour cha\u00eenes JAX Proofer est formul\u00e9e de mani\u00e8re unique pour la lubrification dans les environnements \u00e0 forte humidit\u00e9.","og_url":"https:\/\/www.credimex.ch\/fr\/produit\/jax-proofer-four-chaine-huile\/","og_site_name":"CREDIMEX","article_publisher":"https:\/\/www.facebook.com\/credimex.alpnach\/","og_image":[{"width":800,"height":800,"url":"https:\/\/www.credimex.ch\/wp-content\/uploads\/2022\/05\/jax-Proofer-Oven-Chain-Oil.png","type":"image\/png"}],"twitter_card":"summary_large_image","twitter_misc":{"Dur\u00e9e de lecture estim\u00e9e":"3 minutes"},"schema":{"@context":"https:\/\/schema.org","@graph":[{"@type":"WebPage","@id":"https:\/\/www.credimex.ch\/fr\/produit\/jax-proofer-four-chaine-huile\/","url":"https:\/\/www.credimex.ch\/fr\/produit\/jax-proofer-four-chaine-huile\/","name":"Huile pour cha\u00eene de four Jax Proofer - CREDIMEX","isPartOf":{"@id":"https:\/\/www.credimex.ch\/fr\/#website"},"primaryImageOfPage":{"@id":"https:\/\/www.credimex.ch\/fr\/produit\/jax-proofer-four-chaine-huile\/#primaryimage"},"image":{"@id":"https:\/\/www.credimex.ch\/fr\/produit\/jax-proofer-four-chaine-huile\/#primaryimage"},"thumbnailUrl":"https:\/\/www.credimex.ch\/wp-content\/uploads\/2022\/05\/jax-Proofer-Oven-Chain-Oil.png","datePublished":"2022-05-17T10:22:10+00:00","description":"L'huile pour cha\u00eenes JAX Proofer est formul\u00e9e de mani\u00e8re unique pour la lubrification dans les environnements \u00e0 forte humidit\u00e9.","breadcrumb":{"@id":"https:\/\/www.credimex.ch\/fr\/produit\/jax-proofer-four-chaine-huile\/#breadcrumb"},"inLanguage":"fr-FR","potentialAction":[{"@type":"ReadAction","target":["https:\/\/www.credimex.ch\/fr\/produit\/jax-proofer-four-chaine-huile\/"]}]},{"@type":"ImageObject","inLanguage":"fr-FR","@id":"https:\/\/www.credimex.ch\/fr\/produit\/jax-proofer-four-chaine-huile\/#primaryimage","url":"https:\/\/www.credimex.ch\/wp-content\/uploads\/2022\/05\/jax-Proofer-Oven-Chain-Oil.png","contentUrl":"https:\/\/www.credimex.ch\/wp-content\/uploads\/2022\/05\/jax-Proofer-Oven-Chain-Oil.png","width":800,"height":800},{"@type":"BreadcrumbList","@id":"https:\/\/www.credimex.ch\/fr\/produit\/jax-proofer-four-chaine-huile\/#breadcrumb","itemListElement":[{"@type":"ListItem","position":1,"name":"Home","item":"https:\/\/www.credimex.ch\/fr\/"},{"@type":"ListItem","position":2,"name":"Produits","item":"https:\/\/www.credimex.ch\/fr\/produits\/"},{"@type":"ListItem","position":3,"name":"Huile pour cha\u00eene de four Jax Proofer"}]},{"@type":"WebSite","@id":"https:\/\/www.credimex.ch\/fr\/#website","url":"https:\/\/www.credimex.ch\/fr\/","name":"CREDIMEX","description":"Partner of Swiss Industrial Market","publisher":{"@id":"https:\/\/www.credimex.ch\/fr\/#organization"},"potentialAction":[{"@type":"SearchAction","target":{"@type":"EntryPoint","urlTemplate":"https:\/\/www.credimex.ch\/fr\/?s={search_term_string}"},"query-input":{"@type":"PropertyValueSpecification","valueRequired":true,"valueName":"search_term_string"}}],"inLanguage":"fr-FR"},{"@type":"Organization","@id":"https:\/\/www.credimex.ch\/fr\/#organization","name":"credimex","url":"https:\/\/www.credimex.ch\/fr\/","logo":{"@type":"ImageObject","inLanguage":"fr-FR","@id":"https:\/\/www.credimex.ch\/fr\/#\/schema\/logo\/image\/","url":"https:\/\/www.credimex.ch\/wp-content\/uploads\/2022\/03\/cropped-logo-credimex.png","contentUrl":"https:\/\/www.credimex.ch\/wp-content\/uploads\/2022\/03\/cropped-logo-credimex.png","width":512,"height":512,"caption":"credimex"},"image":{"@id":"https:\/\/www.credimex.ch\/fr\/#\/schema\/logo\/image\/"},"sameAs":["https:\/\/www.facebook.com\/credimex.alpnach\/","https:\/\/www.linkedin.com\/company\/credimex\/","https:\/\/www.youtube.com\/@CREDIMEX?sub_confirmation=1"]}]}},"_links":{"self":[{"href":"https:\/\/www.credimex.ch\/fr\/wp-json\/wp\/v2\/product\/4155","targetHints":{"allow":["GET"]}}],"collection":[{"href":"https:\/\/www.credimex.ch\/fr\/wp-json\/wp\/v2\/product"}],"about":[{"href":"https:\/\/www.credimex.ch\/fr\/wp-json\/wp\/v2\/types\/product"}],"replies":[{"embeddable":true,"href":"https:\/\/www.credimex.ch\/fr\/wp-json\/wp\/v2\/comments?post=4155"}],"wp:featuredmedia":[{"embeddable":true,"href":"https:\/\/www.credimex.ch\/fr\/wp-json\/wp\/v2\/media\/2944"}],"wp:attachment":[{"href":"https:\/\/www.credimex.ch\/fr\/wp-json\/wp\/v2\/media?parent=4155"}],"wp:term":[{"taxonomy":"product_brand","embeddable":true,"href":"https:\/\/www.credimex.ch\/fr\/wp-json\/wp\/v2\/product_brand?post=4155"},{"taxonomy":"product_cat","embeddable":true,"href":"https:\/\/www.credimex.ch\/fr\/wp-json\/wp\/v2\/product_cat?post=4155"},{"taxonomy":"product_tag","embeddable":true,"href":"https:\/\/www.credimex.ch\/fr\/wp-json\/wp\/v2\/product_tag?post=4155"}],"curies":[{"name":"wp","href":"https:\/\/api.w.org\/{rel}","templated":true}]}}