{"id":4157,"date":"2022-05-17T12:09:27","date_gmt":"2022-05-17T10:09:27","guid":{"rendered":"https:\/\/www.credimex.ch.mialias.net\/product\/jax-magna-plate-78\/"},"modified":"2022-05-17T12:09:27","modified_gmt":"2022-05-17T10:09:27","slug":"jax-magna-plate-78-2","status":"publish","type":"product","link":"https:\/\/www.credimex.ch\/fr\/produit\/jax-magna-plate-78-2\/","title":{"rendered":"Jax Magna-Plate 78"},"content":{"rendered":"<h2>Description<\/h2>\n<p>L&rsquo;huile Magna-Plate 78 de Jax est un lubrifiant blanc USP \u00e0 base d&rsquo;huile min\u00e9rale qui utilise un syst\u00e8me d&rsquo;additifs exclusif et une technologie de polym\u00e8re synth\u00e9tique pour offrir une protection exceptionnelle contre l&rsquo;usure et la corrosion aux machines de l&rsquo;industrie alimentaire et des boissons.<\/p>\n<p>Le produit est conforme aux sp\u00e9cifications suivantes :<\/p>\n<ul>\n<li>Certification NSF H1 pour \u00ab\u00a0contact accidentel avec les aliments\u00a0\u00bb.<\/li>\n<li>Certifi\u00e9 Halal<\/li>\n<li>Certification kasher<\/li>\n<li>Certification ISO 21469<\/li>\n<\/ul>\n<h2>Avantages du produit<\/h2>\n<ul>\n<li>Une protection exceptionnelle contre l&rsquo;usure<\/li>\n<li>Excellentes caract\u00e9ristiques de filtrage<\/li>\n<li>Excellente stabilit\u00e9 \u00e0 l&rsquo;oxydation \u00e0 haute temp\u00e9rature<\/li>\n<li>Protection sup\u00e9rieure contre la corrosion<\/li>\n<li>D\u00e9mulsifi\u00e9 pour les processus qui veulent la sortie de l&rsquo;eau<\/li>\n<li>Prolongation de la dur\u00e9e de vie des composants lubrifi\u00e9s<\/li>\n<\/ul>\n<h2>Applications<\/h2>\n<ul>\n<li>Lubrification g\u00e9n\u00e9rale des cha\u00eenes et des c\u00e2bles<\/li>\n<li>Lubrification des engrenages et des roulements<\/li>\n<li>Lubrification pour l&rsquo;\u00e9tanch\u00e9it\u00e9 des bo\u00eetes<\/li>\n<\/ul>\n","protected":false},"excerpt":{"rendered":"<p><strong>JAX Magna-Plate 78<\/strong> est une huile pour machines alimentaires en a\u00e9rosol homologu\u00e9e NSF H1, dot\u00e9e de propri\u00e9t\u00e9s anti-usure am\u00e9lior\u00e9es, destin\u00e9e \u00e0 \u00eatre utilis\u00e9e dans toutes les applications de l&rsquo;industrie alimentaire.<\/p>\n","protected":false},"featured_media":2942,"comment_status":"open","ping_status":"closed","template":"","meta":{"_acf_changed":false},"product_brand":[],"product_cat":[343,361,638,363,342],"product_tag":[],"class_list":{"0":"post-4157","1":"product","2":"type-product","3":"status-publish","4":"has-post-thumbnail","6":"product_cat-huile","7":"product_cat-industrie-alimentaire","8":"product_cat-jax","9":"product_cat-lubrifiants-de-qualite-alimentaire","10":"product_cat-lubrifiants-industriels","11":"pa_brands-jax-fr","13":"first","14":"instock","15":"shipping-taxable","16":"product-type-simple"},"acf":[],"_yoast_wpseo_focuskw":"JAX Magna-Plate 78","_yoast_wpseo_metadesc":null,"yoast_head":"<!-- This site is optimized with the Yoast SEO Premium plugin v21.6 (Yoast SEO v27.4) - https:\/\/yoast.com\/product\/yoast-seo-premium-wordpress\/ -->\n<title>Jax Magna-Plate 78 - CREDIMEX<\/title>\n<meta name=\"robots\" content=\"index, follow, max-snippet:-1, max-image-preview:large, max-video-preview:-1\" \/>\n<link rel=\"canonical\" href=\"https:\/\/www.credimex.ch\/fr\/produit\/jax-magna-plate-78-2\/\" \/>\n<meta property=\"og:locale\" content=\"fr_FR\" \/>\n<meta property=\"og:type\" content=\"article\" \/>\n<meta property=\"og:title\" content=\"Jax Magna-Plate 78\" \/>\n<meta property=\"og:description\" content=\"JAX Magna-Plate 78 est une huile pour machines alimentaires en a\u00e9rosol homologu\u00e9e NSF H1, dot\u00e9e de propri\u00e9t\u00e9s anti-usure am\u00e9lior\u00e9es, destin\u00e9e \u00e0 \u00eatre utilis\u00e9e dans toutes les applications de l&#039;industrie alimentaire.\" \/>\n<meta property=\"og:url\" content=\"https:\/\/www.credimex.ch\/fr\/produit\/jax-magna-plate-78-2\/\" \/>\n<meta property=\"og:site_name\" content=\"CREDIMEX\" \/>\n<meta property=\"article:publisher\" content=\"https:\/\/www.facebook.com\/credimex.alpnach\/\" \/>\n<meta property=\"og:image\" content=\"https:\/\/www.credimex.ch\/wp-content\/uploads\/2022\/05\/JAX-Magna-Plate-78.png\" \/>\n\t<meta property=\"og:image:width\" content=\"800\" \/>\n\t<meta property=\"og:image:height\" content=\"800\" \/>\n\t<meta property=\"og:image:type\" content=\"image\/png\" \/>\n<meta name=\"twitter:card\" content=\"summary_large_image\" \/>\n<meta name=\"twitter:label1\" content=\"Dur\u00e9e de lecture estim\u00e9e\" \/>\n\t<meta name=\"twitter:data1\" content=\"1 minute\" \/>\n<script type=\"application\/ld+json\" class=\"yoast-schema-graph\">{\"@context\":\"https:\\\/\\\/schema.org\",\"@graph\":[{\"@type\":\"WebPage\",\"@id\":\"https:\\\/\\\/www.credimex.ch\\\/fr\\\/produit\\\/jax-magna-plate-78-2\\\/\",\"url\":\"https:\\\/\\\/www.credimex.ch\\\/fr\\\/produit\\\/jax-magna-plate-78-2\\\/\",\"name\":\"Jax Magna-Plate 78 - CREDIMEX\",\"isPartOf\":{\"@id\":\"https:\\\/\\\/www.credimex.ch\\\/fr\\\/#website\"},\"primaryImageOfPage\":{\"@id\":\"https:\\\/\\\/www.credimex.ch\\\/fr\\\/produit\\\/jax-magna-plate-78-2\\\/#primaryimage\"},\"image\":{\"@id\":\"https:\\\/\\\/www.credimex.ch\\\/fr\\\/produit\\\/jax-magna-plate-78-2\\\/#primaryimage\"},\"thumbnailUrl\":\"https:\\\/\\\/www.credimex.ch\\\/wp-content\\\/uploads\\\/2022\\\/05\\\/JAX-Magna-Plate-78.png\",\"datePublished\":\"2022-05-17T10:09:27+00:00\",\"breadcrumb\":{\"@id\":\"https:\\\/\\\/www.credimex.ch\\\/fr\\\/produit\\\/jax-magna-plate-78-2\\\/#breadcrumb\"},\"inLanguage\":\"fr-FR\",\"potentialAction\":[{\"@type\":\"ReadAction\",\"target\":[\"https:\\\/\\\/www.credimex.ch\\\/fr\\\/produit\\\/jax-magna-plate-78-2\\\/\"]}]},{\"@type\":\"ImageObject\",\"inLanguage\":\"fr-FR\",\"@id\":\"https:\\\/\\\/www.credimex.ch\\\/fr\\\/produit\\\/jax-magna-plate-78-2\\\/#primaryimage\",\"url\":\"https:\\\/\\\/www.credimex.ch\\\/wp-content\\\/uploads\\\/2022\\\/05\\\/JAX-Magna-Plate-78.png\",\"contentUrl\":\"https:\\\/\\\/www.credimex.ch\\\/wp-content\\\/uploads\\\/2022\\\/05\\\/JAX-Magna-Plate-78.png\",\"width\":800,\"height\":800},{\"@type\":\"BreadcrumbList\",\"@id\":\"https:\\\/\\\/www.credimex.ch\\\/fr\\\/produit\\\/jax-magna-plate-78-2\\\/#breadcrumb\",\"itemListElement\":[{\"@type\":\"ListItem\",\"position\":1,\"name\":\"Home\",\"item\":\"https:\\\/\\\/www.credimex.ch\\\/fr\\\/\"},{\"@type\":\"ListItem\",\"position\":2,\"name\":\"Produits\",\"item\":\"https:\\\/\\\/www.credimex.ch\\\/fr\\\/produits\\\/\"},{\"@type\":\"ListItem\",\"position\":3,\"name\":\"Jax Magna-Plate 78\"}]},{\"@type\":\"WebSite\",\"@id\":\"https:\\\/\\\/www.credimex.ch\\\/fr\\\/#website\",\"url\":\"https:\\\/\\\/www.credimex.ch\\\/fr\\\/\",\"name\":\"CREDIMEX\",\"description\":\"Partner of Swiss Industrial Market\",\"publisher\":{\"@id\":\"https:\\\/\\\/www.credimex.ch\\\/fr\\\/#organization\"},\"potentialAction\":[{\"@type\":\"SearchAction\",\"target\":{\"@type\":\"EntryPoint\",\"urlTemplate\":\"https:\\\/\\\/www.credimex.ch\\\/fr\\\/?s={search_term_string}\"},\"query-input\":{\"@type\":\"PropertyValueSpecification\",\"valueRequired\":true,\"valueName\":\"search_term_string\"}}],\"inLanguage\":\"fr-FR\"},{\"@type\":\"Organization\",\"@id\":\"https:\\\/\\\/www.credimex.ch\\\/fr\\\/#organization\",\"name\":\"credimex\",\"url\":\"https:\\\/\\\/www.credimex.ch\\\/fr\\\/\",\"logo\":{\"@type\":\"ImageObject\",\"inLanguage\":\"fr-FR\",\"@id\":\"https:\\\/\\\/www.credimex.ch\\\/fr\\\/#\\\/schema\\\/logo\\\/image\\\/\",\"url\":\"https:\\\/\\\/www.credimex.ch\\\/wp-content\\\/uploads\\\/2022\\\/03\\\/cropped-logo-credimex.png\",\"contentUrl\":\"https:\\\/\\\/www.credimex.ch\\\/wp-content\\\/uploads\\\/2022\\\/03\\\/cropped-logo-credimex.png\",\"width\":512,\"height\":512,\"caption\":\"credimex\"},\"image\":{\"@id\":\"https:\\\/\\\/www.credimex.ch\\\/fr\\\/#\\\/schema\\\/logo\\\/image\\\/\"},\"sameAs\":[\"https:\\\/\\\/www.facebook.com\\\/credimex.alpnach\\\/\",\"https:\\\/\\\/www.linkedin.com\\\/company\\\/credimex\\\/\",\"https:\\\/\\\/www.youtube.com\\\/@CREDIMEX?sub_confirmation=1\"]}]}<\/script>\n<!-- \/ Yoast SEO Premium plugin. -->","yoast_head_json":{"title":"Jax Magna-Plate 78 - CREDIMEX","robots":{"index":"index","follow":"follow","max-snippet":"max-snippet:-1","max-image-preview":"max-image-preview:large","max-video-preview":"max-video-preview:-1"},"canonical":"https:\/\/www.credimex.ch\/fr\/produit\/jax-magna-plate-78-2\/","og_locale":"fr_FR","og_type":"article","og_title":"Jax Magna-Plate 78","og_description":"JAX Magna-Plate 78 est une huile pour machines alimentaires en a\u00e9rosol homologu\u00e9e NSF H1, dot\u00e9e de propri\u00e9t\u00e9s anti-usure am\u00e9lior\u00e9es, destin\u00e9e \u00e0 \u00eatre utilis\u00e9e dans toutes les applications de l'industrie alimentaire.","og_url":"https:\/\/www.credimex.ch\/fr\/produit\/jax-magna-plate-78-2\/","og_site_name":"CREDIMEX","article_publisher":"https:\/\/www.facebook.com\/credimex.alpnach\/","og_image":[{"width":800,"height":800,"url":"https:\/\/www.credimex.ch\/wp-content\/uploads\/2022\/05\/JAX-Magna-Plate-78.png","type":"image\/png"}],"twitter_card":"summary_large_image","twitter_misc":{"Dur\u00e9e de lecture estim\u00e9e":"1 minute"},"schema":{"@context":"https:\/\/schema.org","@graph":[{"@type":"WebPage","@id":"https:\/\/www.credimex.ch\/fr\/produit\/jax-magna-plate-78-2\/","url":"https:\/\/www.credimex.ch\/fr\/produit\/jax-magna-plate-78-2\/","name":"Jax Magna-Plate 78 - CREDIMEX","isPartOf":{"@id":"https:\/\/www.credimex.ch\/fr\/#website"},"primaryImageOfPage":{"@id":"https:\/\/www.credimex.ch\/fr\/produit\/jax-magna-plate-78-2\/#primaryimage"},"image":{"@id":"https:\/\/www.credimex.ch\/fr\/produit\/jax-magna-plate-78-2\/#primaryimage"},"thumbnailUrl":"https:\/\/www.credimex.ch\/wp-content\/uploads\/2022\/05\/JAX-Magna-Plate-78.png","datePublished":"2022-05-17T10:09:27+00:00","breadcrumb":{"@id":"https:\/\/www.credimex.ch\/fr\/produit\/jax-magna-plate-78-2\/#breadcrumb"},"inLanguage":"fr-FR","potentialAction":[{"@type":"ReadAction","target":["https:\/\/www.credimex.ch\/fr\/produit\/jax-magna-plate-78-2\/"]}]},{"@type":"ImageObject","inLanguage":"fr-FR","@id":"https:\/\/www.credimex.ch\/fr\/produit\/jax-magna-plate-78-2\/#primaryimage","url":"https:\/\/www.credimex.ch\/wp-content\/uploads\/2022\/05\/JAX-Magna-Plate-78.png","contentUrl":"https:\/\/www.credimex.ch\/wp-content\/uploads\/2022\/05\/JAX-Magna-Plate-78.png","width":800,"height":800},{"@type":"BreadcrumbList","@id":"https:\/\/www.credimex.ch\/fr\/produit\/jax-magna-plate-78-2\/#breadcrumb","itemListElement":[{"@type":"ListItem","position":1,"name":"Home","item":"https:\/\/www.credimex.ch\/fr\/"},{"@type":"ListItem","position":2,"name":"Produits","item":"https:\/\/www.credimex.ch\/fr\/produits\/"},{"@type":"ListItem","position":3,"name":"Jax Magna-Plate 78"}]},{"@type":"WebSite","@id":"https:\/\/www.credimex.ch\/fr\/#website","url":"https:\/\/www.credimex.ch\/fr\/","name":"CREDIMEX","description":"Partner of Swiss Industrial Market","publisher":{"@id":"https:\/\/www.credimex.ch\/fr\/#organization"},"potentialAction":[{"@type":"SearchAction","target":{"@type":"EntryPoint","urlTemplate":"https:\/\/www.credimex.ch\/fr\/?s={search_term_string}"},"query-input":{"@type":"PropertyValueSpecification","valueRequired":true,"valueName":"search_term_string"}}],"inLanguage":"fr-FR"},{"@type":"Organization","@id":"https:\/\/www.credimex.ch\/fr\/#organization","name":"credimex","url":"https:\/\/www.credimex.ch\/fr\/","logo":{"@type":"ImageObject","inLanguage":"fr-FR","@id":"https:\/\/www.credimex.ch\/fr\/#\/schema\/logo\/image\/","url":"https:\/\/www.credimex.ch\/wp-content\/uploads\/2022\/03\/cropped-logo-credimex.png","contentUrl":"https:\/\/www.credimex.ch\/wp-content\/uploads\/2022\/03\/cropped-logo-credimex.png","width":512,"height":512,"caption":"credimex"},"image":{"@id":"https:\/\/www.credimex.ch\/fr\/#\/schema\/logo\/image\/"},"sameAs":["https:\/\/www.facebook.com\/credimex.alpnach\/","https:\/\/www.linkedin.com\/company\/credimex\/","https:\/\/www.youtube.com\/@CREDIMEX?sub_confirmation=1"]}]}},"_links":{"self":[{"href":"https:\/\/www.credimex.ch\/fr\/wp-json\/wp\/v2\/product\/4157","targetHints":{"allow":["GET"]}}],"collection":[{"href":"https:\/\/www.credimex.ch\/fr\/wp-json\/wp\/v2\/product"}],"about":[{"href":"https:\/\/www.credimex.ch\/fr\/wp-json\/wp\/v2\/types\/product"}],"replies":[{"embeddable":true,"href":"https:\/\/www.credimex.ch\/fr\/wp-json\/wp\/v2\/comments?post=4157"}],"wp:featuredmedia":[{"embeddable":true,"href":"https:\/\/www.credimex.ch\/fr\/wp-json\/wp\/v2\/media\/2942"}],"wp:attachment":[{"href":"https:\/\/www.credimex.ch\/fr\/wp-json\/wp\/v2\/media?parent=4157"}],"wp:term":[{"taxonomy":"product_brand","embeddable":true,"href":"https:\/\/www.credimex.ch\/fr\/wp-json\/wp\/v2\/product_brand?post=4157"},{"taxonomy":"product_cat","embeddable":true,"href":"https:\/\/www.credimex.ch\/fr\/wp-json\/wp\/v2\/product_cat?post=4157"},{"taxonomy":"product_tag","embeddable":true,"href":"https:\/\/www.credimex.ch\/fr\/wp-json\/wp\/v2\/product_tag?post=4157"}],"curies":[{"name":"wp","href":"https:\/\/api.w.org\/{rel}","templated":true}]}}