{"id":4161,"date":"2022-05-17T11:56:03","date_gmt":"2022-05-17T09:56:03","guid":{"rendered":"https:\/\/www.credimex.ch.mialias.net\/product\/jax-flow-guard-syn-iso-460-fg\/"},"modified":"2022-05-17T11:56:03","modified_gmt":"2022-05-17T09:56:03","slug":"jax-flow-guard-syn-2","status":"publish","type":"product","link":"https:\/\/www.credimex.ch\/fr\/produit\/jax-flow-guard-syn-2\/","title":{"rendered":"Jax Flow-Guard Syn ISO 460 FG"},"content":{"rendered":"<h2>Description<\/h2>\n<p>Les huiles pour engrenages de qualit\u00e9 alimentaire de la s\u00e9rie JAX Flow-Guard Synthetic sont formul\u00e9es \u00e0 partir de fluides de base 100 % PAO et des meilleures technologies d&rsquo;additifs disponibles pour offrir des performances sup\u00e9rieures \u00e0 celles de toutes les huiles lubrifiantes de qualit\u00e9 alimentaire concurrentes. Ces fluides servent non seulement de support pour le transfert d&rsquo;\u00e9nergie, mais aussi de lubrifiant, de produit d&rsquo;\u00e9tanch\u00e9it\u00e9 et de fluide de transfert de chaleur pour les composants. En tant qu&rsquo;huiles pour engrenages, elles doivent \u00e9galement maximiser la puissance et l&rsquo;efficacit\u00e9 en minimisant l&rsquo;usure des composants et les \u00ab\u00a0temps d&rsquo;arr\u00eat\u00a0\u00bb du syst\u00e8me. Les caract\u00e9ristiques de performance essentielles comprennent un effet d&rsquo;\u00e9tanch\u00e9it\u00e9 am\u00e9lior\u00e9, une r\u00e9duction de la friction d&rsquo;adh\u00e9sion et de d\u00e9marrage, une r\u00e9duction de l&rsquo;usure op\u00e9rationnelle et une g\u00e9n\u00e9ration minimale de boues ou de d\u00e9p\u00f4ts. En plus des performances exceptionnelles de l&rsquo;huile pour engrenages, ces produits r\u00e9pondent \u00e0 de nombreuses autres exigences de lubrification dans les environnements de transformation des aliments. Les fluides synth\u00e9tiques JAX Flow-Guard contiennent une combinaison efficace d&rsquo;agents anti-usure, d&rsquo;inhibiteurs de rouille et de modificateurs d&rsquo;indice de viscosit\u00e9 polym\u00e9riques qui offrent des avantages exceptionnels en mati\u00e8re d&rsquo;usure \u00e0 long terme par rapport \u00e0 d&rsquo;autres huiles de qualit\u00e9 alimentaire, tandis que leur solide chimie antioxydante assure un fonctionnement sans d\u00e9p\u00f4t. Les fluides synth\u00e9tiques JAX Flow-Guard r\u00e9pondent aux exigences de la norme 21 CFR 178.3570 (lubrifiants ayant un contact accidentel avec les aliments).<\/p>\n<h2>Avantages du produit<\/h2>\n<p>Excellente performance \u00e0 haute et \u00e0 basse temp\u00e9rature &#8211; Les fluides synth\u00e9tiques Flow-Guard de JAX peuvent \u00eatre utilis\u00e9s \u00e0 des temp\u00e9ratures ambiantes extr\u00eamement basses, tout en conservant un corps suffisant pour fonctionner \u00e0 des temp\u00e9ratures \u00e9lev\u00e9es. Ces fluides passent avec succ\u00e8s les tests de performance anti-usure standard de l&rsquo;industrie \u00e0 des niveaux qui \u00e9taient auparavant rel\u00e9gu\u00e9s aux huiles pour engrenages non alimentaires de haute performance. Cela peut faciliter la conversion de vos huiles pour engrenages \u00e0 l&rsquo;int\u00e9grit\u00e9 alimentaire USDA\/NSF H1. En rempla\u00e7ant votre huile pour engrenages de qualit\u00e9 alimentaire moins performante par des fluides synth\u00e9tiques JAX Flow-Guard, vous prolongerez la dur\u00e9e de vie et les intervalles de lubrification de votre \u00e9quipement co\u00fbteux.<\/p>\n<p>Protection contre l&rsquo;usure &#8211; Les fluides synth\u00e9tiques Flow-Guard de JAX ont \u00e9t\u00e9 sp\u00e9cialement formul\u00e9s pour offrir une meilleure protection contre l&rsquo;usure. Des \u00e9tudes ont montr\u00e9 que les additifs chimiques contenus dans les fluides synth\u00e9tiques JAX Flow-Guard r\u00e9duisent l&rsquo;usure jusqu&rsquo;\u00e0 95 % par rapport aux huiles pour engrenages R&amp;O classiques, ce qui augmente consid\u00e9rablement la dur\u00e9e de vie des pompes.<\/p>\n<p>Intervalle de vidange plus long &#8211; Les fluides synth\u00e9tiques de la s\u00e9rie Flow-Guard de JAX surpassent les fluides conventionnels en ce qui a trait aux aspects suivants<br \/>\nstabilit\u00e9 thermique et oxydative, comme le d\u00e9montre l&rsquo;essai d&rsquo;oxydation en cuve sous pression rotative (ASTM D 2272). Cette performance am\u00e9lior\u00e9e se traduit par des intervalles de vidange plus longs et un fonctionnement sans probl\u00e8me.<\/p>\n<p>S\u00e9paration de l&rsquo;eau et entra\u00eenement de l&rsquo;air &#8211; Les fluides synth\u00e9tiques Flow Guard deAX se s\u00e9parent facilement de l&rsquo;eau et de l&rsquo;air, \u00e9liminant les \u00e9mulsions qui emp\u00eachent l&rsquo;huile de lubrifier et minimisant l&rsquo;\u00e9vanouissement hydraulique pour assurer une efficacit\u00e9 maximale. La s\u00e9paration rapide de l&rsquo;eau assure un drainage facile du carter, ce qui r\u00e9duit le risque de rouille et de corrosion des composants du syst\u00e8me.<\/p>\n<ul>\n<li>Performance sup\u00e9rieure \u00e0 basse temp\u00e9rature des fluides de base PAO<\/li>\n<li>R\u00e9siste \u00e0 la formation de mousse, de boue, de vernis et d&rsquo;acides corrosifs.<\/li>\n<li>Stabilit\u00e9 sup\u00e9rieure \u00e0 la rouille et \u00e0 l&rsquo;oxydation pour une longue dur\u00e9e de vie sans probl\u00e8me.<\/li>\n<li>Hydrolytiquement stable et se s\u00e9parant facilement de l&rsquo;eau<\/li>\n<li>Recommand\u00e9 pour les pompes \u00e0 engrenages et \u00e0 palettes<\/li>\n<li>Excellentes performances en mati\u00e8re de R&amp;R, d&rsquo;engrenages et de roulements.<\/li>\n<li>Enregistr\u00e9 USDA\/NSF H1<\/li>\n<li>Certifi\u00e9 casher et parve<\/li>\n<\/ul>\n<h2>Application<\/h2>\n<p>Les fluides de qualit\u00e9 alimentaire JAX Flow-Guard Synthetic Series sont formul\u00e9s pour \u00eatre utilis\u00e9s dans les machines industrielles hydrauliques, \u00e0 engrenages et autres machines lubrifi\u00e9es remplissant diverses fonctions critiques. Les applications comprennent les bo\u00eetes d&rsquo;engrenages, les lubrificateurs de cha\u00eenes par brumisation ou pulv\u00e9risation, les galets de came, les vannes \u00e0 glissi\u00e8re, les syst\u00e8mes de lubrification par \u00e9gouttement, les compresseurs d&rsquo;air, les paliers \u00e0 huile, ou partout o\u00f9 un lubrifiant homologu\u00e9 NSF H1 doit \u00eatre utilis\u00e9.<\/p>\n","protected":false},"excerpt":{"rendered":"<p><strong>Jax Flow-Guard Syn ISO 460 FG<\/strong> est un fluide de qualit\u00e9 alimentaire compos\u00e9 de fluides de base 100 % PAO et des meilleures technologies d&rsquo;additifs disponibles pour offrir des performances sup\u00e9rieures \u00e0 celles de toute huile lubrifiante de qualit\u00e9 alimentaire concurrente.<\/p>\n","protected":false},"featured_media":2938,"comment_status":"open","ping_status":"closed","template":"","meta":{"_acf_changed":false},"product_brand":[],"product_cat":[343,361,638,363,342],"product_tag":[],"class_list":{"0":"post-4161","1":"product","2":"type-product","3":"status-publish","4":"has-post-thumbnail","6":"product_cat-huile","7":"product_cat-industrie-alimentaire","8":"product_cat-jax","9":"product_cat-lubrifiants-de-qualite-alimentaire","10":"product_cat-lubrifiants-industriels","11":"pa_brands-jax-fr","13":"first","14":"instock","15":"shipping-taxable","16":"product-type-simple"},"acf":[],"_yoast_wpseo_focuskw":"Jax Flow-Guard Syn ISO 460 FG","_yoast_wpseo_metadesc":"Jax Flow-Guard Syn ISO 460 FG est un fluide de qualit\u00e9 alimentaire compos\u00e9 de fluides de base 100 % PAO et des meilleures technologies d'additifs disponibles pour offrir des performances sup\u00e9rieures \u00e0 celles de toute huile lubrifiante de qualit\u00e9 alimentaire concurrente.","yoast_head":"<!-- This site is optimized with the Yoast SEO Premium plugin v21.6 (Yoast SEO v27.4) - https:\/\/yoast.com\/product\/yoast-seo-premium-wordpress\/ -->\n<title>Jax Flow-Guard Syn ISO 460 FG - CREDIMEX<\/title>\n<meta name=\"description\" content=\"Jax Flow-Guard Syn ISO 460 FG est un fluide de qualit\u00e9 alimentaire compos\u00e9 de fluides de base 100 % PAO et des meilleures technologies d&#039;additifs disponibles pour offrir des performances sup\u00e9rieures \u00e0 celles de toute huile lubrifiante de qualit\u00e9 alimentaire concurrente.\" \/>\n<meta name=\"robots\" content=\"index, follow, max-snippet:-1, max-image-preview:large, max-video-preview:-1\" \/>\n<link rel=\"canonical\" href=\"https:\/\/www.credimex.ch\/fr\/produit\/jax-flow-guard-syn-2\/\" \/>\n<meta property=\"og:locale\" content=\"fr_FR\" \/>\n<meta property=\"og:type\" content=\"article\" \/>\n<meta property=\"og:title\" content=\"Jax Flow-Guard Syn ISO 460 FG\" \/>\n<meta property=\"og:description\" content=\"Jax Flow-Guard Syn ISO 460 FG est un fluide de qualit\u00e9 alimentaire compos\u00e9 de fluides de base 100 % PAO et des meilleures technologies d&#039;additifs disponibles pour offrir des performances sup\u00e9rieures \u00e0 celles de toute huile lubrifiante de qualit\u00e9 alimentaire concurrente.\" \/>\n<meta property=\"og:url\" content=\"https:\/\/www.credimex.ch\/fr\/produit\/jax-flow-guard-syn-2\/\" \/>\n<meta property=\"og:site_name\" content=\"CREDIMEX\" \/>\n<meta property=\"article:publisher\" content=\"https:\/\/www.facebook.com\/credimex.alpnach\/\" \/>\n<meta property=\"og:image\" content=\"https:\/\/www.credimex.ch\/wp-content\/uploads\/2022\/05\/Jax-Flow-Guard-Syn-ISO-460-FG.png\" \/>\n\t<meta property=\"og:image:width\" content=\"800\" \/>\n\t<meta property=\"og:image:height\" content=\"800\" \/>\n\t<meta property=\"og:image:type\" content=\"image\/png\" \/>\n<meta name=\"twitter:card\" content=\"summary_large_image\" \/>\n<meta name=\"twitter:label1\" content=\"Dur\u00e9e de lecture estim\u00e9e\" \/>\n\t<meta name=\"twitter:data1\" content=\"4 minutes\" \/>\n<script type=\"application\/ld+json\" class=\"yoast-schema-graph\">{\"@context\":\"https:\\\/\\\/schema.org\",\"@graph\":[{\"@type\":\"WebPage\",\"@id\":\"https:\\\/\\\/www.credimex.ch\\\/fr\\\/produit\\\/jax-flow-guard-syn-2\\\/\",\"url\":\"https:\\\/\\\/www.credimex.ch\\\/fr\\\/produit\\\/jax-flow-guard-syn-2\\\/\",\"name\":\"Jax Flow-Guard Syn ISO 460 FG - CREDIMEX\",\"isPartOf\":{\"@id\":\"https:\\\/\\\/www.credimex.ch\\\/fr\\\/#website\"},\"primaryImageOfPage\":{\"@id\":\"https:\\\/\\\/www.credimex.ch\\\/fr\\\/produit\\\/jax-flow-guard-syn-2\\\/#primaryimage\"},\"image\":{\"@id\":\"https:\\\/\\\/www.credimex.ch\\\/fr\\\/produit\\\/jax-flow-guard-syn-2\\\/#primaryimage\"},\"thumbnailUrl\":\"https:\\\/\\\/www.credimex.ch\\\/wp-content\\\/uploads\\\/2022\\\/05\\\/Jax-Flow-Guard-Syn-ISO-460-FG.png\",\"datePublished\":\"2022-05-17T09:56:03+00:00\",\"description\":\"Jax Flow-Guard Syn ISO 460 FG est un fluide de qualit\u00e9 alimentaire compos\u00e9 de fluides de base 100 % PAO et des meilleures technologies d'additifs disponibles pour offrir des performances sup\u00e9rieures \u00e0 celles de toute huile lubrifiante de qualit\u00e9 alimentaire concurrente.\",\"breadcrumb\":{\"@id\":\"https:\\\/\\\/www.credimex.ch\\\/fr\\\/produit\\\/jax-flow-guard-syn-2\\\/#breadcrumb\"},\"inLanguage\":\"fr-FR\",\"potentialAction\":[{\"@type\":\"ReadAction\",\"target\":[\"https:\\\/\\\/www.credimex.ch\\\/fr\\\/produit\\\/jax-flow-guard-syn-2\\\/\"]}]},{\"@type\":\"ImageObject\",\"inLanguage\":\"fr-FR\",\"@id\":\"https:\\\/\\\/www.credimex.ch\\\/fr\\\/produit\\\/jax-flow-guard-syn-2\\\/#primaryimage\",\"url\":\"https:\\\/\\\/www.credimex.ch\\\/wp-content\\\/uploads\\\/2022\\\/05\\\/Jax-Flow-Guard-Syn-ISO-460-FG.png\",\"contentUrl\":\"https:\\\/\\\/www.credimex.ch\\\/wp-content\\\/uploads\\\/2022\\\/05\\\/Jax-Flow-Guard-Syn-ISO-460-FG.png\",\"width\":800,\"height\":800},{\"@type\":\"BreadcrumbList\",\"@id\":\"https:\\\/\\\/www.credimex.ch\\\/fr\\\/produit\\\/jax-flow-guard-syn-2\\\/#breadcrumb\",\"itemListElement\":[{\"@type\":\"ListItem\",\"position\":1,\"name\":\"Home\",\"item\":\"https:\\\/\\\/www.credimex.ch\\\/fr\\\/\"},{\"@type\":\"ListItem\",\"position\":2,\"name\":\"Produits\",\"item\":\"https:\\\/\\\/www.credimex.ch\\\/fr\\\/produits\\\/\"},{\"@type\":\"ListItem\",\"position\":3,\"name\":\"Jax Flow-Guard Syn ISO 460 FG\"}]},{\"@type\":\"WebSite\",\"@id\":\"https:\\\/\\\/www.credimex.ch\\\/fr\\\/#website\",\"url\":\"https:\\\/\\\/www.credimex.ch\\\/fr\\\/\",\"name\":\"CREDIMEX\",\"description\":\"Partner of Swiss Industrial Market\",\"publisher\":{\"@id\":\"https:\\\/\\\/www.credimex.ch\\\/fr\\\/#organization\"},\"potentialAction\":[{\"@type\":\"SearchAction\",\"target\":{\"@type\":\"EntryPoint\",\"urlTemplate\":\"https:\\\/\\\/www.credimex.ch\\\/fr\\\/?s={search_term_string}\"},\"query-input\":{\"@type\":\"PropertyValueSpecification\",\"valueRequired\":true,\"valueName\":\"search_term_string\"}}],\"inLanguage\":\"fr-FR\"},{\"@type\":\"Organization\",\"@id\":\"https:\\\/\\\/www.credimex.ch\\\/fr\\\/#organization\",\"name\":\"credimex\",\"url\":\"https:\\\/\\\/www.credimex.ch\\\/fr\\\/\",\"logo\":{\"@type\":\"ImageObject\",\"inLanguage\":\"fr-FR\",\"@id\":\"https:\\\/\\\/www.credimex.ch\\\/fr\\\/#\\\/schema\\\/logo\\\/image\\\/\",\"url\":\"https:\\\/\\\/www.credimex.ch\\\/wp-content\\\/uploads\\\/2022\\\/03\\\/cropped-logo-credimex.png\",\"contentUrl\":\"https:\\\/\\\/www.credimex.ch\\\/wp-content\\\/uploads\\\/2022\\\/03\\\/cropped-logo-credimex.png\",\"width\":512,\"height\":512,\"caption\":\"credimex\"},\"image\":{\"@id\":\"https:\\\/\\\/www.credimex.ch\\\/fr\\\/#\\\/schema\\\/logo\\\/image\\\/\"},\"sameAs\":[\"https:\\\/\\\/www.facebook.com\\\/credimex.alpnach\\\/\",\"https:\\\/\\\/www.linkedin.com\\\/company\\\/credimex\\\/\",\"https:\\\/\\\/www.youtube.com\\\/@CREDIMEX?sub_confirmation=1\"]}]}<\/script>\n<!-- \/ Yoast SEO Premium plugin. -->","yoast_head_json":{"title":"Jax Flow-Guard Syn ISO 460 FG - CREDIMEX","description":"Jax Flow-Guard Syn ISO 460 FG est un fluide de qualit\u00e9 alimentaire compos\u00e9 de fluides de base 100 % PAO et des meilleures technologies d'additifs disponibles pour offrir des performances sup\u00e9rieures \u00e0 celles de toute huile lubrifiante de qualit\u00e9 alimentaire concurrente.","robots":{"index":"index","follow":"follow","max-snippet":"max-snippet:-1","max-image-preview":"max-image-preview:large","max-video-preview":"max-video-preview:-1"},"canonical":"https:\/\/www.credimex.ch\/fr\/produit\/jax-flow-guard-syn-2\/","og_locale":"fr_FR","og_type":"article","og_title":"Jax Flow-Guard Syn ISO 460 FG","og_description":"Jax Flow-Guard Syn ISO 460 FG est un fluide de qualit\u00e9 alimentaire compos\u00e9 de fluides de base 100 % PAO et des meilleures technologies d'additifs disponibles pour offrir des performances sup\u00e9rieures \u00e0 celles de toute huile lubrifiante de qualit\u00e9 alimentaire concurrente.","og_url":"https:\/\/www.credimex.ch\/fr\/produit\/jax-flow-guard-syn-2\/","og_site_name":"CREDIMEX","article_publisher":"https:\/\/www.facebook.com\/credimex.alpnach\/","og_image":[{"width":800,"height":800,"url":"https:\/\/www.credimex.ch\/wp-content\/uploads\/2022\/05\/Jax-Flow-Guard-Syn-ISO-460-FG.png","type":"image\/png"}],"twitter_card":"summary_large_image","twitter_misc":{"Dur\u00e9e de lecture estim\u00e9e":"4 minutes"},"schema":{"@context":"https:\/\/schema.org","@graph":[{"@type":"WebPage","@id":"https:\/\/www.credimex.ch\/fr\/produit\/jax-flow-guard-syn-2\/","url":"https:\/\/www.credimex.ch\/fr\/produit\/jax-flow-guard-syn-2\/","name":"Jax Flow-Guard Syn ISO 460 FG - CREDIMEX","isPartOf":{"@id":"https:\/\/www.credimex.ch\/fr\/#website"},"primaryImageOfPage":{"@id":"https:\/\/www.credimex.ch\/fr\/produit\/jax-flow-guard-syn-2\/#primaryimage"},"image":{"@id":"https:\/\/www.credimex.ch\/fr\/produit\/jax-flow-guard-syn-2\/#primaryimage"},"thumbnailUrl":"https:\/\/www.credimex.ch\/wp-content\/uploads\/2022\/05\/Jax-Flow-Guard-Syn-ISO-460-FG.png","datePublished":"2022-05-17T09:56:03+00:00","description":"Jax Flow-Guard Syn ISO 460 FG est un fluide de qualit\u00e9 alimentaire compos\u00e9 de fluides de base 100 % PAO et des meilleures technologies d'additifs disponibles pour offrir des performances sup\u00e9rieures \u00e0 celles de toute huile lubrifiante de qualit\u00e9 alimentaire concurrente.","breadcrumb":{"@id":"https:\/\/www.credimex.ch\/fr\/produit\/jax-flow-guard-syn-2\/#breadcrumb"},"inLanguage":"fr-FR","potentialAction":[{"@type":"ReadAction","target":["https:\/\/www.credimex.ch\/fr\/produit\/jax-flow-guard-syn-2\/"]}]},{"@type":"ImageObject","inLanguage":"fr-FR","@id":"https:\/\/www.credimex.ch\/fr\/produit\/jax-flow-guard-syn-2\/#primaryimage","url":"https:\/\/www.credimex.ch\/wp-content\/uploads\/2022\/05\/Jax-Flow-Guard-Syn-ISO-460-FG.png","contentUrl":"https:\/\/www.credimex.ch\/wp-content\/uploads\/2022\/05\/Jax-Flow-Guard-Syn-ISO-460-FG.png","width":800,"height":800},{"@type":"BreadcrumbList","@id":"https:\/\/www.credimex.ch\/fr\/produit\/jax-flow-guard-syn-2\/#breadcrumb","itemListElement":[{"@type":"ListItem","position":1,"name":"Home","item":"https:\/\/www.credimex.ch\/fr\/"},{"@type":"ListItem","position":2,"name":"Produits","item":"https:\/\/www.credimex.ch\/fr\/produits\/"},{"@type":"ListItem","position":3,"name":"Jax Flow-Guard Syn ISO 460 FG"}]},{"@type":"WebSite","@id":"https:\/\/www.credimex.ch\/fr\/#website","url":"https:\/\/www.credimex.ch\/fr\/","name":"CREDIMEX","description":"Partner of Swiss Industrial Market","publisher":{"@id":"https:\/\/www.credimex.ch\/fr\/#organization"},"potentialAction":[{"@type":"SearchAction","target":{"@type":"EntryPoint","urlTemplate":"https:\/\/www.credimex.ch\/fr\/?s={search_term_string}"},"query-input":{"@type":"PropertyValueSpecification","valueRequired":true,"valueName":"search_term_string"}}],"inLanguage":"fr-FR"},{"@type":"Organization","@id":"https:\/\/www.credimex.ch\/fr\/#organization","name":"credimex","url":"https:\/\/www.credimex.ch\/fr\/","logo":{"@type":"ImageObject","inLanguage":"fr-FR","@id":"https:\/\/www.credimex.ch\/fr\/#\/schema\/logo\/image\/","url":"https:\/\/www.credimex.ch\/wp-content\/uploads\/2022\/03\/cropped-logo-credimex.png","contentUrl":"https:\/\/www.credimex.ch\/wp-content\/uploads\/2022\/03\/cropped-logo-credimex.png","width":512,"height":512,"caption":"credimex"},"image":{"@id":"https:\/\/www.credimex.ch\/fr\/#\/schema\/logo\/image\/"},"sameAs":["https:\/\/www.facebook.com\/credimex.alpnach\/","https:\/\/www.linkedin.com\/company\/credimex\/","https:\/\/www.youtube.com\/@CREDIMEX?sub_confirmation=1"]}]}},"_links":{"self":[{"href":"https:\/\/www.credimex.ch\/fr\/wp-json\/wp\/v2\/product\/4161","targetHints":{"allow":["GET"]}}],"collection":[{"href":"https:\/\/www.credimex.ch\/fr\/wp-json\/wp\/v2\/product"}],"about":[{"href":"https:\/\/www.credimex.ch\/fr\/wp-json\/wp\/v2\/types\/product"}],"replies":[{"embeddable":true,"href":"https:\/\/www.credimex.ch\/fr\/wp-json\/wp\/v2\/comments?post=4161"}],"wp:featuredmedia":[{"embeddable":true,"href":"https:\/\/www.credimex.ch\/fr\/wp-json\/wp\/v2\/media\/2938"}],"wp:attachment":[{"href":"https:\/\/www.credimex.ch\/fr\/wp-json\/wp\/v2\/media?parent=4161"}],"wp:term":[{"taxonomy":"product_brand","embeddable":true,"href":"https:\/\/www.credimex.ch\/fr\/wp-json\/wp\/v2\/product_brand?post=4161"},{"taxonomy":"product_cat","embeddable":true,"href":"https:\/\/www.credimex.ch\/fr\/wp-json\/wp\/v2\/product_cat?post=4161"},{"taxonomy":"product_tag","embeddable":true,"href":"https:\/\/www.credimex.ch\/fr\/wp-json\/wp\/v2\/product_tag?post=4161"}],"curies":[{"name":"wp","href":"https:\/\/api.w.org\/{rel}","templated":true}]}}